{"id":30629,"date":"2024-03-14T18:45:48","date_gmt":"2024-03-14T22:45:48","guid":{"rendered":"https:\/\/www.belleflamme.ca\/?post_type=product&#038;p=30629"},"modified":"2024-09-10T11:16:36","modified_gmt":"2024-09-10T15:16:36","slug":"foyer-au-bois-lineaire-50-de-foyers-renaissance","status":"publish","type":"product","link":"https:\/\/staging.belleflamme.ca\/fr\/produit\/foyer-au-bois-lineaire-50-de-foyers-renaissance\/","title":{"rendered":"Foyer au bois LIN\u00c9AIRE 50 de Foyers Renaissance"},"content":{"rendered":"\t\t<div data-elementor-type=\"product-post\" data-elementor-id=\"30629\" class=\"elementor elementor-30629\" data-elementor-post-type=\"product\">\n\t\t\t\t\t\t<section class=\"elementor-section elementor-top-section elementor-element elementor-element-1a2291ad elementor-section-boxed elementor-section-height-default elementor-section-height-default\" data-id=\"1a2291ad\" data-element_type=\"section\">\n\t\t\t\t\t\t<div class=\"elementor-container elementor-column-gap-default\">\n\t\t\t\t\t<div class=\"elementor-column elementor-col-100 elementor-top-column elementor-element elementor-element-6a329c01\" data-id=\"6a329c01\" data-element_type=\"column\">\n\t\t\t<div class=\"elementor-widget-wrap elementor-element-populated\">\n\t\t\t\t\t\t<div class=\"elementor-element elementor-element-2629afc9 elementor-widget elementor-widget-text-editor\" data-id=\"2629afc9\" data-element_type=\"widget\" data-widget_type=\"text-editor.default\">\n\t\t\t\t<div class=\"elementor-widget-container\">\n\t\t\t\t\t\t\t\t\t<iframe title=\"YouTube video player\" src=\"https:\/\/www.youtube.com\/embed\/WkY62w0IG44?si=vJcsSkgq35SJRN-0\" width=\"560\" height=\"315\" frameborder=\"0\" allowfullscreen=\"allowfullscreen\"><\/iframe>\r\nFoyers Renaissance d\u00e9sire vous faire d\u00e9couvrir le chauffage au bois \u00e0 l\u2019aide d\u2019une d\u00e9marche innovante et passionnante qui vise \u00e0 pr\u00e9server la nostalgie qui s\u2019\u00e9veille au son des cr\u00e9pitements d\u2019un feu. Le feu mur \u00e0 mur du RL50 constitue une exp\u00e9rience hors pair.\r\n<h3>DU VERRE PROPRE POUR Y VOIR CLAIR<\/h3>\r\nLe noircissement du verre d\u2019un foyer au bois est in\u00e9vitable surtout s\u2019il est utilis\u00e9 r\u00e9guli\u00e8rement, mais le RL50 est dot\u00e9 d\u2019un syst\u00e8me de nettoyage \u00e0 l\u2019air pour y rem\u00e9dier. Peu importe le nombre de feux que vous allumerez, vous jouirez constamment d\u2019une vue sur les flammes.\r\n<h3>SYST\u00c8ME DE REDISTRIBUTION DE CHALEUR<\/h3>\r\nLe Lin\u00e9aire 50 n\u2019est pas con\u00e7u pour \u00eatre utilis\u00e9 comme source de chaleur, mais comprend un syst\u00e8me de redistribution de chaleur qui aide \u00e0 couper le froid. Vous pouvez choisir de chauffer la pi\u00e8ce o\u00f9 se situe le foyer ou de faire circuler la chaleur ailleurs.\r\n<h3>UNE BO\u00ceTE \u00c0 FEU PERFECTIONN\u00c9E<\/h3>\r\nLa bo\u00eete \u00e0 feu du RL50 est con\u00e7ue pour optimiser un feu d\u2019une grande \u00e9tendue horizontale. Sa base est fabriqu\u00e9e de fa\u00e7on \u00e0 permettre l\u2019air de circuler tout autour du bois, peu importe sa disposition. Un feu d\u2019une beaut\u00e9 incomparable \u00e0 chaque allumage.\r\n<h3>POUR UNE MAISON \u00c9TANCHE \u00c0 L\u2019AIR<\/h3>\r\nQue votre maison soit bien chauff\u00e9e est important\u2009; pr\u00e9venir les pertes de chaleur l\u2019est tout autant. L\u2019\u00e9tanch\u00e9it\u00e9 des portes des foyers Renaissance pr\u00e9vient l\u2019\u00e9chappement de l\u2019air chaud par la chemin\u00e9e tandis que le registre de chemin\u00e9e offert en option vous permet de sceller compl\u00e8tement le haut de celle-ci. Id\u00e9al pour les maisons passives.\r\n<h3>STYLE CONTEMPORAIN<\/h3>\r\nGr\u00e2ce \u00e0 sa surface d\u2019observation en verre d\u2019une largeur de 46 po et d\u2019une hauteur de seulement 15,5 po, le RL50 se pr\u00e9sente comme un foyer chic et moderne. La porte et le pare-\u00e9tincelles s\u2019\u00e9l\u00e8vent ais\u00e9ment et se dissimulent lorsqu\u2019ils ne sont pas en usage\r\n<div class=\"elementor-element elementor-element-ccc95d6 elementor-widget elementor-widget-text-editor\" data-id=\"ccc95d6\" data-element_type=\"widget\" data-widget_type=\"text-editor.default\">\r\n<div class=\"elementor-widget-container\">\r\n\r\n<strong>Remarque: Le manuel d\u2019installation doit toujours \u00eatre utilis\u00e9 pour une planification pr\u00e9cise et une installation minutieuse de votre foyer.<\/strong>\r\n\r\n<\/div>\r\n<\/div>\r\n<div class=\"elementor-element elementor-element-2fa2ee40 elementor-widget elementor-widget-text-editor\" data-id=\"2fa2ee40\" data-element_type=\"widget\" data-widget_type=\"text-editor.default\">\r\n<div class=\"elementor-widget-container\">\r\n<table>\r\n<tbody>\r\n<tr>\r\n<th colspan=\"2\">SP\u00c9CIFICATIONS G\u00c9N\u00c9RALES<\/th>\r\n<\/tr>\r\n<tr>\r\n<td><strong>Dimensions externes<\/strong><\/td>\r\n<td>70 3\/8\u2033L x 66 3\/8\u2033H x 28 3\/4\u2033P<\/td>\r\n<\/tr>\r\n<tr>\r\n<td><strong>Poids \u00e0 l\u2019exp\u00e9dition<\/strong><\/td>\r\n<td>1,131 lb<\/td>\r\n<\/tr>\r\n<tr>\r\n<td><strong>Dimensions de la caisse d\u2019exp\u00e9dition<\/strong><\/td>\r\n<td>70 1\/4\u2033L x 69 1\/2\u2033H x 32 1\/2\u2033P<\/td>\r\n<\/tr>\r\n<tr>\r\n<td><strong>Dimensions de l\u2019ouverture de la porte<\/strong><\/td>\r\n<td>50 7\/16\u2033L x 19 7\/8\u2033H<\/td>\r\n<\/tr>\r\n<tr>\r\n<td><strong>Dimensions de la vitre<\/strong><\/td>\r\n<td>45 7\/8\u2033L x 15 3\/8\u2033H<\/td>\r\n<\/tr>\r\n<tr>\r\n<td><strong>Dimensions de la bo\u00eete \u00e0 feu<\/strong><\/td>\r\n<td>44 1\/2\u2033L x 14\u2033P<\/td>\r\n<\/tr>\r\n<tr>\r\n<td><strong>Dimension de la chemin\u00e9e<\/strong><\/td>\r\n<td>10\u2033 RIS<\/td>\r\n<\/tr>\r\n<tr>\r\n<td>\u00c9<strong>missions<\/strong><\/td>\r\n<td>Le foyer Lin\u00e9are 50 \u00a0peut \u00eatre vendu au Canada et aux Etats-Unis car il n\u2019est pas r\u00e9glement\u00e9 selon la d\u00e9finition de \u00ab foyer (fireplace) \u00bb qui se retrouve dans la sous-partie AAA de la r\u00e9glementation EPA 2015 Standards of Performance for New Residential Wood Heaters Vol. 80, n\u00b0 50.<\/td>\r\n<\/tr>\r\n<tr>\r\n<td><strong>Hauteur minimale de la chemin\u00e9e<\/strong><\/td>\r\n<td>12\u2019 (plus avec des coudes)<\/td>\r\n<\/tr>\r\n<tr>\r\n<td><strong>Couleur de la peinture de retouche<\/strong><\/td>\r\n<td>Noir m\u00e9tallique Stove Bright<\/td>\r\n<\/tr>\r\n<tr>\r\n<td><strong>Charge de combustible maximale<\/strong><\/td>\r\n<td>4 \u00e0 5 maximale des b\u00fbches<\/td>\r\n<\/tr>\r\n<tr>\r\n<td><strong>Longueur maximale des b\u00fbches<\/strong><\/td>\r\n<td>24\u201d maximale<\/td>\r\n<\/tr>\r\n<tr>\r\n<td><strong>Provision de b\u00fbche \u00e0 gaz<\/strong><\/td>\r\n<td>OUICes foyers peuvent \u00eatre trou\u00e9s afin de permettre l\u2019installation d\u2019un ensemble pr\u00e9fabriqu\u00e9 de b\u00fbches \u00e0 gaz. Vous ne pouvez pas installer un allume-feu au gaz dans un foyer Renaissance parce que la tr\u00e8s haute temp\u00e9rature de la bo\u00eete \u00e0 feu le fera br\u00fbler rapidement.<\/td>\r\n<\/tr>\r\n<tr>\r\n<td><strong>SRC (Syst\u00e8me de r\u00e9cup\u00e9ration de chaleur)<\/strong><\/td>\r\n<td>Inclus avec le foyer : deux conduits de sortie de 10\u201d de diam\u00e8tre \u2013 5\u2032 de long<\/td>\r\n<\/tr>\r\n<tr>\r\n<td><strong>Grilles SRC<\/strong><\/td>\r\n<td>Deux grilles rectangulaires 13 1\/2\u2033 x 8 3\/8\u2033 d\u2019entr\u00e9e d\u2019air (inclus)\r\nDeux grilles rectangulaires 13 1\/2\u2033 x 6\u2033 de sortie d\u2019air\u00a0 (inclus)<\/td>\r\n<\/tr>\r\n<tr>\r\n<td><strong>Approuv\u00e9 pour maison mobile<\/strong><\/td>\r\n<td>NON<\/td>\r\n<\/tr>\r\n<tr>\r\n<td><strong>N\u00e9cessaire d\u2019air ext\u00e9rieur<\/strong><\/td>\r\n<td>4\u2033, conforme \u00e0 la norme\u00a0 R2000 (FO-INT)Tous les foyers Renaissance sont con\u00e7us pour \u00eatre reli\u00e9s \u00e0 une prise d\u2019air ext\u00e9rieur de quatre pouces et sont livr\u00e9s avec un adaptateur pour conduits de cinq pouces.<\/td>\r\n<\/tr>\r\n<tr>\r\n<td><strong>Prolongement pour SRC<\/strong><\/td>\r\n<td>EO-DUCT = 5\u2019 outlet extension<\/td>\r\n<\/tr>\r\n<\/tbody>\r\n<\/table>\r\n<\/div>\r\n<\/div>\t\t\t\t\t\t\t\t<\/div>\n\t\t\t\t<\/div>\n\t\t\t\t\t<\/div>\n\t\t<\/div>\n\t\t\t\t\t<\/div>\n\t\t<\/section>\n\t\t\t\t<section class=\"elementor-section elementor-top-section elementor-element elementor-element-600d0fb elementor-section-boxed elementor-section-height-default elementor-section-height-default\" data-id=\"600d0fb\" data-element_type=\"section\">\n\t\t\t\t\t\t<div class=\"elementor-container elementor-column-gap-default\">\n\t\t\t\t\t<div class=\"elementor-column elementor-col-100 elementor-top-column elementor-element elementor-element-63ce77f\" data-id=\"63ce77f\" data-element_type=\"column\">\n\t\t\t<div class=\"elementor-widget-wrap elementor-element-populated\">\n\t\t\t\t\t\t<div class=\"elementor-element elementor-element-9eb527f elementor-tabs-view-horizontal elementor-widget elementor-widget-tabs\" data-id=\"9eb527f\" data-element_type=\"widget\" data-widget_type=\"tabs.default\">\n\t\t\t\t<div class=\"elementor-widget-container\">\n\t\t\t\t\t\t\t<div class=\"elementor-tabs\">\n\t\t\t<div class=\"elementor-tabs-wrapper\" role=\"tablist\" >\n\t\t\t\t\t\t\t\t\t<div id=\"elementor-tab-title-1661\" class=\"elementor-tab-title elementor-tab-desktop-title\" aria-selected=\"true\" data-tab=\"1\" role=\"tab\" tabindex=\"0\" aria-controls=\"elementor-tab-content-1661\" aria-expanded=\"false\">Fichiers<\/div>\n\t\t\t\t\t\t\t<\/div>\n\t\t\t<div class=\"elementor-tabs-content-wrapper\" role=\"tablist\" aria-orientation=\"vertical\">\n\t\t\t\t\t\t\t\t\t<div class=\"elementor-tab-title elementor-tab-mobile-title\" aria-selected=\"true\" data-tab=\"1\" role=\"tab\" tabindex=\"0\" aria-controls=\"elementor-tab-content-1661\" aria-expanded=\"false\">Fichiers<\/div>\n\t\t\t\t\t<div id=\"elementor-tab-content-1661\" class=\"elementor-tab-content elementor-clearfix\" data-tab=\"1\" role=\"tabpanel\" aria-labelledby=\"elementor-tab-title-1661\" tabindex=\"0\" hidden=\"false\"><i class=\"far fa-file-pdf fa-xl\" style=\"font-size:35px\"><\/i><a href=\"https:\/\/www.belleflamme.ca\/wp-content\/uploads\/2024\/03\/Brochure_Renaissance_2023-2024_FR_WEB.pdf\"> Brochure<\/a><\/br>\n<i class=\"far fa-file-pdf fa-xl\" style=\"font-size:35px\"><\/i><a href=\"https:\/\/www.belleflamme.ca\/wp-content\/uploads\/2024\/03\/EO-LLG-IN_2016-06.pdf\"> Grille lin\u00e9aire longue (Entr\u00e9e d&#8217;air)<\/a><\/br>\n<i class=\"far fa-file-pdf fa-xl\" style=\"font-size:35px\"><\/i><a href=\"https:\/\/www.belleflamme.ca\/wp-content\/uploads\/2024\/03\/EO-LLG-OUT_2016-06.pdf\"> Grille Lin\u00e9aire longue (Sortie d&#8217;air)<\/a><\/br>\n<i class=\"far fa-file-pdf fa-xl\" style=\"font-size:35px\"><\/i><a href=\"https:\/\/www.belleflamme.ca\/wp-content\/uploads\/2024\/03\/RL50-OWFR-2023-03-1.pdf\"> Manuel du propri\u00e9taire<\/a><\/br>\n<i class=\"far fa-file-pdf fa-xl\" style=\"font-size:35px\"><\/i><a href=\"https:\/\/www.belleflamme.ca\/wp-content\/uploads\/2024\/03\/RL50-INFR-2023-03-1.pdf\"> Manuel d&#8217;installation<\/a><\/br>\n<i class=\"far fa-file-pdf fa-xl\" style=\"font-size:35px\"><\/i><a href=\"https:\/\/www.belleflamme.ca\/wp-content\/uploads\/2024\/03\/RL50-BAFFLE-2016-07.pdf\"> Installation du d\u00e9flecteur<\/a><\/br>\n<i class=\"far fa-file-pdf fa-xl\" style=\"font-size:35px\"><\/i><a href=\"https:\/\/www.belleflamme.ca\/wp-content\/uploads\/2024\/03\/EO-SG_2016-06.pdf\"> Grille carr\u00e9e pour plafond 8 pied<\/a><\/br>\n<i class=\"far fa-file-pdf fa-xl\" style=\"font-size:35px\"><\/i><a href=\"https:\/\/www.belleflamme.ca\/wp-content\/uploads\/2024\/03\/EO-SG-checklist_2016-06.pdf\"> Liste de Contr\u00f4le<\/a><\/br>\n<i class=\"far fa-file-pdf fa-xl\" style=\"font-size:35px\"><\/i><a href=\"https:\/\/www.belleflamme.ca\/wp-content\/uploads\/2024\/03\/RL50-EXPLOSE_FR_2022-01.pdf\"> Vue Explos\u00e9e<\/a><\/br><\/div>\n\t\t\t\t\t\t\t<\/div>\n\t\t<\/div>\n\t\t\t\t\t\t<\/div>\n\t\t\t\t<\/div>\n\t\t\t\t\t<\/div>\n\t\t<\/div>\n\t\t\t\t\t<\/div>\n\t\t<\/section>\n\t\t\t\t<\/div>\n\t\t","protected":false},"excerpt":{"rendered":"<p>Foyers Renaissance d\u00e9sire vous faire d\u00e9couvrir le chauffage au bois \u00e0 l\u2019aide d\u2019une d\u00e9marche innovante et passionnante qui vise \u00e0 pr\u00e9server la nostalgie qui s\u2019\u00e9veille au son des cr\u00e9pitements d\u2019un feu. Le feu mur \u00e0 mur du RL50 constitue une exp\u00e9rience hors pair. DU VERRE PROPRE POUR Y VOIR CLAIR Le noircissement du verre d\u2019un [&hellip;]<\/p>\n","protected":false},"featured_media":30631,"template":"","meta":{"inline_featured_image":false},"product_brand":[1239],"product_cat":[33,34,40],"product_tag":[],"class_list":{"0":"post-30629","1":"product","2":"type-product","3":"status-publish","4":"has-post-thumbnail","6":"product_brand-renaissance-fireplace","7":"product_cat-poeles-et-foyers","8":"product_cat-poeles-et-foyers-au-bois","9":"product_cat-foyer-au-bois","11":"first","12":"instock","13":"taxable","14":"shipping-taxable","15":"purchasable","16":"product-type-simple"},"yoast_head":"<!-- This site is optimized with the Yoast SEO Premium plugin v24.2 (Yoast SEO v24.2) - https:\/\/yoast.com\/wordpress\/plugins\/seo\/ -->\n<title>Foyer au bois LIN\u00c9AIRE 50 de Foyers Renaissance - Groupe BelleFlamme<\/title>\n<meta name=\"description\" content=\"Foyer au bois LIN\u00c9AIRE 50 de Foyers Renaissance vendu et install\u00e9 par le Groupe Belleflamme. Laval, Montr\u00e9al, Gatineau et Saint-Sauveur.\" \/>\n<meta name=\"robots\" content=\"index, follow, max-snippet:-1, max-image-preview:large, max-video-preview:-1\" \/>\n<link rel=\"canonical\" href=\"https:\/\/staging.belleflamme.ca\/fr\/produit\/foyer-au-bois-lineaire-50-de-foyers-renaissance\/\" \/>\n<meta property=\"og:locale\" content=\"fr_FR\" \/>\n<meta property=\"og:type\" content=\"article\" \/>\n<meta property=\"og:title\" content=\"Foyer au bois LIN\u00c9AIRE 50 de Foyers Renaissance\" \/>\n<meta property=\"og:description\" content=\"Foyer au bois LIN\u00c9AIRE 50 de Foyers Renaissance vendu et install\u00e9 par le Groupe Belleflamme. Laval, Montr\u00e9al, Gatineau et Saint-Sauveur.\" \/>\n<meta property=\"og:url\" content=\"https:\/\/staging.belleflamme.ca\/fr\/produit\/foyer-au-bois-lineaire-50-de-foyers-renaissance\/\" \/>\n<meta property=\"og:site_name\" content=\"Groupe BelleFlamme\" \/>\n<meta property=\"article:publisher\" content=\"https:\/\/www.facebook.com\/belleflamme.ca\/\" \/>\n<meta property=\"article:modified_time\" content=\"2024-09-10T15:16:36+00:00\" \/>\n<meta property=\"og:image\" content=\"https:\/\/www.belleflamme.ca\/wp-content\/uploads\/2024\/03\/Foyer-au-bois-LINEAIRE-50-de-Foyers-Renaissance.jpeg\" \/>\n\t<meta property=\"og:image:width\" content=\"1024\" \/>\n\t<meta property=\"og:image:height\" content=\"792\" \/>\n\t<meta property=\"og:image:type\" content=\"image\/jpeg\" \/>\n<meta name=\"twitter:card\" content=\"summary_large_image\" \/>\n<meta name=\"twitter:label1\" content=\"Prix\" \/>\n\t<meta name=\"twitter:data1\" content=\"&#036;11,299.00\" \/>\n\t<meta name=\"twitter:label2\" content=\"Disponibilit\u00e9\" \/>\n\t<meta name=\"twitter:data2\" content=\"En stock\" \/>\n<script type=\"application\/ld+json\" class=\"yoast-schema-graph\">{\"@context\":\"https:\/\/schema.org\",\"@graph\":[{\"@type\":[\"WebPage\",\"ItemPage\"],\"@id\":\"https:\/\/staging.belleflamme.ca\/fr\/produit\/foyer-au-bois-lineaire-50-de-foyers-renaissance\/\",\"url\":\"https:\/\/staging.belleflamme.ca\/fr\/produit\/foyer-au-bois-lineaire-50-de-foyers-renaissance\/\",\"name\":\"Foyer au bois LIN\u00c9AIRE 50 de Foyers Renaissance - Groupe BelleFlamme\",\"isPartOf\":{\"@id\":\"https:\/\/www.belleflamme.ca\/fr\/#website\"},\"primaryImageOfPage\":{\"@id\":\"https:\/\/staging.belleflamme.ca\/fr\/produit\/foyer-au-bois-lineaire-50-de-foyers-renaissance\/#primaryimage\"},\"image\":{\"@id\":\"https:\/\/staging.belleflamme.ca\/fr\/produit\/foyer-au-bois-lineaire-50-de-foyers-renaissance\/#primaryimage\"},\"thumbnailUrl\":\"https:\/\/staging.belleflamme.ca\/wp-content\/uploads\/2024\/03\/Foyer-au-bois-LINEAIRE-50-de-Foyers-Renaissance.jpeg\",\"datePublished\":\"2024-03-14T22:45:48+00:00\",\"dateModified\":\"2024-09-10T15:16:36+00:00\",\"description\":\"Foyer au bois LIN\u00c9AIRE 50 de Foyers Renaissance vendu et install\u00e9 par le Groupe Belleflamme. Laval, Montr\u00e9al, Gatineau et Saint-Sauveur.\",\"breadcrumb\":{\"@id\":\"https:\/\/staging.belleflamme.ca\/fr\/produit\/foyer-au-bois-lineaire-50-de-foyers-renaissance\/#breadcrumb\"},\"inLanguage\":\"fr-FR\",\"potentialAction\":[{\"@type\":\"ReadAction\",\"target\":[\"https:\/\/staging.belleflamme.ca\/fr\/produit\/foyer-au-bois-lineaire-50-de-foyers-renaissance\/\"]}]},{\"@type\":\"ImageObject\",\"inLanguage\":\"fr-FR\",\"@id\":\"https:\/\/staging.belleflamme.ca\/fr\/produit\/foyer-au-bois-lineaire-50-de-foyers-renaissance\/#primaryimage\",\"url\":\"https:\/\/staging.belleflamme.ca\/wp-content\/uploads\/2024\/03\/Foyer-au-bois-LINEAIRE-50-de-Foyers-Renaissance.jpeg\",\"contentUrl\":\"https:\/\/staging.belleflamme.ca\/wp-content\/uploads\/2024\/03\/Foyer-au-bois-LINEAIRE-50-de-Foyers-Renaissance.jpeg\",\"width\":1024,\"height\":792,\"caption\":\"Foyer au bois LIN\u00c9AIRE 50 de Foyers Renaissance\"},{\"@type\":\"BreadcrumbList\",\"@id\":\"https:\/\/staging.belleflamme.ca\/fr\/produit\/foyer-au-bois-lineaire-50-de-foyers-renaissance\/#breadcrumb\",\"itemListElement\":[{\"@type\":\"ListItem\",\"position\":1,\"name\":\"Accueil\",\"item\":\"https:\/\/www.belleflamme.ca\/fr\/\"},{\"@type\":\"ListItem\",\"position\":2,\"name\":\"Boutique\",\"item\":\"https:\/\/www.belleflamme.ca\/fr\/boutique\/\"},{\"@type\":\"ListItem\",\"position\":3,\"name\":\"Po\u00eales &amp; Foyers\",\"item\":\"https:\/\/staging.belleflamme.ca\/fr\/categories\/poeles-et-foyers\/\"},{\"@type\":\"ListItem\",\"position\":4,\"name\":\"Po\u00eales &amp; Foyers au Bois\",\"item\":\"https:\/\/staging.belleflamme.ca\/fr\/categories\/poeles-et-foyers\/poeles-et-foyers-au-bois\/\"},{\"@type\":\"ListItem\",\"position\":5,\"name\":\"Foyer au Bois\",\"item\":\"https:\/\/staging.belleflamme.ca\/fr\/categories\/poeles-et-foyers\/poeles-et-foyers-au-bois\/foyer-au-bois\/\"},{\"@type\":\"ListItem\",\"position\":6,\"name\":\"Foyer au bois LIN\u00c9AIRE 50 de Foyers Renaissance\"}]},{\"@type\":\"WebSite\",\"@id\":\"https:\/\/www.belleflamme.ca\/fr\/#website\",\"url\":\"https:\/\/www.belleflamme.ca\/fr\/\",\"name\":\"Groupe Belleflamme\",\"description\":\"La m\u00e9canique du b\u00e2timent dans le sang.\",\"publisher\":{\"@id\":\"https:\/\/www.belleflamme.ca\/fr\/#organization\"},\"potentialAction\":[{\"@type\":\"SearchAction\",\"target\":{\"@type\":\"EntryPoint\",\"urlTemplate\":\"https:\/\/www.belleflamme.ca\/fr\/?s={search_term_string}\"},\"query-input\":{\"@type\":\"PropertyValueSpecification\",\"valueRequired\":true,\"valueName\":\"search_term_string\"}}],\"inLanguage\":\"fr-FR\"},{\"@type\":[\"Organization\",\"Place\"],\"@id\":\"https:\/\/www.belleflamme.ca\/fr\/#organization\",\"name\":\"Groupe Belleflamme\",\"alternateName\":\"Belleflamme\",\"url\":\"https:\/\/www.belleflamme.ca\/fr\/\",\"logo\":{\"@type\":\"ImageObject\",\"inLanguage\":\"fr-FR\",\"@id\":\"https:\/\/www.belleflamme.ca\/fr\/#\/schema\/logo\/image\/\",\"url\":\"https:\/\/staging.belleflamme.ca\/wp-content\/uploads\/2023\/01\/og-image.jpg\",\"contentUrl\":\"https:\/\/staging.belleflamme.ca\/wp-content\/uploads\/2023\/01\/og-image.jpg\",\"width\":1200,\"height\":630,\"caption\":\"Groupe Belleflamme\"},\"image\":{\"@id\":\"https:\/\/www.belleflamme.ca\/fr\/#\/schema\/logo\/image\/\"},\"sameAs\":[\"https:\/\/www.facebook.com\/belleflamme.ca\/\",\"https:\/\/www.linkedin.com\/company\/belleflamme\/\",\"https:\/\/www.pinterest.ca\/groupebelleflamme\/\",\"https:\/\/www.instagram.com\/legroupebelleflamme\/\"],\"mainEntityOfPage\":{\"@id\":\"https:\/\/staging.belleflamme.ca\/fr\/produit\/foyer-au-bois-lineaire-50-de-foyers-renaissance\/\"}}]}<\/script>\n<meta property=\"product:brand\" content=\"Renaissance Fireplace\" \/>\n<meta property=\"product:price:amount\" content=\"11299.00\" \/>\n<meta property=\"product:price:currency\" content=\"CAD\" \/>\n<meta property=\"og:availability\" content=\"instock\" \/>\n<meta property=\"product:availability\" content=\"instock\" \/>\n<meta property=\"product:retailer_item_id\" content=\"EF-RL50\" \/>\n<meta property=\"product:condition\" content=\"new\" \/>\n<!-- \/ Yoast SEO Premium plugin. -->","yoast_head_json":{"title":"Foyer au bois LIN\u00c9AIRE 50 de Foyers Renaissance - Groupe BelleFlamme","description":"Foyer au bois LIN\u00c9AIRE 50 de Foyers Renaissance vendu et install\u00e9 par le Groupe Belleflamme. Laval, Montr\u00e9al, Gatineau et Saint-Sauveur.","robots":{"index":"index","follow":"follow","max-snippet":"max-snippet:-1","max-image-preview":"max-image-preview:large","max-video-preview":"max-video-preview:-1"},"canonical":"https:\/\/staging.belleflamme.ca\/fr\/produit\/foyer-au-bois-lineaire-50-de-foyers-renaissance\/","og_locale":"fr_FR","og_type":"article","og_title":"Foyer au bois LIN\u00c9AIRE 50 de Foyers Renaissance","og_description":"Foyer au bois LIN\u00c9AIRE 50 de Foyers Renaissance vendu et install\u00e9 par le Groupe Belleflamme. Laval, Montr\u00e9al, Gatineau et Saint-Sauveur.","og_url":"https:\/\/staging.belleflamme.ca\/fr\/produit\/foyer-au-bois-lineaire-50-de-foyers-renaissance\/","og_site_name":"Groupe BelleFlamme","article_publisher":"https:\/\/www.facebook.com\/belleflamme.ca\/","article_modified_time":"2024-09-10T15:16:36+00:00","og_image":[{"width":1024,"height":792,"url":"https:\/\/www.belleflamme.ca\/wp-content\/uploads\/2024\/03\/Foyer-au-bois-LINEAIRE-50-de-Foyers-Renaissance.jpeg","type":"image\/jpeg"}],"twitter_card":"summary_large_image","twitter_misc":{"Prix":"&#36;11,299.00","Disponibilit\u00e9":"En stock"},"schema":{"@context":"https:\/\/schema.org","@graph":[{"@type":["WebPage","ItemPage"],"@id":"https:\/\/staging.belleflamme.ca\/fr\/produit\/foyer-au-bois-lineaire-50-de-foyers-renaissance\/","url":"https:\/\/staging.belleflamme.ca\/fr\/produit\/foyer-au-bois-lineaire-50-de-foyers-renaissance\/","name":"Foyer au bois LIN\u00c9AIRE 50 de Foyers Renaissance - Groupe BelleFlamme","isPartOf":{"@id":"https:\/\/www.belleflamme.ca\/fr\/#website"},"primaryImageOfPage":{"@id":"https:\/\/staging.belleflamme.ca\/fr\/produit\/foyer-au-bois-lineaire-50-de-foyers-renaissance\/#primaryimage"},"image":{"@id":"https:\/\/staging.belleflamme.ca\/fr\/produit\/foyer-au-bois-lineaire-50-de-foyers-renaissance\/#primaryimage"},"thumbnailUrl":"https:\/\/staging.belleflamme.ca\/wp-content\/uploads\/2024\/03\/Foyer-au-bois-LINEAIRE-50-de-Foyers-Renaissance.jpeg","datePublished":"2024-03-14T22:45:48+00:00","dateModified":"2024-09-10T15:16:36+00:00","description":"Foyer au bois LIN\u00c9AIRE 50 de Foyers Renaissance vendu et install\u00e9 par le Groupe Belleflamme. Laval, Montr\u00e9al, Gatineau et Saint-Sauveur.","breadcrumb":{"@id":"https:\/\/staging.belleflamme.ca\/fr\/produit\/foyer-au-bois-lineaire-50-de-foyers-renaissance\/#breadcrumb"},"inLanguage":"fr-FR","potentialAction":[{"@type":"ReadAction","target":["https:\/\/staging.belleflamme.ca\/fr\/produit\/foyer-au-bois-lineaire-50-de-foyers-renaissance\/"]}]},{"@type":"ImageObject","inLanguage":"fr-FR","@id":"https:\/\/staging.belleflamme.ca\/fr\/produit\/foyer-au-bois-lineaire-50-de-foyers-renaissance\/#primaryimage","url":"https:\/\/staging.belleflamme.ca\/wp-content\/uploads\/2024\/03\/Foyer-au-bois-LINEAIRE-50-de-Foyers-Renaissance.jpeg","contentUrl":"https:\/\/staging.belleflamme.ca\/wp-content\/uploads\/2024\/03\/Foyer-au-bois-LINEAIRE-50-de-Foyers-Renaissance.jpeg","width":1024,"height":792,"caption":"Foyer au bois LIN\u00c9AIRE 50 de Foyers Renaissance"},{"@type":"BreadcrumbList","@id":"https:\/\/staging.belleflamme.ca\/fr\/produit\/foyer-au-bois-lineaire-50-de-foyers-renaissance\/#breadcrumb","itemListElement":[{"@type":"ListItem","position":1,"name":"Accueil","item":"https:\/\/www.belleflamme.ca\/fr\/"},{"@type":"ListItem","position":2,"name":"Boutique","item":"https:\/\/www.belleflamme.ca\/fr\/boutique\/"},{"@type":"ListItem","position":3,"name":"Po\u00eales &amp; Foyers","item":"https:\/\/staging.belleflamme.ca\/fr\/categories\/poeles-et-foyers\/"},{"@type":"ListItem","position":4,"name":"Po\u00eales &amp; Foyers au Bois","item":"https:\/\/staging.belleflamme.ca\/fr\/categories\/poeles-et-foyers\/poeles-et-foyers-au-bois\/"},{"@type":"ListItem","position":5,"name":"Foyer au Bois","item":"https:\/\/staging.belleflamme.ca\/fr\/categories\/poeles-et-foyers\/poeles-et-foyers-au-bois\/foyer-au-bois\/"},{"@type":"ListItem","position":6,"name":"Foyer au bois LIN\u00c9AIRE 50 de Foyers Renaissance"}]},{"@type":"WebSite","@id":"https:\/\/www.belleflamme.ca\/fr\/#website","url":"https:\/\/www.belleflamme.ca\/fr\/","name":"Groupe Belleflamme","description":"La m\u00e9canique du b\u00e2timent dans le sang.","publisher":{"@id":"https:\/\/www.belleflamme.ca\/fr\/#organization"},"potentialAction":[{"@type":"SearchAction","target":{"@type":"EntryPoint","urlTemplate":"https:\/\/www.belleflamme.ca\/fr\/?s={search_term_string}"},"query-input":{"@type":"PropertyValueSpecification","valueRequired":true,"valueName":"search_term_string"}}],"inLanguage":"fr-FR"},{"@type":["Organization","Place"],"@id":"https:\/\/www.belleflamme.ca\/fr\/#organization","name":"Groupe Belleflamme","alternateName":"Belleflamme","url":"https:\/\/www.belleflamme.ca\/fr\/","logo":{"@type":"ImageObject","inLanguage":"fr-FR","@id":"https:\/\/www.belleflamme.ca\/fr\/#\/schema\/logo\/image\/","url":"https:\/\/staging.belleflamme.ca\/wp-content\/uploads\/2023\/01\/og-image.jpg","contentUrl":"https:\/\/staging.belleflamme.ca\/wp-content\/uploads\/2023\/01\/og-image.jpg","width":1200,"height":630,"caption":"Groupe Belleflamme"},"image":{"@id":"https:\/\/www.belleflamme.ca\/fr\/#\/schema\/logo\/image\/"},"sameAs":["https:\/\/www.facebook.com\/belleflamme.ca\/","https:\/\/www.linkedin.com\/company\/belleflamme\/","https:\/\/www.pinterest.ca\/groupebelleflamme\/","https:\/\/www.instagram.com\/legroupebelleflamme\/"],"mainEntityOfPage":{"@id":"https:\/\/staging.belleflamme.ca\/fr\/produit\/foyer-au-bois-lineaire-50-de-foyers-renaissance\/"}}]},"product_brand":"Renaissance Fireplace","product_price_amount":"11299.00","product_price_currency":"CAD","og_availability":"instock","product_availability":"instock","product_retailer_item_id":"EF-RL50","product_condition":"new"},"_links":{"self":[{"href":"https:\/\/staging.belleflamme.ca\/fr\/wp-json\/wp\/v2\/product\/30629","targetHints":{"allow":["GET"]}}],"collection":[{"href":"https:\/\/staging.belleflamme.ca\/fr\/wp-json\/wp\/v2\/product"}],"about":[{"href":"https:\/\/staging.belleflamme.ca\/fr\/wp-json\/wp\/v2\/types\/product"}],"version-history":[{"count":6,"href":"https:\/\/staging.belleflamme.ca\/fr\/wp-json\/wp\/v2\/product\/30629\/revisions"}],"predecessor-version":[{"id":42984,"href":"https:\/\/staging.belleflamme.ca\/fr\/wp-json\/wp\/v2\/product\/30629\/revisions\/42984"}],"wp:featuredmedia":[{"embeddable":true,"href":"https:\/\/staging.belleflamme.ca\/fr\/wp-json\/wp\/v2\/media\/30631"}],"wp:attachment":[{"href":"https:\/\/staging.belleflamme.ca\/fr\/wp-json\/wp\/v2\/media?parent=30629"}],"wp:term":[{"taxonomy":"product_brand","embeddable":true,"href":"https:\/\/staging.belleflamme.ca\/fr\/wp-json\/wp\/v2\/product_brand?post=30629"},{"taxonomy":"product_cat","embeddable":true,"href":"https:\/\/staging.belleflamme.ca\/fr\/wp-json\/wp\/v2\/product_cat?post=30629"},{"taxonomy":"product_tag","embeddable":true,"href":"https:\/\/staging.belleflamme.ca\/fr\/wp-json\/wp\/v2\/product_tag?post=30629"}],"curies":[{"name":"wp","href":"https:\/\/api.w.org\/{rel}","templated":true}]}}