{"id":30551,"date":"2024-03-14T17:39:11","date_gmt":"2024-03-14T21:39:11","guid":{"rendered":"https:\/\/www.belleflamme.ca\/?post_type=product&#038;p=30551"},"modified":"2024-09-10T11:19:17","modified_gmt":"2024-09-10T15:19:17","slug":"foyer-au-bois-rumford-1500-de-foyers-renaissance","status":"publish","type":"product","link":"https:\/\/staging.belleflamme.ca\/fr\/produit\/foyer-au-bois-rumford-1500-de-foyers-renaissance\/","title":{"rendered":"Foyer au Bois RUMFORD 1500 de Foyers Renaissance"},"content":{"rendered":"\t\t<div data-elementor-type=\"product-post\" data-elementor-id=\"30551\" class=\"elementor elementor-30551\" data-elementor-post-type=\"product\">\n\t\t\t\t\t\t<section class=\"elementor-section elementor-top-section elementor-element elementor-element-ed65790 elementor-section-boxed elementor-section-height-default elementor-section-height-default\" data-id=\"ed65790\" data-element_type=\"section\">\n\t\t\t\t\t\t<div class=\"elementor-container elementor-column-gap-default\">\n\t\t\t\t\t<div class=\"elementor-column elementor-col-100 elementor-top-column elementor-element elementor-element-133c9801\" data-id=\"133c9801\" data-element_type=\"column\">\n\t\t\t<div class=\"elementor-widget-wrap elementor-element-populated\">\n\t\t\t\t\t\t<div class=\"elementor-element elementor-element-37e0a472 elementor-widget elementor-widget-text-editor\" data-id=\"37e0a472\" data-element_type=\"widget\" data-widget_type=\"text-editor.default\">\n\t\t\t\t<div class=\"elementor-widget-container\">\n\t\t\t\t\t\t\t\t\t<iframe title=\"YouTube video player\" src=\"https:\/\/www.youtube.com\/embed\/vFAmamRPzAY?si=9NGue03z_mzFvLEK\" width=\"560\" height=\"315\" frameborder=\"0\" allowfullscreen=\"allowfullscreen\"><\/iframe>\r\n\r\nLe mod\u00e8le Renaissance RumfordMC fut le tout premier \u00e0 \u00eatre certifi\u00e9 comme foyer \u00e0 \u00e2tre ouvert \u00e0 combustion propre. Sa conception est celle d\u2019un authentique foyer Rumford, ce qui lui donne cette hauteur plus importante qu\u2019un foyer traditionnel. La forme d\u2019un foyer Rumford est connue pour son niveau de performance in\u00e9gal\u00e9. Notre conception brevet\u00e9e du Rumford r\u00e9unit les composants d\u2019un foyer Rumford traditionnel aux atouts d\u2019une ing\u00e9nierie sp\u00e9cialis\u00e9e, d\u2019une fabrication rigoureuse et de mat\u00e9riaux haut de gamme.\r\n<h3>UNE FOULE DE PRIX<\/h3>\r\nLe mod\u00e8le Renaissance RumfordMC est le seul foyer au monde \u00e0 remporter un prix de l\u2019agence am\u00e9ricaine de protection de l\u2019environnement (EPA). Il a aussi gagn\u00e9 des prix \u00e0 l\u2019IIDEX (exposition internationale du design) et on a d\u00e9cern\u00e9 \u00e0 sa conception brevet\u00e9e le prix de l\u2019innovation Vesta, prestigieux prix de l\u2019industrie des foyers.\r\n<h3>L\u2019AVANTAGE D\u2019UN RUMFORD<\/h3>\r\nTout foyer Rumford authentique \u00e9pouse une forme pr\u00e9cise caract\u00e9ris\u00e9e par une bo\u00eete \u00e0 feu peu profonde, des parois angulaires et un avaloir chantourn\u00e9. En cr\u00e9ant un flux d\u2019air laminaire dans le conduit de la chemin\u00e9e, l\u2019avaloir chantourn\u00e9 du mod\u00e8le Rumford en r\u00e9duit la turbulence dans la bo\u00eete \u00e0 feu, ce qui favorise un tirage robuste et permet un allumage facile \u00e9vitant toute fum\u00e9e dans la maison\r\n<h3>UN FEU COMME NUL AUTRE<\/h3>\r\nIl est plus rapide d\u2019allumer un feu dans un foyer Renaissance Rumford que dans un foyer en ma\u00e7onnerie traditionnel, sans compter la qualit\u00e9 sup\u00e9rieure des flammes qui s\u2019y activent.\r\n<div class=\"elementor-element elementor-element-7b856d5 elementor-widget elementor-widget-text-editor\" data-id=\"7b856d5\" data-element_type=\"widget\" data-widget_type=\"text-editor.default\">\r\n<div class=\"elementor-widget-container\">\r\n\r\n<strong>Remarque: Le manuel d\u2019installation doit toujours \u00eatre utilis\u00e9 pour une planification pr\u00e9cise et une installation minutieuse de votre foyer.<\/strong>\r\n\r\n<\/div>\r\n<\/div>\r\n<div class=\"elementor-element elementor-element-352b6a3a elementor-widget elementor-widget-text-editor\" data-id=\"352b6a3a\" data-element_type=\"widget\" data-widget_type=\"text-editor.default\">\r\n<div class=\"elementor-widget-container\">\r\n<table>\r\n<tbody>\r\n<tr>\r\n<th colspan=\"2\">SP\u00c9CIFICATIONS G\u00c9N\u00c9RALES<\/th>\r\n<\/tr>\r\n<tr>\r\n<td>Dimensions d\u2019encloisonnement<\/td>\r\n<td>59\u215b\u201dL X 87\u00be\u201dH X 32\u00bd\u201dP<\/td>\r\n<\/tr>\r\n<tr>\r\n<td>Ouverture de la boite \u00e0 feu<\/td>\r\n<td>35\u00bd\u00a0\u00bbL front X 21\u00be\u00a0\u00bbL arri\u00e8re X 12\u00be\u00a0\u00bb profond<\/td>\r\n<\/tr>\r\n<tr>\r\n<td>Ouverture de la boite \u00e0 feu<\/td>\r\n<td>851 lbs<\/td>\r\n<\/tr>\r\n<tr>\r\n<td>Longueur du bois de chauffage<\/td>\r\n<td>24\u201d maximum\r\n\r\nPuisque la forme de la bo\u00eete \u00e0 feu n\u2019est pas carr\u00e9e, le format maximal des b\u00fbches que vous pouvez utiliser d\u00e9pend de l\u2019endroit et de la fa\u00e7on dont vous les placez. On peut facilement mettre des b\u00fbches de 20 pouces dans la partie avant du foyer, mais\u00a0seulement\u00a0des b\u00fbches de 13 pouces dans la partie arri\u00e8re du foyer.<\/td>\r\n<\/tr>\r\n<tr>\r\n<td>\u00c9missions<\/td>\r\n<td>Qualifi\u00e9 selon le protocole d\u2019essai ASTM 2558 \u00ab\u00a0Standard test method for determining particulate matter emissions from fires in low mass wood-burning fireplaces\u00a0\u00bb. Le Rumford 1500 peut \u00eatre vendu au Canada et aux Etats-Unis car il n\u2019est pas r\u00e9glement\u00e9 selon la d\u00e9finition de \u00ab foyer (fireplace) \u00bb qui se retrouve dans la sous-partie AAA de la r\u00e9glementation EPA 2015 Standards of Performance for New Residential Wood Heaters Vol. 80, n\u00b0 50.<\/td>\r\n<\/tr>\r\n<tr>\r\n<td>\u00c9missions avec la porte ouverte<\/td>\r\n<td>3.40 grammes\/kilogramme<\/td>\r\n<\/tr>\r\n<tr>\r\n<td>\u00c9missions avec la porte ferm\u00e9e<\/td>\r\n<td>0.68 grammes\/kilogramme<\/td>\r\n<\/tr>\r\n<tr>\r\n<td>Dimensions de la vitroc\u00e9ramique<\/td>\r\n<td>1450 in2<\/td>\r\n<\/tr>\r\n<tr>\r\n<td>Porte \u00e0 guillotine<\/td>\r\n<td>Vitroc\u00e9ramique<\/td>\r\n<\/tr>\r\n<tr>\r\n<td>Pare-\u00e9tincelles<\/td>\r\n<td>\u00c0 guillotine<\/td>\r\n<\/tr>\r\n<tr>\r\n<td>Chenet<\/td>\r\n<td>Fonte<\/td>\r\n<\/tr>\r\n<tr>\r\n<td>Tiroir \u00e0 cendres<\/td>\r\n<td>Non disponible<\/td>\r\n<\/tr>\r\n<tr>\r\n<td>Chemin\u00e9e<\/td>\r\n<td>12\u2033 RIS (12\u2032 minimum)<\/td>\r\n<\/tr>\r\n<tr>\r\n<td>Connecteur pour b\u00fbches artificelles au gaz<\/td>\r\n<td>OUI\r\n\r\nCes foyers peuvent \u00eatre trou\u00e9s afin de permettre l\u2019installation d\u2019un ensemble pr\u00e9fabriqu\u00e9 de b\u00fbches \u00e0 gaz. Vous ne pouvez pas installer un allume-feu au gaz dans un foyer Renaissance parce que la tr\u00e8s haute temp\u00e9rature de la bo\u00eete \u00e0 feu le fera br\u00fbler rapidement.<\/td>\r\n<\/tr>\r\n<tr>\r\n<td>Prise d\u2019air ext\u00e9rieur<\/td>\r\n<td>4\u2033, conforme \u00e0 la norme R2000\r\n\r\nTous les foyers Renaissance sont con\u00e7us pour \u00eatre reli\u00e9s \u00e0 une prise d\u2019air ext\u00e9rieur de quatre pouces et sont livr\u00e9s avec un adaptateur pour conduits de cinq pouces.<\/td>\r\n<\/tr>\r\n<tr>\r\n<td>Approuv\u00e9 pour maison mobile<\/td>\r\n<td>NON<\/td>\r\n<\/tr>\r\n<tr>\r\n<td>Peinture de finition<\/td>\r\n<td>Noire m\u00e9tallique brillant<\/td>\r\n<\/tr>\r\n<tr>\r\n<td>Hauteur minimale du plafond<\/td>\r\n<td>8\u2032<\/td>\r\n<\/tr>\r\n<tr>\r\n<td>Brevet<strong>\r\n<\/strong><\/td>\r\n<td>Brevet CAN\u00a0 2655385<\/td>\r\n<\/tr>\r\n<\/tbody>\r\n<\/table>\r\n<\/div>\r\n<\/div>\t\t\t\t\t\t\t\t<\/div>\n\t\t\t\t<\/div>\n\t\t\t\t\t<\/div>\n\t\t<\/div>\n\t\t\t\t\t<\/div>\n\t\t<\/section>\n\t\t\t\t<section class=\"elementor-section elementor-top-section elementor-element elementor-element-bcaba0a elementor-section-boxed elementor-section-height-default elementor-section-height-default\" data-id=\"bcaba0a\" data-element_type=\"section\">\n\t\t\t\t\t\t<div class=\"elementor-container elementor-column-gap-default\">\n\t\t\t\t\t<div class=\"elementor-column elementor-col-100 elementor-top-column elementor-element elementor-element-405b7f2\" data-id=\"405b7f2\" data-element_type=\"column\">\n\t\t\t<div class=\"elementor-widget-wrap elementor-element-populated\">\n\t\t\t\t\t\t<div class=\"elementor-element elementor-element-26c1c88 elementor-tabs-view-horizontal elementor-widget elementor-widget-tabs\" data-id=\"26c1c88\" data-element_type=\"widget\" data-widget_type=\"tabs.default\">\n\t\t\t\t<div class=\"elementor-widget-container\">\n\t\t\t\t\t\t\t<div class=\"elementor-tabs\">\n\t\t\t<div class=\"elementor-tabs-wrapper\" role=\"tablist\" >\n\t\t\t\t\t\t\t\t\t<div id=\"elementor-tab-title-4061\" class=\"elementor-tab-title elementor-tab-desktop-title\" aria-selected=\"true\" data-tab=\"1\" role=\"tab\" tabindex=\"0\" aria-controls=\"elementor-tab-content-4061\" aria-expanded=\"false\">Fichiers<\/div>\n\t\t\t\t\t\t\t<\/div>\n\t\t\t<div class=\"elementor-tabs-content-wrapper\" role=\"tablist\" aria-orientation=\"vertical\">\n\t\t\t\t\t\t\t\t\t<div class=\"elementor-tab-title elementor-tab-mobile-title\" aria-selected=\"true\" data-tab=\"1\" role=\"tab\" tabindex=\"0\" aria-controls=\"elementor-tab-content-4061\" aria-expanded=\"false\">Fichiers<\/div>\n\t\t\t\t\t<div id=\"elementor-tab-content-4061\" class=\"elementor-tab-content elementor-clearfix\" data-tab=\"1\" role=\"tabpanel\" aria-labelledby=\"elementor-tab-title-4061\" tabindex=\"0\" hidden=\"false\"><i class=\"far fa-file-pdf fa-xl\" style=\"font-size:35px\"><\/i><a href=\"https:\/\/www.belleflamme.ca\/wp-content\/uploads\/2024\/03\/Brochure_Renaissance_2023-2024_FR_WEB.pdf\"> Brochure<\/a><\/br>\n<i class=\"far fa-file-pdf fa-xl\" style=\"font-size:35px\"><\/i><a href=\"https:\/\/www.belleflamme.ca\/wp-content\/uploads\/2024\/03\/RR1500B-INFR-2020-05.pdf\"> Installation<\/a><\/br>\n<i class=\"far fa-file-pdf fa-xl\" style=\"font-size:35px\"><\/i><a href=\"https:\/\/www.belleflamme.ca\/wp-content\/uploads\/2024\/03\/RR1500B-OWFR-2020-05.pdf\"> Manuel du propri\u00e9taire<\/a><\/br>\n<i class=\"far fa-file-pdf fa-xl\" style=\"font-size:35px\"><\/i><a href=\"https:\/\/www.belleflamme.ca\/wp-content\/uploads\/2024\/03\/RR1500B-EXPLOSE_FRE_2017-101.pdf\"> Vue Explos\u00e9e<\/a><\/br>\n<i class=\"far fa-file-pdf fa-xl\" style=\"font-size:35px\"><\/i><a href=\"https:\/\/www.belleflamme.ca\/wp-content\/uploads\/2024\/03\/EO-VP1500-2014-10-1.pdf\"> Trousse des panneaux r\u00e9fractaires en vermiculite<\/a><\/br>\n<i class=\"far fa-file-pdf fa-xl\" style=\"font-size:35px\"><\/i><a href=\"https:\/\/www.belleflamme.ca\/wp-content\/uploads\/2024\/03\/EO-VP1500-checklist-2015-09-1.pdf\"> Liste de contr\u00f4le &#8211; Trousse des panneau r\u00e9fractaires en vermiculite<\/a><\/br>\n<i class=\"far fa-file-pdf fa-xl\" style=\"font-size:35px\"><\/i><a href=\"https:\/\/www.belleflamme.ca\/wp-content\/uploads\/2024\/03\/EO-RB1500-2018-06.pdf\"> Trousse des panneaux r\u00e9fractaires en vermiculite<\/a><\/br>\n<i class=\"far fa-file-pdf fa-xl\" style=\"font-size:35px\"><\/i><a href=\"https:\/\/www.belleflamme.ca\/wp-content\/uploads\/2024\/03\/EO-RB1500-checklist-2018-06.pdf\"> Liste de contr\u00f4le pierres r\u00e9fractaires en ciment<\/a><\/br>\n<i class=\"far fa-file-pdf fa-xl\" style=\"font-size:35px\"><\/i><a href=\"https:\/\/www.belleflamme.ca\/wp-content\/uploads\/2024\/03\/RR-Addendum_counterweights-2017-09_bil.pdf\"> Addendum Installation<\/a><\/br><\/div>\n\t\t\t\t\t\t\t<\/div>\n\t\t<\/div>\n\t\t\t\t\t\t<\/div>\n\t\t\t\t<\/div>\n\t\t\t\t\t<\/div>\n\t\t<\/div>\n\t\t\t\t\t<\/div>\n\t\t<\/section>\n\t\t\t\t<\/div>\n\t\t","protected":false},"excerpt":{"rendered":"<p>Le mod\u00e8le Renaissance RumfordMC fut le tout premier \u00e0 \u00eatre certifi\u00e9 comme foyer \u00e0 \u00e2tre ouvert \u00e0 combustion propre. Sa conception est celle d\u2019un authentique foyer Rumford, ce qui lui donne cette hauteur plus importante qu\u2019un foyer traditionnel. La forme d\u2019un foyer Rumford est connue pour son niveau de performance in\u00e9gal\u00e9. Notre conception brevet\u00e9e du [&hellip;]<\/p>\n","protected":false},"featured_media":30552,"template":"","meta":{"inline_featured_image":false},"product_brand":[1239],"product_cat":[33,34,40],"product_tag":[],"class_list":{"0":"post-30551","1":"product","2":"type-product","3":"status-publish","4":"has-post-thumbnail","6":"product_brand-renaissance-fireplace","7":"product_cat-poeles-et-foyers","8":"product_cat-poeles-et-foyers-au-bois","9":"product_cat-foyer-au-bois","11":"first","12":"instock","13":"taxable","14":"shipping-taxable","15":"purchasable","16":"product-type-simple"},"yoast_head":"<!-- This site is optimized with the Yoast SEO Premium plugin v24.2 (Yoast SEO v24.2) - https:\/\/yoast.com\/wordpress\/plugins\/seo\/ -->\n<title>Foyer au Bois RUMFORD 1500 de Foyers Renaissance - Groupe BelleFlamme<\/title>\n<meta name=\"description\" content=\"Foyer au Bois RUMFORD 1500 de Foyers Renaissance vendu et install\u00e9 par le Groupe Belleflamme. Laval, Montr\u00e9al, Gatineau et Saint-Sauveur.\" \/>\n<meta name=\"robots\" content=\"index, follow, max-snippet:-1, max-image-preview:large, max-video-preview:-1\" \/>\n<link rel=\"canonical\" href=\"https:\/\/staging.belleflamme.ca\/fr\/produit\/foyer-au-bois-rumford-1500-de-foyers-renaissance\/\" \/>\n<meta property=\"og:locale\" content=\"fr_FR\" \/>\n<meta property=\"og:type\" content=\"article\" \/>\n<meta property=\"og:title\" content=\"Foyer au Bois RUMFORD 1500 de Foyers Renaissance\" \/>\n<meta property=\"og:description\" content=\"Foyer au Bois RUMFORD 1500 de Foyers Renaissance vendu et install\u00e9 par le Groupe Belleflamme. Laval, Montr\u00e9al, Gatineau et Saint-Sauveur.\" \/>\n<meta property=\"og:url\" content=\"https:\/\/staging.belleflamme.ca\/fr\/produit\/foyer-au-bois-rumford-1500-de-foyers-renaissance\/\" \/>\n<meta property=\"og:site_name\" content=\"Groupe BelleFlamme\" \/>\n<meta property=\"article:publisher\" content=\"https:\/\/www.facebook.com\/belleflamme.ca\/\" \/>\n<meta property=\"article:modified_time\" content=\"2024-09-10T15:19:17+00:00\" \/>\n<meta property=\"og:image\" content=\"https:\/\/www.belleflamme.ca\/wp-content\/uploads\/2024\/03\/Foyer-au-Bois-RUMFORD-1500-de-Foyers-Renaissance.jpg\" \/>\n\t<meta property=\"og:image:width\" content=\"1200\" \/>\n\t<meta property=\"og:image:height\" content=\"800\" \/>\n\t<meta property=\"og:image:type\" content=\"image\/jpeg\" \/>\n<meta name=\"twitter:card\" content=\"summary_large_image\" \/>\n<meta name=\"twitter:label1\" content=\"Prix\" \/>\n\t<meta name=\"twitter:data1\" content=\"&#036;12,250.00\" \/>\n\t<meta name=\"twitter:label2\" content=\"Disponibilit\u00e9\" \/>\n\t<meta name=\"twitter:data2\" content=\"En stock\" \/>\n<script type=\"application\/ld+json\" class=\"yoast-schema-graph\">{\"@context\":\"https:\/\/schema.org\",\"@graph\":[{\"@type\":[\"WebPage\",\"ItemPage\"],\"@id\":\"https:\/\/staging.belleflamme.ca\/fr\/produit\/foyer-au-bois-rumford-1500-de-foyers-renaissance\/\",\"url\":\"https:\/\/staging.belleflamme.ca\/fr\/produit\/foyer-au-bois-rumford-1500-de-foyers-renaissance\/\",\"name\":\"Foyer au Bois RUMFORD 1500 de Foyers Renaissance - Groupe BelleFlamme\",\"isPartOf\":{\"@id\":\"https:\/\/www.belleflamme.ca\/fr\/#website\"},\"primaryImageOfPage\":{\"@id\":\"https:\/\/staging.belleflamme.ca\/fr\/produit\/foyer-au-bois-rumford-1500-de-foyers-renaissance\/#primaryimage\"},\"image\":{\"@id\":\"https:\/\/staging.belleflamme.ca\/fr\/produit\/foyer-au-bois-rumford-1500-de-foyers-renaissance\/#primaryimage\"},\"thumbnailUrl\":\"https:\/\/staging.belleflamme.ca\/wp-content\/uploads\/2024\/03\/Foyer-au-Bois-RUMFORD-1500-de-Foyers-Renaissance.jpg\",\"datePublished\":\"2024-03-14T21:39:11+00:00\",\"dateModified\":\"2024-09-10T15:19:17+00:00\",\"description\":\"Foyer au Bois RUMFORD 1500 de Foyers Renaissance vendu et install\u00e9 par le Groupe Belleflamme. Laval, Montr\u00e9al, Gatineau et Saint-Sauveur.\",\"breadcrumb\":{\"@id\":\"https:\/\/staging.belleflamme.ca\/fr\/produit\/foyer-au-bois-rumford-1500-de-foyers-renaissance\/#breadcrumb\"},\"inLanguage\":\"fr-FR\",\"potentialAction\":[{\"@type\":\"ReadAction\",\"target\":[\"https:\/\/staging.belleflamme.ca\/fr\/produit\/foyer-au-bois-rumford-1500-de-foyers-renaissance\/\"]}]},{\"@type\":\"ImageObject\",\"inLanguage\":\"fr-FR\",\"@id\":\"https:\/\/staging.belleflamme.ca\/fr\/produit\/foyer-au-bois-rumford-1500-de-foyers-renaissance\/#primaryimage\",\"url\":\"https:\/\/staging.belleflamme.ca\/wp-content\/uploads\/2024\/03\/Foyer-au-Bois-RUMFORD-1500-de-Foyers-Renaissance.jpg\",\"contentUrl\":\"https:\/\/staging.belleflamme.ca\/wp-content\/uploads\/2024\/03\/Foyer-au-Bois-RUMFORD-1500-de-Foyers-Renaissance.jpg\",\"width\":1200,\"height\":800,\"caption\":\"Foyer au Bois RUMFORD 1500 de Foyers Renaissance\"},{\"@type\":\"BreadcrumbList\",\"@id\":\"https:\/\/staging.belleflamme.ca\/fr\/produit\/foyer-au-bois-rumford-1500-de-foyers-renaissance\/#breadcrumb\",\"itemListElement\":[{\"@type\":\"ListItem\",\"position\":1,\"name\":\"Accueil\",\"item\":\"https:\/\/www.belleflamme.ca\/fr\/\"},{\"@type\":\"ListItem\",\"position\":2,\"name\":\"Boutique\",\"item\":\"https:\/\/www.belleflamme.ca\/fr\/boutique\/\"},{\"@type\":\"ListItem\",\"position\":3,\"name\":\"Po\u00eales &amp; Foyers\",\"item\":\"https:\/\/staging.belleflamme.ca\/fr\/categories\/poeles-et-foyers\/\"},{\"@type\":\"ListItem\",\"position\":4,\"name\":\"Po\u00eales &amp; Foyers au Bois\",\"item\":\"https:\/\/staging.belleflamme.ca\/fr\/categories\/poeles-et-foyers\/poeles-et-foyers-au-bois\/\"},{\"@type\":\"ListItem\",\"position\":5,\"name\":\"Foyer au Bois\",\"item\":\"https:\/\/staging.belleflamme.ca\/fr\/categories\/poeles-et-foyers\/poeles-et-foyers-au-bois\/foyer-au-bois\/\"},{\"@type\":\"ListItem\",\"position\":6,\"name\":\"Foyer au Bois RUMFORD 1500 de Foyers Renaissance\"}]},{\"@type\":\"WebSite\",\"@id\":\"https:\/\/www.belleflamme.ca\/fr\/#website\",\"url\":\"https:\/\/www.belleflamme.ca\/fr\/\",\"name\":\"Groupe Belleflamme\",\"description\":\"La m\u00e9canique du b\u00e2timent dans le sang.\",\"publisher\":{\"@id\":\"https:\/\/www.belleflamme.ca\/fr\/#organization\"},\"potentialAction\":[{\"@type\":\"SearchAction\",\"target\":{\"@type\":\"EntryPoint\",\"urlTemplate\":\"https:\/\/www.belleflamme.ca\/fr\/?s={search_term_string}\"},\"query-input\":{\"@type\":\"PropertyValueSpecification\",\"valueRequired\":true,\"valueName\":\"search_term_string\"}}],\"inLanguage\":\"fr-FR\"},{\"@type\":[\"Organization\",\"Place\"],\"@id\":\"https:\/\/www.belleflamme.ca\/fr\/#organization\",\"name\":\"Groupe Belleflamme\",\"alternateName\":\"Belleflamme\",\"url\":\"https:\/\/www.belleflamme.ca\/fr\/\",\"logo\":{\"@type\":\"ImageObject\",\"inLanguage\":\"fr-FR\",\"@id\":\"https:\/\/www.belleflamme.ca\/fr\/#\/schema\/logo\/image\/\",\"url\":\"https:\/\/staging.belleflamme.ca\/wp-content\/uploads\/2023\/01\/og-image.jpg\",\"contentUrl\":\"https:\/\/staging.belleflamme.ca\/wp-content\/uploads\/2023\/01\/og-image.jpg\",\"width\":1200,\"height\":630,\"caption\":\"Groupe Belleflamme\"},\"image\":{\"@id\":\"https:\/\/www.belleflamme.ca\/fr\/#\/schema\/logo\/image\/\"},\"sameAs\":[\"https:\/\/www.facebook.com\/belleflamme.ca\/\",\"https:\/\/www.linkedin.com\/company\/belleflamme\/\",\"https:\/\/www.pinterest.ca\/groupebelleflamme\/\",\"https:\/\/www.instagram.com\/legroupebelleflamme\/\"],\"mainEntityOfPage\":{\"@id\":\"https:\/\/staging.belleflamme.ca\/fr\/produit\/foyer-au-bois-rumford-1500-de-foyers-renaissance\/\"}}]}<\/script>\n<meta property=\"product:brand\" content=\"Renaissance Fireplace\" \/>\n<meta property=\"product:price:amount\" content=\"12250.00\" \/>\n<meta property=\"product:price:currency\" content=\"CAD\" \/>\n<meta property=\"og:availability\" content=\"instock\" \/>\n<meta property=\"product:availability\" content=\"instock\" \/>\n<meta property=\"product:retailer_item_id\" content=\"EF-RR1500B\" \/>\n<meta property=\"product:condition\" content=\"new\" \/>\n<!-- \/ Yoast SEO Premium plugin. -->","yoast_head_json":{"title":"Foyer au Bois RUMFORD 1500 de Foyers Renaissance - Groupe BelleFlamme","description":"Foyer au Bois RUMFORD 1500 de Foyers Renaissance vendu et install\u00e9 par le Groupe Belleflamme. Laval, Montr\u00e9al, Gatineau et Saint-Sauveur.","robots":{"index":"index","follow":"follow","max-snippet":"max-snippet:-1","max-image-preview":"max-image-preview:large","max-video-preview":"max-video-preview:-1"},"canonical":"https:\/\/staging.belleflamme.ca\/fr\/produit\/foyer-au-bois-rumford-1500-de-foyers-renaissance\/","og_locale":"fr_FR","og_type":"article","og_title":"Foyer au Bois RUMFORD 1500 de Foyers Renaissance","og_description":"Foyer au Bois RUMFORD 1500 de Foyers Renaissance vendu et install\u00e9 par le Groupe Belleflamme. Laval, Montr\u00e9al, Gatineau et Saint-Sauveur.","og_url":"https:\/\/staging.belleflamme.ca\/fr\/produit\/foyer-au-bois-rumford-1500-de-foyers-renaissance\/","og_site_name":"Groupe BelleFlamme","article_publisher":"https:\/\/www.facebook.com\/belleflamme.ca\/","article_modified_time":"2024-09-10T15:19:17+00:00","og_image":[{"width":1200,"height":800,"url":"https:\/\/www.belleflamme.ca\/wp-content\/uploads\/2024\/03\/Foyer-au-Bois-RUMFORD-1500-de-Foyers-Renaissance.jpg","type":"image\/jpeg"}],"twitter_card":"summary_large_image","twitter_misc":{"Prix":"&#36;12,250.00","Disponibilit\u00e9":"En stock"},"schema":{"@context":"https:\/\/schema.org","@graph":[{"@type":["WebPage","ItemPage"],"@id":"https:\/\/staging.belleflamme.ca\/fr\/produit\/foyer-au-bois-rumford-1500-de-foyers-renaissance\/","url":"https:\/\/staging.belleflamme.ca\/fr\/produit\/foyer-au-bois-rumford-1500-de-foyers-renaissance\/","name":"Foyer au Bois RUMFORD 1500 de Foyers Renaissance - Groupe BelleFlamme","isPartOf":{"@id":"https:\/\/www.belleflamme.ca\/fr\/#website"},"primaryImageOfPage":{"@id":"https:\/\/staging.belleflamme.ca\/fr\/produit\/foyer-au-bois-rumford-1500-de-foyers-renaissance\/#primaryimage"},"image":{"@id":"https:\/\/staging.belleflamme.ca\/fr\/produit\/foyer-au-bois-rumford-1500-de-foyers-renaissance\/#primaryimage"},"thumbnailUrl":"https:\/\/staging.belleflamme.ca\/wp-content\/uploads\/2024\/03\/Foyer-au-Bois-RUMFORD-1500-de-Foyers-Renaissance.jpg","datePublished":"2024-03-14T21:39:11+00:00","dateModified":"2024-09-10T15:19:17+00:00","description":"Foyer au Bois RUMFORD 1500 de Foyers Renaissance vendu et install\u00e9 par le Groupe Belleflamme. Laval, Montr\u00e9al, Gatineau et Saint-Sauveur.","breadcrumb":{"@id":"https:\/\/staging.belleflamme.ca\/fr\/produit\/foyer-au-bois-rumford-1500-de-foyers-renaissance\/#breadcrumb"},"inLanguage":"fr-FR","potentialAction":[{"@type":"ReadAction","target":["https:\/\/staging.belleflamme.ca\/fr\/produit\/foyer-au-bois-rumford-1500-de-foyers-renaissance\/"]}]},{"@type":"ImageObject","inLanguage":"fr-FR","@id":"https:\/\/staging.belleflamme.ca\/fr\/produit\/foyer-au-bois-rumford-1500-de-foyers-renaissance\/#primaryimage","url":"https:\/\/staging.belleflamme.ca\/wp-content\/uploads\/2024\/03\/Foyer-au-Bois-RUMFORD-1500-de-Foyers-Renaissance.jpg","contentUrl":"https:\/\/staging.belleflamme.ca\/wp-content\/uploads\/2024\/03\/Foyer-au-Bois-RUMFORD-1500-de-Foyers-Renaissance.jpg","width":1200,"height":800,"caption":"Foyer au Bois RUMFORD 1500 de Foyers Renaissance"},{"@type":"BreadcrumbList","@id":"https:\/\/staging.belleflamme.ca\/fr\/produit\/foyer-au-bois-rumford-1500-de-foyers-renaissance\/#breadcrumb","itemListElement":[{"@type":"ListItem","position":1,"name":"Accueil","item":"https:\/\/www.belleflamme.ca\/fr\/"},{"@type":"ListItem","position":2,"name":"Boutique","item":"https:\/\/www.belleflamme.ca\/fr\/boutique\/"},{"@type":"ListItem","position":3,"name":"Po\u00eales &amp; Foyers","item":"https:\/\/staging.belleflamme.ca\/fr\/categories\/poeles-et-foyers\/"},{"@type":"ListItem","position":4,"name":"Po\u00eales &amp; Foyers au Bois","item":"https:\/\/staging.belleflamme.ca\/fr\/categories\/poeles-et-foyers\/poeles-et-foyers-au-bois\/"},{"@type":"ListItem","position":5,"name":"Foyer au Bois","item":"https:\/\/staging.belleflamme.ca\/fr\/categories\/poeles-et-foyers\/poeles-et-foyers-au-bois\/foyer-au-bois\/"},{"@type":"ListItem","position":6,"name":"Foyer au Bois RUMFORD 1500 de Foyers Renaissance"}]},{"@type":"WebSite","@id":"https:\/\/www.belleflamme.ca\/fr\/#website","url":"https:\/\/www.belleflamme.ca\/fr\/","name":"Groupe Belleflamme","description":"La m\u00e9canique du b\u00e2timent dans le sang.","publisher":{"@id":"https:\/\/www.belleflamme.ca\/fr\/#organization"},"potentialAction":[{"@type":"SearchAction","target":{"@type":"EntryPoint","urlTemplate":"https:\/\/www.belleflamme.ca\/fr\/?s={search_term_string}"},"query-input":{"@type":"PropertyValueSpecification","valueRequired":true,"valueName":"search_term_string"}}],"inLanguage":"fr-FR"},{"@type":["Organization","Place"],"@id":"https:\/\/www.belleflamme.ca\/fr\/#organization","name":"Groupe Belleflamme","alternateName":"Belleflamme","url":"https:\/\/www.belleflamme.ca\/fr\/","logo":{"@type":"ImageObject","inLanguage":"fr-FR","@id":"https:\/\/www.belleflamme.ca\/fr\/#\/schema\/logo\/image\/","url":"https:\/\/staging.belleflamme.ca\/wp-content\/uploads\/2023\/01\/og-image.jpg","contentUrl":"https:\/\/staging.belleflamme.ca\/wp-content\/uploads\/2023\/01\/og-image.jpg","width":1200,"height":630,"caption":"Groupe Belleflamme"},"image":{"@id":"https:\/\/www.belleflamme.ca\/fr\/#\/schema\/logo\/image\/"},"sameAs":["https:\/\/www.facebook.com\/belleflamme.ca\/","https:\/\/www.linkedin.com\/company\/belleflamme\/","https:\/\/www.pinterest.ca\/groupebelleflamme\/","https:\/\/www.instagram.com\/legroupebelleflamme\/"],"mainEntityOfPage":{"@id":"https:\/\/staging.belleflamme.ca\/fr\/produit\/foyer-au-bois-rumford-1500-de-foyers-renaissance\/"}}]},"product_brand":"Renaissance Fireplace","product_price_amount":"12250.00","product_price_currency":"CAD","og_availability":"instock","product_availability":"instock","product_retailer_item_id":"EF-RR1500B","product_condition":"new"},"_links":{"self":[{"href":"https:\/\/staging.belleflamme.ca\/fr\/wp-json\/wp\/v2\/product\/30551","targetHints":{"allow":["GET"]}}],"collection":[{"href":"https:\/\/staging.belleflamme.ca\/fr\/wp-json\/wp\/v2\/product"}],"about":[{"href":"https:\/\/staging.belleflamme.ca\/fr\/wp-json\/wp\/v2\/types\/product"}],"version-history":[{"count":6,"href":"https:\/\/staging.belleflamme.ca\/fr\/wp-json\/wp\/v2\/product\/30551\/revisions"}],"predecessor-version":[{"id":42987,"href":"https:\/\/staging.belleflamme.ca\/fr\/wp-json\/wp\/v2\/product\/30551\/revisions\/42987"}],"wp:featuredmedia":[{"embeddable":true,"href":"https:\/\/staging.belleflamme.ca\/fr\/wp-json\/wp\/v2\/media\/30552"}],"wp:attachment":[{"href":"https:\/\/staging.belleflamme.ca\/fr\/wp-json\/wp\/v2\/media?parent=30551"}],"wp:term":[{"taxonomy":"product_brand","embeddable":true,"href":"https:\/\/staging.belleflamme.ca\/fr\/wp-json\/wp\/v2\/product_brand?post=30551"},{"taxonomy":"product_cat","embeddable":true,"href":"https:\/\/staging.belleflamme.ca\/fr\/wp-json\/wp\/v2\/product_cat?post=30551"},{"taxonomy":"product_tag","embeddable":true,"href":"https:\/\/staging.belleflamme.ca\/fr\/wp-json\/wp\/v2\/product_tag?post=30551"}],"curies":[{"name":"wp","href":"https:\/\/api.w.org\/{rel}","templated":true}]}}