{"id":30512,"date":"2024-03-14T17:15:20","date_gmt":"2024-03-14T21:15:20","guid":{"rendered":"https:\/\/www.belleflamme.ca\/?post_type=product&#038;p=30512"},"modified":"2024-09-10T11:15:06","modified_gmt":"2024-09-10T15:15:06","slug":"foyer-au-bois-uptown-600-de-foyers-renaissance","status":"publish","type":"product","link":"https:\/\/staging.belleflamme.ca\/fr\/produit\/foyer-au-bois-uptown-600-de-foyers-renaissance\/","title":{"rendered":"Foyer au Bois UPTOWN 600 de Foyers Renaissance"},"content":{"rendered":"\t\t<div data-elementor-type=\"product-post\" data-elementor-id=\"30512\" class=\"elementor elementor-30512\" data-elementor-post-type=\"product\">\n\t\t\t\t\t\t<section class=\"elementor-section elementor-top-section elementor-element elementor-element-5046c87 elementor-section-boxed elementor-section-height-default elementor-section-height-default\" data-id=\"5046c87\" data-element_type=\"section\">\n\t\t\t\t\t\t<div class=\"elementor-container elementor-column-gap-default\">\n\t\t\t\t\t<div class=\"elementor-column elementor-col-100 elementor-top-column elementor-element elementor-element-5c77cdbe\" data-id=\"5c77cdbe\" data-element_type=\"column\">\n\t\t\t<div class=\"elementor-widget-wrap elementor-element-populated\">\n\t\t\t\t\t\t<div class=\"elementor-element elementor-element-5a2cf09c elementor-widget elementor-widget-text-editor\" data-id=\"5a2cf09c\" data-element_type=\"widget\" data-widget_type=\"text-editor.default\">\n\t\t\t\t<div class=\"elementor-widget-container\">\n\t\t\t\t\t\t\t\t\t<iframe width=\"560\" height=\"315\" src=\"https:\/\/www.youtube.com\/embed\/A19o6oJ_QPM?si=tY6C-dfcoWAX3NCb\" title=\"YouTube video player\" frameborder=\"0\" allow=\"accelerometer; autoplay; clipboard-write; encrypted-media; gyroscope; picture-in-picture; web-share\" allowfullscreen><\/iframe>\n<h2>LE CHAUFFAGE AU BOIS UNE TRADITION R\u00c9INVENT\u00c9E.<\/h2>\nLe mod\u00e8le Uptown vous offre le cachet d\u2019une conception \u00e9pur\u00e9e, la polyvalence d\u2019un appareil \u00e0 dimensions mod\u00e9r\u00e9es et ainsi d\u2019innombrables styles d\u2019expression.\n\nMont\u00e9s sur des rails verticaux, la porte guillotine et le pare-\u00e9tincelles int\u00e9gr\u00e9s glissent ais\u00e9ment gr\u00e2ce \u00e0 un dispositif de roulement \u00e0 double contrepoids. Le syst\u00e8me d\u2019inclinaison avant de la porte et du pare-\u00e9tincelles fournit cette m\u00eame fluidit\u00e9 de mouvement facilitant ainsi le nettoyage et l\u2019entretien. Ensemble, les syst\u00e8mes de guillotine et d\u2019inclinaison simplifient le chargement, le fonctionnement et l\u2019entretien de l\u2019appareil. Il ne reste qu\u2019\u00e0 admirer en toute s\u00e9curit\u00e9 les flammes splendides ondoyant derri\u00e8re 600 po2 de verre.\n<div class=\"elementor-element elementor-element-4afc0202 elementor-widget elementor-widget-heading\" data-id=\"4afc0202\" data-element_type=\"widget\" data-widget_type=\"heading.default\">\n<div class=\"elementor-widget-container\">\n<h3>FICHE TECHNIQUE<\/h3>\n<\/div>\n<\/div>\n<section class=\"elementor-section elementor-inner-section elementor-element elementor-element-7c16a1c4 elementor-section-boxed elementor-section-height-default elementor-section-height-default\" data-id=\"7c16a1c4\" data-element_type=\"section\">\n<div class=\"elementor-container elementor-column-gap-wide\">\n<div class=\"elementor-column elementor-col-50 elementor-inner-column elementor-element elementor-element-a69d26a left\" data-id=\"a69d26a\" data-element_type=\"column\">\n<div class=\"elementor-widget-wrap elementor-element-populated\">\n<div class=\"elementor-element elementor-element-6a732928 elementor-widget elementor-widget-text-editor\" data-id=\"6a732928\" data-element_type=\"widget\" data-widget_type=\"text-editor.default\">\n<div class=\"elementor-widget-container\">\n\n<strong>Uptown 600<\/strong>\n\n<\/div>\n<\/div>\n<div class=\"elementor-element elementor-element-f6a235e elementor-widget elementor-widget-text-editor\" data-id=\"f6a235e\" data-element_type=\"widget\" data-widget_type=\"text-editor.default\">\n<div class=\"elementor-widget-container\">\n\n<strong>Remarque: Le manuel d\u2019installation doit toujours \u00eatre utilis\u00e9 pour une planification pr\u00e9cise et une installation minutieuse de votre foyer.<\/strong>\n\n<\/div>\n<\/div>\n<div class=\"elementor-element elementor-element-6ecb491 elementor-widget elementor-widget-text-editor\" data-id=\"6ecb491\" data-element_type=\"widget\" data-widget_type=\"text-editor.default\">\n<div class=\"elementor-widget-container\">\n<table>\n<tbody>\n<tr>\n<th colspan=\"2\">SP\u00c9CIFICATIONS G\u00c9N\u00c9RALES<\/th>\n<\/tr>\n<tr>\n<td><strong>Dimensions externes<\/strong><\/td>\n<td>44 3\/4 po x 56 5\/8 po x 28 1\/4 po<\/td>\n<\/tr>\n<tr>\n<td><strong>Poids \u00e0 l\u2019exp\u00e9dition<\/strong><\/td>\n<td>705 lb<\/td>\n<\/tr>\n<tr>\n<td><strong>Dimensions de la caisse l\u2019exp\u00e9dition<\/strong><\/td>\n<td>51\u2033L x 63 1\/2\u2033H x 32\u2033P<\/td>\n<\/tr>\n<tr>\n<td><strong>Dimensions de l\u2019ouverture de la porte<\/strong><\/td>\n<td>36 7\/8\u2033 L x 26 1\/8\u2033 H<\/td>\n<\/tr>\n<tr>\n<td><strong>Dimensions de la vitre<\/strong><\/td>\n<td>28 1\/2\u2033 L x 20 3\/8\u2033 H<\/td>\n<\/tr>\n<tr>\n<td><strong>Dimensions de la boite \u00e0 feu<\/strong><\/td>\n<td>28 1\/2\u2033L x 13\u2033P<\/td>\n<\/tr>\n<tr>\n<td><strong>\u00c9missions<\/strong><\/td>\n<td>Le foyer Uptown 600 peut \u00eatre vendu au Canada et aux Etats-Unis car il n\u2019est pas r\u00e9glement\u00e9 selon la d\u00e9finition de \u00ab foyer (fireplace) \u00bb qui se retrouve dans la sous-partie AAA de la r\u00e9glementation EPA 2015 Standards of Performance for New Residential Wood Heaters Vol. 80, n\u00b0 50.<\/td>\n<\/tr>\n<tr>\n<td><strong>Dimension de la chemin\u00e9e<\/strong><\/td>\n<td>8\u2033 EXCEL<\/td>\n<\/tr>\n<tr>\n<td><strong>Hauteur minimale de la chemin\u00e9e<\/strong><\/td>\n<td>12\u2032<\/td>\n<\/tr>\n<tr>\n<td><strong>Provision de b\u00fbche \u00e0 gaz<\/strong><\/td>\n<td>Oui (max. 50,000 BTU)\n\nCes foyers peuvent \u00eatre trou\u00e9s afin de permettre l\u2019installation d\u2019un ensemble pr\u00e9fabriqu\u00e9 de b\u00fbches \u00e0 gaz. Vous ne pouvez pas installer un allume-feu au gaz dans un foyer Renaissance parce que la tr\u00e8s haute temp\u00e9rature de la bo\u00eete \u00e0 feu le fera br\u00fbler le briquet \u00e0 b\u00fbches tr\u00e8s rapidement.<\/td>\n<\/tr>\n<tr>\n<td><strong>SRC\u00a0 (Syst\u00e8me de r\u00e9cup\u00e9ration de chaleur<\/strong><\/td>\n<td>Inclus avec le foyer<\/td>\n<\/tr>\n<tr>\n<td><strong>Couleur de la peinture de retouche<\/strong><\/td>\n<td>Noir m\u00e9tallique Stove Bright<\/td>\n<\/tr>\n<tr>\n<td><strong>Charge de combustible maximale<\/strong><\/td>\n<td>3-4 b\u00fbches moyennes<\/td>\n<\/tr>\n<tr>\n<td><strong>Longueur maximales des b\u00fbches<\/strong><\/td>\n<td>24\u2033<\/td>\n<\/tr>\n<tr>\n<td><strong>Porte<\/strong><\/td>\n<td>Guillotine\u00a0\u2013 Rail \u00e0 glissi\u00e8re<\/td>\n<\/tr>\n<tr>\n<td><strong>Pare-\u00e9tincelles<\/strong><\/td>\n<td>Guillotine\u00a0 \u2013 Rail \u00e0 glissi\u00e8re<\/td>\n<\/tr>\n<tr>\n<td><strong>Bordure pour finition<\/strong><\/td>\n<td>Bordure droite (EO-RUPST) et Bordure cadre (EO-RUPFT)<\/td>\n<\/tr>\n<\/tbody>\n<\/table>\n<\/div>\n<\/div>\n<\/div>\n<\/div>\n<\/div>\n<\/section>\t\t\t\t\t\t\t\t<\/div>\n\t\t\t\t<\/div>\n\t\t\t\t\t<\/div>\n\t\t<\/div>\n\t\t\t\t\t<\/div>\n\t\t<\/section>\n\t\t\t\t<section class=\"elementor-section elementor-top-section elementor-element elementor-element-74416e0 elementor-section-boxed elementor-section-height-default elementor-section-height-default\" data-id=\"74416e0\" data-element_type=\"section\">\n\t\t\t\t\t\t<div class=\"elementor-container elementor-column-gap-default\">\n\t\t\t\t\t<div class=\"elementor-column elementor-col-100 elementor-top-column elementor-element elementor-element-9d7b4e2\" data-id=\"9d7b4e2\" data-element_type=\"column\">\n\t\t\t<div class=\"elementor-widget-wrap elementor-element-populated\">\n\t\t\t\t\t\t<div class=\"elementor-element elementor-element-ae84643 elementor-tabs-view-horizontal elementor-widget elementor-widget-tabs\" data-id=\"ae84643\" data-element_type=\"widget\" data-widget_type=\"tabs.default\">\n\t\t\t\t<div class=\"elementor-widget-container\">\n\t\t\t\t\t\t\t<div class=\"elementor-tabs\">\n\t\t\t<div class=\"elementor-tabs-wrapper\" role=\"tablist\" >\n\t\t\t\t\t\t\t\t\t<div id=\"elementor-tab-title-1821\" class=\"elementor-tab-title elementor-tab-desktop-title\" aria-selected=\"true\" data-tab=\"1\" role=\"tab\" tabindex=\"0\" aria-controls=\"elementor-tab-content-1821\" aria-expanded=\"false\">Fichiers<\/div>\n\t\t\t\t\t\t\t<\/div>\n\t\t\t<div class=\"elementor-tabs-content-wrapper\" role=\"tablist\" aria-orientation=\"vertical\">\n\t\t\t\t\t\t\t\t\t<div class=\"elementor-tab-title elementor-tab-mobile-title\" aria-selected=\"true\" data-tab=\"1\" role=\"tab\" tabindex=\"0\" aria-controls=\"elementor-tab-content-1821\" aria-expanded=\"false\">Fichiers<\/div>\n\t\t\t\t\t<div id=\"elementor-tab-content-1821\" class=\"elementor-tab-content elementor-clearfix\" data-tab=\"1\" role=\"tabpanel\" aria-labelledby=\"elementor-tab-title-1821\" tabindex=\"0\" hidden=\"false\"><i class=\"far fa-file-pdf fa-xl\" style=\"font-size:35px\"><\/i><a href=\"https:\/\/www.belleflamme.ca\/wp-content\/uploads\/2024\/03\/RR-RUP600-F_2019.pdf\"> Brochure<\/a><\/br>\n<i class=\"far fa-file-pdf fa-xl\" style=\"font-size:35px\"><\/i><a href=\"https:\/\/www.belleflamme.ca\/wp-content\/uploads\/2024\/03\/RUP600-INFR-2022-09.pdf\"> Manuel<\/a><\/br>\n<i class=\"far fa-file-pdf fa-xl\" style=\"font-size:35px\"><\/i><a href=\"https:\/\/www.belleflamme.ca\/wp-content\/uploads\/2024\/03\/RUP600-OWFR-2020-12.pdf\"> Manuel du Propri\u00e9taire<\/a><\/br>\n<i class=\"far fa-file-pdf fa-xl\" style=\"font-size:35px\"><\/i><a href=\"https:\/\/www.belleflamme.ca\/wp-content\/uploads\/2024\/03\/RUP600-vue-explosee-10-2021.pdf\"> Vue Explos\u00e9e<\/a><\/br><\/div>\n\t\t\t\t\t\t\t<\/div>\n\t\t<\/div>\n\t\t\t\t\t\t<\/div>\n\t\t\t\t<\/div>\n\t\t\t\t\t<\/div>\n\t\t<\/div>\n\t\t\t\t\t<\/div>\n\t\t<\/section>\n\t\t\t\t<\/div>\n\t\t","protected":false},"excerpt":{"rendered":"<p>LE CHAUFFAGE AU BOIS UNE TRADITION R\u00c9INVENT\u00c9E. Le mod\u00e8le Uptown vous offre le cachet d\u2019une conception \u00e9pur\u00e9e, la polyvalence d\u2019un appareil \u00e0 dimensions mod\u00e9r\u00e9es et ainsi d\u2019innombrables styles d\u2019expression. Mont\u00e9s sur des rails verticaux, la porte guillotine et le pare-\u00e9tincelles int\u00e9gr\u00e9s glissent ais\u00e9ment gr\u00e2ce \u00e0 un dispositif de roulement \u00e0 double contrepoids. Le syst\u00e8me d\u2019inclinaison [&hellip;]<\/p>\n","protected":false},"featured_media":30513,"template":"","meta":{"inline_featured_image":false},"product_brand":[1239],"product_cat":[33,34,40],"product_tag":[],"class_list":{"0":"post-30512","1":"product","2":"type-product","3":"status-publish","4":"has-post-thumbnail","6":"product_brand-renaissance-fireplace","7":"product_cat-poeles-et-foyers","8":"product_cat-poeles-et-foyers-au-bois","9":"product_cat-foyer-au-bois","11":"first","12":"instock","13":"taxable","14":"shipping-taxable","15":"purchasable","16":"product-type-simple"},"yoast_head":"<!-- This site is optimized with the Yoast SEO Premium plugin v24.2 (Yoast SEO v24.2) - https:\/\/yoast.com\/wordpress\/plugins\/seo\/ -->\n<title>Foyer au Bois UPTOWN 600 de Foyers Renaissance - Groupe BelleFlamme<\/title>\n<meta name=\"description\" content=\"Foyer au Bois UPTOWN 600 de Foyers Renaissance vendu et install\u00e9 par le Groupe Belleflamme. Laval, Montr\u00e9al, Gatineau et Saint-Sauveur.\" \/>\n<meta name=\"robots\" content=\"index, follow, max-snippet:-1, max-image-preview:large, max-video-preview:-1\" \/>\n<link rel=\"canonical\" href=\"https:\/\/staging.belleflamme.ca\/fr\/produit\/foyer-au-bois-uptown-600-de-foyers-renaissance\/\" \/>\n<meta property=\"og:locale\" content=\"fr_FR\" \/>\n<meta property=\"og:type\" content=\"article\" \/>\n<meta property=\"og:title\" content=\"Foyer au Bois UPTOWN 600 de Foyers Renaissance\" \/>\n<meta property=\"og:description\" content=\"Foyer au Bois UPTOWN 600 de Foyers Renaissance vendu et install\u00e9 par le Groupe Belleflamme. Laval, Montr\u00e9al, Gatineau et Saint-Sauveur.\" \/>\n<meta property=\"og:url\" content=\"https:\/\/staging.belleflamme.ca\/fr\/produit\/foyer-au-bois-uptown-600-de-foyers-renaissance\/\" \/>\n<meta property=\"og:site_name\" content=\"Groupe BelleFlamme\" \/>\n<meta property=\"article:publisher\" content=\"https:\/\/www.facebook.com\/belleflamme.ca\/\" \/>\n<meta property=\"article:modified_time\" content=\"2024-09-10T15:15:06+00:00\" \/>\n<meta property=\"og:image\" content=\"https:\/\/www.belleflamme.ca\/wp-content\/uploads\/2024\/03\/Foyer-au-Bois-UPTOWN-600-de-Foyers-Renaissance.jpg\" \/>\n\t<meta property=\"og:image:width\" content=\"1920\" \/>\n\t<meta property=\"og:image:height\" content=\"1080\" \/>\n\t<meta property=\"og:image:type\" content=\"image\/jpeg\" \/>\n<meta name=\"twitter:card\" content=\"summary_large_image\" \/>\n<meta name=\"twitter:label1\" content=\"Prix\" \/>\n\t<meta name=\"twitter:data1\" content=\"&#036;8,399.00\" \/>\n\t<meta name=\"twitter:label2\" content=\"Disponibilit\u00e9\" \/>\n\t<meta name=\"twitter:data2\" content=\"En stock\" \/>\n<script type=\"application\/ld+json\" class=\"yoast-schema-graph\">{\"@context\":\"https:\/\/schema.org\",\"@graph\":[{\"@type\":[\"WebPage\",\"ItemPage\"],\"@id\":\"https:\/\/staging.belleflamme.ca\/fr\/produit\/foyer-au-bois-uptown-600-de-foyers-renaissance\/\",\"url\":\"https:\/\/staging.belleflamme.ca\/fr\/produit\/foyer-au-bois-uptown-600-de-foyers-renaissance\/\",\"name\":\"Foyer au Bois UPTOWN 600 de Foyers Renaissance - Groupe BelleFlamme\",\"isPartOf\":{\"@id\":\"https:\/\/www.belleflamme.ca\/fr\/#website\"},\"primaryImageOfPage\":{\"@id\":\"https:\/\/staging.belleflamme.ca\/fr\/produit\/foyer-au-bois-uptown-600-de-foyers-renaissance\/#primaryimage\"},\"image\":{\"@id\":\"https:\/\/staging.belleflamme.ca\/fr\/produit\/foyer-au-bois-uptown-600-de-foyers-renaissance\/#primaryimage\"},\"thumbnailUrl\":\"https:\/\/staging.belleflamme.ca\/wp-content\/uploads\/2024\/03\/Foyer-au-Bois-UPTOWN-600-de-Foyers-Renaissance.jpg\",\"datePublished\":\"2024-03-14T21:15:20+00:00\",\"dateModified\":\"2024-09-10T15:15:06+00:00\",\"description\":\"Foyer au Bois UPTOWN 600 de Foyers Renaissance vendu et install\u00e9 par le Groupe Belleflamme. Laval, Montr\u00e9al, Gatineau et Saint-Sauveur.\",\"breadcrumb\":{\"@id\":\"https:\/\/staging.belleflamme.ca\/fr\/produit\/foyer-au-bois-uptown-600-de-foyers-renaissance\/#breadcrumb\"},\"inLanguage\":\"fr-FR\",\"potentialAction\":[{\"@type\":\"ReadAction\",\"target\":[\"https:\/\/staging.belleflamme.ca\/fr\/produit\/foyer-au-bois-uptown-600-de-foyers-renaissance\/\"]}]},{\"@type\":\"ImageObject\",\"inLanguage\":\"fr-FR\",\"@id\":\"https:\/\/staging.belleflamme.ca\/fr\/produit\/foyer-au-bois-uptown-600-de-foyers-renaissance\/#primaryimage\",\"url\":\"https:\/\/staging.belleflamme.ca\/wp-content\/uploads\/2024\/03\/Foyer-au-Bois-UPTOWN-600-de-Foyers-Renaissance.jpg\",\"contentUrl\":\"https:\/\/staging.belleflamme.ca\/wp-content\/uploads\/2024\/03\/Foyer-au-Bois-UPTOWN-600-de-Foyers-Renaissance.jpg\",\"width\":1920,\"height\":1080,\"caption\":\"Foyer au Bois UPTOWN 600 de Foyers Renaissance\"},{\"@type\":\"BreadcrumbList\",\"@id\":\"https:\/\/staging.belleflamme.ca\/fr\/produit\/foyer-au-bois-uptown-600-de-foyers-renaissance\/#breadcrumb\",\"itemListElement\":[{\"@type\":\"ListItem\",\"position\":1,\"name\":\"Accueil\",\"item\":\"https:\/\/www.belleflamme.ca\/fr\/\"},{\"@type\":\"ListItem\",\"position\":2,\"name\":\"Boutique\",\"item\":\"https:\/\/www.belleflamme.ca\/fr\/boutique\/\"},{\"@type\":\"ListItem\",\"position\":3,\"name\":\"Po\u00eales &amp; Foyers\",\"item\":\"https:\/\/staging.belleflamme.ca\/fr\/categories\/poeles-et-foyers\/\"},{\"@type\":\"ListItem\",\"position\":4,\"name\":\"Po\u00eales &amp; Foyers au Bois\",\"item\":\"https:\/\/staging.belleflamme.ca\/fr\/categories\/poeles-et-foyers\/poeles-et-foyers-au-bois\/\"},{\"@type\":\"ListItem\",\"position\":5,\"name\":\"Foyer au Bois\",\"item\":\"https:\/\/staging.belleflamme.ca\/fr\/categories\/poeles-et-foyers\/poeles-et-foyers-au-bois\/foyer-au-bois\/\"},{\"@type\":\"ListItem\",\"position\":6,\"name\":\"Foyer au Bois UPTOWN 600 de Foyers Renaissance\"}]},{\"@type\":\"WebSite\",\"@id\":\"https:\/\/www.belleflamme.ca\/fr\/#website\",\"url\":\"https:\/\/www.belleflamme.ca\/fr\/\",\"name\":\"Groupe Belleflamme\",\"description\":\"La m\u00e9canique du b\u00e2timent dans le sang.\",\"publisher\":{\"@id\":\"https:\/\/www.belleflamme.ca\/fr\/#organization\"},\"potentialAction\":[{\"@type\":\"SearchAction\",\"target\":{\"@type\":\"EntryPoint\",\"urlTemplate\":\"https:\/\/www.belleflamme.ca\/fr\/?s={search_term_string}\"},\"query-input\":{\"@type\":\"PropertyValueSpecification\",\"valueRequired\":true,\"valueName\":\"search_term_string\"}}],\"inLanguage\":\"fr-FR\"},{\"@type\":[\"Organization\",\"Place\"],\"@id\":\"https:\/\/www.belleflamme.ca\/fr\/#organization\",\"name\":\"Groupe Belleflamme\",\"alternateName\":\"Belleflamme\",\"url\":\"https:\/\/www.belleflamme.ca\/fr\/\",\"logo\":{\"@type\":\"ImageObject\",\"inLanguage\":\"fr-FR\",\"@id\":\"https:\/\/www.belleflamme.ca\/fr\/#\/schema\/logo\/image\/\",\"url\":\"https:\/\/staging.belleflamme.ca\/wp-content\/uploads\/2023\/01\/og-image.jpg\",\"contentUrl\":\"https:\/\/staging.belleflamme.ca\/wp-content\/uploads\/2023\/01\/og-image.jpg\",\"width\":1200,\"height\":630,\"caption\":\"Groupe Belleflamme\"},\"image\":{\"@id\":\"https:\/\/www.belleflamme.ca\/fr\/#\/schema\/logo\/image\/\"},\"sameAs\":[\"https:\/\/www.facebook.com\/belleflamme.ca\/\",\"https:\/\/www.linkedin.com\/company\/belleflamme\/\",\"https:\/\/www.pinterest.ca\/groupebelleflamme\/\",\"https:\/\/www.instagram.com\/legroupebelleflamme\/\"],\"mainEntityOfPage\":{\"@id\":\"https:\/\/staging.belleflamme.ca\/fr\/produit\/foyer-au-bois-uptown-600-de-foyers-renaissance\/\"}}]}<\/script>\n<meta property=\"product:brand\" content=\"Renaissance Fireplace\" \/>\n<meta property=\"product:price:amount\" content=\"8399.00\" \/>\n<meta property=\"product:price:currency\" content=\"CAD\" \/>\n<meta property=\"og:availability\" content=\"instock\" \/>\n<meta property=\"product:availability\" content=\"instock\" \/>\n<meta property=\"product:retailer_item_id\" content=\"EF-RUP600\" \/>\n<meta property=\"product:condition\" content=\"new\" \/>\n<!-- \/ Yoast SEO Premium plugin. -->","yoast_head_json":{"title":"Foyer au Bois UPTOWN 600 de Foyers Renaissance - Groupe BelleFlamme","description":"Foyer au Bois UPTOWN 600 de Foyers Renaissance vendu et install\u00e9 par le Groupe Belleflamme. Laval, Montr\u00e9al, Gatineau et Saint-Sauveur.","robots":{"index":"index","follow":"follow","max-snippet":"max-snippet:-1","max-image-preview":"max-image-preview:large","max-video-preview":"max-video-preview:-1"},"canonical":"https:\/\/staging.belleflamme.ca\/fr\/produit\/foyer-au-bois-uptown-600-de-foyers-renaissance\/","og_locale":"fr_FR","og_type":"article","og_title":"Foyer au Bois UPTOWN 600 de Foyers Renaissance","og_description":"Foyer au Bois UPTOWN 600 de Foyers Renaissance vendu et install\u00e9 par le Groupe Belleflamme. Laval, Montr\u00e9al, Gatineau et Saint-Sauveur.","og_url":"https:\/\/staging.belleflamme.ca\/fr\/produit\/foyer-au-bois-uptown-600-de-foyers-renaissance\/","og_site_name":"Groupe BelleFlamme","article_publisher":"https:\/\/www.facebook.com\/belleflamme.ca\/","article_modified_time":"2024-09-10T15:15:06+00:00","og_image":[{"width":1920,"height":1080,"url":"https:\/\/www.belleflamme.ca\/wp-content\/uploads\/2024\/03\/Foyer-au-Bois-UPTOWN-600-de-Foyers-Renaissance.jpg","type":"image\/jpeg"}],"twitter_card":"summary_large_image","twitter_misc":{"Prix":"&#36;8,399.00","Disponibilit\u00e9":"En stock"},"schema":{"@context":"https:\/\/schema.org","@graph":[{"@type":["WebPage","ItemPage"],"@id":"https:\/\/staging.belleflamme.ca\/fr\/produit\/foyer-au-bois-uptown-600-de-foyers-renaissance\/","url":"https:\/\/staging.belleflamme.ca\/fr\/produit\/foyer-au-bois-uptown-600-de-foyers-renaissance\/","name":"Foyer au Bois UPTOWN 600 de Foyers Renaissance - Groupe BelleFlamme","isPartOf":{"@id":"https:\/\/www.belleflamme.ca\/fr\/#website"},"primaryImageOfPage":{"@id":"https:\/\/staging.belleflamme.ca\/fr\/produit\/foyer-au-bois-uptown-600-de-foyers-renaissance\/#primaryimage"},"image":{"@id":"https:\/\/staging.belleflamme.ca\/fr\/produit\/foyer-au-bois-uptown-600-de-foyers-renaissance\/#primaryimage"},"thumbnailUrl":"https:\/\/staging.belleflamme.ca\/wp-content\/uploads\/2024\/03\/Foyer-au-Bois-UPTOWN-600-de-Foyers-Renaissance.jpg","datePublished":"2024-03-14T21:15:20+00:00","dateModified":"2024-09-10T15:15:06+00:00","description":"Foyer au Bois UPTOWN 600 de Foyers Renaissance vendu et install\u00e9 par le Groupe Belleflamme. Laval, Montr\u00e9al, Gatineau et Saint-Sauveur.","breadcrumb":{"@id":"https:\/\/staging.belleflamme.ca\/fr\/produit\/foyer-au-bois-uptown-600-de-foyers-renaissance\/#breadcrumb"},"inLanguage":"fr-FR","potentialAction":[{"@type":"ReadAction","target":["https:\/\/staging.belleflamme.ca\/fr\/produit\/foyer-au-bois-uptown-600-de-foyers-renaissance\/"]}]},{"@type":"ImageObject","inLanguage":"fr-FR","@id":"https:\/\/staging.belleflamme.ca\/fr\/produit\/foyer-au-bois-uptown-600-de-foyers-renaissance\/#primaryimage","url":"https:\/\/staging.belleflamme.ca\/wp-content\/uploads\/2024\/03\/Foyer-au-Bois-UPTOWN-600-de-Foyers-Renaissance.jpg","contentUrl":"https:\/\/staging.belleflamme.ca\/wp-content\/uploads\/2024\/03\/Foyer-au-Bois-UPTOWN-600-de-Foyers-Renaissance.jpg","width":1920,"height":1080,"caption":"Foyer au Bois UPTOWN 600 de Foyers Renaissance"},{"@type":"BreadcrumbList","@id":"https:\/\/staging.belleflamme.ca\/fr\/produit\/foyer-au-bois-uptown-600-de-foyers-renaissance\/#breadcrumb","itemListElement":[{"@type":"ListItem","position":1,"name":"Accueil","item":"https:\/\/www.belleflamme.ca\/fr\/"},{"@type":"ListItem","position":2,"name":"Boutique","item":"https:\/\/www.belleflamme.ca\/fr\/boutique\/"},{"@type":"ListItem","position":3,"name":"Po\u00eales &amp; Foyers","item":"https:\/\/staging.belleflamme.ca\/fr\/categories\/poeles-et-foyers\/"},{"@type":"ListItem","position":4,"name":"Po\u00eales &amp; Foyers au Bois","item":"https:\/\/staging.belleflamme.ca\/fr\/categories\/poeles-et-foyers\/poeles-et-foyers-au-bois\/"},{"@type":"ListItem","position":5,"name":"Foyer au Bois","item":"https:\/\/staging.belleflamme.ca\/fr\/categories\/poeles-et-foyers\/poeles-et-foyers-au-bois\/foyer-au-bois\/"},{"@type":"ListItem","position":6,"name":"Foyer au Bois UPTOWN 600 de Foyers Renaissance"}]},{"@type":"WebSite","@id":"https:\/\/www.belleflamme.ca\/fr\/#website","url":"https:\/\/www.belleflamme.ca\/fr\/","name":"Groupe Belleflamme","description":"La m\u00e9canique du b\u00e2timent dans le sang.","publisher":{"@id":"https:\/\/www.belleflamme.ca\/fr\/#organization"},"potentialAction":[{"@type":"SearchAction","target":{"@type":"EntryPoint","urlTemplate":"https:\/\/www.belleflamme.ca\/fr\/?s={search_term_string}"},"query-input":{"@type":"PropertyValueSpecification","valueRequired":true,"valueName":"search_term_string"}}],"inLanguage":"fr-FR"},{"@type":["Organization","Place"],"@id":"https:\/\/www.belleflamme.ca\/fr\/#organization","name":"Groupe Belleflamme","alternateName":"Belleflamme","url":"https:\/\/www.belleflamme.ca\/fr\/","logo":{"@type":"ImageObject","inLanguage":"fr-FR","@id":"https:\/\/www.belleflamme.ca\/fr\/#\/schema\/logo\/image\/","url":"https:\/\/staging.belleflamme.ca\/wp-content\/uploads\/2023\/01\/og-image.jpg","contentUrl":"https:\/\/staging.belleflamme.ca\/wp-content\/uploads\/2023\/01\/og-image.jpg","width":1200,"height":630,"caption":"Groupe Belleflamme"},"image":{"@id":"https:\/\/www.belleflamme.ca\/fr\/#\/schema\/logo\/image\/"},"sameAs":["https:\/\/www.facebook.com\/belleflamme.ca\/","https:\/\/www.linkedin.com\/company\/belleflamme\/","https:\/\/www.pinterest.ca\/groupebelleflamme\/","https:\/\/www.instagram.com\/legroupebelleflamme\/"],"mainEntityOfPage":{"@id":"https:\/\/staging.belleflamme.ca\/fr\/produit\/foyer-au-bois-uptown-600-de-foyers-renaissance\/"}}]},"product_brand":"Renaissance Fireplace","product_price_amount":"8399.00","product_price_currency":"CAD","og_availability":"instock","product_availability":"instock","product_retailer_item_id":"EF-RUP600","product_condition":"new"},"_links":{"self":[{"href":"https:\/\/staging.belleflamme.ca\/fr\/wp-json\/wp\/v2\/product\/30512","targetHints":{"allow":["GET"]}}],"collection":[{"href":"https:\/\/staging.belleflamme.ca\/fr\/wp-json\/wp\/v2\/product"}],"about":[{"href":"https:\/\/staging.belleflamme.ca\/fr\/wp-json\/wp\/v2\/types\/product"}],"version-history":[{"count":11,"href":"https:\/\/staging.belleflamme.ca\/fr\/wp-json\/wp\/v2\/product\/30512\/revisions"}],"predecessor-version":[{"id":37582,"href":"https:\/\/staging.belleflamme.ca\/fr\/wp-json\/wp\/v2\/product\/30512\/revisions\/37582"}],"wp:featuredmedia":[{"embeddable":true,"href":"https:\/\/staging.belleflamme.ca\/fr\/wp-json\/wp\/v2\/media\/30513"}],"wp:attachment":[{"href":"https:\/\/staging.belleflamme.ca\/fr\/wp-json\/wp\/v2\/media?parent=30512"}],"wp:term":[{"taxonomy":"product_brand","embeddable":true,"href":"https:\/\/staging.belleflamme.ca\/fr\/wp-json\/wp\/v2\/product_brand?post=30512"},{"taxonomy":"product_cat","embeddable":true,"href":"https:\/\/staging.belleflamme.ca\/fr\/wp-json\/wp\/v2\/product_cat?post=30512"},{"taxonomy":"product_tag","embeddable":true,"href":"https:\/\/staging.belleflamme.ca\/fr\/wp-json\/wp\/v2\/product_tag?post=30512"}],"curies":[{"name":"wp","href":"https:\/\/api.w.org\/{rel}","templated":true}]}}