{"id":30283,"date":"2024-03-13T15:51:16","date_gmt":"2024-03-13T19:51:16","guid":{"rendered":"https:\/\/www.belleflamme.ca\/?post_type=product&#038;p=30283"},"modified":"2025-06-04T14:17:23","modified_gmt":"2025-06-04T18:17:23","slug":"foyer-encastrable-au-bois-en-fonte-alderlea-t5-classic-insert-le-de-pacific-energy","status":"publish","type":"product","link":"https:\/\/staging.belleflamme.ca\/fr\/produit\/foyer-encastrable-au-bois-en-fonte-alderlea-t5-classic-insert-le-de-pacific-energy\/","title":{"rendered":"Foyer Encastrable au Bois en fonte Alderlea T5 Classic Insert LE de Pacific Energy"},"content":{"rendered":"\t\t<div data-elementor-type=\"product-post\" data-elementor-id=\"30283\" class=\"elementor elementor-30283\" data-elementor-post-type=\"product\">\n\t\t\t\t\t\t<section class=\"elementor-section elementor-top-section elementor-element elementor-element-77e1e581 elementor-section-boxed elementor-section-height-default elementor-section-height-default\" data-id=\"77e1e581\" data-element_type=\"section\">\n\t\t\t\t\t\t<div class=\"elementor-container elementor-column-gap-default\">\n\t\t\t\t\t<div class=\"elementor-column elementor-col-100 elementor-top-column elementor-element elementor-element-1b4e8f81\" data-id=\"1b4e8f81\" data-element_type=\"column\">\n\t\t\t<div class=\"elementor-widget-wrap elementor-element-populated\">\n\t\t\t\t\t\t<div class=\"elementor-element elementor-element-2e938d06 elementor-widget elementor-widget-text-editor\" data-id=\"2e938d06\" data-element_type=\"widget\" data-widget_type=\"text-editor.default\">\n\t\t\t\t<div class=\"elementor-widget-container\">\n\t\t\t\t\t\t\t\t\t<p><iframe title=\"YouTube video player\" src=\"https:\/\/www.youtube.com\/embed\/j3_Lr8xb80w?si=TkMuML4GV2Ldw0Q6\" width=\"560\" height=\"315\" frameborder=\"0\" allowfullscreen=\"allowfullscreen\"><\/iframe><\/p><div class=\"lead\"><div class=\"woocommerce-product-details__short-description\"><h6><strong>POUR CHAUFFER DES ESPACES MOYENS<\/strong><\/h6><p>Profitez de toutes les caract\u00e9ristiques de l&#8217;insert LE T5 en fonte avec la beaut\u00e9 et le charme suppl\u00e9mentaires de la porcelaine \u00e9maill\u00e9e brillante.\u00a0Choisissez parmi les finitions Majolica Brown ou Antique White pour cr\u00e9er une pi\u00e8ce ma\u00eetresse saisissante et fournir une chaleur durable et propre.<\/p><\/div><\/div><div class=\"row remove-side-margins-half tech-info-stand-feature\"><div class=\"col col-12 col-sm-6\"><h5>INFORMATIONS TECHNIQUES<\/h5><p><strong>Bois de corde de 72 000 BTU\u00a0<\/strong><br \/>38 200 BTU<\/p><\/div><div class=\"col col-12 col-sm-6\"><p>Test d&#8217;efficacit\u00e9\u00a0\u00e9nerg\u00e9tique (HHV) de l&#8217;EPA 71,3 % d&#8217;\u00e9missions 1,8 g\/h.<br \/>Taille des b\u00fbches (recommand\u00e9e) 16&#8243;<br \/>Taille des b\u00fbches (max) 18&#8243;<br \/>Taille de la chambre de combustion 2,1 pi3<br \/>Zone de visualisation du verre 152 po\u00b2<br \/>Poids 480 lb<\/p><\/div><div class=\"col col-12 col-sm-6\"><h5>CARACT\u00c9RISTIQUES STANDARDS<\/h5><p>Certifi\u00e9 EPA 2020<br \/>Technologie fiable et durable sans catalytique<br \/>Technologie de combustion prolong\u00e9e (EBT)<br \/>Syst\u00e8me de d\u00e9flecteur haute capacit\u00e9<br \/>Technologie de lavage d&#8217;air pour un verre clair et propre<br \/>Syst\u00e8me d&#8217;injection d&#8217;air de combustion multi-ports<br \/>Chambre de combustion flottante pour une dur\u00e9e de vie prolong\u00e9e<br \/>du po\u00eale D\u00e9flecteur en acier inoxydable 304, couvercle isolant, rails et Pare-flammes<br \/>Boost d&#8217;air pour un allumage facile<br \/>Commande d&#8217;air \u00e0 levier unique<br \/>Tablette chauffante en fonte et rebord \u00e0 cendres<br \/>Deux ventilateurs \u00e0 vitesse variable actionn\u00e9s par la temp\u00e9rature<br \/>Collier de chemin\u00e9e amovible Compatible avec<br \/>l&#8217;air de combustion int\u00e9rieur et ext\u00e9rieur<br \/>Chargement de combustible nord-sud<\/p><\/div><\/div>\t\t\t\t\t\t\t\t<\/div>\n\t\t\t\t<\/div>\n\t\t\t\t<div class=\"elementor-element elementor-element-4d14f91 elementor-tabs-view-horizontal elementor-widget elementor-widget-tabs\" data-id=\"4d14f91\" data-element_type=\"widget\" data-widget_type=\"tabs.default\">\n\t\t\t\t<div class=\"elementor-widget-container\">\n\t\t\t\t\t\t\t<div class=\"elementor-tabs\">\n\t\t\t<div class=\"elementor-tabs-wrapper\" role=\"tablist\" >\n\t\t\t\t\t\t\t\t\t<div id=\"elementor-tab-title-8081\" class=\"elementor-tab-title elementor-tab-desktop-title\" aria-selected=\"true\" data-tab=\"1\" role=\"tab\" tabindex=\"0\" aria-controls=\"elementor-tab-content-8081\" aria-expanded=\"false\">Fichiers<\/div>\n\t\t\t\t\t\t\t<\/div>\n\t\t\t<div class=\"elementor-tabs-content-wrapper\" role=\"tablist\" aria-orientation=\"vertical\">\n\t\t\t\t\t\t\t\t\t<div class=\"elementor-tab-title elementor-tab-mobile-title\" aria-selected=\"true\" data-tab=\"1\" role=\"tab\" tabindex=\"0\" aria-controls=\"elementor-tab-content-8081\" aria-expanded=\"false\">Fichiers<\/div>\n\t\t\t\t\t<div id=\"elementor-tab-content-8081\" class=\"elementor-tab-content elementor-clearfix\" data-tab=\"1\" role=\"tabpanel\" aria-labelledby=\"elementor-tab-title-8081\" tabindex=\"0\" hidden=\"false\"><i class=\"far fa-file-pdf fa-xl\" style=\"font-size:35px\"><\/i><a href=\"https:\/\/www.belleflamme.ca\/wp-content\/uploads\/2024\/03\/11900054-Wood-Inserts-LE-FR-Web.pdf\"> Brochure<\/a><\/br>\n<i class=\"far fa-file-pdf fa-xl\" style=\"font-size:35px\"><\/i><a href=\"https:\/\/www.belleflamme.ca\/wp-content\/uploads\/2024\/03\/Alderlea-T5-Classic-Insert-LE-Spec-Sheet.pdf\"> Sp\u00e9cifications<\/a><\/br>\n<i class=\"far fa-file-pdf fa-xl\" style=\"font-size:35px\"><\/i><a href=\"https:\/\/www.belleflamme.ca\/wp-content\/uploads\/2024\/03\/100003039-ALT5-Insert-LE-French-210619-32-1.pdf\"> Manuel<\/a><\/br><\/div>\n\t\t\t\t\t\t\t<\/div>\n\t\t<\/div>\n\t\t\t\t\t\t<\/div>\n\t\t\t\t<\/div>\n\t\t\t\t\t<\/div>\n\t\t<\/div>\n\t\t\t\t\t<\/div>\n\t\t<\/section>\n\t\t\t\t<\/div>\n\t\t","protected":false},"excerpt":{"rendered":"<p>POUR CHAUFFER DES ESPACES MOYENS Profitez de toutes les caract\u00e9ristiques de l&#8217;insert LE T5 en fonte avec la beaut\u00e9 et le charme suppl\u00e9mentaires de la porcelaine \u00e9maill\u00e9e brillante.\u00a0Choisissez parmi les finitions Majolica Brown ou Antique White pour cr\u00e9er une pi\u00e8ce ma\u00eetresse saisissante et fournir une chaleur durable et propre. INFORMATIONS TECHNIQUES Bois de corde de [&hellip;]<\/p>\n","protected":false},"featured_media":30284,"template":"","meta":{"inline_featured_image":false},"product_brand":[1235],"product_cat":[33,34,42],"product_tag":[],"class_list":{"0":"post-30283","1":"product","2":"type-product","3":"status-publish","4":"has-post-thumbnail","6":"product_brand-pacific-energy","7":"product_cat-poeles-et-foyers","8":"product_cat-poeles-et-foyers-au-bois","9":"product_cat-encastrables-au-bois","11":"first","12":"instock","13":"taxable","14":"shipping-taxable","15":"purchasable","16":"product-type-variable"},"yoast_head":"<!-- This site is optimized with the Yoast SEO Premium plugin v24.2 (Yoast SEO v24.2) - https:\/\/yoast.com\/wordpress\/plugins\/seo\/ -->\n<title>Foyer Encastrable au Bois en fonte Alderlea T5 Classic Insert LE de Pacific Energy - Groupe BelleFlamme<\/title>\n<meta name=\"description\" content=\"Foyer Encastrable au Bois en fonte Alderlea T5 Classic Insert LE de Pacific Energy vendu et install\u00e9 par le Groupe Belleflamme. Laval, Montr\u00e9al, Gatineau et Saint-Sauveur.\" \/>\n<meta name=\"robots\" content=\"index, follow, max-snippet:-1, max-image-preview:large, max-video-preview:-1\" \/>\n<link rel=\"canonical\" href=\"https:\/\/staging.belleflamme.ca\/fr\/produit\/foyer-encastrable-au-bois-en-fonte-alderlea-t5-classic-insert-le-de-pacific-energy\/\" \/>\n<meta property=\"og:locale\" content=\"fr_FR\" \/>\n<meta property=\"og:type\" content=\"article\" \/>\n<meta property=\"og:title\" content=\"Foyer Encastrable au Bois en fonte Alderlea T5 Classic Insert LE de Pacific Energy\" \/>\n<meta property=\"og:description\" content=\"Foyer Encastrable au Bois en fonte Alderlea T5 Classic Insert LE de Pacific Energy vendu et install\u00e9 par le Groupe Belleflamme. Laval, Montr\u00e9al, Gatineau et Saint-Sauveur.\" \/>\n<meta property=\"og:url\" content=\"https:\/\/staging.belleflamme.ca\/fr\/produit\/foyer-encastrable-au-bois-en-fonte-alderlea-t5-classic-insert-le-de-pacific-energy\/\" \/>\n<meta property=\"og:site_name\" content=\"Groupe BelleFlamme\" \/>\n<meta property=\"article:publisher\" content=\"https:\/\/www.facebook.com\/belleflamme.ca\/\" \/>\n<meta property=\"article:modified_time\" content=\"2025-06-04T18:17:23+00:00\" \/>\n<meta property=\"og:image\" content=\"https:\/\/www.belleflamme.ca\/wp-content\/uploads\/2024\/03\/Foyer-Encastrable-au-Bois-en-fonte-Alderlea-T5-Classic-Insert-LE-de-Pacific-Energy.jpg\" \/>\n\t<meta property=\"og:image:width\" content=\"660\" \/>\n\t<meta property=\"og:image:height\" content=\"700\" \/>\n\t<meta property=\"og:image:type\" content=\"image\/jpeg\" \/>\n<meta name=\"twitter:card\" content=\"summary_large_image\" \/>\n<meta name=\"twitter:label1\" content=\"Disponibilit\u00e9\" \/>\n\t<meta name=\"twitter:data1\" content=\"En stock\" \/>\n<script type=\"application\/ld+json\" class=\"yoast-schema-graph\">{\"@context\":\"https:\/\/schema.org\",\"@graph\":[{\"@type\":[\"WebPage\",\"ItemPage\"],\"@id\":\"https:\/\/staging.belleflamme.ca\/fr\/produit\/foyer-encastrable-au-bois-en-fonte-alderlea-t5-classic-insert-le-de-pacific-energy\/\",\"url\":\"https:\/\/staging.belleflamme.ca\/fr\/produit\/foyer-encastrable-au-bois-en-fonte-alderlea-t5-classic-insert-le-de-pacific-energy\/\",\"name\":\"Foyer Encastrable au Bois en fonte Alderlea T5 Classic Insert LE de Pacific Energy - Groupe BelleFlamme\",\"isPartOf\":{\"@id\":\"https:\/\/www.belleflamme.ca\/fr\/#website\"},\"primaryImageOfPage\":{\"@id\":\"https:\/\/staging.belleflamme.ca\/fr\/produit\/foyer-encastrable-au-bois-en-fonte-alderlea-t5-classic-insert-le-de-pacific-energy\/#primaryimage\"},\"image\":{\"@id\":\"https:\/\/staging.belleflamme.ca\/fr\/produit\/foyer-encastrable-au-bois-en-fonte-alderlea-t5-classic-insert-le-de-pacific-energy\/#primaryimage\"},\"thumbnailUrl\":\"https:\/\/staging.belleflamme.ca\/wp-content\/uploads\/2024\/03\/Foyer-Encastrable-au-Bois-en-fonte-Alderlea-T5-Classic-Insert-LE-de-Pacific-Energy.jpg\",\"datePublished\":\"2024-03-13T19:51:16+00:00\",\"dateModified\":\"2025-06-04T18:17:23+00:00\",\"description\":\"Foyer Encastrable au Bois en fonte Alderlea T5 Classic Insert LE de Pacific Energy vendu et install\u00e9 par le Groupe Belleflamme. Laval, Montr\u00e9al, Gatineau et Saint-Sauveur.\",\"breadcrumb\":{\"@id\":\"https:\/\/staging.belleflamme.ca\/fr\/produit\/foyer-encastrable-au-bois-en-fonte-alderlea-t5-classic-insert-le-de-pacific-energy\/#breadcrumb\"},\"inLanguage\":\"fr-FR\",\"potentialAction\":[{\"@type\":\"ReadAction\",\"target\":[\"https:\/\/staging.belleflamme.ca\/fr\/produit\/foyer-encastrable-au-bois-en-fonte-alderlea-t5-classic-insert-le-de-pacific-energy\/\"]}]},{\"@type\":\"ImageObject\",\"inLanguage\":\"fr-FR\",\"@id\":\"https:\/\/staging.belleflamme.ca\/fr\/produit\/foyer-encastrable-au-bois-en-fonte-alderlea-t5-classic-insert-le-de-pacific-energy\/#primaryimage\",\"url\":\"https:\/\/staging.belleflamme.ca\/wp-content\/uploads\/2024\/03\/Foyer-Encastrable-au-Bois-en-fonte-Alderlea-T5-Classic-Insert-LE-de-Pacific-Energy.jpg\",\"contentUrl\":\"https:\/\/staging.belleflamme.ca\/wp-content\/uploads\/2024\/03\/Foyer-Encastrable-au-Bois-en-fonte-Alderlea-T5-Classic-Insert-LE-de-Pacific-Energy.jpg\",\"width\":660,\"height\":700,\"caption\":\"Foyer Encastrable au Bois en fonte Alderlea T5 Classic Insert LE de Pacific Energy\"},{\"@type\":\"BreadcrumbList\",\"@id\":\"https:\/\/staging.belleflamme.ca\/fr\/produit\/foyer-encastrable-au-bois-en-fonte-alderlea-t5-classic-insert-le-de-pacific-energy\/#breadcrumb\",\"itemListElement\":[{\"@type\":\"ListItem\",\"position\":1,\"name\":\"Accueil\",\"item\":\"https:\/\/www.belleflamme.ca\/fr\/\"},{\"@type\":\"ListItem\",\"position\":2,\"name\":\"Boutique\",\"item\":\"https:\/\/www.belleflamme.ca\/fr\/boutique\/\"},{\"@type\":\"ListItem\",\"position\":3,\"name\":\"Po\u00eales &amp; Foyers\",\"item\":\"https:\/\/staging.belleflamme.ca\/fr\/categories\/poeles-et-foyers\/\"},{\"@type\":\"ListItem\",\"position\":4,\"name\":\"Po\u00eales &amp; Foyers au Bois\",\"item\":\"https:\/\/staging.belleflamme.ca\/fr\/categories\/poeles-et-foyers\/poeles-et-foyers-au-bois\/\"},{\"@type\":\"ListItem\",\"position\":5,\"name\":\"Encastrables au Bois\",\"item\":\"https:\/\/staging.belleflamme.ca\/fr\/categories\/poeles-et-foyers\/poeles-et-foyers-au-bois\/encastrables-au-bois\/\"},{\"@type\":\"ListItem\",\"position\":6,\"name\":\"Foyer Encastrable au Bois en fonte Alderlea T5 Classic Insert LE de Pacific Energy\"}]},{\"@type\":\"WebSite\",\"@id\":\"https:\/\/www.belleflamme.ca\/fr\/#website\",\"url\":\"https:\/\/www.belleflamme.ca\/fr\/\",\"name\":\"Groupe Belleflamme\",\"description\":\"La m\u00e9canique du b\u00e2timent dans le sang.\",\"publisher\":{\"@id\":\"https:\/\/www.belleflamme.ca\/fr\/#organization\"},\"potentialAction\":[{\"@type\":\"SearchAction\",\"target\":{\"@type\":\"EntryPoint\",\"urlTemplate\":\"https:\/\/www.belleflamme.ca\/fr\/?s={search_term_string}\"},\"query-input\":{\"@type\":\"PropertyValueSpecification\",\"valueRequired\":true,\"valueName\":\"search_term_string\"}}],\"inLanguage\":\"fr-FR\"},{\"@type\":[\"Organization\",\"Place\"],\"@id\":\"https:\/\/www.belleflamme.ca\/fr\/#organization\",\"name\":\"Groupe Belleflamme\",\"alternateName\":\"Belleflamme\",\"url\":\"https:\/\/www.belleflamme.ca\/fr\/\",\"logo\":{\"@type\":\"ImageObject\",\"inLanguage\":\"fr-FR\",\"@id\":\"https:\/\/www.belleflamme.ca\/fr\/#\/schema\/logo\/image\/\",\"url\":\"https:\/\/staging.belleflamme.ca\/wp-content\/uploads\/2023\/01\/og-image.jpg\",\"contentUrl\":\"https:\/\/staging.belleflamme.ca\/wp-content\/uploads\/2023\/01\/og-image.jpg\",\"width\":1200,\"height\":630,\"caption\":\"Groupe Belleflamme\"},\"image\":{\"@id\":\"https:\/\/www.belleflamme.ca\/fr\/#\/schema\/logo\/image\/\"},\"sameAs\":[\"https:\/\/www.facebook.com\/belleflamme.ca\/\",\"https:\/\/www.linkedin.com\/company\/belleflamme\/\",\"https:\/\/www.pinterest.ca\/groupebelleflamme\/\",\"https:\/\/www.instagram.com\/legroupebelleflamme\/\"],\"mainEntityOfPage\":{\"@id\":\"https:\/\/staging.belleflamme.ca\/fr\/produit\/foyer-encastrable-au-bois-en-fonte-alderlea-t5-classic-insert-le-de-pacific-energy\/\"}}]}<\/script>\n<meta property=\"product:brand\" content=\"Pacific Energy\" \/>\n<meta property=\"og:availability\" content=\"instock\" \/>\n<meta property=\"product:availability\" content=\"instock\" \/>\n<meta property=\"product:condition\" content=\"new\" \/>\n<!-- \/ Yoast SEO Premium plugin. -->","yoast_head_json":{"title":"Foyer Encastrable au Bois en fonte Alderlea T5 Classic Insert LE de Pacific Energy - Groupe BelleFlamme","description":"Foyer Encastrable au Bois en fonte Alderlea T5 Classic Insert LE de Pacific Energy vendu et install\u00e9 par le Groupe Belleflamme. Laval, Montr\u00e9al, Gatineau et Saint-Sauveur.","robots":{"index":"index","follow":"follow","max-snippet":"max-snippet:-1","max-image-preview":"max-image-preview:large","max-video-preview":"max-video-preview:-1"},"canonical":"https:\/\/staging.belleflamme.ca\/fr\/produit\/foyer-encastrable-au-bois-en-fonte-alderlea-t5-classic-insert-le-de-pacific-energy\/","og_locale":"fr_FR","og_type":"article","og_title":"Foyer Encastrable au Bois en fonte Alderlea T5 Classic Insert LE de Pacific Energy","og_description":"Foyer Encastrable au Bois en fonte Alderlea T5 Classic Insert LE de Pacific Energy vendu et install\u00e9 par le Groupe Belleflamme. Laval, Montr\u00e9al, Gatineau et Saint-Sauveur.","og_url":"https:\/\/staging.belleflamme.ca\/fr\/produit\/foyer-encastrable-au-bois-en-fonte-alderlea-t5-classic-insert-le-de-pacific-energy\/","og_site_name":"Groupe BelleFlamme","article_publisher":"https:\/\/www.facebook.com\/belleflamme.ca\/","article_modified_time":"2025-06-04T18:17:23+00:00","og_image":[{"width":660,"height":700,"url":"https:\/\/www.belleflamme.ca\/wp-content\/uploads\/2024\/03\/Foyer-Encastrable-au-Bois-en-fonte-Alderlea-T5-Classic-Insert-LE-de-Pacific-Energy.jpg","type":"image\/jpeg"}],"twitter_card":"summary_large_image","twitter_misc":{"Disponibilit\u00e9":"En stock"},"schema":{"@context":"https:\/\/schema.org","@graph":[{"@type":["WebPage","ItemPage"],"@id":"https:\/\/staging.belleflamme.ca\/fr\/produit\/foyer-encastrable-au-bois-en-fonte-alderlea-t5-classic-insert-le-de-pacific-energy\/","url":"https:\/\/staging.belleflamme.ca\/fr\/produit\/foyer-encastrable-au-bois-en-fonte-alderlea-t5-classic-insert-le-de-pacific-energy\/","name":"Foyer Encastrable au Bois en fonte Alderlea T5 Classic Insert LE de Pacific Energy - Groupe BelleFlamme","isPartOf":{"@id":"https:\/\/www.belleflamme.ca\/fr\/#website"},"primaryImageOfPage":{"@id":"https:\/\/staging.belleflamme.ca\/fr\/produit\/foyer-encastrable-au-bois-en-fonte-alderlea-t5-classic-insert-le-de-pacific-energy\/#primaryimage"},"image":{"@id":"https:\/\/staging.belleflamme.ca\/fr\/produit\/foyer-encastrable-au-bois-en-fonte-alderlea-t5-classic-insert-le-de-pacific-energy\/#primaryimage"},"thumbnailUrl":"https:\/\/staging.belleflamme.ca\/wp-content\/uploads\/2024\/03\/Foyer-Encastrable-au-Bois-en-fonte-Alderlea-T5-Classic-Insert-LE-de-Pacific-Energy.jpg","datePublished":"2024-03-13T19:51:16+00:00","dateModified":"2025-06-04T18:17:23+00:00","description":"Foyer Encastrable au Bois en fonte Alderlea T5 Classic Insert LE de Pacific Energy vendu et install\u00e9 par le Groupe Belleflamme. Laval, Montr\u00e9al, Gatineau et Saint-Sauveur.","breadcrumb":{"@id":"https:\/\/staging.belleflamme.ca\/fr\/produit\/foyer-encastrable-au-bois-en-fonte-alderlea-t5-classic-insert-le-de-pacific-energy\/#breadcrumb"},"inLanguage":"fr-FR","potentialAction":[{"@type":"ReadAction","target":["https:\/\/staging.belleflamme.ca\/fr\/produit\/foyer-encastrable-au-bois-en-fonte-alderlea-t5-classic-insert-le-de-pacific-energy\/"]}]},{"@type":"ImageObject","inLanguage":"fr-FR","@id":"https:\/\/staging.belleflamme.ca\/fr\/produit\/foyer-encastrable-au-bois-en-fonte-alderlea-t5-classic-insert-le-de-pacific-energy\/#primaryimage","url":"https:\/\/staging.belleflamme.ca\/wp-content\/uploads\/2024\/03\/Foyer-Encastrable-au-Bois-en-fonte-Alderlea-T5-Classic-Insert-LE-de-Pacific-Energy.jpg","contentUrl":"https:\/\/staging.belleflamme.ca\/wp-content\/uploads\/2024\/03\/Foyer-Encastrable-au-Bois-en-fonte-Alderlea-T5-Classic-Insert-LE-de-Pacific-Energy.jpg","width":660,"height":700,"caption":"Foyer Encastrable au Bois en fonte Alderlea T5 Classic Insert LE de Pacific Energy"},{"@type":"BreadcrumbList","@id":"https:\/\/staging.belleflamme.ca\/fr\/produit\/foyer-encastrable-au-bois-en-fonte-alderlea-t5-classic-insert-le-de-pacific-energy\/#breadcrumb","itemListElement":[{"@type":"ListItem","position":1,"name":"Accueil","item":"https:\/\/www.belleflamme.ca\/fr\/"},{"@type":"ListItem","position":2,"name":"Boutique","item":"https:\/\/www.belleflamme.ca\/fr\/boutique\/"},{"@type":"ListItem","position":3,"name":"Po\u00eales &amp; Foyers","item":"https:\/\/staging.belleflamme.ca\/fr\/categories\/poeles-et-foyers\/"},{"@type":"ListItem","position":4,"name":"Po\u00eales &amp; Foyers au Bois","item":"https:\/\/staging.belleflamme.ca\/fr\/categories\/poeles-et-foyers\/poeles-et-foyers-au-bois\/"},{"@type":"ListItem","position":5,"name":"Encastrables au Bois","item":"https:\/\/staging.belleflamme.ca\/fr\/categories\/poeles-et-foyers\/poeles-et-foyers-au-bois\/encastrables-au-bois\/"},{"@type":"ListItem","position":6,"name":"Foyer Encastrable au Bois en fonte Alderlea T5 Classic Insert LE de Pacific Energy"}]},{"@type":"WebSite","@id":"https:\/\/www.belleflamme.ca\/fr\/#website","url":"https:\/\/www.belleflamme.ca\/fr\/","name":"Groupe Belleflamme","description":"La m\u00e9canique du b\u00e2timent dans le sang.","publisher":{"@id":"https:\/\/www.belleflamme.ca\/fr\/#organization"},"potentialAction":[{"@type":"SearchAction","target":{"@type":"EntryPoint","urlTemplate":"https:\/\/www.belleflamme.ca\/fr\/?s={search_term_string}"},"query-input":{"@type":"PropertyValueSpecification","valueRequired":true,"valueName":"search_term_string"}}],"inLanguage":"fr-FR"},{"@type":["Organization","Place"],"@id":"https:\/\/www.belleflamme.ca\/fr\/#organization","name":"Groupe Belleflamme","alternateName":"Belleflamme","url":"https:\/\/www.belleflamme.ca\/fr\/","logo":{"@type":"ImageObject","inLanguage":"fr-FR","@id":"https:\/\/www.belleflamme.ca\/fr\/#\/schema\/logo\/image\/","url":"https:\/\/staging.belleflamme.ca\/wp-content\/uploads\/2023\/01\/og-image.jpg","contentUrl":"https:\/\/staging.belleflamme.ca\/wp-content\/uploads\/2023\/01\/og-image.jpg","width":1200,"height":630,"caption":"Groupe Belleflamme"},"image":{"@id":"https:\/\/www.belleflamme.ca\/fr\/#\/schema\/logo\/image\/"},"sameAs":["https:\/\/www.facebook.com\/belleflamme.ca\/","https:\/\/www.linkedin.com\/company\/belleflamme\/","https:\/\/www.pinterest.ca\/groupebelleflamme\/","https:\/\/www.instagram.com\/legroupebelleflamme\/"],"mainEntityOfPage":{"@id":"https:\/\/staging.belleflamme.ca\/fr\/produit\/foyer-encastrable-au-bois-en-fonte-alderlea-t5-classic-insert-le-de-pacific-energy\/"}}]},"product_brand":"Pacific Energy","og_availability":"instock","product_availability":"instock","product_condition":"new"},"_links":{"self":[{"href":"https:\/\/staging.belleflamme.ca\/fr\/wp-json\/wp\/v2\/product\/30283","targetHints":{"allow":["GET"]}}],"collection":[{"href":"https:\/\/staging.belleflamme.ca\/fr\/wp-json\/wp\/v2\/product"}],"about":[{"href":"https:\/\/staging.belleflamme.ca\/fr\/wp-json\/wp\/v2\/types\/product"}],"version-history":[{"count":9,"href":"https:\/\/staging.belleflamme.ca\/fr\/wp-json\/wp\/v2\/product\/30283\/revisions"}],"predecessor-version":[{"id":50963,"href":"https:\/\/staging.belleflamme.ca\/fr\/wp-json\/wp\/v2\/product\/30283\/revisions\/50963"}],"wp:featuredmedia":[{"embeddable":true,"href":"https:\/\/staging.belleflamme.ca\/fr\/wp-json\/wp\/v2\/media\/30284"}],"wp:attachment":[{"href":"https:\/\/staging.belleflamme.ca\/fr\/wp-json\/wp\/v2\/media?parent=30283"}],"wp:term":[{"taxonomy":"product_brand","embeddable":true,"href":"https:\/\/staging.belleflamme.ca\/fr\/wp-json\/wp\/v2\/product_brand?post=30283"},{"taxonomy":"product_cat","embeddable":true,"href":"https:\/\/staging.belleflamme.ca\/fr\/wp-json\/wp\/v2\/product_cat?post=30283"},{"taxonomy":"product_tag","embeddable":true,"href":"https:\/\/staging.belleflamme.ca\/fr\/wp-json\/wp\/v2\/product_tag?post=30283"}],"curies":[{"name":"wp","href":"https:\/\/api.w.org\/{rel}","templated":true}]}}