{"id":29617,"date":"2024-02-14T14:18:07","date_gmt":"2024-02-14T19:18:07","guid":{"rendered":"https:\/\/www.belleflamme.ca\/?post_type=product&#038;p=29617"},"modified":"2024-02-14T14:18:08","modified_gmt":"2024-02-14T19:18:08","slug":"foyer-exterieur-en-fosse-complet-de-fire-garden","status":"publish","type":"product","link":"https:\/\/staging.belleflamme.ca\/fr\/produit\/foyer-exterieur-en-fosse-complet-de-fire-garden\/","title":{"rendered":"Foyer ext\u00e9rieur en fosse complet de Fire Garden"},"content":{"rendered":"<p><iframe src=\"https:\/\/player.vimeo.com\/video\/869301568?h=2dba66ccd1\" width=\"640\" height=\"360\" frameborder=\"0\" allowfullscreen=\"allowfullscreen\"><\/iframe><\/p>\n<div class=\"fusion-layout-column fusion_builder_column fusion-builder-column-21 fusion_builder_column_1_2 1_2 fusion-flex-column\">\n<div class=\"fusion-column-wrapper fusion-column-has-shadow fusion-flex-justify-content-flex-start fusion-content-layout-column\">\n<div class=\"fusion-text fusion-text-37\">\n<h1 class=\"fusion-responsive-typography-calculated\" data-fusion-font=\"true\" data-fontsize=\"16\" data-lineheight=\"18.56px\"><b data-fusion-font=\"true\">Les braseros complets lin\u00e9aires en acier inoxydable de Fire Garden sont enti\u00e8rement assembl\u00e9s et pr\u00eats \u00e0 \u00eatre utilis\u00e9s\u00a0!<\/b><\/h1>\n<p>Ils pr\u00e9sentent une \u00e9l\u00e9gante\u00a0finition\u00a0en poudre graphite\u00a0qui compl\u00e8te tout environnement ext\u00e9rieur.\u00a0Ces braseros complets pr\u00e9sentent les pr\u00e9sentations de feu les plus incroyables et les plus s\u00e9duisantes que vous ayez jamais vues et cr\u00e9ent l&#8217;espace de rassemblement ext\u00e9rieur ultime.<\/p>\n<p>Dot\u00e9s d&#8217;une construction robuste en acier inoxydable et de pare-vent en verre tremp\u00e9, les braseros complets Fire Garden\u2122 sont parfaits pour une installation par tous les temps.\u00a0Ces unit\u00e9s r\u00e9sistantes aux intemp\u00e9ries ne n\u00e9cessitent pas de housse de protection et sont con\u00e7ues pour \u00eatre utilis\u00e9es dans toutes les conditions m\u00e9t\u00e9orologiques, toute l&#8217;ann\u00e9e.\u00a0Leur\u00a0<u>allumage \u00e9lectronique Hot Shot\u2122 24 V toutes saisons<\/u>\u00a0est le syst\u00e8me d&#8217;allumage le plus robuste et le plus fiable propos\u00e9 dans l&#8217;industrie.<\/p>\n<p>Si vous recherchez un br\u00fbleur de foyer personnalisable et pr\u00eat \u00e0 finir, visitez nos\u00a0<u>br\u00fbleurs de foyer lin\u00e9aires en acier inoxydable<\/u>\u00a0.<\/p>\n<\/div>\n<\/div>\n<\/div>\n<div class=\"fusion-layout-column fusion_builder_column fusion-builder-column-22 fusion_builder_column_1_2 1_2 fusion-flex-column\">\n<div class=\"fusion-column-wrapper fusion-column-has-shadow fusion-flex-justify-content-flex-start fusion-content-layout-column\">\n<div class=\"fusion-text fusion-text-38\">\n<p><strong>CARACT\u00c9RISTIQUES<\/strong><\/p>\n<ul class=\"outside\">\n<li>Tailles compl\u00e8tes des foyers : 48\u2033, 72\u2033 ou 108\u2033<\/li>\n<li>De belles flammes audacieuses<\/li>\n<li>Br\u00fbleur robuste en acier inoxydable<\/li>\n<li>Pare-vent en verre tremp\u00e9 de haute qualit\u00e9<\/li>\n<li><u>Syst\u00e8me d&#8217;allumage \u00e9lectronique toutes saisons 24 V CA Hot Shot\u2122<\/u><\/li>\n<li>Aucune housse de protection requise<\/li>\n<li>Con\u00e7u pour \u00eatre appr\u00e9ci\u00e9 dans toutes les conditions m\u00e9t\u00e9orologiques, toute l&#8217;ann\u00e9e<\/li>\n<li>Kit de conversion LP en option<\/li>\n<li>Kit de valve \u00e0 cl\u00e9 en option<\/li>\n<\/ul>\n<p><strong>Support de br\u00fbleur (obligatoire)<\/strong><\/p>\n<ul class=\"outside\">\n<li>Verre concass\u00e9\u00a0: Platine, Bronze, Cobalt ou Noir<\/li>\n<li>Pierres roul\u00e9es<\/li>\n<\/ul>\n<\/div>\n<\/div>\n<\/div>\n","protected":false},"excerpt":{"rendered":"<p>Les braseros complets lin\u00e9aires en acier inoxydable de Fire Garden sont enti\u00e8rement assembl\u00e9s et pr\u00eats \u00e0 \u00eatre utilis\u00e9s\u00a0! Ils pr\u00e9sentent une \u00e9l\u00e9gante\u00a0finition\u00a0en poudre graphite\u00a0qui compl\u00e8te tout environnement ext\u00e9rieur.\u00a0Ces braseros complets pr\u00e9sentent les pr\u00e9sentations de feu les plus incroyables et les plus s\u00e9duisantes que vous ayez jamais vues et cr\u00e9ent l&#8217;espace de rassemblement ext\u00e9rieur ultime. Dot\u00e9s [&hellip;]<\/p>\n","protected":false},"featured_media":29618,"template":"","meta":{"inline_featured_image":false},"product_brand":[1204],"product_cat":[113,119,33,35,37],"product_tag":[],"class_list":{"0":"post-29617","1":"product","2":"type-product","3":"status-publish","4":"has-post-thumbnail","6":"product_brand-fire-garden","7":"product_cat-bbq-produits-exterieurs","8":"product_cat-foyers-exterieurs","9":"product_cat-poeles-et-foyers","10":"product_cat-poeles-foyer-au-gaz","11":"product_cat-foyer-au-gaz","13":"first","14":"instock","15":"taxable","16":"shipping-taxable","17":"product-type-variable"},"yoast_head":"<!-- This site is optimized with the Yoast SEO Premium plugin v24.2 (Yoast SEO v24.2) - https:\/\/yoast.com\/wordpress\/plugins\/seo\/ -->\n<title>Foyer ext\u00e9rieur en fosse complet de Fire Garden - Groupe BelleFlamme<\/title>\n<meta name=\"description\" content=\"Foyer ext\u00e9rieur en fosse complet de Fire Garden vendu et install\u00e9 par le Groupe Belleflamme. Laval, Montr\u00e9al, Gatineau, Drummondville et Saint-Sauveur.\" \/>\n<meta name=\"robots\" content=\"index, follow, max-snippet:-1, max-image-preview:large, max-video-preview:-1\" \/>\n<link rel=\"canonical\" href=\"https:\/\/staging.belleflamme.ca\/fr\/produit\/foyer-exterieur-en-fosse-complet-de-fire-garden\/\" \/>\n<meta property=\"og:locale\" content=\"fr_FR\" \/>\n<meta property=\"og:type\" content=\"article\" \/>\n<meta property=\"og:title\" content=\"Foyer ext\u00e9rieur en fosse complet de Fire Garden\" \/>\n<meta property=\"og:description\" content=\"Foyer ext\u00e9rieur en fosse complet de Fire Garden vendu et install\u00e9 par le Groupe Belleflamme. Laval, Montr\u00e9al, Gatineau, Drummondville et Saint-Sauveur.\" \/>\n<meta property=\"og:url\" content=\"https:\/\/staging.belleflamme.ca\/fr\/produit\/foyer-exterieur-en-fosse-complet-de-fire-garden\/\" \/>\n<meta property=\"og:site_name\" content=\"Groupe BelleFlamme\" \/>\n<meta property=\"article:publisher\" content=\"https:\/\/www.facebook.com\/belleflamme.ca\/\" \/>\n<meta property=\"article:modified_time\" content=\"2024-02-14T19:18:08+00:00\" \/>\n<meta property=\"og:image\" content=\"https:\/\/www.belleflamme.ca\/wp-content\/uploads\/2024\/02\/Foyer-exterieur-en-fosse-complet-de-Fire-Garden.jpg\" \/>\n\t<meta property=\"og:image:width\" content=\"800\" \/>\n\t<meta property=\"og:image:height\" content=\"600\" \/>\n\t<meta property=\"og:image:type\" content=\"image\/jpeg\" \/>\n<meta name=\"twitter:card\" content=\"summary_large_image\" \/>\n<meta name=\"twitter:label1\" content=\"Disponibilit\u00e9\" \/>\n\t<meta name=\"twitter:data1\" content=\"En stock\" \/>\n<script type=\"application\/ld+json\" class=\"yoast-schema-graph\">{\"@context\":\"https:\/\/schema.org\",\"@graph\":[{\"@type\":[\"WebPage\",\"ItemPage\"],\"@id\":\"https:\/\/staging.belleflamme.ca\/fr\/produit\/foyer-exterieur-en-fosse-complet-de-fire-garden\/\",\"url\":\"https:\/\/staging.belleflamme.ca\/fr\/produit\/foyer-exterieur-en-fosse-complet-de-fire-garden\/\",\"name\":\"Foyer ext\u00e9rieur en fosse complet de Fire Garden - Groupe BelleFlamme\",\"isPartOf\":{\"@id\":\"https:\/\/www.belleflamme.ca\/fr\/#website\"},\"primaryImageOfPage\":{\"@id\":\"https:\/\/staging.belleflamme.ca\/fr\/produit\/foyer-exterieur-en-fosse-complet-de-fire-garden\/#primaryimage\"},\"image\":{\"@id\":\"https:\/\/staging.belleflamme.ca\/fr\/produit\/foyer-exterieur-en-fosse-complet-de-fire-garden\/#primaryimage\"},\"thumbnailUrl\":\"https:\/\/staging.belleflamme.ca\/wp-content\/uploads\/2024\/02\/Foyer-exterieur-en-fosse-complet-de-Fire-Garden.jpg\",\"datePublished\":\"2024-02-14T19:18:07+00:00\",\"dateModified\":\"2024-02-14T19:18:08+00:00\",\"description\":\"Foyer ext\u00e9rieur en fosse complet de Fire Garden [get_meta_en_fr]\",\"breadcrumb\":{\"@id\":\"https:\/\/staging.belleflamme.ca\/fr\/produit\/foyer-exterieur-en-fosse-complet-de-fire-garden\/#breadcrumb\"},\"inLanguage\":\"fr-FR\",\"potentialAction\":[{\"@type\":\"ReadAction\",\"target\":[\"https:\/\/staging.belleflamme.ca\/fr\/produit\/foyer-exterieur-en-fosse-complet-de-fire-garden\/\"]}]},{\"@type\":\"ImageObject\",\"inLanguage\":\"fr-FR\",\"@id\":\"https:\/\/staging.belleflamme.ca\/fr\/produit\/foyer-exterieur-en-fosse-complet-de-fire-garden\/#primaryimage\",\"url\":\"https:\/\/staging.belleflamme.ca\/wp-content\/uploads\/2024\/02\/Foyer-exterieur-en-fosse-complet-de-Fire-Garden.jpg\",\"contentUrl\":\"https:\/\/staging.belleflamme.ca\/wp-content\/uploads\/2024\/02\/Foyer-exterieur-en-fosse-complet-de-Fire-Garden.jpg\",\"width\":800,\"height\":600,\"caption\":\"Foyer ext\u00e9rieur en fosse complet de Fire Garden\"},{\"@type\":\"BreadcrumbList\",\"@id\":\"https:\/\/staging.belleflamme.ca\/fr\/produit\/foyer-exterieur-en-fosse-complet-de-fire-garden\/#breadcrumb\",\"itemListElement\":[{\"@type\":\"ListItem\",\"position\":1,\"name\":\"Accueil\",\"item\":\"https:\/\/www.belleflamme.ca\/fr\/\"},{\"@type\":\"ListItem\",\"position\":2,\"name\":\"Boutique\",\"item\":\"https:\/\/www.belleflamme.ca\/fr\/boutique\/\"},{\"@type\":\"ListItem\",\"position\":3,\"name\":\"Po\u00eales &amp; Foyers\",\"item\":\"https:\/\/staging.belleflamme.ca\/fr\/categories\/poeles-et-foyers\/\"},{\"@type\":\"ListItem\",\"position\":4,\"name\":\"Po\u00eale &amp; Foyer au Gaz\",\"item\":\"https:\/\/staging.belleflamme.ca\/fr\/categories\/poeles-et-foyers\/poeles-foyer-au-gaz\/\"},{\"@type\":\"ListItem\",\"position\":5,\"name\":\"Foyer au Gaz\",\"item\":\"https:\/\/staging.belleflamme.ca\/fr\/categories\/poeles-et-foyers\/poeles-foyer-au-gaz\/foyer-au-gaz\/\"},{\"@type\":\"ListItem\",\"position\":6,\"name\":\"Foyer ext\u00e9rieur en fosse complet de Fire Garden\"}]},{\"@type\":\"WebSite\",\"@id\":\"https:\/\/www.belleflamme.ca\/fr\/#website\",\"url\":\"https:\/\/www.belleflamme.ca\/fr\/\",\"name\":\"Groupe Belleflamme\",\"description\":\"La m\u00e9canique du b\u00e2timent dans le sang.\",\"publisher\":{\"@id\":\"https:\/\/www.belleflamme.ca\/fr\/#organization\"},\"potentialAction\":[{\"@type\":\"SearchAction\",\"target\":{\"@type\":\"EntryPoint\",\"urlTemplate\":\"https:\/\/www.belleflamme.ca\/fr\/?s={search_term_string}\"},\"query-input\":{\"@type\":\"PropertyValueSpecification\",\"valueRequired\":true,\"valueName\":\"search_term_string\"}}],\"inLanguage\":\"fr-FR\"},{\"@type\":[\"Organization\",\"Place\"],\"@id\":\"https:\/\/www.belleflamme.ca\/fr\/#organization\",\"name\":\"Groupe Belleflamme\",\"alternateName\":\"Belleflamme\",\"url\":\"https:\/\/www.belleflamme.ca\/fr\/\",\"logo\":{\"@type\":\"ImageObject\",\"inLanguage\":\"fr-FR\",\"@id\":\"https:\/\/www.belleflamme.ca\/fr\/#\/schema\/logo\/image\/\",\"url\":\"https:\/\/staging.belleflamme.ca\/wp-content\/uploads\/2023\/01\/og-image.jpg\",\"contentUrl\":\"https:\/\/staging.belleflamme.ca\/wp-content\/uploads\/2023\/01\/og-image.jpg\",\"width\":1200,\"height\":630,\"caption\":\"Groupe Belleflamme\"},\"image\":{\"@id\":\"https:\/\/www.belleflamme.ca\/fr\/#\/schema\/logo\/image\/\"},\"sameAs\":[\"https:\/\/www.facebook.com\/belleflamme.ca\/\",\"https:\/\/www.linkedin.com\/company\/belleflamme\/\",\"https:\/\/www.pinterest.ca\/groupebelleflamme\/\",\"https:\/\/www.instagram.com\/legroupebelleflamme\/\"],\"mainEntityOfPage\":{\"@id\":\"https:\/\/staging.belleflamme.ca\/fr\/produit\/foyer-exterieur-en-fosse-complet-de-fire-garden\/\"}}]}<\/script>\n<meta property=\"product:brand\" content=\"Fire Garden\" \/>\n<meta property=\"og:availability\" content=\"instock\" \/>\n<meta property=\"product:availability\" content=\"instock\" \/>\n<meta property=\"product:condition\" content=\"new\" \/>\n<!-- \/ Yoast SEO Premium plugin. -->","yoast_head_json":{"title":"Foyer ext\u00e9rieur en fosse complet de Fire Garden - Groupe BelleFlamme","description":"Foyer ext\u00e9rieur en fosse complet de Fire Garden vendu et install\u00e9 par le Groupe Belleflamme. Laval, Montr\u00e9al, Gatineau, Drummondville et Saint-Sauveur.","robots":{"index":"index","follow":"follow","max-snippet":"max-snippet:-1","max-image-preview":"max-image-preview:large","max-video-preview":"max-video-preview:-1"},"canonical":"https:\/\/staging.belleflamme.ca\/fr\/produit\/foyer-exterieur-en-fosse-complet-de-fire-garden\/","og_locale":"fr_FR","og_type":"article","og_title":"Foyer ext\u00e9rieur en fosse complet de Fire Garden","og_description":"Foyer ext\u00e9rieur en fosse complet de Fire Garden vendu et install\u00e9 par le Groupe Belleflamme. Laval, Montr\u00e9al, Gatineau, Drummondville et Saint-Sauveur.","og_url":"https:\/\/staging.belleflamme.ca\/fr\/produit\/foyer-exterieur-en-fosse-complet-de-fire-garden\/","og_site_name":"Groupe BelleFlamme","article_publisher":"https:\/\/www.facebook.com\/belleflamme.ca\/","article_modified_time":"2024-02-14T19:18:08+00:00","og_image":[{"width":800,"height":600,"url":"https:\/\/www.belleflamme.ca\/wp-content\/uploads\/2024\/02\/Foyer-exterieur-en-fosse-complet-de-Fire-Garden.jpg","type":"image\/jpeg"}],"twitter_card":"summary_large_image","twitter_misc":{"Disponibilit\u00e9":"En stock"},"schema":{"@context":"https:\/\/schema.org","@graph":[{"@type":["WebPage","ItemPage"],"@id":"https:\/\/staging.belleflamme.ca\/fr\/produit\/foyer-exterieur-en-fosse-complet-de-fire-garden\/","url":"https:\/\/staging.belleflamme.ca\/fr\/produit\/foyer-exterieur-en-fosse-complet-de-fire-garden\/","name":"Foyer ext\u00e9rieur en fosse complet de Fire Garden - Groupe BelleFlamme","isPartOf":{"@id":"https:\/\/www.belleflamme.ca\/fr\/#website"},"primaryImageOfPage":{"@id":"https:\/\/staging.belleflamme.ca\/fr\/produit\/foyer-exterieur-en-fosse-complet-de-fire-garden\/#primaryimage"},"image":{"@id":"https:\/\/staging.belleflamme.ca\/fr\/produit\/foyer-exterieur-en-fosse-complet-de-fire-garden\/#primaryimage"},"thumbnailUrl":"https:\/\/staging.belleflamme.ca\/wp-content\/uploads\/2024\/02\/Foyer-exterieur-en-fosse-complet-de-Fire-Garden.jpg","datePublished":"2024-02-14T19:18:07+00:00","dateModified":"2024-02-14T19:18:08+00:00","description":"Foyer ext\u00e9rieur en fosse complet de Fire Garden [get_meta_en_fr]","breadcrumb":{"@id":"https:\/\/staging.belleflamme.ca\/fr\/produit\/foyer-exterieur-en-fosse-complet-de-fire-garden\/#breadcrumb"},"inLanguage":"fr-FR","potentialAction":[{"@type":"ReadAction","target":["https:\/\/staging.belleflamme.ca\/fr\/produit\/foyer-exterieur-en-fosse-complet-de-fire-garden\/"]}]},{"@type":"ImageObject","inLanguage":"fr-FR","@id":"https:\/\/staging.belleflamme.ca\/fr\/produit\/foyer-exterieur-en-fosse-complet-de-fire-garden\/#primaryimage","url":"https:\/\/staging.belleflamme.ca\/wp-content\/uploads\/2024\/02\/Foyer-exterieur-en-fosse-complet-de-Fire-Garden.jpg","contentUrl":"https:\/\/staging.belleflamme.ca\/wp-content\/uploads\/2024\/02\/Foyer-exterieur-en-fosse-complet-de-Fire-Garden.jpg","width":800,"height":600,"caption":"Foyer ext\u00e9rieur en fosse complet de Fire Garden"},{"@type":"BreadcrumbList","@id":"https:\/\/staging.belleflamme.ca\/fr\/produit\/foyer-exterieur-en-fosse-complet-de-fire-garden\/#breadcrumb","itemListElement":[{"@type":"ListItem","position":1,"name":"Accueil","item":"https:\/\/www.belleflamme.ca\/fr\/"},{"@type":"ListItem","position":2,"name":"Boutique","item":"https:\/\/www.belleflamme.ca\/fr\/boutique\/"},{"@type":"ListItem","position":3,"name":"Po\u00eales &amp; Foyers","item":"https:\/\/staging.belleflamme.ca\/fr\/categories\/poeles-et-foyers\/"},{"@type":"ListItem","position":4,"name":"Po\u00eale &amp; Foyer au Gaz","item":"https:\/\/staging.belleflamme.ca\/fr\/categories\/poeles-et-foyers\/poeles-foyer-au-gaz\/"},{"@type":"ListItem","position":5,"name":"Foyer au Gaz","item":"https:\/\/staging.belleflamme.ca\/fr\/categories\/poeles-et-foyers\/poeles-foyer-au-gaz\/foyer-au-gaz\/"},{"@type":"ListItem","position":6,"name":"Foyer ext\u00e9rieur en fosse complet de Fire Garden"}]},{"@type":"WebSite","@id":"https:\/\/www.belleflamme.ca\/fr\/#website","url":"https:\/\/www.belleflamme.ca\/fr\/","name":"Groupe Belleflamme","description":"La m\u00e9canique du b\u00e2timent dans le sang.","publisher":{"@id":"https:\/\/www.belleflamme.ca\/fr\/#organization"},"potentialAction":[{"@type":"SearchAction","target":{"@type":"EntryPoint","urlTemplate":"https:\/\/www.belleflamme.ca\/fr\/?s={search_term_string}"},"query-input":{"@type":"PropertyValueSpecification","valueRequired":true,"valueName":"search_term_string"}}],"inLanguage":"fr-FR"},{"@type":["Organization","Place"],"@id":"https:\/\/www.belleflamme.ca\/fr\/#organization","name":"Groupe Belleflamme","alternateName":"Belleflamme","url":"https:\/\/www.belleflamme.ca\/fr\/","logo":{"@type":"ImageObject","inLanguage":"fr-FR","@id":"https:\/\/www.belleflamme.ca\/fr\/#\/schema\/logo\/image\/","url":"https:\/\/staging.belleflamme.ca\/wp-content\/uploads\/2023\/01\/og-image.jpg","contentUrl":"https:\/\/staging.belleflamme.ca\/wp-content\/uploads\/2023\/01\/og-image.jpg","width":1200,"height":630,"caption":"Groupe Belleflamme"},"image":{"@id":"https:\/\/www.belleflamme.ca\/fr\/#\/schema\/logo\/image\/"},"sameAs":["https:\/\/www.facebook.com\/belleflamme.ca\/","https:\/\/www.linkedin.com\/company\/belleflamme\/","https:\/\/www.pinterest.ca\/groupebelleflamme\/","https:\/\/www.instagram.com\/legroupebelleflamme\/"],"mainEntityOfPage":{"@id":"https:\/\/staging.belleflamme.ca\/fr\/produit\/foyer-exterieur-en-fosse-complet-de-fire-garden\/"}}]},"product_brand":"Fire Garden","og_availability":"instock","product_availability":"instock","product_condition":"new"},"_links":{"self":[{"href":"https:\/\/staging.belleflamme.ca\/fr\/wp-json\/wp\/v2\/product\/29617","targetHints":{"allow":["GET"]}}],"collection":[{"href":"https:\/\/staging.belleflamme.ca\/fr\/wp-json\/wp\/v2\/product"}],"about":[{"href":"https:\/\/staging.belleflamme.ca\/fr\/wp-json\/wp\/v2\/types\/product"}],"version-history":[{"count":1,"href":"https:\/\/staging.belleflamme.ca\/fr\/wp-json\/wp\/v2\/product\/29617\/revisions"}],"predecessor-version":[{"id":29624,"href":"https:\/\/staging.belleflamme.ca\/fr\/wp-json\/wp\/v2\/product\/29617\/revisions\/29624"}],"wp:featuredmedia":[{"embeddable":true,"href":"https:\/\/staging.belleflamme.ca\/fr\/wp-json\/wp\/v2\/media\/29618"}],"wp:attachment":[{"href":"https:\/\/staging.belleflamme.ca\/fr\/wp-json\/wp\/v2\/media?parent=29617"}],"wp:term":[{"taxonomy":"product_brand","embeddable":true,"href":"https:\/\/staging.belleflamme.ca\/fr\/wp-json\/wp\/v2\/product_brand?post=29617"},{"taxonomy":"product_cat","embeddable":true,"href":"https:\/\/staging.belleflamme.ca\/fr\/wp-json\/wp\/v2\/product_cat?post=29617"},{"taxonomy":"product_tag","embeddable":true,"href":"https:\/\/staging.belleflamme.ca\/fr\/wp-json\/wp\/v2\/product_tag?post=29617"}],"curies":[{"name":"wp","href":"https:\/\/api.w.org\/{rel}","templated":true}]}}