{"id":29600,"date":"2024-02-14T14:05:49","date_gmt":"2024-02-14T19:05:49","guid":{"rendered":"https:\/\/www.belleflamme.ca\/?post_type=product&#038;p=29600"},"modified":"2024-02-14T14:05:50","modified_gmt":"2024-02-14T19:05:50","slug":"bruleur-en-fosse-voracious-fire-de-fire-garden","status":"publish","type":"product","link":"https:\/\/staging.belleflamme.ca\/fr\/produit\/bruleur-en-fosse-voracious-fire-de-fire-garden\/","title":{"rendered":"Bruleur en fosse Voracious FIRE\u2122 de Fire Garden"},"content":{"rendered":"<p><iframe class=\"entered lazyloaded\" title=\"Lecteur vid\u00e9o Vimeo 2\" src=\"https:\/\/player.vimeo.com\/video\/868948702?autoplay=0&amp;autopause=0\" width=\"600\" height=\"360\" allowfullscreen=\"allowfullscreen\" data-rocket-lazyload=\"fitvidscompatible\" data-lazy-src=\"https:\/\/player.vimeo.com\/video\/868948702?autoplay=0&amp;autopause=0\" data-ll-status=\"loaded\" data-mce-fragment=\"1\"><\/iframe><\/p>\n<div class=\"fusion-layout-column fusion_builder_column fusion-builder-column-24 fusion_builder_column_1_2 1_2 fusion-flex-column\">\n<div class=\"fusion-column-wrapper fusion-column-has-shadow fusion-flex-justify-content-flex-start fusion-content-layout-column\">\n<div class=\"fusion-text fusion-text-54\">\n<h1 class=\"fusion-responsive-typography-calculated\" data-fusion-font=\"true\" data-fontsize=\"16\" data-lineheight=\"18.56px\"><b><br \/>\nLes flammes s\u00e9duisantes de notre br\u00fbleur \u00e0 fosse Voracious Fire\u2122 cr\u00e9ent la pi\u00e8ce ma\u00eetresse parfaite pour les rassemblements en plein air.<\/b><\/h1>\n<p>Ces br\u00fbleurs personnalisables offrent une pr\u00e9sentation captivante du feu qui deviendra certainement le point central de votre espace ext\u00e9rieur.\u00a0Que vous optiez pour un design rond ou carr\u00e9, les br\u00fbleurs Voracious Fire\u2122 offrent une polyvalence et peuvent \u00eatre facilement int\u00e9gr\u00e9s dans n&#8217;importe quel environnement ext\u00e9rieur.\u00a0Asseyez-vous et d\u00e9tendez-vous en sachant qu&#8217;il est construit avec des mat\u00e9riaux de qualit\u00e9 sup\u00e9rieure comme un br\u00fbleur en acier inoxydable robuste, une plaque d&#8217;aluminium de 3\/16 po et est dot\u00e9\u00a0<u>du syst\u00e8me d&#8217;allumage \u00e9lectronique Hot Shot \u2122 24 V CA<\/u>\u00a0le plus robuste et le plus fiable du march\u00e9 pour que vous puissiez profiter de votre Br\u00fbleur de foyer vorace pour les ann\u00e9es \u00e0 venir.<\/p>\n<p>Si vous recherchez un foyer lin\u00e9aire, visitez nos\u00a0<u>br\u00fbleurs lin\u00e9aires en acier inoxydable<\/u>\u00a0.<\/p>\n<div class=\"fusion-layout-column fusion_builder_column fusion-builder-column-25 fusion_builder_column_1_2 1_2 fusion-flex-column\">\n<div class=\"fusion-column-wrapper fusion-column-has-shadow fusion-flex-justify-content-flex-start fusion-content-layout-column\">\n<div class=\"fusion-text fusion-text-55\">\n<p><strong>CARACT\u00c9RISTIQUES<\/strong><\/p>\n<p>S\u00e9lectionnez la taille de votre br\u00fbleur, choisissez votre kit de plaque de base ronde ou carr\u00e9e, puis terminez avec les mat\u00e9riaux de votre choix.<\/p>\n<ul class=\"outside\">\n<li>Les br\u00fbleurs sont disponibles en 5 tailles :\n<ul class=\"outside\">\n<li>Br\u00fbleur en acier inoxydable de 10 po \u2013 65 000 BTU,\n<ul class=\"outside\">\n<li>Se termine avec un kit de plaque de base ronde ou carr\u00e9e de 25\u2033<\/li>\n<\/ul>\n<\/li>\n<li>Br\u00fbleur en acier inoxydable 13\u2033 \u2013 125\u00a0000 BTU\n<ul class=\"outside\">\n<li>Se termine avec un kit de plaque de base ronde ou carr\u00e9e de 28\u2033<\/li>\n<\/ul>\n<\/li>\n<li>Br\u00fbleur en acier inoxydable de 18\u2033 \u2013 175\u00a0000 BTU\n<ul class=\"outside\">\n<li>Se termine avec un kit de plaque de base ronde ou carr\u00e9e de 33\u2033<\/li>\n<\/ul>\n<\/li>\n<li>Br\u00fbleur en acier inoxydable de 22\u2033 \u2013 225\u00a0000 BTU\n<ul class=\"outside\">\n<li>Se termine avec un kit de plaque de base ronde ou carr\u00e9e de 37\u2033<\/li>\n<\/ul>\n<\/li>\n<li>Br\u00fbleur en acier inoxydable de 32\u2033 \u2013 350\u00a0000 BTU\n<ul class=\"outside\">\n<li>Se termine avec un kit de plaque de base ronde ou carr\u00e9e de 47\u2033<\/li>\n<\/ul>\n<\/li>\n<\/ul>\n<\/li>\n<li>Des tailles de plaques personnalis\u00e9es sont disponibles.<\/li>\n<li>Construction en acier inoxydable de calibre 16<\/li>\n<li><u>Syst\u00e8me d&#8217;allumage \u00e9lectronique toutes saisons 24 V CA Hot Shot\u2122<\/u><\/li>\n<li>Aucune housse de protection requise<\/li>\n<li>Con\u00e7u pour \u00eatre appr\u00e9ci\u00e9 dans toutes les conditions m\u00e9t\u00e9orologiques, toute l&#8217;ann\u00e9e<\/li>\n<li>Kit de conversion GPL<\/li>\n<li>Kit de valve \u00e0 cl\u00e9<\/li>\n<\/ul>\n<p><strong>N\u00e9cessite une conduite de gaz rigide et une alimentation basse tension 24 V.<\/strong><\/p>\n<\/div>\n<\/div>\n<\/div>\n<\/div>\n<\/div>\n<\/div>\n","protected":false},"excerpt":{"rendered":"<p>Les flammes s\u00e9duisantes de notre br\u00fbleur \u00e0 fosse Voracious Fire\u2122 cr\u00e9ent la pi\u00e8ce ma\u00eetresse parfaite pour les rassemblements en plein air. Ces br\u00fbleurs personnalisables offrent une pr\u00e9sentation captivante du feu qui deviendra certainement le point central de votre espace ext\u00e9rieur.\u00a0Que vous optiez pour un design rond ou carr\u00e9, les br\u00fbleurs Voracious Fire\u2122 offrent une polyvalence [&hellip;]<\/p>\n","protected":false},"featured_media":29601,"template":"","meta":{"inline_featured_image":false},"product_brand":[1204],"product_cat":[113,119,33,35,37],"product_tag":[],"class_list":{"0":"post-29600","1":"product","2":"type-product","3":"status-publish","4":"has-post-thumbnail","6":"product_brand-fire-garden","7":"product_cat-bbq-produits-exterieurs","8":"product_cat-foyers-exterieurs","9":"product_cat-poeles-et-foyers","10":"product_cat-poeles-foyer-au-gaz","11":"product_cat-foyer-au-gaz","13":"first","14":"instock","15":"taxable","16":"shipping-taxable","17":"product-type-variable"},"yoast_head":"<!-- This site is optimized with the Yoast SEO Premium plugin v24.2 (Yoast SEO v24.2) - https:\/\/yoast.com\/wordpress\/plugins\/seo\/ -->\n<title>Bruleur en fosse Voracious FIRE\u2122 de Fire Garden - Groupe BelleFlamme<\/title>\n<meta name=\"description\" content=\"Bruleur en fosse Voracious FIRE\u2122 de Fire Garden vendu et install\u00e9 par le Groupe Belleflamme. Laval, Montr\u00e9al, Gatineau, Drummondville et Saint-Sauveur.\" \/>\n<meta name=\"robots\" content=\"index, follow, max-snippet:-1, max-image-preview:large, max-video-preview:-1\" \/>\n<link rel=\"canonical\" href=\"https:\/\/staging.belleflamme.ca\/fr\/produit\/bruleur-en-fosse-voracious-fire-de-fire-garden\/\" \/>\n<meta property=\"og:locale\" content=\"fr_FR\" \/>\n<meta property=\"og:type\" content=\"article\" \/>\n<meta property=\"og:title\" content=\"Bruleur en fosse Voracious FIRE\u2122 de Fire Garden\" \/>\n<meta property=\"og:description\" content=\"Bruleur en fosse Voracious FIRE\u2122 de Fire Garden vendu et install\u00e9 par le Groupe Belleflamme. Laval, Montr\u00e9al, Gatineau, Drummondville et Saint-Sauveur.\" \/>\n<meta property=\"og:url\" content=\"https:\/\/staging.belleflamme.ca\/fr\/produit\/bruleur-en-fosse-voracious-fire-de-fire-garden\/\" \/>\n<meta property=\"og:site_name\" content=\"Groupe BelleFlamme\" \/>\n<meta property=\"article:publisher\" content=\"https:\/\/www.facebook.com\/belleflamme.ca\/\" \/>\n<meta property=\"article:modified_time\" content=\"2024-02-14T19:05:50+00:00\" \/>\n<meta property=\"og:image\" content=\"https:\/\/www.belleflamme.ca\/wp-content\/uploads\/2024\/02\/Bruleur-en-fosse-Voracious-FIRe-de-Fire-Garden.jpg\" \/>\n\t<meta property=\"og:image:width\" content=\"800\" \/>\n\t<meta property=\"og:image:height\" content=\"600\" \/>\n\t<meta property=\"og:image:type\" content=\"image\/jpeg\" \/>\n<meta name=\"twitter:card\" content=\"summary_large_image\" \/>\n<meta name=\"twitter:label1\" content=\"Disponibilit\u00e9\" \/>\n\t<meta name=\"twitter:data1\" content=\"En stock\" \/>\n<script type=\"application\/ld+json\" class=\"yoast-schema-graph\">{\"@context\":\"https:\/\/schema.org\",\"@graph\":[{\"@type\":[\"WebPage\",\"ItemPage\"],\"@id\":\"https:\/\/staging.belleflamme.ca\/fr\/produit\/bruleur-en-fosse-voracious-fire-de-fire-garden\/\",\"url\":\"https:\/\/staging.belleflamme.ca\/fr\/produit\/bruleur-en-fosse-voracious-fire-de-fire-garden\/\",\"name\":\"Bruleur en fosse Voracious FIRE\u2122 de Fire Garden - Groupe BelleFlamme\",\"isPartOf\":{\"@id\":\"https:\/\/www.belleflamme.ca\/fr\/#website\"},\"primaryImageOfPage\":{\"@id\":\"https:\/\/staging.belleflamme.ca\/fr\/produit\/bruleur-en-fosse-voracious-fire-de-fire-garden\/#primaryimage\"},\"image\":{\"@id\":\"https:\/\/staging.belleflamme.ca\/fr\/produit\/bruleur-en-fosse-voracious-fire-de-fire-garden\/#primaryimage\"},\"thumbnailUrl\":\"https:\/\/staging.belleflamme.ca\/wp-content\/uploads\/2024\/02\/Bruleur-en-fosse-Voracious-FIRe-de-Fire-Garden.jpg\",\"datePublished\":\"2024-02-14T19:05:49+00:00\",\"dateModified\":\"2024-02-14T19:05:50+00:00\",\"description\":\"Bruleur en fosse Voracious FIRE\u2122 de Fire Garden [get_meta_en_fr]\",\"breadcrumb\":{\"@id\":\"https:\/\/staging.belleflamme.ca\/fr\/produit\/bruleur-en-fosse-voracious-fire-de-fire-garden\/#breadcrumb\"},\"inLanguage\":\"fr-FR\",\"potentialAction\":[{\"@type\":\"ReadAction\",\"target\":[\"https:\/\/staging.belleflamme.ca\/fr\/produit\/bruleur-en-fosse-voracious-fire-de-fire-garden\/\"]}]},{\"@type\":\"ImageObject\",\"inLanguage\":\"fr-FR\",\"@id\":\"https:\/\/staging.belleflamme.ca\/fr\/produit\/bruleur-en-fosse-voracious-fire-de-fire-garden\/#primaryimage\",\"url\":\"https:\/\/staging.belleflamme.ca\/wp-content\/uploads\/2024\/02\/Bruleur-en-fosse-Voracious-FIRe-de-Fire-Garden.jpg\",\"contentUrl\":\"https:\/\/staging.belleflamme.ca\/wp-content\/uploads\/2024\/02\/Bruleur-en-fosse-Voracious-FIRe-de-Fire-Garden.jpg\",\"width\":800,\"height\":600,\"caption\":\"Bruleur en fosse Voracious FIRE\u2122 de Fire Garden\"},{\"@type\":\"BreadcrumbList\",\"@id\":\"https:\/\/staging.belleflamme.ca\/fr\/produit\/bruleur-en-fosse-voracious-fire-de-fire-garden\/#breadcrumb\",\"itemListElement\":[{\"@type\":\"ListItem\",\"position\":1,\"name\":\"Accueil\",\"item\":\"https:\/\/www.belleflamme.ca\/fr\/\"},{\"@type\":\"ListItem\",\"position\":2,\"name\":\"Boutique\",\"item\":\"https:\/\/www.belleflamme.ca\/fr\/boutique\/\"},{\"@type\":\"ListItem\",\"position\":3,\"name\":\"Po\u00eales &amp; Foyers\",\"item\":\"https:\/\/staging.belleflamme.ca\/fr\/categories\/poeles-et-foyers\/\"},{\"@type\":\"ListItem\",\"position\":4,\"name\":\"Po\u00eale &amp; Foyer au Gaz\",\"item\":\"https:\/\/staging.belleflamme.ca\/fr\/categories\/poeles-et-foyers\/poeles-foyer-au-gaz\/\"},{\"@type\":\"ListItem\",\"position\":5,\"name\":\"Foyer au Gaz\",\"item\":\"https:\/\/staging.belleflamme.ca\/fr\/categories\/poeles-et-foyers\/poeles-foyer-au-gaz\/foyer-au-gaz\/\"},{\"@type\":\"ListItem\",\"position\":6,\"name\":\"Bruleur en fosse Voracious FIRE\u2122 de Fire Garden\"}]},{\"@type\":\"WebSite\",\"@id\":\"https:\/\/www.belleflamme.ca\/fr\/#website\",\"url\":\"https:\/\/www.belleflamme.ca\/fr\/\",\"name\":\"Groupe Belleflamme\",\"description\":\"La m\u00e9canique du b\u00e2timent dans le sang.\",\"publisher\":{\"@id\":\"https:\/\/www.belleflamme.ca\/fr\/#organization\"},\"potentialAction\":[{\"@type\":\"SearchAction\",\"target\":{\"@type\":\"EntryPoint\",\"urlTemplate\":\"https:\/\/www.belleflamme.ca\/fr\/?s={search_term_string}\"},\"query-input\":{\"@type\":\"PropertyValueSpecification\",\"valueRequired\":true,\"valueName\":\"search_term_string\"}}],\"inLanguage\":\"fr-FR\"},{\"@type\":[\"Organization\",\"Place\"],\"@id\":\"https:\/\/www.belleflamme.ca\/fr\/#organization\",\"name\":\"Groupe Belleflamme\",\"alternateName\":\"Belleflamme\",\"url\":\"https:\/\/www.belleflamme.ca\/fr\/\",\"logo\":{\"@type\":\"ImageObject\",\"inLanguage\":\"fr-FR\",\"@id\":\"https:\/\/www.belleflamme.ca\/fr\/#\/schema\/logo\/image\/\",\"url\":\"https:\/\/staging.belleflamme.ca\/wp-content\/uploads\/2023\/01\/og-image.jpg\",\"contentUrl\":\"https:\/\/staging.belleflamme.ca\/wp-content\/uploads\/2023\/01\/og-image.jpg\",\"width\":1200,\"height\":630,\"caption\":\"Groupe Belleflamme\"},\"image\":{\"@id\":\"https:\/\/www.belleflamme.ca\/fr\/#\/schema\/logo\/image\/\"},\"sameAs\":[\"https:\/\/www.facebook.com\/belleflamme.ca\/\",\"https:\/\/www.linkedin.com\/company\/belleflamme\/\",\"https:\/\/www.pinterest.ca\/groupebelleflamme\/\",\"https:\/\/www.instagram.com\/legroupebelleflamme\/\"],\"mainEntityOfPage\":{\"@id\":\"https:\/\/staging.belleflamme.ca\/fr\/produit\/bruleur-en-fosse-voracious-fire-de-fire-garden\/\"}}]}<\/script>\n<meta property=\"product:brand\" content=\"Fire Garden\" \/>\n<meta property=\"og:availability\" content=\"instock\" \/>\n<meta property=\"product:availability\" content=\"instock\" \/>\n<meta property=\"product:condition\" content=\"new\" \/>\n<!-- \/ Yoast SEO Premium plugin. -->","yoast_head_json":{"title":"Bruleur en fosse Voracious FIRE\u2122 de Fire Garden - Groupe BelleFlamme","description":"Bruleur en fosse Voracious FIRE\u2122 de Fire Garden vendu et install\u00e9 par le Groupe Belleflamme. Laval, Montr\u00e9al, Gatineau, Drummondville et Saint-Sauveur.","robots":{"index":"index","follow":"follow","max-snippet":"max-snippet:-1","max-image-preview":"max-image-preview:large","max-video-preview":"max-video-preview:-1"},"canonical":"https:\/\/staging.belleflamme.ca\/fr\/produit\/bruleur-en-fosse-voracious-fire-de-fire-garden\/","og_locale":"fr_FR","og_type":"article","og_title":"Bruleur en fosse Voracious FIRE\u2122 de Fire Garden","og_description":"Bruleur en fosse Voracious FIRE\u2122 de Fire Garden vendu et install\u00e9 par le Groupe Belleflamme. Laval, Montr\u00e9al, Gatineau, Drummondville et Saint-Sauveur.","og_url":"https:\/\/staging.belleflamme.ca\/fr\/produit\/bruleur-en-fosse-voracious-fire-de-fire-garden\/","og_site_name":"Groupe BelleFlamme","article_publisher":"https:\/\/www.facebook.com\/belleflamme.ca\/","article_modified_time":"2024-02-14T19:05:50+00:00","og_image":[{"width":800,"height":600,"url":"https:\/\/www.belleflamme.ca\/wp-content\/uploads\/2024\/02\/Bruleur-en-fosse-Voracious-FIRe-de-Fire-Garden.jpg","type":"image\/jpeg"}],"twitter_card":"summary_large_image","twitter_misc":{"Disponibilit\u00e9":"En stock"},"schema":{"@context":"https:\/\/schema.org","@graph":[{"@type":["WebPage","ItemPage"],"@id":"https:\/\/staging.belleflamme.ca\/fr\/produit\/bruleur-en-fosse-voracious-fire-de-fire-garden\/","url":"https:\/\/staging.belleflamme.ca\/fr\/produit\/bruleur-en-fosse-voracious-fire-de-fire-garden\/","name":"Bruleur en fosse Voracious FIRE\u2122 de Fire Garden - Groupe BelleFlamme","isPartOf":{"@id":"https:\/\/www.belleflamme.ca\/fr\/#website"},"primaryImageOfPage":{"@id":"https:\/\/staging.belleflamme.ca\/fr\/produit\/bruleur-en-fosse-voracious-fire-de-fire-garden\/#primaryimage"},"image":{"@id":"https:\/\/staging.belleflamme.ca\/fr\/produit\/bruleur-en-fosse-voracious-fire-de-fire-garden\/#primaryimage"},"thumbnailUrl":"https:\/\/staging.belleflamme.ca\/wp-content\/uploads\/2024\/02\/Bruleur-en-fosse-Voracious-FIRe-de-Fire-Garden.jpg","datePublished":"2024-02-14T19:05:49+00:00","dateModified":"2024-02-14T19:05:50+00:00","description":"Bruleur en fosse Voracious FIRE\u2122 de Fire Garden [get_meta_en_fr]","breadcrumb":{"@id":"https:\/\/staging.belleflamme.ca\/fr\/produit\/bruleur-en-fosse-voracious-fire-de-fire-garden\/#breadcrumb"},"inLanguage":"fr-FR","potentialAction":[{"@type":"ReadAction","target":["https:\/\/staging.belleflamme.ca\/fr\/produit\/bruleur-en-fosse-voracious-fire-de-fire-garden\/"]}]},{"@type":"ImageObject","inLanguage":"fr-FR","@id":"https:\/\/staging.belleflamme.ca\/fr\/produit\/bruleur-en-fosse-voracious-fire-de-fire-garden\/#primaryimage","url":"https:\/\/staging.belleflamme.ca\/wp-content\/uploads\/2024\/02\/Bruleur-en-fosse-Voracious-FIRe-de-Fire-Garden.jpg","contentUrl":"https:\/\/staging.belleflamme.ca\/wp-content\/uploads\/2024\/02\/Bruleur-en-fosse-Voracious-FIRe-de-Fire-Garden.jpg","width":800,"height":600,"caption":"Bruleur en fosse Voracious FIRE\u2122 de Fire Garden"},{"@type":"BreadcrumbList","@id":"https:\/\/staging.belleflamme.ca\/fr\/produit\/bruleur-en-fosse-voracious-fire-de-fire-garden\/#breadcrumb","itemListElement":[{"@type":"ListItem","position":1,"name":"Accueil","item":"https:\/\/www.belleflamme.ca\/fr\/"},{"@type":"ListItem","position":2,"name":"Boutique","item":"https:\/\/www.belleflamme.ca\/fr\/boutique\/"},{"@type":"ListItem","position":3,"name":"Po\u00eales &amp; Foyers","item":"https:\/\/staging.belleflamme.ca\/fr\/categories\/poeles-et-foyers\/"},{"@type":"ListItem","position":4,"name":"Po\u00eale &amp; Foyer au Gaz","item":"https:\/\/staging.belleflamme.ca\/fr\/categories\/poeles-et-foyers\/poeles-foyer-au-gaz\/"},{"@type":"ListItem","position":5,"name":"Foyer au Gaz","item":"https:\/\/staging.belleflamme.ca\/fr\/categories\/poeles-et-foyers\/poeles-foyer-au-gaz\/foyer-au-gaz\/"},{"@type":"ListItem","position":6,"name":"Bruleur en fosse Voracious FIRE\u2122 de Fire Garden"}]},{"@type":"WebSite","@id":"https:\/\/www.belleflamme.ca\/fr\/#website","url":"https:\/\/www.belleflamme.ca\/fr\/","name":"Groupe Belleflamme","description":"La m\u00e9canique du b\u00e2timent dans le sang.","publisher":{"@id":"https:\/\/www.belleflamme.ca\/fr\/#organization"},"potentialAction":[{"@type":"SearchAction","target":{"@type":"EntryPoint","urlTemplate":"https:\/\/www.belleflamme.ca\/fr\/?s={search_term_string}"},"query-input":{"@type":"PropertyValueSpecification","valueRequired":true,"valueName":"search_term_string"}}],"inLanguage":"fr-FR"},{"@type":["Organization","Place"],"@id":"https:\/\/www.belleflamme.ca\/fr\/#organization","name":"Groupe Belleflamme","alternateName":"Belleflamme","url":"https:\/\/www.belleflamme.ca\/fr\/","logo":{"@type":"ImageObject","inLanguage":"fr-FR","@id":"https:\/\/www.belleflamme.ca\/fr\/#\/schema\/logo\/image\/","url":"https:\/\/staging.belleflamme.ca\/wp-content\/uploads\/2023\/01\/og-image.jpg","contentUrl":"https:\/\/staging.belleflamme.ca\/wp-content\/uploads\/2023\/01\/og-image.jpg","width":1200,"height":630,"caption":"Groupe Belleflamme"},"image":{"@id":"https:\/\/www.belleflamme.ca\/fr\/#\/schema\/logo\/image\/"},"sameAs":["https:\/\/www.facebook.com\/belleflamme.ca\/","https:\/\/www.linkedin.com\/company\/belleflamme\/","https:\/\/www.pinterest.ca\/groupebelleflamme\/","https:\/\/www.instagram.com\/legroupebelleflamme\/"],"mainEntityOfPage":{"@id":"https:\/\/staging.belleflamme.ca\/fr\/produit\/bruleur-en-fosse-voracious-fire-de-fire-garden\/"}}]},"product_brand":"Fire Garden","og_availability":"instock","product_availability":"instock","product_condition":"new"},"_links":{"self":[{"href":"https:\/\/staging.belleflamme.ca\/fr\/wp-json\/wp\/v2\/product\/29600","targetHints":{"allow":["GET"]}}],"collection":[{"href":"https:\/\/staging.belleflamme.ca\/fr\/wp-json\/wp\/v2\/product"}],"about":[{"href":"https:\/\/staging.belleflamme.ca\/fr\/wp-json\/wp\/v2\/types\/product"}],"version-history":[{"count":1,"href":"https:\/\/staging.belleflamme.ca\/fr\/wp-json\/wp\/v2\/product\/29600\/revisions"}],"predecessor-version":[{"id":29608,"href":"https:\/\/staging.belleflamme.ca\/fr\/wp-json\/wp\/v2\/product\/29600\/revisions\/29608"}],"wp:featuredmedia":[{"embeddable":true,"href":"https:\/\/staging.belleflamme.ca\/fr\/wp-json\/wp\/v2\/media\/29601"}],"wp:attachment":[{"href":"https:\/\/staging.belleflamme.ca\/fr\/wp-json\/wp\/v2\/media?parent=29600"}],"wp:term":[{"taxonomy":"product_brand","embeddable":true,"href":"https:\/\/staging.belleflamme.ca\/fr\/wp-json\/wp\/v2\/product_brand?post=29600"},{"taxonomy":"product_cat","embeddable":true,"href":"https:\/\/staging.belleflamme.ca\/fr\/wp-json\/wp\/v2\/product_cat?post=29600"},{"taxonomy":"product_tag","embeddable":true,"href":"https:\/\/staging.belleflamme.ca\/fr\/wp-json\/wp\/v2\/product_tag?post=29600"}],"curies":[{"name":"wp","href":"https:\/\/api.w.org\/{rel}","templated":true}]}}