{"id":29564,"date":"2024-02-14T12:40:12","date_gmt":"2024-02-14T17:40:12","guid":{"rendered":"https:\/\/www.belleflamme.ca\/?post_type=product&#038;p=29564"},"modified":"2024-02-14T12:40:13","modified_gmt":"2024-02-14T17:40:13","slug":"lanternes-tempest-de-fire-garden","status":"publish","type":"product","link":"https:\/\/staging.belleflamme.ca\/fr\/produit\/lanternes-tempest-de-fire-garden\/","title":{"rendered":"Lanternes Tempest de Fire Garden"},"content":{"rendered":"<p><iframe src=\"https:\/\/player.vimeo.com\/video\/649168293?h=79cc787c3e\" width=\"640\" height=\"360\" frameborder=\"0\" allowfullscreen=\"allowfullscreen\"><\/iframe><\/p>\n<div class=\"fusion-layout-column fusion_builder_column fusion-builder-column-20 fusion_builder_column_1_2 1_2 fusion-flex-column\">\n<div class=\"fusion-column-wrapper fusion-column-has-shadow fusion-flex-justify-content-flex-start fusion-content-layout-column\">\n<div class=\"fusion-text fusion-text-36\">\n<h1 class=\"fusion-responsive-typography-calculated\" data-fusion-font=\"true\" data-fontsize=\"16\" data-lineheight=\"18.56px\"><b>Les lanternes \u00e0 gaz d&#8217;ext\u00e9rieur Tempest sont un \u00e9clairage ext\u00e9rieur d\u00e9coratif spectaculaire qui brise les barri\u00e8res de la conception des torches \u00e0 gaz standard.<\/b><\/h1>\n<p>La conception brevet\u00e9e du bo\u00eetier en verre tremp\u00e9 des lanternes \u00e0 gaz d&#8217;ext\u00e9rieur Tempest pr\u00e9sente une\u00a0<u>spirale de flammes<\/u>\u00a0enchanteresse et dansante , cr\u00e9ant une exp\u00e9rience visuelle inoubliable et captivante.<\/p>\n<p>Au-del\u00e0 de son design r\u00e9volutionnaire, la praticit\u00e9 et la convivialit\u00e9 des lanternes Tempest sont tout aussi impressionnantes.\u00a0Le bo\u00eetier ouvert \u00e0 quatre c\u00f4t\u00e9s est con\u00e7u pour emp\u00eacher la flamme de s&#8217;\u00e9teindre en cas de vent violent ou de pluie, mais comprend une vanne d&#8217;arr\u00eat automatique de s\u00e9curit\u00e9 du gaz, si jamais la flamme s&#8217;\u00e9teint.\u00a0Choisissez le mod\u00e8le qui vous convient le mieux : l&#8217;allumage pi\u00e9zo manuel ou le syst\u00e8me d&#8217;allumage \u00e9lectronique\u00a0<u>Hot Shot\u2122 24 V CA<\/u>\u00a0toutes saisons\u00a0\u2013 le syst\u00e8me d&#8217;allumage le plus robuste et le plus fiable propos\u00e9 dans l&#8217;industrie.<\/p>\n<p>La famille de\u00a0<u><a href=\"https:\/\/www.firegardenoutdoors.com\/tempesttorch\/\" target=\"_blank\" rel=\"noopener noreferrer\">torches et lanternes Tempest<\/a><\/u>\u00a0offre de nombreuses options d&#8217;affichage pour un look personnalis\u00e9 : versions \u00e0 poteaux courts ou hauts, fix\u00e9es au mur, sans base pour ceux qui souhaitent construire quelque chose d&#8217;unique ou utiliser un \u00e9l\u00e9ment existant.\u00a0Avec toutes ces options disponibles, installer le Tempest dans votre cour pour un \u00e9clairage paysager ou ext\u00e9rieur g\u00e9n\u00e9ral est simple et facile.<\/p>\n<\/div>\n<\/div>\n<\/div>\n<div class=\"fusion-layout-column fusion_builder_column fusion-builder-column-21 fusion_builder_column_1_2 1_2 fusion-flex-column\">\n<div class=\"fusion-column-wrapper fusion-column-has-shadow fusion-flex-justify-content-flex-start fusion-content-layout-column\">\n<div class=\"fusion-text fusion-text-37\">\n<p>CARACT\u00c9RISTIQUES<\/p>\n<ul class=\"outside\">\n<li>Deux tailles : la lanterne Tempest 20K ou la\u00a0lanterne Tempest 50K qui est 40 % plus grande.<\/li>\n<li>Disponible avec un syst\u00e8me d&#8217;allumage \u00e9lectronique\u00a0<u>Hot Shot\u2122 24 V CA<\/u>\u00a0toutes saisons\u00a0ou un allumage pi\u00e9zo manuel (mod\u00e8les 20 K uniquement), au gaz naturel ou au propane.<\/li>\n<li>Peut \u00eatre install\u00e9 de quatre mani\u00e8res diff\u00e9rentes : poteau au sol, poteau de terrasse, support sur pilier ou support mural.<\/li>\n<li>Dispose d&#8217;un arr\u00eat de gaz automatique comme fonction de s\u00e9curit\u00e9 suppl\u00e9mentaire.<\/li>\n<li>Cadre et capuchon durables avec rev\u00eatement en poudre noire haute temp\u00e9rature.<\/li>\n<li>Entr\u00e9e BTU maximale de la lanterne 20\u00a0000\u00a0: 20\u00a0000 (NG\/LP)<\/li>\n<li>Entr\u00e9e BTU maximale de la lanterne 50\u00a0000\u00a0: 50\u00a0000 (NG), 45\u00a0000 (LP)<\/li>\n<\/ul>\n<p>Allumeur Piezo 20 000 BTU: Comprend une t\u00eate d&#8217;allumage manuelle, un verre tremp\u00e9 et un capuchon anti-pluie amovible.<\/p>\n<p>Allumeur \u00c9lectrique Hot Shot 20 000 et 50 000 BTU : Comprend une t\u00eate d&#8217;allumeur \u00e9lectrique, un verre tremp\u00e9, un capuchon anti-pluie amovible, un module de commande, une vanne d&#8217;arr\u00eat et un coupleur r\u00e9ducteur de flammes.\u00a0<b>N\u00e9cessite un transformateur 110-24 V.<\/b><\/p>\n<\/div>\n<\/div>\n<\/div>\n","protected":false},"excerpt":{"rendered":"<p>Les lanternes \u00e0 gaz d&#8217;ext\u00e9rieur Tempest sont un \u00e9clairage ext\u00e9rieur d\u00e9coratif spectaculaire qui brise les barri\u00e8res de la conception des torches \u00e0 gaz standard. La conception brevet\u00e9e du bo\u00eetier en verre tremp\u00e9 des lanternes \u00e0 gaz d&#8217;ext\u00e9rieur Tempest pr\u00e9sente une\u00a0spirale de flammes\u00a0enchanteresse et dansante , cr\u00e9ant une exp\u00e9rience visuelle inoubliable et captivante. Au-del\u00e0 de son [&hellip;]<\/p>\n","protected":false},"featured_media":29565,"template":"","meta":{"inline_featured_image":false},"product_brand":[1204],"product_cat":[113,120],"product_tag":[],"class_list":{"0":"post-29564","1":"product","2":"type-product","3":"status-publish","4":"has-post-thumbnail","6":"product_brand-fire-garden","7":"product_cat-bbq-produits-exterieurs","8":"product_cat-bruleurs-exterieurs","10":"first","11":"instock","12":"taxable","13":"shipping-taxable","14":"product-type-variable"},"yoast_head":"<!-- This site is optimized with the Yoast SEO Premium plugin v24.2 (Yoast SEO v24.2) - https:\/\/yoast.com\/wordpress\/plugins\/seo\/ -->\n<title>Lanternes Tempest de Fire Garden - Groupe BelleFlamme<\/title>\n<meta name=\"description\" content=\"Lanternes Tempest de Fire Garden vendu et install\u00e9 par le Groupe Belleflamme. Laval, Montr\u00e9al, Gatineau, Drummondville et Saint-Sauveur.\" \/>\n<meta name=\"robots\" content=\"index, follow, max-snippet:-1, max-image-preview:large, max-video-preview:-1\" \/>\n<link rel=\"canonical\" href=\"https:\/\/staging.belleflamme.ca\/fr\/produit\/lanternes-tempest-de-fire-garden\/\" \/>\n<meta property=\"og:locale\" content=\"fr_FR\" \/>\n<meta property=\"og:type\" content=\"article\" \/>\n<meta property=\"og:title\" content=\"Lanternes Tempest de Fire Garden\" \/>\n<meta property=\"og:description\" content=\"Lanternes Tempest de Fire Garden vendu et install\u00e9 par le Groupe Belleflamme. Laval, Montr\u00e9al, Gatineau, Drummondville et Saint-Sauveur.\" \/>\n<meta property=\"og:url\" content=\"https:\/\/staging.belleflamme.ca\/fr\/produit\/lanternes-tempest-de-fire-garden\/\" \/>\n<meta property=\"og:site_name\" content=\"Groupe BelleFlamme\" \/>\n<meta property=\"article:publisher\" content=\"https:\/\/www.facebook.com\/belleflamme.ca\/\" \/>\n<meta property=\"article:modified_time\" content=\"2024-02-14T17:40:13+00:00\" \/>\n<meta property=\"og:image\" content=\"https:\/\/www.belleflamme.ca\/wp-content\/uploads\/2024\/02\/Lanternes-Tempest-de-Fire-Garden.jpg\" \/>\n\t<meta property=\"og:image:width\" content=\"600\" \/>\n\t<meta property=\"og:image:height\" content=\"600\" \/>\n\t<meta property=\"og:image:type\" content=\"image\/jpeg\" \/>\n<meta name=\"twitter:card\" content=\"summary_large_image\" \/>\n<meta name=\"twitter:label1\" content=\"Disponibilit\u00e9\" \/>\n\t<meta name=\"twitter:data1\" content=\"En stock\" \/>\n<script type=\"application\/ld+json\" class=\"yoast-schema-graph\">{\"@context\":\"https:\/\/schema.org\",\"@graph\":[{\"@type\":[\"WebPage\",\"ItemPage\"],\"@id\":\"https:\/\/staging.belleflamme.ca\/fr\/produit\/lanternes-tempest-de-fire-garden\/\",\"url\":\"https:\/\/staging.belleflamme.ca\/fr\/produit\/lanternes-tempest-de-fire-garden\/\",\"name\":\"Lanternes Tempest de Fire Garden - Groupe BelleFlamme\",\"isPartOf\":{\"@id\":\"https:\/\/www.belleflamme.ca\/fr\/#website\"},\"primaryImageOfPage\":{\"@id\":\"https:\/\/staging.belleflamme.ca\/fr\/produit\/lanternes-tempest-de-fire-garden\/#primaryimage\"},\"image\":{\"@id\":\"https:\/\/staging.belleflamme.ca\/fr\/produit\/lanternes-tempest-de-fire-garden\/#primaryimage\"},\"thumbnailUrl\":\"https:\/\/staging.belleflamme.ca\/wp-content\/uploads\/2024\/02\/Lanternes-Tempest-de-Fire-Garden.jpg\",\"datePublished\":\"2024-02-14T17:40:12+00:00\",\"dateModified\":\"2024-02-14T17:40:13+00:00\",\"description\":\"Lanternes Tempest de Fire Garden [get_meta_en_fr]\",\"breadcrumb\":{\"@id\":\"https:\/\/staging.belleflamme.ca\/fr\/produit\/lanternes-tempest-de-fire-garden\/#breadcrumb\"},\"inLanguage\":\"fr-FR\",\"potentialAction\":[{\"@type\":\"ReadAction\",\"target\":[\"https:\/\/staging.belleflamme.ca\/fr\/produit\/lanternes-tempest-de-fire-garden\/\"]}]},{\"@type\":\"ImageObject\",\"inLanguage\":\"fr-FR\",\"@id\":\"https:\/\/staging.belleflamme.ca\/fr\/produit\/lanternes-tempest-de-fire-garden\/#primaryimage\",\"url\":\"https:\/\/staging.belleflamme.ca\/wp-content\/uploads\/2024\/02\/Lanternes-Tempest-de-Fire-Garden.jpg\",\"contentUrl\":\"https:\/\/staging.belleflamme.ca\/wp-content\/uploads\/2024\/02\/Lanternes-Tempest-de-Fire-Garden.jpg\",\"width\":600,\"height\":600,\"caption\":\"Lanternes Tempest de Fire Garden\"},{\"@type\":\"BreadcrumbList\",\"@id\":\"https:\/\/staging.belleflamme.ca\/fr\/produit\/lanternes-tempest-de-fire-garden\/#breadcrumb\",\"itemListElement\":[{\"@type\":\"ListItem\",\"position\":1,\"name\":\"Accueil\",\"item\":\"https:\/\/www.belleflamme.ca\/fr\/\"},{\"@type\":\"ListItem\",\"position\":2,\"name\":\"Boutique\",\"item\":\"https:\/\/www.belleflamme.ca\/fr\/boutique\/\"},{\"@type\":\"ListItem\",\"position\":3,\"name\":\"BBQ &amp; Produits Ext\u00e9rieurs\",\"item\":\"https:\/\/staging.belleflamme.ca\/fr\/categories\/bbq-produits-exterieurs\/\"},{\"@type\":\"ListItem\",\"position\":4,\"name\":\"Bruleurs Ext\u00e9rieurs\",\"item\":\"https:\/\/staging.belleflamme.ca\/fr\/categories\/bbq-produits-exterieurs\/bruleurs-exterieurs\/\"},{\"@type\":\"ListItem\",\"position\":5,\"name\":\"Lanternes Tempest de Fire Garden\"}]},{\"@type\":\"WebSite\",\"@id\":\"https:\/\/www.belleflamme.ca\/fr\/#website\",\"url\":\"https:\/\/www.belleflamme.ca\/fr\/\",\"name\":\"Groupe Belleflamme\",\"description\":\"La m\u00e9canique du b\u00e2timent dans le sang.\",\"publisher\":{\"@id\":\"https:\/\/www.belleflamme.ca\/fr\/#organization\"},\"potentialAction\":[{\"@type\":\"SearchAction\",\"target\":{\"@type\":\"EntryPoint\",\"urlTemplate\":\"https:\/\/www.belleflamme.ca\/fr\/?s={search_term_string}\"},\"query-input\":{\"@type\":\"PropertyValueSpecification\",\"valueRequired\":true,\"valueName\":\"search_term_string\"}}],\"inLanguage\":\"fr-FR\"},{\"@type\":[\"Organization\",\"Place\"],\"@id\":\"https:\/\/www.belleflamme.ca\/fr\/#organization\",\"name\":\"Groupe Belleflamme\",\"alternateName\":\"Belleflamme\",\"url\":\"https:\/\/www.belleflamme.ca\/fr\/\",\"logo\":{\"@type\":\"ImageObject\",\"inLanguage\":\"fr-FR\",\"@id\":\"https:\/\/www.belleflamme.ca\/fr\/#\/schema\/logo\/image\/\",\"url\":\"https:\/\/staging.belleflamme.ca\/wp-content\/uploads\/2023\/01\/og-image.jpg\",\"contentUrl\":\"https:\/\/staging.belleflamme.ca\/wp-content\/uploads\/2023\/01\/og-image.jpg\",\"width\":1200,\"height\":630,\"caption\":\"Groupe Belleflamme\"},\"image\":{\"@id\":\"https:\/\/www.belleflamme.ca\/fr\/#\/schema\/logo\/image\/\"},\"sameAs\":[\"https:\/\/www.facebook.com\/belleflamme.ca\/\",\"https:\/\/www.linkedin.com\/company\/belleflamme\/\",\"https:\/\/www.pinterest.ca\/groupebelleflamme\/\",\"https:\/\/www.instagram.com\/legroupebelleflamme\/\"],\"mainEntityOfPage\":{\"@id\":\"https:\/\/staging.belleflamme.ca\/fr\/produit\/lanternes-tempest-de-fire-garden\/\"}}]}<\/script>\n<meta property=\"product:brand\" content=\"Fire Garden\" \/>\n<meta property=\"og:availability\" content=\"instock\" \/>\n<meta property=\"product:availability\" content=\"instock\" \/>\n<meta property=\"product:condition\" content=\"new\" \/>\n<!-- \/ Yoast SEO Premium plugin. -->","yoast_head_json":{"title":"Lanternes Tempest de Fire Garden - Groupe BelleFlamme","description":"Lanternes Tempest de Fire Garden vendu et install\u00e9 par le Groupe Belleflamme. Laval, Montr\u00e9al, Gatineau, Drummondville et Saint-Sauveur.","robots":{"index":"index","follow":"follow","max-snippet":"max-snippet:-1","max-image-preview":"max-image-preview:large","max-video-preview":"max-video-preview:-1"},"canonical":"https:\/\/staging.belleflamme.ca\/fr\/produit\/lanternes-tempest-de-fire-garden\/","og_locale":"fr_FR","og_type":"article","og_title":"Lanternes Tempest de Fire Garden","og_description":"Lanternes Tempest de Fire Garden vendu et install\u00e9 par le Groupe Belleflamme. Laval, Montr\u00e9al, Gatineau, Drummondville et Saint-Sauveur.","og_url":"https:\/\/staging.belleflamme.ca\/fr\/produit\/lanternes-tempest-de-fire-garden\/","og_site_name":"Groupe BelleFlamme","article_publisher":"https:\/\/www.facebook.com\/belleflamme.ca\/","article_modified_time":"2024-02-14T17:40:13+00:00","og_image":[{"width":600,"height":600,"url":"https:\/\/www.belleflamme.ca\/wp-content\/uploads\/2024\/02\/Lanternes-Tempest-de-Fire-Garden.jpg","type":"image\/jpeg"}],"twitter_card":"summary_large_image","twitter_misc":{"Disponibilit\u00e9":"En stock"},"schema":{"@context":"https:\/\/schema.org","@graph":[{"@type":["WebPage","ItemPage"],"@id":"https:\/\/staging.belleflamme.ca\/fr\/produit\/lanternes-tempest-de-fire-garden\/","url":"https:\/\/staging.belleflamme.ca\/fr\/produit\/lanternes-tempest-de-fire-garden\/","name":"Lanternes Tempest de Fire Garden - Groupe BelleFlamme","isPartOf":{"@id":"https:\/\/www.belleflamme.ca\/fr\/#website"},"primaryImageOfPage":{"@id":"https:\/\/staging.belleflamme.ca\/fr\/produit\/lanternes-tempest-de-fire-garden\/#primaryimage"},"image":{"@id":"https:\/\/staging.belleflamme.ca\/fr\/produit\/lanternes-tempest-de-fire-garden\/#primaryimage"},"thumbnailUrl":"https:\/\/staging.belleflamme.ca\/wp-content\/uploads\/2024\/02\/Lanternes-Tempest-de-Fire-Garden.jpg","datePublished":"2024-02-14T17:40:12+00:00","dateModified":"2024-02-14T17:40:13+00:00","description":"Lanternes Tempest de Fire Garden [get_meta_en_fr]","breadcrumb":{"@id":"https:\/\/staging.belleflamme.ca\/fr\/produit\/lanternes-tempest-de-fire-garden\/#breadcrumb"},"inLanguage":"fr-FR","potentialAction":[{"@type":"ReadAction","target":["https:\/\/staging.belleflamme.ca\/fr\/produit\/lanternes-tempest-de-fire-garden\/"]}]},{"@type":"ImageObject","inLanguage":"fr-FR","@id":"https:\/\/staging.belleflamme.ca\/fr\/produit\/lanternes-tempest-de-fire-garden\/#primaryimage","url":"https:\/\/staging.belleflamme.ca\/wp-content\/uploads\/2024\/02\/Lanternes-Tempest-de-Fire-Garden.jpg","contentUrl":"https:\/\/staging.belleflamme.ca\/wp-content\/uploads\/2024\/02\/Lanternes-Tempest-de-Fire-Garden.jpg","width":600,"height":600,"caption":"Lanternes Tempest de Fire Garden"},{"@type":"BreadcrumbList","@id":"https:\/\/staging.belleflamme.ca\/fr\/produit\/lanternes-tempest-de-fire-garden\/#breadcrumb","itemListElement":[{"@type":"ListItem","position":1,"name":"Accueil","item":"https:\/\/www.belleflamme.ca\/fr\/"},{"@type":"ListItem","position":2,"name":"Boutique","item":"https:\/\/www.belleflamme.ca\/fr\/boutique\/"},{"@type":"ListItem","position":3,"name":"BBQ &amp; Produits Ext\u00e9rieurs","item":"https:\/\/staging.belleflamme.ca\/fr\/categories\/bbq-produits-exterieurs\/"},{"@type":"ListItem","position":4,"name":"Bruleurs Ext\u00e9rieurs","item":"https:\/\/staging.belleflamme.ca\/fr\/categories\/bbq-produits-exterieurs\/bruleurs-exterieurs\/"},{"@type":"ListItem","position":5,"name":"Lanternes Tempest de Fire Garden"}]},{"@type":"WebSite","@id":"https:\/\/www.belleflamme.ca\/fr\/#website","url":"https:\/\/www.belleflamme.ca\/fr\/","name":"Groupe Belleflamme","description":"La m\u00e9canique du b\u00e2timent dans le sang.","publisher":{"@id":"https:\/\/www.belleflamme.ca\/fr\/#organization"},"potentialAction":[{"@type":"SearchAction","target":{"@type":"EntryPoint","urlTemplate":"https:\/\/www.belleflamme.ca\/fr\/?s={search_term_string}"},"query-input":{"@type":"PropertyValueSpecification","valueRequired":true,"valueName":"search_term_string"}}],"inLanguage":"fr-FR"},{"@type":["Organization","Place"],"@id":"https:\/\/www.belleflamme.ca\/fr\/#organization","name":"Groupe Belleflamme","alternateName":"Belleflamme","url":"https:\/\/www.belleflamme.ca\/fr\/","logo":{"@type":"ImageObject","inLanguage":"fr-FR","@id":"https:\/\/www.belleflamme.ca\/fr\/#\/schema\/logo\/image\/","url":"https:\/\/staging.belleflamme.ca\/wp-content\/uploads\/2023\/01\/og-image.jpg","contentUrl":"https:\/\/staging.belleflamme.ca\/wp-content\/uploads\/2023\/01\/og-image.jpg","width":1200,"height":630,"caption":"Groupe Belleflamme"},"image":{"@id":"https:\/\/www.belleflamme.ca\/fr\/#\/schema\/logo\/image\/"},"sameAs":["https:\/\/www.facebook.com\/belleflamme.ca\/","https:\/\/www.linkedin.com\/company\/belleflamme\/","https:\/\/www.pinterest.ca\/groupebelleflamme\/","https:\/\/www.instagram.com\/legroupebelleflamme\/"],"mainEntityOfPage":{"@id":"https:\/\/staging.belleflamme.ca\/fr\/produit\/lanternes-tempest-de-fire-garden\/"}}]},"product_brand":"Fire Garden","og_availability":"instock","product_availability":"instock","product_condition":"new"},"_links":{"self":[{"href":"https:\/\/staging.belleflamme.ca\/fr\/wp-json\/wp\/v2\/product\/29564","targetHints":{"allow":["GET"]}}],"collection":[{"href":"https:\/\/staging.belleflamme.ca\/fr\/wp-json\/wp\/v2\/product"}],"about":[{"href":"https:\/\/staging.belleflamme.ca\/fr\/wp-json\/wp\/v2\/types\/product"}],"version-history":[{"count":1,"href":"https:\/\/staging.belleflamme.ca\/fr\/wp-json\/wp\/v2\/product\/29564\/revisions"}],"predecessor-version":[{"id":29575,"href":"https:\/\/staging.belleflamme.ca\/fr\/wp-json\/wp\/v2\/product\/29564\/revisions\/29575"}],"wp:featuredmedia":[{"embeddable":true,"href":"https:\/\/staging.belleflamme.ca\/fr\/wp-json\/wp\/v2\/media\/29565"}],"wp:attachment":[{"href":"https:\/\/staging.belleflamme.ca\/fr\/wp-json\/wp\/v2\/media?parent=29564"}],"wp:term":[{"taxonomy":"product_brand","embeddable":true,"href":"https:\/\/staging.belleflamme.ca\/fr\/wp-json\/wp\/v2\/product_brand?post=29564"},{"taxonomy":"product_cat","embeddable":true,"href":"https:\/\/staging.belleflamme.ca\/fr\/wp-json\/wp\/v2\/product_cat?post=29564"},{"taxonomy":"product_tag","embeddable":true,"href":"https:\/\/staging.belleflamme.ca\/fr\/wp-json\/wp\/v2\/product_tag?post=29564"}],"curies":[{"name":"wp","href":"https:\/\/api.w.org\/{rel}","templated":true}]}}