{"id":29437,"date":"2024-02-13T17:26:04","date_gmt":"2024-02-13T22:26:04","guid":{"rendered":"https:\/\/www.belleflamme.ca\/?post_type=product&#038;p=29437"},"modified":"2024-02-14T12:03:14","modified_gmt":"2024-02-14T17:03:14","slug":"foyer-au-gaz-transparent-6424-de-fire-garden","status":"publish","type":"product","link":"https:\/\/staging.belleflamme.ca\/fr\/produit\/foyer-au-gaz-transparent-6424-de-fire-garden\/","title":{"rendered":"Foyer au Gaz ext\u00e9rieur Transparent 6424 de Fire Garden"},"content":{"rendered":"\t\t<div data-elementor-type=\"product-post\" data-elementor-id=\"29437\" class=\"elementor elementor-29437\" data-elementor-post-type=\"product\">\n\t\t\t\t\t\t<section class=\"elementor-section elementor-top-section elementor-element elementor-element-402a4792 elementor-section-boxed elementor-section-height-default elementor-section-height-default\" data-id=\"402a4792\" data-element_type=\"section\">\n\t\t\t\t\t\t<div class=\"elementor-container elementor-column-gap-default\">\n\t\t\t\t\t<div class=\"elementor-column elementor-col-100 elementor-top-column elementor-element elementor-element-9cee22f\" data-id=\"9cee22f\" data-element_type=\"column\">\n\t\t\t<div class=\"elementor-widget-wrap elementor-element-populated\">\n\t\t\t\t\t\t<div class=\"elementor-element elementor-element-533d4c5 elementor-widget elementor-widget-text-editor\" data-id=\"533d4c5\" data-element_type=\"widget\" data-widget_type=\"text-editor.default\">\n\t\t\t\t<div class=\"elementor-widget-container\">\n\t\t\t\t\t\t\t\t\t<p><iframe src=\"https:\/\/player.vimeo.com\/video\/869315151?h=ab53ca27d9\" width=\"640\" height=\"360\" frameborder=\"0\" allowfullscreen=\"allowfullscreen\"><\/iframe><\/p><div class=\"fusion-layout-column fusion_builder_column fusion-builder-column-17 fusion_builder_column_1_2 1_2 fusion-flex-column\"><div class=\"fusion-column-wrapper fusion-column-has-shadow fusion-flex-justify-content-flex-start fusion-content-layout-column\"><div class=\"fusion-text fusion-text-30\"><h1 class=\"fusion-responsive-typography-calculated\" data-fusion-font=\"true\" data-fontsize=\"16\" data-lineheight=\"18.56px\"><b><br \/><span>Enchantez vos sens et remplissez votre espace ext\u00e9rieur avec les flammes \u00e9poustouflantes du foyer au gaz ext\u00e9rieur lin\u00e9aire 6424.<\/span><\/b><\/h1><p><span>Avec son impressionnant ruban de flammes de 60\u2033, ses plaques de chemin\u00e9e en verre noir r\u00e9fl\u00e9chissant et sa grande vari\u00e9t\u00e9 de supports d\u00e9coratifs int\u00e9rieurs, vous \u00eates assur\u00e9 de transformer votre espace ext\u00e9rieur en une exp\u00e9rience inoubliable.\u00a0Asseyez-vous et d\u00e9tendez-vous en sachant qu&#8217;il est construit avec des mat\u00e9riaux de qualit\u00e9 sup\u00e9rieure comme l&#8217;acier inoxydable robuste et qu&#8217;il est dot\u00e9 du\u00a0<\/span><u><a href=\"https:\/\/www.firegardenoutdoors.com\/innovation\/\" target=\"_blank\" rel=\"noopener noreferrer\"><span>syst\u00e8me d&#8217;allumage \u00e9lectronique Hot Shot\u2122 24 V CA<\/span><\/a><\/u><span>\u00a0le plus robuste et le plus fiable du march\u00e9 afin que vous puissiez profiter du foyer \u00e0 gaz lin\u00e9aire ext\u00e9rieur 6424 pour les ann\u00e9es \u00e0 venir. .<\/span><\/p><p><span>Si vous recherchez un foyer au gaz lin\u00e9aire ext\u00e9rieur avec une pr\u00e9sence plus petite et moins de BTU, visitez nos\u00a0<\/span><u><a href=\"https:\/\/www.firegardenoutdoors.com\/4024-linear-fireplace\/\" target=\"_blank\" rel=\"noopener noreferrer\"><span>foyers au gaz lin\u00e9aires ext\u00e9rieurs 4024<\/span><\/a><\/u><span>\u00a0.<\/span><\/p><\/div><\/div><\/div><div class=\"fusion-layout-column fusion_builder_column fusion-builder-column-18 fusion_builder_column_1_2 1_2 fusion-flex-column\"><div class=\"fusion-column-wrapper fusion-column-has-shadow fusion-flex-justify-content-flex-start fusion-content-layout-column\"><div class=\"fusion-text fusion-text-31\"><p><strong><span>CARACT\u00c9RISTIQUES<\/span><\/strong><\/p><ul class=\"outside\"><li><span>Disponible en mod\u00e8les simple face ou transparent sans ventilation<\/span><\/li><li><span>Br\u00fbleur en acier inoxydable de 60 po \u2013 120 000 BTU<\/span><\/li><li><span>Kit de conversion GPL standard<\/span><\/li><li><span>Pare-vent en verre tremp\u00e9 de 3\/8&#8243; d&#8217;\u00e9paisseur et 6&#8243; de hauteur<\/span><\/li><li><span>Plaques de chemin\u00e9e en verre noir standard<\/span><\/li><li><span>Construction en acier inoxydable de calibre 16<\/span><\/li><li><span>Zone de visualisation\u00a0: (Prise de l&#8217;ouverture r\u00e9elle de la chambre de combustion)<\/span><ul class=\"outside\"><li><span>Simple face\u00a0: 64&#8243; L x 24&#8243; T = 1 518 pouces carr\u00e9s.<\/span><\/li><li><span>Transparent\u00a0: 64&#8243; de largeur x 24&#8243; d&#8217;\u00e9paisseur x 2 = 3\u00a0036 pouces carr\u00e9s.<\/span><\/li><\/ul><\/li><\/ul><\/div><\/div><\/div><p>Dimensions : 66&#8243; L x 19 5\/8&#8243; x 43 3\/4&#8243; H<\/p><p>BTU : 120 000<\/p><p>N\u00e9cessite un transformateur \u00e0 mod\u00e8le unique<\/p>\t\t\t\t\t\t\t\t<\/div>\n\t\t\t\t<\/div>\n\t\t\t\t\t<\/div>\n\t\t<\/div>\n\t\t\t\t\t<\/div>\n\t\t<\/section>\n\t\t\t\t<section class=\"elementor-section elementor-top-section elementor-element elementor-element-ad740b0 elementor-section-boxed elementor-section-height-default elementor-section-height-default\" data-id=\"ad740b0\" data-element_type=\"section\">\n\t\t\t\t\t\t<div class=\"elementor-container elementor-column-gap-default\">\n\t\t\t\t\t<div class=\"elementor-column elementor-col-100 elementor-top-column elementor-element elementor-element-1bc04b6\" data-id=\"1bc04b6\" data-element_type=\"column\">\n\t\t\t<div class=\"elementor-widget-wrap elementor-element-populated\">\n\t\t\t\t\t\t<div class=\"elementor-element elementor-element-3feae6b elementor-tabs-view-horizontal elementor-widget elementor-widget-tabs\" data-id=\"3feae6b\" data-element_type=\"widget\" data-widget_type=\"tabs.default\">\n\t\t\t\t<div class=\"elementor-widget-container\">\n\t\t\t\t\t\t\t<div class=\"elementor-tabs\">\n\t\t\t<div class=\"elementor-tabs-wrapper\" role=\"tablist\" >\n\t\t\t\t\t\t\t\t\t<div id=\"elementor-tab-title-6701\" class=\"elementor-tab-title elementor-tab-desktop-title\" aria-selected=\"true\" data-tab=\"1\" role=\"tab\" tabindex=\"0\" aria-controls=\"elementor-tab-content-6701\" aria-expanded=\"false\">Fichiers<\/div>\n\t\t\t\t\t\t\t<\/div>\n\t\t\t<div class=\"elementor-tabs-content-wrapper\" role=\"tablist\" aria-orientation=\"vertical\">\n\t\t\t\t\t\t\t\t\t<div class=\"elementor-tab-title elementor-tab-mobile-title\" aria-selected=\"true\" data-tab=\"1\" role=\"tab\" tabindex=\"0\" aria-controls=\"elementor-tab-content-6701\" aria-expanded=\"false\">Fichiers<\/div>\n\t\t\t\t\t<div id=\"elementor-tab-content-6701\" class=\"elementor-tab-content elementor-clearfix\" data-tab=\"1\" role=\"tabpanel\" aria-labelledby=\"elementor-tab-title-6701\" tabindex=\"0\" hidden=\"false\"><i class=\"far fa-file-pdf fa-xl\" style=\"font-size:35px\"><\/i><a href=\"https:\/\/www.belleflamme.ca\/wp-content\/uploads\/2024\/02\/100-01580.pdf\"> Manuel<\/a><\/br><\/div>\n\t\t\t\t\t\t\t<\/div>\n\t\t<\/div>\n\t\t\t\t\t\t<\/div>\n\t\t\t\t<\/div>\n\t\t\t\t\t<\/div>\n\t\t<\/div>\n\t\t\t\t\t<\/div>\n\t\t<\/section>\n\t\t\t\t<\/div>\n\t\t","protected":false},"excerpt":{"rendered":"<p>Enchantez vos sens et remplissez votre espace ext\u00e9rieur avec les flammes \u00e9poustouflantes du foyer au gaz ext\u00e9rieur lin\u00e9aire 6424. Avec son impressionnant ruban de flammes de 60\u2033, ses plaques de chemin\u00e9e en verre noir r\u00e9fl\u00e9chissant et sa grande vari\u00e9t\u00e9 de supports d\u00e9coratifs int\u00e9rieurs, vous \u00eates assur\u00e9 de transformer votre espace ext\u00e9rieur en une exp\u00e9rience inoubliable.\u00a0Asseyez-vous [&hellip;]<\/p>\n","protected":false},"featured_media":29438,"template":"","meta":{"inline_featured_image":false},"product_brand":[1204],"product_cat":[113,119,33,35,37],"product_tag":[],"class_list":{"0":"post-29437","1":"product","2":"type-product","3":"status-publish","4":"has-post-thumbnail","6":"product_brand-fire-garden","7":"product_cat-bbq-produits-exterieurs","8":"product_cat-foyers-exterieurs","9":"product_cat-poeles-et-foyers","10":"product_cat-poeles-foyer-au-gaz","11":"product_cat-foyer-au-gaz","13":"first","14":"instock","15":"taxable","16":"shipping-taxable","17":"product-type-variable"},"yoast_head":"<!-- This site is optimized with the Yoast SEO Premium plugin v24.2 (Yoast SEO v24.2) - https:\/\/yoast.com\/wordpress\/plugins\/seo\/ -->\n<title>Foyer au Gaz ext\u00e9rieur Transparent 6424 de Fire Garden - Groupe BelleFlamme<\/title>\n<meta name=\"description\" content=\"Foyer au Gaz ext\u00e9rieur Transparent 6424 de Fire Garden vendu et install\u00e9 par le Groupe Belleflamme. Laval, Montr\u00e9al, Gatineau, Drummondville et Saint-Sauveur.\" \/>\n<meta name=\"robots\" content=\"index, follow, max-snippet:-1, max-image-preview:large, max-video-preview:-1\" \/>\n<link rel=\"canonical\" href=\"https:\/\/staging.belleflamme.ca\/fr\/produit\/foyer-au-gaz-transparent-6424-de-fire-garden\/\" \/>\n<meta property=\"og:locale\" content=\"fr_FR\" \/>\n<meta property=\"og:type\" content=\"article\" \/>\n<meta property=\"og:title\" content=\"Foyer au Gaz ext\u00e9rieur Transparent 6424 de Fire Garden\" \/>\n<meta property=\"og:description\" content=\"Foyer au Gaz ext\u00e9rieur Transparent 6424 de Fire Garden vendu et install\u00e9 par le Groupe Belleflamme. Laval, Montr\u00e9al, Gatineau, Drummondville et Saint-Sauveur.\" \/>\n<meta property=\"og:url\" content=\"https:\/\/staging.belleflamme.ca\/fr\/produit\/foyer-au-gaz-transparent-6424-de-fire-garden\/\" \/>\n<meta property=\"og:site_name\" content=\"Groupe BelleFlamme\" \/>\n<meta property=\"article:publisher\" content=\"https:\/\/www.facebook.com\/belleflamme.ca\/\" \/>\n<meta property=\"article:modified_time\" content=\"2024-02-14T17:03:14+00:00\" \/>\n<meta property=\"og:image\" content=\"https:\/\/www.belleflamme.ca\/wp-content\/uploads\/2024\/02\/Foyer-au-Gaz-Transparent-6424-de-Fire-Garden.jpg\" \/>\n\t<meta property=\"og:image:width\" content=\"800\" \/>\n\t<meta property=\"og:image:height\" content=\"600\" \/>\n\t<meta property=\"og:image:type\" content=\"image\/jpeg\" \/>\n<meta name=\"twitter:card\" content=\"summary_large_image\" \/>\n<meta name=\"twitter:label1\" content=\"Disponibilit\u00e9\" \/>\n\t<meta name=\"twitter:data1\" content=\"En stock\" \/>\n<script type=\"application\/ld+json\" class=\"yoast-schema-graph\">{\"@context\":\"https:\/\/schema.org\",\"@graph\":[{\"@type\":[\"WebPage\",\"ItemPage\"],\"@id\":\"https:\/\/staging.belleflamme.ca\/fr\/produit\/foyer-au-gaz-transparent-6424-de-fire-garden\/\",\"url\":\"https:\/\/staging.belleflamme.ca\/fr\/produit\/foyer-au-gaz-transparent-6424-de-fire-garden\/\",\"name\":\"Foyer au Gaz ext\u00e9rieur Transparent 6424 de Fire Garden - Groupe BelleFlamme\",\"isPartOf\":{\"@id\":\"https:\/\/www.belleflamme.ca\/fr\/#website\"},\"primaryImageOfPage\":{\"@id\":\"https:\/\/staging.belleflamme.ca\/fr\/produit\/foyer-au-gaz-transparent-6424-de-fire-garden\/#primaryimage\"},\"image\":{\"@id\":\"https:\/\/staging.belleflamme.ca\/fr\/produit\/foyer-au-gaz-transparent-6424-de-fire-garden\/#primaryimage\"},\"thumbnailUrl\":\"https:\/\/staging.belleflamme.ca\/wp-content\/uploads\/2024\/02\/Foyer-au-Gaz-Transparent-6424-de-Fire-Garden.jpg\",\"datePublished\":\"2024-02-13T22:26:04+00:00\",\"dateModified\":\"2024-02-14T17:03:14+00:00\",\"description\":\"Foyer au Gaz ext\u00e9rieur Transparent 6424 de Fire Garden [get_meta_en_fr]\",\"breadcrumb\":{\"@id\":\"https:\/\/staging.belleflamme.ca\/fr\/produit\/foyer-au-gaz-transparent-6424-de-fire-garden\/#breadcrumb\"},\"inLanguage\":\"fr-FR\",\"potentialAction\":[{\"@type\":\"ReadAction\",\"target\":[\"https:\/\/staging.belleflamme.ca\/fr\/produit\/foyer-au-gaz-transparent-6424-de-fire-garden\/\"]}]},{\"@type\":\"ImageObject\",\"inLanguage\":\"fr-FR\",\"@id\":\"https:\/\/staging.belleflamme.ca\/fr\/produit\/foyer-au-gaz-transparent-6424-de-fire-garden\/#primaryimage\",\"url\":\"https:\/\/staging.belleflamme.ca\/wp-content\/uploads\/2024\/02\/Foyer-au-Gaz-Transparent-6424-de-Fire-Garden.jpg\",\"contentUrl\":\"https:\/\/staging.belleflamme.ca\/wp-content\/uploads\/2024\/02\/Foyer-au-Gaz-Transparent-6424-de-Fire-Garden.jpg\",\"width\":800,\"height\":600,\"caption\":\"Foyer au Gaz Transparent 6424 de Fire Garden\"},{\"@type\":\"BreadcrumbList\",\"@id\":\"https:\/\/staging.belleflamme.ca\/fr\/produit\/foyer-au-gaz-transparent-6424-de-fire-garden\/#breadcrumb\",\"itemListElement\":[{\"@type\":\"ListItem\",\"position\":1,\"name\":\"Accueil\",\"item\":\"https:\/\/www.belleflamme.ca\/fr\/\"},{\"@type\":\"ListItem\",\"position\":2,\"name\":\"Boutique\",\"item\":\"https:\/\/www.belleflamme.ca\/fr\/boutique\/\"},{\"@type\":\"ListItem\",\"position\":3,\"name\":\"BBQ &amp; Produits Ext\u00e9rieurs\",\"item\":\"https:\/\/staging.belleflamme.ca\/fr\/categories\/bbq-produits-exterieurs\/\"},{\"@type\":\"ListItem\",\"position\":4,\"name\":\"Foyers Ext\u00e9rieurs\",\"item\":\"https:\/\/staging.belleflamme.ca\/fr\/categories\/bbq-produits-exterieurs\/foyers-exterieurs\/\"},{\"@type\":\"ListItem\",\"position\":5,\"name\":\"Foyer au Gaz ext\u00e9rieur Transparent 6424 de Fire Garden\"}]},{\"@type\":\"WebSite\",\"@id\":\"https:\/\/www.belleflamme.ca\/fr\/#website\",\"url\":\"https:\/\/www.belleflamme.ca\/fr\/\",\"name\":\"Groupe Belleflamme\",\"description\":\"La m\u00e9canique du b\u00e2timent dans le sang.\",\"publisher\":{\"@id\":\"https:\/\/www.belleflamme.ca\/fr\/#organization\"},\"potentialAction\":[{\"@type\":\"SearchAction\",\"target\":{\"@type\":\"EntryPoint\",\"urlTemplate\":\"https:\/\/www.belleflamme.ca\/fr\/?s={search_term_string}\"},\"query-input\":{\"@type\":\"PropertyValueSpecification\",\"valueRequired\":true,\"valueName\":\"search_term_string\"}}],\"inLanguage\":\"fr-FR\"},{\"@type\":[\"Organization\",\"Place\"],\"@id\":\"https:\/\/www.belleflamme.ca\/fr\/#organization\",\"name\":\"Groupe Belleflamme\",\"alternateName\":\"Belleflamme\",\"url\":\"https:\/\/www.belleflamme.ca\/fr\/\",\"logo\":{\"@type\":\"ImageObject\",\"inLanguage\":\"fr-FR\",\"@id\":\"https:\/\/www.belleflamme.ca\/fr\/#\/schema\/logo\/image\/\",\"url\":\"https:\/\/staging.belleflamme.ca\/wp-content\/uploads\/2023\/01\/og-image.jpg\",\"contentUrl\":\"https:\/\/staging.belleflamme.ca\/wp-content\/uploads\/2023\/01\/og-image.jpg\",\"width\":1200,\"height\":630,\"caption\":\"Groupe Belleflamme\"},\"image\":{\"@id\":\"https:\/\/www.belleflamme.ca\/fr\/#\/schema\/logo\/image\/\"},\"sameAs\":[\"https:\/\/www.facebook.com\/belleflamme.ca\/\",\"https:\/\/www.linkedin.com\/company\/belleflamme\/\",\"https:\/\/www.pinterest.ca\/groupebelleflamme\/\",\"https:\/\/www.instagram.com\/legroupebelleflamme\/\"],\"mainEntityOfPage\":{\"@id\":\"https:\/\/staging.belleflamme.ca\/fr\/produit\/foyer-au-gaz-transparent-6424-de-fire-garden\/\"}}]}<\/script>\n<meta property=\"product:brand\" content=\"Fire Garden\" \/>\n<meta property=\"og:availability\" content=\"instock\" \/>\n<meta property=\"product:availability\" content=\"instock\" \/>\n<meta property=\"product:condition\" content=\"new\" \/>\n<!-- \/ Yoast SEO Premium plugin. -->","yoast_head_json":{"title":"Foyer au Gaz ext\u00e9rieur Transparent 6424 de Fire Garden - Groupe BelleFlamme","description":"Foyer au Gaz ext\u00e9rieur Transparent 6424 de Fire Garden vendu et install\u00e9 par le Groupe Belleflamme. Laval, Montr\u00e9al, Gatineau, Drummondville et Saint-Sauveur.","robots":{"index":"index","follow":"follow","max-snippet":"max-snippet:-1","max-image-preview":"max-image-preview:large","max-video-preview":"max-video-preview:-1"},"canonical":"https:\/\/staging.belleflamme.ca\/fr\/produit\/foyer-au-gaz-transparent-6424-de-fire-garden\/","og_locale":"fr_FR","og_type":"article","og_title":"Foyer au Gaz ext\u00e9rieur Transparent 6424 de Fire Garden","og_description":"Foyer au Gaz ext\u00e9rieur Transparent 6424 de Fire Garden vendu et install\u00e9 par le Groupe Belleflamme. Laval, Montr\u00e9al, Gatineau, Drummondville et Saint-Sauveur.","og_url":"https:\/\/staging.belleflamme.ca\/fr\/produit\/foyer-au-gaz-transparent-6424-de-fire-garden\/","og_site_name":"Groupe BelleFlamme","article_publisher":"https:\/\/www.facebook.com\/belleflamme.ca\/","article_modified_time":"2024-02-14T17:03:14+00:00","og_image":[{"width":800,"height":600,"url":"https:\/\/www.belleflamme.ca\/wp-content\/uploads\/2024\/02\/Foyer-au-Gaz-Transparent-6424-de-Fire-Garden.jpg","type":"image\/jpeg"}],"twitter_card":"summary_large_image","twitter_misc":{"Disponibilit\u00e9":"En stock"},"schema":{"@context":"https:\/\/schema.org","@graph":[{"@type":["WebPage","ItemPage"],"@id":"https:\/\/staging.belleflamme.ca\/fr\/produit\/foyer-au-gaz-transparent-6424-de-fire-garden\/","url":"https:\/\/staging.belleflamme.ca\/fr\/produit\/foyer-au-gaz-transparent-6424-de-fire-garden\/","name":"Foyer au Gaz ext\u00e9rieur Transparent 6424 de Fire Garden - Groupe BelleFlamme","isPartOf":{"@id":"https:\/\/www.belleflamme.ca\/fr\/#website"},"primaryImageOfPage":{"@id":"https:\/\/staging.belleflamme.ca\/fr\/produit\/foyer-au-gaz-transparent-6424-de-fire-garden\/#primaryimage"},"image":{"@id":"https:\/\/staging.belleflamme.ca\/fr\/produit\/foyer-au-gaz-transparent-6424-de-fire-garden\/#primaryimage"},"thumbnailUrl":"https:\/\/staging.belleflamme.ca\/wp-content\/uploads\/2024\/02\/Foyer-au-Gaz-Transparent-6424-de-Fire-Garden.jpg","datePublished":"2024-02-13T22:26:04+00:00","dateModified":"2024-02-14T17:03:14+00:00","description":"Foyer au Gaz ext\u00e9rieur Transparent 6424 de Fire Garden [get_meta_en_fr]","breadcrumb":{"@id":"https:\/\/staging.belleflamme.ca\/fr\/produit\/foyer-au-gaz-transparent-6424-de-fire-garden\/#breadcrumb"},"inLanguage":"fr-FR","potentialAction":[{"@type":"ReadAction","target":["https:\/\/staging.belleflamme.ca\/fr\/produit\/foyer-au-gaz-transparent-6424-de-fire-garden\/"]}]},{"@type":"ImageObject","inLanguage":"fr-FR","@id":"https:\/\/staging.belleflamme.ca\/fr\/produit\/foyer-au-gaz-transparent-6424-de-fire-garden\/#primaryimage","url":"https:\/\/staging.belleflamme.ca\/wp-content\/uploads\/2024\/02\/Foyer-au-Gaz-Transparent-6424-de-Fire-Garden.jpg","contentUrl":"https:\/\/staging.belleflamme.ca\/wp-content\/uploads\/2024\/02\/Foyer-au-Gaz-Transparent-6424-de-Fire-Garden.jpg","width":800,"height":600,"caption":"Foyer au Gaz Transparent 6424 de Fire Garden"},{"@type":"BreadcrumbList","@id":"https:\/\/staging.belleflamme.ca\/fr\/produit\/foyer-au-gaz-transparent-6424-de-fire-garden\/#breadcrumb","itemListElement":[{"@type":"ListItem","position":1,"name":"Accueil","item":"https:\/\/www.belleflamme.ca\/fr\/"},{"@type":"ListItem","position":2,"name":"Boutique","item":"https:\/\/www.belleflamme.ca\/fr\/boutique\/"},{"@type":"ListItem","position":3,"name":"BBQ &amp; Produits Ext\u00e9rieurs","item":"https:\/\/staging.belleflamme.ca\/fr\/categories\/bbq-produits-exterieurs\/"},{"@type":"ListItem","position":4,"name":"Foyers Ext\u00e9rieurs","item":"https:\/\/staging.belleflamme.ca\/fr\/categories\/bbq-produits-exterieurs\/foyers-exterieurs\/"},{"@type":"ListItem","position":5,"name":"Foyer au Gaz ext\u00e9rieur Transparent 6424 de Fire Garden"}]},{"@type":"WebSite","@id":"https:\/\/www.belleflamme.ca\/fr\/#website","url":"https:\/\/www.belleflamme.ca\/fr\/","name":"Groupe Belleflamme","description":"La m\u00e9canique du b\u00e2timent dans le sang.","publisher":{"@id":"https:\/\/www.belleflamme.ca\/fr\/#organization"},"potentialAction":[{"@type":"SearchAction","target":{"@type":"EntryPoint","urlTemplate":"https:\/\/www.belleflamme.ca\/fr\/?s={search_term_string}"},"query-input":{"@type":"PropertyValueSpecification","valueRequired":true,"valueName":"search_term_string"}}],"inLanguage":"fr-FR"},{"@type":["Organization","Place"],"@id":"https:\/\/www.belleflamme.ca\/fr\/#organization","name":"Groupe Belleflamme","alternateName":"Belleflamme","url":"https:\/\/www.belleflamme.ca\/fr\/","logo":{"@type":"ImageObject","inLanguage":"fr-FR","@id":"https:\/\/www.belleflamme.ca\/fr\/#\/schema\/logo\/image\/","url":"https:\/\/staging.belleflamme.ca\/wp-content\/uploads\/2023\/01\/og-image.jpg","contentUrl":"https:\/\/staging.belleflamme.ca\/wp-content\/uploads\/2023\/01\/og-image.jpg","width":1200,"height":630,"caption":"Groupe Belleflamme"},"image":{"@id":"https:\/\/www.belleflamme.ca\/fr\/#\/schema\/logo\/image\/"},"sameAs":["https:\/\/www.facebook.com\/belleflamme.ca\/","https:\/\/www.linkedin.com\/company\/belleflamme\/","https:\/\/www.pinterest.ca\/groupebelleflamme\/","https:\/\/www.instagram.com\/legroupebelleflamme\/"],"mainEntityOfPage":{"@id":"https:\/\/staging.belleflamme.ca\/fr\/produit\/foyer-au-gaz-transparent-6424-de-fire-garden\/"}}]},"product_brand":"Fire Garden","og_availability":"instock","product_availability":"instock","product_condition":"new"},"_links":{"self":[{"href":"https:\/\/staging.belleflamme.ca\/fr\/wp-json\/wp\/v2\/product\/29437","targetHints":{"allow":["GET"]}}],"collection":[{"href":"https:\/\/staging.belleflamme.ca\/fr\/wp-json\/wp\/v2\/product"}],"about":[{"href":"https:\/\/staging.belleflamme.ca\/fr\/wp-json\/wp\/v2\/types\/product"}],"version-history":[{"count":17,"href":"https:\/\/staging.belleflamme.ca\/fr\/wp-json\/wp\/v2\/product\/29437\/revisions"}],"predecessor-version":[{"id":29540,"href":"https:\/\/staging.belleflamme.ca\/fr\/wp-json\/wp\/v2\/product\/29437\/revisions\/29540"}],"wp:featuredmedia":[{"embeddable":true,"href":"https:\/\/staging.belleflamme.ca\/fr\/wp-json\/wp\/v2\/media\/29438"}],"wp:attachment":[{"href":"https:\/\/staging.belleflamme.ca\/fr\/wp-json\/wp\/v2\/media?parent=29437"}],"wp:term":[{"taxonomy":"product_brand","embeddable":true,"href":"https:\/\/staging.belleflamme.ca\/fr\/wp-json\/wp\/v2\/product_brand?post=29437"},{"taxonomy":"product_cat","embeddable":true,"href":"https:\/\/staging.belleflamme.ca\/fr\/wp-json\/wp\/v2\/product_cat?post=29437"},{"taxonomy":"product_tag","embeddable":true,"href":"https:\/\/staging.belleflamme.ca\/fr\/wp-json\/wp\/v2\/product_tag?post=29437"}],"curies":[{"name":"wp","href":"https:\/\/api.w.org\/{rel}","templated":true}]}}