{"id":26567,"date":"2024-01-15T18:29:23","date_gmt":"2024-01-15T23:29:23","guid":{"rendered":"https:\/\/www.belleflamme.ca\/?post_type=product&#038;p=26567"},"modified":"2024-01-15T18:29:24","modified_gmt":"2024-01-15T23:29:24","slug":"indicateur-de-brulure-magnetique-de-rutland","status":"publish","type":"product","link":"https:\/\/staging.belleflamme.ca\/fr\/produit\/indicateur-de-brulure-magnetique-de-rutland\/","title":{"rendered":"Indicateur de br\u00fblure magn\u00e9tique de Rutland"},"content":{"rendered":"<p><strong><span>L&#8217;indicateur de combustion magn\u00e9tique\u00a0<\/span><\/strong><span><strong>RUTLAND<\/strong>\u00a0surveille les performances de votre po\u00eale \u00e0 bois ou \u00e0 charbon.<\/span><\/p>\n<p><span>En un coup d\u2019\u0153il, vous verrez le potentiel d\u2019accumulation de cr\u00e9osote.\u00a0Indique une surchauffe ou un risque d\u2019accumulation de cr\u00e9osote \u00e0 basse temp\u00e9rature.\u00a0La face sensible \u00e0 la chaleur s&#8217;assombrit ou l&#8217;indicateur peut perdre son magn\u00e9tisme lorsqu&#8217;il est expos\u00e9 \u00e0 des temp\u00e9ratures dangereuses.<\/span><\/p>\n<p><span>Se fixe magn\u00e9tiquement \u00e0 un tuyau de po\u00eale vertical \u00e0 paroi simple.\u00a0L&#8217;emplacement recommand\u00e9 n&#8217;est pas \u00e0 plus de 6&#8243; au-dessus de la surface du po\u00eale.<\/span><\/p>\n<p><strong><span>Poids:<\/span><\/strong>\u00a00,2 livre<\/p>\n<p><strong><span>Dimensions:<\/span><\/strong>\u00a05,875 \u00d7 4,25 \u00d7 0,75 pouces<\/p>\n","protected":false},"excerpt":{"rendered":"<p>L&#8217;indicateur de combustion magn\u00e9tique\u00a0RUTLAND\u00a0surveille les performances de votre po\u00eale \u00e0 bois ou \u00e0 charbon. En un coup d\u2019\u0153il, vous verrez le potentiel d\u2019accumulation de cr\u00e9osote.\u00a0Indique une surchauffe ou un risque d\u2019accumulation de cr\u00e9osote \u00e0 basse temp\u00e9rature.\u00a0La face sensible \u00e0 la chaleur s&#8217;assombrit ou l&#8217;indicateur peut perdre son magn\u00e9tisme lorsqu&#8217;il est expos\u00e9 \u00e0 des temp\u00e9ratures dangereuses. [&hellip;]<\/p>\n","protected":false},"featured_media":26568,"template":"","meta":{"inline_featured_image":false},"product_brand":[885],"product_cat":[96,45],"product_tag":[],"class_list":{"0":"post-26567","1":"product","2":"type-product","3":"status-publish","4":"has-post-thumbnail","6":"product_brand-rutland","7":"product_cat-pieces-accessoires","8":"product_cat-cheminees-pieces-accessoires","10":"first","11":"instock","12":"taxable","13":"shipping-taxable","14":"purchasable","15":"product-type-simple"},"yoast_head":"<!-- This site is optimized with the Yoast SEO Premium plugin v24.2 (Yoast SEO v24.2) - https:\/\/yoast.com\/wordpress\/plugins\/seo\/ -->\n<title>Indicateur de br\u00fblure magn\u00e9tique de Rutland - Groupe BelleFlamme<\/title>\n<meta name=\"description\" content=\"Indicateur de br\u00fblure magn\u00e9tique de Rutland vendu et install\u00e9 par le Groupe Belleflamme. Laval, Montr\u00e9al, Gatineau, Drummondville et Saint-Sauveur.\" \/>\n<meta name=\"robots\" content=\"index, follow, max-snippet:-1, max-image-preview:large, max-video-preview:-1\" \/>\n<link rel=\"canonical\" href=\"https:\/\/staging.belleflamme.ca\/fr\/produit\/indicateur-de-brulure-magnetique-de-rutland\/\" \/>\n<meta property=\"og:locale\" content=\"fr_FR\" \/>\n<meta property=\"og:type\" content=\"article\" \/>\n<meta property=\"og:title\" content=\"Indicateur de br\u00fblure magn\u00e9tique de Rutland\" \/>\n<meta property=\"og:description\" content=\"Indicateur de br\u00fblure magn\u00e9tique de Rutland vendu et install\u00e9 par le Groupe Belleflamme. Laval, Montr\u00e9al, Gatineau, Drummondville et Saint-Sauveur.\" \/>\n<meta property=\"og:url\" content=\"https:\/\/staging.belleflamme.ca\/fr\/produit\/indicateur-de-brulure-magnetique-de-rutland\/\" \/>\n<meta property=\"og:site_name\" content=\"Groupe BelleFlamme\" \/>\n<meta property=\"article:publisher\" content=\"https:\/\/www.facebook.com\/belleflamme.ca\/\" \/>\n<meta property=\"article:modified_time\" content=\"2024-01-15T23:29:24+00:00\" \/>\n<meta property=\"og:image\" content=\"https:\/\/www.belleflamme.ca\/wp-content\/uploads\/2024\/01\/Indicateur-de-brulure-magnetique-de-Rutland.webp\" \/>\n\t<meta property=\"og:image:width\" content=\"600\" \/>\n\t<meta property=\"og:image:height\" content=\"600\" \/>\n\t<meta property=\"og:image:type\" content=\"image\/webp\" \/>\n<meta name=\"twitter:card\" content=\"summary_large_image\" \/>\n<meta name=\"twitter:label1\" content=\"Prix\" \/>\n\t<meta name=\"twitter:data1\" content=\"&#036;40.00\" \/>\n\t<meta name=\"twitter:label2\" content=\"Disponibilit\u00e9\" \/>\n\t<meta name=\"twitter:data2\" content=\"En stock\" \/>\n<script type=\"application\/ld+json\" class=\"yoast-schema-graph\">{\"@context\":\"https:\/\/schema.org\",\"@graph\":[{\"@type\":[\"WebPage\",\"ItemPage\"],\"@id\":\"https:\/\/staging.belleflamme.ca\/fr\/produit\/indicateur-de-brulure-magnetique-de-rutland\/\",\"url\":\"https:\/\/staging.belleflamme.ca\/fr\/produit\/indicateur-de-brulure-magnetique-de-rutland\/\",\"name\":\"Indicateur de br\u00fblure magn\u00e9tique de Rutland - Groupe BelleFlamme\",\"isPartOf\":{\"@id\":\"https:\/\/www.belleflamme.ca\/fr\/#website\"},\"primaryImageOfPage\":{\"@id\":\"https:\/\/staging.belleflamme.ca\/fr\/produit\/indicateur-de-brulure-magnetique-de-rutland\/#primaryimage\"},\"image\":{\"@id\":\"https:\/\/staging.belleflamme.ca\/fr\/produit\/indicateur-de-brulure-magnetique-de-rutland\/#primaryimage\"},\"thumbnailUrl\":\"https:\/\/staging.belleflamme.ca\/wp-content\/uploads\/2024\/01\/Indicateur-de-brulure-magnetique-de-Rutland.webp\",\"datePublished\":\"2024-01-15T23:29:23+00:00\",\"dateModified\":\"2024-01-15T23:29:24+00:00\",\"description\":\"Indicateur de br\u00fblure magn\u00e9tique de Rutland [get_meta_en_fr]\",\"breadcrumb\":{\"@id\":\"https:\/\/staging.belleflamme.ca\/fr\/produit\/indicateur-de-brulure-magnetique-de-rutland\/#breadcrumb\"},\"inLanguage\":\"fr-FR\",\"potentialAction\":[{\"@type\":\"ReadAction\",\"target\":[\"https:\/\/staging.belleflamme.ca\/fr\/produit\/indicateur-de-brulure-magnetique-de-rutland\/\"]}]},{\"@type\":\"ImageObject\",\"inLanguage\":\"fr-FR\",\"@id\":\"https:\/\/staging.belleflamme.ca\/fr\/produit\/indicateur-de-brulure-magnetique-de-rutland\/#primaryimage\",\"url\":\"https:\/\/staging.belleflamme.ca\/wp-content\/uploads\/2024\/01\/Indicateur-de-brulure-magnetique-de-Rutland.webp\",\"contentUrl\":\"https:\/\/staging.belleflamme.ca\/wp-content\/uploads\/2024\/01\/Indicateur-de-brulure-magnetique-de-Rutland.webp\",\"width\":600,\"height\":600,\"caption\":\"Indicateur de br\u00fblure magn\u00e9tique de Rutland\"},{\"@type\":\"BreadcrumbList\",\"@id\":\"https:\/\/staging.belleflamme.ca\/fr\/produit\/indicateur-de-brulure-magnetique-de-rutland\/#breadcrumb\",\"itemListElement\":[{\"@type\":\"ListItem\",\"position\":1,\"name\":\"Accueil\",\"item\":\"https:\/\/www.belleflamme.ca\/fr\/\"},{\"@type\":\"ListItem\",\"position\":2,\"name\":\"Boutique\",\"item\":\"https:\/\/www.belleflamme.ca\/fr\/boutique\/\"},{\"@type\":\"ListItem\",\"position\":3,\"name\":\"Chemin\u00e9es, Pi\u00e8ces &amp; Accessoires\",\"item\":\"https:\/\/staging.belleflamme.ca\/fr\/categories\/cheminees-pieces-accessoires\/\"},{\"@type\":\"ListItem\",\"position\":4,\"name\":\"Pi\u00e8ces &amp; Accessoires\",\"item\":\"https:\/\/staging.belleflamme.ca\/fr\/categories\/cheminees-pieces-accessoires\/pieces-accessoires\/\"},{\"@type\":\"ListItem\",\"position\":5,\"name\":\"Indicateur de br\u00fblure magn\u00e9tique de Rutland\"}]},{\"@type\":\"WebSite\",\"@id\":\"https:\/\/www.belleflamme.ca\/fr\/#website\",\"url\":\"https:\/\/www.belleflamme.ca\/fr\/\",\"name\":\"Groupe Belleflamme\",\"description\":\"La m\u00e9canique du b\u00e2timent dans le sang.\",\"publisher\":{\"@id\":\"https:\/\/www.belleflamme.ca\/fr\/#organization\"},\"potentialAction\":[{\"@type\":\"SearchAction\",\"target\":{\"@type\":\"EntryPoint\",\"urlTemplate\":\"https:\/\/www.belleflamme.ca\/fr\/?s={search_term_string}\"},\"query-input\":{\"@type\":\"PropertyValueSpecification\",\"valueRequired\":true,\"valueName\":\"search_term_string\"}}],\"inLanguage\":\"fr-FR\"},{\"@type\":[\"Organization\",\"Place\"],\"@id\":\"https:\/\/www.belleflamme.ca\/fr\/#organization\",\"name\":\"Groupe Belleflamme\",\"alternateName\":\"Belleflamme\",\"url\":\"https:\/\/www.belleflamme.ca\/fr\/\",\"logo\":{\"@type\":\"ImageObject\",\"inLanguage\":\"fr-FR\",\"@id\":\"https:\/\/www.belleflamme.ca\/fr\/#\/schema\/logo\/image\/\",\"url\":\"https:\/\/staging.belleflamme.ca\/wp-content\/uploads\/2023\/01\/og-image.jpg\",\"contentUrl\":\"https:\/\/staging.belleflamme.ca\/wp-content\/uploads\/2023\/01\/og-image.jpg\",\"width\":1200,\"height\":630,\"caption\":\"Groupe Belleflamme\"},\"image\":{\"@id\":\"https:\/\/www.belleflamme.ca\/fr\/#\/schema\/logo\/image\/\"},\"sameAs\":[\"https:\/\/www.facebook.com\/belleflamme.ca\/\",\"https:\/\/www.linkedin.com\/company\/belleflamme\/\",\"https:\/\/www.pinterest.ca\/groupebelleflamme\/\",\"https:\/\/www.instagram.com\/legroupebelleflamme\/\"],\"mainEntityOfPage\":{\"@id\":\"https:\/\/staging.belleflamme.ca\/fr\/produit\/indicateur-de-brulure-magnetique-de-rutland\/\"}}]}<\/script>\n<meta property=\"product:brand\" content=\"Rutland\" \/>\n<meta property=\"product:price:amount\" content=\"40.00\" \/>\n<meta property=\"product:price:currency\" content=\"CAD\" \/>\n<meta property=\"og:availability\" content=\"instock\" \/>\n<meta property=\"product:availability\" content=\"instock\" \/>\n<meta property=\"product:retailer_item_id\" content=\"701-6\" \/>\n<meta property=\"product:condition\" content=\"new\" \/>\n<!-- \/ Yoast SEO Premium plugin. -->","yoast_head_json":{"title":"Indicateur de br\u00fblure magn\u00e9tique de Rutland - Groupe BelleFlamme","description":"Indicateur de br\u00fblure magn\u00e9tique de Rutland vendu et install\u00e9 par le Groupe Belleflamme. Laval, Montr\u00e9al, Gatineau, Drummondville et Saint-Sauveur.","robots":{"index":"index","follow":"follow","max-snippet":"max-snippet:-1","max-image-preview":"max-image-preview:large","max-video-preview":"max-video-preview:-1"},"canonical":"https:\/\/staging.belleflamme.ca\/fr\/produit\/indicateur-de-brulure-magnetique-de-rutland\/","og_locale":"fr_FR","og_type":"article","og_title":"Indicateur de br\u00fblure magn\u00e9tique de Rutland","og_description":"Indicateur de br\u00fblure magn\u00e9tique de Rutland vendu et install\u00e9 par le Groupe Belleflamme. Laval, Montr\u00e9al, Gatineau, Drummondville et Saint-Sauveur.","og_url":"https:\/\/staging.belleflamme.ca\/fr\/produit\/indicateur-de-brulure-magnetique-de-rutland\/","og_site_name":"Groupe BelleFlamme","article_publisher":"https:\/\/www.facebook.com\/belleflamme.ca\/","article_modified_time":"2024-01-15T23:29:24+00:00","og_image":[{"width":600,"height":600,"url":"https:\/\/www.belleflamme.ca\/wp-content\/uploads\/2024\/01\/Indicateur-de-brulure-magnetique-de-Rutland.webp","type":"image\/webp"}],"twitter_card":"summary_large_image","twitter_misc":{"Prix":"&#36;40.00","Disponibilit\u00e9":"En stock"},"schema":{"@context":"https:\/\/schema.org","@graph":[{"@type":["WebPage","ItemPage"],"@id":"https:\/\/staging.belleflamme.ca\/fr\/produit\/indicateur-de-brulure-magnetique-de-rutland\/","url":"https:\/\/staging.belleflamme.ca\/fr\/produit\/indicateur-de-brulure-magnetique-de-rutland\/","name":"Indicateur de br\u00fblure magn\u00e9tique de Rutland - Groupe BelleFlamme","isPartOf":{"@id":"https:\/\/www.belleflamme.ca\/fr\/#website"},"primaryImageOfPage":{"@id":"https:\/\/staging.belleflamme.ca\/fr\/produit\/indicateur-de-brulure-magnetique-de-rutland\/#primaryimage"},"image":{"@id":"https:\/\/staging.belleflamme.ca\/fr\/produit\/indicateur-de-brulure-magnetique-de-rutland\/#primaryimage"},"thumbnailUrl":"https:\/\/staging.belleflamme.ca\/wp-content\/uploads\/2024\/01\/Indicateur-de-brulure-magnetique-de-Rutland.webp","datePublished":"2024-01-15T23:29:23+00:00","dateModified":"2024-01-15T23:29:24+00:00","description":"Indicateur de br\u00fblure magn\u00e9tique de Rutland [get_meta_en_fr]","breadcrumb":{"@id":"https:\/\/staging.belleflamme.ca\/fr\/produit\/indicateur-de-brulure-magnetique-de-rutland\/#breadcrumb"},"inLanguage":"fr-FR","potentialAction":[{"@type":"ReadAction","target":["https:\/\/staging.belleflamme.ca\/fr\/produit\/indicateur-de-brulure-magnetique-de-rutland\/"]}]},{"@type":"ImageObject","inLanguage":"fr-FR","@id":"https:\/\/staging.belleflamme.ca\/fr\/produit\/indicateur-de-brulure-magnetique-de-rutland\/#primaryimage","url":"https:\/\/staging.belleflamme.ca\/wp-content\/uploads\/2024\/01\/Indicateur-de-brulure-magnetique-de-Rutland.webp","contentUrl":"https:\/\/staging.belleflamme.ca\/wp-content\/uploads\/2024\/01\/Indicateur-de-brulure-magnetique-de-Rutland.webp","width":600,"height":600,"caption":"Indicateur de br\u00fblure magn\u00e9tique de Rutland"},{"@type":"BreadcrumbList","@id":"https:\/\/staging.belleflamme.ca\/fr\/produit\/indicateur-de-brulure-magnetique-de-rutland\/#breadcrumb","itemListElement":[{"@type":"ListItem","position":1,"name":"Accueil","item":"https:\/\/www.belleflamme.ca\/fr\/"},{"@type":"ListItem","position":2,"name":"Boutique","item":"https:\/\/www.belleflamme.ca\/fr\/boutique\/"},{"@type":"ListItem","position":3,"name":"Chemin\u00e9es, Pi\u00e8ces &amp; Accessoires","item":"https:\/\/staging.belleflamme.ca\/fr\/categories\/cheminees-pieces-accessoires\/"},{"@type":"ListItem","position":4,"name":"Pi\u00e8ces &amp; Accessoires","item":"https:\/\/staging.belleflamme.ca\/fr\/categories\/cheminees-pieces-accessoires\/pieces-accessoires\/"},{"@type":"ListItem","position":5,"name":"Indicateur de br\u00fblure magn\u00e9tique de Rutland"}]},{"@type":"WebSite","@id":"https:\/\/www.belleflamme.ca\/fr\/#website","url":"https:\/\/www.belleflamme.ca\/fr\/","name":"Groupe Belleflamme","description":"La m\u00e9canique du b\u00e2timent dans le sang.","publisher":{"@id":"https:\/\/www.belleflamme.ca\/fr\/#organization"},"potentialAction":[{"@type":"SearchAction","target":{"@type":"EntryPoint","urlTemplate":"https:\/\/www.belleflamme.ca\/fr\/?s={search_term_string}"},"query-input":{"@type":"PropertyValueSpecification","valueRequired":true,"valueName":"search_term_string"}}],"inLanguage":"fr-FR"},{"@type":["Organization","Place"],"@id":"https:\/\/www.belleflamme.ca\/fr\/#organization","name":"Groupe Belleflamme","alternateName":"Belleflamme","url":"https:\/\/www.belleflamme.ca\/fr\/","logo":{"@type":"ImageObject","inLanguage":"fr-FR","@id":"https:\/\/www.belleflamme.ca\/fr\/#\/schema\/logo\/image\/","url":"https:\/\/staging.belleflamme.ca\/wp-content\/uploads\/2023\/01\/og-image.jpg","contentUrl":"https:\/\/staging.belleflamme.ca\/wp-content\/uploads\/2023\/01\/og-image.jpg","width":1200,"height":630,"caption":"Groupe Belleflamme"},"image":{"@id":"https:\/\/www.belleflamme.ca\/fr\/#\/schema\/logo\/image\/"},"sameAs":["https:\/\/www.facebook.com\/belleflamme.ca\/","https:\/\/www.linkedin.com\/company\/belleflamme\/","https:\/\/www.pinterest.ca\/groupebelleflamme\/","https:\/\/www.instagram.com\/legroupebelleflamme\/"],"mainEntityOfPage":{"@id":"https:\/\/staging.belleflamme.ca\/fr\/produit\/indicateur-de-brulure-magnetique-de-rutland\/"}}]},"product_brand":"Rutland","product_price_amount":"40.00","product_price_currency":"CAD","og_availability":"instock","product_availability":"instock","product_retailer_item_id":"701-6","product_condition":"new"},"_links":{"self":[{"href":"https:\/\/staging.belleflamme.ca\/fr\/wp-json\/wp\/v2\/product\/26567","targetHints":{"allow":["GET"]}}],"collection":[{"href":"https:\/\/staging.belleflamme.ca\/fr\/wp-json\/wp\/v2\/product"}],"about":[{"href":"https:\/\/staging.belleflamme.ca\/fr\/wp-json\/wp\/v2\/types\/product"}],"version-history":[{"count":1,"href":"https:\/\/staging.belleflamme.ca\/fr\/wp-json\/wp\/v2\/product\/26567\/revisions"}],"predecessor-version":[{"id":26570,"href":"https:\/\/staging.belleflamme.ca\/fr\/wp-json\/wp\/v2\/product\/26567\/revisions\/26570"}],"wp:featuredmedia":[{"embeddable":true,"href":"https:\/\/staging.belleflamme.ca\/fr\/wp-json\/wp\/v2\/media\/26568"}],"wp:attachment":[{"href":"https:\/\/staging.belleflamme.ca\/fr\/wp-json\/wp\/v2\/media?parent=26567"}],"wp:term":[{"taxonomy":"product_brand","embeddable":true,"href":"https:\/\/staging.belleflamme.ca\/fr\/wp-json\/wp\/v2\/product_brand?post=26567"},{"taxonomy":"product_cat","embeddable":true,"href":"https:\/\/staging.belleflamme.ca\/fr\/wp-json\/wp\/v2\/product_cat?post=26567"},{"taxonomy":"product_tag","embeddable":true,"href":"https:\/\/staging.belleflamme.ca\/fr\/wp-json\/wp\/v2\/product_tag?post=26567"}],"curies":[{"name":"wp","href":"https:\/\/api.w.org\/{rel}","templated":true}]}}