{"id":26489,"date":"2024-01-15T18:07:20","date_gmt":"2024-01-15T23:07:20","guid":{"rendered":"https:\/\/www.belleflamme.ca\/?post_type=product&#038;p=26489"},"modified":"2024-01-18T10:58:08","modified_gmt":"2024-01-18T15:58:08","slug":"peinture-au-pinceau-haute-temperature-de-qualite-superieure-1-400-f-de-rutland","status":"publish","type":"product","link":"https:\/\/staging.belleflamme.ca\/fr\/produit\/peinture-au-pinceau-haute-temperature-de-qualite-superieure-1-400-f-de-rutland\/","title":{"rendered":"Peinture au pinceau haute temp\u00e9rature de qualit\u00e9 sup\u00e9rieure, 1 400 \u00b0F de Rutland"},"content":{"rendered":"\t\t<div data-elementor-type=\"product-post\" data-elementor-id=\"26489\" class=\"elementor elementor-26489\" data-elementor-post-type=\"product\">\n\t\t\t\t\t\t<section class=\"elementor-section elementor-top-section elementor-element elementor-element-3922ea23 elementor-section-boxed elementor-section-height-default elementor-section-height-default\" data-id=\"3922ea23\" data-element_type=\"section\">\n\t\t\t\t\t\t<div class=\"elementor-container elementor-column-gap-default\">\n\t\t\t\t\t<div class=\"elementor-column elementor-col-100 elementor-top-column elementor-element elementor-element-3425f518\" data-id=\"3425f518\" data-element_type=\"column\">\n\t\t\t<div class=\"elementor-widget-wrap elementor-element-populated\">\n\t\t\t\t\t\t<div class=\"elementor-element elementor-element-33d8d13a elementor-widget elementor-widget-text-editor\" data-id=\"33d8d13a\" data-element_type=\"widget\" data-widget_type=\"text-editor.default\">\n\t\t\t\t<div class=\"elementor-widget-container\">\n\t\t\t\t\t\t\t\t\t<p><em><strong>\u00a0<\/strong><\/em><strong>La peinture au pinceau noire mate\u00a0<\/strong><strong>RUTLAND<\/strong>\u00a0Premium 1 400 \u00b0F est sp\u00e9cialement formul\u00e9e pour r\u00e9sister au pelage et aux cloques \u00e0 des temp\u00e9ratures allant jusqu&#8217;\u00e0 1 400 \u00b0F.\u00a0Renouvelle la finition de n&#8217;importe quelle fonte naturelle, gril, four ou cuisini\u00e8re \u2013 partout o\u00f9 un rev\u00eatement noir mat r\u00e9sistant aux hautes temp\u00e9ratures est n\u00e9cessaire.\u00a0Cette peinture de qualit\u00e9 est id\u00e9ale pour les grils, les po\u00eales, les fumoirs, les tuyaux de po\u00eale, les inserts de chemin\u00e9e, les fournaises, les barbecues, les bo\u00eetes aux lettres, les lampadaires, les outils de chemin\u00e9e, le laiton, les briques r\u00e9fractaires et les chapeaux de chemin\u00e9e.<\/p><ul><li>Formule \u00e0 faible teneur en COV<\/li><li>Canette de 16 onces liquides<\/li><li>Noir mat<\/li><li>Ne contient ni plomb, ni fluorocarbures, ni chlorure de vinyle<\/li><li>Aucun appr\u00eat n\u00e9cessaire<\/li><li>R\u00e9sistance aux UV 1 an apr\u00e8s application<\/li><li>S\u00e9chage rapide et couleurs r\u00e9sistantes<\/li><li>Non toxique une fois sec<\/li><li>R\u00e9sistant aux intemp\u00e9ries et \u00e0 la chaleur<\/li><li>Au moins deux couches sont recommand\u00e9es<\/li><li>Le durcissement thermique n&#8217;est pas requis pour deux couches, mais les meilleurs r\u00e9sultats sont obtenus apr\u00e8s le durcissement thermique<\/li><li>Un durcissement thermique est requis pour trois couches ou plus<\/li><li>Pas pour le contact direct avec les aliments<\/li><li>Utilisation int\u00e9rieure et ext\u00e9rieure<\/li><li>Peut \u00eatre utilis\u00e9 pour peindre l&#8217;int\u00e9rieur d&#8217;une chambre de combustion en ma\u00e7onnerie<\/li><li>Approuv\u00e9 pour la vente en Californie<\/li><li>Fabriqu\u00e9 aux Etats-Unis<\/li><\/ul><p><strong>Poids:\u00a0<\/strong>1,09 livres<\/p><p><strong>Dimensions:<\/strong>\u00a04 \u00d7 3,375 \u00d7 3,375 pouces<\/p>\t\t\t\t\t\t\t\t<\/div>\n\t\t\t\t<\/div>\n\t\t\t\t<div class=\"elementor-element elementor-element-4320341 elementor-tabs-view-horizontal elementor-widget elementor-widget-tabs\" data-id=\"4320341\" data-element_type=\"widget\" data-widget_type=\"tabs.default\">\n\t\t\t\t<div class=\"elementor-widget-container\">\n\t\t\t\t\t\t\t<div class=\"elementor-tabs\">\n\t\t\t<div class=\"elementor-tabs-wrapper\" role=\"tablist\" >\n\t\t\t\t\t\t\t\t\t<div id=\"elementor-tab-title-7031\" class=\"elementor-tab-title elementor-tab-desktop-title\" aria-selected=\"true\" data-tab=\"1\" role=\"tab\" tabindex=\"0\" aria-controls=\"elementor-tab-content-7031\" aria-expanded=\"false\">Fichiers<\/div>\n\t\t\t\t\t\t\t<\/div>\n\t\t\t<div class=\"elementor-tabs-content-wrapper\" role=\"tablist\" aria-orientation=\"vertical\">\n\t\t\t\t\t\t\t\t\t<div class=\"elementor-tab-title elementor-tab-mobile-title\" aria-selected=\"true\" data-tab=\"1\" role=\"tab\" tabindex=\"0\" aria-controls=\"elementor-tab-content-7031\" aria-expanded=\"false\">Fichiers<\/div>\n\t\t\t\t\t<div id=\"elementor-tab-content-7031\" class=\"elementor-tab-content elementor-clearfix\" data-tab=\"1\" role=\"tabpanel\" aria-labelledby=\"elementor-tab-title-7031\" tabindex=\"0\" hidden=\"false\"><i class=\"far fa-file-pdf fa-xl\" style=\"font-size:35px\"><\/i><a href=\"https:\/\/www.belleflamme.ca\/wp-content\/uploads\/2024\/01\/81V.pdf\"> Donn\u00e9es de S\u00e9curit\u00e9<\/a><\/br><\/div>\n\t\t\t\t\t\t\t<\/div>\n\t\t<\/div>\n\t\t\t\t\t\t<\/div>\n\t\t\t\t<\/div>\n\t\t\t\t\t<\/div>\n\t\t<\/div>\n\t\t\t\t\t<\/div>\n\t\t<\/section>\n\t\t\t\t<\/div>\n\t\t","protected":false},"excerpt":{"rendered":"<p>\u00a0La peinture au pinceau noire mate\u00a0RUTLAND\u00a0Premium 1 400 \u00b0F est sp\u00e9cialement formul\u00e9e pour r\u00e9sister au pelage et aux cloques \u00e0 des temp\u00e9ratures allant jusqu&#8217;\u00e0 1 400 \u00b0F.\u00a0Renouvelle la finition de n&#8217;importe quelle fonte naturelle, gril, four ou cuisini\u00e8re \u2013 partout o\u00f9 un rev\u00eatement noir mat r\u00e9sistant aux hautes temp\u00e9ratures est n\u00e9cessaire.\u00a0Cette peinture de qualit\u00e9 est [&hellip;]<\/p>\n","protected":false},"featured_media":26490,"template":"","meta":{"inline_featured_image":false},"product_brand":[885],"product_cat":[1114,45],"product_tag":[],"class_list":{"0":"post-26489","1":"product","2":"type-product","3":"status-publish","4":"has-post-thumbnail","6":"product_brand-rutland","7":"product_cat-ciment-mortier-et-scellant-a-foyer","8":"product_cat-cheminees-pieces-accessoires","10":"first","11":"instock","12":"taxable","13":"shipping-taxable","14":"purchasable","15":"product-type-simple"},"yoast_head":"<!-- This site is optimized with the Yoast SEO Premium plugin v24.2 (Yoast SEO v24.2) - https:\/\/yoast.com\/wordpress\/plugins\/seo\/ -->\n<title>Peinture au pinceau haute temp\u00e9rature de qualit\u00e9 sup\u00e9rieure, 1 400 \u00b0F de Rutland - Groupe BelleFlamme<\/title>\n<meta name=\"description\" content=\"Peinture au pinceau haute temp\u00e9rature de qualit\u00e9 sup\u00e9rieure, 1 400 \u00b0F de Rutland\" \/>\n<meta name=\"robots\" content=\"index, follow, max-snippet:-1, max-image-preview:large, max-video-preview:-1\" \/>\n<link rel=\"canonical\" href=\"https:\/\/staging.belleflamme.ca\/fr\/produit\/peinture-au-pinceau-haute-temperature-de-qualite-superieure-1-400-f-de-rutland\/\" \/>\n<meta property=\"og:locale\" content=\"fr_FR\" \/>\n<meta property=\"og:type\" content=\"article\" \/>\n<meta property=\"og:title\" content=\"Peinture au pinceau haute temp\u00e9rature de qualit\u00e9 sup\u00e9rieure, 1 400 \u00b0F de Rutland\" \/>\n<meta property=\"og:description\" content=\"Peinture au pinceau haute temp\u00e9rature de qualit\u00e9 sup\u00e9rieure, 1 400 \u00b0F de Rutland\" \/>\n<meta property=\"og:url\" content=\"https:\/\/staging.belleflamme.ca\/fr\/produit\/peinture-au-pinceau-haute-temperature-de-qualite-superieure-1-400-f-de-rutland\/\" \/>\n<meta property=\"og:site_name\" content=\"Groupe BelleFlamme\" \/>\n<meta property=\"article:publisher\" content=\"https:\/\/www.facebook.com\/belleflamme.ca\/\" \/>\n<meta property=\"article:modified_time\" content=\"2024-01-18T15:58:08+00:00\" \/>\n<meta property=\"og:image\" content=\"https:\/\/www.belleflamme.ca\/wp-content\/uploads\/2024\/01\/Peinture-au-pinceau-haute-temperature-de-qualite-superieure-1-400-F-de-Rutland.webp\" \/>\n\t<meta property=\"og:image:width\" content=\"600\" \/>\n\t<meta property=\"og:image:height\" content=\"600\" \/>\n\t<meta property=\"og:image:type\" content=\"image\/webp\" \/>\n<meta name=\"twitter:card\" content=\"summary_large_image\" \/>\n<meta name=\"twitter:label1\" content=\"Prix\" \/>\n\t<meta name=\"twitter:data1\" content=\"&#036;72.00\" \/>\n\t<meta name=\"twitter:label2\" content=\"Disponibilit\u00e9\" \/>\n\t<meta name=\"twitter:data2\" content=\"En stock\" \/>\n<script type=\"application\/ld+json\" class=\"yoast-schema-graph\">{\"@context\":\"https:\/\/schema.org\",\"@graph\":[{\"@type\":[\"WebPage\",\"ItemPage\"],\"@id\":\"https:\/\/staging.belleflamme.ca\/fr\/produit\/peinture-au-pinceau-haute-temperature-de-qualite-superieure-1-400-f-de-rutland\/\",\"url\":\"https:\/\/staging.belleflamme.ca\/fr\/produit\/peinture-au-pinceau-haute-temperature-de-qualite-superieure-1-400-f-de-rutland\/\",\"name\":\"Peinture au pinceau haute temp\u00e9rature de qualit\u00e9 sup\u00e9rieure, 1 400 \u00b0F de Rutland - Groupe BelleFlamme\",\"isPartOf\":{\"@id\":\"https:\/\/www.belleflamme.ca\/fr\/#website\"},\"primaryImageOfPage\":{\"@id\":\"https:\/\/staging.belleflamme.ca\/fr\/produit\/peinture-au-pinceau-haute-temperature-de-qualite-superieure-1-400-f-de-rutland\/#primaryimage\"},\"image\":{\"@id\":\"https:\/\/staging.belleflamme.ca\/fr\/produit\/peinture-au-pinceau-haute-temperature-de-qualite-superieure-1-400-f-de-rutland\/#primaryimage\"},\"thumbnailUrl\":\"https:\/\/staging.belleflamme.ca\/wp-content\/uploads\/2024\/01\/Peinture-au-pinceau-haute-temperature-de-qualite-superieure-1-400-F-de-Rutland.webp\",\"datePublished\":\"2024-01-15T23:07:20+00:00\",\"dateModified\":\"2024-01-18T15:58:08+00:00\",\"description\":\"Peinture au pinceau haute temp\u00e9rature de qualit\u00e9 sup\u00e9rieure, 1 400 \u00b0F de Rutland\",\"breadcrumb\":{\"@id\":\"https:\/\/staging.belleflamme.ca\/fr\/produit\/peinture-au-pinceau-haute-temperature-de-qualite-superieure-1-400-f-de-rutland\/#breadcrumb\"},\"inLanguage\":\"fr-FR\",\"potentialAction\":[{\"@type\":\"ReadAction\",\"target\":[\"https:\/\/staging.belleflamme.ca\/fr\/produit\/peinture-au-pinceau-haute-temperature-de-qualite-superieure-1-400-f-de-rutland\/\"]}]},{\"@type\":\"ImageObject\",\"inLanguage\":\"fr-FR\",\"@id\":\"https:\/\/staging.belleflamme.ca\/fr\/produit\/peinture-au-pinceau-haute-temperature-de-qualite-superieure-1-400-f-de-rutland\/#primaryimage\",\"url\":\"https:\/\/staging.belleflamme.ca\/wp-content\/uploads\/2024\/01\/Peinture-au-pinceau-haute-temperature-de-qualite-superieure-1-400-F-de-Rutland.webp\",\"contentUrl\":\"https:\/\/staging.belleflamme.ca\/wp-content\/uploads\/2024\/01\/Peinture-au-pinceau-haute-temperature-de-qualite-superieure-1-400-F-de-Rutland.webp\",\"width\":600,\"height\":600,\"caption\":\"Peinture au pinceau haute temp\u00e9rature de qualit\u00e9 sup\u00e9rieure, 1 400 \u00b0F de Rutland\"},{\"@type\":\"BreadcrumbList\",\"@id\":\"https:\/\/staging.belleflamme.ca\/fr\/produit\/peinture-au-pinceau-haute-temperature-de-qualite-superieure-1-400-f-de-rutland\/#breadcrumb\",\"itemListElement\":[{\"@type\":\"ListItem\",\"position\":1,\"name\":\"Accueil\",\"item\":\"https:\/\/www.belleflamme.ca\/fr\/\"},{\"@type\":\"ListItem\",\"position\":2,\"name\":\"Boutique\",\"item\":\"https:\/\/www.belleflamme.ca\/fr\/boutique\/\"},{\"@type\":\"ListItem\",\"position\":3,\"name\":\"Chemin\u00e9es, Pi\u00e8ces &amp; Accessoires\",\"item\":\"https:\/\/staging.belleflamme.ca\/fr\/categories\/cheminees-pieces-accessoires\/\"},{\"@type\":\"ListItem\",\"position\":4,\"name\":\"Ciment, Mortier et Scellant \u00e0 Foyer\",\"item\":\"https:\/\/staging.belleflamme.ca\/fr\/categories\/cheminees-pieces-accessoires\/ciment-mortier-et-scellant-a-foyer\/\"},{\"@type\":\"ListItem\",\"position\":5,\"name\":\"Peinture au pinceau haute temp\u00e9rature de qualit\u00e9 sup\u00e9rieure, 1 400 \u00b0F de Rutland\"}]},{\"@type\":\"WebSite\",\"@id\":\"https:\/\/www.belleflamme.ca\/fr\/#website\",\"url\":\"https:\/\/www.belleflamme.ca\/fr\/\",\"name\":\"Groupe Belleflamme\",\"description\":\"La m\u00e9canique du b\u00e2timent dans le sang.\",\"publisher\":{\"@id\":\"https:\/\/www.belleflamme.ca\/fr\/#organization\"},\"potentialAction\":[{\"@type\":\"SearchAction\",\"target\":{\"@type\":\"EntryPoint\",\"urlTemplate\":\"https:\/\/www.belleflamme.ca\/fr\/?s={search_term_string}\"},\"query-input\":{\"@type\":\"PropertyValueSpecification\",\"valueRequired\":true,\"valueName\":\"search_term_string\"}}],\"inLanguage\":\"fr-FR\"},{\"@type\":[\"Organization\",\"Place\"],\"@id\":\"https:\/\/www.belleflamme.ca\/fr\/#organization\",\"name\":\"Groupe Belleflamme\",\"alternateName\":\"Belleflamme\",\"url\":\"https:\/\/www.belleflamme.ca\/fr\/\",\"logo\":{\"@type\":\"ImageObject\",\"inLanguage\":\"fr-FR\",\"@id\":\"https:\/\/www.belleflamme.ca\/fr\/#\/schema\/logo\/image\/\",\"url\":\"https:\/\/staging.belleflamme.ca\/wp-content\/uploads\/2023\/01\/og-image.jpg\",\"contentUrl\":\"https:\/\/staging.belleflamme.ca\/wp-content\/uploads\/2023\/01\/og-image.jpg\",\"width\":1200,\"height\":630,\"caption\":\"Groupe Belleflamme\"},\"image\":{\"@id\":\"https:\/\/www.belleflamme.ca\/fr\/#\/schema\/logo\/image\/\"},\"sameAs\":[\"https:\/\/www.facebook.com\/belleflamme.ca\/\",\"https:\/\/www.linkedin.com\/company\/belleflamme\/\",\"https:\/\/www.pinterest.ca\/groupebelleflamme\/\",\"https:\/\/www.instagram.com\/legroupebelleflamme\/\"],\"mainEntityOfPage\":{\"@id\":\"https:\/\/staging.belleflamme.ca\/fr\/produit\/peinture-au-pinceau-haute-temperature-de-qualite-superieure-1-400-f-de-rutland\/\"}}]}<\/script>\n<meta property=\"product:brand\" content=\"Rutland\" \/>\n<meta property=\"product:price:amount\" content=\"72.00\" \/>\n<meta property=\"product:price:currency\" content=\"CAD\" \/>\n<meta property=\"og:availability\" content=\"instock\" \/>\n<meta property=\"product:availability\" content=\"instock\" \/>\n<meta property=\"product:retailer_item_id\" content=\"81V\" \/>\n<meta property=\"product:condition\" content=\"new\" \/>\n<!-- \/ Yoast SEO Premium plugin. -->","yoast_head_json":{"title":"Peinture au pinceau haute temp\u00e9rature de qualit\u00e9 sup\u00e9rieure, 1 400 \u00b0F de Rutland - Groupe BelleFlamme","description":"Peinture au pinceau haute temp\u00e9rature de qualit\u00e9 sup\u00e9rieure, 1 400 \u00b0F de Rutland","robots":{"index":"index","follow":"follow","max-snippet":"max-snippet:-1","max-image-preview":"max-image-preview:large","max-video-preview":"max-video-preview:-1"},"canonical":"https:\/\/staging.belleflamme.ca\/fr\/produit\/peinture-au-pinceau-haute-temperature-de-qualite-superieure-1-400-f-de-rutland\/","og_locale":"fr_FR","og_type":"article","og_title":"Peinture au pinceau haute temp\u00e9rature de qualit\u00e9 sup\u00e9rieure, 1 400 \u00b0F de Rutland","og_description":"Peinture au pinceau haute temp\u00e9rature de qualit\u00e9 sup\u00e9rieure, 1 400 \u00b0F de Rutland","og_url":"https:\/\/staging.belleflamme.ca\/fr\/produit\/peinture-au-pinceau-haute-temperature-de-qualite-superieure-1-400-f-de-rutland\/","og_site_name":"Groupe BelleFlamme","article_publisher":"https:\/\/www.facebook.com\/belleflamme.ca\/","article_modified_time":"2024-01-18T15:58:08+00:00","og_image":[{"width":600,"height":600,"url":"https:\/\/www.belleflamme.ca\/wp-content\/uploads\/2024\/01\/Peinture-au-pinceau-haute-temperature-de-qualite-superieure-1-400-F-de-Rutland.webp","type":"image\/webp"}],"twitter_card":"summary_large_image","twitter_misc":{"Prix":"&#36;72.00","Disponibilit\u00e9":"En stock"},"schema":{"@context":"https:\/\/schema.org","@graph":[{"@type":["WebPage","ItemPage"],"@id":"https:\/\/staging.belleflamme.ca\/fr\/produit\/peinture-au-pinceau-haute-temperature-de-qualite-superieure-1-400-f-de-rutland\/","url":"https:\/\/staging.belleflamme.ca\/fr\/produit\/peinture-au-pinceau-haute-temperature-de-qualite-superieure-1-400-f-de-rutland\/","name":"Peinture au pinceau haute temp\u00e9rature de qualit\u00e9 sup\u00e9rieure, 1 400 \u00b0F de Rutland - Groupe BelleFlamme","isPartOf":{"@id":"https:\/\/www.belleflamme.ca\/fr\/#website"},"primaryImageOfPage":{"@id":"https:\/\/staging.belleflamme.ca\/fr\/produit\/peinture-au-pinceau-haute-temperature-de-qualite-superieure-1-400-f-de-rutland\/#primaryimage"},"image":{"@id":"https:\/\/staging.belleflamme.ca\/fr\/produit\/peinture-au-pinceau-haute-temperature-de-qualite-superieure-1-400-f-de-rutland\/#primaryimage"},"thumbnailUrl":"https:\/\/staging.belleflamme.ca\/wp-content\/uploads\/2024\/01\/Peinture-au-pinceau-haute-temperature-de-qualite-superieure-1-400-F-de-Rutland.webp","datePublished":"2024-01-15T23:07:20+00:00","dateModified":"2024-01-18T15:58:08+00:00","description":"Peinture au pinceau haute temp\u00e9rature de qualit\u00e9 sup\u00e9rieure, 1 400 \u00b0F de Rutland","breadcrumb":{"@id":"https:\/\/staging.belleflamme.ca\/fr\/produit\/peinture-au-pinceau-haute-temperature-de-qualite-superieure-1-400-f-de-rutland\/#breadcrumb"},"inLanguage":"fr-FR","potentialAction":[{"@type":"ReadAction","target":["https:\/\/staging.belleflamme.ca\/fr\/produit\/peinture-au-pinceau-haute-temperature-de-qualite-superieure-1-400-f-de-rutland\/"]}]},{"@type":"ImageObject","inLanguage":"fr-FR","@id":"https:\/\/staging.belleflamme.ca\/fr\/produit\/peinture-au-pinceau-haute-temperature-de-qualite-superieure-1-400-f-de-rutland\/#primaryimage","url":"https:\/\/staging.belleflamme.ca\/wp-content\/uploads\/2024\/01\/Peinture-au-pinceau-haute-temperature-de-qualite-superieure-1-400-F-de-Rutland.webp","contentUrl":"https:\/\/staging.belleflamme.ca\/wp-content\/uploads\/2024\/01\/Peinture-au-pinceau-haute-temperature-de-qualite-superieure-1-400-F-de-Rutland.webp","width":600,"height":600,"caption":"Peinture au pinceau haute temp\u00e9rature de qualit\u00e9 sup\u00e9rieure, 1 400 \u00b0F de Rutland"},{"@type":"BreadcrumbList","@id":"https:\/\/staging.belleflamme.ca\/fr\/produit\/peinture-au-pinceau-haute-temperature-de-qualite-superieure-1-400-f-de-rutland\/#breadcrumb","itemListElement":[{"@type":"ListItem","position":1,"name":"Accueil","item":"https:\/\/www.belleflamme.ca\/fr\/"},{"@type":"ListItem","position":2,"name":"Boutique","item":"https:\/\/www.belleflamme.ca\/fr\/boutique\/"},{"@type":"ListItem","position":3,"name":"Chemin\u00e9es, Pi\u00e8ces &amp; Accessoires","item":"https:\/\/staging.belleflamme.ca\/fr\/categories\/cheminees-pieces-accessoires\/"},{"@type":"ListItem","position":4,"name":"Ciment, Mortier et Scellant \u00e0 Foyer","item":"https:\/\/staging.belleflamme.ca\/fr\/categories\/cheminees-pieces-accessoires\/ciment-mortier-et-scellant-a-foyer\/"},{"@type":"ListItem","position":5,"name":"Peinture au pinceau haute temp\u00e9rature de qualit\u00e9 sup\u00e9rieure, 1 400 \u00b0F de Rutland"}]},{"@type":"WebSite","@id":"https:\/\/www.belleflamme.ca\/fr\/#website","url":"https:\/\/www.belleflamme.ca\/fr\/","name":"Groupe Belleflamme","description":"La m\u00e9canique du b\u00e2timent dans le sang.","publisher":{"@id":"https:\/\/www.belleflamme.ca\/fr\/#organization"},"potentialAction":[{"@type":"SearchAction","target":{"@type":"EntryPoint","urlTemplate":"https:\/\/www.belleflamme.ca\/fr\/?s={search_term_string}"},"query-input":{"@type":"PropertyValueSpecification","valueRequired":true,"valueName":"search_term_string"}}],"inLanguage":"fr-FR"},{"@type":["Organization","Place"],"@id":"https:\/\/www.belleflamme.ca\/fr\/#organization","name":"Groupe Belleflamme","alternateName":"Belleflamme","url":"https:\/\/www.belleflamme.ca\/fr\/","logo":{"@type":"ImageObject","inLanguage":"fr-FR","@id":"https:\/\/www.belleflamme.ca\/fr\/#\/schema\/logo\/image\/","url":"https:\/\/staging.belleflamme.ca\/wp-content\/uploads\/2023\/01\/og-image.jpg","contentUrl":"https:\/\/staging.belleflamme.ca\/wp-content\/uploads\/2023\/01\/og-image.jpg","width":1200,"height":630,"caption":"Groupe Belleflamme"},"image":{"@id":"https:\/\/www.belleflamme.ca\/fr\/#\/schema\/logo\/image\/"},"sameAs":["https:\/\/www.facebook.com\/belleflamme.ca\/","https:\/\/www.linkedin.com\/company\/belleflamme\/","https:\/\/www.pinterest.ca\/groupebelleflamme\/","https:\/\/www.instagram.com\/legroupebelleflamme\/"],"mainEntityOfPage":{"@id":"https:\/\/staging.belleflamme.ca\/fr\/produit\/peinture-au-pinceau-haute-temperature-de-qualite-superieure-1-400-f-de-rutland\/"}}]},"product_brand":"Rutland","product_price_amount":"72.00","product_price_currency":"CAD","og_availability":"instock","product_availability":"instock","product_retailer_item_id":"81V","product_condition":"new"},"_links":{"self":[{"href":"https:\/\/staging.belleflamme.ca\/fr\/wp-json\/wp\/v2\/product\/26489","targetHints":{"allow":["GET"]}}],"collection":[{"href":"https:\/\/staging.belleflamme.ca\/fr\/wp-json\/wp\/v2\/product"}],"about":[{"href":"https:\/\/staging.belleflamme.ca\/fr\/wp-json\/wp\/v2\/types\/product"}],"version-history":[{"count":5,"href":"https:\/\/staging.belleflamme.ca\/fr\/wp-json\/wp\/v2\/product\/26489\/revisions"}],"predecessor-version":[{"id":27201,"href":"https:\/\/staging.belleflamme.ca\/fr\/wp-json\/wp\/v2\/product\/26489\/revisions\/27201"}],"wp:featuredmedia":[{"embeddable":true,"href":"https:\/\/staging.belleflamme.ca\/fr\/wp-json\/wp\/v2\/media\/26490"}],"wp:attachment":[{"href":"https:\/\/staging.belleflamme.ca\/fr\/wp-json\/wp\/v2\/media?parent=26489"}],"wp:term":[{"taxonomy":"product_brand","embeddable":true,"href":"https:\/\/staging.belleflamme.ca\/fr\/wp-json\/wp\/v2\/product_brand?post=26489"},{"taxonomy":"product_cat","embeddable":true,"href":"https:\/\/staging.belleflamme.ca\/fr\/wp-json\/wp\/v2\/product_cat?post=26489"},{"taxonomy":"product_tag","embeddable":true,"href":"https:\/\/staging.belleflamme.ca\/fr\/wp-json\/wp\/v2\/product_tag?post=26489"}],"curies":[{"name":"wp","href":"https:\/\/api.w.org\/{rel}","templated":true}]}}