{"id":26458,"date":"2024-01-15T17:56:08","date_gmt":"2024-01-15T22:56:08","guid":{"rendered":"https:\/\/www.belleflamme.ca\/?post_type=product&#038;p=26458"},"modified":"2024-01-15T18:54:03","modified_gmt":"2024-01-15T23:54:03","slug":"peinture-en-aerosol-haute-temperature-1-200-f-de-rutland","status":"publish","type":"product","link":"https:\/\/staging.belleflamme.ca\/fr\/produit\/peinture-en-aerosol-haute-temperature-1-200-f-de-rutland\/","title":{"rendered":"Peinture en a\u00e9rosol haute temp\u00e9rature 1 200 \u00b0F de Rutland"},"content":{"rendered":"\t\t<div data-elementor-type=\"product-post\" data-elementor-id=\"26458\" class=\"elementor elementor-26458\" data-elementor-post-type=\"product\">\n\t\t\t\t\t\t<section class=\"elementor-section elementor-top-section elementor-element elementor-element-3b24ad49 elementor-section-boxed elementor-section-height-default elementor-section-height-default\" data-id=\"3b24ad49\" data-element_type=\"section\">\n\t\t\t\t\t\t<div class=\"elementor-container elementor-column-gap-default\">\n\t\t\t\t\t<div class=\"elementor-column elementor-col-100 elementor-top-column elementor-element elementor-element-30ab0627\" data-id=\"30ab0627\" data-element_type=\"column\">\n\t\t\t<div class=\"elementor-widget-wrap elementor-element-populated\">\n\t\t\t\t\t\t<div class=\"elementor-element elementor-element-25eda522 elementor-widget elementor-widget-text-editor\" data-id=\"25eda522\" data-element_type=\"widget\" data-widget_type=\"text-editor.default\">\n\t\t\t\t<div class=\"elementor-widget-container\">\n\t\t\t\t\t\t\t\t\t<strong><span>La peinture en a\u00e9rosol haute temp\u00e9rature\u00a0<\/span><\/strong><span><strong>RUTLAND<\/strong> 1\u00a0200 \u00b0F offre \u00e0 la fois une belle finition noir mat ainsi qu&#8217;une durabilit\u00e9 \u00e0 n&#8217;importe quel po\u00eale ou gril, et aura fi\u00e8re allure pendant des ann\u00e9es tout en gardant la rouille \u00e0 distance.\u00a0Cette peinture de qualit\u00e9 adh\u00e8re \u00e0 l&#8217;acier, \u00e0 la fonte, \u00e0 l&#8217;aluminium et \u00e0 la brique et est id\u00e9ale pour les grils, les po\u00eales, les fumoirs, les tuyaux de po\u00eale, les inserts de chemin\u00e9e, les fours, les barbecues, les bo\u00eetes aux lettres, les lampadaires, les outils de chemin\u00e9e, le laiton, les briques r\u00e9fractaires et les chapeaux de chemin\u00e9e.<\/span>\r\n<ul>\r\n \t<li><span>Bombe a\u00e9rosol de 12 onces<\/span><\/li>\r\n \t<li><span>Noir mat<\/span><\/li>\r\n \t<li><span>Aucun appr\u00eat n\u00e9cessaire<\/span><\/li>\r\n \t<li><span>R\u00e9sistance aux UV 1 an apr\u00e8s application<\/span><\/li>\r\n \t<li><span>S\u00e9chage rapide et couleurs r\u00e9sistantes<\/span><\/li>\r\n \t<li><span>Non toxique une fois sec<\/span><\/li>\r\n \t<li><span>R\u00e9sistant aux intemp\u00e9ries et \u00e0 la chaleur<\/span><\/li>\r\n \t<li><span>Utilisation int\u00e9rieure et ext\u00e9rieure<\/span><\/li>\r\n \t<li><span>Le durcissement \u00e0 la chaleur n&#8217;est pas n\u00e9cessaire, mais les meilleurs r\u00e9sultats sont obtenus apr\u00e8s le durcissement \u00e0 la chaleur.<\/span><\/li>\r\n \t<li><span>Peut-\u00eatre utilis\u00e9 pour peindre l&#8217;int\u00e9rieur d&#8217;une chambre de combustion en ma\u00e7onnerie<\/span><\/li>\r\n \t<li><span>Pas pour le contact direct avec les aliments<\/span><\/li>\r\n \t<li><span>Fabriqu\u00e9 aux \u00c9tats-Unis<\/span><\/li>\r\n<\/ul>\r\n<strong><span>Poids:<\/span><\/strong>\u00a00,99 livres\r\n\r\n<strong><span>Dimensions:<\/span><\/strong>\u00a07,75 \u00d7 2,625 \u00d7 2,625 pouces\t\t\t\t\t\t\t\t<\/div>\n\t\t\t\t<\/div>\n\t\t\t\t\t<\/div>\n\t\t<\/div>\n\t\t\t\t\t<\/div>\n\t\t<\/section>\n\t\t\t\t<section class=\"elementor-section elementor-top-section elementor-element elementor-element-78b53d6 elementor-section-boxed elementor-section-height-default elementor-section-height-default\" data-id=\"78b53d6\" data-element_type=\"section\">\n\t\t\t\t\t\t<div class=\"elementor-container elementor-column-gap-default\">\n\t\t\t\t\t<div class=\"elementor-column elementor-col-100 elementor-top-column elementor-element elementor-element-f58bbb5\" data-id=\"f58bbb5\" data-element_type=\"column\">\n\t\t\t<div class=\"elementor-widget-wrap elementor-element-populated\">\n\t\t\t\t\t\t<div class=\"elementor-element elementor-element-d4b823d elementor-tabs-view-horizontal elementor-widget elementor-widget-tabs\" data-id=\"d4b823d\" data-element_type=\"widget\" data-widget_type=\"tabs.default\">\n\t\t\t\t<div class=\"elementor-widget-container\">\n\t\t\t\t\t\t\t<div class=\"elementor-tabs\">\n\t\t\t<div class=\"elementor-tabs-wrapper\" role=\"tablist\" >\n\t\t\t\t\t\t\t\t\t<div id=\"elementor-tab-title-2231\" class=\"elementor-tab-title elementor-tab-desktop-title\" aria-selected=\"true\" data-tab=\"1\" role=\"tab\" tabindex=\"0\" aria-controls=\"elementor-tab-content-2231\" aria-expanded=\"false\">Fichiers<\/div>\n\t\t\t\t\t\t\t<\/div>\n\t\t\t<div class=\"elementor-tabs-content-wrapper\" role=\"tablist\" aria-orientation=\"vertical\">\n\t\t\t\t\t\t\t\t\t<div class=\"elementor-tab-title elementor-tab-mobile-title\" aria-selected=\"true\" data-tab=\"1\" role=\"tab\" tabindex=\"0\" aria-controls=\"elementor-tab-content-2231\" aria-expanded=\"false\">Fichiers<\/div>\n\t\t\t\t\t<div id=\"elementor-tab-content-2231\" class=\"elementor-tab-content elementor-clearfix\" data-tab=\"1\" role=\"tabpanel\" aria-labelledby=\"elementor-tab-title-2231\" tabindex=\"0\" hidden=\"false\"><i class=\"far fa-file-pdf fa-xl\" style=\"font-size:35px\"><\/i><a href=\"https:\/\/www.belleflamme.ca\/wp-content\/uploads\/2024\/01\/RUTLAND-80-SDS.pdf\"> Donn\u00e9es de S\u00e9curit\u00e9<\/a><\/br><\/div>\n\t\t\t\t\t\t\t<\/div>\n\t\t<\/div>\n\t\t\t\t\t\t<\/div>\n\t\t\t\t<\/div>\n\t\t\t\t\t<\/div>\n\t\t<\/div>\n\t\t\t\t\t<\/div>\n\t\t<\/section>\n\t\t\t\t<\/div>\n\t\t","protected":false},"excerpt":{"rendered":"<p>La peinture en a\u00e9rosol haute temp\u00e9rature\u00a0RUTLAND 1\u00a0200 \u00b0F offre \u00e0 la fois une belle finition noir mat ainsi qu&#8217;une durabilit\u00e9 \u00e0 n&#8217;importe quel po\u00eale ou gril, et aura fi\u00e8re allure pendant des ann\u00e9es tout en gardant la rouille \u00e0 distance.\u00a0Cette peinture de qualit\u00e9 adh\u00e8re \u00e0 l&#8217;acier, \u00e0 la fonte, \u00e0 l&#8217;aluminium et \u00e0 la brique [&hellip;]<\/p>\n","protected":false},"featured_media":26459,"template":"","meta":{"inline_featured_image":false},"product_brand":[885],"product_cat":[96,45],"product_tag":[],"class_list":{"0":"post-26458","1":"product","2":"type-product","3":"status-publish","4":"has-post-thumbnail","6":"product_brand-rutland","7":"product_cat-pieces-accessoires","8":"product_cat-cheminees-pieces-accessoires","10":"first","11":"instock","12":"taxable","13":"shipping-taxable","14":"purchasable","15":"product-type-simple"},"yoast_head":"<!-- This site is optimized with the Yoast SEO Premium plugin v24.2 (Yoast SEO v24.2) - https:\/\/yoast.com\/wordpress\/plugins\/seo\/ -->\n<title>Peinture en a\u00e9rosol haute temp\u00e9rature 1 200 \u00b0F de Rutland - Groupe BelleFlamme<\/title>\n<meta name=\"description\" content=\"Peinture en a\u00e9rosol haute temp\u00e9rature 1 200 \u00b0F de Rutland vendu et install\u00e9 par le Groupe Belleflamme. Laval, Montr\u00e9al, Gatineau, Drummondville et Saint-Sauveur.\" \/>\n<meta name=\"robots\" content=\"index, follow, max-snippet:-1, max-image-preview:large, max-video-preview:-1\" \/>\n<link rel=\"canonical\" href=\"https:\/\/staging.belleflamme.ca\/fr\/produit\/peinture-en-aerosol-haute-temperature-1-200-f-de-rutland\/\" \/>\n<meta property=\"og:locale\" content=\"fr_FR\" \/>\n<meta property=\"og:type\" content=\"article\" \/>\n<meta property=\"og:title\" content=\"Peinture en a\u00e9rosol haute temp\u00e9rature 1 200 \u00b0F de Rutland\" \/>\n<meta property=\"og:description\" content=\"Peinture en a\u00e9rosol haute temp\u00e9rature 1 200 \u00b0F de Rutland vendu et install\u00e9 par le Groupe Belleflamme. Laval, Montr\u00e9al, Gatineau, Drummondville et Saint-Sauveur.\" \/>\n<meta property=\"og:url\" content=\"https:\/\/staging.belleflamme.ca\/fr\/produit\/peinture-en-aerosol-haute-temperature-1-200-f-de-rutland\/\" \/>\n<meta property=\"og:site_name\" content=\"Groupe BelleFlamme\" \/>\n<meta property=\"article:publisher\" content=\"https:\/\/www.facebook.com\/belleflamme.ca\/\" \/>\n<meta property=\"article:modified_time\" content=\"2024-01-15T23:54:03+00:00\" \/>\n<meta property=\"og:image\" content=\"https:\/\/www.belleflamme.ca\/wp-content\/uploads\/2024\/01\/Peinture-en-aerosol-haute-temperature-1-200-F-de-Rutland.webp\" \/>\n\t<meta property=\"og:image:width\" content=\"600\" \/>\n\t<meta property=\"og:image:height\" content=\"600\" \/>\n\t<meta property=\"og:image:type\" content=\"image\/webp\" \/>\n<meta name=\"twitter:card\" content=\"summary_large_image\" \/>\n<meta name=\"twitter:label1\" content=\"Prix\" \/>\n\t<meta name=\"twitter:data1\" content=\"&#036;28.00\" \/>\n\t<meta name=\"twitter:label2\" content=\"Disponibilit\u00e9\" \/>\n\t<meta name=\"twitter:data2\" content=\"En stock\" \/>\n<script type=\"application\/ld+json\" class=\"yoast-schema-graph\">{\"@context\":\"https:\/\/schema.org\",\"@graph\":[{\"@type\":[\"WebPage\",\"ItemPage\"],\"@id\":\"https:\/\/staging.belleflamme.ca\/fr\/produit\/peinture-en-aerosol-haute-temperature-1-200-f-de-rutland\/\",\"url\":\"https:\/\/staging.belleflamme.ca\/fr\/produit\/peinture-en-aerosol-haute-temperature-1-200-f-de-rutland\/\",\"name\":\"Peinture en a\u00e9rosol haute temp\u00e9rature 1 200 \u00b0F de Rutland - Groupe BelleFlamme\",\"isPartOf\":{\"@id\":\"https:\/\/www.belleflamme.ca\/fr\/#website\"},\"primaryImageOfPage\":{\"@id\":\"https:\/\/staging.belleflamme.ca\/fr\/produit\/peinture-en-aerosol-haute-temperature-1-200-f-de-rutland\/#primaryimage\"},\"image\":{\"@id\":\"https:\/\/staging.belleflamme.ca\/fr\/produit\/peinture-en-aerosol-haute-temperature-1-200-f-de-rutland\/#primaryimage\"},\"thumbnailUrl\":\"https:\/\/staging.belleflamme.ca\/wp-content\/uploads\/2024\/01\/Peinture-en-aerosol-haute-temperature-1-200-F-de-Rutland.webp\",\"datePublished\":\"2024-01-15T22:56:08+00:00\",\"dateModified\":\"2024-01-15T23:54:03+00:00\",\"description\":\"Peinture en a\u00e9rosol haute temp\u00e9rature 1 200 \u00b0F de Rutland [get_meta_en_fr]\",\"breadcrumb\":{\"@id\":\"https:\/\/staging.belleflamme.ca\/fr\/produit\/peinture-en-aerosol-haute-temperature-1-200-f-de-rutland\/#breadcrumb\"},\"inLanguage\":\"fr-FR\",\"potentialAction\":[{\"@type\":\"ReadAction\",\"target\":[\"https:\/\/staging.belleflamme.ca\/fr\/produit\/peinture-en-aerosol-haute-temperature-1-200-f-de-rutland\/\"]}]},{\"@type\":\"ImageObject\",\"inLanguage\":\"fr-FR\",\"@id\":\"https:\/\/staging.belleflamme.ca\/fr\/produit\/peinture-en-aerosol-haute-temperature-1-200-f-de-rutland\/#primaryimage\",\"url\":\"https:\/\/staging.belleflamme.ca\/wp-content\/uploads\/2024\/01\/Peinture-en-aerosol-haute-temperature-1-200-F-de-Rutland.webp\",\"contentUrl\":\"https:\/\/staging.belleflamme.ca\/wp-content\/uploads\/2024\/01\/Peinture-en-aerosol-haute-temperature-1-200-F-de-Rutland.webp\",\"width\":600,\"height\":600,\"caption\":\"Peinture en a\u00e9rosol haute temp\u00e9rature 1 200 F de Rutland\"},{\"@type\":\"BreadcrumbList\",\"@id\":\"https:\/\/staging.belleflamme.ca\/fr\/produit\/peinture-en-aerosol-haute-temperature-1-200-f-de-rutland\/#breadcrumb\",\"itemListElement\":[{\"@type\":\"ListItem\",\"position\":1,\"name\":\"Accueil\",\"item\":\"https:\/\/www.belleflamme.ca\/fr\/\"},{\"@type\":\"ListItem\",\"position\":2,\"name\":\"Boutique\",\"item\":\"https:\/\/www.belleflamme.ca\/fr\/boutique\/\"},{\"@type\":\"ListItem\",\"position\":3,\"name\":\"Chemin\u00e9es, Pi\u00e8ces &amp; Accessoires\",\"item\":\"https:\/\/staging.belleflamme.ca\/fr\/categories\/cheminees-pieces-accessoires\/\"},{\"@type\":\"ListItem\",\"position\":4,\"name\":\"Pi\u00e8ces &amp; Accessoires\",\"item\":\"https:\/\/staging.belleflamme.ca\/fr\/categories\/cheminees-pieces-accessoires\/pieces-accessoires\/\"},{\"@type\":\"ListItem\",\"position\":5,\"name\":\"Peinture en a\u00e9rosol haute temp\u00e9rature 1 200 \u00b0F de Rutland\"}]},{\"@type\":\"WebSite\",\"@id\":\"https:\/\/www.belleflamme.ca\/fr\/#website\",\"url\":\"https:\/\/www.belleflamme.ca\/fr\/\",\"name\":\"Groupe Belleflamme\",\"description\":\"La m\u00e9canique du b\u00e2timent dans le sang.\",\"publisher\":{\"@id\":\"https:\/\/www.belleflamme.ca\/fr\/#organization\"},\"potentialAction\":[{\"@type\":\"SearchAction\",\"target\":{\"@type\":\"EntryPoint\",\"urlTemplate\":\"https:\/\/www.belleflamme.ca\/fr\/?s={search_term_string}\"},\"query-input\":{\"@type\":\"PropertyValueSpecification\",\"valueRequired\":true,\"valueName\":\"search_term_string\"}}],\"inLanguage\":\"fr-FR\"},{\"@type\":[\"Organization\",\"Place\"],\"@id\":\"https:\/\/www.belleflamme.ca\/fr\/#organization\",\"name\":\"Groupe Belleflamme\",\"alternateName\":\"Belleflamme\",\"url\":\"https:\/\/www.belleflamme.ca\/fr\/\",\"logo\":{\"@type\":\"ImageObject\",\"inLanguage\":\"fr-FR\",\"@id\":\"https:\/\/www.belleflamme.ca\/fr\/#\/schema\/logo\/image\/\",\"url\":\"https:\/\/staging.belleflamme.ca\/wp-content\/uploads\/2023\/01\/og-image.jpg\",\"contentUrl\":\"https:\/\/staging.belleflamme.ca\/wp-content\/uploads\/2023\/01\/og-image.jpg\",\"width\":1200,\"height\":630,\"caption\":\"Groupe Belleflamme\"},\"image\":{\"@id\":\"https:\/\/www.belleflamme.ca\/fr\/#\/schema\/logo\/image\/\"},\"sameAs\":[\"https:\/\/www.facebook.com\/belleflamme.ca\/\",\"https:\/\/www.linkedin.com\/company\/belleflamme\/\",\"https:\/\/www.pinterest.ca\/groupebelleflamme\/\",\"https:\/\/www.instagram.com\/legroupebelleflamme\/\"],\"mainEntityOfPage\":{\"@id\":\"https:\/\/staging.belleflamme.ca\/fr\/produit\/peinture-en-aerosol-haute-temperature-1-200-f-de-rutland\/\"}}]}<\/script>\n<meta property=\"product:brand\" content=\"Rutland\" \/>\n<meta property=\"product:price:amount\" content=\"28.00\" \/>\n<meta property=\"product:price:currency\" content=\"CAD\" \/>\n<meta property=\"og:availability\" content=\"instock\" \/>\n<meta property=\"product:availability\" content=\"instock\" \/>\n<meta property=\"product:retailer_item_id\" content=\"84\" \/>\n<meta property=\"product:condition\" content=\"new\" \/>\n<!-- \/ Yoast SEO Premium plugin. -->","yoast_head_json":{"title":"Peinture en a\u00e9rosol haute temp\u00e9rature 1 200 \u00b0F de Rutland - Groupe BelleFlamme","description":"Peinture en a\u00e9rosol haute temp\u00e9rature 1 200 \u00b0F de Rutland vendu et install\u00e9 par le Groupe Belleflamme. Laval, Montr\u00e9al, Gatineau, Drummondville et Saint-Sauveur.","robots":{"index":"index","follow":"follow","max-snippet":"max-snippet:-1","max-image-preview":"max-image-preview:large","max-video-preview":"max-video-preview:-1"},"canonical":"https:\/\/staging.belleflamme.ca\/fr\/produit\/peinture-en-aerosol-haute-temperature-1-200-f-de-rutland\/","og_locale":"fr_FR","og_type":"article","og_title":"Peinture en a\u00e9rosol haute temp\u00e9rature 1 200 \u00b0F de Rutland","og_description":"Peinture en a\u00e9rosol haute temp\u00e9rature 1 200 \u00b0F de Rutland vendu et install\u00e9 par le Groupe Belleflamme. Laval, Montr\u00e9al, Gatineau, Drummondville et Saint-Sauveur.","og_url":"https:\/\/staging.belleflamme.ca\/fr\/produit\/peinture-en-aerosol-haute-temperature-1-200-f-de-rutland\/","og_site_name":"Groupe BelleFlamme","article_publisher":"https:\/\/www.facebook.com\/belleflamme.ca\/","article_modified_time":"2024-01-15T23:54:03+00:00","og_image":[{"width":600,"height":600,"url":"https:\/\/www.belleflamme.ca\/wp-content\/uploads\/2024\/01\/Peinture-en-aerosol-haute-temperature-1-200-F-de-Rutland.webp","type":"image\/webp"}],"twitter_card":"summary_large_image","twitter_misc":{"Prix":"&#36;28.00","Disponibilit\u00e9":"En stock"},"schema":{"@context":"https:\/\/schema.org","@graph":[{"@type":["WebPage","ItemPage"],"@id":"https:\/\/staging.belleflamme.ca\/fr\/produit\/peinture-en-aerosol-haute-temperature-1-200-f-de-rutland\/","url":"https:\/\/staging.belleflamme.ca\/fr\/produit\/peinture-en-aerosol-haute-temperature-1-200-f-de-rutland\/","name":"Peinture en a\u00e9rosol haute temp\u00e9rature 1 200 \u00b0F de Rutland - Groupe BelleFlamme","isPartOf":{"@id":"https:\/\/www.belleflamme.ca\/fr\/#website"},"primaryImageOfPage":{"@id":"https:\/\/staging.belleflamme.ca\/fr\/produit\/peinture-en-aerosol-haute-temperature-1-200-f-de-rutland\/#primaryimage"},"image":{"@id":"https:\/\/staging.belleflamme.ca\/fr\/produit\/peinture-en-aerosol-haute-temperature-1-200-f-de-rutland\/#primaryimage"},"thumbnailUrl":"https:\/\/staging.belleflamme.ca\/wp-content\/uploads\/2024\/01\/Peinture-en-aerosol-haute-temperature-1-200-F-de-Rutland.webp","datePublished":"2024-01-15T22:56:08+00:00","dateModified":"2024-01-15T23:54:03+00:00","description":"Peinture en a\u00e9rosol haute temp\u00e9rature 1 200 \u00b0F de Rutland [get_meta_en_fr]","breadcrumb":{"@id":"https:\/\/staging.belleflamme.ca\/fr\/produit\/peinture-en-aerosol-haute-temperature-1-200-f-de-rutland\/#breadcrumb"},"inLanguage":"fr-FR","potentialAction":[{"@type":"ReadAction","target":["https:\/\/staging.belleflamme.ca\/fr\/produit\/peinture-en-aerosol-haute-temperature-1-200-f-de-rutland\/"]}]},{"@type":"ImageObject","inLanguage":"fr-FR","@id":"https:\/\/staging.belleflamme.ca\/fr\/produit\/peinture-en-aerosol-haute-temperature-1-200-f-de-rutland\/#primaryimage","url":"https:\/\/staging.belleflamme.ca\/wp-content\/uploads\/2024\/01\/Peinture-en-aerosol-haute-temperature-1-200-F-de-Rutland.webp","contentUrl":"https:\/\/staging.belleflamme.ca\/wp-content\/uploads\/2024\/01\/Peinture-en-aerosol-haute-temperature-1-200-F-de-Rutland.webp","width":600,"height":600,"caption":"Peinture en a\u00e9rosol haute temp\u00e9rature 1 200 F de Rutland"},{"@type":"BreadcrumbList","@id":"https:\/\/staging.belleflamme.ca\/fr\/produit\/peinture-en-aerosol-haute-temperature-1-200-f-de-rutland\/#breadcrumb","itemListElement":[{"@type":"ListItem","position":1,"name":"Accueil","item":"https:\/\/www.belleflamme.ca\/fr\/"},{"@type":"ListItem","position":2,"name":"Boutique","item":"https:\/\/www.belleflamme.ca\/fr\/boutique\/"},{"@type":"ListItem","position":3,"name":"Chemin\u00e9es, Pi\u00e8ces &amp; Accessoires","item":"https:\/\/staging.belleflamme.ca\/fr\/categories\/cheminees-pieces-accessoires\/"},{"@type":"ListItem","position":4,"name":"Pi\u00e8ces &amp; Accessoires","item":"https:\/\/staging.belleflamme.ca\/fr\/categories\/cheminees-pieces-accessoires\/pieces-accessoires\/"},{"@type":"ListItem","position":5,"name":"Peinture en a\u00e9rosol haute temp\u00e9rature 1 200 \u00b0F de Rutland"}]},{"@type":"WebSite","@id":"https:\/\/www.belleflamme.ca\/fr\/#website","url":"https:\/\/www.belleflamme.ca\/fr\/","name":"Groupe Belleflamme","description":"La m\u00e9canique du b\u00e2timent dans le sang.","publisher":{"@id":"https:\/\/www.belleflamme.ca\/fr\/#organization"},"potentialAction":[{"@type":"SearchAction","target":{"@type":"EntryPoint","urlTemplate":"https:\/\/www.belleflamme.ca\/fr\/?s={search_term_string}"},"query-input":{"@type":"PropertyValueSpecification","valueRequired":true,"valueName":"search_term_string"}}],"inLanguage":"fr-FR"},{"@type":["Organization","Place"],"@id":"https:\/\/www.belleflamme.ca\/fr\/#organization","name":"Groupe Belleflamme","alternateName":"Belleflamme","url":"https:\/\/www.belleflamme.ca\/fr\/","logo":{"@type":"ImageObject","inLanguage":"fr-FR","@id":"https:\/\/www.belleflamme.ca\/fr\/#\/schema\/logo\/image\/","url":"https:\/\/staging.belleflamme.ca\/wp-content\/uploads\/2023\/01\/og-image.jpg","contentUrl":"https:\/\/staging.belleflamme.ca\/wp-content\/uploads\/2023\/01\/og-image.jpg","width":1200,"height":630,"caption":"Groupe Belleflamme"},"image":{"@id":"https:\/\/www.belleflamme.ca\/fr\/#\/schema\/logo\/image\/"},"sameAs":["https:\/\/www.facebook.com\/belleflamme.ca\/","https:\/\/www.linkedin.com\/company\/belleflamme\/","https:\/\/www.pinterest.ca\/groupebelleflamme\/","https:\/\/www.instagram.com\/legroupebelleflamme\/"],"mainEntityOfPage":{"@id":"https:\/\/staging.belleflamme.ca\/fr\/produit\/peinture-en-aerosol-haute-temperature-1-200-f-de-rutland\/"}}]},"product_brand":"Rutland","product_price_amount":"28.00","product_price_currency":"CAD","og_availability":"instock","product_availability":"instock","product_retailer_item_id":"84","product_condition":"new"},"_links":{"self":[{"href":"https:\/\/staging.belleflamme.ca\/fr\/wp-json\/wp\/v2\/product\/26458","targetHints":{"allow":["GET"]}}],"collection":[{"href":"https:\/\/staging.belleflamme.ca\/fr\/wp-json\/wp\/v2\/product"}],"about":[{"href":"https:\/\/staging.belleflamme.ca\/fr\/wp-json\/wp\/v2\/types\/product"}],"version-history":[{"count":4,"href":"https:\/\/staging.belleflamme.ca\/fr\/wp-json\/wp\/v2\/product\/26458\/revisions"}],"predecessor-version":[{"id":26466,"href":"https:\/\/staging.belleflamme.ca\/fr\/wp-json\/wp\/v2\/product\/26458\/revisions\/26466"}],"wp:featuredmedia":[{"embeddable":true,"href":"https:\/\/staging.belleflamme.ca\/fr\/wp-json\/wp\/v2\/media\/26459"}],"wp:attachment":[{"href":"https:\/\/staging.belleflamme.ca\/fr\/wp-json\/wp\/v2\/media?parent=26458"}],"wp:term":[{"taxonomy":"product_brand","embeddable":true,"href":"https:\/\/staging.belleflamme.ca\/fr\/wp-json\/wp\/v2\/product_brand?post=26458"},{"taxonomy":"product_cat","embeddable":true,"href":"https:\/\/staging.belleflamme.ca\/fr\/wp-json\/wp\/v2\/product_cat?post=26458"},{"taxonomy":"product_tag","embeddable":true,"href":"https:\/\/staging.belleflamme.ca\/fr\/wp-json\/wp\/v2\/product_tag?post=26458"}],"curies":[{"name":"wp","href":"https:\/\/api.w.org\/{rel}","templated":true}]}}