{"id":26443,"date":"2024-01-15T17:50:33","date_gmt":"2024-01-15T22:50:33","guid":{"rendered":"https:\/\/www.belleflamme.ca\/?post_type=product&#038;p=26443"},"modified":"2024-01-18T10:21:04","modified_gmt":"2024-01-18T15:21:04","slug":"poli-pour-poele-williams-de-rutland","status":"publish","type":"product","link":"https:\/\/staging.belleflamme.ca\/fr\/produit\/poli-pour-poele-williams-de-rutland\/","title":{"rendered":"Poli pour po\u00eale William&#8217;s\u00ae de Rutland"},"content":{"rendered":"\t\t<div data-elementor-type=\"product-post\" data-elementor-id=\"26443\" class=\"elementor elementor-26443\" data-elementor-post-type=\"product\">\n\t\t\t\t\t\t<section class=\"elementor-section elementor-top-section elementor-element elementor-element-105451f2 elementor-section-boxed elementor-section-height-default elementor-section-height-default\" data-id=\"105451f2\" data-element_type=\"section\">\n\t\t\t\t\t\t<div class=\"elementor-container elementor-column-gap-default\">\n\t\t\t\t\t<div class=\"elementor-column elementor-col-100 elementor-top-column elementor-element elementor-element-4c9499a0\" data-id=\"4c9499a0\" data-element_type=\"column\">\n\t\t\t<div class=\"elementor-widget-wrap elementor-element-populated\">\n\t\t\t\t\t\t<div class=\"elementor-element elementor-element-5b690839 elementor-widget elementor-widget-text-editor\" data-id=\"5b690839\" data-element_type=\"widget\" data-widget_type=\"text-editor.default\">\n\t\t\t\t<div class=\"elementor-widget-container\">\n\t\t\t\t\t\t\t\t\t<p><strong>Le vernis pour po\u00eale William&#8217;s\u00ae\u00a0<\/strong><strong>\u00a0de RUTLAND<\/strong>\u00a0est utilis\u00e9 depuis plus de 80 ans pour apporter une finition gris fonc\u00e9 peu brillante \u00e0 tout appareil en fonte non peint.\u00a0Facile \u00e0 appliquer.\u00a0Polir apr\u00e8s s\u00e9chage.\u00a0Il peut \u00e9galement \u00eatre utilis\u00e9 sur les po\u00eales \u00e0 bois et \u00e0 charbon, les barbecues, les hibachis, les casseroles en fer, les bouilloires en fer et les grils.\u00a0Ne pas utiliser sur des surfaces peintes, sabl\u00e9es, inoxydables ou en acier brut.<\/p><ul><li>Tube de 2,3 onces liquides<\/li><li>Semi-p\u00e2te satin\u00e9e noire, s\u00e8che pour obtenir une finition gris fonc\u00e9<\/li><li>Utilisation int\u00e9rieure ou ext\u00e9rieure<\/li><li>Fabriqu\u00e9 aux Etats-Unis<\/li><\/ul><p><strong>Poids:<\/strong>\u00a00,25 livre<\/p><p><strong>Dimensions:<\/strong>\u00a07,75 \u00d7 2,125 \u00d7 1,25 pouces<\/p>\t\t\t\t\t\t\t\t<\/div>\n\t\t\t\t<\/div>\n\t\t\t\t\t<\/div>\n\t\t<\/div>\n\t\t\t\t\t<\/div>\n\t\t<\/section>\n\t\t\t\t<section class=\"elementor-section elementor-top-section elementor-element elementor-element-e691436 elementor-section-boxed elementor-section-height-default elementor-section-height-default\" data-id=\"e691436\" data-element_type=\"section\">\n\t\t\t\t\t\t<div class=\"elementor-container elementor-column-gap-default\">\n\t\t\t\t\t<div class=\"elementor-column elementor-col-100 elementor-top-column elementor-element elementor-element-2b0b06e\" data-id=\"2b0b06e\" data-element_type=\"column\">\n\t\t\t<div class=\"elementor-widget-wrap elementor-element-populated\">\n\t\t\t\t\t\t<div class=\"elementor-element elementor-element-a335484 elementor-tabs-view-horizontal elementor-widget elementor-widget-tabs\" data-id=\"a335484\" data-element_type=\"widget\" data-widget_type=\"tabs.default\">\n\t\t\t\t<div class=\"elementor-widget-container\">\n\t\t\t\t\t\t\t<div class=\"elementor-tabs\">\n\t\t\t<div class=\"elementor-tabs-wrapper\" role=\"tablist\" >\n\t\t\t\t\t\t\t\t\t<div id=\"elementor-tab-title-1711\" class=\"elementor-tab-title elementor-tab-desktop-title\" aria-selected=\"true\" data-tab=\"1\" role=\"tab\" tabindex=\"0\" aria-controls=\"elementor-tab-content-1711\" aria-expanded=\"false\">Fichiers<\/div>\n\t\t\t\t\t\t\t<\/div>\n\t\t\t<div class=\"elementor-tabs-content-wrapper\" role=\"tablist\" aria-orientation=\"vertical\">\n\t\t\t\t\t\t\t\t\t<div class=\"elementor-tab-title elementor-tab-mobile-title\" aria-selected=\"true\" data-tab=\"1\" role=\"tab\" tabindex=\"0\" aria-controls=\"elementor-tab-content-1711\" aria-expanded=\"false\">Fichiers<\/div>\n\t\t\t\t\t<div id=\"elementor-tab-content-1711\" class=\"elementor-tab-content elementor-clearfix\" data-tab=\"1\" role=\"tabpanel\" aria-labelledby=\"elementor-tab-title-1711\" tabindex=\"0\" hidden=\"false\"><i class=\"far fa-file-pdf fa-xl\" style=\"font-size:35px\"><\/i><a href=\"https:\/\/www.belleflamme.ca\/wp-content\/uploads\/2024\/01\/RUTLAND-WI-00710-SDS.pdf\"> Donn\u00e9es des S\u00e9curit\u00e9 <\/a><\/br><\/div>\n\t\t\t\t\t\t\t<\/div>\n\t\t<\/div>\n\t\t\t\t\t\t<\/div>\n\t\t\t\t<\/div>\n\t\t\t\t\t<\/div>\n\t\t<\/div>\n\t\t\t\t\t<\/div>\n\t\t<\/section>\n\t\t\t\t<\/div>\n\t\t","protected":false},"excerpt":{"rendered":"<p>Le vernis pour po\u00eale William&#8217;s\u00ae\u00a0\u00a0de RUTLAND\u00a0est utilis\u00e9 depuis plus de 80 ans pour apporter une finition gris fonc\u00e9 peu brillante \u00e0 tout appareil en fonte non peint.\u00a0Facile \u00e0 appliquer.\u00a0Polir apr\u00e8s s\u00e9chage.\u00a0Il peut \u00e9galement \u00eatre utilis\u00e9 sur les po\u00eales \u00e0 bois et \u00e0 charbon, les barbecues, les hibachis, les casseroles en fer, les bouilloires en fer [&hellip;]<\/p>\n","protected":false},"featured_media":26444,"template":"","meta":{"inline_featured_image":false},"product_brand":[885],"product_cat":[1112,45],"product_tag":[],"class_list":{"0":"post-26443","1":"product","2":"type-product","3":"status-publish","4":"has-post-thumbnail","6":"product_brand-rutland","7":"product_cat-produits-nettoyants-de-foyer","8":"product_cat-cheminees-pieces-accessoires","10":"first","11":"instock","12":"taxable","13":"shipping-taxable","14":"purchasable","15":"product-type-simple"},"yoast_head":"<!-- This site is optimized with the Yoast SEO Premium plugin v24.2 (Yoast SEO v24.2) - https:\/\/yoast.com\/wordpress\/plugins\/seo\/ -->\n<title>Poli pour po\u00eale William&#039;s\u00ae de Rutland - Groupe BelleFlamme<\/title>\n<meta name=\"description\" content=\"Poli pour po\u00eale William&#039;s\u00ae de Rutland vendu et install\u00e9 par le Groupe Belleflamme. Laval, Montr\u00e9al, Gatineau, Drummondville et Saint-Sauveur.\" \/>\n<meta name=\"robots\" content=\"index, follow, max-snippet:-1, max-image-preview:large, max-video-preview:-1\" \/>\n<link rel=\"canonical\" href=\"https:\/\/staging.belleflamme.ca\/fr\/produit\/poli-pour-poele-williams-de-rutland\/\" \/>\n<meta property=\"og:locale\" content=\"fr_FR\" \/>\n<meta property=\"og:type\" content=\"article\" \/>\n<meta property=\"og:title\" content=\"Poli pour po\u00eale William&#039;s\u00ae de Rutland\" \/>\n<meta property=\"og:description\" content=\"Poli pour po\u00eale William&#039;s\u00ae de Rutland vendu et install\u00e9 par le Groupe Belleflamme. Laval, Montr\u00e9al, Gatineau, Drummondville et Saint-Sauveur.\" \/>\n<meta property=\"og:url\" content=\"https:\/\/staging.belleflamme.ca\/fr\/produit\/poli-pour-poele-williams-de-rutland\/\" \/>\n<meta property=\"og:site_name\" content=\"Groupe BelleFlamme\" \/>\n<meta property=\"article:publisher\" content=\"https:\/\/www.facebook.com\/belleflamme.ca\/\" \/>\n<meta property=\"article:modified_time\" content=\"2024-01-18T15:21:04+00:00\" \/>\n<meta property=\"og:image\" content=\"https:\/\/www.belleflamme.ca\/wp-content\/uploads\/2024\/01\/Poli-pour-poele-Williams-de-Rutland.webp\" \/>\n\t<meta property=\"og:image:width\" content=\"600\" \/>\n\t<meta property=\"og:image:height\" content=\"600\" \/>\n\t<meta property=\"og:image:type\" content=\"image\/webp\" \/>\n<meta name=\"twitter:card\" content=\"summary_large_image\" \/>\n<meta name=\"twitter:label1\" content=\"Prix\" \/>\n\t<meta name=\"twitter:data1\" content=\"&#036;11.00\" \/>\n\t<meta name=\"twitter:label2\" content=\"Disponibilit\u00e9\" \/>\n\t<meta name=\"twitter:data2\" content=\"En stock\" \/>\n<script type=\"application\/ld+json\" class=\"yoast-schema-graph\">{\"@context\":\"https:\/\/schema.org\",\"@graph\":[{\"@type\":[\"WebPage\",\"ItemPage\"],\"@id\":\"https:\/\/staging.belleflamme.ca\/fr\/produit\/poli-pour-poele-williams-de-rutland\/\",\"url\":\"https:\/\/staging.belleflamme.ca\/fr\/produit\/poli-pour-poele-williams-de-rutland\/\",\"name\":\"Poli pour po\u00eale William's\u00ae de Rutland - Groupe BelleFlamme\",\"isPartOf\":{\"@id\":\"https:\/\/www.belleflamme.ca\/fr\/#website\"},\"primaryImageOfPage\":{\"@id\":\"https:\/\/staging.belleflamme.ca\/fr\/produit\/poli-pour-poele-williams-de-rutland\/#primaryimage\"},\"image\":{\"@id\":\"https:\/\/staging.belleflamme.ca\/fr\/produit\/poli-pour-poele-williams-de-rutland\/#primaryimage\"},\"thumbnailUrl\":\"https:\/\/staging.belleflamme.ca\/wp-content\/uploads\/2024\/01\/Poli-pour-poele-Williams-de-Rutland.webp\",\"datePublished\":\"2024-01-15T22:50:33+00:00\",\"dateModified\":\"2024-01-18T15:21:04+00:00\",\"description\":\"Poli pour po\u00eale William's\u00ae de Rutland [get_meta_en_fr]\",\"breadcrumb\":{\"@id\":\"https:\/\/staging.belleflamme.ca\/fr\/produit\/poli-pour-poele-williams-de-rutland\/#breadcrumb\"},\"inLanguage\":\"fr-FR\",\"potentialAction\":[{\"@type\":\"ReadAction\",\"target\":[\"https:\/\/staging.belleflamme.ca\/fr\/produit\/poli-pour-poele-williams-de-rutland\/\"]}]},{\"@type\":\"ImageObject\",\"inLanguage\":\"fr-FR\",\"@id\":\"https:\/\/staging.belleflamme.ca\/fr\/produit\/poli-pour-poele-williams-de-rutland\/#primaryimage\",\"url\":\"https:\/\/staging.belleflamme.ca\/wp-content\/uploads\/2024\/01\/Poli-pour-poele-Williams-de-Rutland.webp\",\"contentUrl\":\"https:\/\/staging.belleflamme.ca\/wp-content\/uploads\/2024\/01\/Poli-pour-poele-Williams-de-Rutland.webp\",\"width\":600,\"height\":600,\"caption\":\"Poli pour po\u00eale William's\u00ae de Rutland\"},{\"@type\":\"BreadcrumbList\",\"@id\":\"https:\/\/staging.belleflamme.ca\/fr\/produit\/poli-pour-poele-williams-de-rutland\/#breadcrumb\",\"itemListElement\":[{\"@type\":\"ListItem\",\"position\":1,\"name\":\"Accueil\",\"item\":\"https:\/\/www.belleflamme.ca\/fr\/\"},{\"@type\":\"ListItem\",\"position\":2,\"name\":\"Boutique\",\"item\":\"https:\/\/www.belleflamme.ca\/fr\/boutique\/\"},{\"@type\":\"ListItem\",\"position\":3,\"name\":\"Chemin\u00e9es, Pi\u00e8ces &amp; Accessoires\",\"item\":\"https:\/\/staging.belleflamme.ca\/fr\/categories\/cheminees-pieces-accessoires\/\"},{\"@type\":\"ListItem\",\"position\":4,\"name\":\"Produits Nettoyants de Foyer\",\"item\":\"https:\/\/staging.belleflamme.ca\/fr\/categories\/cheminees-pieces-accessoires\/produits-nettoyants-de-foyer\/\"},{\"@type\":\"ListItem\",\"position\":5,\"name\":\"Poli pour po\u00eale William&#8217;s\u00ae de Rutland\"}]},{\"@type\":\"WebSite\",\"@id\":\"https:\/\/www.belleflamme.ca\/fr\/#website\",\"url\":\"https:\/\/www.belleflamme.ca\/fr\/\",\"name\":\"Groupe Belleflamme\",\"description\":\"La m\u00e9canique du b\u00e2timent dans le sang.\",\"publisher\":{\"@id\":\"https:\/\/www.belleflamme.ca\/fr\/#organization\"},\"potentialAction\":[{\"@type\":\"SearchAction\",\"target\":{\"@type\":\"EntryPoint\",\"urlTemplate\":\"https:\/\/www.belleflamme.ca\/fr\/?s={search_term_string}\"},\"query-input\":{\"@type\":\"PropertyValueSpecification\",\"valueRequired\":true,\"valueName\":\"search_term_string\"}}],\"inLanguage\":\"fr-FR\"},{\"@type\":[\"Organization\",\"Place\"],\"@id\":\"https:\/\/www.belleflamme.ca\/fr\/#organization\",\"name\":\"Groupe Belleflamme\",\"alternateName\":\"Belleflamme\",\"url\":\"https:\/\/www.belleflamme.ca\/fr\/\",\"logo\":{\"@type\":\"ImageObject\",\"inLanguage\":\"fr-FR\",\"@id\":\"https:\/\/www.belleflamme.ca\/fr\/#\/schema\/logo\/image\/\",\"url\":\"https:\/\/staging.belleflamme.ca\/wp-content\/uploads\/2023\/01\/og-image.jpg\",\"contentUrl\":\"https:\/\/staging.belleflamme.ca\/wp-content\/uploads\/2023\/01\/og-image.jpg\",\"width\":1200,\"height\":630,\"caption\":\"Groupe Belleflamme\"},\"image\":{\"@id\":\"https:\/\/www.belleflamme.ca\/fr\/#\/schema\/logo\/image\/\"},\"sameAs\":[\"https:\/\/www.facebook.com\/belleflamme.ca\/\",\"https:\/\/www.linkedin.com\/company\/belleflamme\/\",\"https:\/\/www.pinterest.ca\/groupebelleflamme\/\",\"https:\/\/www.instagram.com\/legroupebelleflamme\/\"],\"mainEntityOfPage\":{\"@id\":\"https:\/\/staging.belleflamme.ca\/fr\/produit\/poli-pour-poele-williams-de-rutland\/\"}}]}<\/script>\n<meta property=\"product:brand\" content=\"Rutland\" \/>\n<meta property=\"product:price:amount\" content=\"11.00\" \/>\n<meta property=\"product:price:currency\" content=\"CAD\" \/>\n<meta property=\"og:availability\" content=\"instock\" \/>\n<meta property=\"product:availability\" content=\"instock\" \/>\n<meta property=\"product:retailer_item_id\" content=\"WI-00710\" \/>\n<meta property=\"product:condition\" content=\"new\" \/>\n<!-- \/ Yoast SEO Premium plugin. -->","yoast_head_json":{"title":"Poli pour po\u00eale William's\u00ae de Rutland - Groupe BelleFlamme","description":"Poli pour po\u00eale William's\u00ae de Rutland vendu et install\u00e9 par le Groupe Belleflamme. Laval, Montr\u00e9al, Gatineau, Drummondville et Saint-Sauveur.","robots":{"index":"index","follow":"follow","max-snippet":"max-snippet:-1","max-image-preview":"max-image-preview:large","max-video-preview":"max-video-preview:-1"},"canonical":"https:\/\/staging.belleflamme.ca\/fr\/produit\/poli-pour-poele-williams-de-rutland\/","og_locale":"fr_FR","og_type":"article","og_title":"Poli pour po\u00eale William's\u00ae de Rutland","og_description":"Poli pour po\u00eale William's\u00ae de Rutland vendu et install\u00e9 par le Groupe Belleflamme. Laval, Montr\u00e9al, Gatineau, Drummondville et Saint-Sauveur.","og_url":"https:\/\/staging.belleflamme.ca\/fr\/produit\/poli-pour-poele-williams-de-rutland\/","og_site_name":"Groupe BelleFlamme","article_publisher":"https:\/\/www.facebook.com\/belleflamme.ca\/","article_modified_time":"2024-01-18T15:21:04+00:00","og_image":[{"width":600,"height":600,"url":"https:\/\/www.belleflamme.ca\/wp-content\/uploads\/2024\/01\/Poli-pour-poele-Williams-de-Rutland.webp","type":"image\/webp"}],"twitter_card":"summary_large_image","twitter_misc":{"Prix":"&#36;11.00","Disponibilit\u00e9":"En stock"},"schema":{"@context":"https:\/\/schema.org","@graph":[{"@type":["WebPage","ItemPage"],"@id":"https:\/\/staging.belleflamme.ca\/fr\/produit\/poli-pour-poele-williams-de-rutland\/","url":"https:\/\/staging.belleflamme.ca\/fr\/produit\/poli-pour-poele-williams-de-rutland\/","name":"Poli pour po\u00eale William's\u00ae de Rutland - Groupe BelleFlamme","isPartOf":{"@id":"https:\/\/www.belleflamme.ca\/fr\/#website"},"primaryImageOfPage":{"@id":"https:\/\/staging.belleflamme.ca\/fr\/produit\/poli-pour-poele-williams-de-rutland\/#primaryimage"},"image":{"@id":"https:\/\/staging.belleflamme.ca\/fr\/produit\/poli-pour-poele-williams-de-rutland\/#primaryimage"},"thumbnailUrl":"https:\/\/staging.belleflamme.ca\/wp-content\/uploads\/2024\/01\/Poli-pour-poele-Williams-de-Rutland.webp","datePublished":"2024-01-15T22:50:33+00:00","dateModified":"2024-01-18T15:21:04+00:00","description":"Poli pour po\u00eale William's\u00ae de Rutland [get_meta_en_fr]","breadcrumb":{"@id":"https:\/\/staging.belleflamme.ca\/fr\/produit\/poli-pour-poele-williams-de-rutland\/#breadcrumb"},"inLanguage":"fr-FR","potentialAction":[{"@type":"ReadAction","target":["https:\/\/staging.belleflamme.ca\/fr\/produit\/poli-pour-poele-williams-de-rutland\/"]}]},{"@type":"ImageObject","inLanguage":"fr-FR","@id":"https:\/\/staging.belleflamme.ca\/fr\/produit\/poli-pour-poele-williams-de-rutland\/#primaryimage","url":"https:\/\/staging.belleflamme.ca\/wp-content\/uploads\/2024\/01\/Poli-pour-poele-Williams-de-Rutland.webp","contentUrl":"https:\/\/staging.belleflamme.ca\/wp-content\/uploads\/2024\/01\/Poli-pour-poele-Williams-de-Rutland.webp","width":600,"height":600,"caption":"Poli pour po\u00eale William's\u00ae de Rutland"},{"@type":"BreadcrumbList","@id":"https:\/\/staging.belleflamme.ca\/fr\/produit\/poli-pour-poele-williams-de-rutland\/#breadcrumb","itemListElement":[{"@type":"ListItem","position":1,"name":"Accueil","item":"https:\/\/www.belleflamme.ca\/fr\/"},{"@type":"ListItem","position":2,"name":"Boutique","item":"https:\/\/www.belleflamme.ca\/fr\/boutique\/"},{"@type":"ListItem","position":3,"name":"Chemin\u00e9es, Pi\u00e8ces &amp; Accessoires","item":"https:\/\/staging.belleflamme.ca\/fr\/categories\/cheminees-pieces-accessoires\/"},{"@type":"ListItem","position":4,"name":"Produits Nettoyants de Foyer","item":"https:\/\/staging.belleflamme.ca\/fr\/categories\/cheminees-pieces-accessoires\/produits-nettoyants-de-foyer\/"},{"@type":"ListItem","position":5,"name":"Poli pour po\u00eale William&#8217;s\u00ae de Rutland"}]},{"@type":"WebSite","@id":"https:\/\/www.belleflamme.ca\/fr\/#website","url":"https:\/\/www.belleflamme.ca\/fr\/","name":"Groupe Belleflamme","description":"La m\u00e9canique du b\u00e2timent dans le sang.","publisher":{"@id":"https:\/\/www.belleflamme.ca\/fr\/#organization"},"potentialAction":[{"@type":"SearchAction","target":{"@type":"EntryPoint","urlTemplate":"https:\/\/www.belleflamme.ca\/fr\/?s={search_term_string}"},"query-input":{"@type":"PropertyValueSpecification","valueRequired":true,"valueName":"search_term_string"}}],"inLanguage":"fr-FR"},{"@type":["Organization","Place"],"@id":"https:\/\/www.belleflamme.ca\/fr\/#organization","name":"Groupe Belleflamme","alternateName":"Belleflamme","url":"https:\/\/www.belleflamme.ca\/fr\/","logo":{"@type":"ImageObject","inLanguage":"fr-FR","@id":"https:\/\/www.belleflamme.ca\/fr\/#\/schema\/logo\/image\/","url":"https:\/\/staging.belleflamme.ca\/wp-content\/uploads\/2023\/01\/og-image.jpg","contentUrl":"https:\/\/staging.belleflamme.ca\/wp-content\/uploads\/2023\/01\/og-image.jpg","width":1200,"height":630,"caption":"Groupe Belleflamme"},"image":{"@id":"https:\/\/www.belleflamme.ca\/fr\/#\/schema\/logo\/image\/"},"sameAs":["https:\/\/www.facebook.com\/belleflamme.ca\/","https:\/\/www.linkedin.com\/company\/belleflamme\/","https:\/\/www.pinterest.ca\/groupebelleflamme\/","https:\/\/www.instagram.com\/legroupebelleflamme\/"],"mainEntityOfPage":{"@id":"https:\/\/staging.belleflamme.ca\/fr\/produit\/poli-pour-poele-williams-de-rutland\/"}}]},"product_brand":"Rutland","product_price_amount":"11.00","product_price_currency":"CAD","og_availability":"instock","product_availability":"instock","product_retailer_item_id":"WI-00710","product_condition":"new"},"_links":{"self":[{"href":"https:\/\/staging.belleflamme.ca\/fr\/wp-json\/wp\/v2\/product\/26443","targetHints":{"allow":["GET"]}}],"collection":[{"href":"https:\/\/staging.belleflamme.ca\/fr\/wp-json\/wp\/v2\/product"}],"about":[{"href":"https:\/\/staging.belleflamme.ca\/fr\/wp-json\/wp\/v2\/types\/product"}],"version-history":[{"count":5,"href":"https:\/\/staging.belleflamme.ca\/fr\/wp-json\/wp\/v2\/product\/26443\/revisions"}],"predecessor-version":[{"id":27175,"href":"https:\/\/staging.belleflamme.ca\/fr\/wp-json\/wp\/v2\/product\/26443\/revisions\/27175"}],"wp:featuredmedia":[{"embeddable":true,"href":"https:\/\/staging.belleflamme.ca\/fr\/wp-json\/wp\/v2\/media\/26444"}],"wp:attachment":[{"href":"https:\/\/staging.belleflamme.ca\/fr\/wp-json\/wp\/v2\/media?parent=26443"}],"wp:term":[{"taxonomy":"product_brand","embeddable":true,"href":"https:\/\/staging.belleflamme.ca\/fr\/wp-json\/wp\/v2\/product_brand?post=26443"},{"taxonomy":"product_cat","embeddable":true,"href":"https:\/\/staging.belleflamme.ca\/fr\/wp-json\/wp\/v2\/product_cat?post=26443"},{"taxonomy":"product_tag","embeddable":true,"href":"https:\/\/staging.belleflamme.ca\/fr\/wp-json\/wp\/v2\/product_tag?post=26443"}],"curies":[{"name":"wp","href":"https:\/\/api.w.org\/{rel}","templated":true}]}}