{"id":26390,"date":"2024-01-15T17:08:24","date_gmt":"2024-01-15T22:08:24","guid":{"rendered":"https:\/\/www.belleflamme.ca\/?post_type=product&#038;p=26390"},"modified":"2024-01-15T17:08:26","modified_gmt":"2024-01-15T22:08:26","slug":"joint-de-fenetre-de-poele-grapho-glas-de-rutland","status":"publish","type":"product","link":"https:\/\/staging.belleflamme.ca\/fr\/produit\/joint-de-fenetre-de-poele-grapho-glas-de-rutland\/","title":{"rendered":"Joint de fen\u00eatre de po\u00eale Grapho-Glas\u00ae de Rutland"},"content":{"rendered":"<p class=\"p1\"><strong><span>Les joints de fen\u00eatre de po\u00eale\u00a0RUTLAND Grapho-Glas\u00a0<\/span><span class=\"TextRun SCXW77151429 BCX0\" lang=\"EN-US\" xml:lang=\"EN-US\" data-contrast=\"auto\"><span class=\"NormalTextRun SCXW77151429 BCX0\"><span>\u00ae<\/span><\/span><\/span><\/strong><span>\u00a0sont con\u00e7us pour sceller solidement les vitres de fen\u00eatre de po\u00eale dans les portes et ouvertures de po\u00eale.\u00a0Application facile en retirant le papier protecteur et en enroulant le ruban adh\u00e9sif sur le bord du verre pour le fixer.\u00a0Aucun ciment suppl\u00e9mentaire n&#8217;est n\u00e9cessaire.<\/span><\/p>\n<ul>\n<li class=\"p1\"><span>Disponible en noir avec graphite ou blanc<\/span><\/li>\n<li><span>Temp\u00e9rature nominale jusqu&#8217;\u00e0 1 000\u00a0<\/span><span class=\"TextRun SCXW27319022 BCX0\" lang=\"EN-US\" xml:lang=\"EN-US\" data-contrast=\"auto\"><span class=\"NormalTextRun SCXW27319022 BCX0\"><span>\u00b0F (530 \u00b0C)\u00a0<\/span><\/span><\/span><\/li>\n<li class=\"p1\"><span>4&#8217;6&#8243; de longueur x 11\/16&#8243; de largeur x 13\/16&#8243; de largeur<\/span><\/li>\n<\/ul>\n<p><em><strong>D\u00e9tails des produits\u00a0<\/strong><\/em><\/p>\n<p class=\"p1\"><span>4&#8217;6\u2033 de longueur x 11\/16\u2033 de largeur x 3\/16&#8243; d&#8217;\u00e9paisseur\u00a0<\/span><\/p>\n<ul>\n<li><strong><span>Poids :\u00a0<\/span><\/strong><span>\u00a00,5 lb<\/span><\/li>\n<li><strong><span>Dimensions\u00a0:\u00a0<\/span><\/strong><span>\u00a014,13 \u00d7 4,13 \u00d7 5,63 pouces<\/span><\/li>\n<\/ul>\n<p class=\"p1\"><span>Bobine de 80\u2032 de longueur x 11\/16\u2033 de largeur<\/span><\/p>\n<ul>\n<li><strong><span>CUP\u00a0:\u00a0<\/span><\/strong><span>\u00a0022624-00727-2<\/span><\/li>\n<li><strong><span>Poids :<\/span><\/strong><span>\u00a0\u00a04 livres<\/span><\/li>\n<li><strong><span>Dimensions\u00a0:<\/span><\/strong><span>\u00a0\u00a016 \u00d7 16 \u00d7 1 po<\/span><\/li>\n<\/ul>\n<p class=\"p1\"><span>Bobine de 80\u2032 de longueur x 13\/16\u2033 de largeur<\/span><\/p>\n<ul>\n<li><strong><span>CUP\u00a0:\u00a0<\/span><\/strong><span>\u00a0022624-16727-3<\/span><\/li>\n<li><strong><span>Poids :\u00a0<\/span><\/strong><span>\u00a05 livres<\/span><\/li>\n<li><strong><span>Dimensions\u00a0:\u00a0<\/span><\/strong><span>\u00a016 \u00d7 16 \u00d7 1 po<\/span><\/li>\n<\/ul>\n<p class=\"p1\"><span>Longueur de bobine de 90\u2032 x largeur de 13\/16\u2033<\/span><\/p>\n<ul>\n<li><strong><span>CUP\u00a0:\u00a0<\/span><\/strong><span>\u00a0022624-00729-6<\/span><\/li>\n<li><strong><span>Poids :\u00a0<\/span><\/strong><span>\u00a05 livres<\/span><\/li>\n<li><strong><span>Dimensions\u00a0:\u00a0<\/span><\/strong><span>\u00a016 \u00d7 16 \u00d7 1 po<\/span><\/li>\n<\/ul>\n","protected":false},"excerpt":{"rendered":"<p>Les joints de fen\u00eatre de po\u00eale\u00a0RUTLAND Grapho-Glas\u00a0\u00ae\u00a0sont con\u00e7us pour sceller solidement les vitres de fen\u00eatre de po\u00eale dans les portes et ouvertures de po\u00eale.\u00a0Application facile en retirant le papier protecteur et en enroulant le ruban adh\u00e9sif sur le bord du verre pour le fixer.\u00a0Aucun ciment suppl\u00e9mentaire n&#8217;est n\u00e9cessaire. Disponible en noir avec graphite ou blanc [&hellip;]<\/p>\n","protected":false},"featured_media":26397,"template":"","meta":{"inline_featured_image":false},"product_brand":[885],"product_cat":[96,45],"product_tag":[],"class_list":{"0":"post-26390","1":"product","2":"type-product","3":"status-publish","4":"has-post-thumbnail","6":"product_brand-rutland","7":"product_cat-pieces-accessoires","8":"product_cat-cheminees-pieces-accessoires","10":"first","11":"instock","12":"taxable","13":"shipping-taxable","14":"purchasable","15":"product-type-variable"},"yoast_head":"<!-- This site is optimized with the Yoast SEO Premium plugin v24.2 (Yoast SEO v24.2) - https:\/\/yoast.com\/wordpress\/plugins\/seo\/ -->\n<title>Joint de fen\u00eatre de po\u00eale Grapho-Glas\u00ae de Rutland - Groupe BelleFlamme<\/title>\n<meta name=\"description\" content=\"Joint de fen\u00eatre de po\u00eale Grapho-Glas\u00ae de Rutland vendu et install\u00e9 par le Groupe Belleflamme. Laval, Montr\u00e9al, Gatineau, Drummondville et Saint-Sauveur.\" \/>\n<meta name=\"robots\" content=\"index, follow, max-snippet:-1, max-image-preview:large, max-video-preview:-1\" \/>\n<link rel=\"canonical\" href=\"https:\/\/staging.belleflamme.ca\/fr\/produit\/joint-de-fenetre-de-poele-grapho-glas-de-rutland\/\" \/>\n<meta property=\"og:locale\" content=\"fr_FR\" \/>\n<meta property=\"og:type\" content=\"article\" \/>\n<meta property=\"og:title\" content=\"Joint de fen\u00eatre de po\u00eale Grapho-Glas\u00ae de Rutland\" \/>\n<meta property=\"og:description\" content=\"Joint de fen\u00eatre de po\u00eale Grapho-Glas\u00ae de Rutland vendu et install\u00e9 par le Groupe Belleflamme. Laval, Montr\u00e9al, Gatineau, Drummondville et Saint-Sauveur.\" \/>\n<meta property=\"og:url\" content=\"https:\/\/staging.belleflamme.ca\/fr\/produit\/joint-de-fenetre-de-poele-grapho-glas-de-rutland\/\" \/>\n<meta property=\"og:site_name\" content=\"Groupe BelleFlamme\" \/>\n<meta property=\"article:publisher\" content=\"https:\/\/www.facebook.com\/belleflamme.ca\/\" \/>\n<meta property=\"article:modified_time\" content=\"2024-01-15T22:08:26+00:00\" \/>\n<meta property=\"og:image\" content=\"https:\/\/www.belleflamme.ca\/wp-content\/uploads\/2024\/01\/Joint-de-fenetre-de-poele-Grapho-Glas-de-rutland.webp\" \/>\n\t<meta property=\"og:image:width\" content=\"600\" \/>\n\t<meta property=\"og:image:height\" content=\"600\" \/>\n\t<meta property=\"og:image:type\" content=\"image\/webp\" \/>\n<meta name=\"twitter:card\" content=\"summary_large_image\" \/>\n<meta name=\"twitter:label1\" content=\"Disponibilit\u00e9\" \/>\n\t<meta name=\"twitter:data1\" content=\"En stock\" \/>\n<script type=\"application\/ld+json\" class=\"yoast-schema-graph\">{\"@context\":\"https:\/\/schema.org\",\"@graph\":[{\"@type\":[\"WebPage\",\"ItemPage\"],\"@id\":\"https:\/\/staging.belleflamme.ca\/fr\/produit\/joint-de-fenetre-de-poele-grapho-glas-de-rutland\/\",\"url\":\"https:\/\/staging.belleflamme.ca\/fr\/produit\/joint-de-fenetre-de-poele-grapho-glas-de-rutland\/\",\"name\":\"Joint de fen\u00eatre de po\u00eale Grapho-Glas\u00ae de Rutland - Groupe BelleFlamme\",\"isPartOf\":{\"@id\":\"https:\/\/www.belleflamme.ca\/fr\/#website\"},\"primaryImageOfPage\":{\"@id\":\"https:\/\/staging.belleflamme.ca\/fr\/produit\/joint-de-fenetre-de-poele-grapho-glas-de-rutland\/#primaryimage\"},\"image\":{\"@id\":\"https:\/\/staging.belleflamme.ca\/fr\/produit\/joint-de-fenetre-de-poele-grapho-glas-de-rutland\/#primaryimage\"},\"thumbnailUrl\":\"https:\/\/staging.belleflamme.ca\/wp-content\/uploads\/2024\/01\/Joint-de-fenetre-de-poele-Grapho-Glas-de-rutland.webp\",\"datePublished\":\"2024-01-15T22:08:24+00:00\",\"dateModified\":\"2024-01-15T22:08:26+00:00\",\"description\":\"Joint de fen\u00eatre de po\u00eale Grapho-Glas\u00ae de Rutland [get_meta_en_fr]\",\"breadcrumb\":{\"@id\":\"https:\/\/staging.belleflamme.ca\/fr\/produit\/joint-de-fenetre-de-poele-grapho-glas-de-rutland\/#breadcrumb\"},\"inLanguage\":\"fr-FR\",\"potentialAction\":[{\"@type\":\"ReadAction\",\"target\":[\"https:\/\/staging.belleflamme.ca\/fr\/produit\/joint-de-fenetre-de-poele-grapho-glas-de-rutland\/\"]}]},{\"@type\":\"ImageObject\",\"inLanguage\":\"fr-FR\",\"@id\":\"https:\/\/staging.belleflamme.ca\/fr\/produit\/joint-de-fenetre-de-poele-grapho-glas-de-rutland\/#primaryimage\",\"url\":\"https:\/\/staging.belleflamme.ca\/wp-content\/uploads\/2024\/01\/Joint-de-fenetre-de-poele-Grapho-Glas-de-rutland.webp\",\"contentUrl\":\"https:\/\/staging.belleflamme.ca\/wp-content\/uploads\/2024\/01\/Joint-de-fenetre-de-poele-Grapho-Glas-de-rutland.webp\",\"width\":600,\"height\":600,\"caption\":\"Joint de fen\u00eatre de po\u00eale Grapho-Glas de rutland\"},{\"@type\":\"BreadcrumbList\",\"@id\":\"https:\/\/staging.belleflamme.ca\/fr\/produit\/joint-de-fenetre-de-poele-grapho-glas-de-rutland\/#breadcrumb\",\"itemListElement\":[{\"@type\":\"ListItem\",\"position\":1,\"name\":\"Accueil\",\"item\":\"https:\/\/www.belleflamme.ca\/fr\/\"},{\"@type\":\"ListItem\",\"position\":2,\"name\":\"Boutique\",\"item\":\"https:\/\/www.belleflamme.ca\/fr\/boutique\/\"},{\"@type\":\"ListItem\",\"position\":3,\"name\":\"Chemin\u00e9es, Pi\u00e8ces &amp; Accessoires\",\"item\":\"https:\/\/staging.belleflamme.ca\/fr\/categories\/cheminees-pieces-accessoires\/\"},{\"@type\":\"ListItem\",\"position\":4,\"name\":\"Pi\u00e8ces &amp; Accessoires\",\"item\":\"https:\/\/staging.belleflamme.ca\/fr\/categories\/cheminees-pieces-accessoires\/pieces-accessoires\/\"},{\"@type\":\"ListItem\",\"position\":5,\"name\":\"Joint de fen\u00eatre de po\u00eale Grapho-Glas\u00ae de Rutland\"}]},{\"@type\":\"WebSite\",\"@id\":\"https:\/\/www.belleflamme.ca\/fr\/#website\",\"url\":\"https:\/\/www.belleflamme.ca\/fr\/\",\"name\":\"Groupe Belleflamme\",\"description\":\"La m\u00e9canique du b\u00e2timent dans le sang.\",\"publisher\":{\"@id\":\"https:\/\/www.belleflamme.ca\/fr\/#organization\"},\"potentialAction\":[{\"@type\":\"SearchAction\",\"target\":{\"@type\":\"EntryPoint\",\"urlTemplate\":\"https:\/\/www.belleflamme.ca\/fr\/?s={search_term_string}\"},\"query-input\":{\"@type\":\"PropertyValueSpecification\",\"valueRequired\":true,\"valueName\":\"search_term_string\"}}],\"inLanguage\":\"fr-FR\"},{\"@type\":[\"Organization\",\"Place\"],\"@id\":\"https:\/\/www.belleflamme.ca\/fr\/#organization\",\"name\":\"Groupe Belleflamme\",\"alternateName\":\"Belleflamme\",\"url\":\"https:\/\/www.belleflamme.ca\/fr\/\",\"logo\":{\"@type\":\"ImageObject\",\"inLanguage\":\"fr-FR\",\"@id\":\"https:\/\/www.belleflamme.ca\/fr\/#\/schema\/logo\/image\/\",\"url\":\"https:\/\/staging.belleflamme.ca\/wp-content\/uploads\/2023\/01\/og-image.jpg\",\"contentUrl\":\"https:\/\/staging.belleflamme.ca\/wp-content\/uploads\/2023\/01\/og-image.jpg\",\"width\":1200,\"height\":630,\"caption\":\"Groupe Belleflamme\"},\"image\":{\"@id\":\"https:\/\/www.belleflamme.ca\/fr\/#\/schema\/logo\/image\/\"},\"sameAs\":[\"https:\/\/www.facebook.com\/belleflamme.ca\/\",\"https:\/\/www.linkedin.com\/company\/belleflamme\/\",\"https:\/\/www.pinterest.ca\/groupebelleflamme\/\",\"https:\/\/www.instagram.com\/legroupebelleflamme\/\"],\"mainEntityOfPage\":{\"@id\":\"https:\/\/staging.belleflamme.ca\/fr\/produit\/joint-de-fenetre-de-poele-grapho-glas-de-rutland\/\"}}]}<\/script>\n<meta property=\"product:brand\" content=\"Rutland\" \/>\n<meta property=\"og:availability\" content=\"instock\" \/>\n<meta property=\"product:availability\" content=\"instock\" \/>\n<meta property=\"product:condition\" content=\"new\" \/>\n<!-- \/ Yoast SEO Premium plugin. -->","yoast_head_json":{"title":"Joint de fen\u00eatre de po\u00eale Grapho-Glas\u00ae de Rutland - Groupe BelleFlamme","description":"Joint de fen\u00eatre de po\u00eale Grapho-Glas\u00ae de Rutland vendu et install\u00e9 par le Groupe Belleflamme. Laval, Montr\u00e9al, Gatineau, Drummondville et Saint-Sauveur.","robots":{"index":"index","follow":"follow","max-snippet":"max-snippet:-1","max-image-preview":"max-image-preview:large","max-video-preview":"max-video-preview:-1"},"canonical":"https:\/\/staging.belleflamme.ca\/fr\/produit\/joint-de-fenetre-de-poele-grapho-glas-de-rutland\/","og_locale":"fr_FR","og_type":"article","og_title":"Joint de fen\u00eatre de po\u00eale Grapho-Glas\u00ae de Rutland","og_description":"Joint de fen\u00eatre de po\u00eale Grapho-Glas\u00ae de Rutland vendu et install\u00e9 par le Groupe Belleflamme. Laval, Montr\u00e9al, Gatineau, Drummondville et Saint-Sauveur.","og_url":"https:\/\/staging.belleflamme.ca\/fr\/produit\/joint-de-fenetre-de-poele-grapho-glas-de-rutland\/","og_site_name":"Groupe BelleFlamme","article_publisher":"https:\/\/www.facebook.com\/belleflamme.ca\/","article_modified_time":"2024-01-15T22:08:26+00:00","og_image":[{"width":600,"height":600,"url":"https:\/\/www.belleflamme.ca\/wp-content\/uploads\/2024\/01\/Joint-de-fenetre-de-poele-Grapho-Glas-de-rutland.webp","type":"image\/webp"}],"twitter_card":"summary_large_image","twitter_misc":{"Disponibilit\u00e9":"En stock"},"schema":{"@context":"https:\/\/schema.org","@graph":[{"@type":["WebPage","ItemPage"],"@id":"https:\/\/staging.belleflamme.ca\/fr\/produit\/joint-de-fenetre-de-poele-grapho-glas-de-rutland\/","url":"https:\/\/staging.belleflamme.ca\/fr\/produit\/joint-de-fenetre-de-poele-grapho-glas-de-rutland\/","name":"Joint de fen\u00eatre de po\u00eale Grapho-Glas\u00ae de Rutland - Groupe BelleFlamme","isPartOf":{"@id":"https:\/\/www.belleflamme.ca\/fr\/#website"},"primaryImageOfPage":{"@id":"https:\/\/staging.belleflamme.ca\/fr\/produit\/joint-de-fenetre-de-poele-grapho-glas-de-rutland\/#primaryimage"},"image":{"@id":"https:\/\/staging.belleflamme.ca\/fr\/produit\/joint-de-fenetre-de-poele-grapho-glas-de-rutland\/#primaryimage"},"thumbnailUrl":"https:\/\/staging.belleflamme.ca\/wp-content\/uploads\/2024\/01\/Joint-de-fenetre-de-poele-Grapho-Glas-de-rutland.webp","datePublished":"2024-01-15T22:08:24+00:00","dateModified":"2024-01-15T22:08:26+00:00","description":"Joint de fen\u00eatre de po\u00eale Grapho-Glas\u00ae de Rutland [get_meta_en_fr]","breadcrumb":{"@id":"https:\/\/staging.belleflamme.ca\/fr\/produit\/joint-de-fenetre-de-poele-grapho-glas-de-rutland\/#breadcrumb"},"inLanguage":"fr-FR","potentialAction":[{"@type":"ReadAction","target":["https:\/\/staging.belleflamme.ca\/fr\/produit\/joint-de-fenetre-de-poele-grapho-glas-de-rutland\/"]}]},{"@type":"ImageObject","inLanguage":"fr-FR","@id":"https:\/\/staging.belleflamme.ca\/fr\/produit\/joint-de-fenetre-de-poele-grapho-glas-de-rutland\/#primaryimage","url":"https:\/\/staging.belleflamme.ca\/wp-content\/uploads\/2024\/01\/Joint-de-fenetre-de-poele-Grapho-Glas-de-rutland.webp","contentUrl":"https:\/\/staging.belleflamme.ca\/wp-content\/uploads\/2024\/01\/Joint-de-fenetre-de-poele-Grapho-Glas-de-rutland.webp","width":600,"height":600,"caption":"Joint de fen\u00eatre de po\u00eale Grapho-Glas de rutland"},{"@type":"BreadcrumbList","@id":"https:\/\/staging.belleflamme.ca\/fr\/produit\/joint-de-fenetre-de-poele-grapho-glas-de-rutland\/#breadcrumb","itemListElement":[{"@type":"ListItem","position":1,"name":"Accueil","item":"https:\/\/www.belleflamme.ca\/fr\/"},{"@type":"ListItem","position":2,"name":"Boutique","item":"https:\/\/www.belleflamme.ca\/fr\/boutique\/"},{"@type":"ListItem","position":3,"name":"Chemin\u00e9es, Pi\u00e8ces &amp; Accessoires","item":"https:\/\/staging.belleflamme.ca\/fr\/categories\/cheminees-pieces-accessoires\/"},{"@type":"ListItem","position":4,"name":"Pi\u00e8ces &amp; Accessoires","item":"https:\/\/staging.belleflamme.ca\/fr\/categories\/cheminees-pieces-accessoires\/pieces-accessoires\/"},{"@type":"ListItem","position":5,"name":"Joint de fen\u00eatre de po\u00eale Grapho-Glas\u00ae de Rutland"}]},{"@type":"WebSite","@id":"https:\/\/www.belleflamme.ca\/fr\/#website","url":"https:\/\/www.belleflamme.ca\/fr\/","name":"Groupe Belleflamme","description":"La m\u00e9canique du b\u00e2timent dans le sang.","publisher":{"@id":"https:\/\/www.belleflamme.ca\/fr\/#organization"},"potentialAction":[{"@type":"SearchAction","target":{"@type":"EntryPoint","urlTemplate":"https:\/\/www.belleflamme.ca\/fr\/?s={search_term_string}"},"query-input":{"@type":"PropertyValueSpecification","valueRequired":true,"valueName":"search_term_string"}}],"inLanguage":"fr-FR"},{"@type":["Organization","Place"],"@id":"https:\/\/www.belleflamme.ca\/fr\/#organization","name":"Groupe Belleflamme","alternateName":"Belleflamme","url":"https:\/\/www.belleflamme.ca\/fr\/","logo":{"@type":"ImageObject","inLanguage":"fr-FR","@id":"https:\/\/www.belleflamme.ca\/fr\/#\/schema\/logo\/image\/","url":"https:\/\/staging.belleflamme.ca\/wp-content\/uploads\/2023\/01\/og-image.jpg","contentUrl":"https:\/\/staging.belleflamme.ca\/wp-content\/uploads\/2023\/01\/og-image.jpg","width":1200,"height":630,"caption":"Groupe Belleflamme"},"image":{"@id":"https:\/\/www.belleflamme.ca\/fr\/#\/schema\/logo\/image\/"},"sameAs":["https:\/\/www.facebook.com\/belleflamme.ca\/","https:\/\/www.linkedin.com\/company\/belleflamme\/","https:\/\/www.pinterest.ca\/groupebelleflamme\/","https:\/\/www.instagram.com\/legroupebelleflamme\/"],"mainEntityOfPage":{"@id":"https:\/\/staging.belleflamme.ca\/fr\/produit\/joint-de-fenetre-de-poele-grapho-glas-de-rutland\/"}}]},"product_brand":"Rutland","og_availability":"instock","product_availability":"instock","product_condition":"new"},"_links":{"self":[{"href":"https:\/\/staging.belleflamme.ca\/fr\/wp-json\/wp\/v2\/product\/26390","targetHints":{"allow":["GET"]}}],"collection":[{"href":"https:\/\/staging.belleflamme.ca\/fr\/wp-json\/wp\/v2\/product"}],"about":[{"href":"https:\/\/staging.belleflamme.ca\/fr\/wp-json\/wp\/v2\/types\/product"}],"version-history":[{"count":1,"href":"https:\/\/staging.belleflamme.ca\/fr\/wp-json\/wp\/v2\/product\/26390\/revisions"}],"predecessor-version":[{"id":26399,"href":"https:\/\/staging.belleflamme.ca\/fr\/wp-json\/wp\/v2\/product\/26390\/revisions\/26399"}],"wp:featuredmedia":[{"embeddable":true,"href":"https:\/\/staging.belleflamme.ca\/fr\/wp-json\/wp\/v2\/media\/26397"}],"wp:attachment":[{"href":"https:\/\/staging.belleflamme.ca\/fr\/wp-json\/wp\/v2\/media?parent=26390"}],"wp:term":[{"taxonomy":"product_brand","embeddable":true,"href":"https:\/\/staging.belleflamme.ca\/fr\/wp-json\/wp\/v2\/product_brand?post=26390"},{"taxonomy":"product_cat","embeddable":true,"href":"https:\/\/staging.belleflamme.ca\/fr\/wp-json\/wp\/v2\/product_cat?post=26390"},{"taxonomy":"product_tag","embeddable":true,"href":"https:\/\/staging.belleflamme.ca\/fr\/wp-json\/wp\/v2\/product_tag?post=26390"}],"curies":[{"name":"wp","href":"https:\/\/api.w.org\/{rel}","templated":true}]}}