{"id":26362,"date":"2024-01-15T16:52:12","date_gmt":"2024-01-15T21:52:12","guid":{"rendered":"https:\/\/www.belleflamme.ca\/?post_type=product&#038;p=26362"},"modified":"2024-01-15T16:52:34","modified_gmt":"2024-01-15T21:52:34","slug":"bobine-de-joint-rutland-grapho-glas-de-rutland","status":"publish","type":"product","link":"https:\/\/staging.belleflamme.ca\/fr\/produit\/bobine-de-joint-rutland-grapho-glas-de-rutland\/","title":{"rendered":"Bobine de joint Rutland Grapho-Glas\u00ae de Rutland"},"content":{"rendered":"<p><iframe title=\"YouTube video player\" src=\"https:\/\/www.youtube.com\/embed\/DySXNpeLTes?si=Ez8tCjOzwFA4FMit\" width=\"560\" height=\"315\" frameborder=\"0\" allowfullscreen=\"allowfullscreen\"><\/iframe><br \/>\nEn utilisant nos produits Rutland, vous pouvez maintenir votre \u00e9quipement de combustion en \u00e9tat de fonctionnement avec une efficacit\u00e9 maximale.\u00a0R\u00e9parez et entretenez votre foyer, chemin\u00e9e, po\u00eale \u00e0 bois ou po\u00eale \u00e0 gaz comme les bobines de joint Rutland Grapho-Glas\u00ae.<\/p>\n<p><em>Les bobines de joint RUTLAND\u00a0<\/em>\u00a0Grapho-Glas\u00ae contiennent des joints en fibre de verre tress\u00e9s impr\u00e9gn\u00e9s de graphite, con\u00e7us pour offrir une \u00e9tanch\u00e9it\u00e9, une protection et une long\u00e9vit\u00e9 sup\u00e9rieures.\u00a0R\u00e9siste \u00e9galement \u00e0 l&#8217;abrasion, \u00e0 l&#8217;adh\u00e9rence de la cr\u00e9osote et de la suie, ainsi qu&#8217;\u00e0 des temp\u00e9ratures allant jusqu&#8217;\u00e0 1 000 \u00b0F.\u00a0Utilis\u00e9 par les principaux fabricants de po\u00eales et pour remplacer les joints us\u00e9s des po\u00eales \u00e0 bois et \u00e0 charbon ou des inserts de chemin\u00e9e.\u00a0Le remplacement annuel des joints du po\u00eale garantit une \u00e9tanch\u00e9it\u00e9 parfaite pour un fonctionnement herm\u00e9tique et une efficacit\u00e9 maximale.<\/p>\n","protected":false},"excerpt":{"rendered":"<p>En utilisant nos produits Rutland, vous pouvez maintenir votre \u00e9quipement de combustion en \u00e9tat de fonctionnement avec une efficacit\u00e9 maximale.\u00a0R\u00e9parez et entretenez votre foyer, chemin\u00e9e, po\u00eale \u00e0 bois ou po\u00eale \u00e0 gaz comme les bobines de joint Rutland Grapho-Glas\u00ae. Les bobines de joint RUTLAND\u00a0\u00a0Grapho-Glas\u00ae contiennent des joints en fibre de verre tress\u00e9s impr\u00e9gn\u00e9s de graphite, [&hellip;]<\/p>\n","protected":false},"featured_media":26363,"template":"","meta":{"inline_featured_image":false},"product_brand":[885],"product_cat":[96,45],"product_tag":[],"class_list":{"0":"post-26362","1":"product","2":"type-product","3":"status-publish","4":"has-post-thumbnail","6":"product_brand-rutland","7":"product_cat-pieces-accessoires","8":"product_cat-cheminees-pieces-accessoires","10":"first","11":"instock","12":"taxable","13":"shipping-taxable","14":"purchasable","15":"product-type-variable"},"yoast_head":"<!-- This site is optimized with the Yoast SEO Premium plugin v24.2 (Yoast SEO v24.2) - https:\/\/yoast.com\/wordpress\/plugins\/seo\/ -->\n<title>Bobine de joint Rutland Grapho-Glas\u00ae de Rutland - Groupe BelleFlamme<\/title>\n<meta name=\"description\" content=\"Bobine de joint Rutland Grapho-Glas\u00ae de Rutland\" \/>\n<meta name=\"robots\" content=\"index, follow, max-snippet:-1, max-image-preview:large, max-video-preview:-1\" \/>\n<link rel=\"canonical\" href=\"https:\/\/staging.belleflamme.ca\/fr\/produit\/bobine-de-joint-rutland-grapho-glas-de-rutland\/\" \/>\n<meta property=\"og:locale\" content=\"fr_FR\" \/>\n<meta property=\"og:type\" content=\"article\" \/>\n<meta property=\"og:title\" content=\"Bobine de joint Rutland Grapho-Glas\u00ae de Rutland\" \/>\n<meta property=\"og:description\" content=\"Bobine de joint Rutland Grapho-Glas\u00ae de Rutland\" \/>\n<meta property=\"og:url\" content=\"https:\/\/staging.belleflamme.ca\/fr\/produit\/bobine-de-joint-rutland-grapho-glas-de-rutland\/\" \/>\n<meta property=\"og:site_name\" content=\"Groupe BelleFlamme\" \/>\n<meta property=\"article:publisher\" content=\"https:\/\/www.facebook.com\/belleflamme.ca\/\" \/>\n<meta property=\"article:modified_time\" content=\"2024-01-15T21:52:34+00:00\" \/>\n<meta property=\"og:image\" content=\"https:\/\/www.belleflamme.ca\/wp-content\/uploads\/2024\/01\/Rutland-Grapho-Glasr-Gasket-Spool.jpg\" \/>\n\t<meta property=\"og:image:width\" content=\"1024\" \/>\n\t<meta property=\"og:image:height\" content=\"1024\" \/>\n\t<meta property=\"og:image:type\" content=\"image\/jpeg\" \/>\n<meta name=\"twitter:card\" content=\"summary_large_image\" \/>\n<meta name=\"twitter:label1\" content=\"Disponibilit\u00e9\" \/>\n\t<meta name=\"twitter:data1\" content=\"En stock\" \/>\n<script type=\"application\/ld+json\" class=\"yoast-schema-graph\">{\"@context\":\"https:\/\/schema.org\",\"@graph\":[{\"@type\":[\"WebPage\",\"ItemPage\"],\"@id\":\"https:\/\/staging.belleflamme.ca\/fr\/produit\/bobine-de-joint-rutland-grapho-glas-de-rutland\/\",\"url\":\"https:\/\/staging.belleflamme.ca\/fr\/produit\/bobine-de-joint-rutland-grapho-glas-de-rutland\/\",\"name\":\"Bobine de joint Rutland Grapho-Glas\u00ae de Rutland - Groupe BelleFlamme\",\"isPartOf\":{\"@id\":\"https:\/\/www.belleflamme.ca\/fr\/#website\"},\"primaryImageOfPage\":{\"@id\":\"https:\/\/staging.belleflamme.ca\/fr\/produit\/bobine-de-joint-rutland-grapho-glas-de-rutland\/#primaryimage\"},\"image\":{\"@id\":\"https:\/\/staging.belleflamme.ca\/fr\/produit\/bobine-de-joint-rutland-grapho-glas-de-rutland\/#primaryimage\"},\"thumbnailUrl\":\"https:\/\/staging.belleflamme.ca\/wp-content\/uploads\/2024\/01\/Rutland-Grapho-Glasr-Gasket-Spool.jpg\",\"datePublished\":\"2024-01-15T21:52:12+00:00\",\"dateModified\":\"2024-01-15T21:52:34+00:00\",\"description\":\"Bobine de joint Rutland Grapho-Glas\u00ae de Rutland\",\"breadcrumb\":{\"@id\":\"https:\/\/staging.belleflamme.ca\/fr\/produit\/bobine-de-joint-rutland-grapho-glas-de-rutland\/#breadcrumb\"},\"inLanguage\":\"fr-FR\",\"potentialAction\":[{\"@type\":\"ReadAction\",\"target\":[\"https:\/\/staging.belleflamme.ca\/fr\/produit\/bobine-de-joint-rutland-grapho-glas-de-rutland\/\"]}]},{\"@type\":\"ImageObject\",\"inLanguage\":\"fr-FR\",\"@id\":\"https:\/\/staging.belleflamme.ca\/fr\/produit\/bobine-de-joint-rutland-grapho-glas-de-rutland\/#primaryimage\",\"url\":\"https:\/\/staging.belleflamme.ca\/wp-content\/uploads\/2024\/01\/Rutland-Grapho-Glasr-Gasket-Spool.jpg\",\"contentUrl\":\"https:\/\/staging.belleflamme.ca\/wp-content\/uploads\/2024\/01\/Rutland-Grapho-Glasr-Gasket-Spool.jpg\",\"width\":1024,\"height\":1024,\"caption\":\"Bobine de joint Rutland Grapho-Glas\u00ae\"},{\"@type\":\"BreadcrumbList\",\"@id\":\"https:\/\/staging.belleflamme.ca\/fr\/produit\/bobine-de-joint-rutland-grapho-glas-de-rutland\/#breadcrumb\",\"itemListElement\":[{\"@type\":\"ListItem\",\"position\":1,\"name\":\"Accueil\",\"item\":\"https:\/\/www.belleflamme.ca\/fr\/\"},{\"@type\":\"ListItem\",\"position\":2,\"name\":\"Boutique\",\"item\":\"https:\/\/www.belleflamme.ca\/fr\/boutique\/\"},{\"@type\":\"ListItem\",\"position\":3,\"name\":\"Chemin\u00e9es, Pi\u00e8ces &amp; Accessoires\",\"item\":\"https:\/\/staging.belleflamme.ca\/fr\/categories\/cheminees-pieces-accessoires\/\"},{\"@type\":\"ListItem\",\"position\":4,\"name\":\"Pi\u00e8ces &amp; Accessoires\",\"item\":\"https:\/\/staging.belleflamme.ca\/fr\/categories\/cheminees-pieces-accessoires\/pieces-accessoires\/\"},{\"@type\":\"ListItem\",\"position\":5,\"name\":\"Bobine de joint Rutland Grapho-Glas\u00ae de Rutland\"}]},{\"@type\":\"WebSite\",\"@id\":\"https:\/\/www.belleflamme.ca\/fr\/#website\",\"url\":\"https:\/\/www.belleflamme.ca\/fr\/\",\"name\":\"Groupe Belleflamme\",\"description\":\"La m\u00e9canique du b\u00e2timent dans le sang.\",\"publisher\":{\"@id\":\"https:\/\/www.belleflamme.ca\/fr\/#organization\"},\"potentialAction\":[{\"@type\":\"SearchAction\",\"target\":{\"@type\":\"EntryPoint\",\"urlTemplate\":\"https:\/\/www.belleflamme.ca\/fr\/?s={search_term_string}\"},\"query-input\":{\"@type\":\"PropertyValueSpecification\",\"valueRequired\":true,\"valueName\":\"search_term_string\"}}],\"inLanguage\":\"fr-FR\"},{\"@type\":[\"Organization\",\"Place\"],\"@id\":\"https:\/\/www.belleflamme.ca\/fr\/#organization\",\"name\":\"Groupe Belleflamme\",\"alternateName\":\"Belleflamme\",\"url\":\"https:\/\/www.belleflamme.ca\/fr\/\",\"logo\":{\"@type\":\"ImageObject\",\"inLanguage\":\"fr-FR\",\"@id\":\"https:\/\/www.belleflamme.ca\/fr\/#\/schema\/logo\/image\/\",\"url\":\"https:\/\/staging.belleflamme.ca\/wp-content\/uploads\/2023\/01\/og-image.jpg\",\"contentUrl\":\"https:\/\/staging.belleflamme.ca\/wp-content\/uploads\/2023\/01\/og-image.jpg\",\"width\":1200,\"height\":630,\"caption\":\"Groupe Belleflamme\"},\"image\":{\"@id\":\"https:\/\/www.belleflamme.ca\/fr\/#\/schema\/logo\/image\/\"},\"sameAs\":[\"https:\/\/www.facebook.com\/belleflamme.ca\/\",\"https:\/\/www.linkedin.com\/company\/belleflamme\/\",\"https:\/\/www.pinterest.ca\/groupebelleflamme\/\",\"https:\/\/www.instagram.com\/legroupebelleflamme\/\"],\"mainEntityOfPage\":{\"@id\":\"https:\/\/staging.belleflamme.ca\/fr\/produit\/bobine-de-joint-rutland-grapho-glas-de-rutland\/\"}}]}<\/script>\n<meta property=\"product:brand\" content=\"Rutland\" \/>\n<meta property=\"og:availability\" content=\"instock\" \/>\n<meta property=\"product:availability\" content=\"instock\" \/>\n<meta property=\"product:condition\" content=\"new\" \/>\n<!-- \/ Yoast SEO Premium plugin. -->","yoast_head_json":{"title":"Bobine de joint Rutland Grapho-Glas\u00ae de Rutland - Groupe BelleFlamme","description":"Bobine de joint Rutland Grapho-Glas\u00ae de Rutland","robots":{"index":"index","follow":"follow","max-snippet":"max-snippet:-1","max-image-preview":"max-image-preview:large","max-video-preview":"max-video-preview:-1"},"canonical":"https:\/\/staging.belleflamme.ca\/fr\/produit\/bobine-de-joint-rutland-grapho-glas-de-rutland\/","og_locale":"fr_FR","og_type":"article","og_title":"Bobine de joint Rutland Grapho-Glas\u00ae de Rutland","og_description":"Bobine de joint Rutland Grapho-Glas\u00ae de Rutland","og_url":"https:\/\/staging.belleflamme.ca\/fr\/produit\/bobine-de-joint-rutland-grapho-glas-de-rutland\/","og_site_name":"Groupe BelleFlamme","article_publisher":"https:\/\/www.facebook.com\/belleflamme.ca\/","article_modified_time":"2024-01-15T21:52:34+00:00","og_image":[{"width":1024,"height":1024,"url":"https:\/\/www.belleflamme.ca\/wp-content\/uploads\/2024\/01\/Rutland-Grapho-Glasr-Gasket-Spool.jpg","type":"image\/jpeg"}],"twitter_card":"summary_large_image","twitter_misc":{"Disponibilit\u00e9":"En stock"},"schema":{"@context":"https:\/\/schema.org","@graph":[{"@type":["WebPage","ItemPage"],"@id":"https:\/\/staging.belleflamme.ca\/fr\/produit\/bobine-de-joint-rutland-grapho-glas-de-rutland\/","url":"https:\/\/staging.belleflamme.ca\/fr\/produit\/bobine-de-joint-rutland-grapho-glas-de-rutland\/","name":"Bobine de joint Rutland Grapho-Glas\u00ae de Rutland - Groupe BelleFlamme","isPartOf":{"@id":"https:\/\/www.belleflamme.ca\/fr\/#website"},"primaryImageOfPage":{"@id":"https:\/\/staging.belleflamme.ca\/fr\/produit\/bobine-de-joint-rutland-grapho-glas-de-rutland\/#primaryimage"},"image":{"@id":"https:\/\/staging.belleflamme.ca\/fr\/produit\/bobine-de-joint-rutland-grapho-glas-de-rutland\/#primaryimage"},"thumbnailUrl":"https:\/\/staging.belleflamme.ca\/wp-content\/uploads\/2024\/01\/Rutland-Grapho-Glasr-Gasket-Spool.jpg","datePublished":"2024-01-15T21:52:12+00:00","dateModified":"2024-01-15T21:52:34+00:00","description":"Bobine de joint Rutland Grapho-Glas\u00ae de Rutland","breadcrumb":{"@id":"https:\/\/staging.belleflamme.ca\/fr\/produit\/bobine-de-joint-rutland-grapho-glas-de-rutland\/#breadcrumb"},"inLanguage":"fr-FR","potentialAction":[{"@type":"ReadAction","target":["https:\/\/staging.belleflamme.ca\/fr\/produit\/bobine-de-joint-rutland-grapho-glas-de-rutland\/"]}]},{"@type":"ImageObject","inLanguage":"fr-FR","@id":"https:\/\/staging.belleflamme.ca\/fr\/produit\/bobine-de-joint-rutland-grapho-glas-de-rutland\/#primaryimage","url":"https:\/\/staging.belleflamme.ca\/wp-content\/uploads\/2024\/01\/Rutland-Grapho-Glasr-Gasket-Spool.jpg","contentUrl":"https:\/\/staging.belleflamme.ca\/wp-content\/uploads\/2024\/01\/Rutland-Grapho-Glasr-Gasket-Spool.jpg","width":1024,"height":1024,"caption":"Bobine de joint Rutland Grapho-Glas\u00ae"},{"@type":"BreadcrumbList","@id":"https:\/\/staging.belleflamme.ca\/fr\/produit\/bobine-de-joint-rutland-grapho-glas-de-rutland\/#breadcrumb","itemListElement":[{"@type":"ListItem","position":1,"name":"Accueil","item":"https:\/\/www.belleflamme.ca\/fr\/"},{"@type":"ListItem","position":2,"name":"Boutique","item":"https:\/\/www.belleflamme.ca\/fr\/boutique\/"},{"@type":"ListItem","position":3,"name":"Chemin\u00e9es, Pi\u00e8ces &amp; Accessoires","item":"https:\/\/staging.belleflamme.ca\/fr\/categories\/cheminees-pieces-accessoires\/"},{"@type":"ListItem","position":4,"name":"Pi\u00e8ces &amp; Accessoires","item":"https:\/\/staging.belleflamme.ca\/fr\/categories\/cheminees-pieces-accessoires\/pieces-accessoires\/"},{"@type":"ListItem","position":5,"name":"Bobine de joint Rutland Grapho-Glas\u00ae de Rutland"}]},{"@type":"WebSite","@id":"https:\/\/www.belleflamme.ca\/fr\/#website","url":"https:\/\/www.belleflamme.ca\/fr\/","name":"Groupe Belleflamme","description":"La m\u00e9canique du b\u00e2timent dans le sang.","publisher":{"@id":"https:\/\/www.belleflamme.ca\/fr\/#organization"},"potentialAction":[{"@type":"SearchAction","target":{"@type":"EntryPoint","urlTemplate":"https:\/\/www.belleflamme.ca\/fr\/?s={search_term_string}"},"query-input":{"@type":"PropertyValueSpecification","valueRequired":true,"valueName":"search_term_string"}}],"inLanguage":"fr-FR"},{"@type":["Organization","Place"],"@id":"https:\/\/www.belleflamme.ca\/fr\/#organization","name":"Groupe Belleflamme","alternateName":"Belleflamme","url":"https:\/\/www.belleflamme.ca\/fr\/","logo":{"@type":"ImageObject","inLanguage":"fr-FR","@id":"https:\/\/www.belleflamme.ca\/fr\/#\/schema\/logo\/image\/","url":"https:\/\/staging.belleflamme.ca\/wp-content\/uploads\/2023\/01\/og-image.jpg","contentUrl":"https:\/\/staging.belleflamme.ca\/wp-content\/uploads\/2023\/01\/og-image.jpg","width":1200,"height":630,"caption":"Groupe Belleflamme"},"image":{"@id":"https:\/\/www.belleflamme.ca\/fr\/#\/schema\/logo\/image\/"},"sameAs":["https:\/\/www.facebook.com\/belleflamme.ca\/","https:\/\/www.linkedin.com\/company\/belleflamme\/","https:\/\/www.pinterest.ca\/groupebelleflamme\/","https:\/\/www.instagram.com\/legroupebelleflamme\/"],"mainEntityOfPage":{"@id":"https:\/\/staging.belleflamme.ca\/fr\/produit\/bobine-de-joint-rutland-grapho-glas-de-rutland\/"}}]},"product_brand":"Rutland","og_availability":"instock","product_availability":"instock","product_condition":"new"},"_links":{"self":[{"href":"https:\/\/staging.belleflamme.ca\/fr\/wp-json\/wp\/v2\/product\/26362","targetHints":{"allow":["GET"]}}],"collection":[{"href":"https:\/\/staging.belleflamme.ca\/fr\/wp-json\/wp\/v2\/product"}],"about":[{"href":"https:\/\/staging.belleflamme.ca\/fr\/wp-json\/wp\/v2\/types\/product"}],"version-history":[{"count":1,"href":"https:\/\/staging.belleflamme.ca\/fr\/wp-json\/wp\/v2\/product\/26362\/revisions"}],"predecessor-version":[{"id":26376,"href":"https:\/\/staging.belleflamme.ca\/fr\/wp-json\/wp\/v2\/product\/26362\/revisions\/26376"}],"wp:featuredmedia":[{"embeddable":true,"href":"https:\/\/staging.belleflamme.ca\/fr\/wp-json\/wp\/v2\/media\/26363"}],"wp:attachment":[{"href":"https:\/\/staging.belleflamme.ca\/fr\/wp-json\/wp\/v2\/media?parent=26362"}],"wp:term":[{"taxonomy":"product_brand","embeddable":true,"href":"https:\/\/staging.belleflamme.ca\/fr\/wp-json\/wp\/v2\/product_brand?post=26362"},{"taxonomy":"product_cat","embeddable":true,"href":"https:\/\/staging.belleflamme.ca\/fr\/wp-json\/wp\/v2\/product_cat?post=26362"},{"taxonomy":"product_tag","embeddable":true,"href":"https:\/\/staging.belleflamme.ca\/fr\/wp-json\/wp\/v2\/product_tag?post=26362"}],"curies":[{"name":"wp","href":"https:\/\/api.w.org\/{rel}","templated":true}]}}