{"id":26317,"date":"2024-01-15T16:37:44","date_gmt":"2024-01-15T21:37:44","guid":{"rendered":"https:\/\/www.belleflamme.ca\/?post_type=product&#038;p=26317"},"modified":"2024-01-15T16:39:06","modified_gmt":"2024-01-15T21:39:06","slug":"kit-de-joints-de-poele-grapho-glas-de-rutland","status":"publish","type":"product","link":"https:\/\/staging.belleflamme.ca\/fr\/produit\/kit-de-joints-de-poele-grapho-glas-de-rutland\/","title":{"rendered":"Kit de joints de po\u00eale Grapho-Glas\u00ae de Rutland"},"content":{"rendered":"\t\t<div data-elementor-type=\"product-post\" data-elementor-id=\"26317\" class=\"elementor elementor-26317\" data-elementor-post-type=\"product\">\n\t\t\t\t\t\t<section class=\"elementor-section elementor-top-section elementor-element elementor-element-10559eba elementor-section-boxed elementor-section-height-default elementor-section-height-default\" data-id=\"10559eba\" data-element_type=\"section\">\n\t\t\t\t\t\t<div class=\"elementor-container elementor-column-gap-default\">\n\t\t\t\t\t<div class=\"elementor-column elementor-col-100 elementor-top-column elementor-element elementor-element-24aa0dbb\" data-id=\"24aa0dbb\" data-element_type=\"column\">\n\t\t\t<div class=\"elementor-widget-wrap elementor-element-populated\">\n\t\t\t\t\t\t<div class=\"elementor-element elementor-element-3339dcc8 elementor-widget elementor-widget-text-editor\" data-id=\"3339dcc8\" data-element_type=\"widget\" data-widget_type=\"text-editor.default\">\n\t\t\t\t<div class=\"elementor-widget-container\">\n\t\t\t\t\t\t\t\t\t<iframe title=\"YouTube video player\" src=\"https:\/\/www.youtube.com\/embed\/ENTi36-KpY0?si=I52h1tZad6UgS0WH\" width=\"560\" height=\"315\" frameborder=\"0\" allowfullscreen=\"allowfullscreen\"><\/iframe>\r\n<strong>Les kits de joints de po\u00eale RUTLAND Grapho-Glas\u00ae<\/strong>\u00a0comprennent \u00e0 la fois des joints de haute qualit\u00e9 dans une corde ou un ruban pratique,<em><strong>\u00a0ainsi que<\/strong><\/em>\u00a0du ciment pour permettre au propri\u00e9taire bricoleur de remplacer en toute confiance les joints us\u00e9s des po\u00eales \u00e0 bois, des po\u00eales \u00e0 charbon, des chaudi\u00e8res \u00e0 bois ext\u00e9rieures et des inserts de chemin\u00e9e.\r\n\r\nCe joint impr\u00e9gn\u00e9 de graphite r\u00e9siste \u00e0 l&#8217;abrasion, \u00e0 l&#8217;adh\u00e9rence de la cr\u00e9osote et aux temp\u00e9ratures allant jusqu&#8217;\u00e0 1 000 \u00baF, et est tress\u00e9 pour r\u00e9sister \u00e0 l&#8217;effilochage.\r\nLe kit contient \u00e9galement un tube de 1,35 oz\u00a0<strong>de ciment pour joint de po\u00eale en fibre de verre RUTLAND EZ Spread\u00a0\u00a0<\/strong>pour fixer solidement le joint fourni.\r\n<ul>\r\n \t<li>5\/16&#8243;, 3\/8&#8243;, 1\/2&#8243;, 5\/8&#8243;, 3\/4&#8243;, 7\/8&#8243; Corde en longueurs de 7&#8242; ou 5\/8&#8243; x 3\/16&#8243;, 3\/4&#8243; x Ruban 1\/4&#8243; en longueurs de 7&#8242;<\/li>\r\n \t<li>Fabriqu\u00e9 aux Etats-Unis<\/li>\r\n<\/ul>\r\nD\u00e9tails des produits\r\n\r\nCorde 5\/16&#8243; x 7&#8242;\r\n<ul>\r\n \t<li><strong>CUP\u00a0:\u00a0<\/strong>\u00a0022624-00195-9<\/li>\r\n \t<li><strong>Poids:<\/strong>\u00a0\u00a00,55 livre<\/li>\r\n \t<li><strong>Dimensions\u00a0:\u00a0<\/strong>\u00a010,5 \u00d7 7,75 \u00d7 2,5 pouces<\/li>\r\n<\/ul>\r\nRuban 5\/8&#8243; x 3\/16&#8243; x 7&#8242;\r\n<ul>\r\n \t<li><strong>CUP\u00a0:\u00a0<\/strong>\u00a0022624-00095-2<\/li>\r\n \t<li><strong>Poids:<\/strong>\u00a0\u00a00,6 livre<\/li>\r\n \t<li><strong>Dimensions\u00a0:<\/strong>\u00a0\u00a010,5 \u00d7 7,75 \u00d7 2,5 pouces<\/li>\r\n<\/ul>\r\nRuban 3\/4&#8243; x 1\/4&#8243; x 7&#8242;\r\n<ul>\r\n \t<li><strong>CUP\u00a0:<\/strong>\u00a0\u00a0022624-02395-1<\/li>\r\n \t<li><strong>Poids:<\/strong>\u00a0\u00a00,85 livre<\/li>\r\n \t<li><strong>Dimensions\u00a0:\u00a0<\/strong>\u00a010,5 \u00d7 7,75 \u00d7 2,5 pouces<\/li>\r\n<\/ul>\r\nCorde 3\/8&#8243; x 7&#8242;\r\n<ul>\r\n \t<li><strong>CUP\u00a0:\u00a0<\/strong>\u00a0022624-00096-9<\/li>\r\n \t<li><strong>Poids:<\/strong>\u00a0\u00a00,6 livre<\/li>\r\n \t<li><strong>Dimensions\u00a0:\u00a0<\/strong>\u00a010,5 \u00d7 7,75 \u00d7 2,5 pouces<\/li>\r\n<\/ul>\r\nCorde 1\/2&#8243; x 7&#8242;\r\n<ul>\r\n \t<li><strong>CUP\u00a0:\u00a0<\/strong><span class=\"wpm_gtin wpm_pgw_code\" data-product-id=\"1558\">022624-01496-6<\/span><\/li>\r\n \t<li><strong>Poids:<\/strong>\u00a0\u00a00,75 livre<\/li>\r\n \t<li><strong>Dimensions\u00a0:\u00a0<\/strong>\u00a010,5 \u00d7 7,75 \u00d7 2,5 pouces<\/li>\r\n<\/ul>\r\nCorde de 5\/8&#8243; x 7&#8242;\r\n<ul>\r\n \t<li><strong>CUP\u00a0:\u00a0<\/strong>022624-02396-8<\/li>\r\n \t<li><strong>Poids :\u00a0<\/strong>\u00a00,8 livres<\/li>\r\n \t<li><strong>Dimensions\u00a0:\u00a0<\/strong>\u00a010,5 \u00d7 7,75 \u00d7 2,5 pouces<\/li>\r\n<\/ul>\r\nCorde 3\/4&#8243; x 7&#8242;\r\n<ul>\r\n \t<li><strong>CUP\u00a0:\u00a0<\/strong>022624-00099-0<\/li>\r\n \t<li><strong>Poids :\u00a0<\/strong>\u00a00,83 lb<\/li>\r\n \t<li><strong>Dimensions\u00a0:\u00a0<\/strong>\u00a010,5 \u00d7 7,75 \u00d7 2,5 pouces<\/li>\r\n<\/ul>\r\nCorde de 7\/8&#8243; x 7&#8242;\r\n<ul>\r\n \t<li><strong>CUP\u00a0:\u00a0022624-01999-2<\/strong><\/li>\r\n \t<li><strong>Poids :<\/strong>\u00a0\u00a01,9\u00a0\u00a0livres<\/li>\r\n \t<li><strong>Dimensions\u00a0:\u00a0<\/strong>\u00a010,5 \u00d7 7,75 \u00d7 2,5 pouces<\/li>\r\n<\/ul>\t\t\t\t\t\t\t\t<\/div>\n\t\t\t\t<\/div>\n\t\t\t\t\t<\/div>\n\t\t<\/div>\n\t\t\t\t\t<\/div>\n\t\t<\/section>\n\t\t\t\t<section class=\"elementor-section elementor-top-section elementor-element elementor-element-9367ecb elementor-section-boxed elementor-section-height-default elementor-section-height-default\" data-id=\"9367ecb\" data-element_type=\"section\">\n\t\t\t\t\t\t<div class=\"elementor-container elementor-column-gap-default\">\n\t\t\t\t\t<div class=\"elementor-column elementor-col-100 elementor-top-column elementor-element elementor-element-a9f186d\" data-id=\"a9f186d\" data-element_type=\"column\">\n\t\t\t<div class=\"elementor-widget-wrap elementor-element-populated\">\n\t\t\t\t\t\t<div class=\"elementor-element elementor-element-59e61a3 elementor-tabs-view-horizontal elementor-widget elementor-widget-tabs\" data-id=\"59e61a3\" data-element_type=\"widget\" data-widget_type=\"tabs.default\">\n\t\t\t\t<div class=\"elementor-widget-container\">\n\t\t\t\t\t\t\t<div class=\"elementor-tabs\">\n\t\t\t<div class=\"elementor-tabs-wrapper\" role=\"tablist\" >\n\t\t\t\t\t\t\t\t\t<div id=\"elementor-tab-title-9421\" class=\"elementor-tab-title elementor-tab-desktop-title\" aria-selected=\"true\" data-tab=\"1\" role=\"tab\" tabindex=\"0\" aria-controls=\"elementor-tab-content-9421\" aria-expanded=\"false\">Fichiers<\/div>\n\t\t\t\t\t\t\t<\/div>\n\t\t\t<div class=\"elementor-tabs-content-wrapper\" role=\"tablist\" aria-orientation=\"vertical\">\n\t\t\t\t\t\t\t\t\t<div class=\"elementor-tab-title elementor-tab-mobile-title\" aria-selected=\"true\" data-tab=\"1\" role=\"tab\" tabindex=\"0\" aria-controls=\"elementor-tab-content-9421\" aria-expanded=\"false\">Fichiers<\/div>\n\t\t\t\t\t<div id=\"elementor-tab-content-9421\" class=\"elementor-tab-content elementor-clearfix\" data-tab=\"1\" role=\"tabpanel\" aria-labelledby=\"elementor-tab-title-9421\" tabindex=\"0\" hidden=\"false\"><i class=\"far fa-file-pdf fa-xl\" style=\"font-size:35px\"><\/i><a href=\"https:\/\/www.belleflamme.ca\/wp-content\/uploads\/2024\/01\/RUTLAND-Grapho-Glas-Gasket-Kits-SDS.pdf\"> Donn\u00e9es de S\u00e9curit\u00e9<\/a><\/br><\/div>\n\t\t\t\t\t\t\t<\/div>\n\t\t<\/div>\n\t\t\t\t\t\t<\/div>\n\t\t\t\t<\/div>\n\t\t\t\t\t<\/div>\n\t\t<\/div>\n\t\t\t\t\t<\/div>\n\t\t<\/section>\n\t\t\t\t<\/div>\n\t\t","protected":false},"excerpt":{"rendered":"<p>Les kits de joints de po\u00eale RUTLAND Grapho-Glas\u00ae\u00a0comprennent \u00e0 la fois des joints de haute qualit\u00e9 dans une corde ou un ruban pratique,\u00a0ainsi que\u00a0du ciment pour permettre au propri\u00e9taire bricoleur de remplacer en toute confiance les joints us\u00e9s des po\u00eales \u00e0 bois, des po\u00eales \u00e0 charbon, des chaudi\u00e8res \u00e0 bois ext\u00e9rieures et des inserts de [&hellip;]<\/p>\n","protected":false},"featured_media":26332,"template":"","meta":{"inline_featured_image":false},"product_brand":[885],"product_cat":[96,45],"product_tag":[],"class_list":{"0":"post-26317","1":"product","2":"type-product","3":"status-publish","4":"has-post-thumbnail","6":"product_brand-rutland","7":"product_cat-pieces-accessoires","8":"product_cat-cheminees-pieces-accessoires","10":"first","11":"instock","12":"taxable","13":"shipping-taxable","14":"purchasable","15":"product-type-variable"},"yoast_head":"<!-- This site is optimized with the Yoast SEO Premium plugin v24.2 (Yoast SEO v24.2) - https:\/\/yoast.com\/wordpress\/plugins\/seo\/ -->\n<title>Kit de joints de po\u00eale Grapho-Glas\u00ae de Rutland - Groupe BelleFlamme<\/title>\n<meta name=\"description\" content=\"Kit de joints de po\u00eale Grapho-Glas\u00ae de Rutland\" \/>\n<meta name=\"robots\" content=\"index, follow, max-snippet:-1, max-image-preview:large, max-video-preview:-1\" \/>\n<link rel=\"canonical\" href=\"https:\/\/staging.belleflamme.ca\/fr\/produit\/kit-de-joints-de-poele-grapho-glas-de-rutland\/\" \/>\n<meta property=\"og:locale\" content=\"fr_FR\" \/>\n<meta property=\"og:type\" content=\"article\" \/>\n<meta property=\"og:title\" content=\"Kit de joints de po\u00eale Grapho-Glas\u00ae de Rutland\" \/>\n<meta property=\"og:description\" content=\"Kit de joints de po\u00eale Grapho-Glas\u00ae de Rutland\" \/>\n<meta property=\"og:url\" content=\"https:\/\/staging.belleflamme.ca\/fr\/produit\/kit-de-joints-de-poele-grapho-glas-de-rutland\/\" \/>\n<meta property=\"og:site_name\" content=\"Groupe BelleFlamme\" \/>\n<meta property=\"article:publisher\" content=\"https:\/\/www.facebook.com\/belleflamme.ca\/\" \/>\n<meta property=\"article:modified_time\" content=\"2024-01-15T21:39:06+00:00\" \/>\n<meta property=\"og:image\" content=\"https:\/\/www.belleflamme.ca\/wp-content\/uploads\/2024\/01\/Kit-de-joints-de-poele-Grapho-Glas-de-Rutland-5-8.webp\" \/>\n\t<meta property=\"og:image:width\" content=\"600\" \/>\n\t<meta property=\"og:image:height\" content=\"600\" \/>\n\t<meta property=\"og:image:type\" content=\"image\/webp\" \/>\n<meta name=\"twitter:card\" content=\"summary_large_image\" \/>\n<meta name=\"twitter:label1\" content=\"Disponibilit\u00e9\" \/>\n\t<meta name=\"twitter:data1\" content=\"En stock\" \/>\n<script type=\"application\/ld+json\" class=\"yoast-schema-graph\">{\"@context\":\"https:\/\/schema.org\",\"@graph\":[{\"@type\":[\"WebPage\",\"ItemPage\"],\"@id\":\"https:\/\/staging.belleflamme.ca\/fr\/produit\/kit-de-joints-de-poele-grapho-glas-de-rutland\/\",\"url\":\"https:\/\/staging.belleflamme.ca\/fr\/produit\/kit-de-joints-de-poele-grapho-glas-de-rutland\/\",\"name\":\"Kit de joints de po\u00eale Grapho-Glas\u00ae de Rutland - Groupe BelleFlamme\",\"isPartOf\":{\"@id\":\"https:\/\/www.belleflamme.ca\/fr\/#website\"},\"primaryImageOfPage\":{\"@id\":\"https:\/\/staging.belleflamme.ca\/fr\/produit\/kit-de-joints-de-poele-grapho-glas-de-rutland\/#primaryimage\"},\"image\":{\"@id\":\"https:\/\/staging.belleflamme.ca\/fr\/produit\/kit-de-joints-de-poele-grapho-glas-de-rutland\/#primaryimage\"},\"thumbnailUrl\":\"https:\/\/staging.belleflamme.ca\/wp-content\/uploads\/2024\/01\/Kit-de-joints-de-poele-Grapho-Glas-de-Rutland-5-8.webp\",\"datePublished\":\"2024-01-15T21:37:44+00:00\",\"dateModified\":\"2024-01-15T21:39:06+00:00\",\"description\":\"Kit de joints de po\u00eale Grapho-Glas\u00ae de Rutland\",\"breadcrumb\":{\"@id\":\"https:\/\/staging.belleflamme.ca\/fr\/produit\/kit-de-joints-de-poele-grapho-glas-de-rutland\/#breadcrumb\"},\"inLanguage\":\"fr-FR\",\"potentialAction\":[{\"@type\":\"ReadAction\",\"target\":[\"https:\/\/staging.belleflamme.ca\/fr\/produit\/kit-de-joints-de-poele-grapho-glas-de-rutland\/\"]}]},{\"@type\":\"ImageObject\",\"inLanguage\":\"fr-FR\",\"@id\":\"https:\/\/staging.belleflamme.ca\/fr\/produit\/kit-de-joints-de-poele-grapho-glas-de-rutland\/#primaryimage\",\"url\":\"https:\/\/staging.belleflamme.ca\/wp-content\/uploads\/2024\/01\/Kit-de-joints-de-poele-Grapho-Glas-de-Rutland-5-8.webp\",\"contentUrl\":\"https:\/\/staging.belleflamme.ca\/wp-content\/uploads\/2024\/01\/Kit-de-joints-de-poele-Grapho-Glas-de-Rutland-5-8.webp\",\"width\":600,\"height\":600,\"caption\":\"Kit de joints de po\u00eale Grapho-Glas de Rutland 5 8\"},{\"@type\":\"BreadcrumbList\",\"@id\":\"https:\/\/staging.belleflamme.ca\/fr\/produit\/kit-de-joints-de-poele-grapho-glas-de-rutland\/#breadcrumb\",\"itemListElement\":[{\"@type\":\"ListItem\",\"position\":1,\"name\":\"Accueil\",\"item\":\"https:\/\/www.belleflamme.ca\/fr\/\"},{\"@type\":\"ListItem\",\"position\":2,\"name\":\"Boutique\",\"item\":\"https:\/\/www.belleflamme.ca\/fr\/boutique\/\"},{\"@type\":\"ListItem\",\"position\":3,\"name\":\"Chemin\u00e9es, Pi\u00e8ces &amp; Accessoires\",\"item\":\"https:\/\/staging.belleflamme.ca\/fr\/categories\/cheminees-pieces-accessoires\/\"},{\"@type\":\"ListItem\",\"position\":4,\"name\":\"Kit de joints de po\u00eale Grapho-Glas\u00ae de Rutland\"}]},{\"@type\":\"WebSite\",\"@id\":\"https:\/\/www.belleflamme.ca\/fr\/#website\",\"url\":\"https:\/\/www.belleflamme.ca\/fr\/\",\"name\":\"Groupe Belleflamme\",\"description\":\"La m\u00e9canique du b\u00e2timent dans le sang.\",\"publisher\":{\"@id\":\"https:\/\/www.belleflamme.ca\/fr\/#organization\"},\"potentialAction\":[{\"@type\":\"SearchAction\",\"target\":{\"@type\":\"EntryPoint\",\"urlTemplate\":\"https:\/\/www.belleflamme.ca\/fr\/?s={search_term_string}\"},\"query-input\":{\"@type\":\"PropertyValueSpecification\",\"valueRequired\":true,\"valueName\":\"search_term_string\"}}],\"inLanguage\":\"fr-FR\"},{\"@type\":[\"Organization\",\"Place\"],\"@id\":\"https:\/\/www.belleflamme.ca\/fr\/#organization\",\"name\":\"Groupe Belleflamme\",\"alternateName\":\"Belleflamme\",\"url\":\"https:\/\/www.belleflamme.ca\/fr\/\",\"logo\":{\"@type\":\"ImageObject\",\"inLanguage\":\"fr-FR\",\"@id\":\"https:\/\/www.belleflamme.ca\/fr\/#\/schema\/logo\/image\/\",\"url\":\"https:\/\/staging.belleflamme.ca\/wp-content\/uploads\/2023\/01\/og-image.jpg\",\"contentUrl\":\"https:\/\/staging.belleflamme.ca\/wp-content\/uploads\/2023\/01\/og-image.jpg\",\"width\":1200,\"height\":630,\"caption\":\"Groupe Belleflamme\"},\"image\":{\"@id\":\"https:\/\/www.belleflamme.ca\/fr\/#\/schema\/logo\/image\/\"},\"sameAs\":[\"https:\/\/www.facebook.com\/belleflamme.ca\/\",\"https:\/\/www.linkedin.com\/company\/belleflamme\/\",\"https:\/\/www.pinterest.ca\/groupebelleflamme\/\",\"https:\/\/www.instagram.com\/legroupebelleflamme\/\"],\"mainEntityOfPage\":{\"@id\":\"https:\/\/staging.belleflamme.ca\/fr\/produit\/kit-de-joints-de-poele-grapho-glas-de-rutland\/\"}}]}<\/script>\n<meta property=\"product:brand\" content=\"Rutland\" \/>\n<meta property=\"og:availability\" content=\"instock\" \/>\n<meta property=\"product:availability\" content=\"instock\" \/>\n<meta property=\"product:condition\" content=\"new\" \/>\n<!-- \/ Yoast SEO Premium plugin. -->","yoast_head_json":{"title":"Kit de joints de po\u00eale Grapho-Glas\u00ae de Rutland - Groupe BelleFlamme","description":"Kit de joints de po\u00eale Grapho-Glas\u00ae de Rutland","robots":{"index":"index","follow":"follow","max-snippet":"max-snippet:-1","max-image-preview":"max-image-preview:large","max-video-preview":"max-video-preview:-1"},"canonical":"https:\/\/staging.belleflamme.ca\/fr\/produit\/kit-de-joints-de-poele-grapho-glas-de-rutland\/","og_locale":"fr_FR","og_type":"article","og_title":"Kit de joints de po\u00eale Grapho-Glas\u00ae de Rutland","og_description":"Kit de joints de po\u00eale Grapho-Glas\u00ae de Rutland","og_url":"https:\/\/staging.belleflamme.ca\/fr\/produit\/kit-de-joints-de-poele-grapho-glas-de-rutland\/","og_site_name":"Groupe BelleFlamme","article_publisher":"https:\/\/www.facebook.com\/belleflamme.ca\/","article_modified_time":"2024-01-15T21:39:06+00:00","og_image":[{"width":600,"height":600,"url":"https:\/\/www.belleflamme.ca\/wp-content\/uploads\/2024\/01\/Kit-de-joints-de-poele-Grapho-Glas-de-Rutland-5-8.webp","type":"image\/webp"}],"twitter_card":"summary_large_image","twitter_misc":{"Disponibilit\u00e9":"En stock"},"schema":{"@context":"https:\/\/schema.org","@graph":[{"@type":["WebPage","ItemPage"],"@id":"https:\/\/staging.belleflamme.ca\/fr\/produit\/kit-de-joints-de-poele-grapho-glas-de-rutland\/","url":"https:\/\/staging.belleflamme.ca\/fr\/produit\/kit-de-joints-de-poele-grapho-glas-de-rutland\/","name":"Kit de joints de po\u00eale Grapho-Glas\u00ae de Rutland - Groupe BelleFlamme","isPartOf":{"@id":"https:\/\/www.belleflamme.ca\/fr\/#website"},"primaryImageOfPage":{"@id":"https:\/\/staging.belleflamme.ca\/fr\/produit\/kit-de-joints-de-poele-grapho-glas-de-rutland\/#primaryimage"},"image":{"@id":"https:\/\/staging.belleflamme.ca\/fr\/produit\/kit-de-joints-de-poele-grapho-glas-de-rutland\/#primaryimage"},"thumbnailUrl":"https:\/\/staging.belleflamme.ca\/wp-content\/uploads\/2024\/01\/Kit-de-joints-de-poele-Grapho-Glas-de-Rutland-5-8.webp","datePublished":"2024-01-15T21:37:44+00:00","dateModified":"2024-01-15T21:39:06+00:00","description":"Kit de joints de po\u00eale Grapho-Glas\u00ae de Rutland","breadcrumb":{"@id":"https:\/\/staging.belleflamme.ca\/fr\/produit\/kit-de-joints-de-poele-grapho-glas-de-rutland\/#breadcrumb"},"inLanguage":"fr-FR","potentialAction":[{"@type":"ReadAction","target":["https:\/\/staging.belleflamme.ca\/fr\/produit\/kit-de-joints-de-poele-grapho-glas-de-rutland\/"]}]},{"@type":"ImageObject","inLanguage":"fr-FR","@id":"https:\/\/staging.belleflamme.ca\/fr\/produit\/kit-de-joints-de-poele-grapho-glas-de-rutland\/#primaryimage","url":"https:\/\/staging.belleflamme.ca\/wp-content\/uploads\/2024\/01\/Kit-de-joints-de-poele-Grapho-Glas-de-Rutland-5-8.webp","contentUrl":"https:\/\/staging.belleflamme.ca\/wp-content\/uploads\/2024\/01\/Kit-de-joints-de-poele-Grapho-Glas-de-Rutland-5-8.webp","width":600,"height":600,"caption":"Kit de joints de po\u00eale Grapho-Glas de Rutland 5 8"},{"@type":"BreadcrumbList","@id":"https:\/\/staging.belleflamme.ca\/fr\/produit\/kit-de-joints-de-poele-grapho-glas-de-rutland\/#breadcrumb","itemListElement":[{"@type":"ListItem","position":1,"name":"Accueil","item":"https:\/\/www.belleflamme.ca\/fr\/"},{"@type":"ListItem","position":2,"name":"Boutique","item":"https:\/\/www.belleflamme.ca\/fr\/boutique\/"},{"@type":"ListItem","position":3,"name":"Chemin\u00e9es, Pi\u00e8ces &amp; Accessoires","item":"https:\/\/staging.belleflamme.ca\/fr\/categories\/cheminees-pieces-accessoires\/"},{"@type":"ListItem","position":4,"name":"Kit de joints de po\u00eale Grapho-Glas\u00ae de Rutland"}]},{"@type":"WebSite","@id":"https:\/\/www.belleflamme.ca\/fr\/#website","url":"https:\/\/www.belleflamme.ca\/fr\/","name":"Groupe Belleflamme","description":"La m\u00e9canique du b\u00e2timent dans le sang.","publisher":{"@id":"https:\/\/www.belleflamme.ca\/fr\/#organization"},"potentialAction":[{"@type":"SearchAction","target":{"@type":"EntryPoint","urlTemplate":"https:\/\/www.belleflamme.ca\/fr\/?s={search_term_string}"},"query-input":{"@type":"PropertyValueSpecification","valueRequired":true,"valueName":"search_term_string"}}],"inLanguage":"fr-FR"},{"@type":["Organization","Place"],"@id":"https:\/\/www.belleflamme.ca\/fr\/#organization","name":"Groupe Belleflamme","alternateName":"Belleflamme","url":"https:\/\/www.belleflamme.ca\/fr\/","logo":{"@type":"ImageObject","inLanguage":"fr-FR","@id":"https:\/\/www.belleflamme.ca\/fr\/#\/schema\/logo\/image\/","url":"https:\/\/staging.belleflamme.ca\/wp-content\/uploads\/2023\/01\/og-image.jpg","contentUrl":"https:\/\/staging.belleflamme.ca\/wp-content\/uploads\/2023\/01\/og-image.jpg","width":1200,"height":630,"caption":"Groupe Belleflamme"},"image":{"@id":"https:\/\/www.belleflamme.ca\/fr\/#\/schema\/logo\/image\/"},"sameAs":["https:\/\/www.facebook.com\/belleflamme.ca\/","https:\/\/www.linkedin.com\/company\/belleflamme\/","https:\/\/www.pinterest.ca\/groupebelleflamme\/","https:\/\/www.instagram.com\/legroupebelleflamme\/"],"mainEntityOfPage":{"@id":"https:\/\/staging.belleflamme.ca\/fr\/produit\/kit-de-joints-de-poele-grapho-glas-de-rutland\/"}}]},"product_brand":"Rutland","og_availability":"instock","product_availability":"instock","product_condition":"new"},"_links":{"self":[{"href":"https:\/\/staging.belleflamme.ca\/fr\/wp-json\/wp\/v2\/product\/26317","targetHints":{"allow":["GET"]}}],"collection":[{"href":"https:\/\/staging.belleflamme.ca\/fr\/wp-json\/wp\/v2\/product"}],"about":[{"href":"https:\/\/staging.belleflamme.ca\/fr\/wp-json\/wp\/v2\/types\/product"}],"version-history":[{"count":4,"href":"https:\/\/staging.belleflamme.ca\/fr\/wp-json\/wp\/v2\/product\/26317\/revisions"}],"predecessor-version":[{"id":26347,"href":"https:\/\/staging.belleflamme.ca\/fr\/wp-json\/wp\/v2\/product\/26317\/revisions\/26347"}],"wp:featuredmedia":[{"embeddable":true,"href":"https:\/\/staging.belleflamme.ca\/fr\/wp-json\/wp\/v2\/media\/26332"}],"wp:attachment":[{"href":"https:\/\/staging.belleflamme.ca\/fr\/wp-json\/wp\/v2\/media?parent=26317"}],"wp:term":[{"taxonomy":"product_brand","embeddable":true,"href":"https:\/\/staging.belleflamme.ca\/fr\/wp-json\/wp\/v2\/product_brand?post=26317"},{"taxonomy":"product_cat","embeddable":true,"href":"https:\/\/staging.belleflamme.ca\/fr\/wp-json\/wp\/v2\/product_cat?post=26317"},{"taxonomy":"product_tag","embeddable":true,"href":"https:\/\/staging.belleflamme.ca\/fr\/wp-json\/wp\/v2\/product_tag?post=26317"}],"curies":[{"name":"wp","href":"https:\/\/api.w.org\/{rel}","templated":true}]}}