{"id":26276,"date":"2024-01-15T16:11:11","date_gmt":"2024-01-15T21:11:11","guid":{"rendered":"https:\/\/www.belleflamme.ca\/?post_type=product&#038;p=26276"},"modified":"2024-01-15T18:52:54","modified_gmt":"2024-01-15T23:52:54","slug":"joint-de-poele-de-remplacement-grapho-glas-de-rutland","status":"publish","type":"product","link":"https:\/\/staging.belleflamme.ca\/fr\/produit\/joint-de-poele-de-remplacement-grapho-glas-de-rutland\/","title":{"rendered":"Joint de po\u00eale de remplacement Grapho-Glas\u00ae de Rutland"},"content":{"rendered":"\t\t<div data-elementor-type=\"product-post\" data-elementor-id=\"26276\" class=\"elementor elementor-26276\" data-elementor-post-type=\"product\">\n\t\t\t\t\t\t<section class=\"elementor-section elementor-top-section elementor-element elementor-element-393e037b elementor-section-boxed elementor-section-height-default elementor-section-height-default\" data-id=\"393e037b\" data-element_type=\"section\">\n\t\t\t\t\t\t<div class=\"elementor-container elementor-column-gap-default\">\n\t\t\t\t\t<div class=\"elementor-column elementor-col-100 elementor-top-column elementor-element elementor-element-79408446\" data-id=\"79408446\" data-element_type=\"column\">\n\t\t\t<div class=\"elementor-widget-wrap elementor-element-populated\">\n\t\t\t\t\t\t<div class=\"elementor-element elementor-element-fdb2c3a elementor-widget elementor-widget-text-editor\" data-id=\"fdb2c3a\" data-element_type=\"widget\" data-widget_type=\"text-editor.default\">\n\t\t\t\t<div class=\"elementor-widget-container\">\n\t\t\t\t\t\t\t\t\t<iframe title=\"YouTube video player\" src=\"https:\/\/www.youtube.com\/embed\/ENTi36-KpY0?si=cV5IihudOYGR2NWH\" width=\"560\" height=\"315\" frameborder=\"0\" allowfullscreen=\"allowfullscreen\"><\/iframe>\r\n<p style=\"font-weight: 400;\"><strong><span style=\"color: #c8102e;\">Les joints de remplacement pour po\u00eale RUTLAND\u00a0<\/span><\/strong><span style=\"color: #c8102e;\"><strong>Grapho-Glas\u00ae<\/strong><\/span>\u00a0sont con\u00e7us pour offrir une \u00e9tanch\u00e9it\u00e9, une protection et une long\u00e9vit\u00e9 sup\u00e9rieures par rapport \u00e0 d&#8217;autres mat\u00e9riaux.\u00a0La fibre de verre impr\u00e9gn\u00e9e de graphite r\u00e9siste \u00e0 l&#8217;adh\u00e9rence de la cr\u00e9osote et de la suie, ce qui offre une meilleure r\u00e9sistance \u00e0 l&#8217;abrasion.\u00a0Le tressage du joint et la tenue des ciments-adh\u00e9sifs RUTLAND se combinent pour garantir que ce joint dure beaucoup plus longtemps sans se briser ni se d\u00e9tacher.<em><strong>\u00a0<\/strong><\/em><\/p>\r\n<p style=\"font-weight: 400;\">Tout cela fait des joints Grapho-Glas\u00a0<span class=\"TextRun SCXW77151429 BCX0\" lang=\"EN-US\" xml:lang=\"EN-US\" data-contrast=\"auto\"><span class=\"NormalTextRun SCXW77151429 BCX0\">\u00ae<\/span><\/span>\u00a0\u00a0le meilleur choix pour remplacer le joint de votre po\u00eale.\u00a0Si bon, en fait, que de nombreux fabricants de po\u00eales utilisent Grapho-Glas\u00a0<span class=\"TextRun SCXW77151429 BCX0\" lang=\"EN-US\" xml:lang=\"EN-US\" data-contrast=\"auto\"><span class=\"NormalTextRun SCXW77151429 BCX0\">\u00ae<\/span><\/span>\u00a0comme \u00e9quipement standard sur leurs po\u00eales et chemin\u00e9es.<\/p>\r\n<p style=\"font-weight: 400;\">Utilisez la colle pour joint de po\u00eale en fibre de verre\u00a0<span style=\"color: #c8102e;\"><strong>RUTLAND\u00a0<\/strong><strong>E-Z Spread<\/strong><\/span>\u00a0(77E, 78E) ou\u00a0<strong><span style=\"color: #c8102e;\">la colle pour po\u00eale et joint\u00a0<\/span><\/strong><span style=\"color: #c8102e;\"><strong>RUTLAND<\/strong><\/span>\u00a0(77 et 78) pour la fixation.<\/p>\r\n\r\n<ul>\r\n \t<li>Longueurs de 5&#8242;, 6&#8242; ou 7&#8242; dans les largeurs et types suivants : corde 1\/4&#8243;, corde 3\/8&#8243;, corde 1\/2&#8243;, ruban 5\/8 x 3\/16&#8243;, corde 3\/4&#8243;. , et corde 7\/8&#8243;<\/li>\r\n \t<li>Noir<\/li>\r\n \t<li>\u00c9valu\u00e9 jusqu&#8217;\u00e0 1 000 \u00b0F (530 \u00b0C)<\/li>\r\n<\/ul>\r\n<em><strong>D\u00e9tails des produits\u00a0<\/strong><\/em>\r\n\r\n3\/8&#8243; x 7&#8242;\r\n<ul>\r\n \t<li><strong>CUP\u00a0:\u00a0<\/strong>\u00a0022624-00091-4<\/li>\r\n \t<li><strong>Poids :<\/strong>\u00a0\u00a00,2 lb<\/li>\r\n \t<li><strong>Dimensions\u00a0:\u00a0<\/strong>\u00a08 \u00d7 4,5 \u00d7 1,25 pouces<\/li>\r\n<\/ul>\r\n1\/4&#8243;- 5\/16&#8242; x 7&#8242;\r\n<ul>\r\n \t<li><strong>CUP\u00a0:\u00a0<\/strong>\u00a0022624-01491-1<\/li>\r\n \t<li><strong>Poids :\u00a0<\/strong>\u00a00,13 lb<\/li>\r\n \t<li><strong>Dimensions\u00a0:\u00a0<\/strong>\u00a08 \u00d7 4,5 \u00d7 1,25 pouces<\/li>\r\n<\/ul>\r\n5\/8&#8243; x 3\/16&#8243; x 7&#8242;\r\n<ul>\r\n \t<li><strong>CUP\u00a0:\u00a0<\/strong>\u00a0022624-00090-7<\/li>\r\n \t<li><strong>Poids :\u00a0<\/strong>\u00a00,15 lb<\/li>\r\n \t<li><strong>Dimensions\u00a0:<\/strong>\u00a0\u00a08 \u00d7 4,5 \u00d7 1,25 pouces<\/li>\r\n<\/ul>\r\n1\/2&#8243; &#8211; 5\/8&#8243; x 5&#8242;\r\n<ul>\r\n \t<li><strong>CUP\u00a0:\u00a0<\/strong>\u00a0022624-00092-1<\/li>\r\n \t<li><strong>Poids :\u00a0<\/strong>\u00a00,3 kg<\/li>\r\n \t<li><strong>Dimensions\u00a0:\u00a0<\/strong>\u00a010 \u00d7 6,75 \u00d7 1,25 pouces<\/li>\r\n<\/ul>\r\n3\/4&#8243; x 7&#8242;\r\n<ul>\r\n \t<li><strong>CUP\u00a0:\u00a0<\/strong>\u00a0022624-02392-0<\/li>\r\n \t<li><strong>Poids :\u00a0<\/strong>\u00a00,6 lb<\/li>\r\n \t<li><strong>Dimensions\u00a0:\u00a0<\/strong>\u00a010 \u00d7 6,75 \u00d7 1,25 pouces<\/li>\r\n<\/ul>\r\n7\/8&#8243; x 5,3&#8242;\r\n<ul>\r\n \t<li><strong>CUP\u00a0:\u00a0<\/strong>\u00a0022624-00194-2<\/li>\r\n \t<li><strong>Poids :\u00a0<\/strong>\u00a00,82 livres<\/li>\r\n \t<li><strong>Dimensions\u00a0:\u00a0<\/strong>\u00a012,34 \u00d7 8,5 \u00d7 2 pouces<\/li>\r\n<\/ul>\r\n1&#8243; x 6&#8242;\r\n<ul>\r\n \t<li><strong>CUP\u00a0:\u00a0<\/strong>\u00a0022624-00094-5<\/li>\r\n \t<li><strong>Poids :\u00a0<\/strong>\u00a01 lb<\/li>\r\n \t<li><strong>Dimensions\u00a0:\u00a0<\/strong>\u00a012 \u00d7 8 \u00d7 2 po<\/li>\r\n<\/ul>\t\t\t\t\t\t\t\t<\/div>\n\t\t\t\t<\/div>\n\t\t\t\t\t<\/div>\n\t\t<\/div>\n\t\t\t\t\t<\/div>\n\t\t<\/section>\n\t\t\t\t<section class=\"elementor-section elementor-top-section elementor-element elementor-element-ed90a33 elementor-section-boxed elementor-section-height-default elementor-section-height-default\" data-id=\"ed90a33\" data-element_type=\"section\">\n\t\t\t\t\t\t<div class=\"elementor-container elementor-column-gap-default\">\n\t\t\t\t\t<div class=\"elementor-column elementor-col-100 elementor-top-column elementor-element elementor-element-9e4595e\" data-id=\"9e4595e\" data-element_type=\"column\">\n\t\t\t<div class=\"elementor-widget-wrap elementor-element-populated\">\n\t\t\t\t\t\t<div class=\"elementor-element elementor-element-8e4b079 elementor-tabs-view-horizontal elementor-widget elementor-widget-tabs\" data-id=\"8e4b079\" data-element_type=\"widget\" data-widget_type=\"tabs.default\">\n\t\t\t\t<div class=\"elementor-widget-container\">\n\t\t\t\t\t\t\t<div class=\"elementor-tabs\">\n\t\t\t<div class=\"elementor-tabs-wrapper\" role=\"tablist\" >\n\t\t\t\t\t\t\t\t\t<div id=\"elementor-tab-title-1491\" class=\"elementor-tab-title elementor-tab-desktop-title\" aria-selected=\"true\" data-tab=\"1\" role=\"tab\" tabindex=\"0\" aria-controls=\"elementor-tab-content-1491\" aria-expanded=\"false\">Fichiers<\/div>\n\t\t\t\t\t\t\t<\/div>\n\t\t\t<div class=\"elementor-tabs-content-wrapper\" role=\"tablist\" aria-orientation=\"vertical\">\n\t\t\t\t\t\t\t\t\t<div class=\"elementor-tab-title elementor-tab-mobile-title\" aria-selected=\"true\" data-tab=\"1\" role=\"tab\" tabindex=\"0\" aria-controls=\"elementor-tab-content-1491\" aria-expanded=\"false\">Fichiers<\/div>\n\t\t\t\t\t<div id=\"elementor-tab-content-1491\" class=\"elementor-tab-content elementor-clearfix\" data-tab=\"1\" role=\"tabpanel\" aria-labelledby=\"elementor-tab-title-1491\" tabindex=\"0\" hidden=\"false\"><i class=\"far fa-file-pdf fa-xl\" style=\"font-size:35px\"><\/i><a href=\"https:\/\/www.belleflamme.ca\/wp-content\/uploads\/2024\/01\/RUTLAND-Grapho-Glas_-Stove-Gaskets-SDS.pdf\"> Donn\u00e9es de S\u00e9curit\u00e9<\/a><\/br><\/div>\n\t\t\t\t\t\t\t<\/div>\n\t\t<\/div>\n\t\t\t\t\t\t<\/div>\n\t\t\t\t<\/div>\n\t\t\t\t\t<\/div>\n\t\t<\/div>\n\t\t\t\t\t<\/div>\n\t\t<\/section>\n\t\t\t\t<\/div>\n\t\t","protected":false},"excerpt":{"rendered":"<p>Les joints de remplacement pour po\u00eale RUTLAND\u00a0Grapho-Glas\u00ae\u00a0sont con\u00e7us pour offrir une \u00e9tanch\u00e9it\u00e9, une protection et une long\u00e9vit\u00e9 sup\u00e9rieures par rapport \u00e0 d&#8217;autres mat\u00e9riaux.\u00a0La fibre de verre impr\u00e9gn\u00e9e de graphite r\u00e9siste \u00e0 l&#8217;adh\u00e9rence de la cr\u00e9osote et de la suie, ce qui offre une meilleure r\u00e9sistance \u00e0 l&#8217;abrasion.\u00a0Le tressage du joint et la tenue des ciments-adh\u00e9sifs [&hellip;]<\/p>\n","protected":false},"featured_media":26287,"template":"","meta":{"inline_featured_image":false},"product_brand":[885],"product_cat":[96,45],"product_tag":[],"class_list":{"0":"post-26276","1":"product","2":"type-product","3":"status-publish","4":"has-post-thumbnail","6":"product_brand-rutland","7":"product_cat-pieces-accessoires","8":"product_cat-cheminees-pieces-accessoires","10":"first","11":"instock","12":"taxable","13":"shipping-taxable","14":"purchasable","15":"product-type-variable"},"yoast_head":"<!-- This site is optimized with the Yoast SEO Premium plugin v24.2 (Yoast SEO v24.2) - https:\/\/yoast.com\/wordpress\/plugins\/seo\/ -->\n<title>Joint de po\u00eale de remplacement Grapho-Glas\u00ae de Rutland - Groupe BelleFlamme<\/title>\n<meta name=\"description\" content=\"Joint de po\u00eale de remplacement Grapho-Glas\u00ae de Rutland vendu et install\u00e9 par le Groupe Belleflamme. Laval, Montr\u00e9al, Gatineau, Drummondville et Saint-Sauveur.\" \/>\n<meta name=\"robots\" content=\"index, follow, max-snippet:-1, max-image-preview:large, max-video-preview:-1\" \/>\n<link rel=\"canonical\" href=\"https:\/\/staging.belleflamme.ca\/fr\/produit\/joint-de-poele-de-remplacement-grapho-glas-de-rutland\/\" \/>\n<meta property=\"og:locale\" content=\"fr_FR\" \/>\n<meta property=\"og:type\" content=\"article\" \/>\n<meta property=\"og:title\" content=\"Joint de po\u00eale de remplacement Grapho-Glas\u00ae de Rutland\" \/>\n<meta property=\"og:description\" content=\"Joint de po\u00eale de remplacement Grapho-Glas\u00ae de Rutland vendu et install\u00e9 par le Groupe Belleflamme. Laval, Montr\u00e9al, Gatineau, Drummondville et Saint-Sauveur.\" \/>\n<meta property=\"og:url\" content=\"https:\/\/staging.belleflamme.ca\/fr\/produit\/joint-de-poele-de-remplacement-grapho-glas-de-rutland\/\" \/>\n<meta property=\"og:site_name\" content=\"Groupe BelleFlamme\" \/>\n<meta property=\"article:publisher\" content=\"https:\/\/www.facebook.com\/belleflamme.ca\/\" \/>\n<meta property=\"article:modified_time\" content=\"2024-01-15T23:52:54+00:00\" \/>\n<meta property=\"og:image\" content=\"https:\/\/www.belleflamme.ca\/wp-content\/uploads\/2024\/01\/Joint-de-poele-de-remplacement-Grapho-Glas-de-Rutland-1-4-5-16.webp\" \/>\n\t<meta property=\"og:image:width\" content=\"600\" \/>\n\t<meta property=\"og:image:height\" content=\"600\" \/>\n\t<meta property=\"og:image:type\" content=\"image\/webp\" \/>\n<meta name=\"twitter:card\" content=\"summary_large_image\" \/>\n<meta name=\"twitter:label1\" content=\"Disponibilit\u00e9\" \/>\n\t<meta name=\"twitter:data1\" content=\"En stock\" \/>\n<script type=\"application\/ld+json\" class=\"yoast-schema-graph\">{\"@context\":\"https:\/\/schema.org\",\"@graph\":[{\"@type\":[\"WebPage\",\"ItemPage\"],\"@id\":\"https:\/\/staging.belleflamme.ca\/fr\/produit\/joint-de-poele-de-remplacement-grapho-glas-de-rutland\/\",\"url\":\"https:\/\/staging.belleflamme.ca\/fr\/produit\/joint-de-poele-de-remplacement-grapho-glas-de-rutland\/\",\"name\":\"Joint de po\u00eale de remplacement Grapho-Glas\u00ae de Rutland - Groupe BelleFlamme\",\"isPartOf\":{\"@id\":\"https:\/\/www.belleflamme.ca\/fr\/#website\"},\"primaryImageOfPage\":{\"@id\":\"https:\/\/staging.belleflamme.ca\/fr\/produit\/joint-de-poele-de-remplacement-grapho-glas-de-rutland\/#primaryimage\"},\"image\":{\"@id\":\"https:\/\/staging.belleflamme.ca\/fr\/produit\/joint-de-poele-de-remplacement-grapho-glas-de-rutland\/#primaryimage\"},\"thumbnailUrl\":\"https:\/\/staging.belleflamme.ca\/wp-content\/uploads\/2024\/01\/Joint-de-poele-de-remplacement-Grapho-Glas-de-Rutland-1-4-5-16.webp\",\"datePublished\":\"2024-01-15T21:11:11+00:00\",\"dateModified\":\"2024-01-15T23:52:54+00:00\",\"description\":\"Joint de po\u00eale de remplacement Grapho-Glas\u00ae de Rutland [get_meta_en_fr]\",\"breadcrumb\":{\"@id\":\"https:\/\/staging.belleflamme.ca\/fr\/produit\/joint-de-poele-de-remplacement-grapho-glas-de-rutland\/#breadcrumb\"},\"inLanguage\":\"fr-FR\",\"potentialAction\":[{\"@type\":\"ReadAction\",\"target\":[\"https:\/\/staging.belleflamme.ca\/fr\/produit\/joint-de-poele-de-remplacement-grapho-glas-de-rutland\/\"]}]},{\"@type\":\"ImageObject\",\"inLanguage\":\"fr-FR\",\"@id\":\"https:\/\/staging.belleflamme.ca\/fr\/produit\/joint-de-poele-de-remplacement-grapho-glas-de-rutland\/#primaryimage\",\"url\":\"https:\/\/staging.belleflamme.ca\/wp-content\/uploads\/2024\/01\/Joint-de-poele-de-remplacement-Grapho-Glas-de-Rutland-1-4-5-16.webp\",\"contentUrl\":\"https:\/\/staging.belleflamme.ca\/wp-content\/uploads\/2024\/01\/Joint-de-poele-de-remplacement-Grapho-Glas-de-Rutland-1-4-5-16.webp\",\"width\":600,\"height\":600,\"caption\":\"Joint de po\u00eale de remplacement Grapho-Glas de Rutland 1 4 5 16\"},{\"@type\":\"BreadcrumbList\",\"@id\":\"https:\/\/staging.belleflamme.ca\/fr\/produit\/joint-de-poele-de-remplacement-grapho-glas-de-rutland\/#breadcrumb\",\"itemListElement\":[{\"@type\":\"ListItem\",\"position\":1,\"name\":\"Accueil\",\"item\":\"https:\/\/www.belleflamme.ca\/fr\/\"},{\"@type\":\"ListItem\",\"position\":2,\"name\":\"Boutique\",\"item\":\"https:\/\/www.belleflamme.ca\/fr\/boutique\/\"},{\"@type\":\"ListItem\",\"position\":3,\"name\":\"Chemin\u00e9es, Pi\u00e8ces &amp; Accessoires\",\"item\":\"https:\/\/staging.belleflamme.ca\/fr\/categories\/cheminees-pieces-accessoires\/\"},{\"@type\":\"ListItem\",\"position\":4,\"name\":\"Pi\u00e8ces &amp; Accessoires\",\"item\":\"https:\/\/staging.belleflamme.ca\/fr\/categories\/cheminees-pieces-accessoires\/pieces-accessoires\/\"},{\"@type\":\"ListItem\",\"position\":5,\"name\":\"Joint de po\u00eale de remplacement Grapho-Glas\u00ae de Rutland\"}]},{\"@type\":\"WebSite\",\"@id\":\"https:\/\/www.belleflamme.ca\/fr\/#website\",\"url\":\"https:\/\/www.belleflamme.ca\/fr\/\",\"name\":\"Groupe Belleflamme\",\"description\":\"La m\u00e9canique du b\u00e2timent dans le sang.\",\"publisher\":{\"@id\":\"https:\/\/www.belleflamme.ca\/fr\/#organization\"},\"potentialAction\":[{\"@type\":\"SearchAction\",\"target\":{\"@type\":\"EntryPoint\",\"urlTemplate\":\"https:\/\/www.belleflamme.ca\/fr\/?s={search_term_string}\"},\"query-input\":{\"@type\":\"PropertyValueSpecification\",\"valueRequired\":true,\"valueName\":\"search_term_string\"}}],\"inLanguage\":\"fr-FR\"},{\"@type\":[\"Organization\",\"Place\"],\"@id\":\"https:\/\/www.belleflamme.ca\/fr\/#organization\",\"name\":\"Groupe Belleflamme\",\"alternateName\":\"Belleflamme\",\"url\":\"https:\/\/www.belleflamme.ca\/fr\/\",\"logo\":{\"@type\":\"ImageObject\",\"inLanguage\":\"fr-FR\",\"@id\":\"https:\/\/www.belleflamme.ca\/fr\/#\/schema\/logo\/image\/\",\"url\":\"https:\/\/staging.belleflamme.ca\/wp-content\/uploads\/2023\/01\/og-image.jpg\",\"contentUrl\":\"https:\/\/staging.belleflamme.ca\/wp-content\/uploads\/2023\/01\/og-image.jpg\",\"width\":1200,\"height\":630,\"caption\":\"Groupe Belleflamme\"},\"image\":{\"@id\":\"https:\/\/www.belleflamme.ca\/fr\/#\/schema\/logo\/image\/\"},\"sameAs\":[\"https:\/\/www.facebook.com\/belleflamme.ca\/\",\"https:\/\/www.linkedin.com\/company\/belleflamme\/\",\"https:\/\/www.pinterest.ca\/groupebelleflamme\/\",\"https:\/\/www.instagram.com\/legroupebelleflamme\/\"],\"mainEntityOfPage\":{\"@id\":\"https:\/\/staging.belleflamme.ca\/fr\/produit\/joint-de-poele-de-remplacement-grapho-glas-de-rutland\/\"}}]}<\/script>\n<meta property=\"product:brand\" content=\"Rutland\" \/>\n<meta property=\"og:availability\" content=\"instock\" \/>\n<meta property=\"product:availability\" content=\"instock\" \/>\n<meta property=\"product:condition\" content=\"new\" \/>\n<!-- \/ Yoast SEO Premium plugin. -->","yoast_head_json":{"title":"Joint de po\u00eale de remplacement Grapho-Glas\u00ae de Rutland - Groupe BelleFlamme","description":"Joint de po\u00eale de remplacement Grapho-Glas\u00ae de Rutland vendu et install\u00e9 par le Groupe Belleflamme. Laval, Montr\u00e9al, Gatineau, Drummondville et Saint-Sauveur.","robots":{"index":"index","follow":"follow","max-snippet":"max-snippet:-1","max-image-preview":"max-image-preview:large","max-video-preview":"max-video-preview:-1"},"canonical":"https:\/\/staging.belleflamme.ca\/fr\/produit\/joint-de-poele-de-remplacement-grapho-glas-de-rutland\/","og_locale":"fr_FR","og_type":"article","og_title":"Joint de po\u00eale de remplacement Grapho-Glas\u00ae de Rutland","og_description":"Joint de po\u00eale de remplacement Grapho-Glas\u00ae de Rutland vendu et install\u00e9 par le Groupe Belleflamme. Laval, Montr\u00e9al, Gatineau, Drummondville et Saint-Sauveur.","og_url":"https:\/\/staging.belleflamme.ca\/fr\/produit\/joint-de-poele-de-remplacement-grapho-glas-de-rutland\/","og_site_name":"Groupe BelleFlamme","article_publisher":"https:\/\/www.facebook.com\/belleflamme.ca\/","article_modified_time":"2024-01-15T23:52:54+00:00","og_image":[{"width":600,"height":600,"url":"https:\/\/www.belleflamme.ca\/wp-content\/uploads\/2024\/01\/Joint-de-poele-de-remplacement-Grapho-Glas-de-Rutland-1-4-5-16.webp","type":"image\/webp"}],"twitter_card":"summary_large_image","twitter_misc":{"Disponibilit\u00e9":"En stock"},"schema":{"@context":"https:\/\/schema.org","@graph":[{"@type":["WebPage","ItemPage"],"@id":"https:\/\/staging.belleflamme.ca\/fr\/produit\/joint-de-poele-de-remplacement-grapho-glas-de-rutland\/","url":"https:\/\/staging.belleflamme.ca\/fr\/produit\/joint-de-poele-de-remplacement-grapho-glas-de-rutland\/","name":"Joint de po\u00eale de remplacement Grapho-Glas\u00ae de Rutland - Groupe BelleFlamme","isPartOf":{"@id":"https:\/\/www.belleflamme.ca\/fr\/#website"},"primaryImageOfPage":{"@id":"https:\/\/staging.belleflamme.ca\/fr\/produit\/joint-de-poele-de-remplacement-grapho-glas-de-rutland\/#primaryimage"},"image":{"@id":"https:\/\/staging.belleflamme.ca\/fr\/produit\/joint-de-poele-de-remplacement-grapho-glas-de-rutland\/#primaryimage"},"thumbnailUrl":"https:\/\/staging.belleflamme.ca\/wp-content\/uploads\/2024\/01\/Joint-de-poele-de-remplacement-Grapho-Glas-de-Rutland-1-4-5-16.webp","datePublished":"2024-01-15T21:11:11+00:00","dateModified":"2024-01-15T23:52:54+00:00","description":"Joint de po\u00eale de remplacement Grapho-Glas\u00ae de Rutland [get_meta_en_fr]","breadcrumb":{"@id":"https:\/\/staging.belleflamme.ca\/fr\/produit\/joint-de-poele-de-remplacement-grapho-glas-de-rutland\/#breadcrumb"},"inLanguage":"fr-FR","potentialAction":[{"@type":"ReadAction","target":["https:\/\/staging.belleflamme.ca\/fr\/produit\/joint-de-poele-de-remplacement-grapho-glas-de-rutland\/"]}]},{"@type":"ImageObject","inLanguage":"fr-FR","@id":"https:\/\/staging.belleflamme.ca\/fr\/produit\/joint-de-poele-de-remplacement-grapho-glas-de-rutland\/#primaryimage","url":"https:\/\/staging.belleflamme.ca\/wp-content\/uploads\/2024\/01\/Joint-de-poele-de-remplacement-Grapho-Glas-de-Rutland-1-4-5-16.webp","contentUrl":"https:\/\/staging.belleflamme.ca\/wp-content\/uploads\/2024\/01\/Joint-de-poele-de-remplacement-Grapho-Glas-de-Rutland-1-4-5-16.webp","width":600,"height":600,"caption":"Joint de po\u00eale de remplacement Grapho-Glas de Rutland 1 4 5 16"},{"@type":"BreadcrumbList","@id":"https:\/\/staging.belleflamme.ca\/fr\/produit\/joint-de-poele-de-remplacement-grapho-glas-de-rutland\/#breadcrumb","itemListElement":[{"@type":"ListItem","position":1,"name":"Accueil","item":"https:\/\/www.belleflamme.ca\/fr\/"},{"@type":"ListItem","position":2,"name":"Boutique","item":"https:\/\/www.belleflamme.ca\/fr\/boutique\/"},{"@type":"ListItem","position":3,"name":"Chemin\u00e9es, Pi\u00e8ces &amp; Accessoires","item":"https:\/\/staging.belleflamme.ca\/fr\/categories\/cheminees-pieces-accessoires\/"},{"@type":"ListItem","position":4,"name":"Pi\u00e8ces &amp; Accessoires","item":"https:\/\/staging.belleflamme.ca\/fr\/categories\/cheminees-pieces-accessoires\/pieces-accessoires\/"},{"@type":"ListItem","position":5,"name":"Joint de po\u00eale de remplacement Grapho-Glas\u00ae de Rutland"}]},{"@type":"WebSite","@id":"https:\/\/www.belleflamme.ca\/fr\/#website","url":"https:\/\/www.belleflamme.ca\/fr\/","name":"Groupe Belleflamme","description":"La m\u00e9canique du b\u00e2timent dans le sang.","publisher":{"@id":"https:\/\/www.belleflamme.ca\/fr\/#organization"},"potentialAction":[{"@type":"SearchAction","target":{"@type":"EntryPoint","urlTemplate":"https:\/\/www.belleflamme.ca\/fr\/?s={search_term_string}"},"query-input":{"@type":"PropertyValueSpecification","valueRequired":true,"valueName":"search_term_string"}}],"inLanguage":"fr-FR"},{"@type":["Organization","Place"],"@id":"https:\/\/www.belleflamme.ca\/fr\/#organization","name":"Groupe Belleflamme","alternateName":"Belleflamme","url":"https:\/\/www.belleflamme.ca\/fr\/","logo":{"@type":"ImageObject","inLanguage":"fr-FR","@id":"https:\/\/www.belleflamme.ca\/fr\/#\/schema\/logo\/image\/","url":"https:\/\/staging.belleflamme.ca\/wp-content\/uploads\/2023\/01\/og-image.jpg","contentUrl":"https:\/\/staging.belleflamme.ca\/wp-content\/uploads\/2023\/01\/og-image.jpg","width":1200,"height":630,"caption":"Groupe Belleflamme"},"image":{"@id":"https:\/\/www.belleflamme.ca\/fr\/#\/schema\/logo\/image\/"},"sameAs":["https:\/\/www.facebook.com\/belleflamme.ca\/","https:\/\/www.linkedin.com\/company\/belleflamme\/","https:\/\/www.pinterest.ca\/groupebelleflamme\/","https:\/\/www.instagram.com\/legroupebelleflamme\/"],"mainEntityOfPage":{"@id":"https:\/\/staging.belleflamme.ca\/fr\/produit\/joint-de-poele-de-remplacement-grapho-glas-de-rutland\/"}}]},"product_brand":"Rutland","og_availability":"instock","product_availability":"instock","product_condition":"new"},"_links":{"self":[{"href":"https:\/\/staging.belleflamme.ca\/fr\/wp-json\/wp\/v2\/product\/26276","targetHints":{"allow":["GET"]}}],"collection":[{"href":"https:\/\/staging.belleflamme.ca\/fr\/wp-json\/wp\/v2\/product"}],"about":[{"href":"https:\/\/staging.belleflamme.ca\/fr\/wp-json\/wp\/v2\/types\/product"}],"version-history":[{"count":4,"href":"https:\/\/staging.belleflamme.ca\/fr\/wp-json\/wp\/v2\/product\/26276\/revisions"}],"predecessor-version":[{"id":26303,"href":"https:\/\/staging.belleflamme.ca\/fr\/wp-json\/wp\/v2\/product\/26276\/revisions\/26303"}],"wp:featuredmedia":[{"embeddable":true,"href":"https:\/\/staging.belleflamme.ca\/fr\/wp-json\/wp\/v2\/media\/26287"}],"wp:attachment":[{"href":"https:\/\/staging.belleflamme.ca\/fr\/wp-json\/wp\/v2\/media?parent=26276"}],"wp:term":[{"taxonomy":"product_brand","embeddable":true,"href":"https:\/\/staging.belleflamme.ca\/fr\/wp-json\/wp\/v2\/product_brand?post=26276"},{"taxonomy":"product_cat","embeddable":true,"href":"https:\/\/staging.belleflamme.ca\/fr\/wp-json\/wp\/v2\/product_cat?post=26276"},{"taxonomy":"product_tag","embeddable":true,"href":"https:\/\/staging.belleflamme.ca\/fr\/wp-json\/wp\/v2\/product_tag?post=26276"}],"curies":[{"name":"wp","href":"https:\/\/api.w.org\/{rel}","templated":true}]}}