{"id":26250,"date":"2024-01-15T15:37:26","date_gmt":"2024-01-15T20:37:26","guid":{"rendered":"https:\/\/www.belleflamme.ca\/?post_type=product&#038;p=26250"},"modified":"2024-01-18T10:58:29","modified_gmt":"2024-01-18T15:58:29","slug":"scellant-au-latex-flexible-seal-it-right-de-rutland","status":"publish","type":"product","link":"https:\/\/staging.belleflamme.ca\/fr\/produit\/scellant-au-latex-flexible-seal-it-right-de-rutland\/","title":{"rendered":"Scellant au latex flexible Seal It Right\u00ae de Rutland"},"content":{"rendered":"\t\t<div data-elementor-type=\"product-post\" data-elementor-id=\"26250\" class=\"elementor elementor-26250\" data-elementor-post-type=\"product\">\n\t\t\t\t\t\t<section class=\"elementor-section elementor-top-section elementor-element elementor-element-29e3bfd4 elementor-section-boxed elementor-section-height-default elementor-section-height-default\" data-id=\"29e3bfd4\" data-element_type=\"section\">\n\t\t\t\t\t\t<div class=\"elementor-container elementor-column-gap-default\">\n\t\t\t\t\t<div class=\"elementor-column elementor-col-100 elementor-top-column elementor-element elementor-element-2254e5f\" data-id=\"2254e5f\" data-element_type=\"column\">\n\t\t\t<div class=\"elementor-widget-wrap elementor-element-populated\">\n\t\t\t\t\t\t<div class=\"elementor-element elementor-element-99b5cce elementor-widget elementor-widget-text-editor\" data-id=\"99b5cce\" data-element_type=\"widget\" data-widget_type=\"text-editor.default\">\n\t\t\t\t<div class=\"elementor-widget-container\">\n\t\t\t\t\t\t\t\t\t<iframe title=\"YouTube video player\" src=\"https:\/\/www.youtube.com\/embed\/aFxgP-LIxuU?si=aFemrZP5EjvaypJS\" width=\"560\" height=\"315\" frameborder=\"0\" allowfullscreen=\"allowfullscreen\"><\/iframe>\r\n\r\n<strong>Le scellant au latex flexible RUTLAND\u00a0<\/strong><strong>\u00a0Seal It Right\u00ae<\/strong>\u00a0forme un joint non permanent qui se dilate et se contracte avec les variations de chaleur.\u00a0\u00c0 utiliser avec le m\u00e9tal, le bois, le plastique, la ma\u00e7onnerie et l&#8217;aluminium.\u00a0Utiliser pour installer et entretenir des appareils \u00e0 ventilation directe, des syst\u00e8mes de combustion au gaz, des po\u00eales \u00e0 granul\u00e9s et des conduits m\u00e9talliques sur les po\u00eales \u00e0 bois et \u00e0 charbon.\u00a0Pas un adh\u00e9sif.\u00a0Facilement retir\u00e9 pour le nettoyage et l&#8217;inspection.\r\n<ul>\r\n \t<li>Tube de 2,3 fl oz et cartouche de 10,3 fl oz<\/li>\r\n \t<li>Noir<\/li>\r\n \t<li>Temp\u00e9rature nominale\u00a0:\u00a0800 \u00baF en continu<\/li>\r\n \t<li>Utilisation int\u00e9rieure et ext\u00e9rieure<\/li>\r\n \t<li>Fabriqu\u00e9 aux Etats-Unis<\/li>\r\n \t<li>Pas \u00e0 vendre en Californie<\/li>\r\n<\/ul>\r\nAVERTISSEMENT\u00a0: ce produit peut vous exposer \u00e0 des produits chimiques, notamment la silice, le noir de carbone et le formald\u00e9hyde, reconnus par l&#8217;\u00c9tat de Californie pour provoquer le cancer, et le m\u00e9thanol, reconnu par l&#8217;\u00c9tat de Californie pour provoquer des malformations cong\u00e9nitales ou d&#8217;autres probl\u00e8mes de reproduction.\u00a0Pour plus d&#8217;informations, rendez-vous sur\u00a0<a href=\"https:\/\/www.p65warnings.ca.gov\/\" target=\"_blank\" rel=\"noopener\">www.P65Warnings.ca.gov<\/a>\u00a0.\r\n\r\nd\u00e9tails du produit\r\n\r\nTube de 2,3 onces liquides\r\n<ul>\r\n \t<li><strong>CUP\u00a0:\u00a0<\/strong>\u00a0022624-06411-4<\/li>\r\n \t<li><strong>Poids :\u00a0<\/strong>\u00a00,25 lb<\/li>\r\n \t<li><strong>Dimensions\u00a0:\u00a0<\/strong>\u00a07,75 \u00d7 2,125 \u00d7 1,25 pouces<\/li>\r\n \t<li><strong>AVERTISSEMENT\u00a0:<\/strong>\u00a0Ce produit peut vous exposer \u00e0 des produits chimiques, notamment la silice et le formald\u00e9hyde, reconnus par l&#8217;\u00c9tat de Californie pour provoquer le cancer, et le m\u00e9thanol, reconnu par l&#8217;\u00c9tat de Californie pour provoquer des malformations cong\u00e9nitales ou d&#8217;autres probl\u00e8mes de reproduction.\u00a0Pour plus d\u2019informations, visitez www.P65Warnings.ca.gov<\/li>\r\n<\/ul>\r\nCartouche de 10,3 onces liquides\r\n<ul>\r\n \t<li><strong>CUP\u00a0:\u00a0<\/strong>\u00a0022624-00641-1<\/li>\r\n \t<li><strong>Poids :\u00a0<\/strong>\u00a01,2 livres<\/li>\r\n \t<li><strong>Dimensions\u00a0:\u00a0<\/strong>\u00a011,25 \u00d7 1,875 \u00d7 1,875 pouces<\/li>\r\n \t<li><strong>AVERTISSEMENT\u00a0:<\/strong>\u00a0Ce produit peut vous exposer \u00e0 des produits chimiques, notamment la silice et le formald\u00e9hyde, reconnus par l&#8217;\u00c9tat de Californie pour provoquer le cancer, et le m\u00e9thanol, reconnu par l&#8217;\u00c9tat de Californie pour provoquer des malformations cong\u00e9nitales ou d&#8217;autres probl\u00e8mes de reproduction.\u00a0Pour plus d\u2019informations, visitez www.P65Warnings.ca.gov<\/li>\r\n<\/ul>\t\t\t\t\t\t\t\t<\/div>\n\t\t\t\t<\/div>\n\t\t\t\t\t<\/div>\n\t\t<\/div>\n\t\t\t\t\t<\/div>\n\t\t<\/section>\n\t\t\t\t<section class=\"elementor-section elementor-top-section elementor-element elementor-element-c4292b7 elementor-section-boxed elementor-section-height-default elementor-section-height-default\" data-id=\"c4292b7\" data-element_type=\"section\">\n\t\t\t\t\t\t<div class=\"elementor-container elementor-column-gap-default\">\n\t\t\t\t\t<div class=\"elementor-column elementor-col-100 elementor-top-column elementor-element elementor-element-c2f1a60\" data-id=\"c2f1a60\" data-element_type=\"column\">\n\t\t\t<div class=\"elementor-widget-wrap elementor-element-populated\">\n\t\t\t\t\t\t<div class=\"elementor-element elementor-element-47036f0 elementor-tabs-view-horizontal elementor-widget elementor-widget-tabs\" data-id=\"47036f0\" data-element_type=\"widget\" data-widget_type=\"tabs.default\">\n\t\t\t\t<div class=\"elementor-widget-container\">\n\t\t\t\t\t\t\t<div class=\"elementor-tabs\">\n\t\t\t<div class=\"elementor-tabs-wrapper\" role=\"tablist\" >\n\t\t\t\t\t\t\t\t\t<div id=\"elementor-tab-title-7441\" class=\"elementor-tab-title elementor-tab-desktop-title\" aria-selected=\"true\" data-tab=\"1\" role=\"tab\" tabindex=\"0\" aria-controls=\"elementor-tab-content-7441\" aria-expanded=\"false\">Fichiers<\/div>\n\t\t\t\t\t\t\t<\/div>\n\t\t\t<div class=\"elementor-tabs-content-wrapper\" role=\"tablist\" aria-orientation=\"vertical\">\n\t\t\t\t\t\t\t\t\t<div class=\"elementor-tab-title elementor-tab-mobile-title\" aria-selected=\"true\" data-tab=\"1\" role=\"tab\" tabindex=\"0\" aria-controls=\"elementor-tab-content-7441\" aria-expanded=\"false\">Fichiers<\/div>\n\t\t\t\t\t<div id=\"elementor-tab-content-7441\" class=\"elementor-tab-content elementor-clearfix\" data-tab=\"1\" role=\"tabpanel\" aria-labelledby=\"elementor-tab-title-7441\" tabindex=\"0\" hidden=\"false\"><i class=\"far fa-file-pdf fa-xl\" style=\"font-size:35px\"><\/i><a href=\"https:\/\/www.belleflamme.ca\/wp-content\/uploads\/2024\/01\/RUTLAND-641-641C-SDS.pdf\"> Donn\u00e9es de S\u00e9curit\u00e9<\/a><\/br><\/div>\n\t\t\t\t\t\t\t<\/div>\n\t\t<\/div>\n\t\t\t\t\t\t<\/div>\n\t\t\t\t<\/div>\n\t\t\t\t\t<\/div>\n\t\t<\/div>\n\t\t\t\t\t<\/div>\n\t\t<\/section>\n\t\t\t\t<\/div>\n\t\t","protected":false},"excerpt":{"rendered":"<p>Le scellant au latex flexible RUTLAND\u00a0\u00a0Seal It Right\u00ae\u00a0forme un joint non permanent qui se dilate et se contracte avec les variations de chaleur.\u00a0\u00c0 utiliser avec le m\u00e9tal, le bois, le plastique, la ma\u00e7onnerie et l&#8217;aluminium.\u00a0Utiliser pour installer et entretenir des appareils \u00e0 ventilation directe, des syst\u00e8mes de combustion au gaz, des po\u00eales \u00e0 granul\u00e9s et [&hellip;]<\/p>\n","protected":false},"featured_media":26251,"template":"","meta":{"inline_featured_image":false},"product_brand":[885],"product_cat":[1114,45],"product_tag":[],"class_list":{"0":"post-26250","1":"product","2":"type-product","3":"status-publish","4":"has-post-thumbnail","6":"product_brand-rutland","7":"product_cat-ciment-mortier-et-scellant-a-foyer","8":"product_cat-cheminees-pieces-accessoires","10":"first","11":"instock","12":"taxable","13":"shipping-taxable","14":"purchasable","15":"product-type-variable"},"yoast_head":"<!-- This site is optimized with the Yoast SEO Premium plugin v24.2 (Yoast SEO v24.2) - https:\/\/yoast.com\/wordpress\/plugins\/seo\/ -->\n<title>Scellant au latex flexible Seal It Right\u00ae de Rutland - Groupe BelleFlamme<\/title>\n<meta name=\"description\" content=\"Scellant au latex flexible Seal It Right\u00ae de Rutland\" \/>\n<meta name=\"robots\" content=\"index, follow, max-snippet:-1, max-image-preview:large, max-video-preview:-1\" \/>\n<link rel=\"canonical\" href=\"https:\/\/staging.belleflamme.ca\/fr\/produit\/scellant-au-latex-flexible-seal-it-right-de-rutland\/\" \/>\n<meta property=\"og:locale\" content=\"fr_FR\" \/>\n<meta property=\"og:type\" content=\"article\" \/>\n<meta property=\"og:title\" content=\"Scellant au latex flexible Seal It Right\u00ae de Rutland\" \/>\n<meta property=\"og:description\" content=\"Scellant au latex flexible Seal It Right\u00ae de Rutland\" \/>\n<meta property=\"og:url\" content=\"https:\/\/staging.belleflamme.ca\/fr\/produit\/scellant-au-latex-flexible-seal-it-right-de-rutland\/\" \/>\n<meta property=\"og:site_name\" content=\"Groupe BelleFlamme\" \/>\n<meta property=\"article:publisher\" content=\"https:\/\/www.facebook.com\/belleflamme.ca\/\" \/>\n<meta property=\"article:modified_time\" content=\"2024-01-18T15:58:29+00:00\" \/>\n<meta property=\"og:image\" content=\"https:\/\/www.belleflamme.ca\/wp-content\/uploads\/2024\/01\/Scellant-au-latex-flexible-Seal-It-Right-de-Rutland.webp\" \/>\n\t<meta property=\"og:image:width\" content=\"600\" \/>\n\t<meta property=\"og:image:height\" content=\"600\" \/>\n\t<meta property=\"og:image:type\" content=\"image\/webp\" \/>\n<meta name=\"twitter:card\" content=\"summary_large_image\" \/>\n<meta name=\"twitter:label1\" content=\"Disponibilit\u00e9\" \/>\n\t<meta name=\"twitter:data1\" content=\"En stock\" \/>\n<script type=\"application\/ld+json\" class=\"yoast-schema-graph\">{\"@context\":\"https:\/\/schema.org\",\"@graph\":[{\"@type\":[\"WebPage\",\"ItemPage\"],\"@id\":\"https:\/\/staging.belleflamme.ca\/fr\/produit\/scellant-au-latex-flexible-seal-it-right-de-rutland\/\",\"url\":\"https:\/\/staging.belleflamme.ca\/fr\/produit\/scellant-au-latex-flexible-seal-it-right-de-rutland\/\",\"name\":\"Scellant au latex flexible Seal It Right\u00ae de Rutland - Groupe BelleFlamme\",\"isPartOf\":{\"@id\":\"https:\/\/www.belleflamme.ca\/fr\/#website\"},\"primaryImageOfPage\":{\"@id\":\"https:\/\/staging.belleflamme.ca\/fr\/produit\/scellant-au-latex-flexible-seal-it-right-de-rutland\/#primaryimage\"},\"image\":{\"@id\":\"https:\/\/staging.belleflamme.ca\/fr\/produit\/scellant-au-latex-flexible-seal-it-right-de-rutland\/#primaryimage\"},\"thumbnailUrl\":\"https:\/\/staging.belleflamme.ca\/wp-content\/uploads\/2024\/01\/Scellant-au-latex-flexible-Seal-It-Right-de-Rutland.webp\",\"datePublished\":\"2024-01-15T20:37:26+00:00\",\"dateModified\":\"2024-01-18T15:58:29+00:00\",\"description\":\"Scellant au latex flexible Seal It Right\u00ae de Rutland\",\"breadcrumb\":{\"@id\":\"https:\/\/staging.belleflamme.ca\/fr\/produit\/scellant-au-latex-flexible-seal-it-right-de-rutland\/#breadcrumb\"},\"inLanguage\":\"fr-FR\",\"potentialAction\":[{\"@type\":\"ReadAction\",\"target\":[\"https:\/\/staging.belleflamme.ca\/fr\/produit\/scellant-au-latex-flexible-seal-it-right-de-rutland\/\"]}]},{\"@type\":\"ImageObject\",\"inLanguage\":\"fr-FR\",\"@id\":\"https:\/\/staging.belleflamme.ca\/fr\/produit\/scellant-au-latex-flexible-seal-it-right-de-rutland\/#primaryimage\",\"url\":\"https:\/\/staging.belleflamme.ca\/wp-content\/uploads\/2024\/01\/Scellant-au-latex-flexible-Seal-It-Right-de-Rutland.webp\",\"contentUrl\":\"https:\/\/staging.belleflamme.ca\/wp-content\/uploads\/2024\/01\/Scellant-au-latex-flexible-Seal-It-Right-de-Rutland.webp\",\"width\":600,\"height\":600,\"caption\":\"Scellant au latex flexible Seal It Right de Rutland\"},{\"@type\":\"BreadcrumbList\",\"@id\":\"https:\/\/staging.belleflamme.ca\/fr\/produit\/scellant-au-latex-flexible-seal-it-right-de-rutland\/#breadcrumb\",\"itemListElement\":[{\"@type\":\"ListItem\",\"position\":1,\"name\":\"Accueil\",\"item\":\"https:\/\/www.belleflamme.ca\/fr\/\"},{\"@type\":\"ListItem\",\"position\":2,\"name\":\"Boutique\",\"item\":\"https:\/\/www.belleflamme.ca\/fr\/boutique\/\"},{\"@type\":\"ListItem\",\"position\":3,\"name\":\"Chemin\u00e9es, Pi\u00e8ces &amp; Accessoires\",\"item\":\"https:\/\/staging.belleflamme.ca\/fr\/categories\/cheminees-pieces-accessoires\/\"},{\"@type\":\"ListItem\",\"position\":4,\"name\":\"Ciment, Mortier et Scellant \u00e0 Foyer\",\"item\":\"https:\/\/staging.belleflamme.ca\/fr\/categories\/cheminees-pieces-accessoires\/ciment-mortier-et-scellant-a-foyer\/\"},{\"@type\":\"ListItem\",\"position\":5,\"name\":\"Scellant au latex flexible Seal It Right\u00ae de Rutland\"}]},{\"@type\":\"WebSite\",\"@id\":\"https:\/\/www.belleflamme.ca\/fr\/#website\",\"url\":\"https:\/\/www.belleflamme.ca\/fr\/\",\"name\":\"Groupe Belleflamme\",\"description\":\"La m\u00e9canique du b\u00e2timent dans le sang.\",\"publisher\":{\"@id\":\"https:\/\/www.belleflamme.ca\/fr\/#organization\"},\"potentialAction\":[{\"@type\":\"SearchAction\",\"target\":{\"@type\":\"EntryPoint\",\"urlTemplate\":\"https:\/\/www.belleflamme.ca\/fr\/?s={search_term_string}\"},\"query-input\":{\"@type\":\"PropertyValueSpecification\",\"valueRequired\":true,\"valueName\":\"search_term_string\"}}],\"inLanguage\":\"fr-FR\"},{\"@type\":[\"Organization\",\"Place\"],\"@id\":\"https:\/\/www.belleflamme.ca\/fr\/#organization\",\"name\":\"Groupe Belleflamme\",\"alternateName\":\"Belleflamme\",\"url\":\"https:\/\/www.belleflamme.ca\/fr\/\",\"logo\":{\"@type\":\"ImageObject\",\"inLanguage\":\"fr-FR\",\"@id\":\"https:\/\/www.belleflamme.ca\/fr\/#\/schema\/logo\/image\/\",\"url\":\"https:\/\/staging.belleflamme.ca\/wp-content\/uploads\/2023\/01\/og-image.jpg\",\"contentUrl\":\"https:\/\/staging.belleflamme.ca\/wp-content\/uploads\/2023\/01\/og-image.jpg\",\"width\":1200,\"height\":630,\"caption\":\"Groupe Belleflamme\"},\"image\":{\"@id\":\"https:\/\/www.belleflamme.ca\/fr\/#\/schema\/logo\/image\/\"},\"sameAs\":[\"https:\/\/www.facebook.com\/belleflamme.ca\/\",\"https:\/\/www.linkedin.com\/company\/belleflamme\/\",\"https:\/\/www.pinterest.ca\/groupebelleflamme\/\",\"https:\/\/www.instagram.com\/legroupebelleflamme\/\"],\"mainEntityOfPage\":{\"@id\":\"https:\/\/staging.belleflamme.ca\/fr\/produit\/scellant-au-latex-flexible-seal-it-right-de-rutland\/\"}}]}<\/script>\n<meta property=\"product:brand\" content=\"Rutland\" \/>\n<meta property=\"og:availability\" content=\"instock\" \/>\n<meta property=\"product:availability\" content=\"instock\" \/>\n<meta property=\"product:condition\" content=\"new\" \/>\n<!-- \/ Yoast SEO Premium plugin. -->","yoast_head_json":{"title":"Scellant au latex flexible Seal It Right\u00ae de Rutland - Groupe BelleFlamme","description":"Scellant au latex flexible Seal It Right\u00ae de Rutland","robots":{"index":"index","follow":"follow","max-snippet":"max-snippet:-1","max-image-preview":"max-image-preview:large","max-video-preview":"max-video-preview:-1"},"canonical":"https:\/\/staging.belleflamme.ca\/fr\/produit\/scellant-au-latex-flexible-seal-it-right-de-rutland\/","og_locale":"fr_FR","og_type":"article","og_title":"Scellant au latex flexible Seal It Right\u00ae de Rutland","og_description":"Scellant au latex flexible Seal It Right\u00ae de Rutland","og_url":"https:\/\/staging.belleflamme.ca\/fr\/produit\/scellant-au-latex-flexible-seal-it-right-de-rutland\/","og_site_name":"Groupe BelleFlamme","article_publisher":"https:\/\/www.facebook.com\/belleflamme.ca\/","article_modified_time":"2024-01-18T15:58:29+00:00","og_image":[{"width":600,"height":600,"url":"https:\/\/www.belleflamme.ca\/wp-content\/uploads\/2024\/01\/Scellant-au-latex-flexible-Seal-It-Right-de-Rutland.webp","type":"image\/webp"}],"twitter_card":"summary_large_image","twitter_misc":{"Disponibilit\u00e9":"En stock"},"schema":{"@context":"https:\/\/schema.org","@graph":[{"@type":["WebPage","ItemPage"],"@id":"https:\/\/staging.belleflamme.ca\/fr\/produit\/scellant-au-latex-flexible-seal-it-right-de-rutland\/","url":"https:\/\/staging.belleflamme.ca\/fr\/produit\/scellant-au-latex-flexible-seal-it-right-de-rutland\/","name":"Scellant au latex flexible Seal It Right\u00ae de Rutland - Groupe BelleFlamme","isPartOf":{"@id":"https:\/\/www.belleflamme.ca\/fr\/#website"},"primaryImageOfPage":{"@id":"https:\/\/staging.belleflamme.ca\/fr\/produit\/scellant-au-latex-flexible-seal-it-right-de-rutland\/#primaryimage"},"image":{"@id":"https:\/\/staging.belleflamme.ca\/fr\/produit\/scellant-au-latex-flexible-seal-it-right-de-rutland\/#primaryimage"},"thumbnailUrl":"https:\/\/staging.belleflamme.ca\/wp-content\/uploads\/2024\/01\/Scellant-au-latex-flexible-Seal-It-Right-de-Rutland.webp","datePublished":"2024-01-15T20:37:26+00:00","dateModified":"2024-01-18T15:58:29+00:00","description":"Scellant au latex flexible Seal It Right\u00ae de Rutland","breadcrumb":{"@id":"https:\/\/staging.belleflamme.ca\/fr\/produit\/scellant-au-latex-flexible-seal-it-right-de-rutland\/#breadcrumb"},"inLanguage":"fr-FR","potentialAction":[{"@type":"ReadAction","target":["https:\/\/staging.belleflamme.ca\/fr\/produit\/scellant-au-latex-flexible-seal-it-right-de-rutland\/"]}]},{"@type":"ImageObject","inLanguage":"fr-FR","@id":"https:\/\/staging.belleflamme.ca\/fr\/produit\/scellant-au-latex-flexible-seal-it-right-de-rutland\/#primaryimage","url":"https:\/\/staging.belleflamme.ca\/wp-content\/uploads\/2024\/01\/Scellant-au-latex-flexible-Seal-It-Right-de-Rutland.webp","contentUrl":"https:\/\/staging.belleflamme.ca\/wp-content\/uploads\/2024\/01\/Scellant-au-latex-flexible-Seal-It-Right-de-Rutland.webp","width":600,"height":600,"caption":"Scellant au latex flexible Seal It Right de Rutland"},{"@type":"BreadcrumbList","@id":"https:\/\/staging.belleflamme.ca\/fr\/produit\/scellant-au-latex-flexible-seal-it-right-de-rutland\/#breadcrumb","itemListElement":[{"@type":"ListItem","position":1,"name":"Accueil","item":"https:\/\/www.belleflamme.ca\/fr\/"},{"@type":"ListItem","position":2,"name":"Boutique","item":"https:\/\/www.belleflamme.ca\/fr\/boutique\/"},{"@type":"ListItem","position":3,"name":"Chemin\u00e9es, Pi\u00e8ces &amp; Accessoires","item":"https:\/\/staging.belleflamme.ca\/fr\/categories\/cheminees-pieces-accessoires\/"},{"@type":"ListItem","position":4,"name":"Ciment, Mortier et Scellant \u00e0 Foyer","item":"https:\/\/staging.belleflamme.ca\/fr\/categories\/cheminees-pieces-accessoires\/ciment-mortier-et-scellant-a-foyer\/"},{"@type":"ListItem","position":5,"name":"Scellant au latex flexible Seal It Right\u00ae de Rutland"}]},{"@type":"WebSite","@id":"https:\/\/www.belleflamme.ca\/fr\/#website","url":"https:\/\/www.belleflamme.ca\/fr\/","name":"Groupe Belleflamme","description":"La m\u00e9canique du b\u00e2timent dans le sang.","publisher":{"@id":"https:\/\/www.belleflamme.ca\/fr\/#organization"},"potentialAction":[{"@type":"SearchAction","target":{"@type":"EntryPoint","urlTemplate":"https:\/\/www.belleflamme.ca\/fr\/?s={search_term_string}"},"query-input":{"@type":"PropertyValueSpecification","valueRequired":true,"valueName":"search_term_string"}}],"inLanguage":"fr-FR"},{"@type":["Organization","Place"],"@id":"https:\/\/www.belleflamme.ca\/fr\/#organization","name":"Groupe Belleflamme","alternateName":"Belleflamme","url":"https:\/\/www.belleflamme.ca\/fr\/","logo":{"@type":"ImageObject","inLanguage":"fr-FR","@id":"https:\/\/www.belleflamme.ca\/fr\/#\/schema\/logo\/image\/","url":"https:\/\/staging.belleflamme.ca\/wp-content\/uploads\/2023\/01\/og-image.jpg","contentUrl":"https:\/\/staging.belleflamme.ca\/wp-content\/uploads\/2023\/01\/og-image.jpg","width":1200,"height":630,"caption":"Groupe Belleflamme"},"image":{"@id":"https:\/\/www.belleflamme.ca\/fr\/#\/schema\/logo\/image\/"},"sameAs":["https:\/\/www.facebook.com\/belleflamme.ca\/","https:\/\/www.linkedin.com\/company\/belleflamme\/","https:\/\/www.pinterest.ca\/groupebelleflamme\/","https:\/\/www.instagram.com\/legroupebelleflamme\/"],"mainEntityOfPage":{"@id":"https:\/\/staging.belleflamme.ca\/fr\/produit\/scellant-au-latex-flexible-seal-it-right-de-rutland\/"}}]},"product_brand":"Rutland","og_availability":"instock","product_availability":"instock","product_condition":"new"},"_links":{"self":[{"href":"https:\/\/staging.belleflamme.ca\/fr\/wp-json\/wp\/v2\/product\/26250","targetHints":{"allow":["GET"]}}],"collection":[{"href":"https:\/\/staging.belleflamme.ca\/fr\/wp-json\/wp\/v2\/product"}],"about":[{"href":"https:\/\/staging.belleflamme.ca\/fr\/wp-json\/wp\/v2\/types\/product"}],"version-history":[{"count":5,"href":"https:\/\/staging.belleflamme.ca\/fr\/wp-json\/wp\/v2\/product\/26250\/revisions"}],"predecessor-version":[{"id":27203,"href":"https:\/\/staging.belleflamme.ca\/fr\/wp-json\/wp\/v2\/product\/26250\/revisions\/27203"}],"wp:featuredmedia":[{"embeddable":true,"href":"https:\/\/staging.belleflamme.ca\/fr\/wp-json\/wp\/v2\/media\/26251"}],"wp:attachment":[{"href":"https:\/\/staging.belleflamme.ca\/fr\/wp-json\/wp\/v2\/media?parent=26250"}],"wp:term":[{"taxonomy":"product_brand","embeddable":true,"href":"https:\/\/staging.belleflamme.ca\/fr\/wp-json\/wp\/v2\/product_brand?post=26250"},{"taxonomy":"product_cat","embeddable":true,"href":"https:\/\/staging.belleflamme.ca\/fr\/wp-json\/wp\/v2\/product_cat?post=26250"},{"taxonomy":"product_tag","embeddable":true,"href":"https:\/\/staging.belleflamme.ca\/fr\/wp-json\/wp\/v2\/product_tag?post=26250"}],"curies":[{"name":"wp","href":"https:\/\/api.w.org\/{rel}","templated":true}]}}