{"id":26192,"date":"2024-01-15T14:37:46","date_gmt":"2024-01-15T19:37:46","guid":{"rendered":"https:\/\/www.belleflamme.ca\/?post_type=product&#038;p=26192"},"modified":"2024-01-18T10:58:52","modified_gmt":"2024-01-18T15:58:52","slug":"scellant-silicone-haute-temperature-rtv-500-of-de-rutland","status":"publish","type":"product","link":"https:\/\/staging.belleflamme.ca\/fr\/produit\/scellant-silicone-haute-temperature-rtv-500-of-de-rutland\/","title":{"rendered":"Scellant silicone haute temp\u00e9rature RTV 500 \u00baF de Rutland"},"content":{"rendered":"\t\t<div data-elementor-type=\"product-post\" data-elementor-id=\"26192\" class=\"elementor elementor-26192\" data-elementor-post-type=\"product\">\n\t\t\t\t\t\t<section class=\"elementor-section elementor-top-section elementor-element elementor-element-494f26bc elementor-section-boxed elementor-section-height-default elementor-section-height-default\" data-id=\"494f26bc\" data-element_type=\"section\">\n\t\t\t\t\t\t<div class=\"elementor-container elementor-column-gap-default\">\n\t\t\t\t\t<div class=\"elementor-column elementor-col-100 elementor-top-column elementor-element elementor-element-6fc9796f\" data-id=\"6fc9796f\" data-element_type=\"column\">\n\t\t\t<div class=\"elementor-widget-wrap elementor-element-populated\">\n\t\t\t\t\t\t<div class=\"elementor-element elementor-element-6bf2915a elementor-widget elementor-widget-text-editor\" data-id=\"6bf2915a\" data-element_type=\"widget\" data-widget_type=\"text-editor.default\">\n\t\t\t\t<div class=\"elementor-widget-container\">\n\t\t\t\t\t\t\t\t\t<span style=\"color: #c8102e;\"><strong>Le mastic silicone RUTLAND\u00a0<\/strong><\/span>\u00a0<span style=\"color: #c8102e;\"><strong>500\u00baF RTV haute temp\u00e9rature<\/strong><\/span>\u00a0\u00a0est une excellente solution pour les besoins en mastic et en adh\u00e9sif.\u00a0Non seulement c&#8217;est un adh\u00e9sif puissant, mais il scelle \u00e9galement les gaz et la fum\u00e9e de fa\u00e7on permanente, avec des utilisations illimit\u00e9es \u00e0 la maison ou m\u00eame sur un chantier.\u00a0Utilisez-le pour sceller les inserts de chemin\u00e9e, r\u00e9parer les panneaux solaires ou appliquer des carreaux de c\u00e9ramique sur le pourtour de votre chemin\u00e9e ou un \u00e9cran thermique derri\u00e8re votre po\u00eale.\u00a0Scellez un chapeau de chemin\u00e9e pour r\u00e9sister au vent, \u00e0 la pluie et \u00e0 la fum\u00e9e chaude.\r\n\r\nLe silicone adh\u00e8re \u00e0 la plupart des surfaces propres, notamment le verre, le m\u00e9tal, les plastiques, la fibre de verre, le bois, la brique et la pierre.\u00a0Disponible en diff\u00e9rentes couleurs et tailles, une combinaison parfaite existe pour votre projet ou r\u00e9paration !\r\n<ul>\r\n \t<li>Tube de 2,7 oz ou cartouche de 10,3 oz<\/li>\r\n \t<li>Noir ou clair<\/li>\r\n \t<li>Reste flexible \u00e0 des temp\u00e9ratures allant jusqu&#8217;\u00e0 500 \u00b0F par intermittence ou 450 \u00b0F en continu<\/li>\r\n \t<li>Utilisation int\u00e9rieure et ext\u00e9rieure<\/li>\r\n \t<li>Fabriqu\u00e9 aux Etats-Unis<\/li>\r\n<\/ul>\r\n<strong>D\u00e9tails des produits<\/strong>\r\n\r\n<strong>Noir (10,3 onces liquides)\r\n<\/strong>\r\n<ul>\r\n \t<li><strong>CUP\u00a0:\u00a0<\/strong><span class=\"wpm_gtin wpm_pgw_code\" data-product-id=\"965\">\u00a0022624-00076-1<\/span><\/li>\r\n \t<li><strong>Poids :\u00a0<\/strong>\u00a00,8 livres<\/li>\r\n \t<li><strong>Dimensions\u00a0:\u00a0<\/strong>11,25 \u00d7 1,875 \u00d7 1,875 pouces<\/li>\r\n \t<li><strong>Taille :<\/strong>\u00a010,3 onces liquides<\/li>\r\n<\/ul>\r\n<strong>Noir (2,7 onces liquides)\r\n<\/strong>\r\n<ul>\r\n \t<li><strong>CUP\u00a0:\u00a0<\/strong>\u00a0022624-00176-8<\/li>\r\n \t<li><strong>Poids :\u00a0<\/strong>\u00a00,2 lb<\/li>\r\n \t<li><strong>Dimensions\u00a0:\u00a0<\/strong>\u00a07,75 \u00d7 2,125 \u00d7 2,125 pouces<\/li>\r\n \t<li><strong>Taille :\u00a0<\/strong>\u00a02,7 onces liquides<\/li>\r\n<\/ul>\r\n<strong>Clair (10,3 onces liquides)\r\n<\/strong>\r\n<ul>\r\n \t<li><strong>CUP\u00a0:<\/strong>\u00a0022624-00376-2<\/li>\r\n \t<li><strong>Poids :\u00a0<\/strong>\u00a00,8 livres<\/li>\r\n \t<li><strong>Dimensions\u00a0:\u00a0<\/strong>\u00a011,25 \u00d7 1,875 \u00d7 1,875 pouces<\/li>\r\n \t<li><strong>Taille :\u00a0<\/strong>\u00a010,3 onces liquides<\/li>\r\n<\/ul>\r\n<strong>Clair (2,7 onces liquides)\r\n<\/strong>\r\n<ul>\r\n \t<li><strong>CUP\u00a0:<\/strong>\u00a0022624-20376-6<\/li>\r\n \t<li><strong>Poids :\u00a0<\/strong>\u00a00,2\u00a0\u00a0lb<\/li>\r\n \t<li><strong>Dimensions\u00a0:\u00a0<\/strong>\u00a07,75 \u00d7 2,125 \u00d7 2,125 pouces<\/li>\r\n \t<li><strong>Taille :\u00a0<\/strong>\u00a02,7 onces liquides<\/li>\r\n<\/ul>\t\t\t\t\t\t\t\t<\/div>\n\t\t\t\t<\/div>\n\t\t\t\t\t<\/div>\n\t\t<\/div>\n\t\t\t\t\t<\/div>\n\t\t<\/section>\n\t\t\t\t<section class=\"elementor-section elementor-top-section elementor-element elementor-element-40826a3 elementor-section-boxed elementor-section-height-default elementor-section-height-default\" data-id=\"40826a3\" data-element_type=\"section\">\n\t\t\t\t\t\t<div class=\"elementor-container elementor-column-gap-default\">\n\t\t\t\t\t<div class=\"elementor-column elementor-col-100 elementor-top-column elementor-element elementor-element-d4860d1\" data-id=\"d4860d1\" data-element_type=\"column\">\n\t\t\t<div class=\"elementor-widget-wrap elementor-element-populated\">\n\t\t\t\t\t\t<div class=\"elementor-element elementor-element-d44a070 elementor-tabs-view-horizontal elementor-widget elementor-widget-tabs\" data-id=\"d44a070\" data-element_type=\"widget\" data-widget_type=\"tabs.default\">\n\t\t\t\t<div class=\"elementor-widget-container\">\n\t\t\t\t\t\t\t<div class=\"elementor-tabs\">\n\t\t\t<div class=\"elementor-tabs-wrapper\" role=\"tablist\" >\n\t\t\t\t\t\t\t\t\t<div id=\"elementor-tab-title-2221\" class=\"elementor-tab-title elementor-tab-desktop-title\" aria-selected=\"true\" data-tab=\"1\" role=\"tab\" tabindex=\"0\" aria-controls=\"elementor-tab-content-2221\" aria-expanded=\"false\">Fichiers<\/div>\n\t\t\t\t\t\t\t<\/div>\n\t\t\t<div class=\"elementor-tabs-content-wrapper\" role=\"tablist\" aria-orientation=\"vertical\">\n\t\t\t\t\t\t\t\t\t<div class=\"elementor-tab-title elementor-tab-mobile-title\" aria-selected=\"true\" data-tab=\"1\" role=\"tab\" tabindex=\"0\" aria-controls=\"elementor-tab-content-2221\" aria-expanded=\"false\">Fichiers<\/div>\n\t\t\t\t\t<div id=\"elementor-tab-content-2221\" class=\"elementor-tab-content elementor-clearfix\" data-tab=\"1\" role=\"tabpanel\" aria-labelledby=\"elementor-tab-title-2221\" tabindex=\"0\" hidden=\"false\"><i class=\"far fa-file-pdf fa-xl\" style=\"font-size:35px\"><\/i><a href=\"https:\/\/www.belleflamme.ca\/wp-content\/uploads\/2024\/01\/RUTLAND-76-76A-SDS.pdf\"> Donn\u00e9es de s\u00e9curit\u00e9 (Noir)<\/a><\/br>\n<i class=\"far fa-file-pdf fa-xl\" style=\"font-size:35px\"><\/i><a href=\"https:\/\/www.belleflamme.ca\/wp-content\/uploads\/2024\/01\/RUTLAND-76C-76CT-SDS.pdf\"> Donn\u00e9es de S\u00e9curit\u00e9 (Clair)<\/a><\/br><\/div>\n\t\t\t\t\t\t\t<\/div>\n\t\t<\/div>\n\t\t\t\t\t\t<\/div>\n\t\t\t\t<\/div>\n\t\t\t\t\t<\/div>\n\t\t<\/div>\n\t\t\t\t\t<\/div>\n\t\t<\/section>\n\t\t\t\t<\/div>\n\t\t","protected":false},"excerpt":{"rendered":"<p>Le mastic silicone RUTLAND\u00a0\u00a0500\u00baF RTV haute temp\u00e9rature\u00a0\u00a0est une excellente solution pour les besoins en mastic et en adh\u00e9sif.\u00a0Non seulement c&#8217;est un adh\u00e9sif puissant, mais il scelle \u00e9galement les gaz et la fum\u00e9e de fa\u00e7on permanente, avec des utilisations illimit\u00e9es \u00e0 la maison ou m\u00eame sur un chantier.\u00a0Utilisez-le pour sceller les inserts de chemin\u00e9e, r\u00e9parer les [&hellip;]<\/p>\n","protected":false},"featured_media":26199,"template":"","meta":{"inline_featured_image":false},"product_brand":[885],"product_cat":[1114,45],"product_tag":[],"class_list":{"0":"post-26192","1":"product","2":"type-product","3":"status-publish","4":"has-post-thumbnail","6":"product_brand-rutland","7":"product_cat-ciment-mortier-et-scellant-a-foyer","8":"product_cat-cheminees-pieces-accessoires","10":"first","11":"instock","12":"taxable","13":"shipping-taxable","14":"purchasable","15":"product-type-variable"},"yoast_head":"<!-- This site is optimized with the Yoast SEO Premium plugin v24.2 (Yoast SEO v24.2) - https:\/\/yoast.com\/wordpress\/plugins\/seo\/ -->\n<title>Scellant silicone haute temp\u00e9rature RTV 500 \u00baF de Rutland - Groupe BelleFlamme<\/title>\n<meta name=\"description\" content=\"Scellant silicone haute temp\u00e9rature RTV 500 \u00baF de Rutland vendu et install\u00e9 par le Groupe Belleflamme. Laval, Montr\u00e9al, Gatineau, Drummondville et Saint-Sauveur.\" \/>\n<meta name=\"robots\" content=\"index, follow, max-snippet:-1, max-image-preview:large, max-video-preview:-1\" \/>\n<link rel=\"canonical\" href=\"https:\/\/staging.belleflamme.ca\/fr\/produit\/scellant-silicone-haute-temperature-rtv-500-of-de-rutland\/\" \/>\n<meta property=\"og:locale\" content=\"fr_FR\" \/>\n<meta property=\"og:type\" content=\"article\" \/>\n<meta property=\"og:title\" content=\"Scellant silicone haute temp\u00e9rature RTV 500 \u00baF de Rutland\" \/>\n<meta property=\"og:description\" content=\"Scellant silicone haute temp\u00e9rature RTV 500 \u00baF de Rutland vendu et install\u00e9 par le Groupe Belleflamme. Laval, Montr\u00e9al, Gatineau, Drummondville et Saint-Sauveur.\" \/>\n<meta property=\"og:url\" content=\"https:\/\/staging.belleflamme.ca\/fr\/produit\/scellant-silicone-haute-temperature-rtv-500-of-de-rutland\/\" \/>\n<meta property=\"og:site_name\" content=\"Groupe BelleFlamme\" \/>\n<meta property=\"article:publisher\" content=\"https:\/\/www.facebook.com\/belleflamme.ca\/\" \/>\n<meta property=\"article:modified_time\" content=\"2024-01-18T15:58:52+00:00\" \/>\n<meta property=\"og:image\" content=\"https:\/\/www.belleflamme.ca\/wp-content\/uploads\/2024\/01\/Scellant-silicone-haute-temperature-RTV-500-F-de-Rutland-10-oz-noir.webp\" \/>\n\t<meta property=\"og:image:width\" content=\"600\" \/>\n\t<meta property=\"og:image:height\" content=\"600\" \/>\n\t<meta property=\"og:image:type\" content=\"image\/webp\" \/>\n<meta name=\"twitter:card\" content=\"summary_large_image\" \/>\n<meta name=\"twitter:label1\" content=\"Disponibilit\u00e9\" \/>\n\t<meta name=\"twitter:data1\" content=\"En stock\" \/>\n<script type=\"application\/ld+json\" class=\"yoast-schema-graph\">{\"@context\":\"https:\/\/schema.org\",\"@graph\":[{\"@type\":[\"WebPage\",\"ItemPage\"],\"@id\":\"https:\/\/staging.belleflamme.ca\/fr\/produit\/scellant-silicone-haute-temperature-rtv-500-of-de-rutland\/\",\"url\":\"https:\/\/staging.belleflamme.ca\/fr\/produit\/scellant-silicone-haute-temperature-rtv-500-of-de-rutland\/\",\"name\":\"Scellant silicone haute temp\u00e9rature RTV 500 \u00baF de Rutland - Groupe BelleFlamme\",\"isPartOf\":{\"@id\":\"https:\/\/www.belleflamme.ca\/fr\/#website\"},\"primaryImageOfPage\":{\"@id\":\"https:\/\/staging.belleflamme.ca\/fr\/produit\/scellant-silicone-haute-temperature-rtv-500-of-de-rutland\/#primaryimage\"},\"image\":{\"@id\":\"https:\/\/staging.belleflamme.ca\/fr\/produit\/scellant-silicone-haute-temperature-rtv-500-of-de-rutland\/#primaryimage\"},\"thumbnailUrl\":\"https:\/\/staging.belleflamme.ca\/wp-content\/uploads\/2024\/01\/Scellant-silicone-haute-temperature-RTV-500-F-de-Rutland-10-oz-noir.webp\",\"datePublished\":\"2024-01-15T19:37:46+00:00\",\"dateModified\":\"2024-01-18T15:58:52+00:00\",\"description\":\"Scellant silicone haute temp\u00e9rature RTV 500 \u00baF de Rutland [get_meta_en_fr]\",\"breadcrumb\":{\"@id\":\"https:\/\/staging.belleflamme.ca\/fr\/produit\/scellant-silicone-haute-temperature-rtv-500-of-de-rutland\/#breadcrumb\"},\"inLanguage\":\"fr-FR\",\"potentialAction\":[{\"@type\":\"ReadAction\",\"target\":[\"https:\/\/staging.belleflamme.ca\/fr\/produit\/scellant-silicone-haute-temperature-rtv-500-of-de-rutland\/\"]}]},{\"@type\":\"ImageObject\",\"inLanguage\":\"fr-FR\",\"@id\":\"https:\/\/staging.belleflamme.ca\/fr\/produit\/scellant-silicone-haute-temperature-rtv-500-of-de-rutland\/#primaryimage\",\"url\":\"https:\/\/staging.belleflamme.ca\/wp-content\/uploads\/2024\/01\/Scellant-silicone-haute-temperature-RTV-500-F-de-Rutland-10-oz-noir.webp\",\"contentUrl\":\"https:\/\/staging.belleflamme.ca\/wp-content\/uploads\/2024\/01\/Scellant-silicone-haute-temperature-RTV-500-F-de-Rutland-10-oz-noir.webp\",\"width\":600,\"height\":600,\"caption\":\"Scellant silicone haute temp\u00e9rature RTV 500 F de Rutland 10 oz noir\"},{\"@type\":\"BreadcrumbList\",\"@id\":\"https:\/\/staging.belleflamme.ca\/fr\/produit\/scellant-silicone-haute-temperature-rtv-500-of-de-rutland\/#breadcrumb\",\"itemListElement\":[{\"@type\":\"ListItem\",\"position\":1,\"name\":\"Accueil\",\"item\":\"https:\/\/www.belleflamme.ca\/fr\/\"},{\"@type\":\"ListItem\",\"position\":2,\"name\":\"Boutique\",\"item\":\"https:\/\/www.belleflamme.ca\/fr\/boutique\/\"},{\"@type\":\"ListItem\",\"position\":3,\"name\":\"Chemin\u00e9es, Pi\u00e8ces &amp; Accessoires\",\"item\":\"https:\/\/staging.belleflamme.ca\/fr\/categories\/cheminees-pieces-accessoires\/\"},{\"@type\":\"ListItem\",\"position\":4,\"name\":\"Ciment, Mortier et Scellant \u00e0 Foyer\",\"item\":\"https:\/\/staging.belleflamme.ca\/fr\/categories\/cheminees-pieces-accessoires\/ciment-mortier-et-scellant-a-foyer\/\"},{\"@type\":\"ListItem\",\"position\":5,\"name\":\"Scellant silicone haute temp\u00e9rature RTV 500 \u00baF de Rutland\"}]},{\"@type\":\"WebSite\",\"@id\":\"https:\/\/www.belleflamme.ca\/fr\/#website\",\"url\":\"https:\/\/www.belleflamme.ca\/fr\/\",\"name\":\"Groupe Belleflamme\",\"description\":\"La m\u00e9canique du b\u00e2timent dans le sang.\",\"publisher\":{\"@id\":\"https:\/\/www.belleflamme.ca\/fr\/#organization\"},\"potentialAction\":[{\"@type\":\"SearchAction\",\"target\":{\"@type\":\"EntryPoint\",\"urlTemplate\":\"https:\/\/www.belleflamme.ca\/fr\/?s={search_term_string}\"},\"query-input\":{\"@type\":\"PropertyValueSpecification\",\"valueRequired\":true,\"valueName\":\"search_term_string\"}}],\"inLanguage\":\"fr-FR\"},{\"@type\":[\"Organization\",\"Place\"],\"@id\":\"https:\/\/www.belleflamme.ca\/fr\/#organization\",\"name\":\"Groupe Belleflamme\",\"alternateName\":\"Belleflamme\",\"url\":\"https:\/\/www.belleflamme.ca\/fr\/\",\"logo\":{\"@type\":\"ImageObject\",\"inLanguage\":\"fr-FR\",\"@id\":\"https:\/\/www.belleflamme.ca\/fr\/#\/schema\/logo\/image\/\",\"url\":\"https:\/\/staging.belleflamme.ca\/wp-content\/uploads\/2023\/01\/og-image.jpg\",\"contentUrl\":\"https:\/\/staging.belleflamme.ca\/wp-content\/uploads\/2023\/01\/og-image.jpg\",\"width\":1200,\"height\":630,\"caption\":\"Groupe Belleflamme\"},\"image\":{\"@id\":\"https:\/\/www.belleflamme.ca\/fr\/#\/schema\/logo\/image\/\"},\"sameAs\":[\"https:\/\/www.facebook.com\/belleflamme.ca\/\",\"https:\/\/www.linkedin.com\/company\/belleflamme\/\",\"https:\/\/www.pinterest.ca\/groupebelleflamme\/\",\"https:\/\/www.instagram.com\/legroupebelleflamme\/\"],\"mainEntityOfPage\":{\"@id\":\"https:\/\/staging.belleflamme.ca\/fr\/produit\/scellant-silicone-haute-temperature-rtv-500-of-de-rutland\/\"}}]}<\/script>\n<meta property=\"product:brand\" content=\"Rutland\" \/>\n<meta property=\"og:availability\" content=\"instock\" \/>\n<meta property=\"product:availability\" content=\"instock\" \/>\n<meta property=\"product:condition\" content=\"new\" \/>\n<!-- \/ Yoast SEO Premium plugin. -->","yoast_head_json":{"title":"Scellant silicone haute temp\u00e9rature RTV 500 \u00baF de Rutland - Groupe BelleFlamme","description":"Scellant silicone haute temp\u00e9rature RTV 500 \u00baF de Rutland vendu et install\u00e9 par le Groupe Belleflamme. Laval, Montr\u00e9al, Gatineau, Drummondville et Saint-Sauveur.","robots":{"index":"index","follow":"follow","max-snippet":"max-snippet:-1","max-image-preview":"max-image-preview:large","max-video-preview":"max-video-preview:-1"},"canonical":"https:\/\/staging.belleflamme.ca\/fr\/produit\/scellant-silicone-haute-temperature-rtv-500-of-de-rutland\/","og_locale":"fr_FR","og_type":"article","og_title":"Scellant silicone haute temp\u00e9rature RTV 500 \u00baF de Rutland","og_description":"Scellant silicone haute temp\u00e9rature RTV 500 \u00baF de Rutland vendu et install\u00e9 par le Groupe Belleflamme. Laval, Montr\u00e9al, Gatineau, Drummondville et Saint-Sauveur.","og_url":"https:\/\/staging.belleflamme.ca\/fr\/produit\/scellant-silicone-haute-temperature-rtv-500-of-de-rutland\/","og_site_name":"Groupe BelleFlamme","article_publisher":"https:\/\/www.facebook.com\/belleflamme.ca\/","article_modified_time":"2024-01-18T15:58:52+00:00","og_image":[{"width":600,"height":600,"url":"https:\/\/www.belleflamme.ca\/wp-content\/uploads\/2024\/01\/Scellant-silicone-haute-temperature-RTV-500-F-de-Rutland-10-oz-noir.webp","type":"image\/webp"}],"twitter_card":"summary_large_image","twitter_misc":{"Disponibilit\u00e9":"En stock"},"schema":{"@context":"https:\/\/schema.org","@graph":[{"@type":["WebPage","ItemPage"],"@id":"https:\/\/staging.belleflamme.ca\/fr\/produit\/scellant-silicone-haute-temperature-rtv-500-of-de-rutland\/","url":"https:\/\/staging.belleflamme.ca\/fr\/produit\/scellant-silicone-haute-temperature-rtv-500-of-de-rutland\/","name":"Scellant silicone haute temp\u00e9rature RTV 500 \u00baF de Rutland - Groupe BelleFlamme","isPartOf":{"@id":"https:\/\/www.belleflamme.ca\/fr\/#website"},"primaryImageOfPage":{"@id":"https:\/\/staging.belleflamme.ca\/fr\/produit\/scellant-silicone-haute-temperature-rtv-500-of-de-rutland\/#primaryimage"},"image":{"@id":"https:\/\/staging.belleflamme.ca\/fr\/produit\/scellant-silicone-haute-temperature-rtv-500-of-de-rutland\/#primaryimage"},"thumbnailUrl":"https:\/\/staging.belleflamme.ca\/wp-content\/uploads\/2024\/01\/Scellant-silicone-haute-temperature-RTV-500-F-de-Rutland-10-oz-noir.webp","datePublished":"2024-01-15T19:37:46+00:00","dateModified":"2024-01-18T15:58:52+00:00","description":"Scellant silicone haute temp\u00e9rature RTV 500 \u00baF de Rutland [get_meta_en_fr]","breadcrumb":{"@id":"https:\/\/staging.belleflamme.ca\/fr\/produit\/scellant-silicone-haute-temperature-rtv-500-of-de-rutland\/#breadcrumb"},"inLanguage":"fr-FR","potentialAction":[{"@type":"ReadAction","target":["https:\/\/staging.belleflamme.ca\/fr\/produit\/scellant-silicone-haute-temperature-rtv-500-of-de-rutland\/"]}]},{"@type":"ImageObject","inLanguage":"fr-FR","@id":"https:\/\/staging.belleflamme.ca\/fr\/produit\/scellant-silicone-haute-temperature-rtv-500-of-de-rutland\/#primaryimage","url":"https:\/\/staging.belleflamme.ca\/wp-content\/uploads\/2024\/01\/Scellant-silicone-haute-temperature-RTV-500-F-de-Rutland-10-oz-noir.webp","contentUrl":"https:\/\/staging.belleflamme.ca\/wp-content\/uploads\/2024\/01\/Scellant-silicone-haute-temperature-RTV-500-F-de-Rutland-10-oz-noir.webp","width":600,"height":600,"caption":"Scellant silicone haute temp\u00e9rature RTV 500 F de Rutland 10 oz noir"},{"@type":"BreadcrumbList","@id":"https:\/\/staging.belleflamme.ca\/fr\/produit\/scellant-silicone-haute-temperature-rtv-500-of-de-rutland\/#breadcrumb","itemListElement":[{"@type":"ListItem","position":1,"name":"Accueil","item":"https:\/\/www.belleflamme.ca\/fr\/"},{"@type":"ListItem","position":2,"name":"Boutique","item":"https:\/\/www.belleflamme.ca\/fr\/boutique\/"},{"@type":"ListItem","position":3,"name":"Chemin\u00e9es, Pi\u00e8ces &amp; Accessoires","item":"https:\/\/staging.belleflamme.ca\/fr\/categories\/cheminees-pieces-accessoires\/"},{"@type":"ListItem","position":4,"name":"Ciment, Mortier et Scellant \u00e0 Foyer","item":"https:\/\/staging.belleflamme.ca\/fr\/categories\/cheminees-pieces-accessoires\/ciment-mortier-et-scellant-a-foyer\/"},{"@type":"ListItem","position":5,"name":"Scellant silicone haute temp\u00e9rature RTV 500 \u00baF de Rutland"}]},{"@type":"WebSite","@id":"https:\/\/www.belleflamme.ca\/fr\/#website","url":"https:\/\/www.belleflamme.ca\/fr\/","name":"Groupe Belleflamme","description":"La m\u00e9canique du b\u00e2timent dans le sang.","publisher":{"@id":"https:\/\/www.belleflamme.ca\/fr\/#organization"},"potentialAction":[{"@type":"SearchAction","target":{"@type":"EntryPoint","urlTemplate":"https:\/\/www.belleflamme.ca\/fr\/?s={search_term_string}"},"query-input":{"@type":"PropertyValueSpecification","valueRequired":true,"valueName":"search_term_string"}}],"inLanguage":"fr-FR"},{"@type":["Organization","Place"],"@id":"https:\/\/www.belleflamme.ca\/fr\/#organization","name":"Groupe Belleflamme","alternateName":"Belleflamme","url":"https:\/\/www.belleflamme.ca\/fr\/","logo":{"@type":"ImageObject","inLanguage":"fr-FR","@id":"https:\/\/www.belleflamme.ca\/fr\/#\/schema\/logo\/image\/","url":"https:\/\/staging.belleflamme.ca\/wp-content\/uploads\/2023\/01\/og-image.jpg","contentUrl":"https:\/\/staging.belleflamme.ca\/wp-content\/uploads\/2023\/01\/og-image.jpg","width":1200,"height":630,"caption":"Groupe Belleflamme"},"image":{"@id":"https:\/\/www.belleflamme.ca\/fr\/#\/schema\/logo\/image\/"},"sameAs":["https:\/\/www.facebook.com\/belleflamme.ca\/","https:\/\/www.linkedin.com\/company\/belleflamme\/","https:\/\/www.pinterest.ca\/groupebelleflamme\/","https:\/\/www.instagram.com\/legroupebelleflamme\/"],"mainEntityOfPage":{"@id":"https:\/\/staging.belleflamme.ca\/fr\/produit\/scellant-silicone-haute-temperature-rtv-500-of-de-rutland\/"}}]},"product_brand":"Rutland","og_availability":"instock","product_availability":"instock","product_condition":"new"},"_links":{"self":[{"href":"https:\/\/staging.belleflamme.ca\/fr\/wp-json\/wp\/v2\/product\/26192","targetHints":{"allow":["GET"]}}],"collection":[{"href":"https:\/\/staging.belleflamme.ca\/fr\/wp-json\/wp\/v2\/product"}],"about":[{"href":"https:\/\/staging.belleflamme.ca\/fr\/wp-json\/wp\/v2\/types\/product"}],"version-history":[{"count":6,"href":"https:\/\/staging.belleflamme.ca\/fr\/wp-json\/wp\/v2\/product\/26192\/revisions"}],"predecessor-version":[{"id":27205,"href":"https:\/\/staging.belleflamme.ca\/fr\/wp-json\/wp\/v2\/product\/26192\/revisions\/27205"}],"wp:featuredmedia":[{"embeddable":true,"href":"https:\/\/staging.belleflamme.ca\/fr\/wp-json\/wp\/v2\/media\/26199"}],"wp:attachment":[{"href":"https:\/\/staging.belleflamme.ca\/fr\/wp-json\/wp\/v2\/media?parent=26192"}],"wp:term":[{"taxonomy":"product_brand","embeddable":true,"href":"https:\/\/staging.belleflamme.ca\/fr\/wp-json\/wp\/v2\/product_brand?post=26192"},{"taxonomy":"product_cat","embeddable":true,"href":"https:\/\/staging.belleflamme.ca\/fr\/wp-json\/wp\/v2\/product_cat?post=26192"},{"taxonomy":"product_tag","embeddable":true,"href":"https:\/\/staging.belleflamme.ca\/fr\/wp-json\/wp\/v2\/product_tag?post=26192"}],"curies":[{"name":"wp","href":"https:\/\/api.w.org\/{rel}","templated":true}]}}