{"id":26147,"date":"2024-01-15T14:04:11","date_gmt":"2024-01-15T19:04:11","guid":{"rendered":"https:\/\/www.belleflamme.ca\/?post_type=product&#038;p=26147"},"modified":"2024-01-18T10:59:14","modified_gmt":"2024-01-18T15:59:14","slug":"ciment-pour-joint-de-poele-en-fibre-de-verre-ez-spread-de-rutland","status":"publish","type":"product","link":"https:\/\/staging.belleflamme.ca\/fr\/produit\/ciment-pour-joint-de-poele-en-fibre-de-verre-ez-spread-de-rutland\/","title":{"rendered":"Ciment pour joint de po\u00eale en fibre de verre EZ Spread de Rutland"},"content":{"rendered":"\t\t<div data-elementor-type=\"product-post\" data-elementor-id=\"26147\" class=\"elementor elementor-26147\" data-elementor-post-type=\"product\">\n\t\t\t\t\t\t<section class=\"elementor-section elementor-top-section elementor-element elementor-element-3738e7d7 elementor-section-boxed elementor-section-height-default elementor-section-height-default\" data-id=\"3738e7d7\" data-element_type=\"section\">\n\t\t\t\t\t\t<div class=\"elementor-container elementor-column-gap-default\">\n\t\t\t\t\t<div class=\"elementor-column elementor-col-100 elementor-top-column elementor-element elementor-element-4e5f2bbd\" data-id=\"4e5f2bbd\" data-element_type=\"column\">\n\t\t\t<div class=\"elementor-widget-wrap elementor-element-populated\">\n\t\t\t\t\t\t<div class=\"elementor-element elementor-element-3265498f elementor-widget elementor-widget-text-editor\" data-id=\"3265498f\" data-element_type=\"widget\" data-widget_type=\"text-editor.default\">\n\t\t\t\t<div class=\"elementor-widget-container\">\n\t\t\t\t\t\t\t\t\t<span style=\"color: #c8102e;\"><strong><span>Le ciment pour joints de po\u00eale en fibre de verre RUTLAND EZ Spread<\/span><\/strong><\/span><span>\u00a0est sp\u00e9cialement con\u00e7u pour \u00eatre le ciment pour joints le plus simple pour fixer des joints en fibre de verre sur l&#8217;acier et la fonte.\u00a0Tr\u00e8s facile \u00e0 \u00e9taler et \u00e0 contr\u00f4ler l&#8217;application et ne se dilatera pas ou ne se contractera pas lors d&#8217;une utilisation continue.<\/span>\r\n<ul>\r\n \t<li><span>Tube de 2,3 fl oz ou cartouche de 10,3 fl oz<\/span><\/li>\r\n \t<li><span>\u00c9valu\u00e9 \u00e0 2 000 \u00b0F (1 090 \u00b0C)<\/span><\/li>\r\n \t<li><span>N\u00e9cessite de la chaleur pour durcir<\/span><\/li>\r\n \t<li><span>Peut \u00eatre peint une fois sec<\/span><\/li>\r\n \t<li><span>Pour usage int\u00e9rieur<\/span><\/li>\r\n \t<li><span>Couverture approximative\u00a0: 29&#8242; (2,3 fl oz) ou 99&#8242; (10,3 fl oz), les deux avec un cordon de 1\/8&#8243;<\/span><\/li>\r\n \t<li><span>Fabriqu\u00e9 aux Etats-Unis<\/span><\/li>\r\n<\/ul>\r\n<strong>D\u00e9tails des produits<\/strong>\r\n\r\nTube de 2,3 onces liquides<b>\r\n<\/b>\r\n<ul>\r\n \t<li><strong><span>CUP\u00a0:\u00a0<\/span><\/strong><span>\u00a0022624-00577-3<\/span><\/li>\r\n \t<li><strong><span>Poids\u00a0:<\/span><\/strong><span>\u00a0\u00a00,35\u00a0<\/span>\u00a0lb<\/li>\r\n \t<li><strong><span>Dimensions:<\/span><\/strong>\u00a07,75 \u00d7 2,125 \u00d7 1,25 pouces<\/li>\r\n \t<li><strong><span>Taille:<\/span><\/strong>\u00a0\u00a0Tube de 2,3 onces liquides<\/li>\r\n<\/ul>\r\nCartouche de 10,3 onces liquides\r\n<ul>\r\n \t<li><strong><span>CUP\u00a0:\u00a0<\/span><\/strong><span>\u00a0022624-00578-0<\/span><\/li>\r\n \t<li><strong><span>Poids:<\/span><\/strong>\u00a0\u00a01,12 livres<\/li>\r\n \t<li><strong><span>Dimensions:<\/span><\/strong>\u00a0\u00a011,25 \u00d7 1,875 \u00d7 1,875 pouces<\/li>\r\n \t<li><strong><span>Taille:<\/span><\/strong>\u00a0\u00a0Tube de 2,3 onces liquides<\/li>\r\n<\/ul>\t\t\t\t\t\t\t\t<\/div>\n\t\t\t\t<\/div>\n\t\t\t\t\t<\/div>\n\t\t<\/div>\n\t\t\t\t\t<\/div>\n\t\t<\/section>\n\t\t\t\t<section class=\"elementor-section elementor-top-section elementor-element elementor-element-12343d4 elementor-section-boxed elementor-section-height-default elementor-section-height-default\" data-id=\"12343d4\" data-element_type=\"section\">\n\t\t\t\t\t\t<div class=\"elementor-container elementor-column-gap-default\">\n\t\t\t\t\t<div class=\"elementor-column elementor-col-100 elementor-top-column elementor-element elementor-element-609e7a4\" data-id=\"609e7a4\" data-element_type=\"column\">\n\t\t\t<div class=\"elementor-widget-wrap elementor-element-populated\">\n\t\t\t\t\t\t<div class=\"elementor-element elementor-element-609e446 elementor-tabs-view-horizontal elementor-widget elementor-widget-tabs\" data-id=\"609e446\" data-element_type=\"widget\" data-widget_type=\"tabs.default\">\n\t\t\t\t<div class=\"elementor-widget-container\">\n\t\t\t\t\t\t\t<div class=\"elementor-tabs\">\n\t\t\t<div class=\"elementor-tabs-wrapper\" role=\"tablist\" >\n\t\t\t\t\t\t\t\t\t<div id=\"elementor-tab-title-1011\" class=\"elementor-tab-title elementor-tab-desktop-title\" aria-selected=\"true\" data-tab=\"1\" role=\"tab\" tabindex=\"0\" aria-controls=\"elementor-tab-content-1011\" aria-expanded=\"false\">Fichiers<\/div>\n\t\t\t\t\t\t\t<\/div>\n\t\t\t<div class=\"elementor-tabs-content-wrapper\" role=\"tablist\" aria-orientation=\"vertical\">\n\t\t\t\t\t\t\t\t\t<div class=\"elementor-tab-title elementor-tab-mobile-title\" aria-selected=\"true\" data-tab=\"1\" role=\"tab\" tabindex=\"0\" aria-controls=\"elementor-tab-content-1011\" aria-expanded=\"false\">Fichiers<\/div>\n\t\t\t\t\t<div id=\"elementor-tab-content-1011\" class=\"elementor-tab-content elementor-clearfix\" data-tab=\"1\" role=\"tabpanel\" aria-labelledby=\"elementor-tab-title-1011\" tabindex=\"0\" hidden=\"false\"><i class=\"far fa-file-pdf fa-xl\" style=\"font-size:35px\"><\/i><a href=\"https:\/\/www.belleflamme.ca\/wp-content\/uploads\/2024\/01\/RUTLAND-77E-78E-SDS.pdf\"> Donn\u00e9es de S\u00e9curit\u00e9<\/a><\/br><\/div>\n\t\t\t\t\t\t\t<\/div>\n\t\t<\/div>\n\t\t\t\t\t\t<\/div>\n\t\t\t\t<\/div>\n\t\t\t\t\t<\/div>\n\t\t<\/div>\n\t\t\t\t\t<\/div>\n\t\t<\/section>\n\t\t\t\t<\/div>\n\t\t","protected":false},"excerpt":{"rendered":"<p>Le ciment pour joints de po\u00eale en fibre de verre RUTLAND EZ Spread\u00a0est sp\u00e9cialement con\u00e7u pour \u00eatre le ciment pour joints le plus simple pour fixer des joints en fibre de verre sur l&#8217;acier et la fonte.\u00a0Tr\u00e8s facile \u00e0 \u00e9taler et \u00e0 contr\u00f4ler l&#8217;application et ne se dilatera pas ou ne se contractera pas lors [&hellip;]<\/p>\n","protected":false},"featured_media":26150,"template":"","meta":{"inline_featured_image":false},"product_brand":[885],"product_cat":[1114,45],"product_tag":[],"class_list":{"0":"post-26147","1":"product","2":"type-product","3":"status-publish","4":"has-post-thumbnail","6":"product_brand-rutland","7":"product_cat-ciment-mortier-et-scellant-a-foyer","8":"product_cat-cheminees-pieces-accessoires","10":"first","11":"instock","12":"taxable","13":"shipping-taxable","14":"purchasable","15":"product-type-variable"},"yoast_head":"<!-- This site is optimized with the Yoast SEO Premium plugin v24.2 (Yoast SEO v24.2) - https:\/\/yoast.com\/wordpress\/plugins\/seo\/ -->\n<title>Ciment pour joint de po\u00eale en fibre de verre EZ Spread de Rutland - Groupe BelleFlamme<\/title>\n<meta name=\"description\" content=\"Ciment pour joint de po\u00eale en fibre de verre EZ Spread de Rutland\" \/>\n<meta name=\"robots\" content=\"index, follow, max-snippet:-1, max-image-preview:large, max-video-preview:-1\" \/>\n<link rel=\"canonical\" href=\"https:\/\/staging.belleflamme.ca\/fr\/produit\/ciment-pour-joint-de-poele-en-fibre-de-verre-ez-spread-de-rutland\/\" \/>\n<meta property=\"og:locale\" content=\"fr_FR\" \/>\n<meta property=\"og:type\" content=\"article\" \/>\n<meta property=\"og:title\" content=\"Ciment pour joint de po\u00eale en fibre de verre EZ Spread de Rutland\" \/>\n<meta property=\"og:description\" content=\"Ciment pour joint de po\u00eale en fibre de verre EZ Spread de Rutland\" \/>\n<meta property=\"og:url\" content=\"https:\/\/staging.belleflamme.ca\/fr\/produit\/ciment-pour-joint-de-poele-en-fibre-de-verre-ez-spread-de-rutland\/\" \/>\n<meta property=\"og:site_name\" content=\"Groupe BelleFlamme\" \/>\n<meta property=\"article:publisher\" content=\"https:\/\/www.facebook.com\/belleflamme.ca\/\" \/>\n<meta property=\"article:modified_time\" content=\"2024-01-18T15:59:14+00:00\" \/>\n<meta property=\"og:image\" content=\"https:\/\/www.belleflamme.ca\/wp-content\/uploads\/2024\/01\/Ciment-pour-joint-de-poele-en-fibre-de-verre-EZ-Spread-de-Rutland-10.webp\" \/>\n\t<meta property=\"og:image:width\" content=\"600\" \/>\n\t<meta property=\"og:image:height\" content=\"602\" \/>\n\t<meta property=\"og:image:type\" content=\"image\/webp\" \/>\n<meta name=\"twitter:card\" content=\"summary_large_image\" \/>\n<meta name=\"twitter:label1\" content=\"Disponibilit\u00e9\" \/>\n\t<meta name=\"twitter:data1\" content=\"En stock\" \/>\n<script type=\"application\/ld+json\" class=\"yoast-schema-graph\">{\"@context\":\"https:\/\/schema.org\",\"@graph\":[{\"@type\":[\"WebPage\",\"ItemPage\"],\"@id\":\"https:\/\/staging.belleflamme.ca\/fr\/produit\/ciment-pour-joint-de-poele-en-fibre-de-verre-ez-spread-de-rutland\/\",\"url\":\"https:\/\/staging.belleflamme.ca\/fr\/produit\/ciment-pour-joint-de-poele-en-fibre-de-verre-ez-spread-de-rutland\/\",\"name\":\"Ciment pour joint de po\u00eale en fibre de verre EZ Spread de Rutland - Groupe BelleFlamme\",\"isPartOf\":{\"@id\":\"https:\/\/www.belleflamme.ca\/fr\/#website\"},\"primaryImageOfPage\":{\"@id\":\"https:\/\/staging.belleflamme.ca\/fr\/produit\/ciment-pour-joint-de-poele-en-fibre-de-verre-ez-spread-de-rutland\/#primaryimage\"},\"image\":{\"@id\":\"https:\/\/staging.belleflamme.ca\/fr\/produit\/ciment-pour-joint-de-poele-en-fibre-de-verre-ez-spread-de-rutland\/#primaryimage\"},\"thumbnailUrl\":\"https:\/\/staging.belleflamme.ca\/wp-content\/uploads\/2024\/01\/Ciment-pour-joint-de-poele-en-fibre-de-verre-EZ-Spread-de-Rutland-10.webp\",\"datePublished\":\"2024-01-15T19:04:11+00:00\",\"dateModified\":\"2024-01-18T15:59:14+00:00\",\"description\":\"Ciment pour joint de po\u00eale en fibre de verre EZ Spread de Rutland\",\"breadcrumb\":{\"@id\":\"https:\/\/staging.belleflamme.ca\/fr\/produit\/ciment-pour-joint-de-poele-en-fibre-de-verre-ez-spread-de-rutland\/#breadcrumb\"},\"inLanguage\":\"fr-FR\",\"potentialAction\":[{\"@type\":\"ReadAction\",\"target\":[\"https:\/\/staging.belleflamme.ca\/fr\/produit\/ciment-pour-joint-de-poele-en-fibre-de-verre-ez-spread-de-rutland\/\"]}]},{\"@type\":\"ImageObject\",\"inLanguage\":\"fr-FR\",\"@id\":\"https:\/\/staging.belleflamme.ca\/fr\/produit\/ciment-pour-joint-de-poele-en-fibre-de-verre-ez-spread-de-rutland\/#primaryimage\",\"url\":\"https:\/\/staging.belleflamme.ca\/wp-content\/uploads\/2024\/01\/Ciment-pour-joint-de-poele-en-fibre-de-verre-EZ-Spread-de-Rutland-10.webp\",\"contentUrl\":\"https:\/\/staging.belleflamme.ca\/wp-content\/uploads\/2024\/01\/Ciment-pour-joint-de-poele-en-fibre-de-verre-EZ-Spread-de-Rutland-10.webp\",\"width\":600,\"height\":602,\"caption\":\"Ciment pour joint de po\u00eale en fibre de verre EZ Spread de Rutland 10\"},{\"@type\":\"BreadcrumbList\",\"@id\":\"https:\/\/staging.belleflamme.ca\/fr\/produit\/ciment-pour-joint-de-poele-en-fibre-de-verre-ez-spread-de-rutland\/#breadcrumb\",\"itemListElement\":[{\"@type\":\"ListItem\",\"position\":1,\"name\":\"Accueil\",\"item\":\"https:\/\/www.belleflamme.ca\/fr\/\"},{\"@type\":\"ListItem\",\"position\":2,\"name\":\"Boutique\",\"item\":\"https:\/\/www.belleflamme.ca\/fr\/boutique\/\"},{\"@type\":\"ListItem\",\"position\":3,\"name\":\"Chemin\u00e9es, Pi\u00e8ces &amp; Accessoires\",\"item\":\"https:\/\/staging.belleflamme.ca\/fr\/categories\/cheminees-pieces-accessoires\/\"},{\"@type\":\"ListItem\",\"position\":4,\"name\":\"Ciment, Mortier et Scellant \u00e0 Foyer\",\"item\":\"https:\/\/staging.belleflamme.ca\/fr\/categories\/cheminees-pieces-accessoires\/ciment-mortier-et-scellant-a-foyer\/\"},{\"@type\":\"ListItem\",\"position\":5,\"name\":\"Ciment pour joint de po\u00eale en fibre de verre EZ Spread de Rutland\"}]},{\"@type\":\"WebSite\",\"@id\":\"https:\/\/www.belleflamme.ca\/fr\/#website\",\"url\":\"https:\/\/www.belleflamme.ca\/fr\/\",\"name\":\"Groupe Belleflamme\",\"description\":\"La m\u00e9canique du b\u00e2timent dans le sang.\",\"publisher\":{\"@id\":\"https:\/\/www.belleflamme.ca\/fr\/#organization\"},\"potentialAction\":[{\"@type\":\"SearchAction\",\"target\":{\"@type\":\"EntryPoint\",\"urlTemplate\":\"https:\/\/www.belleflamme.ca\/fr\/?s={search_term_string}\"},\"query-input\":{\"@type\":\"PropertyValueSpecification\",\"valueRequired\":true,\"valueName\":\"search_term_string\"}}],\"inLanguage\":\"fr-FR\"},{\"@type\":[\"Organization\",\"Place\"],\"@id\":\"https:\/\/www.belleflamme.ca\/fr\/#organization\",\"name\":\"Groupe Belleflamme\",\"alternateName\":\"Belleflamme\",\"url\":\"https:\/\/www.belleflamme.ca\/fr\/\",\"logo\":{\"@type\":\"ImageObject\",\"inLanguage\":\"fr-FR\",\"@id\":\"https:\/\/www.belleflamme.ca\/fr\/#\/schema\/logo\/image\/\",\"url\":\"https:\/\/staging.belleflamme.ca\/wp-content\/uploads\/2023\/01\/og-image.jpg\",\"contentUrl\":\"https:\/\/staging.belleflamme.ca\/wp-content\/uploads\/2023\/01\/og-image.jpg\",\"width\":1200,\"height\":630,\"caption\":\"Groupe Belleflamme\"},\"image\":{\"@id\":\"https:\/\/www.belleflamme.ca\/fr\/#\/schema\/logo\/image\/\"},\"sameAs\":[\"https:\/\/www.facebook.com\/belleflamme.ca\/\",\"https:\/\/www.linkedin.com\/company\/belleflamme\/\",\"https:\/\/www.pinterest.ca\/groupebelleflamme\/\",\"https:\/\/www.instagram.com\/legroupebelleflamme\/\"],\"mainEntityOfPage\":{\"@id\":\"https:\/\/staging.belleflamme.ca\/fr\/produit\/ciment-pour-joint-de-poele-en-fibre-de-verre-ez-spread-de-rutland\/\"}}]}<\/script>\n<meta property=\"product:brand\" content=\"Rutland\" \/>\n<meta property=\"og:availability\" content=\"instock\" \/>\n<meta property=\"product:availability\" content=\"instock\" \/>\n<meta property=\"product:condition\" content=\"new\" \/>\n<!-- \/ Yoast SEO Premium plugin. -->","yoast_head_json":{"title":"Ciment pour joint de po\u00eale en fibre de verre EZ Spread de Rutland - Groupe BelleFlamme","description":"Ciment pour joint de po\u00eale en fibre de verre EZ Spread de Rutland","robots":{"index":"index","follow":"follow","max-snippet":"max-snippet:-1","max-image-preview":"max-image-preview:large","max-video-preview":"max-video-preview:-1"},"canonical":"https:\/\/staging.belleflamme.ca\/fr\/produit\/ciment-pour-joint-de-poele-en-fibre-de-verre-ez-spread-de-rutland\/","og_locale":"fr_FR","og_type":"article","og_title":"Ciment pour joint de po\u00eale en fibre de verre EZ Spread de Rutland","og_description":"Ciment pour joint de po\u00eale en fibre de verre EZ Spread de Rutland","og_url":"https:\/\/staging.belleflamme.ca\/fr\/produit\/ciment-pour-joint-de-poele-en-fibre-de-verre-ez-spread-de-rutland\/","og_site_name":"Groupe BelleFlamme","article_publisher":"https:\/\/www.facebook.com\/belleflamme.ca\/","article_modified_time":"2024-01-18T15:59:14+00:00","og_image":[{"width":600,"height":602,"url":"https:\/\/www.belleflamme.ca\/wp-content\/uploads\/2024\/01\/Ciment-pour-joint-de-poele-en-fibre-de-verre-EZ-Spread-de-Rutland-10.webp","type":"image\/webp"}],"twitter_card":"summary_large_image","twitter_misc":{"Disponibilit\u00e9":"En stock"},"schema":{"@context":"https:\/\/schema.org","@graph":[{"@type":["WebPage","ItemPage"],"@id":"https:\/\/staging.belleflamme.ca\/fr\/produit\/ciment-pour-joint-de-poele-en-fibre-de-verre-ez-spread-de-rutland\/","url":"https:\/\/staging.belleflamme.ca\/fr\/produit\/ciment-pour-joint-de-poele-en-fibre-de-verre-ez-spread-de-rutland\/","name":"Ciment pour joint de po\u00eale en fibre de verre EZ Spread de Rutland - Groupe BelleFlamme","isPartOf":{"@id":"https:\/\/www.belleflamme.ca\/fr\/#website"},"primaryImageOfPage":{"@id":"https:\/\/staging.belleflamme.ca\/fr\/produit\/ciment-pour-joint-de-poele-en-fibre-de-verre-ez-spread-de-rutland\/#primaryimage"},"image":{"@id":"https:\/\/staging.belleflamme.ca\/fr\/produit\/ciment-pour-joint-de-poele-en-fibre-de-verre-ez-spread-de-rutland\/#primaryimage"},"thumbnailUrl":"https:\/\/staging.belleflamme.ca\/wp-content\/uploads\/2024\/01\/Ciment-pour-joint-de-poele-en-fibre-de-verre-EZ-Spread-de-Rutland-10.webp","datePublished":"2024-01-15T19:04:11+00:00","dateModified":"2024-01-18T15:59:14+00:00","description":"Ciment pour joint de po\u00eale en fibre de verre EZ Spread de Rutland","breadcrumb":{"@id":"https:\/\/staging.belleflamme.ca\/fr\/produit\/ciment-pour-joint-de-poele-en-fibre-de-verre-ez-spread-de-rutland\/#breadcrumb"},"inLanguage":"fr-FR","potentialAction":[{"@type":"ReadAction","target":["https:\/\/staging.belleflamme.ca\/fr\/produit\/ciment-pour-joint-de-poele-en-fibre-de-verre-ez-spread-de-rutland\/"]}]},{"@type":"ImageObject","inLanguage":"fr-FR","@id":"https:\/\/staging.belleflamme.ca\/fr\/produit\/ciment-pour-joint-de-poele-en-fibre-de-verre-ez-spread-de-rutland\/#primaryimage","url":"https:\/\/staging.belleflamme.ca\/wp-content\/uploads\/2024\/01\/Ciment-pour-joint-de-poele-en-fibre-de-verre-EZ-Spread-de-Rutland-10.webp","contentUrl":"https:\/\/staging.belleflamme.ca\/wp-content\/uploads\/2024\/01\/Ciment-pour-joint-de-poele-en-fibre-de-verre-EZ-Spread-de-Rutland-10.webp","width":600,"height":602,"caption":"Ciment pour joint de po\u00eale en fibre de verre EZ Spread de Rutland 10"},{"@type":"BreadcrumbList","@id":"https:\/\/staging.belleflamme.ca\/fr\/produit\/ciment-pour-joint-de-poele-en-fibre-de-verre-ez-spread-de-rutland\/#breadcrumb","itemListElement":[{"@type":"ListItem","position":1,"name":"Accueil","item":"https:\/\/www.belleflamme.ca\/fr\/"},{"@type":"ListItem","position":2,"name":"Boutique","item":"https:\/\/www.belleflamme.ca\/fr\/boutique\/"},{"@type":"ListItem","position":3,"name":"Chemin\u00e9es, Pi\u00e8ces &amp; Accessoires","item":"https:\/\/staging.belleflamme.ca\/fr\/categories\/cheminees-pieces-accessoires\/"},{"@type":"ListItem","position":4,"name":"Ciment, Mortier et Scellant \u00e0 Foyer","item":"https:\/\/staging.belleflamme.ca\/fr\/categories\/cheminees-pieces-accessoires\/ciment-mortier-et-scellant-a-foyer\/"},{"@type":"ListItem","position":5,"name":"Ciment pour joint de po\u00eale en fibre de verre EZ Spread de Rutland"}]},{"@type":"WebSite","@id":"https:\/\/www.belleflamme.ca\/fr\/#website","url":"https:\/\/www.belleflamme.ca\/fr\/","name":"Groupe Belleflamme","description":"La m\u00e9canique du b\u00e2timent dans le sang.","publisher":{"@id":"https:\/\/www.belleflamme.ca\/fr\/#organization"},"potentialAction":[{"@type":"SearchAction","target":{"@type":"EntryPoint","urlTemplate":"https:\/\/www.belleflamme.ca\/fr\/?s={search_term_string}"},"query-input":{"@type":"PropertyValueSpecification","valueRequired":true,"valueName":"search_term_string"}}],"inLanguage":"fr-FR"},{"@type":["Organization","Place"],"@id":"https:\/\/www.belleflamme.ca\/fr\/#organization","name":"Groupe Belleflamme","alternateName":"Belleflamme","url":"https:\/\/www.belleflamme.ca\/fr\/","logo":{"@type":"ImageObject","inLanguage":"fr-FR","@id":"https:\/\/www.belleflamme.ca\/fr\/#\/schema\/logo\/image\/","url":"https:\/\/staging.belleflamme.ca\/wp-content\/uploads\/2023\/01\/og-image.jpg","contentUrl":"https:\/\/staging.belleflamme.ca\/wp-content\/uploads\/2023\/01\/og-image.jpg","width":1200,"height":630,"caption":"Groupe Belleflamme"},"image":{"@id":"https:\/\/www.belleflamme.ca\/fr\/#\/schema\/logo\/image\/"},"sameAs":["https:\/\/www.facebook.com\/belleflamme.ca\/","https:\/\/www.linkedin.com\/company\/belleflamme\/","https:\/\/www.pinterest.ca\/groupebelleflamme\/","https:\/\/www.instagram.com\/legroupebelleflamme\/"],"mainEntityOfPage":{"@id":"https:\/\/staging.belleflamme.ca\/fr\/produit\/ciment-pour-joint-de-poele-en-fibre-de-verre-ez-spread-de-rutland\/"}}]},"product_brand":"Rutland","og_availability":"instock","product_availability":"instock","product_condition":"new"},"_links":{"self":[{"href":"https:\/\/staging.belleflamme.ca\/fr\/wp-json\/wp\/v2\/product\/26147","targetHints":{"allow":["GET"]}}],"collection":[{"href":"https:\/\/staging.belleflamme.ca\/fr\/wp-json\/wp\/v2\/product"}],"about":[{"href":"https:\/\/staging.belleflamme.ca\/fr\/wp-json\/wp\/v2\/types\/product"}],"version-history":[{"count":5,"href":"https:\/\/staging.belleflamme.ca\/fr\/wp-json\/wp\/v2\/product\/26147\/revisions"}],"predecessor-version":[{"id":27207,"href":"https:\/\/staging.belleflamme.ca\/fr\/wp-json\/wp\/v2\/product\/26147\/revisions\/27207"}],"wp:featuredmedia":[{"embeddable":true,"href":"https:\/\/staging.belleflamme.ca\/fr\/wp-json\/wp\/v2\/media\/26150"}],"wp:attachment":[{"href":"https:\/\/staging.belleflamme.ca\/fr\/wp-json\/wp\/v2\/media?parent=26147"}],"wp:term":[{"taxonomy":"product_brand","embeddable":true,"href":"https:\/\/staging.belleflamme.ca\/fr\/wp-json\/wp\/v2\/product_brand?post=26147"},{"taxonomy":"product_cat","embeddable":true,"href":"https:\/\/staging.belleflamme.ca\/fr\/wp-json\/wp\/v2\/product_cat?post=26147"},{"taxonomy":"product_tag","embeddable":true,"href":"https:\/\/staging.belleflamme.ca\/fr\/wp-json\/wp\/v2\/product_tag?post=26147"}],"curies":[{"name":"wp","href":"https:\/\/api.w.org\/{rel}","templated":true}]}}