{"id":26094,"date":"2024-01-15T13:41:13","date_gmt":"2024-01-15T18:41:13","guid":{"rendered":"https:\/\/www.belleflamme.ca\/?post_type=product&#038;p=26094"},"modified":"2024-01-18T10:59:34","modified_gmt":"2024-01-18T15:59:34","slug":"ciment-refractaire-coulable-pour-foyer-de-rutland","status":"publish","type":"product","link":"https:\/\/staging.belleflamme.ca\/fr\/produit\/ciment-refractaire-coulable-pour-foyer-de-rutland\/","title":{"rendered":"Ciment r\u00e9fractaire coulable pour foyer de Rutland"},"content":{"rendered":"\t\t<div data-elementor-type=\"product-post\" data-elementor-id=\"26094\" class=\"elementor elementor-26094\" data-elementor-post-type=\"product\">\n\t\t\t\t\t\t<section class=\"elementor-section elementor-top-section elementor-element elementor-element-21a7230a elementor-section-boxed elementor-section-height-default elementor-section-height-default\" data-id=\"21a7230a\" data-element_type=\"section\">\n\t\t\t\t\t\t<div class=\"elementor-container elementor-column-gap-default\">\n\t\t\t\t\t<div class=\"elementor-column elementor-col-100 elementor-top-column elementor-element elementor-element-462a9534\" data-id=\"462a9534\" data-element_type=\"column\">\n\t\t\t<div class=\"elementor-widget-wrap elementor-element-populated\">\n\t\t\t\t\t\t<div class=\"elementor-element elementor-element-64274890 elementor-widget elementor-widget-text-editor\" data-id=\"64274890\" data-element_type=\"widget\" data-widget_type=\"text-editor.default\">\n\t\t\t\t<div class=\"elementor-widget-container\">\n\t\t\t\t\t\t\t\t\t<div><strong><span>Le ciment r\u00e9fractaire coulable\u00a0<\/span><\/strong><span><strong>RUTLAND<\/strong>\u00a0est un ciment m\u00e9lang\u00e9 \u00e0 sec exceptionnellement r\u00e9sistant qui durcit chimiquement et s\u00e8che aussi dur que la brique.\u00a0Ajoutez simplement de l&#8217;eau !\u00a0Parfait pour mouler des designs personnalis\u00e9s car il conserve sa forme pendant le s\u00e9chage, il suffit d&#8217;ajouter de l&#8217;eau.\u00a0Il peut m\u00eame \u00eatre utilis\u00e9 comme mat\u00e9riau unique lors du moulage d&#8217;un lit de po\u00eale solide ou d&#8217;un four ext\u00e9rieur.\u00a0Fonctionne \u00e9galement pour combler les grands trous ou fissures dans la ma\u00e7onnerie, remplacer le mortier et pour le pointage.<\/span><\/div>\r\n<ul>\r\n \t<li><span>Pot de 12-1\/2 lb ou pot de 25 lb<\/span><\/li>\r\n \t<li><span>Temp\u00e9rature nominale jusqu&#8217;\u00e0 2 200\u00a0<\/span><span class=\"TextRun SCXW248019089 BCX0\" lang=\"EN-US\" xml:lang=\"EN-US\" data-contrast=\"auto\"><span class=\"NormalTextRun SCXW248019089 BCX0\"><span>\u00b0F (1 204 \u00b0C)<\/span><\/span><\/span><\/li>\r\n \t<li><span>La couleur peut varier<\/span><\/li>\r\n \t<li><span>Peut \u00eatre peint une fois sec<\/span><\/li>\r\n \t<li><span>Temps de s\u00e9chage minimum de 24 heures<\/span><\/li>\r\n \t<li><span>Ne n\u00e9cessite pas de chaleur pour durcir<\/span><\/li>\r\n \t<li><span>Couverture approximative\u00a0:\u00a012-1\/2 lb formera un carr\u00e9 de 12&#8243; x 12&#8243; x 1-1\/2&#8243;<\/span><\/li>\r\n \t<li><span>\u00c9paisseur minimale d&#8217;application 1\/4&#8243; et \u00e9paisseur maximale 1,5&#8243;.\u00a0Peut \u00eatre superpos\u00e9 si des applications plus \u00e9paisses sont n\u00e9cessaires<\/span><\/li>\r\n \t<li><span>Utilisation int\u00e9rieure et ext\u00e9rieure<\/span><\/li>\r\n \t<li><span>Pas pour le contact direct avec les aliments<\/span><\/li>\r\n \t<li><span>Fabriqu\u00e9 aux Etats-Unis<\/span><\/li>\r\n<\/ul>\r\n<strong>D\u00e9tails des produits<\/strong>\r\n\r\n<strong><span>Pot de 12-1\/2 lb<\/span><\/strong>\r\n<ul>\r\n \t<li><strong><span>CUP\u00a0:<\/span><\/strong><span>\u00a0022624-00600-8<\/span><\/li>\r\n \t<li><strong><span>Poids :<\/span>\u00a0<\/strong><span>\u00a012,8 livres<\/span><\/li>\r\n \t<li><strong><span>Dimensions:<\/span><\/strong>\u00a0<span>7,625 \u00d7 8,25 \u00d7 8,25 pouces<\/span><\/li>\r\n \t<li><strong><span>Taille\u00a0:<\/span>\u00a0<\/strong><span>pot de 12 1\/2 lb\u00a0<\/span><\/li>\r\n<\/ul>\r\n<strong><span>Pot de 25 lb<\/span><\/strong>\r\n<ul>\r\n \t<li><strong><span>CUP\u00a0:<\/span><\/strong><span>\u00a0022624-00601-5<\/span><\/li>\r\n \t<li><strong><span>Poids :<\/span>\u00a0<\/strong><span>28,26 livres<\/span><\/li>\r\n \t<li><strong><span>Dimensions\u00a0:<\/span>\u00a0<\/strong><span>12,25 \u00d7 11,875 \u00d7 11,875 pouces<\/span><\/li>\r\n \t<li><strong><span>Taille\u00a0:<\/span>\u00a0<\/strong><span>\u00a0bac de 25 lb<\/span><\/li>\r\n<\/ul>\t\t\t\t\t\t\t\t<\/div>\n\t\t\t\t<\/div>\n\t\t\t\t\t<\/div>\n\t\t<\/div>\n\t\t\t\t\t<\/div>\n\t\t<\/section>\n\t\t\t\t<section class=\"elementor-section elementor-top-section elementor-element elementor-element-e4bcfe8 elementor-section-boxed elementor-section-height-default elementor-section-height-default\" data-id=\"e4bcfe8\" data-element_type=\"section\">\n\t\t\t\t\t\t<div class=\"elementor-container elementor-column-gap-default\">\n\t\t\t\t\t<div class=\"elementor-column elementor-col-100 elementor-top-column elementor-element elementor-element-34ce244\" data-id=\"34ce244\" data-element_type=\"column\">\n\t\t\t<div class=\"elementor-widget-wrap elementor-element-populated\">\n\t\t\t\t\t\t<div class=\"elementor-element elementor-element-ef7b092 elementor-tabs-view-horizontal elementor-widget elementor-widget-tabs\" data-id=\"ef7b092\" data-element_type=\"widget\" data-widget_type=\"tabs.default\">\n\t\t\t\t<div class=\"elementor-widget-container\">\n\t\t\t\t\t\t\t<div class=\"elementor-tabs\">\n\t\t\t<div class=\"elementor-tabs-wrapper\" role=\"tablist\" >\n\t\t\t\t\t\t\t\t\t<div id=\"elementor-tab-title-2511\" class=\"elementor-tab-title elementor-tab-desktop-title\" aria-selected=\"true\" data-tab=\"1\" role=\"tab\" tabindex=\"0\" aria-controls=\"elementor-tab-content-2511\" aria-expanded=\"false\">Fichiers<\/div>\n\t\t\t\t\t\t\t<\/div>\n\t\t\t<div class=\"elementor-tabs-content-wrapper\" role=\"tablist\" aria-orientation=\"vertical\">\n\t\t\t\t\t\t\t\t\t<div class=\"elementor-tab-title elementor-tab-mobile-title\" aria-selected=\"true\" data-tab=\"1\" role=\"tab\" tabindex=\"0\" aria-controls=\"elementor-tab-content-2511\" aria-expanded=\"false\">Fichiers<\/div>\n\t\t\t\t\t<div id=\"elementor-tab-content-2511\" class=\"elementor-tab-content elementor-clearfix\" data-tab=\"1\" role=\"tabpanel\" aria-labelledby=\"elementor-tab-title-2511\" tabindex=\"0\" hidden=\"false\"><i class=\"far fa-file-pdf fa-xl\" style=\"font-size:35px\"><\/i><a href=\"https:\/\/www.belleflamme.ca\/wp-content\/uploads\/2024\/01\/RUTLAND-600-601-SDS.pdf\"> Donn\u00e9es des S\u00e9curit\u00e9<\/a><\/br><\/div>\n\t\t\t\t\t\t\t<\/div>\n\t\t<\/div>\n\t\t\t\t\t\t<\/div>\n\t\t\t\t<\/div>\n\t\t\t\t\t<\/div>\n\t\t<\/div>\n\t\t\t\t\t<\/div>\n\t\t<\/section>\n\t\t\t\t<\/div>\n\t\t","protected":false},"excerpt":{"rendered":"<p>Le ciment r\u00e9fractaire coulable\u00a0RUTLAND\u00a0est un ciment m\u00e9lang\u00e9 \u00e0 sec exceptionnellement r\u00e9sistant qui durcit chimiquement et s\u00e8che aussi dur que la brique.\u00a0Ajoutez simplement de l&#8217;eau !\u00a0Parfait pour mouler des designs personnalis\u00e9s car il conserve sa forme pendant le s\u00e9chage, il suffit d&#8217;ajouter de l&#8217;eau.\u00a0Il peut m\u00eame \u00eatre utilis\u00e9 comme mat\u00e9riau unique lors du moulage d&#8217;un lit [&hellip;]<\/p>\n","protected":false},"featured_media":26097,"template":"","meta":{"inline_featured_image":false},"product_brand":[885],"product_cat":[1114,45],"product_tag":[],"class_list":{"0":"post-26094","1":"product","2":"type-product","3":"status-publish","4":"has-post-thumbnail","6":"product_brand-rutland","7":"product_cat-ciment-mortier-et-scellant-a-foyer","8":"product_cat-cheminees-pieces-accessoires","10":"first","11":"instock","12":"taxable","13":"shipping-taxable","14":"purchasable","15":"product-type-variable"},"yoast_head":"<!-- This site is optimized with the Yoast SEO Premium plugin v24.2 (Yoast SEO v24.2) - https:\/\/yoast.com\/wordpress\/plugins\/seo\/ -->\n<title>Ciment r\u00e9fractaire coulable pour foyer de Rutland - Groupe BelleFlamme<\/title>\n<meta name=\"description\" content=\"Ciment r\u00e9fractaire coulable pour foyer de Rutland vendu et install\u00e9 par le Groupe Belleflamme. Laval, Montr\u00e9al, Gatineau, Drummondville et Saint-Sauveur.\" \/>\n<meta name=\"robots\" content=\"index, follow, max-snippet:-1, max-image-preview:large, max-video-preview:-1\" \/>\n<link rel=\"canonical\" href=\"https:\/\/staging.belleflamme.ca\/fr\/produit\/ciment-refractaire-coulable-pour-foyer-de-rutland\/\" \/>\n<meta property=\"og:locale\" content=\"fr_FR\" \/>\n<meta property=\"og:type\" content=\"article\" \/>\n<meta property=\"og:title\" content=\"Ciment r\u00e9fractaire coulable pour foyer de Rutland\" \/>\n<meta property=\"og:description\" content=\"Ciment r\u00e9fractaire coulable pour foyer de Rutland vendu et install\u00e9 par le Groupe Belleflamme. Laval, Montr\u00e9al, Gatineau, Drummondville et Saint-Sauveur.\" \/>\n<meta property=\"og:url\" content=\"https:\/\/staging.belleflamme.ca\/fr\/produit\/ciment-refractaire-coulable-pour-foyer-de-rutland\/\" \/>\n<meta property=\"og:site_name\" content=\"Groupe BelleFlamme\" \/>\n<meta property=\"article:publisher\" content=\"https:\/\/www.facebook.com\/belleflamme.ca\/\" \/>\n<meta property=\"article:modified_time\" content=\"2024-01-18T15:59:34+00:00\" \/>\n<meta property=\"og:image\" content=\"https:\/\/www.belleflamme.ca\/wp-content\/uploads\/2024\/01\/Ciment-refractaire-coulable-pour-foyer-de-Rutland-25-lbs.webp\" \/>\n\t<meta property=\"og:image:width\" content=\"600\" \/>\n\t<meta property=\"og:image:height\" content=\"600\" \/>\n\t<meta property=\"og:image:type\" content=\"image\/webp\" \/>\n<meta name=\"twitter:card\" content=\"summary_large_image\" \/>\n<meta name=\"twitter:label1\" content=\"Disponibilit\u00e9\" \/>\n\t<meta name=\"twitter:data1\" content=\"En stock\" \/>\n<script type=\"application\/ld+json\" class=\"yoast-schema-graph\">{\"@context\":\"https:\/\/schema.org\",\"@graph\":[{\"@type\":[\"WebPage\",\"ItemPage\"],\"@id\":\"https:\/\/staging.belleflamme.ca\/fr\/produit\/ciment-refractaire-coulable-pour-foyer-de-rutland\/\",\"url\":\"https:\/\/staging.belleflamme.ca\/fr\/produit\/ciment-refractaire-coulable-pour-foyer-de-rutland\/\",\"name\":\"Ciment r\u00e9fractaire coulable pour foyer de Rutland - Groupe BelleFlamme\",\"isPartOf\":{\"@id\":\"https:\/\/www.belleflamme.ca\/fr\/#website\"},\"primaryImageOfPage\":{\"@id\":\"https:\/\/staging.belleflamme.ca\/fr\/produit\/ciment-refractaire-coulable-pour-foyer-de-rutland\/#primaryimage\"},\"image\":{\"@id\":\"https:\/\/staging.belleflamme.ca\/fr\/produit\/ciment-refractaire-coulable-pour-foyer-de-rutland\/#primaryimage\"},\"thumbnailUrl\":\"https:\/\/staging.belleflamme.ca\/wp-content\/uploads\/2024\/01\/Ciment-refractaire-coulable-pour-foyer-de-Rutland-25-lbs.webp\",\"datePublished\":\"2024-01-15T18:41:13+00:00\",\"dateModified\":\"2024-01-18T15:59:34+00:00\",\"description\":\"Ciment r\u00e9fractaire coulable pour foyer de Rutland [get_meta_en_fr]\",\"breadcrumb\":{\"@id\":\"https:\/\/staging.belleflamme.ca\/fr\/produit\/ciment-refractaire-coulable-pour-foyer-de-rutland\/#breadcrumb\"},\"inLanguage\":\"fr-FR\",\"potentialAction\":[{\"@type\":\"ReadAction\",\"target\":[\"https:\/\/staging.belleflamme.ca\/fr\/produit\/ciment-refractaire-coulable-pour-foyer-de-rutland\/\"]}]},{\"@type\":\"ImageObject\",\"inLanguage\":\"fr-FR\",\"@id\":\"https:\/\/staging.belleflamme.ca\/fr\/produit\/ciment-refractaire-coulable-pour-foyer-de-rutland\/#primaryimage\",\"url\":\"https:\/\/staging.belleflamme.ca\/wp-content\/uploads\/2024\/01\/Ciment-refractaire-coulable-pour-foyer-de-Rutland-25-lbs.webp\",\"contentUrl\":\"https:\/\/staging.belleflamme.ca\/wp-content\/uploads\/2024\/01\/Ciment-refractaire-coulable-pour-foyer-de-Rutland-25-lbs.webp\",\"width\":600,\"height\":600,\"caption\":\"Ciment r\u00e9fractaire coulable pour foyer de Rutland 25 lbs\"},{\"@type\":\"BreadcrumbList\",\"@id\":\"https:\/\/staging.belleflamme.ca\/fr\/produit\/ciment-refractaire-coulable-pour-foyer-de-rutland\/#breadcrumb\",\"itemListElement\":[{\"@type\":\"ListItem\",\"position\":1,\"name\":\"Accueil\",\"item\":\"https:\/\/www.belleflamme.ca\/fr\/\"},{\"@type\":\"ListItem\",\"position\":2,\"name\":\"Boutique\",\"item\":\"https:\/\/www.belleflamme.ca\/fr\/boutique\/\"},{\"@type\":\"ListItem\",\"position\":3,\"name\":\"Chemin\u00e9es, Pi\u00e8ces &amp; Accessoires\",\"item\":\"https:\/\/staging.belleflamme.ca\/fr\/categories\/cheminees-pieces-accessoires\/\"},{\"@type\":\"ListItem\",\"position\":4,\"name\":\"Ciment, Mortier et Scellant \u00e0 Foyer\",\"item\":\"https:\/\/staging.belleflamme.ca\/fr\/categories\/cheminees-pieces-accessoires\/ciment-mortier-et-scellant-a-foyer\/\"},{\"@type\":\"ListItem\",\"position\":5,\"name\":\"Ciment r\u00e9fractaire coulable pour foyer de Rutland\"}]},{\"@type\":\"WebSite\",\"@id\":\"https:\/\/www.belleflamme.ca\/fr\/#website\",\"url\":\"https:\/\/www.belleflamme.ca\/fr\/\",\"name\":\"Groupe Belleflamme\",\"description\":\"La m\u00e9canique du b\u00e2timent dans le sang.\",\"publisher\":{\"@id\":\"https:\/\/www.belleflamme.ca\/fr\/#organization\"},\"potentialAction\":[{\"@type\":\"SearchAction\",\"target\":{\"@type\":\"EntryPoint\",\"urlTemplate\":\"https:\/\/www.belleflamme.ca\/fr\/?s={search_term_string}\"},\"query-input\":{\"@type\":\"PropertyValueSpecification\",\"valueRequired\":true,\"valueName\":\"search_term_string\"}}],\"inLanguage\":\"fr-FR\"},{\"@type\":[\"Organization\",\"Place\"],\"@id\":\"https:\/\/www.belleflamme.ca\/fr\/#organization\",\"name\":\"Groupe Belleflamme\",\"alternateName\":\"Belleflamme\",\"url\":\"https:\/\/www.belleflamme.ca\/fr\/\",\"logo\":{\"@type\":\"ImageObject\",\"inLanguage\":\"fr-FR\",\"@id\":\"https:\/\/www.belleflamme.ca\/fr\/#\/schema\/logo\/image\/\",\"url\":\"https:\/\/staging.belleflamme.ca\/wp-content\/uploads\/2023\/01\/og-image.jpg\",\"contentUrl\":\"https:\/\/staging.belleflamme.ca\/wp-content\/uploads\/2023\/01\/og-image.jpg\",\"width\":1200,\"height\":630,\"caption\":\"Groupe Belleflamme\"},\"image\":{\"@id\":\"https:\/\/www.belleflamme.ca\/fr\/#\/schema\/logo\/image\/\"},\"sameAs\":[\"https:\/\/www.facebook.com\/belleflamme.ca\/\",\"https:\/\/www.linkedin.com\/company\/belleflamme\/\",\"https:\/\/www.pinterest.ca\/groupebelleflamme\/\",\"https:\/\/www.instagram.com\/legroupebelleflamme\/\"],\"mainEntityOfPage\":{\"@id\":\"https:\/\/staging.belleflamme.ca\/fr\/produit\/ciment-refractaire-coulable-pour-foyer-de-rutland\/\"}}]}<\/script>\n<meta property=\"product:brand\" content=\"Rutland\" \/>\n<meta property=\"og:availability\" content=\"instock\" \/>\n<meta property=\"product:availability\" content=\"instock\" \/>\n<meta property=\"product:condition\" content=\"new\" \/>\n<!-- \/ Yoast SEO Premium plugin. -->","yoast_head_json":{"title":"Ciment r\u00e9fractaire coulable pour foyer de Rutland - Groupe BelleFlamme","description":"Ciment r\u00e9fractaire coulable pour foyer de Rutland vendu et install\u00e9 par le Groupe Belleflamme. Laval, Montr\u00e9al, Gatineau, Drummondville et Saint-Sauveur.","robots":{"index":"index","follow":"follow","max-snippet":"max-snippet:-1","max-image-preview":"max-image-preview:large","max-video-preview":"max-video-preview:-1"},"canonical":"https:\/\/staging.belleflamme.ca\/fr\/produit\/ciment-refractaire-coulable-pour-foyer-de-rutland\/","og_locale":"fr_FR","og_type":"article","og_title":"Ciment r\u00e9fractaire coulable pour foyer de Rutland","og_description":"Ciment r\u00e9fractaire coulable pour foyer de Rutland vendu et install\u00e9 par le Groupe Belleflamme. Laval, Montr\u00e9al, Gatineau, Drummondville et Saint-Sauveur.","og_url":"https:\/\/staging.belleflamme.ca\/fr\/produit\/ciment-refractaire-coulable-pour-foyer-de-rutland\/","og_site_name":"Groupe BelleFlamme","article_publisher":"https:\/\/www.facebook.com\/belleflamme.ca\/","article_modified_time":"2024-01-18T15:59:34+00:00","og_image":[{"width":600,"height":600,"url":"https:\/\/www.belleflamme.ca\/wp-content\/uploads\/2024\/01\/Ciment-refractaire-coulable-pour-foyer-de-Rutland-25-lbs.webp","type":"image\/webp"}],"twitter_card":"summary_large_image","twitter_misc":{"Disponibilit\u00e9":"En stock"},"schema":{"@context":"https:\/\/schema.org","@graph":[{"@type":["WebPage","ItemPage"],"@id":"https:\/\/staging.belleflamme.ca\/fr\/produit\/ciment-refractaire-coulable-pour-foyer-de-rutland\/","url":"https:\/\/staging.belleflamme.ca\/fr\/produit\/ciment-refractaire-coulable-pour-foyer-de-rutland\/","name":"Ciment r\u00e9fractaire coulable pour foyer de Rutland - Groupe BelleFlamme","isPartOf":{"@id":"https:\/\/www.belleflamme.ca\/fr\/#website"},"primaryImageOfPage":{"@id":"https:\/\/staging.belleflamme.ca\/fr\/produit\/ciment-refractaire-coulable-pour-foyer-de-rutland\/#primaryimage"},"image":{"@id":"https:\/\/staging.belleflamme.ca\/fr\/produit\/ciment-refractaire-coulable-pour-foyer-de-rutland\/#primaryimage"},"thumbnailUrl":"https:\/\/staging.belleflamme.ca\/wp-content\/uploads\/2024\/01\/Ciment-refractaire-coulable-pour-foyer-de-Rutland-25-lbs.webp","datePublished":"2024-01-15T18:41:13+00:00","dateModified":"2024-01-18T15:59:34+00:00","description":"Ciment r\u00e9fractaire coulable pour foyer de Rutland [get_meta_en_fr]","breadcrumb":{"@id":"https:\/\/staging.belleflamme.ca\/fr\/produit\/ciment-refractaire-coulable-pour-foyer-de-rutland\/#breadcrumb"},"inLanguage":"fr-FR","potentialAction":[{"@type":"ReadAction","target":["https:\/\/staging.belleflamme.ca\/fr\/produit\/ciment-refractaire-coulable-pour-foyer-de-rutland\/"]}]},{"@type":"ImageObject","inLanguage":"fr-FR","@id":"https:\/\/staging.belleflamme.ca\/fr\/produit\/ciment-refractaire-coulable-pour-foyer-de-rutland\/#primaryimage","url":"https:\/\/staging.belleflamme.ca\/wp-content\/uploads\/2024\/01\/Ciment-refractaire-coulable-pour-foyer-de-Rutland-25-lbs.webp","contentUrl":"https:\/\/staging.belleflamme.ca\/wp-content\/uploads\/2024\/01\/Ciment-refractaire-coulable-pour-foyer-de-Rutland-25-lbs.webp","width":600,"height":600,"caption":"Ciment r\u00e9fractaire coulable pour foyer de Rutland 25 lbs"},{"@type":"BreadcrumbList","@id":"https:\/\/staging.belleflamme.ca\/fr\/produit\/ciment-refractaire-coulable-pour-foyer-de-rutland\/#breadcrumb","itemListElement":[{"@type":"ListItem","position":1,"name":"Accueil","item":"https:\/\/www.belleflamme.ca\/fr\/"},{"@type":"ListItem","position":2,"name":"Boutique","item":"https:\/\/www.belleflamme.ca\/fr\/boutique\/"},{"@type":"ListItem","position":3,"name":"Chemin\u00e9es, Pi\u00e8ces &amp; Accessoires","item":"https:\/\/staging.belleflamme.ca\/fr\/categories\/cheminees-pieces-accessoires\/"},{"@type":"ListItem","position":4,"name":"Ciment, Mortier et Scellant \u00e0 Foyer","item":"https:\/\/staging.belleflamme.ca\/fr\/categories\/cheminees-pieces-accessoires\/ciment-mortier-et-scellant-a-foyer\/"},{"@type":"ListItem","position":5,"name":"Ciment r\u00e9fractaire coulable pour foyer de Rutland"}]},{"@type":"WebSite","@id":"https:\/\/www.belleflamme.ca\/fr\/#website","url":"https:\/\/www.belleflamme.ca\/fr\/","name":"Groupe Belleflamme","description":"La m\u00e9canique du b\u00e2timent dans le sang.","publisher":{"@id":"https:\/\/www.belleflamme.ca\/fr\/#organization"},"potentialAction":[{"@type":"SearchAction","target":{"@type":"EntryPoint","urlTemplate":"https:\/\/www.belleflamme.ca\/fr\/?s={search_term_string}"},"query-input":{"@type":"PropertyValueSpecification","valueRequired":true,"valueName":"search_term_string"}}],"inLanguage":"fr-FR"},{"@type":["Organization","Place"],"@id":"https:\/\/www.belleflamme.ca\/fr\/#organization","name":"Groupe Belleflamme","alternateName":"Belleflamme","url":"https:\/\/www.belleflamme.ca\/fr\/","logo":{"@type":"ImageObject","inLanguage":"fr-FR","@id":"https:\/\/www.belleflamme.ca\/fr\/#\/schema\/logo\/image\/","url":"https:\/\/staging.belleflamme.ca\/wp-content\/uploads\/2023\/01\/og-image.jpg","contentUrl":"https:\/\/staging.belleflamme.ca\/wp-content\/uploads\/2023\/01\/og-image.jpg","width":1200,"height":630,"caption":"Groupe Belleflamme"},"image":{"@id":"https:\/\/www.belleflamme.ca\/fr\/#\/schema\/logo\/image\/"},"sameAs":["https:\/\/www.facebook.com\/belleflamme.ca\/","https:\/\/www.linkedin.com\/company\/belleflamme\/","https:\/\/www.pinterest.ca\/groupebelleflamme\/","https:\/\/www.instagram.com\/legroupebelleflamme\/"],"mainEntityOfPage":{"@id":"https:\/\/staging.belleflamme.ca\/fr\/produit\/ciment-refractaire-coulable-pour-foyer-de-rutland\/"}}]},"product_brand":"Rutland","og_availability":"instock","product_availability":"instock","product_condition":"new"},"_links":{"self":[{"href":"https:\/\/staging.belleflamme.ca\/fr\/wp-json\/wp\/v2\/product\/26094","targetHints":{"allow":["GET"]}}],"collection":[{"href":"https:\/\/staging.belleflamme.ca\/fr\/wp-json\/wp\/v2\/product"}],"about":[{"href":"https:\/\/staging.belleflamme.ca\/fr\/wp-json\/wp\/v2\/types\/product"}],"version-history":[{"count":5,"href":"https:\/\/staging.belleflamme.ca\/fr\/wp-json\/wp\/v2\/product\/26094\/revisions"}],"predecessor-version":[{"id":27209,"href":"https:\/\/staging.belleflamme.ca\/fr\/wp-json\/wp\/v2\/product\/26094\/revisions\/27209"}],"wp:featuredmedia":[{"embeddable":true,"href":"https:\/\/staging.belleflamme.ca\/fr\/wp-json\/wp\/v2\/media\/26097"}],"wp:attachment":[{"href":"https:\/\/staging.belleflamme.ca\/fr\/wp-json\/wp\/v2\/media?parent=26094"}],"wp:term":[{"taxonomy":"product_brand","embeddable":true,"href":"https:\/\/staging.belleflamme.ca\/fr\/wp-json\/wp\/v2\/product_brand?post=26094"},{"taxonomy":"product_cat","embeddable":true,"href":"https:\/\/staging.belleflamme.ca\/fr\/wp-json\/wp\/v2\/product_cat?post=26094"},{"taxonomy":"product_tag","embeddable":true,"href":"https:\/\/staging.belleflamme.ca\/fr\/wp-json\/wp\/v2\/product_tag?post=26094"}],"curies":[{"name":"wp","href":"https:\/\/api.w.org\/{rel}","templated":true}]}}