{"id":26039,"date":"2024-01-15T13:01:27","date_gmt":"2024-01-15T18:01:27","guid":{"rendered":"https:\/\/www.belleflamme.ca\/?post_type=product&#038;p=26039"},"modified":"2024-01-18T11:00:43","modified_gmt":"2024-01-18T16:00:43","slug":"mortier-refractaire-melange-sec-211-de-rutland","status":"publish","type":"product","link":"https:\/\/staging.belleflamme.ca\/fr\/produit\/mortier-refractaire-melange-sec-211-de-rutland\/","title":{"rendered":"Mortier R\u00e9fractaire M\u00e9lange Sec 211\u00ae de Rutland"},"content":{"rendered":"\t\t<div data-elementor-type=\"product-post\" data-elementor-id=\"26039\" class=\"elementor elementor-26039\" data-elementor-post-type=\"product\">\n\t\t\t\t\t\t<section class=\"elementor-section elementor-top-section elementor-element elementor-element-52300db1 elementor-section-boxed elementor-section-height-default elementor-section-height-default\" data-id=\"52300db1\" data-element_type=\"section\">\n\t\t\t\t\t\t<div class=\"elementor-container elementor-column-gap-default\">\n\t\t\t\t\t<div class=\"elementor-column elementor-col-100 elementor-top-column elementor-element elementor-element-175ac47e\" data-id=\"175ac47e\" data-element_type=\"column\">\n\t\t\t<div class=\"elementor-widget-wrap elementor-element-populated\">\n\t\t\t\t\t\t<div class=\"elementor-element elementor-element-26ba777a elementor-widget elementor-widget-text-editor\" data-id=\"26ba777a\" data-element_type=\"widget\" data-widget_type=\"text-editor.default\">\n\t\t\t\t<div class=\"elementor-widget-container\">\n\t\t\t\t\t\t\t\t\t<p><strong>RUTLAND Dry Mix 211\u00ae<\/strong>\u00a0est un mortier r\u00e9fractaire id\u00e9al pour assembler ou r\u00e9parer les carreaux de chemin\u00e9e en ma\u00e7onnerie de tout foyer \u00e0 gaz ou \u00e0 bois et chemin\u00e9e de po\u00eale \u00e0 bois, \u00e0 charbon ou \u00e0 granul\u00e9s.\u00a0Ajoutez simplement de l&#8217;eau, m\u00e9langez et appliquez \u00e0 la truelle pour sceller et joindre les carreaux de chemin\u00e9e.\u00a0Il peut \u00e9galement \u00eatre utilis\u00e9 comme rev\u00eatement de cr\u00e9pi (couche mince) lors de la construction de foyers pour donner \u00e0 votre chemin\u00e9e une belle finition gris fonc\u00e9 uniforme.\u00a0Ne n\u00e9cessite pas (mais est plus r\u00e9sistant avec) un durcissement thermique.\u00a0Conforme aux normes NFPA 211 et NYSCMA Tek Spec 4.0.<\/p><ul><li>Pot de 10 lb<\/li><li>Temp\u00e9rature nominale jusqu&#8217;\u00e0 2 550 \u00b0F (1 400 \u00b0C)<\/li><li>Couverture approximative : 50 tuiles de conduit de 8&#8243; x 8&#8243; ou 30 briques r\u00e9fractaires de 9&#8243; x 4-1\/2&#8243; x 1-1\/4&#8243; (1 270 po\u00b2, 1\/8&#8243; d&#8217;\u00e9paisseur)<\/li><li>Peut \u00eatre peint une fois sec<\/li><li>Utilisation int\u00e9rieure et ext\u00e9rieure<\/li><li>Fabriqu\u00e9 aux Etats-Unis<\/li><\/ul><p><strong>Poids:<\/strong>\u00a010,8 livres<\/p><p><strong>Dimensions:<\/strong>\u00a07,75 \u00d7 8 \u00d7 8 pouces<\/p>\t\t\t\t\t\t\t\t<\/div>\n\t\t\t\t<\/div>\n\t\t\t\t\t<\/div>\n\t\t<\/div>\n\t\t\t\t\t<\/div>\n\t\t<\/section>\n\t\t\t\t<section class=\"elementor-section elementor-top-section elementor-element elementor-element-5b4d904 elementor-section-boxed elementor-section-height-default elementor-section-height-default\" data-id=\"5b4d904\" data-element_type=\"section\">\n\t\t\t\t\t\t<div class=\"elementor-container elementor-column-gap-default\">\n\t\t\t\t\t<div class=\"elementor-column elementor-col-100 elementor-top-column elementor-element elementor-element-5917b40\" data-id=\"5917b40\" data-element_type=\"column\">\n\t\t\t<div class=\"elementor-widget-wrap elementor-element-populated\">\n\t\t\t\t\t\t<div class=\"elementor-element elementor-element-91be220 elementor-tabs-view-horizontal elementor-widget elementor-widget-tabs\" data-id=\"91be220\" data-element_type=\"widget\" data-widget_type=\"tabs.default\">\n\t\t\t\t<div class=\"elementor-widget-container\">\n\t\t\t\t\t\t\t<div class=\"elementor-tabs\">\n\t\t\t<div class=\"elementor-tabs-wrapper\" role=\"tablist\" >\n\t\t\t\t\t\t\t\t\t<div id=\"elementor-tab-title-1521\" class=\"elementor-tab-title elementor-tab-desktop-title\" aria-selected=\"true\" data-tab=\"1\" role=\"tab\" tabindex=\"0\" aria-controls=\"elementor-tab-content-1521\" aria-expanded=\"false\">Fichiers<\/div>\n\t\t\t\t\t\t\t<\/div>\n\t\t\t<div class=\"elementor-tabs-content-wrapper\" role=\"tablist\" aria-orientation=\"vertical\">\n\t\t\t\t\t\t\t\t\t<div class=\"elementor-tab-title elementor-tab-mobile-title\" aria-selected=\"true\" data-tab=\"1\" role=\"tab\" tabindex=\"0\" aria-controls=\"elementor-tab-content-1521\" aria-expanded=\"false\">Fichiers<\/div>\n\t\t\t\t\t<div id=\"elementor-tab-content-1521\" class=\"elementor-tab-content elementor-clearfix\" data-tab=\"1\" role=\"tabpanel\" aria-labelledby=\"elementor-tab-title-1521\" tabindex=\"0\" hidden=\"false\"><i class=\"far fa-file-pdf fa-xl\" style=\"font-size:35px\"><\/i><a href=\"https:\/\/www.belleflamme.ca\/wp-content\/uploads\/2024\/01\/RUTLAND-211-SDS.pdf\"> Donn\u00e9es de S\u00e9curit\u00e9<\/a><\/br><\/div>\n\t\t\t\t\t\t\t<\/div>\n\t\t<\/div>\n\t\t\t\t\t\t<\/div>\n\t\t\t\t<\/div>\n\t\t\t\t\t<\/div>\n\t\t<\/div>\n\t\t\t\t\t<\/div>\n\t\t<\/section>\n\t\t\t\t<\/div>\n\t\t","protected":false},"excerpt":{"rendered":"<p>RUTLAND Dry Mix 211\u00ae\u00a0est un mortier r\u00e9fractaire id\u00e9al pour assembler ou r\u00e9parer les carreaux de chemin\u00e9e en ma\u00e7onnerie de tout foyer \u00e0 gaz ou \u00e0 bois et chemin\u00e9e de po\u00eale \u00e0 bois, \u00e0 charbon ou \u00e0 granul\u00e9s.\u00a0Ajoutez simplement de l&#8217;eau, m\u00e9langez et appliquez \u00e0 la truelle pour sceller et joindre les carreaux de chemin\u00e9e.\u00a0Il peut [&hellip;]<\/p>\n","protected":false},"featured_media":26040,"template":"","meta":{"inline_featured_image":false},"product_brand":[885],"product_cat":[1114,45],"product_tag":[],"class_list":{"0":"post-26039","1":"product","2":"type-product","3":"status-publish","4":"has-post-thumbnail","6":"product_brand-rutland","7":"product_cat-ciment-mortier-et-scellant-a-foyer","8":"product_cat-cheminees-pieces-accessoires","10":"first","11":"instock","12":"taxable","13":"shipping-taxable","14":"purchasable","15":"product-type-simple"},"yoast_head":"<!-- This site is optimized with the Yoast SEO Premium plugin v24.2 (Yoast SEO v24.2) - https:\/\/yoast.com\/wordpress\/plugins\/seo\/ -->\n<title>Mortier R\u00e9fractaire M\u00e9lange Sec 211\u00ae de Rutland - Groupe BelleFlamme<\/title>\n<meta name=\"description\" content=\"Mortier R\u00e9fractaire M\u00e9lange Sec 211\u00ae de Rutland vendu et install\u00e9 par le Groupe Belleflamme. Laval, Montr\u00e9al, Gatineau, Drummondville et Saint-Sauveur.\" \/>\n<meta name=\"robots\" content=\"index, follow, max-snippet:-1, max-image-preview:large, max-video-preview:-1\" \/>\n<link rel=\"canonical\" href=\"https:\/\/staging.belleflamme.ca\/fr\/produit\/mortier-refractaire-melange-sec-211-de-rutland\/\" \/>\n<meta property=\"og:locale\" content=\"fr_FR\" \/>\n<meta property=\"og:type\" content=\"article\" \/>\n<meta property=\"og:title\" content=\"Mortier R\u00e9fractaire M\u00e9lange Sec 211\u00ae de Rutland\" \/>\n<meta property=\"og:description\" content=\"Mortier R\u00e9fractaire M\u00e9lange Sec 211\u00ae de Rutland vendu et install\u00e9 par le Groupe Belleflamme. Laval, Montr\u00e9al, Gatineau, Drummondville et Saint-Sauveur.\" \/>\n<meta property=\"og:url\" content=\"https:\/\/staging.belleflamme.ca\/fr\/produit\/mortier-refractaire-melange-sec-211-de-rutland\/\" \/>\n<meta property=\"og:site_name\" content=\"Groupe BelleFlamme\" \/>\n<meta property=\"article:publisher\" content=\"https:\/\/www.facebook.com\/belleflamme.ca\/\" \/>\n<meta property=\"article:modified_time\" content=\"2024-01-18T16:00:43+00:00\" \/>\n<meta property=\"og:image\" content=\"https:\/\/www.belleflamme.ca\/wp-content\/uploads\/2024\/01\/Mortier-Refractaire-Melange-Sec-211-de-Rutland.webp\" \/>\n\t<meta property=\"og:image:width\" content=\"600\" \/>\n\t<meta property=\"og:image:height\" content=\"600\" \/>\n\t<meta property=\"og:image:type\" content=\"image\/webp\" \/>\n<meta name=\"twitter:card\" content=\"summary_large_image\" \/>\n<meta name=\"twitter:label1\" content=\"Prix\" \/>\n\t<meta name=\"twitter:data1\" content=\"&#036;62.00\" \/>\n\t<meta name=\"twitter:label2\" content=\"Disponibilit\u00e9\" \/>\n\t<meta name=\"twitter:data2\" content=\"En stock\" \/>\n<script type=\"application\/ld+json\" class=\"yoast-schema-graph\">{\"@context\":\"https:\/\/schema.org\",\"@graph\":[{\"@type\":[\"WebPage\",\"ItemPage\"],\"@id\":\"https:\/\/staging.belleflamme.ca\/fr\/produit\/mortier-refractaire-melange-sec-211-de-rutland\/\",\"url\":\"https:\/\/staging.belleflamme.ca\/fr\/produit\/mortier-refractaire-melange-sec-211-de-rutland\/\",\"name\":\"Mortier R\u00e9fractaire M\u00e9lange Sec 211\u00ae de Rutland - Groupe BelleFlamme\",\"isPartOf\":{\"@id\":\"https:\/\/www.belleflamme.ca\/fr\/#website\"},\"primaryImageOfPage\":{\"@id\":\"https:\/\/staging.belleflamme.ca\/fr\/produit\/mortier-refractaire-melange-sec-211-de-rutland\/#primaryimage\"},\"image\":{\"@id\":\"https:\/\/staging.belleflamme.ca\/fr\/produit\/mortier-refractaire-melange-sec-211-de-rutland\/#primaryimage\"},\"thumbnailUrl\":\"https:\/\/staging.belleflamme.ca\/wp-content\/uploads\/2024\/01\/Mortier-Refractaire-Melange-Sec-211-de-Rutland.webp\",\"datePublished\":\"2024-01-15T18:01:27+00:00\",\"dateModified\":\"2024-01-18T16:00:43+00:00\",\"description\":\"Mortier R\u00e9fractaire M\u00e9lange Sec 211\u00ae de Rutland [get_meta_en_fr]\",\"breadcrumb\":{\"@id\":\"https:\/\/staging.belleflamme.ca\/fr\/produit\/mortier-refractaire-melange-sec-211-de-rutland\/#breadcrumb\"},\"inLanguage\":\"fr-FR\",\"potentialAction\":[{\"@type\":\"ReadAction\",\"target\":[\"https:\/\/staging.belleflamme.ca\/fr\/produit\/mortier-refractaire-melange-sec-211-de-rutland\/\"]}]},{\"@type\":\"ImageObject\",\"inLanguage\":\"fr-FR\",\"@id\":\"https:\/\/staging.belleflamme.ca\/fr\/produit\/mortier-refractaire-melange-sec-211-de-rutland\/#primaryimage\",\"url\":\"https:\/\/staging.belleflamme.ca\/wp-content\/uploads\/2024\/01\/Mortier-Refractaire-Melange-Sec-211-de-Rutland.webp\",\"contentUrl\":\"https:\/\/staging.belleflamme.ca\/wp-content\/uploads\/2024\/01\/Mortier-Refractaire-Melange-Sec-211-de-Rutland.webp\",\"width\":600,\"height\":600,\"caption\":\"Mortier R\u00e9fractaire M\u00e9lange Sec 211\u00ae de Rutland\"},{\"@type\":\"BreadcrumbList\",\"@id\":\"https:\/\/staging.belleflamme.ca\/fr\/produit\/mortier-refractaire-melange-sec-211-de-rutland\/#breadcrumb\",\"itemListElement\":[{\"@type\":\"ListItem\",\"position\":1,\"name\":\"Accueil\",\"item\":\"https:\/\/www.belleflamme.ca\/fr\/\"},{\"@type\":\"ListItem\",\"position\":2,\"name\":\"Boutique\",\"item\":\"https:\/\/www.belleflamme.ca\/fr\/boutique\/\"},{\"@type\":\"ListItem\",\"position\":3,\"name\":\"Chemin\u00e9es, Pi\u00e8ces &amp; Accessoires\",\"item\":\"https:\/\/staging.belleflamme.ca\/fr\/categories\/cheminees-pieces-accessoires\/\"},{\"@type\":\"ListItem\",\"position\":4,\"name\":\"Ciment, Mortier et Scellant \u00e0 Foyer\",\"item\":\"https:\/\/staging.belleflamme.ca\/fr\/categories\/cheminees-pieces-accessoires\/ciment-mortier-et-scellant-a-foyer\/\"},{\"@type\":\"ListItem\",\"position\":5,\"name\":\"Mortier R\u00e9fractaire M\u00e9lange Sec 211\u00ae de Rutland\"}]},{\"@type\":\"WebSite\",\"@id\":\"https:\/\/www.belleflamme.ca\/fr\/#website\",\"url\":\"https:\/\/www.belleflamme.ca\/fr\/\",\"name\":\"Groupe Belleflamme\",\"description\":\"La m\u00e9canique du b\u00e2timent dans le sang.\",\"publisher\":{\"@id\":\"https:\/\/www.belleflamme.ca\/fr\/#organization\"},\"potentialAction\":[{\"@type\":\"SearchAction\",\"target\":{\"@type\":\"EntryPoint\",\"urlTemplate\":\"https:\/\/www.belleflamme.ca\/fr\/?s={search_term_string}\"},\"query-input\":{\"@type\":\"PropertyValueSpecification\",\"valueRequired\":true,\"valueName\":\"search_term_string\"}}],\"inLanguage\":\"fr-FR\"},{\"@type\":[\"Organization\",\"Place\"],\"@id\":\"https:\/\/www.belleflamme.ca\/fr\/#organization\",\"name\":\"Groupe Belleflamme\",\"alternateName\":\"Belleflamme\",\"url\":\"https:\/\/www.belleflamme.ca\/fr\/\",\"logo\":{\"@type\":\"ImageObject\",\"inLanguage\":\"fr-FR\",\"@id\":\"https:\/\/www.belleflamme.ca\/fr\/#\/schema\/logo\/image\/\",\"url\":\"https:\/\/staging.belleflamme.ca\/wp-content\/uploads\/2023\/01\/og-image.jpg\",\"contentUrl\":\"https:\/\/staging.belleflamme.ca\/wp-content\/uploads\/2023\/01\/og-image.jpg\",\"width\":1200,\"height\":630,\"caption\":\"Groupe Belleflamme\"},\"image\":{\"@id\":\"https:\/\/www.belleflamme.ca\/fr\/#\/schema\/logo\/image\/\"},\"sameAs\":[\"https:\/\/www.facebook.com\/belleflamme.ca\/\",\"https:\/\/www.linkedin.com\/company\/belleflamme\/\",\"https:\/\/www.pinterest.ca\/groupebelleflamme\/\",\"https:\/\/www.instagram.com\/legroupebelleflamme\/\"],\"mainEntityOfPage\":{\"@id\":\"https:\/\/staging.belleflamme.ca\/fr\/produit\/mortier-refractaire-melange-sec-211-de-rutland\/\"}}]}<\/script>\n<meta property=\"product:brand\" content=\"Rutland\" \/>\n<meta property=\"product:price:amount\" content=\"62.00\" \/>\n<meta property=\"product:price:currency\" content=\"CAD\" \/>\n<meta property=\"og:availability\" content=\"instock\" \/>\n<meta property=\"product:availability\" content=\"instock\" \/>\n<meta property=\"product:retailer_item_id\" content=\"211\" \/>\n<meta property=\"product:condition\" content=\"new\" \/>\n<!-- \/ Yoast SEO Premium plugin. -->","yoast_head_json":{"title":"Mortier R\u00e9fractaire M\u00e9lange Sec 211\u00ae de Rutland - Groupe BelleFlamme","description":"Mortier R\u00e9fractaire M\u00e9lange Sec 211\u00ae de Rutland vendu et install\u00e9 par le Groupe Belleflamme. Laval, Montr\u00e9al, Gatineau, Drummondville et Saint-Sauveur.","robots":{"index":"index","follow":"follow","max-snippet":"max-snippet:-1","max-image-preview":"max-image-preview:large","max-video-preview":"max-video-preview:-1"},"canonical":"https:\/\/staging.belleflamme.ca\/fr\/produit\/mortier-refractaire-melange-sec-211-de-rutland\/","og_locale":"fr_FR","og_type":"article","og_title":"Mortier R\u00e9fractaire M\u00e9lange Sec 211\u00ae de Rutland","og_description":"Mortier R\u00e9fractaire M\u00e9lange Sec 211\u00ae de Rutland vendu et install\u00e9 par le Groupe Belleflamme. Laval, Montr\u00e9al, Gatineau, Drummondville et Saint-Sauveur.","og_url":"https:\/\/staging.belleflamme.ca\/fr\/produit\/mortier-refractaire-melange-sec-211-de-rutland\/","og_site_name":"Groupe BelleFlamme","article_publisher":"https:\/\/www.facebook.com\/belleflamme.ca\/","article_modified_time":"2024-01-18T16:00:43+00:00","og_image":[{"width":600,"height":600,"url":"https:\/\/www.belleflamme.ca\/wp-content\/uploads\/2024\/01\/Mortier-Refractaire-Melange-Sec-211-de-Rutland.webp","type":"image\/webp"}],"twitter_card":"summary_large_image","twitter_misc":{"Prix":"&#36;62.00","Disponibilit\u00e9":"En stock"},"schema":{"@context":"https:\/\/schema.org","@graph":[{"@type":["WebPage","ItemPage"],"@id":"https:\/\/staging.belleflamme.ca\/fr\/produit\/mortier-refractaire-melange-sec-211-de-rutland\/","url":"https:\/\/staging.belleflamme.ca\/fr\/produit\/mortier-refractaire-melange-sec-211-de-rutland\/","name":"Mortier R\u00e9fractaire M\u00e9lange Sec 211\u00ae de Rutland - Groupe BelleFlamme","isPartOf":{"@id":"https:\/\/www.belleflamme.ca\/fr\/#website"},"primaryImageOfPage":{"@id":"https:\/\/staging.belleflamme.ca\/fr\/produit\/mortier-refractaire-melange-sec-211-de-rutland\/#primaryimage"},"image":{"@id":"https:\/\/staging.belleflamme.ca\/fr\/produit\/mortier-refractaire-melange-sec-211-de-rutland\/#primaryimage"},"thumbnailUrl":"https:\/\/staging.belleflamme.ca\/wp-content\/uploads\/2024\/01\/Mortier-Refractaire-Melange-Sec-211-de-Rutland.webp","datePublished":"2024-01-15T18:01:27+00:00","dateModified":"2024-01-18T16:00:43+00:00","description":"Mortier R\u00e9fractaire M\u00e9lange Sec 211\u00ae de Rutland [get_meta_en_fr]","breadcrumb":{"@id":"https:\/\/staging.belleflamme.ca\/fr\/produit\/mortier-refractaire-melange-sec-211-de-rutland\/#breadcrumb"},"inLanguage":"fr-FR","potentialAction":[{"@type":"ReadAction","target":["https:\/\/staging.belleflamme.ca\/fr\/produit\/mortier-refractaire-melange-sec-211-de-rutland\/"]}]},{"@type":"ImageObject","inLanguage":"fr-FR","@id":"https:\/\/staging.belleflamme.ca\/fr\/produit\/mortier-refractaire-melange-sec-211-de-rutland\/#primaryimage","url":"https:\/\/staging.belleflamme.ca\/wp-content\/uploads\/2024\/01\/Mortier-Refractaire-Melange-Sec-211-de-Rutland.webp","contentUrl":"https:\/\/staging.belleflamme.ca\/wp-content\/uploads\/2024\/01\/Mortier-Refractaire-Melange-Sec-211-de-Rutland.webp","width":600,"height":600,"caption":"Mortier R\u00e9fractaire M\u00e9lange Sec 211\u00ae de Rutland"},{"@type":"BreadcrumbList","@id":"https:\/\/staging.belleflamme.ca\/fr\/produit\/mortier-refractaire-melange-sec-211-de-rutland\/#breadcrumb","itemListElement":[{"@type":"ListItem","position":1,"name":"Accueil","item":"https:\/\/www.belleflamme.ca\/fr\/"},{"@type":"ListItem","position":2,"name":"Boutique","item":"https:\/\/www.belleflamme.ca\/fr\/boutique\/"},{"@type":"ListItem","position":3,"name":"Chemin\u00e9es, Pi\u00e8ces &amp; Accessoires","item":"https:\/\/staging.belleflamme.ca\/fr\/categories\/cheminees-pieces-accessoires\/"},{"@type":"ListItem","position":4,"name":"Ciment, Mortier et Scellant \u00e0 Foyer","item":"https:\/\/staging.belleflamme.ca\/fr\/categories\/cheminees-pieces-accessoires\/ciment-mortier-et-scellant-a-foyer\/"},{"@type":"ListItem","position":5,"name":"Mortier R\u00e9fractaire M\u00e9lange Sec 211\u00ae de Rutland"}]},{"@type":"WebSite","@id":"https:\/\/www.belleflamme.ca\/fr\/#website","url":"https:\/\/www.belleflamme.ca\/fr\/","name":"Groupe Belleflamme","description":"La m\u00e9canique du b\u00e2timent dans le sang.","publisher":{"@id":"https:\/\/www.belleflamme.ca\/fr\/#organization"},"potentialAction":[{"@type":"SearchAction","target":{"@type":"EntryPoint","urlTemplate":"https:\/\/www.belleflamme.ca\/fr\/?s={search_term_string}"},"query-input":{"@type":"PropertyValueSpecification","valueRequired":true,"valueName":"search_term_string"}}],"inLanguage":"fr-FR"},{"@type":["Organization","Place"],"@id":"https:\/\/www.belleflamme.ca\/fr\/#organization","name":"Groupe Belleflamme","alternateName":"Belleflamme","url":"https:\/\/www.belleflamme.ca\/fr\/","logo":{"@type":"ImageObject","inLanguage":"fr-FR","@id":"https:\/\/www.belleflamme.ca\/fr\/#\/schema\/logo\/image\/","url":"https:\/\/staging.belleflamme.ca\/wp-content\/uploads\/2023\/01\/og-image.jpg","contentUrl":"https:\/\/staging.belleflamme.ca\/wp-content\/uploads\/2023\/01\/og-image.jpg","width":1200,"height":630,"caption":"Groupe Belleflamme"},"image":{"@id":"https:\/\/www.belleflamme.ca\/fr\/#\/schema\/logo\/image\/"},"sameAs":["https:\/\/www.facebook.com\/belleflamme.ca\/","https:\/\/www.linkedin.com\/company\/belleflamme\/","https:\/\/www.pinterest.ca\/groupebelleflamme\/","https:\/\/www.instagram.com\/legroupebelleflamme\/"],"mainEntityOfPage":{"@id":"https:\/\/staging.belleflamme.ca\/fr\/produit\/mortier-refractaire-melange-sec-211-de-rutland\/"}}]},"product_brand":"Rutland","product_price_amount":"62.00","product_price_currency":"CAD","og_availability":"instock","product_availability":"instock","product_retailer_item_id":"211","product_condition":"new"},"_links":{"self":[{"href":"https:\/\/staging.belleflamme.ca\/fr\/wp-json\/wp\/v2\/product\/26039","targetHints":{"allow":["GET"]}}],"collection":[{"href":"https:\/\/staging.belleflamme.ca\/fr\/wp-json\/wp\/v2\/product"}],"about":[{"href":"https:\/\/staging.belleflamme.ca\/fr\/wp-json\/wp\/v2\/types\/product"}],"version-history":[{"count":5,"href":"https:\/\/staging.belleflamme.ca\/fr\/wp-json\/wp\/v2\/product\/26039\/revisions"}],"predecessor-version":[{"id":27212,"href":"https:\/\/staging.belleflamme.ca\/fr\/wp-json\/wp\/v2\/product\/26039\/revisions\/27212"}],"wp:featuredmedia":[{"embeddable":true,"href":"https:\/\/staging.belleflamme.ca\/fr\/wp-json\/wp\/v2\/media\/26040"}],"wp:attachment":[{"href":"https:\/\/staging.belleflamme.ca\/fr\/wp-json\/wp\/v2\/media?parent=26039"}],"wp:term":[{"taxonomy":"product_brand","embeddable":true,"href":"https:\/\/staging.belleflamme.ca\/fr\/wp-json\/wp\/v2\/product_brand?post=26039"},{"taxonomy":"product_cat","embeddable":true,"href":"https:\/\/staging.belleflamme.ca\/fr\/wp-json\/wp\/v2\/product_cat?post=26039"},{"taxonomy":"product_tag","embeddable":true,"href":"https:\/\/staging.belleflamme.ca\/fr\/wp-json\/wp\/v2\/product_tag?post=26039"}],"curies":[{"name":"wp","href":"https:\/\/api.w.org\/{rel}","templated":true}]}}