{"id":26009,"date":"2024-01-15T12:53:03","date_gmt":"2024-01-15T17:53:03","guid":{"rendered":"https:\/\/www.belleflamme.ca\/?post_type=product&#038;p=26009"},"modified":"2024-01-18T11:00:51","modified_gmt":"2024-01-18T16:00:51","slug":"mortier-de-foyer-de-rutland","status":"publish","type":"product","link":"https:\/\/staging.belleflamme.ca\/fr\/produit\/mortier-de-foyer-de-rutland\/","title":{"rendered":"Mortier de Foyer de Rutland"},"content":{"rendered":"\t\t<div data-elementor-type=\"product-post\" data-elementor-id=\"26009\" class=\"elementor elementor-26009\" data-elementor-post-type=\"product\">\n\t\t\t\t\t\t<section class=\"elementor-section elementor-top-section elementor-element elementor-element-1b5a9889 elementor-section-boxed elementor-section-height-default elementor-section-height-default\" data-id=\"1b5a9889\" data-element_type=\"section\">\n\t\t\t\t\t\t<div class=\"elementor-container elementor-column-gap-default\">\n\t\t\t\t\t<div class=\"elementor-column elementor-col-100 elementor-top-column elementor-element elementor-element-213618a\" data-id=\"213618a\" data-element_type=\"column\">\n\t\t\t<div class=\"elementor-widget-wrap elementor-element-populated\">\n\t\t\t\t\t\t<div class=\"elementor-element elementor-element-3de23c20 elementor-widget elementor-widget-text-editor\" data-id=\"3de23c20\" data-element_type=\"widget\" data-widget_type=\"text-editor.default\">\n\t\t\t\t<div class=\"elementor-widget-container\">\n\t\t\t\t\t\t\t\t\t<span style=\"color: #c8102e;\"><strong><span>Le mortier de chemin\u00e9e RUTLAND<\/span><\/strong><\/span><span>\u00a0est parfait pour r\u00e9parer les petits \u00e9clats ou les briques r\u00e9fractaires fissur\u00e9es, refaire le jointoiement des joints de mortier entre les briques r\u00e9fractaires et coller les briques r\u00e9fractaires ensemble.\u00a0Adh\u00e8re la ma\u00e7onnerie \u00e0 la ma\u00e7onnerie pour la brique, la brique r\u00e9fractaire et la pierre.<\/span>\r\n<span>Facile \u00e0 appliquer avec un pistolet \u00e0 calfeutrer et durera des ann\u00e9es.\u00a0Il durcit aussi dur et aussi fort que la brique r\u00e9fractaire apr\u00e8s durcissement et peut r\u00e9sister aux temp\u00e9ratures \u00e9lev\u00e9es produites par un feu de bois.<\/span>\r\n<ul>\r\n \t<li><span>Cartouche de 10,3 onces liquides<\/span><\/li>\r\n \t<li><span>Noir, chamois et gris<\/span><\/li>\r\n \t<li><span>\u00c9valu\u00e9 \u00e0 2 000 \u00b0F (1 090 \u00b0C)<\/span><\/li>\r\n \t<li><span>N\u00e9cessite de la chaleur pour durcir<\/span><\/li>\r\n \t<li><span>Peut \u00eatre peint apr\u00e8s durcissement<\/span><\/li>\r\n \t<li><span>Couverture approximative : 99&#8242; avec cordon de 1\/8&#8243;<\/span><\/li>\r\n \t<li><span>Fabriqu\u00e9 aux Etats-Unis<\/span><\/li>\r\n<\/ul>\r\n<strong>D\u00e9tails des produits<\/strong>\r\n\r\nNoir\r\n<ul>\r\n \t<li><strong><span>CUP\u00a0:\u00a0<\/span><\/strong><span>\u00a0022624-00063-1<\/span><\/li>\r\n \t<li><strong><span>Poids:<\/span><\/strong>\u00a0\u00a01,29 livres<\/li>\r\n \t<li><strong><span>Dimensions:<\/span><\/strong>\u00a0\u00a011,25 \u00d7 1,875 \u00d7 1,875 pouces<\/li>\r\n \t<li><strong>AVERTISSEMENT\u00a0:<\/strong>\u00a0Ce produit peut vous exposer \u00e0 des produits chimiques, notamment le noir de carbone et la silice cristalline, reconnus par l&#8217;\u00c9tat de Californie comme \u00e9tant canc\u00e9rig\u00e8nes.\u00a0Pour plus d\u2019informations, visitez www.P65Warnings.ca.gov<\/li>\r\n<\/ul>\r\nChamois\r\n<ul>\r\n \t<li><strong><span>CUP\u00a0:\u00a0<\/span><\/strong><span>\u00a0022624-00263-5<\/span><\/li>\r\n \t<li><strong><span>Poids:<\/span><\/strong>\u00a0\u00a01,29 livres<\/li>\r\n \t<li><strong><span>Dimensions:<\/span><\/strong>\u00a0\u00a011,25 \u00d7 1,875 \u00d7 1,875 pouces<\/li>\r\n \t<li>Ce produit peut vous exposer \u00e0 des produits chimiques, notamment \u00e0 la silice cristalline, reconnue par l&#8217;\u00c9tat de Californie comme \u00e9tant canc\u00e9rig\u00e8ne.\u00a0Pour plus d\u2019informations, visitez www.P65Warnings.ca.gov<\/li>\r\n<\/ul>\r\nGris\r\n<ul>\r\n \t<li><strong><span>CUP\u00a0:\u00a0<\/span><\/strong><span>\u00a0022624-00763-0<\/span><\/li>\r\n \t<li><strong><span>Poids:<\/span><\/strong>\u00a0\u00a01,29 livres<\/li>\r\n \t<li><strong><span>Dimensions:<\/span><\/strong>\u00a0\u00a011,25 \u00d7 1,875 \u00d7 1,875 pouces<\/li>\r\n \t<li><strong>AVERTISSEMENT\u00a0:<\/strong>\u00a0Ce produit peut vous exposer \u00e0 des produits chimiques, notamment le noir de carbone et la silice cristalline, reconnus par l&#8217;\u00c9tat de Californie comme \u00e9tant canc\u00e9rig\u00e8nes.\u00a0Pour plus d\u2019informations, visitez www.P65Warnings.ca.gov<\/li>\r\n<\/ul>\t\t\t\t\t\t\t\t<\/div>\n\t\t\t\t<\/div>\n\t\t\t\t\t<\/div>\n\t\t<\/div>\n\t\t\t\t\t<\/div>\n\t\t<\/section>\n\t\t\t\t<section class=\"elementor-section elementor-top-section elementor-element elementor-element-1d0139e elementor-section-boxed elementor-section-height-default elementor-section-height-default\" data-id=\"1d0139e\" data-element_type=\"section\">\n\t\t\t\t\t\t<div class=\"elementor-container elementor-column-gap-default\">\n\t\t\t\t\t<div class=\"elementor-column elementor-col-100 elementor-top-column elementor-element elementor-element-64d3369\" data-id=\"64d3369\" data-element_type=\"column\">\n\t\t\t<div class=\"elementor-widget-wrap elementor-element-populated\">\n\t\t\t\t\t\t<div class=\"elementor-element elementor-element-c556f62 elementor-tabs-view-horizontal elementor-widget elementor-widget-tabs\" data-id=\"c556f62\" data-element_type=\"widget\" data-widget_type=\"tabs.default\">\n\t\t\t\t<div class=\"elementor-widget-container\">\n\t\t\t\t\t\t\t<div class=\"elementor-tabs\">\n\t\t\t<div class=\"elementor-tabs-wrapper\" role=\"tablist\" >\n\t\t\t\t\t\t\t\t\t<div id=\"elementor-tab-title-2061\" class=\"elementor-tab-title elementor-tab-desktop-title\" aria-selected=\"true\" data-tab=\"1\" role=\"tab\" tabindex=\"0\" aria-controls=\"elementor-tab-content-2061\" aria-expanded=\"false\">Fichiers<\/div>\n\t\t\t\t\t\t\t<\/div>\n\t\t\t<div class=\"elementor-tabs-content-wrapper\" role=\"tablist\" aria-orientation=\"vertical\">\n\t\t\t\t\t\t\t\t\t<div class=\"elementor-tab-title elementor-tab-mobile-title\" aria-selected=\"true\" data-tab=\"1\" role=\"tab\" tabindex=\"0\" aria-controls=\"elementor-tab-content-2061\" aria-expanded=\"false\">Fichiers<\/div>\n\t\t\t\t\t<div id=\"elementor-tab-content-2061\" class=\"elementor-tab-content elementor-clearfix\" data-tab=\"1\" role=\"tabpanel\" aria-labelledby=\"elementor-tab-title-2061\" tabindex=\"0\" hidden=\"false\"><i class=\"far fa-file-pdf fa-xl\" style=\"font-size:35px\"><\/i><a href=\"https:\/\/www.belleflamme.ca\/wp-content\/uploads\/2024\/01\/RUTLAND-63-SDS.pdf\"> Donn\u00e9es de S\u00e9curit\u00e9 (Noir)<\/a><\/br>\n<i class=\"far fa-file-pdf fa-xl\" style=\"font-size:35px\"><\/i><a href=\"https:\/\/www.belleflamme.ca\/wp-content\/uploads\/2024\/01\/RUTLAND-63B-SDS.pdf\"> Donn\u00e9es de S\u00e9curit\u00e9 (Chamois)<\/a><\/br>\n<i class=\"far fa-file-pdf fa-xl\" style=\"font-size:35px\"><\/i><a href=\"https:\/\/www.belleflamme.ca\/wp-content\/uploads\/2024\/01\/RUTLAND-63G-SDS.pdf\"> Donn\u00e9es de S\u00e9curit\u00e9 (Gris)<\/a><\/br><\/div>\n\t\t\t\t\t\t\t<\/div>\n\t\t<\/div>\n\t\t\t\t\t\t<\/div>\n\t\t\t\t<\/div>\n\t\t\t\t\t<\/div>\n\t\t<\/div>\n\t\t\t\t\t<\/div>\n\t\t<\/section>\n\t\t\t\t<\/div>\n\t\t","protected":false},"excerpt":{"rendered":"<p>Le mortier de chemin\u00e9e RUTLAND\u00a0est parfait pour r\u00e9parer les petits \u00e9clats ou les briques r\u00e9fractaires fissur\u00e9es, refaire le jointoiement des joints de mortier entre les briques r\u00e9fractaires et coller les briques r\u00e9fractaires ensemble.\u00a0Adh\u00e8re la ma\u00e7onnerie \u00e0 la ma\u00e7onnerie pour la brique, la brique r\u00e9fractaire et la pierre. Facile \u00e0 appliquer avec un pistolet \u00e0 calfeutrer [&hellip;]<\/p>\n","protected":false},"featured_media":26014,"template":"","meta":{"inline_featured_image":false},"product_brand":[885],"product_cat":[1114,45],"product_tag":[],"class_list":{"0":"post-26009","1":"product","2":"type-product","3":"status-publish","4":"has-post-thumbnail","6":"product_brand-rutland","7":"product_cat-ciment-mortier-et-scellant-a-foyer","8":"product_cat-cheminees-pieces-accessoires","10":"first","11":"instock","12":"taxable","13":"shipping-taxable","14":"purchasable","15":"product-type-variable"},"yoast_head":"<!-- This site is optimized with the Yoast SEO Premium plugin v24.2 (Yoast SEO v24.2) - https:\/\/yoast.com\/wordpress\/plugins\/seo\/ -->\n<title>Mortier de Foyer de Rutland - Groupe BelleFlamme<\/title>\n<meta name=\"description\" content=\"Mortier de Foyer de Rutland, Chamois, Gris et Noir\" \/>\n<meta name=\"robots\" content=\"index, follow, max-snippet:-1, max-image-preview:large, max-video-preview:-1\" \/>\n<link rel=\"canonical\" href=\"https:\/\/staging.belleflamme.ca\/fr\/produit\/mortier-de-foyer-de-rutland\/\" \/>\n<meta property=\"og:locale\" content=\"fr_FR\" \/>\n<meta property=\"og:type\" content=\"article\" \/>\n<meta property=\"og:title\" content=\"Mortier de Foyer de Rutland\" \/>\n<meta property=\"og:description\" content=\"Mortier de Foyer de Rutland, Chamois, Gris et Noir\" \/>\n<meta property=\"og:url\" content=\"https:\/\/staging.belleflamme.ca\/fr\/produit\/mortier-de-foyer-de-rutland\/\" \/>\n<meta property=\"og:site_name\" content=\"Groupe BelleFlamme\" \/>\n<meta property=\"article:publisher\" content=\"https:\/\/www.facebook.com\/belleflamme.ca\/\" \/>\n<meta property=\"article:modified_time\" content=\"2024-01-18T16:00:51+00:00\" \/>\n<meta property=\"og:image\" content=\"https:\/\/www.belleflamme.ca\/wp-content\/uploads\/2024\/01\/Mortier-de-Foyer-de-Rutland-gris.webp\" \/>\n\t<meta property=\"og:image:width\" content=\"600\" \/>\n\t<meta property=\"og:image:height\" content=\"600\" \/>\n\t<meta property=\"og:image:type\" content=\"image\/webp\" \/>\n<meta name=\"twitter:card\" content=\"summary_large_image\" \/>\n<meta name=\"twitter:label1\" content=\"Disponibilit\u00e9\" \/>\n\t<meta name=\"twitter:data1\" content=\"En stock\" \/>\n<script type=\"application\/ld+json\" class=\"yoast-schema-graph\">{\"@context\":\"https:\/\/schema.org\",\"@graph\":[{\"@type\":[\"WebPage\",\"ItemPage\"],\"@id\":\"https:\/\/staging.belleflamme.ca\/fr\/produit\/mortier-de-foyer-de-rutland\/\",\"url\":\"https:\/\/staging.belleflamme.ca\/fr\/produit\/mortier-de-foyer-de-rutland\/\",\"name\":\"Mortier de Foyer de Rutland - Groupe BelleFlamme\",\"isPartOf\":{\"@id\":\"https:\/\/www.belleflamme.ca\/fr\/#website\"},\"primaryImageOfPage\":{\"@id\":\"https:\/\/staging.belleflamme.ca\/fr\/produit\/mortier-de-foyer-de-rutland\/#primaryimage\"},\"image\":{\"@id\":\"https:\/\/staging.belleflamme.ca\/fr\/produit\/mortier-de-foyer-de-rutland\/#primaryimage\"},\"thumbnailUrl\":\"https:\/\/staging.belleflamme.ca\/wp-content\/uploads\/2024\/01\/Mortier-de-Foyer-de-Rutland-gris.webp\",\"datePublished\":\"2024-01-15T17:53:03+00:00\",\"dateModified\":\"2024-01-18T16:00:51+00:00\",\"description\":\"Mortier de Foyer de Rutland, Chamois, Gris et Noir\",\"breadcrumb\":{\"@id\":\"https:\/\/staging.belleflamme.ca\/fr\/produit\/mortier-de-foyer-de-rutland\/#breadcrumb\"},\"inLanguage\":\"fr-FR\",\"potentialAction\":[{\"@type\":\"ReadAction\",\"target\":[\"https:\/\/staging.belleflamme.ca\/fr\/produit\/mortier-de-foyer-de-rutland\/\"]}]},{\"@type\":\"ImageObject\",\"inLanguage\":\"fr-FR\",\"@id\":\"https:\/\/staging.belleflamme.ca\/fr\/produit\/mortier-de-foyer-de-rutland\/#primaryimage\",\"url\":\"https:\/\/staging.belleflamme.ca\/wp-content\/uploads\/2024\/01\/Mortier-de-Foyer-de-Rutland-gris.webp\",\"contentUrl\":\"https:\/\/staging.belleflamme.ca\/wp-content\/uploads\/2024\/01\/Mortier-de-Foyer-de-Rutland-gris.webp\",\"width\":600,\"height\":600,\"caption\":\"Mortier de Foyer de Rutland gris\"},{\"@type\":\"BreadcrumbList\",\"@id\":\"https:\/\/staging.belleflamme.ca\/fr\/produit\/mortier-de-foyer-de-rutland\/#breadcrumb\",\"itemListElement\":[{\"@type\":\"ListItem\",\"position\":1,\"name\":\"Accueil\",\"item\":\"https:\/\/www.belleflamme.ca\/fr\/\"},{\"@type\":\"ListItem\",\"position\":2,\"name\":\"Boutique\",\"item\":\"https:\/\/www.belleflamme.ca\/fr\/boutique\/\"},{\"@type\":\"ListItem\",\"position\":3,\"name\":\"Chemin\u00e9es, Pi\u00e8ces &amp; Accessoires\",\"item\":\"https:\/\/staging.belleflamme.ca\/fr\/categories\/cheminees-pieces-accessoires\/\"},{\"@type\":\"ListItem\",\"position\":4,\"name\":\"Ciment, Mortier et Scellant \u00e0 Foyer\",\"item\":\"https:\/\/staging.belleflamme.ca\/fr\/categories\/cheminees-pieces-accessoires\/ciment-mortier-et-scellant-a-foyer\/\"},{\"@type\":\"ListItem\",\"position\":5,\"name\":\"Mortier de Foyer de Rutland\"}]},{\"@type\":\"WebSite\",\"@id\":\"https:\/\/www.belleflamme.ca\/fr\/#website\",\"url\":\"https:\/\/www.belleflamme.ca\/fr\/\",\"name\":\"Groupe Belleflamme\",\"description\":\"La m\u00e9canique du b\u00e2timent dans le sang.\",\"publisher\":{\"@id\":\"https:\/\/www.belleflamme.ca\/fr\/#organization\"},\"potentialAction\":[{\"@type\":\"SearchAction\",\"target\":{\"@type\":\"EntryPoint\",\"urlTemplate\":\"https:\/\/www.belleflamme.ca\/fr\/?s={search_term_string}\"},\"query-input\":{\"@type\":\"PropertyValueSpecification\",\"valueRequired\":true,\"valueName\":\"search_term_string\"}}],\"inLanguage\":\"fr-FR\"},{\"@type\":[\"Organization\",\"Place\"],\"@id\":\"https:\/\/www.belleflamme.ca\/fr\/#organization\",\"name\":\"Groupe Belleflamme\",\"alternateName\":\"Belleflamme\",\"url\":\"https:\/\/www.belleflamme.ca\/fr\/\",\"logo\":{\"@type\":\"ImageObject\",\"inLanguage\":\"fr-FR\",\"@id\":\"https:\/\/www.belleflamme.ca\/fr\/#\/schema\/logo\/image\/\",\"url\":\"https:\/\/staging.belleflamme.ca\/wp-content\/uploads\/2023\/01\/og-image.jpg\",\"contentUrl\":\"https:\/\/staging.belleflamme.ca\/wp-content\/uploads\/2023\/01\/og-image.jpg\",\"width\":1200,\"height\":630,\"caption\":\"Groupe Belleflamme\"},\"image\":{\"@id\":\"https:\/\/www.belleflamme.ca\/fr\/#\/schema\/logo\/image\/\"},\"sameAs\":[\"https:\/\/www.facebook.com\/belleflamme.ca\/\",\"https:\/\/www.linkedin.com\/company\/belleflamme\/\",\"https:\/\/www.pinterest.ca\/groupebelleflamme\/\",\"https:\/\/www.instagram.com\/legroupebelleflamme\/\"],\"mainEntityOfPage\":{\"@id\":\"https:\/\/staging.belleflamme.ca\/fr\/produit\/mortier-de-foyer-de-rutland\/\"}}]}<\/script>\n<meta property=\"product:brand\" content=\"Rutland\" \/>\n<meta property=\"og:availability\" content=\"instock\" \/>\n<meta property=\"product:availability\" content=\"instock\" \/>\n<meta property=\"product:condition\" content=\"new\" \/>\n<!-- \/ Yoast SEO Premium plugin. -->","yoast_head_json":{"title":"Mortier de Foyer de Rutland - Groupe BelleFlamme","description":"Mortier de Foyer de Rutland, Chamois, Gris et Noir","robots":{"index":"index","follow":"follow","max-snippet":"max-snippet:-1","max-image-preview":"max-image-preview:large","max-video-preview":"max-video-preview:-1"},"canonical":"https:\/\/staging.belleflamme.ca\/fr\/produit\/mortier-de-foyer-de-rutland\/","og_locale":"fr_FR","og_type":"article","og_title":"Mortier de Foyer de Rutland","og_description":"Mortier de Foyer de Rutland, Chamois, Gris et Noir","og_url":"https:\/\/staging.belleflamme.ca\/fr\/produit\/mortier-de-foyer-de-rutland\/","og_site_name":"Groupe BelleFlamme","article_publisher":"https:\/\/www.facebook.com\/belleflamme.ca\/","article_modified_time":"2024-01-18T16:00:51+00:00","og_image":[{"width":600,"height":600,"url":"https:\/\/www.belleflamme.ca\/wp-content\/uploads\/2024\/01\/Mortier-de-Foyer-de-Rutland-gris.webp","type":"image\/webp"}],"twitter_card":"summary_large_image","twitter_misc":{"Disponibilit\u00e9":"En stock"},"schema":{"@context":"https:\/\/schema.org","@graph":[{"@type":["WebPage","ItemPage"],"@id":"https:\/\/staging.belleflamme.ca\/fr\/produit\/mortier-de-foyer-de-rutland\/","url":"https:\/\/staging.belleflamme.ca\/fr\/produit\/mortier-de-foyer-de-rutland\/","name":"Mortier de Foyer de Rutland - Groupe BelleFlamme","isPartOf":{"@id":"https:\/\/www.belleflamme.ca\/fr\/#website"},"primaryImageOfPage":{"@id":"https:\/\/staging.belleflamme.ca\/fr\/produit\/mortier-de-foyer-de-rutland\/#primaryimage"},"image":{"@id":"https:\/\/staging.belleflamme.ca\/fr\/produit\/mortier-de-foyer-de-rutland\/#primaryimage"},"thumbnailUrl":"https:\/\/staging.belleflamme.ca\/wp-content\/uploads\/2024\/01\/Mortier-de-Foyer-de-Rutland-gris.webp","datePublished":"2024-01-15T17:53:03+00:00","dateModified":"2024-01-18T16:00:51+00:00","description":"Mortier de Foyer de Rutland, Chamois, Gris et Noir","breadcrumb":{"@id":"https:\/\/staging.belleflamme.ca\/fr\/produit\/mortier-de-foyer-de-rutland\/#breadcrumb"},"inLanguage":"fr-FR","potentialAction":[{"@type":"ReadAction","target":["https:\/\/staging.belleflamme.ca\/fr\/produit\/mortier-de-foyer-de-rutland\/"]}]},{"@type":"ImageObject","inLanguage":"fr-FR","@id":"https:\/\/staging.belleflamme.ca\/fr\/produit\/mortier-de-foyer-de-rutland\/#primaryimage","url":"https:\/\/staging.belleflamme.ca\/wp-content\/uploads\/2024\/01\/Mortier-de-Foyer-de-Rutland-gris.webp","contentUrl":"https:\/\/staging.belleflamme.ca\/wp-content\/uploads\/2024\/01\/Mortier-de-Foyer-de-Rutland-gris.webp","width":600,"height":600,"caption":"Mortier de Foyer de Rutland gris"},{"@type":"BreadcrumbList","@id":"https:\/\/staging.belleflamme.ca\/fr\/produit\/mortier-de-foyer-de-rutland\/#breadcrumb","itemListElement":[{"@type":"ListItem","position":1,"name":"Accueil","item":"https:\/\/www.belleflamme.ca\/fr\/"},{"@type":"ListItem","position":2,"name":"Boutique","item":"https:\/\/www.belleflamme.ca\/fr\/boutique\/"},{"@type":"ListItem","position":3,"name":"Chemin\u00e9es, Pi\u00e8ces &amp; Accessoires","item":"https:\/\/staging.belleflamme.ca\/fr\/categories\/cheminees-pieces-accessoires\/"},{"@type":"ListItem","position":4,"name":"Ciment, Mortier et Scellant \u00e0 Foyer","item":"https:\/\/staging.belleflamme.ca\/fr\/categories\/cheminees-pieces-accessoires\/ciment-mortier-et-scellant-a-foyer\/"},{"@type":"ListItem","position":5,"name":"Mortier de Foyer de Rutland"}]},{"@type":"WebSite","@id":"https:\/\/www.belleflamme.ca\/fr\/#website","url":"https:\/\/www.belleflamme.ca\/fr\/","name":"Groupe Belleflamme","description":"La m\u00e9canique du b\u00e2timent dans le sang.","publisher":{"@id":"https:\/\/www.belleflamme.ca\/fr\/#organization"},"potentialAction":[{"@type":"SearchAction","target":{"@type":"EntryPoint","urlTemplate":"https:\/\/www.belleflamme.ca\/fr\/?s={search_term_string}"},"query-input":{"@type":"PropertyValueSpecification","valueRequired":true,"valueName":"search_term_string"}}],"inLanguage":"fr-FR"},{"@type":["Organization","Place"],"@id":"https:\/\/www.belleflamme.ca\/fr\/#organization","name":"Groupe Belleflamme","alternateName":"Belleflamme","url":"https:\/\/www.belleflamme.ca\/fr\/","logo":{"@type":"ImageObject","inLanguage":"fr-FR","@id":"https:\/\/www.belleflamme.ca\/fr\/#\/schema\/logo\/image\/","url":"https:\/\/staging.belleflamme.ca\/wp-content\/uploads\/2023\/01\/og-image.jpg","contentUrl":"https:\/\/staging.belleflamme.ca\/wp-content\/uploads\/2023\/01\/og-image.jpg","width":1200,"height":630,"caption":"Groupe Belleflamme"},"image":{"@id":"https:\/\/www.belleflamme.ca\/fr\/#\/schema\/logo\/image\/"},"sameAs":["https:\/\/www.facebook.com\/belleflamme.ca\/","https:\/\/www.linkedin.com\/company\/belleflamme\/","https:\/\/www.pinterest.ca\/groupebelleflamme\/","https:\/\/www.instagram.com\/legroupebelleflamme\/"],"mainEntityOfPage":{"@id":"https:\/\/staging.belleflamme.ca\/fr\/produit\/mortier-de-foyer-de-rutland\/"}}]},"product_brand":"Rutland","og_availability":"instock","product_availability":"instock","product_condition":"new"},"_links":{"self":[{"href":"https:\/\/staging.belleflamme.ca\/fr\/wp-json\/wp\/v2\/product\/26009","targetHints":{"allow":["GET"]}}],"collection":[{"href":"https:\/\/staging.belleflamme.ca\/fr\/wp-json\/wp\/v2\/product"}],"about":[{"href":"https:\/\/staging.belleflamme.ca\/fr\/wp-json\/wp\/v2\/types\/product"}],"version-history":[{"count":5,"href":"https:\/\/staging.belleflamme.ca\/fr\/wp-json\/wp\/v2\/product\/26009\/revisions"}],"predecessor-version":[{"id":27213,"href":"https:\/\/staging.belleflamme.ca\/fr\/wp-json\/wp\/v2\/product\/26009\/revisions\/27213"}],"wp:featuredmedia":[{"embeddable":true,"href":"https:\/\/staging.belleflamme.ca\/fr\/wp-json\/wp\/v2\/media\/26014"}],"wp:attachment":[{"href":"https:\/\/staging.belleflamme.ca\/fr\/wp-json\/wp\/v2\/media?parent=26009"}],"wp:term":[{"taxonomy":"product_brand","embeddable":true,"href":"https:\/\/staging.belleflamme.ca\/fr\/wp-json\/wp\/v2\/product_brand?post=26009"},{"taxonomy":"product_cat","embeddable":true,"href":"https:\/\/staging.belleflamme.ca\/fr\/wp-json\/wp\/v2\/product_cat?post=26009"},{"taxonomy":"product_tag","embeddable":true,"href":"https:\/\/staging.belleflamme.ca\/fr\/wp-json\/wp\/v2\/product_tag?post=26009"}],"curies":[{"name":"wp","href":"https:\/\/api.w.org\/{rel}","templated":true}]}}