{"id":25994,"date":"2024-01-15T12:42:18","date_gmt":"2024-01-15T17:42:18","guid":{"rendered":"https:\/\/www.belleflamme.ca\/?post_type=product&#038;p=25994"},"modified":"2024-01-18T10:21:57","modified_gmt":"2024-01-18T15:21:57","slug":"dissolvant-de-suie-pour-buches-de-foyer-au-gaz-log-bright-de-rutland","status":"publish","type":"product","link":"https:\/\/staging.belleflamme.ca\/fr\/produit\/dissolvant-de-suie-pour-buches-de-foyer-au-gaz-log-bright-de-rutland\/","title":{"rendered":"Dissolvant de suie pour b\u00fbches de foyer au gaz Log Bright\u00ae de Rutland"},"content":{"rendered":"\t\t<div data-elementor-type=\"product-post\" data-elementor-id=\"25994\" class=\"elementor elementor-25994\" data-elementor-post-type=\"product\">\n\t\t\t\t\t\t<section class=\"elementor-section elementor-top-section elementor-element elementor-element-473fa095 elementor-section-boxed elementor-section-height-default elementor-section-height-default\" data-id=\"473fa095\" data-element_type=\"section\">\n\t\t\t\t\t\t<div class=\"elementor-container elementor-column-gap-default\">\n\t\t\t\t\t<div class=\"elementor-column elementor-col-100 elementor-top-column elementor-element elementor-element-3be7c712\" data-id=\"3be7c712\" data-element_type=\"column\">\n\t\t\t<div class=\"elementor-widget-wrap elementor-element-populated\">\n\t\t\t\t\t\t<div class=\"elementor-element elementor-element-2a57282a elementor-widget elementor-widget-text-editor\" data-id=\"2a57282a\" data-element_type=\"widget\" data-widget_type=\"text-editor.default\">\n\t\t\t\t<div class=\"elementor-widget-container\">\n\t\t\t\t\t\t\t\t\t<span>Vaporisez\u00a0<\/span><span style=\"color: #c8102e;\"><strong><span>le dissolvant de suie pour b\u00fbches \u00e0 gaz RUTLAND Log Bright\u00ae<\/span><\/strong><\/span><span>\u00a0sur les b\u00fbches de foyer \u00e0 gaz pour \u00e9liminer et contr\u00f4ler en toute s\u00e9curit\u00e9 l&#8217;accumulation future de suie, leur donnant ainsi une apparence \u00ab comme neuve \u00bb.\u00a0Facile \u00e0 utiliser, ce nettoyant en spray ne n\u00e9cessite ni r\u00e9curage ni essuyage.\u00a0Utiliser sur les unit\u00e9s de propane liquide et de gaz naturel ventil\u00e9es et sans ventilation.\u00a0Ne d\u00e9colorera pas les b\u00fbches en c\u00e9ramique et n\u2019endommagera pas les br\u00fbleurs.\u00a0Ne pas utiliser sur des b\u00fbches blanches ou en fibre.<\/span>\r\n<ul>\r\n \t<li><span>Flacon pulv\u00e9risateur de 16 onces liquides<\/span><\/li>\r\n \t<li><span>Fabriqu\u00e9 aux Etats-Unis<\/span><\/li>\r\n<\/ul>\r\n<strong><span>Poids:<\/span><\/strong>\u00a0<span>1,21 livres<\/span>\r\n\r\n<strong><span>Dimensions:\u00a0<\/span><\/strong><span>10,25 \u00d7 2,75 \u00d7 2,75 pouces<\/span>\t\t\t\t\t\t\t\t<\/div>\n\t\t\t\t<\/div>\n\t\t\t\t\t<\/div>\n\t\t<\/div>\n\t\t\t\t\t<\/div>\n\t\t<\/section>\n\t\t\t\t<section class=\"elementor-section elementor-top-section elementor-element elementor-element-3ded594 elementor-section-boxed elementor-section-height-default elementor-section-height-default\" data-id=\"3ded594\" data-element_type=\"section\">\n\t\t\t\t\t\t<div class=\"elementor-container elementor-column-gap-default\">\n\t\t\t\t\t<div class=\"elementor-column elementor-col-100 elementor-top-column elementor-element elementor-element-040d0d9\" data-id=\"040d0d9\" data-element_type=\"column\">\n\t\t\t<div class=\"elementor-widget-wrap elementor-element-populated\">\n\t\t\t\t\t\t<div class=\"elementor-element elementor-element-f55d7ad elementor-tabs-view-horizontal elementor-widget elementor-widget-tabs\" data-id=\"f55d7ad\" data-element_type=\"widget\" data-widget_type=\"tabs.default\">\n\t\t\t\t<div class=\"elementor-widget-container\">\n\t\t\t\t\t\t\t<div class=\"elementor-tabs\">\n\t\t\t<div class=\"elementor-tabs-wrapper\" role=\"tablist\" >\n\t\t\t\t\t\t\t\t\t<div id=\"elementor-tab-title-2571\" class=\"elementor-tab-title elementor-tab-desktop-title\" aria-selected=\"true\" data-tab=\"1\" role=\"tab\" tabindex=\"0\" aria-controls=\"elementor-tab-content-2571\" aria-expanded=\"false\">Fichiers<\/div>\n\t\t\t\t\t\t\t<\/div>\n\t\t\t<div class=\"elementor-tabs-content-wrapper\" role=\"tablist\" aria-orientation=\"vertical\">\n\t\t\t\t\t\t\t\t\t<div class=\"elementor-tab-title elementor-tab-mobile-title\" aria-selected=\"true\" data-tab=\"1\" role=\"tab\" tabindex=\"0\" aria-controls=\"elementor-tab-content-2571\" aria-expanded=\"false\">Fichiers<\/div>\n\t\t\t\t\t<div id=\"elementor-tab-content-2571\" class=\"elementor-tab-content elementor-clearfix\" data-tab=\"1\" role=\"tabpanel\" aria-labelledby=\"elementor-tab-title-2571\" tabindex=\"0\" hidden=\"false\"><i class=\"far fa-file-pdf fa-xl\" style=\"font-size:35px\"><\/i><a href=\"https:\/\/www.belleflamme.ca\/wp-content\/uploads\/2024\/01\/570-6.pdf\"> Donn\u00e9es de S\u00e9curit\u00e9<\/a><\/br>\n<\/div>\n\t\t\t\t\t\t\t<\/div>\n\t\t<\/div>\n\t\t\t\t\t\t<\/div>\n\t\t\t\t<\/div>\n\t\t\t\t\t<\/div>\n\t\t<\/div>\n\t\t\t\t\t<\/div>\n\t\t<\/section>\n\t\t\t\t<\/div>\n\t\t","protected":false},"excerpt":{"rendered":"<p>Vaporisez\u00a0le dissolvant de suie pour b\u00fbches \u00e0 gaz RUTLAND Log Bright\u00ae\u00a0sur les b\u00fbches de foyer \u00e0 gaz pour \u00e9liminer et contr\u00f4ler en toute s\u00e9curit\u00e9 l&#8217;accumulation future de suie, leur donnant ainsi une apparence \u00ab comme neuve \u00bb.\u00a0Facile \u00e0 utiliser, ce nettoyant en spray ne n\u00e9cessite ni r\u00e9curage ni essuyage.\u00a0Utiliser sur les unit\u00e9s de propane liquide [&hellip;]<\/p>\n","protected":false},"featured_media":25995,"template":"","meta":{"inline_featured_image":false},"product_brand":[885],"product_cat":[1112,45],"product_tag":[],"class_list":{"0":"post-25994","1":"product","2":"type-product","3":"status-publish","4":"has-post-thumbnail","6":"product_brand-rutland","7":"product_cat-produits-nettoyants-de-foyer","8":"product_cat-cheminees-pieces-accessoires","10":"first","11":"instock","12":"taxable","13":"shipping-taxable","14":"purchasable","15":"product-type-simple"},"yoast_head":"<!-- This site is optimized with the Yoast SEO Premium plugin v24.2 (Yoast SEO v24.2) - https:\/\/yoast.com\/wordpress\/plugins\/seo\/ -->\n<title>Dissolvant de suie pour b\u00fbches de foyer au gaz Log Bright\u00ae de Rutland - Groupe BelleFlamme<\/title>\n<meta name=\"description\" content=\"Dissolvant de suie pour b\u00fbches de foyer au gaz Log Bright\u00ae de Rutland vendu et install\u00e9 par le Groupe Belleflamme. Laval, Montr\u00e9al, Gatineau, Drummondville et Saint-Sauveur.\" \/>\n<meta name=\"robots\" content=\"index, follow, max-snippet:-1, max-image-preview:large, max-video-preview:-1\" \/>\n<link rel=\"canonical\" href=\"https:\/\/staging.belleflamme.ca\/fr\/produit\/dissolvant-de-suie-pour-buches-de-foyer-au-gaz-log-bright-de-rutland\/\" \/>\n<meta property=\"og:locale\" content=\"fr_FR\" \/>\n<meta property=\"og:type\" content=\"article\" \/>\n<meta property=\"og:title\" content=\"Dissolvant de suie pour b\u00fbches de foyer au gaz Log Bright\u00ae de Rutland\" \/>\n<meta property=\"og:description\" content=\"Dissolvant de suie pour b\u00fbches de foyer au gaz Log Bright\u00ae de Rutland vendu et install\u00e9 par le Groupe Belleflamme. Laval, Montr\u00e9al, Gatineau, Drummondville et Saint-Sauveur.\" \/>\n<meta property=\"og:url\" content=\"https:\/\/staging.belleflamme.ca\/fr\/produit\/dissolvant-de-suie-pour-buches-de-foyer-au-gaz-log-bright-de-rutland\/\" \/>\n<meta property=\"og:site_name\" content=\"Groupe BelleFlamme\" \/>\n<meta property=\"article:publisher\" content=\"https:\/\/www.facebook.com\/belleflamme.ca\/\" \/>\n<meta property=\"article:modified_time\" content=\"2024-01-18T15:21:57+00:00\" \/>\n<meta property=\"og:image\" content=\"https:\/\/www.belleflamme.ca\/wp-content\/uploads\/2024\/01\/Dissolvant-de-suie-pour-buches-de-foyer-au-gaz-Log-Bright-de-Rutland.webp\" \/>\n\t<meta property=\"og:image:width\" content=\"600\" \/>\n\t<meta property=\"og:image:height\" content=\"600\" \/>\n\t<meta property=\"og:image:type\" content=\"image\/webp\" \/>\n<meta name=\"twitter:card\" content=\"summary_large_image\" \/>\n<meta name=\"twitter:label1\" content=\"Prix\" \/>\n\t<meta name=\"twitter:data1\" content=\"&#036;23.00\" \/>\n\t<meta name=\"twitter:label2\" content=\"Disponibilit\u00e9\" \/>\n\t<meta name=\"twitter:data2\" content=\"En stock\" \/>\n<script type=\"application\/ld+json\" class=\"yoast-schema-graph\">{\"@context\":\"https:\/\/schema.org\",\"@graph\":[{\"@type\":[\"WebPage\",\"ItemPage\"],\"@id\":\"https:\/\/staging.belleflamme.ca\/fr\/produit\/dissolvant-de-suie-pour-buches-de-foyer-au-gaz-log-bright-de-rutland\/\",\"url\":\"https:\/\/staging.belleflamme.ca\/fr\/produit\/dissolvant-de-suie-pour-buches-de-foyer-au-gaz-log-bright-de-rutland\/\",\"name\":\"Dissolvant de suie pour b\u00fbches de foyer au gaz Log Bright\u00ae de Rutland - Groupe BelleFlamme\",\"isPartOf\":{\"@id\":\"https:\/\/www.belleflamme.ca\/fr\/#website\"},\"primaryImageOfPage\":{\"@id\":\"https:\/\/staging.belleflamme.ca\/fr\/produit\/dissolvant-de-suie-pour-buches-de-foyer-au-gaz-log-bright-de-rutland\/#primaryimage\"},\"image\":{\"@id\":\"https:\/\/staging.belleflamme.ca\/fr\/produit\/dissolvant-de-suie-pour-buches-de-foyer-au-gaz-log-bright-de-rutland\/#primaryimage\"},\"thumbnailUrl\":\"https:\/\/staging.belleflamme.ca\/wp-content\/uploads\/2024\/01\/Dissolvant-de-suie-pour-buches-de-foyer-au-gaz-Log-Bright-de-Rutland.webp\",\"datePublished\":\"2024-01-15T17:42:18+00:00\",\"dateModified\":\"2024-01-18T15:21:57+00:00\",\"description\":\"Dissolvant de suie pour b\u00fbches de foyer au gaz Log Bright\u00ae de Rutland [get_meta_en_fr]\",\"breadcrumb\":{\"@id\":\"https:\/\/staging.belleflamme.ca\/fr\/produit\/dissolvant-de-suie-pour-buches-de-foyer-au-gaz-log-bright-de-rutland\/#breadcrumb\"},\"inLanguage\":\"fr-FR\",\"potentialAction\":[{\"@type\":\"ReadAction\",\"target\":[\"https:\/\/staging.belleflamme.ca\/fr\/produit\/dissolvant-de-suie-pour-buches-de-foyer-au-gaz-log-bright-de-rutland\/\"]}]},{\"@type\":\"ImageObject\",\"inLanguage\":\"fr-FR\",\"@id\":\"https:\/\/staging.belleflamme.ca\/fr\/produit\/dissolvant-de-suie-pour-buches-de-foyer-au-gaz-log-bright-de-rutland\/#primaryimage\",\"url\":\"https:\/\/staging.belleflamme.ca\/wp-content\/uploads\/2024\/01\/Dissolvant-de-suie-pour-buches-de-foyer-au-gaz-Log-Bright-de-Rutland.webp\",\"contentUrl\":\"https:\/\/staging.belleflamme.ca\/wp-content\/uploads\/2024\/01\/Dissolvant-de-suie-pour-buches-de-foyer-au-gaz-Log-Bright-de-Rutland.webp\",\"width\":600,\"height\":600,\"caption\":\"Dissolvant de suie pour b\u00fbches de foyer au gaz Log Bright\u00ae de Rutland\"},{\"@type\":\"BreadcrumbList\",\"@id\":\"https:\/\/staging.belleflamme.ca\/fr\/produit\/dissolvant-de-suie-pour-buches-de-foyer-au-gaz-log-bright-de-rutland\/#breadcrumb\",\"itemListElement\":[{\"@type\":\"ListItem\",\"position\":1,\"name\":\"Accueil\",\"item\":\"https:\/\/www.belleflamme.ca\/fr\/\"},{\"@type\":\"ListItem\",\"position\":2,\"name\":\"Boutique\",\"item\":\"https:\/\/www.belleflamme.ca\/fr\/boutique\/\"},{\"@type\":\"ListItem\",\"position\":3,\"name\":\"Chemin\u00e9es, Pi\u00e8ces &amp; Accessoires\",\"item\":\"https:\/\/staging.belleflamme.ca\/fr\/categories\/cheminees-pieces-accessoires\/\"},{\"@type\":\"ListItem\",\"position\":4,\"name\":\"Produits Nettoyants de Foyer\",\"item\":\"https:\/\/staging.belleflamme.ca\/fr\/categories\/cheminees-pieces-accessoires\/produits-nettoyants-de-foyer\/\"},{\"@type\":\"ListItem\",\"position\":5,\"name\":\"Dissolvant de suie pour b\u00fbches de foyer au gaz Log Bright\u00ae de Rutland\"}]},{\"@type\":\"WebSite\",\"@id\":\"https:\/\/www.belleflamme.ca\/fr\/#website\",\"url\":\"https:\/\/www.belleflamme.ca\/fr\/\",\"name\":\"Groupe Belleflamme\",\"description\":\"La m\u00e9canique du b\u00e2timent dans le sang.\",\"publisher\":{\"@id\":\"https:\/\/www.belleflamme.ca\/fr\/#organization\"},\"potentialAction\":[{\"@type\":\"SearchAction\",\"target\":{\"@type\":\"EntryPoint\",\"urlTemplate\":\"https:\/\/www.belleflamme.ca\/fr\/?s={search_term_string}\"},\"query-input\":{\"@type\":\"PropertyValueSpecification\",\"valueRequired\":true,\"valueName\":\"search_term_string\"}}],\"inLanguage\":\"fr-FR\"},{\"@type\":[\"Organization\",\"Place\"],\"@id\":\"https:\/\/www.belleflamme.ca\/fr\/#organization\",\"name\":\"Groupe Belleflamme\",\"alternateName\":\"Belleflamme\",\"url\":\"https:\/\/www.belleflamme.ca\/fr\/\",\"logo\":{\"@type\":\"ImageObject\",\"inLanguage\":\"fr-FR\",\"@id\":\"https:\/\/www.belleflamme.ca\/fr\/#\/schema\/logo\/image\/\",\"url\":\"https:\/\/staging.belleflamme.ca\/wp-content\/uploads\/2023\/01\/og-image.jpg\",\"contentUrl\":\"https:\/\/staging.belleflamme.ca\/wp-content\/uploads\/2023\/01\/og-image.jpg\",\"width\":1200,\"height\":630,\"caption\":\"Groupe Belleflamme\"},\"image\":{\"@id\":\"https:\/\/www.belleflamme.ca\/fr\/#\/schema\/logo\/image\/\"},\"sameAs\":[\"https:\/\/www.facebook.com\/belleflamme.ca\/\",\"https:\/\/www.linkedin.com\/company\/belleflamme\/\",\"https:\/\/www.pinterest.ca\/groupebelleflamme\/\",\"https:\/\/www.instagram.com\/legroupebelleflamme\/\"],\"mainEntityOfPage\":{\"@id\":\"https:\/\/staging.belleflamme.ca\/fr\/produit\/dissolvant-de-suie-pour-buches-de-foyer-au-gaz-log-bright-de-rutland\/\"}}]}<\/script>\n<meta property=\"product:brand\" content=\"Rutland\" \/>\n<meta property=\"product:price:amount\" content=\"23.00\" \/>\n<meta property=\"product:price:currency\" content=\"CAD\" \/>\n<meta property=\"og:availability\" content=\"instock\" \/>\n<meta property=\"product:availability\" content=\"instock\" \/>\n<meta property=\"product:retailer_item_id\" content=\"570-6\" \/>\n<meta property=\"product:condition\" content=\"new\" \/>\n<!-- \/ Yoast SEO Premium plugin. -->","yoast_head_json":{"title":"Dissolvant de suie pour b\u00fbches de foyer au gaz Log Bright\u00ae de Rutland - Groupe BelleFlamme","description":"Dissolvant de suie pour b\u00fbches de foyer au gaz Log Bright\u00ae de Rutland vendu et install\u00e9 par le Groupe Belleflamme. Laval, Montr\u00e9al, Gatineau, Drummondville et Saint-Sauveur.","robots":{"index":"index","follow":"follow","max-snippet":"max-snippet:-1","max-image-preview":"max-image-preview:large","max-video-preview":"max-video-preview:-1"},"canonical":"https:\/\/staging.belleflamme.ca\/fr\/produit\/dissolvant-de-suie-pour-buches-de-foyer-au-gaz-log-bright-de-rutland\/","og_locale":"fr_FR","og_type":"article","og_title":"Dissolvant de suie pour b\u00fbches de foyer au gaz Log Bright\u00ae de Rutland","og_description":"Dissolvant de suie pour b\u00fbches de foyer au gaz Log Bright\u00ae de Rutland vendu et install\u00e9 par le Groupe Belleflamme. Laval, Montr\u00e9al, Gatineau, Drummondville et Saint-Sauveur.","og_url":"https:\/\/staging.belleflamme.ca\/fr\/produit\/dissolvant-de-suie-pour-buches-de-foyer-au-gaz-log-bright-de-rutland\/","og_site_name":"Groupe BelleFlamme","article_publisher":"https:\/\/www.facebook.com\/belleflamme.ca\/","article_modified_time":"2024-01-18T15:21:57+00:00","og_image":[{"width":600,"height":600,"url":"https:\/\/www.belleflamme.ca\/wp-content\/uploads\/2024\/01\/Dissolvant-de-suie-pour-buches-de-foyer-au-gaz-Log-Bright-de-Rutland.webp","type":"image\/webp"}],"twitter_card":"summary_large_image","twitter_misc":{"Prix":"&#36;23.00","Disponibilit\u00e9":"En stock"},"schema":{"@context":"https:\/\/schema.org","@graph":[{"@type":["WebPage","ItemPage"],"@id":"https:\/\/staging.belleflamme.ca\/fr\/produit\/dissolvant-de-suie-pour-buches-de-foyer-au-gaz-log-bright-de-rutland\/","url":"https:\/\/staging.belleflamme.ca\/fr\/produit\/dissolvant-de-suie-pour-buches-de-foyer-au-gaz-log-bright-de-rutland\/","name":"Dissolvant de suie pour b\u00fbches de foyer au gaz Log Bright\u00ae de Rutland - Groupe BelleFlamme","isPartOf":{"@id":"https:\/\/www.belleflamme.ca\/fr\/#website"},"primaryImageOfPage":{"@id":"https:\/\/staging.belleflamme.ca\/fr\/produit\/dissolvant-de-suie-pour-buches-de-foyer-au-gaz-log-bright-de-rutland\/#primaryimage"},"image":{"@id":"https:\/\/staging.belleflamme.ca\/fr\/produit\/dissolvant-de-suie-pour-buches-de-foyer-au-gaz-log-bright-de-rutland\/#primaryimage"},"thumbnailUrl":"https:\/\/staging.belleflamme.ca\/wp-content\/uploads\/2024\/01\/Dissolvant-de-suie-pour-buches-de-foyer-au-gaz-Log-Bright-de-Rutland.webp","datePublished":"2024-01-15T17:42:18+00:00","dateModified":"2024-01-18T15:21:57+00:00","description":"Dissolvant de suie pour b\u00fbches de foyer au gaz Log Bright\u00ae de Rutland [get_meta_en_fr]","breadcrumb":{"@id":"https:\/\/staging.belleflamme.ca\/fr\/produit\/dissolvant-de-suie-pour-buches-de-foyer-au-gaz-log-bright-de-rutland\/#breadcrumb"},"inLanguage":"fr-FR","potentialAction":[{"@type":"ReadAction","target":["https:\/\/staging.belleflamme.ca\/fr\/produit\/dissolvant-de-suie-pour-buches-de-foyer-au-gaz-log-bright-de-rutland\/"]}]},{"@type":"ImageObject","inLanguage":"fr-FR","@id":"https:\/\/staging.belleflamme.ca\/fr\/produit\/dissolvant-de-suie-pour-buches-de-foyer-au-gaz-log-bright-de-rutland\/#primaryimage","url":"https:\/\/staging.belleflamme.ca\/wp-content\/uploads\/2024\/01\/Dissolvant-de-suie-pour-buches-de-foyer-au-gaz-Log-Bright-de-Rutland.webp","contentUrl":"https:\/\/staging.belleflamme.ca\/wp-content\/uploads\/2024\/01\/Dissolvant-de-suie-pour-buches-de-foyer-au-gaz-Log-Bright-de-Rutland.webp","width":600,"height":600,"caption":"Dissolvant de suie pour b\u00fbches de foyer au gaz Log Bright\u00ae de Rutland"},{"@type":"BreadcrumbList","@id":"https:\/\/staging.belleflamme.ca\/fr\/produit\/dissolvant-de-suie-pour-buches-de-foyer-au-gaz-log-bright-de-rutland\/#breadcrumb","itemListElement":[{"@type":"ListItem","position":1,"name":"Accueil","item":"https:\/\/www.belleflamme.ca\/fr\/"},{"@type":"ListItem","position":2,"name":"Boutique","item":"https:\/\/www.belleflamme.ca\/fr\/boutique\/"},{"@type":"ListItem","position":3,"name":"Chemin\u00e9es, Pi\u00e8ces &amp; Accessoires","item":"https:\/\/staging.belleflamme.ca\/fr\/categories\/cheminees-pieces-accessoires\/"},{"@type":"ListItem","position":4,"name":"Produits Nettoyants de Foyer","item":"https:\/\/staging.belleflamme.ca\/fr\/categories\/cheminees-pieces-accessoires\/produits-nettoyants-de-foyer\/"},{"@type":"ListItem","position":5,"name":"Dissolvant de suie pour b\u00fbches de foyer au gaz Log Bright\u00ae de Rutland"}]},{"@type":"WebSite","@id":"https:\/\/www.belleflamme.ca\/fr\/#website","url":"https:\/\/www.belleflamme.ca\/fr\/","name":"Groupe Belleflamme","description":"La m\u00e9canique du b\u00e2timent dans le sang.","publisher":{"@id":"https:\/\/www.belleflamme.ca\/fr\/#organization"},"potentialAction":[{"@type":"SearchAction","target":{"@type":"EntryPoint","urlTemplate":"https:\/\/www.belleflamme.ca\/fr\/?s={search_term_string}"},"query-input":{"@type":"PropertyValueSpecification","valueRequired":true,"valueName":"search_term_string"}}],"inLanguage":"fr-FR"},{"@type":["Organization","Place"],"@id":"https:\/\/www.belleflamme.ca\/fr\/#organization","name":"Groupe Belleflamme","alternateName":"Belleflamme","url":"https:\/\/www.belleflamme.ca\/fr\/","logo":{"@type":"ImageObject","inLanguage":"fr-FR","@id":"https:\/\/www.belleflamme.ca\/fr\/#\/schema\/logo\/image\/","url":"https:\/\/staging.belleflamme.ca\/wp-content\/uploads\/2023\/01\/og-image.jpg","contentUrl":"https:\/\/staging.belleflamme.ca\/wp-content\/uploads\/2023\/01\/og-image.jpg","width":1200,"height":630,"caption":"Groupe Belleflamme"},"image":{"@id":"https:\/\/www.belleflamme.ca\/fr\/#\/schema\/logo\/image\/"},"sameAs":["https:\/\/www.facebook.com\/belleflamme.ca\/","https:\/\/www.linkedin.com\/company\/belleflamme\/","https:\/\/www.pinterest.ca\/groupebelleflamme\/","https:\/\/www.instagram.com\/legroupebelleflamme\/"],"mainEntityOfPage":{"@id":"https:\/\/staging.belleflamme.ca\/fr\/produit\/dissolvant-de-suie-pour-buches-de-foyer-au-gaz-log-bright-de-rutland\/"}}]},"product_brand":"Rutland","product_price_amount":"23.00","product_price_currency":"CAD","og_availability":"instock","product_availability":"instock","product_retailer_item_id":"570-6","product_condition":"new"},"_links":{"self":[{"href":"https:\/\/staging.belleflamme.ca\/fr\/wp-json\/wp\/v2\/product\/25994","targetHints":{"allow":["GET"]}}],"collection":[{"href":"https:\/\/staging.belleflamme.ca\/fr\/wp-json\/wp\/v2\/product"}],"about":[{"href":"https:\/\/staging.belleflamme.ca\/fr\/wp-json\/wp\/v2\/types\/product"}],"version-history":[{"count":5,"href":"https:\/\/staging.belleflamme.ca\/fr\/wp-json\/wp\/v2\/product\/25994\/revisions"}],"predecessor-version":[{"id":27178,"href":"https:\/\/staging.belleflamme.ca\/fr\/wp-json\/wp\/v2\/product\/25994\/revisions\/27178"}],"wp:featuredmedia":[{"embeddable":true,"href":"https:\/\/staging.belleflamme.ca\/fr\/wp-json\/wp\/v2\/media\/25995"}],"wp:attachment":[{"href":"https:\/\/staging.belleflamme.ca\/fr\/wp-json\/wp\/v2\/media?parent=25994"}],"wp:term":[{"taxonomy":"product_brand","embeddable":true,"href":"https:\/\/staging.belleflamme.ca\/fr\/wp-json\/wp\/v2\/product_brand?post=25994"},{"taxonomy":"product_cat","embeddable":true,"href":"https:\/\/staging.belleflamme.ca\/fr\/wp-json\/wp\/v2\/product_cat?post=25994"},{"taxonomy":"product_tag","embeddable":true,"href":"https:\/\/staging.belleflamme.ca\/fr\/wp-json\/wp\/v2\/product_tag?post=25994"}],"curies":[{"name":"wp","href":"https:\/\/api.w.org\/{rel}","templated":true}]}}