{"id":25964,"date":"2024-01-15T12:29:28","date_gmt":"2024-01-15T17:29:28","guid":{"rendered":"https:\/\/www.belleflamme.ca\/?post_type=product&#038;p=25964"},"modified":"2024-01-18T10:22:32","modified_gmt":"2024-01-18T15:22:32","slug":"baton-a-jeter-avec-bouchon-anti-suie-kwik-shot-de-rutland","status":"publish","type":"product","link":"https:\/\/staging.belleflamme.ca\/fr\/produit\/baton-a-jeter-avec-bouchon-anti-suie-kwik-shot-de-rutland\/","title":{"rendered":"B\u00e2ton \u00e0 jeter avec bouchon anti-suie Kwik-Shot\u00ae de Rutland"},"content":{"rendered":"\t\t<div data-elementor-type=\"product-post\" data-elementor-id=\"25964\" class=\"elementor elementor-25964\" data-elementor-post-type=\"product\">\n\t\t\t\t\t\t<section class=\"elementor-section elementor-top-section elementor-element elementor-element-975a827 elementor-section-boxed elementor-section-height-default elementor-section-height-default\" data-id=\"975a827\" data-element_type=\"section\">\n\t\t\t\t\t\t<div class=\"elementor-container elementor-column-gap-default\">\n\t\t\t\t\t<div class=\"elementor-column elementor-col-100 elementor-top-column elementor-element elementor-element-4d5a79ef\" data-id=\"4d5a79ef\" data-element_type=\"column\">\n\t\t\t<div class=\"elementor-widget-wrap elementor-element-populated\">\n\t\t\t\t\t\t<div class=\"elementor-element elementor-element-278160b6 elementor-widget elementor-widget-text-editor\" data-id=\"278160b6\" data-element_type=\"widget\" data-widget_type=\"text-editor.default\">\n\t\t\t\t<div class=\"elementor-widget-container\">\n\t\t\t\t\t\t\t\t\t<iframe title=\"YouTube video player\" src=\"https:\/\/www.youtube.com\/embed\/rd2jVST8Lcc?si=_HICyUGJ1T42d6Ux\" width=\"560\" height=\"315\" frameborder=\"0\" allowfullscreen=\"allowfullscreen\"><\/iframe>\r\nLe\u00a0<strong>b\u00e2ton\u00a0<\/strong><strong>anti-suie\u00a0<\/strong><strong>RUTLAND Kwik-Shot\u00a0<span class=\"TextRun BCX0 SCXW245553613\" lang=\"EN-US\" xml:lang=\"EN-US\" data-contrast=\"auto\"><span class=\"NormalTextRun BCX0 SCXW245553613\">\u00ae<\/span><\/span><\/strong>\u00a0contr\u00f4le l&#8217;accumulation de suie dans tout, des foyers aux po\u00eales \u00e0 bois ou \u00e0 charbon en passant par les chaudi\u00e8res.\u00a0L\u2019utiliser une fois par semaine nettoiera la suie existante et emp\u00eachera la formation d\u2019autres d\u00e9p\u00f4ts.\u00a0Une utilisation r\u00e9guli\u00e8re augmente la s\u00e9curit\u00e9 et l&#8217;efficacit\u00e9 de votre appareil de chauffage, vous offrant ainsi une tranquillit\u00e9 d&#8217;esprit.\u00a0Les tubes sont fabriqu\u00e9s dans un mat\u00e9riau inflammable et se transforment en cendres lors du feu.\r\n<ul>\r\n \t<li>B\u00e2tonnet \u00e0 jeter de 3 oz<\/li>\r\n \t<li>Fabriqu\u00e9 aux Etats-Unis<\/li>\r\n \t<li>Ne pas utiliser avec des foyers \u00e0 gaz &#8211; utilisez le dissolvant de suie pour b\u00fbches \u00e0 gaz Log Bright\u00ae<\/li>\r\n<\/ul>\r\n<span>Poids:<\/span>0,22 livre\r\n\r\n<span>Dimensions:<\/span>8 \u00d7 1 \u00d7 1 po\t\t\t\t\t\t\t\t<\/div>\n\t\t\t\t<\/div>\n\t\t\t\t\t<\/div>\n\t\t<\/div>\n\t\t\t\t\t<\/div>\n\t\t<\/section>\n\t\t\t\t<section class=\"elementor-section elementor-top-section elementor-element elementor-element-53c797b elementor-section-boxed elementor-section-height-default elementor-section-height-default\" data-id=\"53c797b\" data-element_type=\"section\">\n\t\t\t\t\t\t<div class=\"elementor-container elementor-column-gap-default\">\n\t\t\t\t\t<div class=\"elementor-column elementor-col-100 elementor-top-column elementor-element elementor-element-0cecc95\" data-id=\"0cecc95\" data-element_type=\"column\">\n\t\t\t<div class=\"elementor-widget-wrap elementor-element-populated\">\n\t\t\t\t\t\t<div class=\"elementor-element elementor-element-5d72ce9 elementor-tabs-view-horizontal elementor-widget elementor-widget-tabs\" data-id=\"5d72ce9\" data-element_type=\"widget\" data-widget_type=\"tabs.default\">\n\t\t\t\t<div class=\"elementor-widget-container\">\n\t\t\t\t\t\t\t<div class=\"elementor-tabs\">\n\t\t\t<div class=\"elementor-tabs-wrapper\" role=\"tablist\" >\n\t\t\t\t\t\t\t\t\t<div id=\"elementor-tab-title-9791\" class=\"elementor-tab-title elementor-tab-desktop-title\" aria-selected=\"true\" data-tab=\"1\" role=\"tab\" tabindex=\"0\" aria-controls=\"elementor-tab-content-9791\" aria-expanded=\"false\">Fichiers<\/div>\n\t\t\t\t\t\t\t<\/div>\n\t\t\t<div class=\"elementor-tabs-content-wrapper\" role=\"tablist\" aria-orientation=\"vertical\">\n\t\t\t\t\t\t\t\t\t<div class=\"elementor-tab-title elementor-tab-mobile-title\" aria-selected=\"true\" data-tab=\"1\" role=\"tab\" tabindex=\"0\" aria-controls=\"elementor-tab-content-9791\" aria-expanded=\"false\">Fichiers<\/div>\n\t\t\t\t\t<div id=\"elementor-tab-content-9791\" class=\"elementor-tab-content elementor-clearfix\" data-tab=\"1\" role=\"tabpanel\" aria-labelledby=\"elementor-tab-title-9791\" tabindex=\"0\" hidden=\"false\"><i class=\"far fa-file-pdf fa-xl\" style=\"font-size:35px\"><\/i><a href=\"https:\/\/www.belleflamme.ca\/wp-content\/uploads\/2024\/01\/RUTLAND-100S-SDS.pdf\"> Donn\u00e9es de S\u00e9curit\u00e9<\/a><\/br><\/div>\n\t\t\t\t\t\t\t<\/div>\n\t\t<\/div>\n\t\t\t\t\t\t<\/div>\n\t\t\t\t<\/div>\n\t\t\t\t\t<\/div>\n\t\t<\/div>\n\t\t\t\t\t<\/div>\n\t\t<\/section>\n\t\t\t\t<\/div>\n\t\t","protected":false},"excerpt":{"rendered":"<p>Le\u00a0b\u00e2ton\u00a0anti-suie\u00a0RUTLAND Kwik-Shot\u00a0\u00ae\u00a0contr\u00f4le l&#8217;accumulation de suie dans tout, des foyers aux po\u00eales \u00e0 bois ou \u00e0 charbon en passant par les chaudi\u00e8res.\u00a0L\u2019utiliser une fois par semaine nettoiera la suie existante et emp\u00eachera la formation d\u2019autres d\u00e9p\u00f4ts.\u00a0Une utilisation r\u00e9guli\u00e8re augmente la s\u00e9curit\u00e9 et l&#8217;efficacit\u00e9 de votre appareil de chauffage, vous offrant ainsi une tranquillit\u00e9 d&#8217;esprit.\u00a0Les tubes sont [&hellip;]<\/p>\n","protected":false},"featured_media":25971,"template":"","meta":{"inline_featured_image":false},"product_brand":[885],"product_cat":[1112,45],"product_tag":[],"class_list":{"0":"post-25964","1":"product","2":"type-product","3":"status-publish","4":"has-post-thumbnail","6":"product_brand-rutland","7":"product_cat-produits-nettoyants-de-foyer","8":"product_cat-cheminees-pieces-accessoires","10":"first","11":"instock","12":"taxable","13":"shipping-taxable","14":"purchasable","15":"product-type-simple"},"yoast_head":"<!-- This site is optimized with the Yoast SEO Premium plugin v24.2 (Yoast SEO v24.2) - https:\/\/yoast.com\/wordpress\/plugins\/seo\/ -->\n<title>B\u00e2ton \u00e0 jeter avec bouchon anti-suie Kwik-Shot\u00ae de Rutland - Groupe BelleFlamme<\/title>\n<meta name=\"description\" content=\"B\u00e2ton \u00e0 jeter avec bouchon anti-suie Kwik-Shot\u00ae de Rutland\" \/>\n<meta name=\"robots\" content=\"index, follow, max-snippet:-1, max-image-preview:large, max-video-preview:-1\" \/>\n<link rel=\"canonical\" href=\"https:\/\/staging.belleflamme.ca\/fr\/produit\/baton-a-jeter-avec-bouchon-anti-suie-kwik-shot-de-rutland\/\" \/>\n<meta property=\"og:locale\" content=\"fr_FR\" \/>\n<meta property=\"og:type\" content=\"article\" \/>\n<meta property=\"og:title\" content=\"B\u00e2ton \u00e0 jeter avec bouchon anti-suie Kwik-Shot\u00ae de Rutland\" \/>\n<meta property=\"og:description\" content=\"B\u00e2ton \u00e0 jeter avec bouchon anti-suie Kwik-Shot\u00ae de Rutland\" \/>\n<meta property=\"og:url\" content=\"https:\/\/staging.belleflamme.ca\/fr\/produit\/baton-a-jeter-avec-bouchon-anti-suie-kwik-shot-de-rutland\/\" \/>\n<meta property=\"og:site_name\" content=\"Groupe BelleFlamme\" \/>\n<meta property=\"article:publisher\" content=\"https:\/\/www.facebook.com\/belleflamme.ca\/\" \/>\n<meta property=\"article:modified_time\" content=\"2024-01-18T15:22:32+00:00\" \/>\n<meta property=\"og:image\" content=\"https:\/\/www.belleflamme.ca\/wp-content\/uploads\/2024\/01\/Baton-a-jeter-avec-bouchon-anti-suie-Kwik-Shot-de-Rutland.webp\" \/>\n\t<meta property=\"og:image:width\" content=\"600\" \/>\n\t<meta property=\"og:image:height\" content=\"600\" \/>\n\t<meta property=\"og:image:type\" content=\"image\/webp\" \/>\n<meta name=\"twitter:card\" content=\"summary_large_image\" \/>\n<meta name=\"twitter:label1\" content=\"Prix\" \/>\n\t<meta name=\"twitter:data1\" content=\"&#036;6.00\" \/>\n\t<meta name=\"twitter:label2\" content=\"Disponibilit\u00e9\" \/>\n\t<meta name=\"twitter:data2\" content=\"En stock\" \/>\n<script type=\"application\/ld+json\" class=\"yoast-schema-graph\">{\"@context\":\"https:\/\/schema.org\",\"@graph\":[{\"@type\":[\"WebPage\",\"ItemPage\"],\"@id\":\"https:\/\/staging.belleflamme.ca\/fr\/produit\/baton-a-jeter-avec-bouchon-anti-suie-kwik-shot-de-rutland\/\",\"url\":\"https:\/\/staging.belleflamme.ca\/fr\/produit\/baton-a-jeter-avec-bouchon-anti-suie-kwik-shot-de-rutland\/\",\"name\":\"B\u00e2ton \u00e0 jeter avec bouchon anti-suie Kwik-Shot\u00ae de Rutland - Groupe BelleFlamme\",\"isPartOf\":{\"@id\":\"https:\/\/www.belleflamme.ca\/fr\/#website\"},\"primaryImageOfPage\":{\"@id\":\"https:\/\/staging.belleflamme.ca\/fr\/produit\/baton-a-jeter-avec-bouchon-anti-suie-kwik-shot-de-rutland\/#primaryimage\"},\"image\":{\"@id\":\"https:\/\/staging.belleflamme.ca\/fr\/produit\/baton-a-jeter-avec-bouchon-anti-suie-kwik-shot-de-rutland\/#primaryimage\"},\"thumbnailUrl\":\"https:\/\/staging.belleflamme.ca\/wp-content\/uploads\/2024\/01\/Baton-a-jeter-avec-bouchon-anti-suie-Kwik-Shot-de-Rutland.webp\",\"datePublished\":\"2024-01-15T17:29:28+00:00\",\"dateModified\":\"2024-01-18T15:22:32+00:00\",\"description\":\"B\u00e2ton \u00e0 jeter avec bouchon anti-suie Kwik-Shot\u00ae de Rutland\",\"breadcrumb\":{\"@id\":\"https:\/\/staging.belleflamme.ca\/fr\/produit\/baton-a-jeter-avec-bouchon-anti-suie-kwik-shot-de-rutland\/#breadcrumb\"},\"inLanguage\":\"fr-FR\",\"potentialAction\":[{\"@type\":\"ReadAction\",\"target\":[\"https:\/\/staging.belleflamme.ca\/fr\/produit\/baton-a-jeter-avec-bouchon-anti-suie-kwik-shot-de-rutland\/\"]}]},{\"@type\":\"ImageObject\",\"inLanguage\":\"fr-FR\",\"@id\":\"https:\/\/staging.belleflamme.ca\/fr\/produit\/baton-a-jeter-avec-bouchon-anti-suie-kwik-shot-de-rutland\/#primaryimage\",\"url\":\"https:\/\/staging.belleflamme.ca\/wp-content\/uploads\/2024\/01\/Baton-a-jeter-avec-bouchon-anti-suie-Kwik-Shot-de-Rutland.webp\",\"contentUrl\":\"https:\/\/staging.belleflamme.ca\/wp-content\/uploads\/2024\/01\/Baton-a-jeter-avec-bouchon-anti-suie-Kwik-Shot-de-Rutland.webp\",\"width\":600,\"height\":600,\"caption\":\"B\u00e2ton \u00e0 jeter avec bouchon anti-suie Kwik-Shot\u00ae de Rutland\"},{\"@type\":\"BreadcrumbList\",\"@id\":\"https:\/\/staging.belleflamme.ca\/fr\/produit\/baton-a-jeter-avec-bouchon-anti-suie-kwik-shot-de-rutland\/#breadcrumb\",\"itemListElement\":[{\"@type\":\"ListItem\",\"position\":1,\"name\":\"Accueil\",\"item\":\"https:\/\/www.belleflamme.ca\/fr\/\"},{\"@type\":\"ListItem\",\"position\":2,\"name\":\"Boutique\",\"item\":\"https:\/\/www.belleflamme.ca\/fr\/boutique\/\"},{\"@type\":\"ListItem\",\"position\":3,\"name\":\"Chemin\u00e9es, Pi\u00e8ces &amp; Accessoires\",\"item\":\"https:\/\/staging.belleflamme.ca\/fr\/categories\/cheminees-pieces-accessoires\/\"},{\"@type\":\"ListItem\",\"position\":4,\"name\":\"Produits Nettoyants de Foyer\",\"item\":\"https:\/\/staging.belleflamme.ca\/fr\/categories\/cheminees-pieces-accessoires\/produits-nettoyants-de-foyer\/\"},{\"@type\":\"ListItem\",\"position\":5,\"name\":\"B\u00e2ton \u00e0 jeter avec bouchon anti-suie Kwik-Shot\u00ae de Rutland\"}]},{\"@type\":\"WebSite\",\"@id\":\"https:\/\/www.belleflamme.ca\/fr\/#website\",\"url\":\"https:\/\/www.belleflamme.ca\/fr\/\",\"name\":\"Groupe Belleflamme\",\"description\":\"La m\u00e9canique du b\u00e2timent dans le sang.\",\"publisher\":{\"@id\":\"https:\/\/www.belleflamme.ca\/fr\/#organization\"},\"potentialAction\":[{\"@type\":\"SearchAction\",\"target\":{\"@type\":\"EntryPoint\",\"urlTemplate\":\"https:\/\/www.belleflamme.ca\/fr\/?s={search_term_string}\"},\"query-input\":{\"@type\":\"PropertyValueSpecification\",\"valueRequired\":true,\"valueName\":\"search_term_string\"}}],\"inLanguage\":\"fr-FR\"},{\"@type\":[\"Organization\",\"Place\"],\"@id\":\"https:\/\/www.belleflamme.ca\/fr\/#organization\",\"name\":\"Groupe Belleflamme\",\"alternateName\":\"Belleflamme\",\"url\":\"https:\/\/www.belleflamme.ca\/fr\/\",\"logo\":{\"@type\":\"ImageObject\",\"inLanguage\":\"fr-FR\",\"@id\":\"https:\/\/www.belleflamme.ca\/fr\/#\/schema\/logo\/image\/\",\"url\":\"https:\/\/staging.belleflamme.ca\/wp-content\/uploads\/2023\/01\/og-image.jpg\",\"contentUrl\":\"https:\/\/staging.belleflamme.ca\/wp-content\/uploads\/2023\/01\/og-image.jpg\",\"width\":1200,\"height\":630,\"caption\":\"Groupe Belleflamme\"},\"image\":{\"@id\":\"https:\/\/www.belleflamme.ca\/fr\/#\/schema\/logo\/image\/\"},\"sameAs\":[\"https:\/\/www.facebook.com\/belleflamme.ca\/\",\"https:\/\/www.linkedin.com\/company\/belleflamme\/\",\"https:\/\/www.pinterest.ca\/groupebelleflamme\/\",\"https:\/\/www.instagram.com\/legroupebelleflamme\/\"],\"mainEntityOfPage\":{\"@id\":\"https:\/\/staging.belleflamme.ca\/fr\/produit\/baton-a-jeter-avec-bouchon-anti-suie-kwik-shot-de-rutland\/\"}}]}<\/script>\n<meta property=\"product:brand\" content=\"Rutland\" \/>\n<meta property=\"product:price:amount\" content=\"6.00\" \/>\n<meta property=\"product:price:currency\" content=\"CAD\" \/>\n<meta property=\"og:availability\" content=\"instock\" \/>\n<meta property=\"product:availability\" content=\"instock\" \/>\n<meta property=\"product:retailer_item_id\" content=\"100S\" \/>\n<meta property=\"product:condition\" content=\"new\" \/>\n<!-- \/ Yoast SEO Premium plugin. -->","yoast_head_json":{"title":"B\u00e2ton \u00e0 jeter avec bouchon anti-suie Kwik-Shot\u00ae de Rutland - Groupe BelleFlamme","description":"B\u00e2ton \u00e0 jeter avec bouchon anti-suie Kwik-Shot\u00ae de Rutland","robots":{"index":"index","follow":"follow","max-snippet":"max-snippet:-1","max-image-preview":"max-image-preview:large","max-video-preview":"max-video-preview:-1"},"canonical":"https:\/\/staging.belleflamme.ca\/fr\/produit\/baton-a-jeter-avec-bouchon-anti-suie-kwik-shot-de-rutland\/","og_locale":"fr_FR","og_type":"article","og_title":"B\u00e2ton \u00e0 jeter avec bouchon anti-suie Kwik-Shot\u00ae de Rutland","og_description":"B\u00e2ton \u00e0 jeter avec bouchon anti-suie Kwik-Shot\u00ae de Rutland","og_url":"https:\/\/staging.belleflamme.ca\/fr\/produit\/baton-a-jeter-avec-bouchon-anti-suie-kwik-shot-de-rutland\/","og_site_name":"Groupe BelleFlamme","article_publisher":"https:\/\/www.facebook.com\/belleflamme.ca\/","article_modified_time":"2024-01-18T15:22:32+00:00","og_image":[{"width":600,"height":600,"url":"https:\/\/www.belleflamme.ca\/wp-content\/uploads\/2024\/01\/Baton-a-jeter-avec-bouchon-anti-suie-Kwik-Shot-de-Rutland.webp","type":"image\/webp"}],"twitter_card":"summary_large_image","twitter_misc":{"Prix":"&#36;6.00","Disponibilit\u00e9":"En stock"},"schema":{"@context":"https:\/\/schema.org","@graph":[{"@type":["WebPage","ItemPage"],"@id":"https:\/\/staging.belleflamme.ca\/fr\/produit\/baton-a-jeter-avec-bouchon-anti-suie-kwik-shot-de-rutland\/","url":"https:\/\/staging.belleflamme.ca\/fr\/produit\/baton-a-jeter-avec-bouchon-anti-suie-kwik-shot-de-rutland\/","name":"B\u00e2ton \u00e0 jeter avec bouchon anti-suie Kwik-Shot\u00ae de Rutland - Groupe BelleFlamme","isPartOf":{"@id":"https:\/\/www.belleflamme.ca\/fr\/#website"},"primaryImageOfPage":{"@id":"https:\/\/staging.belleflamme.ca\/fr\/produit\/baton-a-jeter-avec-bouchon-anti-suie-kwik-shot-de-rutland\/#primaryimage"},"image":{"@id":"https:\/\/staging.belleflamme.ca\/fr\/produit\/baton-a-jeter-avec-bouchon-anti-suie-kwik-shot-de-rutland\/#primaryimage"},"thumbnailUrl":"https:\/\/staging.belleflamme.ca\/wp-content\/uploads\/2024\/01\/Baton-a-jeter-avec-bouchon-anti-suie-Kwik-Shot-de-Rutland.webp","datePublished":"2024-01-15T17:29:28+00:00","dateModified":"2024-01-18T15:22:32+00:00","description":"B\u00e2ton \u00e0 jeter avec bouchon anti-suie Kwik-Shot\u00ae de Rutland","breadcrumb":{"@id":"https:\/\/staging.belleflamme.ca\/fr\/produit\/baton-a-jeter-avec-bouchon-anti-suie-kwik-shot-de-rutland\/#breadcrumb"},"inLanguage":"fr-FR","potentialAction":[{"@type":"ReadAction","target":["https:\/\/staging.belleflamme.ca\/fr\/produit\/baton-a-jeter-avec-bouchon-anti-suie-kwik-shot-de-rutland\/"]}]},{"@type":"ImageObject","inLanguage":"fr-FR","@id":"https:\/\/staging.belleflamme.ca\/fr\/produit\/baton-a-jeter-avec-bouchon-anti-suie-kwik-shot-de-rutland\/#primaryimage","url":"https:\/\/staging.belleflamme.ca\/wp-content\/uploads\/2024\/01\/Baton-a-jeter-avec-bouchon-anti-suie-Kwik-Shot-de-Rutland.webp","contentUrl":"https:\/\/staging.belleflamme.ca\/wp-content\/uploads\/2024\/01\/Baton-a-jeter-avec-bouchon-anti-suie-Kwik-Shot-de-Rutland.webp","width":600,"height":600,"caption":"B\u00e2ton \u00e0 jeter avec bouchon anti-suie Kwik-Shot\u00ae de Rutland"},{"@type":"BreadcrumbList","@id":"https:\/\/staging.belleflamme.ca\/fr\/produit\/baton-a-jeter-avec-bouchon-anti-suie-kwik-shot-de-rutland\/#breadcrumb","itemListElement":[{"@type":"ListItem","position":1,"name":"Accueil","item":"https:\/\/www.belleflamme.ca\/fr\/"},{"@type":"ListItem","position":2,"name":"Boutique","item":"https:\/\/www.belleflamme.ca\/fr\/boutique\/"},{"@type":"ListItem","position":3,"name":"Chemin\u00e9es, Pi\u00e8ces &amp; Accessoires","item":"https:\/\/staging.belleflamme.ca\/fr\/categories\/cheminees-pieces-accessoires\/"},{"@type":"ListItem","position":4,"name":"Produits Nettoyants de Foyer","item":"https:\/\/staging.belleflamme.ca\/fr\/categories\/cheminees-pieces-accessoires\/produits-nettoyants-de-foyer\/"},{"@type":"ListItem","position":5,"name":"B\u00e2ton \u00e0 jeter avec bouchon anti-suie Kwik-Shot\u00ae de Rutland"}]},{"@type":"WebSite","@id":"https:\/\/www.belleflamme.ca\/fr\/#website","url":"https:\/\/www.belleflamme.ca\/fr\/","name":"Groupe Belleflamme","description":"La m\u00e9canique du b\u00e2timent dans le sang.","publisher":{"@id":"https:\/\/www.belleflamme.ca\/fr\/#organization"},"potentialAction":[{"@type":"SearchAction","target":{"@type":"EntryPoint","urlTemplate":"https:\/\/www.belleflamme.ca\/fr\/?s={search_term_string}"},"query-input":{"@type":"PropertyValueSpecification","valueRequired":true,"valueName":"search_term_string"}}],"inLanguage":"fr-FR"},{"@type":["Organization","Place"],"@id":"https:\/\/www.belleflamme.ca\/fr\/#organization","name":"Groupe Belleflamme","alternateName":"Belleflamme","url":"https:\/\/www.belleflamme.ca\/fr\/","logo":{"@type":"ImageObject","inLanguage":"fr-FR","@id":"https:\/\/www.belleflamme.ca\/fr\/#\/schema\/logo\/image\/","url":"https:\/\/staging.belleflamme.ca\/wp-content\/uploads\/2023\/01\/og-image.jpg","contentUrl":"https:\/\/staging.belleflamme.ca\/wp-content\/uploads\/2023\/01\/og-image.jpg","width":1200,"height":630,"caption":"Groupe Belleflamme"},"image":{"@id":"https:\/\/www.belleflamme.ca\/fr\/#\/schema\/logo\/image\/"},"sameAs":["https:\/\/www.facebook.com\/belleflamme.ca\/","https:\/\/www.linkedin.com\/company\/belleflamme\/","https:\/\/www.pinterest.ca\/groupebelleflamme\/","https:\/\/www.instagram.com\/legroupebelleflamme\/"],"mainEntityOfPage":{"@id":"https:\/\/staging.belleflamme.ca\/fr\/produit\/baton-a-jeter-avec-bouchon-anti-suie-kwik-shot-de-rutland\/"}}]},"product_brand":"Rutland","product_price_amount":"6.00","product_price_currency":"CAD","og_availability":"instock","product_availability":"instock","product_retailer_item_id":"100S","product_condition":"new"},"_links":{"self":[{"href":"https:\/\/staging.belleflamme.ca\/fr\/wp-json\/wp\/v2\/product\/25964","targetHints":{"allow":["GET"]}}],"collection":[{"href":"https:\/\/staging.belleflamme.ca\/fr\/wp-json\/wp\/v2\/product"}],"about":[{"href":"https:\/\/staging.belleflamme.ca\/fr\/wp-json\/wp\/v2\/types\/product"}],"version-history":[{"count":5,"href":"https:\/\/staging.belleflamme.ca\/fr\/wp-json\/wp\/v2\/product\/25964\/revisions"}],"predecessor-version":[{"id":27180,"href":"https:\/\/staging.belleflamme.ca\/fr\/wp-json\/wp\/v2\/product\/25964\/revisions\/27180"}],"wp:featuredmedia":[{"embeddable":true,"href":"https:\/\/staging.belleflamme.ca\/fr\/wp-json\/wp\/v2\/media\/25971"}],"wp:attachment":[{"href":"https:\/\/staging.belleflamme.ca\/fr\/wp-json\/wp\/v2\/media?parent=25964"}],"wp:term":[{"taxonomy":"product_brand","embeddable":true,"href":"https:\/\/staging.belleflamme.ca\/fr\/wp-json\/wp\/v2\/product_brand?post=25964"},{"taxonomy":"product_cat","embeddable":true,"href":"https:\/\/staging.belleflamme.ca\/fr\/wp-json\/wp\/v2\/product_cat?post=25964"},{"taxonomy":"product_tag","embeddable":true,"href":"https:\/\/staging.belleflamme.ca\/fr\/wp-json\/wp\/v2\/product_tag?post=25964"}],"curies":[{"name":"wp","href":"https:\/\/api.w.org\/{rel}","templated":true}]}}