{"id":25925,"date":"2024-01-15T11:59:22","date_gmt":"2024-01-15T16:59:22","guid":{"rendered":"https:\/\/www.belleflamme.ca\/?post_type=product&#038;p=25925"},"modified":"2024-01-18T10:22:58","modified_gmt":"2024-01-18T15:22:58","slug":"dissolvant-de-creosote-en-canne-a-jeter-paquet-de-3-de-rutland","status":"publish","type":"product","link":"https:\/\/staging.belleflamme.ca\/fr\/produit\/dissolvant-de-creosote-en-canne-a-jeter-paquet-de-3-de-rutland\/","title":{"rendered":"Dissolvant de cr\u00e9osote en canne \u00e0 jeter, paquet de 3 de Rutland"},"content":{"rendered":"\t\t<div data-elementor-type=\"product-post\" data-elementor-id=\"25925\" class=\"elementor elementor-25925\" data-elementor-post-type=\"product\">\n\t\t\t\t\t\t<section class=\"elementor-section elementor-top-section elementor-element elementor-element-438b1e6e elementor-section-boxed elementor-section-height-default elementor-section-height-default\" data-id=\"438b1e6e\" data-element_type=\"section\">\n\t\t\t\t\t\t<div class=\"elementor-container elementor-column-gap-default\">\n\t\t\t\t\t<div class=\"elementor-column elementor-col-100 elementor-top-column elementor-element elementor-element-40e18d91\" data-id=\"40e18d91\" data-element_type=\"column\">\n\t\t\t<div class=\"elementor-widget-wrap elementor-element-populated\">\n\t\t\t\t\t\t<div class=\"elementor-element elementor-element-630ceca9 elementor-widget elementor-widget-text-editor\" data-id=\"630ceca9\" data-element_type=\"widget\" data-widget_type=\"text-editor.default\">\n\t\t\t\t<div class=\"elementor-widget-container\">\n\t\t\t\t\t\t\t\t\t<iframe title=\"YouTube video player\" src=\"https:\/\/www.youtube.com\/embed\/rd2jVST8Lcc?si=X5h6hpQQE_pQ7Pnk\" width=\"560\" height=\"315\" frameborder=\"0\" allowfullscreen=\"allowfullscreen\"><\/iframe>\r\n\r\n<span style=\"color: #c8102e;\"><strong>Les bidons \u00e0 jeter pour dissolvant de cr\u00e9osote RUTLAND<\/strong><\/span>\u00a0sont fournis dans une bo\u00eete de 3 paquets facile \u00e0 utiliser pour emp\u00eacher l&#8217;accumulation de cr\u00e9osote dans les chemin\u00e9es.\u00a0Il suffit de jeter une cartouche dans le feu une fois par semaine pour transformer la cr\u00e9osote collante ressemblant \u00e0 du goudron en cendres brossables et emp\u00eacher toute accumulation suppl\u00e9mentaire.\u00a0Pas de mesure et pas de g\u00e2chis.\u00a0Les bidons br\u00fblent en cendres en toute s\u00e9curit\u00e9 lors d&#8217;un incendie.\r\n\r\nL\u2019utilisation d\u2019un produit anticr\u00e9osote n\u2019\u00e9limine pas la n\u00e9cessit\u00e9 d\u2019un nettoyage r\u00e9gulier de la chemin\u00e9e.\u00a0Sans danger pour une utilisation dans toutes les chemin\u00e9es et appareils \u00e0 bois.\u00a0Pour les po\u00eales \u00e0 granul\u00e9s, utilisez\u00a0le dissolvant de cr\u00e9osote pour po\u00eale \u00e0 granul\u00e9s Rutland (#98P)\u00a0ou\u00a0le dissolvant de cr\u00e9osote liquide Rutland (#97L)\u00a0pour de meilleurs r\u00e9sultats.\r\n<ul>\r\n \t<li>Trois bidons \u00e0 jeter de 3 oz<\/li>\r\n \t<li>Utilisation en int\u00e9rieur uniquement<\/li>\r\n \t<li>N&#8217;endommagera pas les convertisseurs catalytiques<\/li>\r\n<\/ul>\r\n<strong><span>Poids:<\/span><\/strong>\u00a00,68 livre\r\n\r\n<strong><span>Dimensions:<\/span><\/strong>\u00a07,5 \u00d7 2,25 \u00d7 2,25 pouces\t\t\t\t\t\t\t\t<\/div>\n\t\t\t\t<\/div>\n\t\t\t\t\t<\/div>\n\t\t<\/div>\n\t\t\t\t\t<\/div>\n\t\t<\/section>\n\t\t\t\t<section class=\"elementor-section elementor-top-section elementor-element elementor-element-67bab72 elementor-section-boxed elementor-section-height-default elementor-section-height-default\" data-id=\"67bab72\" data-element_type=\"section\">\n\t\t\t\t\t\t<div class=\"elementor-container elementor-column-gap-default\">\n\t\t\t\t\t<div class=\"elementor-column elementor-col-100 elementor-top-column elementor-element elementor-element-4cdc490\" data-id=\"4cdc490\" data-element_type=\"column\">\n\t\t\t<div class=\"elementor-widget-wrap elementor-element-populated\">\n\t\t\t\t\t\t<div class=\"elementor-element elementor-element-2f4cf86 elementor-tabs-view-horizontal elementor-widget elementor-widget-tabs\" data-id=\"2f4cf86\" data-element_type=\"widget\" data-widget_type=\"tabs.default\">\n\t\t\t\t<div class=\"elementor-widget-container\">\n\t\t\t\t\t\t\t<div class=\"elementor-tabs\">\n\t\t\t<div class=\"elementor-tabs-wrapper\" role=\"tablist\" >\n\t\t\t\t\t\t\t\t\t<div id=\"elementor-tab-title-4951\" class=\"elementor-tab-title elementor-tab-desktop-title\" aria-selected=\"true\" data-tab=\"1\" role=\"tab\" tabindex=\"0\" aria-controls=\"elementor-tab-content-4951\" aria-expanded=\"false\">Fichiers<\/div>\n\t\t\t\t\t\t\t<\/div>\n\t\t\t<div class=\"elementor-tabs-content-wrapper\" role=\"tablist\" aria-orientation=\"vertical\">\n\t\t\t\t\t\t\t\t\t<div class=\"elementor-tab-title elementor-tab-mobile-title\" aria-selected=\"true\" data-tab=\"1\" role=\"tab\" tabindex=\"0\" aria-controls=\"elementor-tab-content-4951\" aria-expanded=\"false\">Fichiers<\/div>\n\t\t\t\t\t<div id=\"elementor-tab-content-4951\" class=\"elementor-tab-content elementor-clearfix\" data-tab=\"1\" role=\"tabpanel\" aria-labelledby=\"elementor-tab-title-4951\" tabindex=\"0\" hidden=\"false\"><i class=\"far fa-file-pdf fa-xl\" style=\"font-size:35px\"><\/i><a href=\"https:\/\/www.belleflamme.ca\/wp-content\/uploads\/2024\/01\/RUTLAND-97G-SDS.pdf\"> Donn\u00e9es de S\u00e9curit\u00e9<\/a><\/br><\/div>\n\t\t\t\t\t\t\t<\/div>\n\t\t<\/div>\n\t\t\t\t\t\t<\/div>\n\t\t\t\t<\/div>\n\t\t\t\t\t<\/div>\n\t\t<\/div>\n\t\t\t\t\t<\/div>\n\t\t<\/section>\n\t\t\t\t<\/div>\n\t\t","protected":false},"excerpt":{"rendered":"<p>Les bidons \u00e0 jeter pour dissolvant de cr\u00e9osote RUTLAND\u00a0sont fournis dans une bo\u00eete de 3 paquets facile \u00e0 utiliser pour emp\u00eacher l&#8217;accumulation de cr\u00e9osote dans les chemin\u00e9es.\u00a0Il suffit de jeter une cartouche dans le feu une fois par semaine pour transformer la cr\u00e9osote collante ressemblant \u00e0 du goudron en cendres brossables et emp\u00eacher toute accumulation [&hellip;]<\/p>\n","protected":false},"featured_media":25927,"template":"","meta":{"inline_featured_image":false},"product_brand":[885],"product_cat":[1112,45],"product_tag":[],"class_list":{"0":"post-25925","1":"product","2":"type-product","3":"status-publish","4":"has-post-thumbnail","6":"product_brand-rutland","7":"product_cat-produits-nettoyants-de-foyer","8":"product_cat-cheminees-pieces-accessoires","10":"first","11":"instock","12":"taxable","13":"shipping-taxable","14":"purchasable","15":"product-type-simple"},"yoast_head":"<!-- This site is optimized with the Yoast SEO Premium plugin v24.2 (Yoast SEO v24.2) - https:\/\/yoast.com\/wordpress\/plugins\/seo\/ -->\n<title>Dissolvant de cr\u00e9osote en canne \u00e0 jeter, paquet de 3 de Rutland - Groupe BelleFlamme<\/title>\n<meta name=\"description\" content=\"Dissolvant de cr\u00e9osote en canne \u00e0 jeter, paquet de 3 de Rutland\" \/>\n<meta name=\"robots\" content=\"index, follow, max-snippet:-1, max-image-preview:large, max-video-preview:-1\" \/>\n<link rel=\"canonical\" href=\"https:\/\/staging.belleflamme.ca\/fr\/produit\/dissolvant-de-creosote-en-canne-a-jeter-paquet-de-3-de-rutland\/\" \/>\n<meta property=\"og:locale\" content=\"fr_FR\" \/>\n<meta property=\"og:type\" content=\"article\" \/>\n<meta property=\"og:title\" content=\"Dissolvant de cr\u00e9osote en canne \u00e0 jeter, paquet de 3 de Rutland\" \/>\n<meta property=\"og:description\" content=\"Dissolvant de cr\u00e9osote en canne \u00e0 jeter, paquet de 3 de Rutland\" \/>\n<meta property=\"og:url\" content=\"https:\/\/staging.belleflamme.ca\/fr\/produit\/dissolvant-de-creosote-en-canne-a-jeter-paquet-de-3-de-rutland\/\" \/>\n<meta property=\"og:site_name\" content=\"Groupe BelleFlamme\" \/>\n<meta property=\"article:publisher\" content=\"https:\/\/www.facebook.com\/belleflamme.ca\/\" \/>\n<meta property=\"article:modified_time\" content=\"2024-01-18T15:22:58+00:00\" \/>\n<meta property=\"og:image\" content=\"https:\/\/www.belleflamme.ca\/wp-content\/uploads\/2024\/01\/Dissolvant-de-creosote-paquet-de-3-de-Rutland.webp\" \/>\n\t<meta property=\"og:image:width\" content=\"600\" \/>\n\t<meta property=\"og:image:height\" content=\"600\" \/>\n\t<meta property=\"og:image:type\" content=\"image\/webp\" \/>\n<meta name=\"twitter:card\" content=\"summary_large_image\" \/>\n<meta name=\"twitter:label1\" content=\"Prix\" \/>\n\t<meta name=\"twitter:data1\" content=\"&#036;15.00\" \/>\n\t<meta name=\"twitter:label2\" content=\"Disponibilit\u00e9\" \/>\n\t<meta name=\"twitter:data2\" content=\"En stock\" \/>\n<script type=\"application\/ld+json\" class=\"yoast-schema-graph\">{\"@context\":\"https:\/\/schema.org\",\"@graph\":[{\"@type\":[\"WebPage\",\"ItemPage\"],\"@id\":\"https:\/\/staging.belleflamme.ca\/fr\/produit\/dissolvant-de-creosote-en-canne-a-jeter-paquet-de-3-de-rutland\/\",\"url\":\"https:\/\/staging.belleflamme.ca\/fr\/produit\/dissolvant-de-creosote-en-canne-a-jeter-paquet-de-3-de-rutland\/\",\"name\":\"Dissolvant de cr\u00e9osote en canne \u00e0 jeter, paquet de 3 de Rutland - Groupe BelleFlamme\",\"isPartOf\":{\"@id\":\"https:\/\/www.belleflamme.ca\/fr\/#website\"},\"primaryImageOfPage\":{\"@id\":\"https:\/\/staging.belleflamme.ca\/fr\/produit\/dissolvant-de-creosote-en-canne-a-jeter-paquet-de-3-de-rutland\/#primaryimage\"},\"image\":{\"@id\":\"https:\/\/staging.belleflamme.ca\/fr\/produit\/dissolvant-de-creosote-en-canne-a-jeter-paquet-de-3-de-rutland\/#primaryimage\"},\"thumbnailUrl\":\"https:\/\/staging.belleflamme.ca\/wp-content\/uploads\/2024\/01\/Dissolvant-de-creosote-paquet-de-3-de-Rutland.webp\",\"datePublished\":\"2024-01-15T16:59:22+00:00\",\"dateModified\":\"2024-01-18T15:22:58+00:00\",\"description\":\"Dissolvant de cr\u00e9osote en canne \u00e0 jeter, paquet de 3 de Rutland\",\"breadcrumb\":{\"@id\":\"https:\/\/staging.belleflamme.ca\/fr\/produit\/dissolvant-de-creosote-en-canne-a-jeter-paquet-de-3-de-rutland\/#breadcrumb\"},\"inLanguage\":\"fr-FR\",\"potentialAction\":[{\"@type\":\"ReadAction\",\"target\":[\"https:\/\/staging.belleflamme.ca\/fr\/produit\/dissolvant-de-creosote-en-canne-a-jeter-paquet-de-3-de-rutland\/\"]}]},{\"@type\":\"ImageObject\",\"inLanguage\":\"fr-FR\",\"@id\":\"https:\/\/staging.belleflamme.ca\/fr\/produit\/dissolvant-de-creosote-en-canne-a-jeter-paquet-de-3-de-rutland\/#primaryimage\",\"url\":\"https:\/\/staging.belleflamme.ca\/wp-content\/uploads\/2024\/01\/Dissolvant-de-creosote-paquet-de-3-de-Rutland.webp\",\"contentUrl\":\"https:\/\/staging.belleflamme.ca\/wp-content\/uploads\/2024\/01\/Dissolvant-de-creosote-paquet-de-3-de-Rutland.webp\",\"width\":600,\"height\":600,\"caption\":\"Dissolvant de cr\u00e9osote, paquet de 3 de Rutland\"},{\"@type\":\"BreadcrumbList\",\"@id\":\"https:\/\/staging.belleflamme.ca\/fr\/produit\/dissolvant-de-creosote-en-canne-a-jeter-paquet-de-3-de-rutland\/#breadcrumb\",\"itemListElement\":[{\"@type\":\"ListItem\",\"position\":1,\"name\":\"Accueil\",\"item\":\"https:\/\/www.belleflamme.ca\/fr\/\"},{\"@type\":\"ListItem\",\"position\":2,\"name\":\"Boutique\",\"item\":\"https:\/\/www.belleflamme.ca\/fr\/boutique\/\"},{\"@type\":\"ListItem\",\"position\":3,\"name\":\"Chemin\u00e9es, Pi\u00e8ces &amp; Accessoires\",\"item\":\"https:\/\/staging.belleflamme.ca\/fr\/categories\/cheminees-pieces-accessoires\/\"},{\"@type\":\"ListItem\",\"position\":4,\"name\":\"Produits Nettoyants de Foyer\",\"item\":\"https:\/\/staging.belleflamme.ca\/fr\/categories\/cheminees-pieces-accessoires\/produits-nettoyants-de-foyer\/\"},{\"@type\":\"ListItem\",\"position\":5,\"name\":\"Dissolvant de cr\u00e9osote en canne \u00e0 jeter, paquet de 3 de Rutland\"}]},{\"@type\":\"WebSite\",\"@id\":\"https:\/\/www.belleflamme.ca\/fr\/#website\",\"url\":\"https:\/\/www.belleflamme.ca\/fr\/\",\"name\":\"Groupe Belleflamme\",\"description\":\"La m\u00e9canique du b\u00e2timent dans le sang.\",\"publisher\":{\"@id\":\"https:\/\/www.belleflamme.ca\/fr\/#organization\"},\"potentialAction\":[{\"@type\":\"SearchAction\",\"target\":{\"@type\":\"EntryPoint\",\"urlTemplate\":\"https:\/\/www.belleflamme.ca\/fr\/?s={search_term_string}\"},\"query-input\":{\"@type\":\"PropertyValueSpecification\",\"valueRequired\":true,\"valueName\":\"search_term_string\"}}],\"inLanguage\":\"fr-FR\"},{\"@type\":[\"Organization\",\"Place\"],\"@id\":\"https:\/\/www.belleflamme.ca\/fr\/#organization\",\"name\":\"Groupe Belleflamme\",\"alternateName\":\"Belleflamme\",\"url\":\"https:\/\/www.belleflamme.ca\/fr\/\",\"logo\":{\"@type\":\"ImageObject\",\"inLanguage\":\"fr-FR\",\"@id\":\"https:\/\/www.belleflamme.ca\/fr\/#\/schema\/logo\/image\/\",\"url\":\"https:\/\/staging.belleflamme.ca\/wp-content\/uploads\/2023\/01\/og-image.jpg\",\"contentUrl\":\"https:\/\/staging.belleflamme.ca\/wp-content\/uploads\/2023\/01\/og-image.jpg\",\"width\":1200,\"height\":630,\"caption\":\"Groupe Belleflamme\"},\"image\":{\"@id\":\"https:\/\/www.belleflamme.ca\/fr\/#\/schema\/logo\/image\/\"},\"sameAs\":[\"https:\/\/www.facebook.com\/belleflamme.ca\/\",\"https:\/\/www.linkedin.com\/company\/belleflamme\/\",\"https:\/\/www.pinterest.ca\/groupebelleflamme\/\",\"https:\/\/www.instagram.com\/legroupebelleflamme\/\"],\"mainEntityOfPage\":{\"@id\":\"https:\/\/staging.belleflamme.ca\/fr\/produit\/dissolvant-de-creosote-en-canne-a-jeter-paquet-de-3-de-rutland\/\"}}]}<\/script>\n<meta property=\"product:brand\" content=\"Rutland\" \/>\n<meta property=\"product:price:amount\" content=\"15.00\" \/>\n<meta property=\"product:price:currency\" content=\"CAD\" \/>\n<meta property=\"og:availability\" content=\"instock\" \/>\n<meta property=\"product:availability\" content=\"instock\" \/>\n<meta property=\"product:retailer_item_id\" content=\"97G\" \/>\n<meta property=\"product:condition\" content=\"new\" \/>\n<!-- \/ Yoast SEO Premium plugin. -->","yoast_head_json":{"title":"Dissolvant de cr\u00e9osote en canne \u00e0 jeter, paquet de 3 de Rutland - Groupe BelleFlamme","description":"Dissolvant de cr\u00e9osote en canne \u00e0 jeter, paquet de 3 de Rutland","robots":{"index":"index","follow":"follow","max-snippet":"max-snippet:-1","max-image-preview":"max-image-preview:large","max-video-preview":"max-video-preview:-1"},"canonical":"https:\/\/staging.belleflamme.ca\/fr\/produit\/dissolvant-de-creosote-en-canne-a-jeter-paquet-de-3-de-rutland\/","og_locale":"fr_FR","og_type":"article","og_title":"Dissolvant de cr\u00e9osote en canne \u00e0 jeter, paquet de 3 de Rutland","og_description":"Dissolvant de cr\u00e9osote en canne \u00e0 jeter, paquet de 3 de Rutland","og_url":"https:\/\/staging.belleflamme.ca\/fr\/produit\/dissolvant-de-creosote-en-canne-a-jeter-paquet-de-3-de-rutland\/","og_site_name":"Groupe BelleFlamme","article_publisher":"https:\/\/www.facebook.com\/belleflamme.ca\/","article_modified_time":"2024-01-18T15:22:58+00:00","og_image":[{"width":600,"height":600,"url":"https:\/\/www.belleflamme.ca\/wp-content\/uploads\/2024\/01\/Dissolvant-de-creosote-paquet-de-3-de-Rutland.webp","type":"image\/webp"}],"twitter_card":"summary_large_image","twitter_misc":{"Prix":"&#36;15.00","Disponibilit\u00e9":"En stock"},"schema":{"@context":"https:\/\/schema.org","@graph":[{"@type":["WebPage","ItemPage"],"@id":"https:\/\/staging.belleflamme.ca\/fr\/produit\/dissolvant-de-creosote-en-canne-a-jeter-paquet-de-3-de-rutland\/","url":"https:\/\/staging.belleflamme.ca\/fr\/produit\/dissolvant-de-creosote-en-canne-a-jeter-paquet-de-3-de-rutland\/","name":"Dissolvant de cr\u00e9osote en canne \u00e0 jeter, paquet de 3 de Rutland - Groupe BelleFlamme","isPartOf":{"@id":"https:\/\/www.belleflamme.ca\/fr\/#website"},"primaryImageOfPage":{"@id":"https:\/\/staging.belleflamme.ca\/fr\/produit\/dissolvant-de-creosote-en-canne-a-jeter-paquet-de-3-de-rutland\/#primaryimage"},"image":{"@id":"https:\/\/staging.belleflamme.ca\/fr\/produit\/dissolvant-de-creosote-en-canne-a-jeter-paquet-de-3-de-rutland\/#primaryimage"},"thumbnailUrl":"https:\/\/staging.belleflamme.ca\/wp-content\/uploads\/2024\/01\/Dissolvant-de-creosote-paquet-de-3-de-Rutland.webp","datePublished":"2024-01-15T16:59:22+00:00","dateModified":"2024-01-18T15:22:58+00:00","description":"Dissolvant de cr\u00e9osote en canne \u00e0 jeter, paquet de 3 de Rutland","breadcrumb":{"@id":"https:\/\/staging.belleflamme.ca\/fr\/produit\/dissolvant-de-creosote-en-canne-a-jeter-paquet-de-3-de-rutland\/#breadcrumb"},"inLanguage":"fr-FR","potentialAction":[{"@type":"ReadAction","target":["https:\/\/staging.belleflamme.ca\/fr\/produit\/dissolvant-de-creosote-en-canne-a-jeter-paquet-de-3-de-rutland\/"]}]},{"@type":"ImageObject","inLanguage":"fr-FR","@id":"https:\/\/staging.belleflamme.ca\/fr\/produit\/dissolvant-de-creosote-en-canne-a-jeter-paquet-de-3-de-rutland\/#primaryimage","url":"https:\/\/staging.belleflamme.ca\/wp-content\/uploads\/2024\/01\/Dissolvant-de-creosote-paquet-de-3-de-Rutland.webp","contentUrl":"https:\/\/staging.belleflamme.ca\/wp-content\/uploads\/2024\/01\/Dissolvant-de-creosote-paquet-de-3-de-Rutland.webp","width":600,"height":600,"caption":"Dissolvant de cr\u00e9osote, paquet de 3 de Rutland"},{"@type":"BreadcrumbList","@id":"https:\/\/staging.belleflamme.ca\/fr\/produit\/dissolvant-de-creosote-en-canne-a-jeter-paquet-de-3-de-rutland\/#breadcrumb","itemListElement":[{"@type":"ListItem","position":1,"name":"Accueil","item":"https:\/\/www.belleflamme.ca\/fr\/"},{"@type":"ListItem","position":2,"name":"Boutique","item":"https:\/\/www.belleflamme.ca\/fr\/boutique\/"},{"@type":"ListItem","position":3,"name":"Chemin\u00e9es, Pi\u00e8ces &amp; Accessoires","item":"https:\/\/staging.belleflamme.ca\/fr\/categories\/cheminees-pieces-accessoires\/"},{"@type":"ListItem","position":4,"name":"Produits Nettoyants de Foyer","item":"https:\/\/staging.belleflamme.ca\/fr\/categories\/cheminees-pieces-accessoires\/produits-nettoyants-de-foyer\/"},{"@type":"ListItem","position":5,"name":"Dissolvant de cr\u00e9osote en canne \u00e0 jeter, paquet de 3 de Rutland"}]},{"@type":"WebSite","@id":"https:\/\/www.belleflamme.ca\/fr\/#website","url":"https:\/\/www.belleflamme.ca\/fr\/","name":"Groupe Belleflamme","description":"La m\u00e9canique du b\u00e2timent dans le sang.","publisher":{"@id":"https:\/\/www.belleflamme.ca\/fr\/#organization"},"potentialAction":[{"@type":"SearchAction","target":{"@type":"EntryPoint","urlTemplate":"https:\/\/www.belleflamme.ca\/fr\/?s={search_term_string}"},"query-input":{"@type":"PropertyValueSpecification","valueRequired":true,"valueName":"search_term_string"}}],"inLanguage":"fr-FR"},{"@type":["Organization","Place"],"@id":"https:\/\/www.belleflamme.ca\/fr\/#organization","name":"Groupe Belleflamme","alternateName":"Belleflamme","url":"https:\/\/www.belleflamme.ca\/fr\/","logo":{"@type":"ImageObject","inLanguage":"fr-FR","@id":"https:\/\/www.belleflamme.ca\/fr\/#\/schema\/logo\/image\/","url":"https:\/\/staging.belleflamme.ca\/wp-content\/uploads\/2023\/01\/og-image.jpg","contentUrl":"https:\/\/staging.belleflamme.ca\/wp-content\/uploads\/2023\/01\/og-image.jpg","width":1200,"height":630,"caption":"Groupe Belleflamme"},"image":{"@id":"https:\/\/www.belleflamme.ca\/fr\/#\/schema\/logo\/image\/"},"sameAs":["https:\/\/www.facebook.com\/belleflamme.ca\/","https:\/\/www.linkedin.com\/company\/belleflamme\/","https:\/\/www.pinterest.ca\/groupebelleflamme\/","https:\/\/www.instagram.com\/legroupebelleflamme\/"],"mainEntityOfPage":{"@id":"https:\/\/staging.belleflamme.ca\/fr\/produit\/dissolvant-de-creosote-en-canne-a-jeter-paquet-de-3-de-rutland\/"}}]},"product_brand":"Rutland","product_price_amount":"15.00","product_price_currency":"CAD","og_availability":"instock","product_availability":"instock","product_retailer_item_id":"97G","product_condition":"new"},"_links":{"self":[{"href":"https:\/\/staging.belleflamme.ca\/fr\/wp-json\/wp\/v2\/product\/25925","targetHints":{"allow":["GET"]}}],"collection":[{"href":"https:\/\/staging.belleflamme.ca\/fr\/wp-json\/wp\/v2\/product"}],"about":[{"href":"https:\/\/staging.belleflamme.ca\/fr\/wp-json\/wp\/v2\/types\/product"}],"version-history":[{"count":5,"href":"https:\/\/staging.belleflamme.ca\/fr\/wp-json\/wp\/v2\/product\/25925\/revisions"}],"predecessor-version":[{"id":27182,"href":"https:\/\/staging.belleflamme.ca\/fr\/wp-json\/wp\/v2\/product\/25925\/revisions\/27182"}],"wp:featuredmedia":[{"embeddable":true,"href":"https:\/\/staging.belleflamme.ca\/fr\/wp-json\/wp\/v2\/media\/25927"}],"wp:attachment":[{"href":"https:\/\/staging.belleflamme.ca\/fr\/wp-json\/wp\/v2\/media?parent=25925"}],"wp:term":[{"taxonomy":"product_brand","embeddable":true,"href":"https:\/\/staging.belleflamme.ca\/fr\/wp-json\/wp\/v2\/product_brand?post=25925"},{"taxonomy":"product_cat","embeddable":true,"href":"https:\/\/staging.belleflamme.ca\/fr\/wp-json\/wp\/v2\/product_cat?post=25925"},{"taxonomy":"product_tag","embeddable":true,"href":"https:\/\/staging.belleflamme.ca\/fr\/wp-json\/wp\/v2\/product_tag?post=25925"}],"curies":[{"name":"wp","href":"https:\/\/api.w.org\/{rel}","templated":true}]}}