{"id":25764,"date":"2024-01-15T10:02:05","date_gmt":"2024-01-15T15:02:05","guid":{"rendered":"https:\/\/www.belleflamme.ca\/?post_type=product&#038;p=25764"},"modified":"2024-01-18T11:05:38","modified_gmt":"2024-01-18T16:05:38","slug":"silicone-haute-temperature-pour-foyers-302-de-nuflex","status":"publish","type":"product","link":"https:\/\/staging.belleflamme.ca\/fr\/produit\/silicone-haute-temperature-pour-foyers-302-de-nuflex\/","title":{"rendered":"Silicone haute Temp\u00e9rature pour foyers 302 de NuFlex"},"content":{"rendered":"\t\t<div data-elementor-type=\"product-post\" data-elementor-id=\"25764\" class=\"elementor elementor-25764\" data-elementor-post-type=\"product\">\n\t\t\t\t\t\t<section class=\"elementor-section elementor-top-section elementor-element elementor-element-358cb353 elementor-section-boxed elementor-section-height-default elementor-section-height-default\" data-id=\"358cb353\" data-element_type=\"section\">\n\t\t\t\t\t\t<div class=\"elementor-container elementor-column-gap-default\">\n\t\t\t\t\t<div class=\"elementor-column elementor-col-100 elementor-top-column elementor-element elementor-element-3f53f32\" data-id=\"3f53f32\" data-element_type=\"column\">\n\t\t\t<div class=\"elementor-widget-wrap elementor-element-populated\">\n\t\t\t\t\t\t<div class=\"elementor-element elementor-element-1d0ccdac elementor-widget elementor-widget-text-editor\" data-id=\"1d0ccdac\" data-element_type=\"widget\" data-widget_type=\"text-editor.default\">\n\t\t\t\t<div class=\"elementor-widget-container\">\n\t\t\t\t\t\t\t\t\t<strong><span>Le scellant silicone \u00e0 usage g\u00e9n\u00e9ral\u00a0NuFlex\u00a0<\/span><sup><span>\u00ae<\/span><\/sup><\/strong><span>\u00a0302 est un mat\u00e9riau de calfeutrage monocomposant \u00e0 module moyen, \u00e0 durcissement ac\u00e9toxy et sans affaissement.\u00a0Le mastic silicone \u00e0 usage g\u00e9n\u00e9ral NuFlex\u00a0<\/span><sup><span>\u00ae<\/span><\/sup><span>\u00a0302 durcit pour former un solide caoutchouteux robuste lors de l&#8217;exposition \u00e0 l&#8217;humidit\u00e9 de l&#8217;air.\u00a0En raison de ses propri\u00e9t\u00e9s anti-affaissement, le scellant peut \u00eatre appliqu\u00e9 au-dessus ou sur les joints et surfaces des murs lat\u00e9raux sans affaissement, affaissement ou ruissellement.\u00a0Il adh\u00e8re \u00e0 la plupart des supports de construction non poreux.<\/span>\r\n\r\n<span>NuFlex\u00a0<\/span><sup><span>\u00ae<\/span><\/sup><span>\u00a0302 pr\u00e9sente une excellente r\u00e9sistance aux intemp\u00e9ries, aux vibrations, \u00e0 l&#8217;humidit\u00e9, \u00e0 l&#8217;ozone et aux temp\u00e9ratures extr\u00eames.\u00a0Il peut \u00eatre appliqu\u00e9 \u00e0 des temp\u00e9ratures inf\u00e9rieures \u00e0 z\u00e9ro sans perte de caract\u00e9ristiques d&#8217;extrusion ou de propri\u00e9t\u00e9s physiques et est efficace jusqu&#8217;\u00e0 -46\u00b0C (-50\u00b0F).<\/span>\r\n<h3 id=\"features\"><span>Caract\u00e9ristiques:<\/span><\/h3>\r\n<ul>\r\n \t<li><span>Cure d&#8217;ac\u00e9toxy<\/span><\/li>\r\n \t<li><span>100% silicone<\/span><\/li>\r\n \t<li><span>NuFlex 302 a obtenu la certification GREENGUARD GOLD<\/span><\/li>\r\n \t<li><span>Certifi\u00e9 par NSF<\/span><\/li>\r\n \t<li><span>R\u00e9sistant \u00e0 l&#8217;eau avant, pendant et apr\u00e8s le durcissement<\/span><\/li>\r\n \t<li><span>RTV (vulcanisation \u00e0 temp\u00e9rature ambiante)<\/span><\/li>\r\n \t<li><span>Adh\u00e8re \u00e0 de nombreux substrats<\/span><\/li>\r\n \t<li><span>Performances sur une large plage de temp\u00e9rature<\/span><\/li>\r\n \t<li><span>Durabilit\u00e9 de 50 ans<\/span><\/li>\r\n \t<li><span>Peut \u00eatre appliqu\u00e9 \u00e0 des temp\u00e9ratures inf\u00e9rieures \u00e0 z\u00e9ro<\/span><\/li>\r\n<\/ul>\r\n<h3 id=\"bonds-to\"><span>Liens avec\u00a0:<\/span><\/h3>\r\n<ul>\r\n \t<li><span>M\u00e9tal<\/span><\/li>\r\n \t<li><span>Stratifi\u00e9s<\/span><\/li>\r\n \t<li><span>Verre<\/span><\/li>\r\n \t<li><span>Bois<\/span><\/li>\r\n \t<li><span>R\u00e9sine silicone<\/span><\/li>\r\n \t<li><span>Caoutchouc de silicone vulcanis\u00e9<\/span><\/li>\r\n \t<li><span>C\u00e9ramique<\/span><\/li>\r\n \t<li><span>Fibres naturelles et synth\u00e9tiques<\/span><\/li>\r\n \t<li><span>Surfaces peintes<\/span><\/li>\r\n \t<li><span>La plupart des plastiques<\/span><\/li>\r\n<\/ul>\r\n<h3 id=\"basic-uses-include-caulking-and-sealing-around\"><span>Les utilisations de base comprennent le calfeutrage et le scellement autour\u00a0:<\/span><\/h3>\r\n<ul>\r\n \t<li><span>Former des joints en place l\u00e0 o\u00f9 il n&#8217;y a pas de contact avec l&#8217;huile<\/span><\/li>\r\n \t<li><span>Joints de conduits<\/span><\/li>\r\n \t<li><span>Zones n\u00e9cessitant un coupe-froid<\/span><\/li>\r\n \t<li><span>\u00c9viers, lavabos, douches et baignoires<\/span><\/li>\r\n<\/ul>\r\n<h3 id=\"other-uses-include\"><span>D&#8217;autres utilisations incluent\u00a0:<\/span><\/h3>\r\n<ul>\r\n \t<li><span>R\u00e9parations g\u00e9n\u00e9rales sur une vari\u00e9t\u00e9 de supports<\/span><\/li>\r\n \t<li><span>Collage non porteur<\/span><\/li>\r\n \t<li><span>Rev\u00eatement antiadh\u00e9sif pour moules et coffrages \u00e0 b\u00e9ton<\/span><\/li>\r\n<\/ul>\t\t\t\t\t\t\t\t<\/div>\n\t\t\t\t<\/div>\n\t\t\t\t\t<\/div>\n\t\t<\/div>\n\t\t\t\t\t<\/div>\n\t\t<\/section>\n\t\t\t\t<section class=\"elementor-section elementor-top-section elementor-element elementor-element-b5a3108 elementor-section-boxed elementor-section-height-default elementor-section-height-default\" data-id=\"b5a3108\" data-element_type=\"section\">\n\t\t\t\t\t\t<div class=\"elementor-container elementor-column-gap-default\">\n\t\t\t\t\t<div class=\"elementor-column elementor-col-100 elementor-top-column elementor-element elementor-element-dbea72f\" data-id=\"dbea72f\" data-element_type=\"column\">\n\t\t\t<div class=\"elementor-widget-wrap elementor-element-populated\">\n\t\t\t\t\t\t<div class=\"elementor-element elementor-element-ba32bf8 elementor-tabs-view-horizontal elementor-widget elementor-widget-tabs\" data-id=\"ba32bf8\" data-element_type=\"widget\" data-widget_type=\"tabs.default\">\n\t\t\t\t<div class=\"elementor-widget-container\">\n\t\t\t\t\t\t\t<div class=\"elementor-tabs\">\n\t\t\t<div class=\"elementor-tabs-wrapper\" role=\"tablist\" >\n\t\t\t\t\t\t\t\t\t<div id=\"elementor-tab-title-1951\" class=\"elementor-tab-title elementor-tab-desktop-title\" aria-selected=\"true\" data-tab=\"1\" role=\"tab\" tabindex=\"0\" aria-controls=\"elementor-tab-content-1951\" aria-expanded=\"false\">Fichiers<\/div>\n\t\t\t\t\t\t\t<\/div>\n\t\t\t<div class=\"elementor-tabs-content-wrapper\" role=\"tablist\" aria-orientation=\"vertical\">\n\t\t\t\t\t\t\t\t\t<div class=\"elementor-tab-title elementor-tab-mobile-title\" aria-selected=\"true\" data-tab=\"1\" role=\"tab\" tabindex=\"0\" aria-controls=\"elementor-tab-content-1951\" aria-expanded=\"false\">Fichiers<\/div>\n\t\t\t\t\t<div id=\"elementor-tab-content-1951\" class=\"elementor-tab-content elementor-clearfix\" data-tab=\"1\" role=\"tabpanel\" aria-labelledby=\"elementor-tab-title-1951\" tabindex=\"0\" hidden=\"false\"><i class=\"far fa-file-pdf fa-xl\" style=\"font-size:35px\"><\/i><a href=\"https:\/\/www.belleflamme.ca\/wp-content\/uploads\/2024\/01\/NuFlex_302_Scellant_au_silicone_dusage_general_ctKNGZE.pdf\"> Guide d&#8217;utilisation<\/a><\/br>\n<i class=\"far fa-file-pdf fa-xl\" style=\"font-size:35px\"><\/i><a href=\"https:\/\/www.belleflamme.ca\/wp-content\/uploads\/2024\/01\/Nuflex_302_GP_Clear_French_WukFBny.pdf\"> Fiche de s\u00e9curit\u00e9 Couleur Clair<\/a><\/br>\n<i class=\"far fa-file-pdf fa-xl\" style=\"font-size:35px\"><\/i><a href=\"https:\/\/www.belleflamme.ca\/wp-content\/uploads\/2024\/01\/Nuflex_302_GP_Colours_French_Y7LdT6U.pdf\"> Fiche de s\u00e9curit\u00e9 couleurs<\/a><\/br><\/div>\n\t\t\t\t\t\t\t<\/div>\n\t\t<\/div>\n\t\t\t\t\t\t<\/div>\n\t\t\t\t<\/div>\n\t\t\t\t\t<\/div>\n\t\t<\/div>\n\t\t\t\t\t<\/div>\n\t\t<\/section>\n\t\t\t\t<\/div>\n\t\t","protected":false},"excerpt":{"rendered":"<p>Le scellant silicone \u00e0 usage g\u00e9n\u00e9ral\u00a0NuFlex\u00a0\u00ae\u00a0302 est un mat\u00e9riau de calfeutrage monocomposant \u00e0 module moyen, \u00e0 durcissement ac\u00e9toxy et sans affaissement.\u00a0Le mastic silicone \u00e0 usage g\u00e9n\u00e9ral NuFlex\u00a0\u00ae\u00a0302 durcit pour former un solide caoutchouteux robuste lors de l&#8217;exposition \u00e0 l&#8217;humidit\u00e9 de l&#8217;air.\u00a0En raison de ses propri\u00e9t\u00e9s anti-affaissement, le scellant peut \u00eatre appliqu\u00e9 au-dessus ou sur les [&hellip;]<\/p>\n","protected":false},"featured_media":25768,"template":"","meta":{"inline_featured_image":false},"product_brand":[876],"product_cat":[1114,45],"product_tag":[],"class_list":{"0":"post-25764","1":"product","2":"type-product","3":"status-publish","4":"has-post-thumbnail","6":"product_brand-nuflex","7":"product_cat-ciment-mortier-et-scellant-a-foyer","8":"product_cat-cheminees-pieces-accessoires","10":"first","11":"instock","12":"taxable","13":"shipping-taxable","14":"purchasable","15":"product-type-variable"},"yoast_head":"<!-- This site is optimized with the Yoast SEO Premium plugin v24.2 (Yoast SEO v24.2) - https:\/\/yoast.com\/wordpress\/plugins\/seo\/ -->\n<title>Silicone haute Temp\u00e9rature pour foyers 302 de NuFlex - Groupe BelleFlamme<\/title>\n<meta name=\"description\" content=\"Silicone haute Temp\u00e9rature pour foyers 302 de NuFlex vendu et install\u00e9 par le Groupe Belleflamme. Laval, Montr\u00e9al, Gatineau, Drummondville et Saint-Sauveur.\" \/>\n<meta name=\"robots\" content=\"index, follow, max-snippet:-1, max-image-preview:large, max-video-preview:-1\" \/>\n<link rel=\"canonical\" href=\"https:\/\/staging.belleflamme.ca\/fr\/produit\/silicone-haute-temperature-pour-foyers-302-de-nuflex\/\" \/>\n<meta property=\"og:locale\" content=\"fr_FR\" \/>\n<meta property=\"og:type\" content=\"article\" \/>\n<meta property=\"og:title\" content=\"Silicone haute Temp\u00e9rature pour foyers 302 de NuFlex\" \/>\n<meta property=\"og:description\" content=\"Silicone haute Temp\u00e9rature pour foyers 302 de NuFlex vendu et install\u00e9 par le Groupe Belleflamme. Laval, Montr\u00e9al, Gatineau, Drummondville et Saint-Sauveur.\" \/>\n<meta property=\"og:url\" content=\"https:\/\/staging.belleflamme.ca\/fr\/produit\/silicone-haute-temperature-pour-foyers-302-de-nuflex\/\" \/>\n<meta property=\"og:site_name\" content=\"Groupe BelleFlamme\" \/>\n<meta property=\"article:publisher\" content=\"https:\/\/www.facebook.com\/belleflamme.ca\/\" \/>\n<meta property=\"article:modified_time\" content=\"2024-01-18T16:05:38+00:00\" \/>\n<meta property=\"og:image\" content=\"https:\/\/www.belleflamme.ca\/wp-content\/uploads\/2024\/01\/Silicone-haute-Temperature-pour-foyers-302-de-NuFlex.webp\" \/>\n\t<meta property=\"og:image:width\" content=\"600\" \/>\n\t<meta property=\"og:image:height\" content=\"600\" \/>\n\t<meta property=\"og:image:type\" content=\"image\/webp\" \/>\n<meta name=\"twitter:card\" content=\"summary_large_image\" \/>\n<meta name=\"twitter:label1\" content=\"Disponibilit\u00e9\" \/>\n\t<meta name=\"twitter:data1\" content=\"En stock\" \/>\n<script type=\"application\/ld+json\" class=\"yoast-schema-graph\">{\"@context\":\"https:\/\/schema.org\",\"@graph\":[{\"@type\":[\"WebPage\",\"ItemPage\"],\"@id\":\"https:\/\/staging.belleflamme.ca\/fr\/produit\/silicone-haute-temperature-pour-foyers-302-de-nuflex\/\",\"url\":\"https:\/\/staging.belleflamme.ca\/fr\/produit\/silicone-haute-temperature-pour-foyers-302-de-nuflex\/\",\"name\":\"Silicone haute Temp\u00e9rature pour foyers 302 de NuFlex - Groupe BelleFlamme\",\"isPartOf\":{\"@id\":\"https:\/\/www.belleflamme.ca\/fr\/#website\"},\"primaryImageOfPage\":{\"@id\":\"https:\/\/staging.belleflamme.ca\/fr\/produit\/silicone-haute-temperature-pour-foyers-302-de-nuflex\/#primaryimage\"},\"image\":{\"@id\":\"https:\/\/staging.belleflamme.ca\/fr\/produit\/silicone-haute-temperature-pour-foyers-302-de-nuflex\/#primaryimage\"},\"thumbnailUrl\":\"https:\/\/staging.belleflamme.ca\/wp-content\/uploads\/2024\/01\/Silicone-haute-Temperature-pour-foyers-302-de-NuFlex.webp\",\"datePublished\":\"2024-01-15T15:02:05+00:00\",\"dateModified\":\"2024-01-18T16:05:38+00:00\",\"description\":\"Silicone haute Temp\u00e9rature pour foyers 302 de NuFlex [get_meta_en_fr]\",\"breadcrumb\":{\"@id\":\"https:\/\/staging.belleflamme.ca\/fr\/produit\/silicone-haute-temperature-pour-foyers-302-de-nuflex\/#breadcrumb\"},\"inLanguage\":\"fr-FR\",\"potentialAction\":[{\"@type\":\"ReadAction\",\"target\":[\"https:\/\/staging.belleflamme.ca\/fr\/produit\/silicone-haute-temperature-pour-foyers-302-de-nuflex\/\"]}]},{\"@type\":\"ImageObject\",\"inLanguage\":\"fr-FR\",\"@id\":\"https:\/\/staging.belleflamme.ca\/fr\/produit\/silicone-haute-temperature-pour-foyers-302-de-nuflex\/#primaryimage\",\"url\":\"https:\/\/staging.belleflamme.ca\/wp-content\/uploads\/2024\/01\/Silicone-haute-Temperature-pour-foyers-302-de-NuFlex.webp\",\"contentUrl\":\"https:\/\/staging.belleflamme.ca\/wp-content\/uploads\/2024\/01\/Silicone-haute-Temperature-pour-foyers-302-de-NuFlex.webp\",\"width\":600,\"height\":600,\"caption\":\"Silicone haute Temp\u00e9rature pour foyers 302 de NuFlex\"},{\"@type\":\"BreadcrumbList\",\"@id\":\"https:\/\/staging.belleflamme.ca\/fr\/produit\/silicone-haute-temperature-pour-foyers-302-de-nuflex\/#breadcrumb\",\"itemListElement\":[{\"@type\":\"ListItem\",\"position\":1,\"name\":\"Accueil\",\"item\":\"https:\/\/www.belleflamme.ca\/fr\/\"},{\"@type\":\"ListItem\",\"position\":2,\"name\":\"Boutique\",\"item\":\"https:\/\/www.belleflamme.ca\/fr\/boutique\/\"},{\"@type\":\"ListItem\",\"position\":3,\"name\":\"Chemin\u00e9es, Pi\u00e8ces &amp; Accessoires\",\"item\":\"https:\/\/staging.belleflamme.ca\/fr\/categories\/cheminees-pieces-accessoires\/\"},{\"@type\":\"ListItem\",\"position\":4,\"name\":\"Ciment, Mortier et Scellant \u00e0 Foyer\",\"item\":\"https:\/\/staging.belleflamme.ca\/fr\/categories\/cheminees-pieces-accessoires\/ciment-mortier-et-scellant-a-foyer\/\"},{\"@type\":\"ListItem\",\"position\":5,\"name\":\"Silicone haute Temp\u00e9rature pour foyers 302 de NuFlex\"}]},{\"@type\":\"WebSite\",\"@id\":\"https:\/\/www.belleflamme.ca\/fr\/#website\",\"url\":\"https:\/\/www.belleflamme.ca\/fr\/\",\"name\":\"Groupe Belleflamme\",\"description\":\"La m\u00e9canique du b\u00e2timent dans le sang.\",\"publisher\":{\"@id\":\"https:\/\/www.belleflamme.ca\/fr\/#organization\"},\"potentialAction\":[{\"@type\":\"SearchAction\",\"target\":{\"@type\":\"EntryPoint\",\"urlTemplate\":\"https:\/\/www.belleflamme.ca\/fr\/?s={search_term_string}\"},\"query-input\":{\"@type\":\"PropertyValueSpecification\",\"valueRequired\":true,\"valueName\":\"search_term_string\"}}],\"inLanguage\":\"fr-FR\"},{\"@type\":[\"Organization\",\"Place\"],\"@id\":\"https:\/\/www.belleflamme.ca\/fr\/#organization\",\"name\":\"Groupe Belleflamme\",\"alternateName\":\"Belleflamme\",\"url\":\"https:\/\/www.belleflamme.ca\/fr\/\",\"logo\":{\"@type\":\"ImageObject\",\"inLanguage\":\"fr-FR\",\"@id\":\"https:\/\/www.belleflamme.ca\/fr\/#\/schema\/logo\/image\/\",\"url\":\"https:\/\/staging.belleflamme.ca\/wp-content\/uploads\/2023\/01\/og-image.jpg\",\"contentUrl\":\"https:\/\/staging.belleflamme.ca\/wp-content\/uploads\/2023\/01\/og-image.jpg\",\"width\":1200,\"height\":630,\"caption\":\"Groupe Belleflamme\"},\"image\":{\"@id\":\"https:\/\/www.belleflamme.ca\/fr\/#\/schema\/logo\/image\/\"},\"sameAs\":[\"https:\/\/www.facebook.com\/belleflamme.ca\/\",\"https:\/\/www.linkedin.com\/company\/belleflamme\/\",\"https:\/\/www.pinterest.ca\/groupebelleflamme\/\",\"https:\/\/www.instagram.com\/legroupebelleflamme\/\"],\"mainEntityOfPage\":{\"@id\":\"https:\/\/staging.belleflamme.ca\/fr\/produit\/silicone-haute-temperature-pour-foyers-302-de-nuflex\/\"}}]}<\/script>\n<meta property=\"product:brand\" content=\"NuFlex\" \/>\n<meta property=\"og:availability\" content=\"instock\" \/>\n<meta property=\"product:availability\" content=\"instock\" \/>\n<meta property=\"product:condition\" content=\"new\" \/>\n<!-- \/ Yoast SEO Premium plugin. -->","yoast_head_json":{"title":"Silicone haute Temp\u00e9rature pour foyers 302 de NuFlex - Groupe BelleFlamme","description":"Silicone haute Temp\u00e9rature pour foyers 302 de NuFlex vendu et install\u00e9 par le Groupe Belleflamme. Laval, Montr\u00e9al, Gatineau, Drummondville et Saint-Sauveur.","robots":{"index":"index","follow":"follow","max-snippet":"max-snippet:-1","max-image-preview":"max-image-preview:large","max-video-preview":"max-video-preview:-1"},"canonical":"https:\/\/staging.belleflamme.ca\/fr\/produit\/silicone-haute-temperature-pour-foyers-302-de-nuflex\/","og_locale":"fr_FR","og_type":"article","og_title":"Silicone haute Temp\u00e9rature pour foyers 302 de NuFlex","og_description":"Silicone haute Temp\u00e9rature pour foyers 302 de NuFlex vendu et install\u00e9 par le Groupe Belleflamme. Laval, Montr\u00e9al, Gatineau, Drummondville et Saint-Sauveur.","og_url":"https:\/\/staging.belleflamme.ca\/fr\/produit\/silicone-haute-temperature-pour-foyers-302-de-nuflex\/","og_site_name":"Groupe BelleFlamme","article_publisher":"https:\/\/www.facebook.com\/belleflamme.ca\/","article_modified_time":"2024-01-18T16:05:38+00:00","og_image":[{"width":600,"height":600,"url":"https:\/\/www.belleflamme.ca\/wp-content\/uploads\/2024\/01\/Silicone-haute-Temperature-pour-foyers-302-de-NuFlex.webp","type":"image\/webp"}],"twitter_card":"summary_large_image","twitter_misc":{"Disponibilit\u00e9":"En stock"},"schema":{"@context":"https:\/\/schema.org","@graph":[{"@type":["WebPage","ItemPage"],"@id":"https:\/\/staging.belleflamme.ca\/fr\/produit\/silicone-haute-temperature-pour-foyers-302-de-nuflex\/","url":"https:\/\/staging.belleflamme.ca\/fr\/produit\/silicone-haute-temperature-pour-foyers-302-de-nuflex\/","name":"Silicone haute Temp\u00e9rature pour foyers 302 de NuFlex - Groupe BelleFlamme","isPartOf":{"@id":"https:\/\/www.belleflamme.ca\/fr\/#website"},"primaryImageOfPage":{"@id":"https:\/\/staging.belleflamme.ca\/fr\/produit\/silicone-haute-temperature-pour-foyers-302-de-nuflex\/#primaryimage"},"image":{"@id":"https:\/\/staging.belleflamme.ca\/fr\/produit\/silicone-haute-temperature-pour-foyers-302-de-nuflex\/#primaryimage"},"thumbnailUrl":"https:\/\/staging.belleflamme.ca\/wp-content\/uploads\/2024\/01\/Silicone-haute-Temperature-pour-foyers-302-de-NuFlex.webp","datePublished":"2024-01-15T15:02:05+00:00","dateModified":"2024-01-18T16:05:38+00:00","description":"Silicone haute Temp\u00e9rature pour foyers 302 de NuFlex [get_meta_en_fr]","breadcrumb":{"@id":"https:\/\/staging.belleflamme.ca\/fr\/produit\/silicone-haute-temperature-pour-foyers-302-de-nuflex\/#breadcrumb"},"inLanguage":"fr-FR","potentialAction":[{"@type":"ReadAction","target":["https:\/\/staging.belleflamme.ca\/fr\/produit\/silicone-haute-temperature-pour-foyers-302-de-nuflex\/"]}]},{"@type":"ImageObject","inLanguage":"fr-FR","@id":"https:\/\/staging.belleflamme.ca\/fr\/produit\/silicone-haute-temperature-pour-foyers-302-de-nuflex\/#primaryimage","url":"https:\/\/staging.belleflamme.ca\/wp-content\/uploads\/2024\/01\/Silicone-haute-Temperature-pour-foyers-302-de-NuFlex.webp","contentUrl":"https:\/\/staging.belleflamme.ca\/wp-content\/uploads\/2024\/01\/Silicone-haute-Temperature-pour-foyers-302-de-NuFlex.webp","width":600,"height":600,"caption":"Silicone haute Temp\u00e9rature pour foyers 302 de NuFlex"},{"@type":"BreadcrumbList","@id":"https:\/\/staging.belleflamme.ca\/fr\/produit\/silicone-haute-temperature-pour-foyers-302-de-nuflex\/#breadcrumb","itemListElement":[{"@type":"ListItem","position":1,"name":"Accueil","item":"https:\/\/www.belleflamme.ca\/fr\/"},{"@type":"ListItem","position":2,"name":"Boutique","item":"https:\/\/www.belleflamme.ca\/fr\/boutique\/"},{"@type":"ListItem","position":3,"name":"Chemin\u00e9es, Pi\u00e8ces &amp; Accessoires","item":"https:\/\/staging.belleflamme.ca\/fr\/categories\/cheminees-pieces-accessoires\/"},{"@type":"ListItem","position":4,"name":"Ciment, Mortier et Scellant \u00e0 Foyer","item":"https:\/\/staging.belleflamme.ca\/fr\/categories\/cheminees-pieces-accessoires\/ciment-mortier-et-scellant-a-foyer\/"},{"@type":"ListItem","position":5,"name":"Silicone haute Temp\u00e9rature pour foyers 302 de NuFlex"}]},{"@type":"WebSite","@id":"https:\/\/www.belleflamme.ca\/fr\/#website","url":"https:\/\/www.belleflamme.ca\/fr\/","name":"Groupe Belleflamme","description":"La m\u00e9canique du b\u00e2timent dans le sang.","publisher":{"@id":"https:\/\/www.belleflamme.ca\/fr\/#organization"},"potentialAction":[{"@type":"SearchAction","target":{"@type":"EntryPoint","urlTemplate":"https:\/\/www.belleflamme.ca\/fr\/?s={search_term_string}"},"query-input":{"@type":"PropertyValueSpecification","valueRequired":true,"valueName":"search_term_string"}}],"inLanguage":"fr-FR"},{"@type":["Organization","Place"],"@id":"https:\/\/www.belleflamme.ca\/fr\/#organization","name":"Groupe Belleflamme","alternateName":"Belleflamme","url":"https:\/\/www.belleflamme.ca\/fr\/","logo":{"@type":"ImageObject","inLanguage":"fr-FR","@id":"https:\/\/www.belleflamme.ca\/fr\/#\/schema\/logo\/image\/","url":"https:\/\/staging.belleflamme.ca\/wp-content\/uploads\/2023\/01\/og-image.jpg","contentUrl":"https:\/\/staging.belleflamme.ca\/wp-content\/uploads\/2023\/01\/og-image.jpg","width":1200,"height":630,"caption":"Groupe Belleflamme"},"image":{"@id":"https:\/\/www.belleflamme.ca\/fr\/#\/schema\/logo\/image\/"},"sameAs":["https:\/\/www.facebook.com\/belleflamme.ca\/","https:\/\/www.linkedin.com\/company\/belleflamme\/","https:\/\/www.pinterest.ca\/groupebelleflamme\/","https:\/\/www.instagram.com\/legroupebelleflamme\/"],"mainEntityOfPage":{"@id":"https:\/\/staging.belleflamme.ca\/fr\/produit\/silicone-haute-temperature-pour-foyers-302-de-nuflex\/"}}]},"product_brand":"NuFlex","og_availability":"instock","product_availability":"instock","product_condition":"new"},"_links":{"self":[{"href":"https:\/\/staging.belleflamme.ca\/fr\/wp-json\/wp\/v2\/product\/25764","targetHints":{"allow":["GET"]}}],"collection":[{"href":"https:\/\/staging.belleflamme.ca\/fr\/wp-json\/wp\/v2\/product"}],"about":[{"href":"https:\/\/staging.belleflamme.ca\/fr\/wp-json\/wp\/v2\/types\/product"}],"version-history":[{"count":5,"href":"https:\/\/staging.belleflamme.ca\/fr\/wp-json\/wp\/v2\/product\/25764\/revisions"}],"predecessor-version":[{"id":27228,"href":"https:\/\/staging.belleflamme.ca\/fr\/wp-json\/wp\/v2\/product\/25764\/revisions\/27228"}],"wp:featuredmedia":[{"embeddable":true,"href":"https:\/\/staging.belleflamme.ca\/fr\/wp-json\/wp\/v2\/media\/25768"}],"wp:attachment":[{"href":"https:\/\/staging.belleflamme.ca\/fr\/wp-json\/wp\/v2\/media?parent=25764"}],"wp:term":[{"taxonomy":"product_brand","embeddable":true,"href":"https:\/\/staging.belleflamme.ca\/fr\/wp-json\/wp\/v2\/product_brand?post=25764"},{"taxonomy":"product_cat","embeddable":true,"href":"https:\/\/staging.belleflamme.ca\/fr\/wp-json\/wp\/v2\/product_cat?post=25764"},{"taxonomy":"product_tag","embeddable":true,"href":"https:\/\/staging.belleflamme.ca\/fr\/wp-json\/wp\/v2\/product_tag?post=25764"}],"curies":[{"name":"wp","href":"https:\/\/api.w.org\/{rel}","templated":true}]}}