{"id":25741,"date":"2024-01-15T09:27:33","date_gmt":"2024-01-15T14:27:33","guid":{"rendered":"https:\/\/www.belleflamme.ca\/?post_type=product&#038;p=25741"},"modified":"2024-01-18T09:57:52","modified_gmt":"2024-01-18T14:57:52","slug":"telecommande-pour-foyer-4-boutons-sky-1001th-h-de-skytech","status":"publish","type":"product","link":"https:\/\/staging.belleflamme.ca\/fr\/produit\/telecommande-pour-foyer-4-boutons-sky-1001th-h-de-skytech\/","title":{"rendered":"T\u00e9l\u00e9commande pour foyer 4 boutons SKY-1001TH-H de Skytech"},"content":{"rendered":"\t\t<div data-elementor-type=\"product-post\" data-elementor-id=\"25741\" class=\"elementor elementor-25741\" data-elementor-post-type=\"product\">\n\t\t\t\t\t\t<section class=\"elementor-section elementor-top-section elementor-element elementor-element-22941411 elementor-section-boxed elementor-section-height-default elementor-section-height-default\" data-id=\"22941411\" data-element_type=\"section\">\n\t\t\t\t\t\t<div class=\"elementor-container elementor-column-gap-default\">\n\t\t\t\t\t<div class=\"elementor-column elementor-col-100 elementor-top-column elementor-element elementor-element-23c7550d\" data-id=\"23c7550d\" data-element_type=\"column\">\n\t\t\t<div class=\"elementor-widget-wrap elementor-element-populated\">\n\t\t\t\t\t\t<div class=\"elementor-element elementor-element-d3326c elementor-widget elementor-widget-text-editor\" data-id=\"d3326c\" data-element_type=\"widget\" data-widget_type=\"text-editor.default\">\n\t\t\t\t<div class=\"elementor-widget-container\">\n\t\t\t\t\t\t\t\t\t<div id=\"product-overview\"><div class=\"complete\"><h2 id=\"product-overview-heading\"><strong>Pr\u00e9sentation du produit<\/strong><\/h2><p><strong>La t\u00e9l\u00e9commande de chemin\u00e9e \u00e0 thermostat Skytech 1001TH<\/strong>\u00a0fournit un contr\u00f4le thermostatique sans fil pour une utilisation avec les foyers \u00e0 gaz.\u00a0L&#8217;\u00e9metteur \u00e0 distance fonctionne avec (2) piles AAA de 1,5 V et dispose d&#8217;un \u00e9cran LCD qui utilise un syst\u00e8me \u00e0 4 boutons ON\/OFF\/MODE\/SET pour transmettre sans fil \u00e0 un r\u00e9cepteur qui fonctionne avec (4) piles AA.\u00a0Le r\u00e9cepteur se connecte \u00e0 toutes les vannes millivolts standard et peut \u00eatre mont\u00e9 jusqu&#8217;\u00e0 20 pieds du foyer.\u00a0Profitez de l&#8217;ambiance d&#8217;un feu douillet et contr\u00f4lez la temp\u00e9rature de la pi\u00e8ce sans sacrifier le confort de votre si\u00e8ge gr\u00e2ce \u00e0 cette t\u00e9l\u00e9commande de foyer de Skytech.<\/p><h3>Caract\u00e9ristiques<\/h3><ul><li><strong>Conception pratique :<\/strong>\u00a0l&#8217;\u00e9metteur et le r\u00e9cepteur RF aliment\u00e9s par batterie permettent de contr\u00f4ler \u00e0 distance sans fil un foyer \u00e0 gaz.<\/li><li><strong>Facile \u00e0 utiliser \u2013<\/strong> La t\u00e9l\u00e9commande \u00e9mettrice \u00e0 quatre boutons ON\/OFF\/MODE\/SET permet un contr\u00f4le simple d&#8217;un foyer connect\u00e9 ; MODE fait passer le contr\u00f4le entre les modes manuel et thermo, tandis que SET ajuste la temp\u00e9rature en mode thermo.<\/li><li><strong>Simple \u00e0 lire :<\/strong>\u00a0l&#8217;\u00e9cran LCD cristallin affiche la temp\u00e9rature ambiante en degr\u00e9s Fahrenheit ou Celsius ;\u00a0L&#8217;ic\u00f4ne de flamme appara\u00eetra pour indiquer que l&#8217;appareil est allum\u00e9, tandis que l&#8217;indicateur de batterie faible s&#8217;affichera lorsque les piles de l&#8217;\u00e9metteur sont faibles.<\/li><li><strong>Contr\u00f4le du thermostat \u2013<\/strong>\u00a0La fonction thermostat fait fonctionner le foyer chaque fois que la temp\u00e9rature ambiante oscille de 2 \u00b0F (1 \u00b0C) au-dessus ou en dessous de la temp\u00e9rature r\u00e9gl\u00e9e.<\/li><li><strong>\u00c0 utiliser avec :<\/strong>\u00a0le bo\u00eetier r\u00e9cepteur est con\u00e7u uniquement pour les vannes \u00e0 gaz millivolts et agit comme un interrupteur \u00e0 contact sec (le r\u00e9cepteur ne produira aucune tension).<\/li><li><strong>Comprend :<\/strong>\u00a0t\u00e9l\u00e9commande \u00e9metteur, bo\u00eetier r\u00e9cepteur, plaque murale, clip mural, fils avec connecteurs, piles et manuel d&#8217;instructions.<\/li><\/ul><\/div><\/div><div class=\"product info detailed\"><div class=\"product data items\" role=\"tablist\" data-mage-init=\"{&quot;tabs&quot;:{&quot;openedState&quot;: &quot;active&quot;, &quot;collapsible&quot;: true, &quot;multipleCollapsible&quot;: true, &quot;expanded&quot;: true, &quot;active&quot;: [0,1,2,3,4,5,6,7,8,9,10,11,12], &quot;animate&quot;: 500}}\" data-breeze-processed=\"true\"><div id=\"product.attributes\" class=\"data item content\" role=\"tabpanel\" data-role=\"content\" aria-labelledby=\"tab-label-product.attributes-title\" aria-hidden=\"false\"><div class=\"inner-content\"><div class=\"additional-attributes-wrapper table-wrapper\"><table id=\"product-attribute-specs-table\" class=\"data table additional-attributes\"><caption class=\"table-caption\">Plus d&#8217;information<\/caption><tbody><tr><th class=\"col label\" scope=\"row\">CUP<\/th><td class=\"col data\" data-th=\"UPC\">080956959508<\/td><\/tr><tr><th class=\"col label\" scope=\"row\">Fabricant<\/th><td class=\"col data\" data-th=\"Manufacturer\">Skytech<\/td><\/tr><tr><th class=\"col label\" scope=\"row\">R\u00e9f\u00e9rence fabricant<\/th><td class=\"col data\" data-th=\"Manufacturer Part Number\">CIEL-1001TH-A<\/td><\/tr><tr><th class=\"col label\" scope=\"row\">Type de vanne<\/th><td class=\"col data\" data-th=\"Valve Type\">Millivolt<\/td><\/tr><tr><th class=\"col label\" scope=\"row\">Alimentation du r\u00e9cepteur<\/th><td class=\"col data\" data-th=\"Receiver Power Supply\">Batterie<\/td><\/tr><tr><th class=\"col label\" scope=\"row\">Fonction \u00e0 distance<\/th><td class=\"col data\" data-th=\"Remote Function\">Thermostat<\/td><\/tr><tr><th class=\"col label\" scope=\"row\">Type d&#8217;\u00e9cran<\/th><td class=\"col data\" data-th=\"Screen Type\">\u00c9cran LCD<\/td><\/tr><tr><th class=\"col label\" scope=\"row\">Fonctions \u00e0 distance<\/th><td class=\"col data\" data-th=\"Remote Functions\">Thermostat<\/td><\/tr><\/tbody><\/table><\/div><\/div><\/div><\/div><\/div>\t\t\t\t\t\t\t\t<\/div>\n\t\t\t\t<\/div>\n\t\t\t\t\t<\/div>\n\t\t<\/div>\n\t\t\t\t\t<\/div>\n\t\t<\/section>\n\t\t\t\t<section class=\"elementor-section elementor-top-section elementor-element elementor-element-7895687 elementor-section-boxed elementor-section-height-default elementor-section-height-default\" data-id=\"7895687\" data-element_type=\"section\">\n\t\t\t\t\t\t<div class=\"elementor-container elementor-column-gap-default\">\n\t\t\t\t\t<div class=\"elementor-column elementor-col-100 elementor-top-column elementor-element elementor-element-8978ac6\" data-id=\"8978ac6\" data-element_type=\"column\">\n\t\t\t<div class=\"elementor-widget-wrap elementor-element-populated\">\n\t\t\t\t\t\t<div class=\"elementor-element elementor-element-5dc0b45 elementor-tabs-view-horizontal elementor-widget elementor-widget-tabs\" data-id=\"5dc0b45\" data-element_type=\"widget\" data-widget_type=\"tabs.default\">\n\t\t\t\t<div class=\"elementor-widget-container\">\n\t\t\t\t\t\t\t<div class=\"elementor-tabs\">\n\t\t\t<div class=\"elementor-tabs-wrapper\" role=\"tablist\" >\n\t\t\t\t\t\t\t\t\t<div id=\"elementor-tab-title-9831\" class=\"elementor-tab-title elementor-tab-desktop-title\" aria-selected=\"true\" data-tab=\"1\" role=\"tab\" tabindex=\"0\" aria-controls=\"elementor-tab-content-9831\" aria-expanded=\"false\">Fichiers<\/div>\n\t\t\t\t\t\t\t<\/div>\n\t\t\t<div class=\"elementor-tabs-content-wrapper\" role=\"tablist\" aria-orientation=\"vertical\">\n\t\t\t\t\t\t\t\t\t<div class=\"elementor-tab-title elementor-tab-mobile-title\" aria-selected=\"true\" data-tab=\"1\" role=\"tab\" tabindex=\"0\" aria-controls=\"elementor-tab-content-9831\" aria-expanded=\"false\">Fichiers<\/div>\n\t\t\t\t\t<div id=\"elementor-tab-content-9831\" class=\"elementor-tab-content elementor-clearfix\" data-tab=\"1\" role=\"tabpanel\" aria-labelledby=\"elementor-tab-title-9831\" tabindex=\"0\" hidden=\"false\"><i class=\"far fa-file-pdf fa-xl\" style=\"font-size:35px\"><\/i><a href=\"https:\/\/www.belleflamme.ca\/wp-content\/uploads\/2024\/01\/1001TH-A-Manual-Spotix-FRC-RevB.pdf\"> Manuel<\/a><\/br>\n<i class=\"far fa-file-pdf fa-xl\" style=\"font-size:35px\"><\/i><a href=\"https:\/\/www.belleflamme.ca\/wp-content\/uploads\/2024\/01\/1001-A_Troubleshooting.pdf\"> D\u00e9pannage<\/a><\/br><\/div>\n\t\t\t\t\t\t\t<\/div>\n\t\t<\/div>\n\t\t\t\t\t\t<\/div>\n\t\t\t\t<\/div>\n\t\t\t\t\t<\/div>\n\t\t<\/div>\n\t\t\t\t\t<\/div>\n\t\t<\/section>\n\t\t\t\t<\/div>\n\t\t","protected":false},"excerpt":{"rendered":"<p>Pr\u00e9sentation du produit La t\u00e9l\u00e9commande de chemin\u00e9e \u00e0 thermostat Skytech 1001TH\u00a0fournit un contr\u00f4le thermostatique sans fil pour une utilisation avec les foyers \u00e0 gaz.\u00a0L&#8217;\u00e9metteur \u00e0 distance fonctionne avec (2) piles AAA de 1,5 V et dispose d&#8217;un \u00e9cran LCD qui utilise un syst\u00e8me \u00e0 4 boutons ON\/OFF\/MODE\/SET pour transmettre sans fil \u00e0 un r\u00e9cepteur qui [&hellip;]<\/p>\n","protected":false},"featured_media":25742,"template":"","meta":{"inline_featured_image":false},"product_brand":[874],"product_cat":[1110,45],"product_tag":[],"class_list":{"0":"post-25741","1":"product","2":"type-product","3":"status-publish","4":"has-post-thumbnail","6":"product_brand-skytech","7":"product_cat-controle-et-telecommande","8":"product_cat-cheminees-pieces-accessoires","10":"first","11":"instock","12":"taxable","13":"shipping-taxable","14":"purchasable","15":"product-type-simple"},"yoast_head":"<!-- This site is optimized with the Yoast SEO Premium plugin v24.2 (Yoast SEO v24.2) - https:\/\/yoast.com\/wordpress\/plugins\/seo\/ -->\n<title>T\u00e9l\u00e9commande pour foyer 4 boutons SKY-1001TH-H de Skytech - Groupe BelleFlamme<\/title>\n<meta name=\"description\" content=\"T\u00e9l\u00e9commande pour foyer 4 boutons SKY-1001TH-H de Skytech\" \/>\n<meta name=\"robots\" content=\"index, follow, max-snippet:-1, max-image-preview:large, max-video-preview:-1\" \/>\n<link rel=\"canonical\" href=\"https:\/\/staging.belleflamme.ca\/fr\/produit\/telecommande-pour-foyer-4-boutons-sky-1001th-h-de-skytech\/\" \/>\n<meta property=\"og:locale\" content=\"fr_FR\" \/>\n<meta property=\"og:type\" content=\"article\" \/>\n<meta property=\"og:title\" content=\"T\u00e9l\u00e9commande pour foyer 4 boutons SKY-1001TH-H de Skytech\" \/>\n<meta property=\"og:description\" content=\"T\u00e9l\u00e9commande pour foyer 4 boutons SKY-1001TH-H de Skytech\" \/>\n<meta property=\"og:url\" content=\"https:\/\/staging.belleflamme.ca\/fr\/produit\/telecommande-pour-foyer-4-boutons-sky-1001th-h-de-skytech\/\" \/>\n<meta property=\"og:site_name\" content=\"Groupe BelleFlamme\" \/>\n<meta property=\"article:publisher\" content=\"https:\/\/www.facebook.com\/belleflamme.ca\/\" \/>\n<meta property=\"article:modified_time\" content=\"2024-01-18T14:57:52+00:00\" \/>\n<meta property=\"og:image\" content=\"https:\/\/www.belleflamme.ca\/wp-content\/uploads\/2024\/01\/sky-1001th-a.jpg\" \/>\n\t<meta property=\"og:image:width\" content=\"700\" \/>\n\t<meta property=\"og:image:height\" content=\"700\" \/>\n\t<meta property=\"og:image:type\" content=\"image\/jpeg\" \/>\n<meta name=\"twitter:card\" content=\"summary_large_image\" \/>\n<meta name=\"twitter:label1\" content=\"Prix\" \/>\n\t<meta name=\"twitter:data1\" content=\"&#036;235.00\" \/>\n\t<meta name=\"twitter:label2\" content=\"Disponibilit\u00e9\" \/>\n\t<meta name=\"twitter:data2\" content=\"En stock\" \/>\n<script type=\"application\/ld+json\" class=\"yoast-schema-graph\">{\"@context\":\"https:\/\/schema.org\",\"@graph\":[{\"@type\":[\"WebPage\",\"ItemPage\"],\"@id\":\"https:\/\/staging.belleflamme.ca\/fr\/produit\/telecommande-pour-foyer-4-boutons-sky-1001th-h-de-skytech\/\",\"url\":\"https:\/\/staging.belleflamme.ca\/fr\/produit\/telecommande-pour-foyer-4-boutons-sky-1001th-h-de-skytech\/\",\"name\":\"T\u00e9l\u00e9commande pour foyer 4 boutons SKY-1001TH-H de Skytech - Groupe BelleFlamme\",\"isPartOf\":{\"@id\":\"https:\/\/www.belleflamme.ca\/fr\/#website\"},\"primaryImageOfPage\":{\"@id\":\"https:\/\/staging.belleflamme.ca\/fr\/produit\/telecommande-pour-foyer-4-boutons-sky-1001th-h-de-skytech\/#primaryimage\"},\"image\":{\"@id\":\"https:\/\/staging.belleflamme.ca\/fr\/produit\/telecommande-pour-foyer-4-boutons-sky-1001th-h-de-skytech\/#primaryimage\"},\"thumbnailUrl\":\"https:\/\/staging.belleflamme.ca\/wp-content\/uploads\/2024\/01\/sky-1001th-a.jpg\",\"datePublished\":\"2024-01-15T14:27:33+00:00\",\"dateModified\":\"2024-01-18T14:57:52+00:00\",\"description\":\"T\u00e9l\u00e9commande pour foyer 4 boutons SKY-1001TH-H de Skytech\",\"breadcrumb\":{\"@id\":\"https:\/\/staging.belleflamme.ca\/fr\/produit\/telecommande-pour-foyer-4-boutons-sky-1001th-h-de-skytech\/#breadcrumb\"},\"inLanguage\":\"fr-FR\",\"potentialAction\":[{\"@type\":\"ReadAction\",\"target\":[\"https:\/\/staging.belleflamme.ca\/fr\/produit\/telecommande-pour-foyer-4-boutons-sky-1001th-h-de-skytech\/\"]}]},{\"@type\":\"ImageObject\",\"inLanguage\":\"fr-FR\",\"@id\":\"https:\/\/staging.belleflamme.ca\/fr\/produit\/telecommande-pour-foyer-4-boutons-sky-1001th-h-de-skytech\/#primaryimage\",\"url\":\"https:\/\/staging.belleflamme.ca\/wp-content\/uploads\/2024\/01\/sky-1001th-a.jpg\",\"contentUrl\":\"https:\/\/staging.belleflamme.ca\/wp-content\/uploads\/2024\/01\/sky-1001th-a.jpg\",\"width\":700,\"height\":700,\"caption\":\"T\u00e9l\u00e9commande pour foyer 4 boutons SKY-1001TH-H de Skytech\"},{\"@type\":\"BreadcrumbList\",\"@id\":\"https:\/\/staging.belleflamme.ca\/fr\/produit\/telecommande-pour-foyer-4-boutons-sky-1001th-h-de-skytech\/#breadcrumb\",\"itemListElement\":[{\"@type\":\"ListItem\",\"position\":1,\"name\":\"Accueil\",\"item\":\"https:\/\/www.belleflamme.ca\/fr\/\"},{\"@type\":\"ListItem\",\"position\":2,\"name\":\"Boutique\",\"item\":\"https:\/\/www.belleflamme.ca\/fr\/boutique\/\"},{\"@type\":\"ListItem\",\"position\":3,\"name\":\"Chemin\u00e9es, Pi\u00e8ces &amp; Accessoires\",\"item\":\"https:\/\/staging.belleflamme.ca\/fr\/categories\/cheminees-pieces-accessoires\/\"},{\"@type\":\"ListItem\",\"position\":4,\"name\":\"Contr\u00f4le et T\u00e9l\u00e9commande\",\"item\":\"https:\/\/staging.belleflamme.ca\/fr\/categories\/cheminees-pieces-accessoires\/controle-et-telecommande\/\"},{\"@type\":\"ListItem\",\"position\":5,\"name\":\"T\u00e9l\u00e9commande pour foyer 4 boutons SKY-1001TH-H de Skytech\"}]},{\"@type\":\"WebSite\",\"@id\":\"https:\/\/www.belleflamme.ca\/fr\/#website\",\"url\":\"https:\/\/www.belleflamme.ca\/fr\/\",\"name\":\"Groupe Belleflamme\",\"description\":\"La m\u00e9canique du b\u00e2timent dans le sang.\",\"publisher\":{\"@id\":\"https:\/\/www.belleflamme.ca\/fr\/#organization\"},\"potentialAction\":[{\"@type\":\"SearchAction\",\"target\":{\"@type\":\"EntryPoint\",\"urlTemplate\":\"https:\/\/www.belleflamme.ca\/fr\/?s={search_term_string}\"},\"query-input\":{\"@type\":\"PropertyValueSpecification\",\"valueRequired\":true,\"valueName\":\"search_term_string\"}}],\"inLanguage\":\"fr-FR\"},{\"@type\":[\"Organization\",\"Place\"],\"@id\":\"https:\/\/www.belleflamme.ca\/fr\/#organization\",\"name\":\"Groupe Belleflamme\",\"alternateName\":\"Belleflamme\",\"url\":\"https:\/\/www.belleflamme.ca\/fr\/\",\"logo\":{\"@type\":\"ImageObject\",\"inLanguage\":\"fr-FR\",\"@id\":\"https:\/\/www.belleflamme.ca\/fr\/#\/schema\/logo\/image\/\",\"url\":\"https:\/\/staging.belleflamme.ca\/wp-content\/uploads\/2023\/01\/og-image.jpg\",\"contentUrl\":\"https:\/\/staging.belleflamme.ca\/wp-content\/uploads\/2023\/01\/og-image.jpg\",\"width\":1200,\"height\":630,\"caption\":\"Groupe Belleflamme\"},\"image\":{\"@id\":\"https:\/\/www.belleflamme.ca\/fr\/#\/schema\/logo\/image\/\"},\"sameAs\":[\"https:\/\/www.facebook.com\/belleflamme.ca\/\",\"https:\/\/www.linkedin.com\/company\/belleflamme\/\",\"https:\/\/www.pinterest.ca\/groupebelleflamme\/\",\"https:\/\/www.instagram.com\/legroupebelleflamme\/\"],\"mainEntityOfPage\":{\"@id\":\"https:\/\/staging.belleflamme.ca\/fr\/produit\/telecommande-pour-foyer-4-boutons-sky-1001th-h-de-skytech\/\"}}]}<\/script>\n<meta property=\"product:brand\" content=\"Skytech\" \/>\n<meta property=\"product:price:amount\" content=\"235.00\" \/>\n<meta property=\"product:price:currency\" content=\"CAD\" \/>\n<meta property=\"og:availability\" content=\"instock\" \/>\n<meta property=\"product:availability\" content=\"instock\" \/>\n<meta property=\"product:retailer_item_id\" content=\"SKY-1001TH-H\" \/>\n<meta property=\"product:condition\" content=\"new\" \/>\n<!-- \/ Yoast SEO Premium plugin. -->","yoast_head_json":{"title":"T\u00e9l\u00e9commande pour foyer 4 boutons SKY-1001TH-H de Skytech - Groupe BelleFlamme","description":"T\u00e9l\u00e9commande pour foyer 4 boutons SKY-1001TH-H de Skytech","robots":{"index":"index","follow":"follow","max-snippet":"max-snippet:-1","max-image-preview":"max-image-preview:large","max-video-preview":"max-video-preview:-1"},"canonical":"https:\/\/staging.belleflamme.ca\/fr\/produit\/telecommande-pour-foyer-4-boutons-sky-1001th-h-de-skytech\/","og_locale":"fr_FR","og_type":"article","og_title":"T\u00e9l\u00e9commande pour foyer 4 boutons SKY-1001TH-H de Skytech","og_description":"T\u00e9l\u00e9commande pour foyer 4 boutons SKY-1001TH-H de Skytech","og_url":"https:\/\/staging.belleflamme.ca\/fr\/produit\/telecommande-pour-foyer-4-boutons-sky-1001th-h-de-skytech\/","og_site_name":"Groupe BelleFlamme","article_publisher":"https:\/\/www.facebook.com\/belleflamme.ca\/","article_modified_time":"2024-01-18T14:57:52+00:00","og_image":[{"width":700,"height":700,"url":"https:\/\/www.belleflamme.ca\/wp-content\/uploads\/2024\/01\/sky-1001th-a.jpg","type":"image\/jpeg"}],"twitter_card":"summary_large_image","twitter_misc":{"Prix":"&#36;235.00","Disponibilit\u00e9":"En stock"},"schema":{"@context":"https:\/\/schema.org","@graph":[{"@type":["WebPage","ItemPage"],"@id":"https:\/\/staging.belleflamme.ca\/fr\/produit\/telecommande-pour-foyer-4-boutons-sky-1001th-h-de-skytech\/","url":"https:\/\/staging.belleflamme.ca\/fr\/produit\/telecommande-pour-foyer-4-boutons-sky-1001th-h-de-skytech\/","name":"T\u00e9l\u00e9commande pour foyer 4 boutons SKY-1001TH-H de Skytech - Groupe BelleFlamme","isPartOf":{"@id":"https:\/\/www.belleflamme.ca\/fr\/#website"},"primaryImageOfPage":{"@id":"https:\/\/staging.belleflamme.ca\/fr\/produit\/telecommande-pour-foyer-4-boutons-sky-1001th-h-de-skytech\/#primaryimage"},"image":{"@id":"https:\/\/staging.belleflamme.ca\/fr\/produit\/telecommande-pour-foyer-4-boutons-sky-1001th-h-de-skytech\/#primaryimage"},"thumbnailUrl":"https:\/\/staging.belleflamme.ca\/wp-content\/uploads\/2024\/01\/sky-1001th-a.jpg","datePublished":"2024-01-15T14:27:33+00:00","dateModified":"2024-01-18T14:57:52+00:00","description":"T\u00e9l\u00e9commande pour foyer 4 boutons SKY-1001TH-H de Skytech","breadcrumb":{"@id":"https:\/\/staging.belleflamme.ca\/fr\/produit\/telecommande-pour-foyer-4-boutons-sky-1001th-h-de-skytech\/#breadcrumb"},"inLanguage":"fr-FR","potentialAction":[{"@type":"ReadAction","target":["https:\/\/staging.belleflamme.ca\/fr\/produit\/telecommande-pour-foyer-4-boutons-sky-1001th-h-de-skytech\/"]}]},{"@type":"ImageObject","inLanguage":"fr-FR","@id":"https:\/\/staging.belleflamme.ca\/fr\/produit\/telecommande-pour-foyer-4-boutons-sky-1001th-h-de-skytech\/#primaryimage","url":"https:\/\/staging.belleflamme.ca\/wp-content\/uploads\/2024\/01\/sky-1001th-a.jpg","contentUrl":"https:\/\/staging.belleflamme.ca\/wp-content\/uploads\/2024\/01\/sky-1001th-a.jpg","width":700,"height":700,"caption":"T\u00e9l\u00e9commande pour foyer 4 boutons SKY-1001TH-H de Skytech"},{"@type":"BreadcrumbList","@id":"https:\/\/staging.belleflamme.ca\/fr\/produit\/telecommande-pour-foyer-4-boutons-sky-1001th-h-de-skytech\/#breadcrumb","itemListElement":[{"@type":"ListItem","position":1,"name":"Accueil","item":"https:\/\/www.belleflamme.ca\/fr\/"},{"@type":"ListItem","position":2,"name":"Boutique","item":"https:\/\/www.belleflamme.ca\/fr\/boutique\/"},{"@type":"ListItem","position":3,"name":"Chemin\u00e9es, Pi\u00e8ces &amp; Accessoires","item":"https:\/\/staging.belleflamme.ca\/fr\/categories\/cheminees-pieces-accessoires\/"},{"@type":"ListItem","position":4,"name":"Contr\u00f4le et T\u00e9l\u00e9commande","item":"https:\/\/staging.belleflamme.ca\/fr\/categories\/cheminees-pieces-accessoires\/controle-et-telecommande\/"},{"@type":"ListItem","position":5,"name":"T\u00e9l\u00e9commande pour foyer 4 boutons SKY-1001TH-H de Skytech"}]},{"@type":"WebSite","@id":"https:\/\/www.belleflamme.ca\/fr\/#website","url":"https:\/\/www.belleflamme.ca\/fr\/","name":"Groupe Belleflamme","description":"La m\u00e9canique du b\u00e2timent dans le sang.","publisher":{"@id":"https:\/\/www.belleflamme.ca\/fr\/#organization"},"potentialAction":[{"@type":"SearchAction","target":{"@type":"EntryPoint","urlTemplate":"https:\/\/www.belleflamme.ca\/fr\/?s={search_term_string}"},"query-input":{"@type":"PropertyValueSpecification","valueRequired":true,"valueName":"search_term_string"}}],"inLanguage":"fr-FR"},{"@type":["Organization","Place"],"@id":"https:\/\/www.belleflamme.ca\/fr\/#organization","name":"Groupe Belleflamme","alternateName":"Belleflamme","url":"https:\/\/www.belleflamme.ca\/fr\/","logo":{"@type":"ImageObject","inLanguage":"fr-FR","@id":"https:\/\/www.belleflamme.ca\/fr\/#\/schema\/logo\/image\/","url":"https:\/\/staging.belleflamme.ca\/wp-content\/uploads\/2023\/01\/og-image.jpg","contentUrl":"https:\/\/staging.belleflamme.ca\/wp-content\/uploads\/2023\/01\/og-image.jpg","width":1200,"height":630,"caption":"Groupe Belleflamme"},"image":{"@id":"https:\/\/www.belleflamme.ca\/fr\/#\/schema\/logo\/image\/"},"sameAs":["https:\/\/www.facebook.com\/belleflamme.ca\/","https:\/\/www.linkedin.com\/company\/belleflamme\/","https:\/\/www.pinterest.ca\/groupebelleflamme\/","https:\/\/www.instagram.com\/legroupebelleflamme\/"],"mainEntityOfPage":{"@id":"https:\/\/staging.belleflamme.ca\/fr\/produit\/telecommande-pour-foyer-4-boutons-sky-1001th-h-de-skytech\/"}}]},"product_brand":"Skytech","product_price_amount":"235.00","product_price_currency":"CAD","og_availability":"instock","product_availability":"instock","product_retailer_item_id":"SKY-1001TH-H","product_condition":"new"},"_links":{"self":[{"href":"https:\/\/staging.belleflamme.ca\/fr\/wp-json\/wp\/v2\/product\/25741","targetHints":{"allow":["GET"]}}],"collection":[{"href":"https:\/\/staging.belleflamme.ca\/fr\/wp-json\/wp\/v2\/product"}],"about":[{"href":"https:\/\/staging.belleflamme.ca\/fr\/wp-json\/wp\/v2\/types\/product"}],"version-history":[{"count":5,"href":"https:\/\/staging.belleflamme.ca\/fr\/wp-json\/wp\/v2\/product\/25741\/revisions"}],"predecessor-version":[{"id":27163,"href":"https:\/\/staging.belleflamme.ca\/fr\/wp-json\/wp\/v2\/product\/25741\/revisions\/27163"}],"wp:featuredmedia":[{"embeddable":true,"href":"https:\/\/staging.belleflamme.ca\/fr\/wp-json\/wp\/v2\/media\/25742"}],"wp:attachment":[{"href":"https:\/\/staging.belleflamme.ca\/fr\/wp-json\/wp\/v2\/media?parent=25741"}],"wp:term":[{"taxonomy":"product_brand","embeddable":true,"href":"https:\/\/staging.belleflamme.ca\/fr\/wp-json\/wp\/v2\/product_brand?post=25741"},{"taxonomy":"product_cat","embeddable":true,"href":"https:\/\/staging.belleflamme.ca\/fr\/wp-json\/wp\/v2\/product_cat?post=25741"},{"taxonomy":"product_tag","embeddable":true,"href":"https:\/\/staging.belleflamme.ca\/fr\/wp-json\/wp\/v2\/product_tag?post=25741"}],"curies":[{"name":"wp","href":"https:\/\/api.w.org\/{rel}","templated":true}]}}