{"id":25538,"date":"2024-01-12T21:53:20","date_gmt":"2024-01-13T02:53:20","guid":{"rendered":"https:\/\/www.belleflamme.ca\/?post_type=product&#038;p=25538"},"modified":"2024-11-21T10:59:32","modified_gmt":"2024-11-21T15:59:32","slug":"foyer-au-bois-astra-24-td-de-supreme","status":"publish","type":"product","link":"https:\/\/staging.belleflamme.ca\/fr\/produit\/foyer-au-bois-astra-24-td-de-supreme\/","title":{"rendered":"Foyer au bois Astra 24 de Supreme"},"content":{"rendered":"\t\t<div data-elementor-type=\"product-post\" data-elementor-id=\"25538\" class=\"elementor elementor-25538\" data-elementor-post-type=\"product\">\n\t\t\t\t\t\t<section class=\"elementor-section elementor-top-section elementor-element elementor-element-3b4b0462 elementor-section-boxed elementor-section-height-default elementor-section-height-default\" data-id=\"3b4b0462\" data-element_type=\"section\">\n\t\t\t\t\t\t<div class=\"elementor-container elementor-column-gap-default\">\n\t\t\t\t\t<div class=\"elementor-column elementor-col-100 elementor-top-column elementor-element elementor-element-6207db3c\" data-id=\"6207db3c\" data-element_type=\"column\">\n\t\t\t<div class=\"elementor-widget-wrap elementor-element-populated\">\n\t\t\t\t\t\t<div class=\"elementor-element elementor-element-50824afe elementor-widget elementor-widget-text-editor\" data-id=\"50824afe\" data-element_type=\"widget\" data-widget_type=\"text-editor.default\">\n\t\t\t\t<div class=\"elementor-widget-container\">\n\t\t\t\t\t\t\t\t\t<iframe width=\"560\" height=\"315\" src=\"https:\/\/www.youtube.com\/embed\/UwLNHEAXRjk?si=ir55Danz_d3PxfVY\" title=\"YouTube video player\" frameborder=\"0\" allow=\"accelerometer; autoplay; clipboard-write; encrypted-media; gyroscope; picture-in-picture; web-share\" referrerpolicy=\"strict-origin-when-cross-origin\" allowfullscreen><\/iframe>\n\n<strong>Disponible dans 2 style Traditionnel et Contemporain<\/strong>\n\nL&#8217;Astra 24 compact allie polyvalence pratique et fonctionnalit\u00e9 luxueuse.\u00a0Il est parfait pour les espaces limit\u00e9s et peut souvent s\u2019ins\u00e9rer dans les cavit\u00e9s murales existantes, minimisant ainsi le besoin de r\u00e9novations importantes.\u00a0Pourtant, avec une grande zone de visualisation et la capacit\u00e9 d&#8217;accueillir des b\u00fbches jusqu&#8217;\u00e0 23 pouces, l&#8217;Astra constitue une pi\u00e8ce ma\u00eetresse efficace et frappante dans n&#8217;importe quelle pi\u00e8ce.\n<div class=\"row\">\n<div class=\"col-lg-12 techspec_title\">\n<h3 class=\"orange\">SP\u00c9CIFICATIONS TECHNIQUES TRADITIONNEL<\/h3>\n<\/div>\n<\/div>\n<div class=\"row\">\n<div class=\"col-lg-12\">\n<table class=\"table-specifications\">\n<tbody>\n<tr>\n<td><b>Superficie chauff\u00e9e:<\/b><\/td>\n<td>500 \u00e0 1 500 pieds carr\u00e9s<\/td>\n<\/tr>\n<tr>\n<td><b>Puissance calorifique totale:<\/b><\/td>\n<td>75 000 BTUs<\/td>\n<\/tr>\n<tr>\n<td><b>Dur\u00e9e de combustion:<\/b><\/td>\n<td>5 \u00e0 10 heures<\/td>\n<\/tr>\n<tr>\n<td><b>Grandeur de la chambre \u00e0 combustion:<\/b><\/td>\n<td>2,4 cpieds cubes<\/td>\n<\/tr>\n<tr>\n<td><b>Chemin\u00e9e:<\/b><\/td>\n<td>6 pouces (veuillez vous r\u00e9f\u00e9rer au manuel d\u2019utilisation pour la liste compl\u00e8te)<\/td>\n<\/tr>\n<tr>\n<td><b>Longueur des b\u00fbches:<\/b><\/td>\n<td>Maximum: 23&#8243; Recommand\u00e9e: 18&#8243;<\/td>\n<\/tr>\n<tr>\n<td><b>\u00c9missions:<\/b><\/td>\n<td>1,8 g\/h<\/td>\n<\/tr>\n<tr>\n<td><b>Dimensions de la vitre:<\/b><\/td>\n<td>24\u201d x 13\u00bd\u201c<\/td>\n<\/tr>\n<\/tbody>\n<\/table>\n<div class=\"row\">\n<div class=\"col-lg-12 techspec_title\">\n<h3 class=\"orange\">P\u00c9CIFICATIONS TECHNIQUESS CONTEMPORAIN<\/h3>\n<\/div>\n<\/div>\n<div class=\"row\">\n<div class=\"col-lg-12\">\n<table class=\"table-specifications\">\n<tbody>\n<tr>\n<td><b>Superficie chauff\u00e9e:<\/b><\/td>\n<td>500 \u00e0 1 500 pieds carr\u00e9s<\/td>\n<\/tr>\n<tr>\n<td><b>Puissance calorifique totale:<\/b><\/td>\n<td>75 000 BTUs<\/td>\n<\/tr>\n<tr>\n<td><b>Dur\u00e9e de combustion:<\/b><\/td>\n<td>5 \u00e0 10 heures<\/td>\n<\/tr>\n<tr>\n<td><b>Grandeur de la chambre \u00e0 combustion:<\/b><\/td>\n<td>2,4 cpieds cubes<\/td>\n<\/tr>\n<tr>\n<td><b>Chemin\u00e9e:<\/b><\/td>\n<td>6 pouces (veuillez vous r\u00e9f\u00e9rer au manuel d\u2019utilisation pour la liste compl\u00e8te)<\/td>\n<\/tr>\n<tr>\n<td><b>Longueur des b\u00fbches:<\/b><\/td>\n<td>Maximum: 23&#8243; Recommand\u00e9e: 18&#8243;<\/td>\n<\/tr>\n<tr>\n<td><b>\u00c9missions:<\/b><\/td>\n<td>1,8 g\/h<\/td>\n<\/tr>\n<tr>\n<td><b>Dimensions de la vitre:<\/b><\/td>\n<td>24\u201d x 13\u00bd\u201c<\/td>\n<\/tr>\n<\/tbody>\n<\/table>\n<\/div>\n<div class=\"col-lg-12 techspec_title\">\n<h3 class=\"orange\">DIMENSIONS TRADITIONNEL<\/h3>\n<\/div>\n<img fetchpriority=\"high\" decoding=\"async\" class=\"img-responsive center-block\" src=\"https:\/\/www.supremem.com\/images\/dimensions\/astra_24td_dim.png\" alt=\"\" width=\"1500\" height=\"950\" \/>\n<div class=\"col-lg-12 techspec_title\">\n<h3 class=\"orange\">DIMENSIONS CONTEMPORAIN<\/h3>\n<\/div>\n<img decoding=\"async\" class=\"img-responsive center-block\" src=\"https:\/\/www.supremem.com\/images\/dimensions\/astra_24cf_dim.png\" alt=\"\" width=\"1500\" height=\"950\" \/>\n\n<\/div>\n<\/div>\n<\/div>\t\t\t\t\t\t\t\t<\/div>\n\t\t\t\t<\/div>\n\t\t\t\t\t<\/div>\n\t\t<\/div>\n\t\t\t\t\t<\/div>\n\t\t<\/section>\n\t\t\t\t<section class=\"elementor-section elementor-top-section elementor-element elementor-element-97d8dd7 elementor-section-boxed elementor-section-height-default elementor-section-height-default\" data-id=\"97d8dd7\" data-element_type=\"section\">\n\t\t\t\t\t\t<div class=\"elementor-container elementor-column-gap-default\">\n\t\t\t\t\t<div class=\"elementor-column elementor-col-100 elementor-top-column elementor-element elementor-element-7f32b88\" data-id=\"7f32b88\" data-element_type=\"column\">\n\t\t\t<div class=\"elementor-widget-wrap elementor-element-populated\">\n\t\t\t\t\t\t<div class=\"elementor-element elementor-element-1445146 elementor-tabs-view-horizontal elementor-widget elementor-widget-tabs\" data-id=\"1445146\" data-element_type=\"widget\" data-widget_type=\"tabs.default\">\n\t\t\t\t<div class=\"elementor-widget-container\">\n\t\t\t\t\t\t\t<div class=\"elementor-tabs\">\n\t\t\t<div class=\"elementor-tabs-wrapper\" role=\"tablist\" >\n\t\t\t\t\t\t\t\t\t<div id=\"elementor-tab-title-2121\" class=\"elementor-tab-title elementor-tab-desktop-title\" aria-selected=\"true\" data-tab=\"1\" role=\"tab\" tabindex=\"0\" aria-controls=\"elementor-tab-content-2121\" aria-expanded=\"false\">Fichiers<\/div>\n\t\t\t\t\t\t\t<\/div>\n\t\t\t<div class=\"elementor-tabs-content-wrapper\" role=\"tablist\" aria-orientation=\"vertical\">\n\t\t\t\t\t\t\t\t\t<div class=\"elementor-tab-title elementor-tab-mobile-title\" aria-selected=\"true\" data-tab=\"1\" role=\"tab\" tabindex=\"0\" aria-controls=\"elementor-tab-content-2121\" aria-expanded=\"false\">Fichiers<\/div>\n\t\t\t\t\t<div id=\"elementor-tab-content-2121\" class=\"elementor-tab-content elementor-clearfix\" data-tab=\"1\" role=\"tabpanel\" aria-labelledby=\"elementor-tab-title-2121\" tabindex=\"0\" hidden=\"false\"><i class=\"far fa-file-pdf fa-xl\" style=\"font-size:35px\"><\/i><a href=\"https:\/\/www.belleflamme.ca\/wp-content\/uploads\/2024\/01\/Astra_brochure_2023_Fr_web.pdf\"> Brochure<\/a><\/br>\n<i class=\"far fa-file-pdf fa-xl\" style=\"font-size:35px\"><\/i><a href=\"https:\/\/www.belleflamme.ca\/wp-content\/uploads\/2024\/01\/Astra-24SFC_FR_OM_JUN22.pdf\"> Manuel<\/a><\/br>\n<\/div>\n\t\t\t\t\t\t\t<\/div>\n\t\t<\/div>\n\t\t\t\t\t\t<\/div>\n\t\t\t\t<\/div>\n\t\t\t\t\t<\/div>\n\t\t<\/div>\n\t\t\t\t\t<\/div>\n\t\t<\/section>\n\t\t\t\t<\/div>\n\t\t","protected":false},"excerpt":{"rendered":"<p>Disponible dans 2 style Traditionnel et Contemporain L&#8217;Astra 24 compact allie polyvalence pratique et fonctionnalit\u00e9 luxueuse.\u00a0Il est parfait pour les espaces limit\u00e9s et peut souvent s\u2019ins\u00e9rer dans les cavit\u00e9s murales existantes, minimisant ainsi le besoin de r\u00e9novations importantes.\u00a0Pourtant, avec une grande zone de visualisation et la capacit\u00e9 d&#8217;accueillir des b\u00fbches jusqu&#8217;\u00e0 23 pouces, l&#8217;Astra constitue [&hellip;]<\/p>\n","protected":false},"featured_media":25539,"template":"","meta":{"inline_featured_image":false},"product_brand":[224],"product_cat":[33,34,40],"product_tag":[],"class_list":{"0":"post-25538","1":"product","2":"type-product","3":"status-publish","4":"has-post-thumbnail","6":"product_brand-supreme","7":"product_cat-poeles-et-foyers","8":"product_cat-poeles-et-foyers-au-bois","9":"product_cat-foyer-au-bois","11":"first","12":"instock","13":"taxable","14":"shipping-taxable","15":"purchasable","16":"product-type-simple"},"yoast_head":"<!-- This site is optimized with the Yoast SEO Premium plugin v24.2 (Yoast SEO v24.2) - https:\/\/yoast.com\/wordpress\/plugins\/seo\/ -->\n<title>Foyer au bois Astra 24 de Supreme - Groupe BelleFlamme<\/title>\n<meta name=\"description\" content=\"Foyer au bois Astra 24 TD de Supreme\" \/>\n<meta name=\"robots\" content=\"index, follow, max-snippet:-1, max-image-preview:large, max-video-preview:-1\" \/>\n<link rel=\"canonical\" href=\"https:\/\/staging.belleflamme.ca\/fr\/produit\/foyer-au-bois-astra-24-td-de-supreme\/\" \/>\n<meta property=\"og:locale\" content=\"fr_FR\" \/>\n<meta property=\"og:type\" content=\"article\" \/>\n<meta property=\"og:title\" content=\"Foyer au bois Astra 24 de Supreme\" \/>\n<meta property=\"og:description\" content=\"Foyer au bois Astra 24 TD de Supreme\" \/>\n<meta property=\"og:url\" content=\"https:\/\/staging.belleflamme.ca\/fr\/produit\/foyer-au-bois-astra-24-td-de-supreme\/\" \/>\n<meta property=\"og:site_name\" content=\"Groupe BelleFlamme\" \/>\n<meta property=\"article:publisher\" content=\"https:\/\/www.facebook.com\/belleflamme.ca\/\" \/>\n<meta property=\"article:modified_time\" content=\"2024-11-21T15:59:32+00:00\" \/>\n<meta property=\"og:image\" content=\"https:\/\/www.belleflamme.ca\/wp-content\/uploads\/2024\/01\/Foyer-au-bois-Astra-24-TD-de-Supreme-scaled.jpg\" \/>\n\t<meta property=\"og:image:width\" content=\"2560\" \/>\n\t<meta property=\"og:image:height\" content=\"1440\" \/>\n\t<meta property=\"og:image:type\" content=\"image\/jpeg\" \/>\n<meta name=\"twitter:card\" content=\"summary_large_image\" \/>\n<meta name=\"twitter:label1\" content=\"Prix\" \/>\n\t<meta name=\"twitter:data1\" content=\"&#036;4,295.00\" \/>\n\t<meta name=\"twitter:label2\" content=\"Disponibilit\u00e9\" \/>\n\t<meta name=\"twitter:data2\" content=\"En stock\" \/>\n<script type=\"application\/ld+json\" class=\"yoast-schema-graph\">{\"@context\":\"https:\/\/schema.org\",\"@graph\":[{\"@type\":[\"WebPage\",\"ItemPage\"],\"@id\":\"https:\/\/staging.belleflamme.ca\/fr\/produit\/foyer-au-bois-astra-24-td-de-supreme\/\",\"url\":\"https:\/\/staging.belleflamme.ca\/fr\/produit\/foyer-au-bois-astra-24-td-de-supreme\/\",\"name\":\"Foyer au bois Astra 24 de Supreme - Groupe BelleFlamme\",\"isPartOf\":{\"@id\":\"https:\/\/www.belleflamme.ca\/fr\/#website\"},\"primaryImageOfPage\":{\"@id\":\"https:\/\/staging.belleflamme.ca\/fr\/produit\/foyer-au-bois-astra-24-td-de-supreme\/#primaryimage\"},\"image\":{\"@id\":\"https:\/\/staging.belleflamme.ca\/fr\/produit\/foyer-au-bois-astra-24-td-de-supreme\/#primaryimage\"},\"thumbnailUrl\":\"https:\/\/staging.belleflamme.ca\/wp-content\/uploads\/2024\/01\/Foyer-au-bois-Astra-24-TD-de-Supreme-scaled.jpg\",\"datePublished\":\"2024-01-13T02:53:20+00:00\",\"dateModified\":\"2024-11-21T15:59:32+00:00\",\"description\":\"Foyer au bois Astra 24 TD de Supreme\",\"breadcrumb\":{\"@id\":\"https:\/\/staging.belleflamme.ca\/fr\/produit\/foyer-au-bois-astra-24-td-de-supreme\/#breadcrumb\"},\"inLanguage\":\"fr-FR\",\"potentialAction\":[{\"@type\":\"ReadAction\",\"target\":[\"https:\/\/staging.belleflamme.ca\/fr\/produit\/foyer-au-bois-astra-24-td-de-supreme\/\"]}]},{\"@type\":\"ImageObject\",\"inLanguage\":\"fr-FR\",\"@id\":\"https:\/\/staging.belleflamme.ca\/fr\/produit\/foyer-au-bois-astra-24-td-de-supreme\/#primaryimage\",\"url\":\"https:\/\/staging.belleflamme.ca\/wp-content\/uploads\/2024\/01\/Foyer-au-bois-Astra-24-TD-de-Supreme-scaled.jpg\",\"contentUrl\":\"https:\/\/staging.belleflamme.ca\/wp-content\/uploads\/2024\/01\/Foyer-au-bois-Astra-24-TD-de-Supreme-scaled.jpg\",\"width\":2560,\"height\":1440,\"caption\":\"Foyer au bois Astra 24 TD de Supreme\"},{\"@type\":\"BreadcrumbList\",\"@id\":\"https:\/\/staging.belleflamme.ca\/fr\/produit\/foyer-au-bois-astra-24-td-de-supreme\/#breadcrumb\",\"itemListElement\":[{\"@type\":\"ListItem\",\"position\":1,\"name\":\"Accueil\",\"item\":\"https:\/\/www.belleflamme.ca\/fr\/\"},{\"@type\":\"ListItem\",\"position\":2,\"name\":\"Boutique\",\"item\":\"https:\/\/www.belleflamme.ca\/fr\/boutique\/\"},{\"@type\":\"ListItem\",\"position\":3,\"name\":\"Po\u00eales &amp; Foyers\",\"item\":\"https:\/\/staging.belleflamme.ca\/fr\/categories\/poeles-et-foyers\/\"},{\"@type\":\"ListItem\",\"position\":4,\"name\":\"Po\u00eales &amp; Foyers au Bois\",\"item\":\"https:\/\/staging.belleflamme.ca\/fr\/categories\/poeles-et-foyers\/poeles-et-foyers-au-bois\/\"},{\"@type\":\"ListItem\",\"position\":5,\"name\":\"Foyer au Bois\",\"item\":\"https:\/\/staging.belleflamme.ca\/fr\/categories\/poeles-et-foyers\/poeles-et-foyers-au-bois\/foyer-au-bois\/\"},{\"@type\":\"ListItem\",\"position\":6,\"name\":\"Foyer au bois Astra 24 de Supreme\"}]},{\"@type\":\"WebSite\",\"@id\":\"https:\/\/www.belleflamme.ca\/fr\/#website\",\"url\":\"https:\/\/www.belleflamme.ca\/fr\/\",\"name\":\"Groupe Belleflamme\",\"description\":\"La m\u00e9canique du b\u00e2timent dans le sang.\",\"publisher\":{\"@id\":\"https:\/\/www.belleflamme.ca\/fr\/#organization\"},\"potentialAction\":[{\"@type\":\"SearchAction\",\"target\":{\"@type\":\"EntryPoint\",\"urlTemplate\":\"https:\/\/www.belleflamme.ca\/fr\/?s={search_term_string}\"},\"query-input\":{\"@type\":\"PropertyValueSpecification\",\"valueRequired\":true,\"valueName\":\"search_term_string\"}}],\"inLanguage\":\"fr-FR\"},{\"@type\":[\"Organization\",\"Place\"],\"@id\":\"https:\/\/www.belleflamme.ca\/fr\/#organization\",\"name\":\"Groupe Belleflamme\",\"alternateName\":\"Belleflamme\",\"url\":\"https:\/\/www.belleflamme.ca\/fr\/\",\"logo\":{\"@type\":\"ImageObject\",\"inLanguage\":\"fr-FR\",\"@id\":\"https:\/\/www.belleflamme.ca\/fr\/#\/schema\/logo\/image\/\",\"url\":\"https:\/\/staging.belleflamme.ca\/wp-content\/uploads\/2023\/01\/og-image.jpg\",\"contentUrl\":\"https:\/\/staging.belleflamme.ca\/wp-content\/uploads\/2023\/01\/og-image.jpg\",\"width\":1200,\"height\":630,\"caption\":\"Groupe Belleflamme\"},\"image\":{\"@id\":\"https:\/\/www.belleflamme.ca\/fr\/#\/schema\/logo\/image\/\"},\"sameAs\":[\"https:\/\/www.facebook.com\/belleflamme.ca\/\",\"https:\/\/www.linkedin.com\/company\/belleflamme\/\",\"https:\/\/www.pinterest.ca\/groupebelleflamme\/\",\"https:\/\/www.instagram.com\/legroupebelleflamme\/\"],\"mainEntityOfPage\":{\"@id\":\"https:\/\/staging.belleflamme.ca\/fr\/produit\/foyer-au-bois-astra-24-td-de-supreme\/\"}}]}<\/script>\n<meta property=\"product:brand\" content=\"Supreme\" \/>\n<meta property=\"product:price:amount\" content=\"4295.00\" \/>\n<meta property=\"product:price:currency\" content=\"CAD\" \/>\n<meta property=\"og:availability\" content=\"instock\" \/>\n<meta property=\"product:availability\" content=\"instock\" \/>\n<meta property=\"product:retailer_item_id\" content=\"24AT-01\" \/>\n<meta property=\"product:condition\" content=\"new\" \/>\n<!-- \/ Yoast SEO Premium plugin. -->","yoast_head_json":{"title":"Foyer au bois Astra 24 de Supreme - Groupe BelleFlamme","description":"Foyer au bois Astra 24 TD de Supreme","robots":{"index":"index","follow":"follow","max-snippet":"max-snippet:-1","max-image-preview":"max-image-preview:large","max-video-preview":"max-video-preview:-1"},"canonical":"https:\/\/staging.belleflamme.ca\/fr\/produit\/foyer-au-bois-astra-24-td-de-supreme\/","og_locale":"fr_FR","og_type":"article","og_title":"Foyer au bois Astra 24 de Supreme","og_description":"Foyer au bois Astra 24 TD de Supreme","og_url":"https:\/\/staging.belleflamme.ca\/fr\/produit\/foyer-au-bois-astra-24-td-de-supreme\/","og_site_name":"Groupe BelleFlamme","article_publisher":"https:\/\/www.facebook.com\/belleflamme.ca\/","article_modified_time":"2024-11-21T15:59:32+00:00","og_image":[{"width":2560,"height":1440,"url":"https:\/\/www.belleflamme.ca\/wp-content\/uploads\/2024\/01\/Foyer-au-bois-Astra-24-TD-de-Supreme-scaled.jpg","type":"image\/jpeg"}],"twitter_card":"summary_large_image","twitter_misc":{"Prix":"&#36;4,295.00","Disponibilit\u00e9":"En stock"},"schema":{"@context":"https:\/\/schema.org","@graph":[{"@type":["WebPage","ItemPage"],"@id":"https:\/\/staging.belleflamme.ca\/fr\/produit\/foyer-au-bois-astra-24-td-de-supreme\/","url":"https:\/\/staging.belleflamme.ca\/fr\/produit\/foyer-au-bois-astra-24-td-de-supreme\/","name":"Foyer au bois Astra 24 de Supreme - Groupe BelleFlamme","isPartOf":{"@id":"https:\/\/www.belleflamme.ca\/fr\/#website"},"primaryImageOfPage":{"@id":"https:\/\/staging.belleflamme.ca\/fr\/produit\/foyer-au-bois-astra-24-td-de-supreme\/#primaryimage"},"image":{"@id":"https:\/\/staging.belleflamme.ca\/fr\/produit\/foyer-au-bois-astra-24-td-de-supreme\/#primaryimage"},"thumbnailUrl":"https:\/\/staging.belleflamme.ca\/wp-content\/uploads\/2024\/01\/Foyer-au-bois-Astra-24-TD-de-Supreme-scaled.jpg","datePublished":"2024-01-13T02:53:20+00:00","dateModified":"2024-11-21T15:59:32+00:00","description":"Foyer au bois Astra 24 TD de Supreme","breadcrumb":{"@id":"https:\/\/staging.belleflamme.ca\/fr\/produit\/foyer-au-bois-astra-24-td-de-supreme\/#breadcrumb"},"inLanguage":"fr-FR","potentialAction":[{"@type":"ReadAction","target":["https:\/\/staging.belleflamme.ca\/fr\/produit\/foyer-au-bois-astra-24-td-de-supreme\/"]}]},{"@type":"ImageObject","inLanguage":"fr-FR","@id":"https:\/\/staging.belleflamme.ca\/fr\/produit\/foyer-au-bois-astra-24-td-de-supreme\/#primaryimage","url":"https:\/\/staging.belleflamme.ca\/wp-content\/uploads\/2024\/01\/Foyer-au-bois-Astra-24-TD-de-Supreme-scaled.jpg","contentUrl":"https:\/\/staging.belleflamme.ca\/wp-content\/uploads\/2024\/01\/Foyer-au-bois-Astra-24-TD-de-Supreme-scaled.jpg","width":2560,"height":1440,"caption":"Foyer au bois Astra 24 TD de Supreme"},{"@type":"BreadcrumbList","@id":"https:\/\/staging.belleflamme.ca\/fr\/produit\/foyer-au-bois-astra-24-td-de-supreme\/#breadcrumb","itemListElement":[{"@type":"ListItem","position":1,"name":"Accueil","item":"https:\/\/www.belleflamme.ca\/fr\/"},{"@type":"ListItem","position":2,"name":"Boutique","item":"https:\/\/www.belleflamme.ca\/fr\/boutique\/"},{"@type":"ListItem","position":3,"name":"Po\u00eales &amp; Foyers","item":"https:\/\/staging.belleflamme.ca\/fr\/categories\/poeles-et-foyers\/"},{"@type":"ListItem","position":4,"name":"Po\u00eales &amp; Foyers au Bois","item":"https:\/\/staging.belleflamme.ca\/fr\/categories\/poeles-et-foyers\/poeles-et-foyers-au-bois\/"},{"@type":"ListItem","position":5,"name":"Foyer au Bois","item":"https:\/\/staging.belleflamme.ca\/fr\/categories\/poeles-et-foyers\/poeles-et-foyers-au-bois\/foyer-au-bois\/"},{"@type":"ListItem","position":6,"name":"Foyer au bois Astra 24 de Supreme"}]},{"@type":"WebSite","@id":"https:\/\/www.belleflamme.ca\/fr\/#website","url":"https:\/\/www.belleflamme.ca\/fr\/","name":"Groupe Belleflamme","description":"La m\u00e9canique du b\u00e2timent dans le sang.","publisher":{"@id":"https:\/\/www.belleflamme.ca\/fr\/#organization"},"potentialAction":[{"@type":"SearchAction","target":{"@type":"EntryPoint","urlTemplate":"https:\/\/www.belleflamme.ca\/fr\/?s={search_term_string}"},"query-input":{"@type":"PropertyValueSpecification","valueRequired":true,"valueName":"search_term_string"}}],"inLanguage":"fr-FR"},{"@type":["Organization","Place"],"@id":"https:\/\/www.belleflamme.ca\/fr\/#organization","name":"Groupe Belleflamme","alternateName":"Belleflamme","url":"https:\/\/www.belleflamme.ca\/fr\/","logo":{"@type":"ImageObject","inLanguage":"fr-FR","@id":"https:\/\/www.belleflamme.ca\/fr\/#\/schema\/logo\/image\/","url":"https:\/\/staging.belleflamme.ca\/wp-content\/uploads\/2023\/01\/og-image.jpg","contentUrl":"https:\/\/staging.belleflamme.ca\/wp-content\/uploads\/2023\/01\/og-image.jpg","width":1200,"height":630,"caption":"Groupe Belleflamme"},"image":{"@id":"https:\/\/www.belleflamme.ca\/fr\/#\/schema\/logo\/image\/"},"sameAs":["https:\/\/www.facebook.com\/belleflamme.ca\/","https:\/\/www.linkedin.com\/company\/belleflamme\/","https:\/\/www.pinterest.ca\/groupebelleflamme\/","https:\/\/www.instagram.com\/legroupebelleflamme\/"],"mainEntityOfPage":{"@id":"https:\/\/staging.belleflamme.ca\/fr\/produit\/foyer-au-bois-astra-24-td-de-supreme\/"}}]},"product_brand":"Supreme","product_price_amount":"4295.00","product_price_currency":"CAD","og_availability":"instock","product_availability":"instock","product_retailer_item_id":"24AT-01","product_condition":"new"},"_links":{"self":[{"href":"https:\/\/staging.belleflamme.ca\/fr\/wp-json\/wp\/v2\/product\/25538","targetHints":{"allow":["GET"]}}],"collection":[{"href":"https:\/\/staging.belleflamme.ca\/fr\/wp-json\/wp\/v2\/product"}],"about":[{"href":"https:\/\/staging.belleflamme.ca\/fr\/wp-json\/wp\/v2\/types\/product"}],"version-history":[{"count":14,"href":"https:\/\/staging.belleflamme.ca\/fr\/wp-json\/wp\/v2\/product\/25538\/revisions"}],"predecessor-version":[{"id":43835,"href":"https:\/\/staging.belleflamme.ca\/fr\/wp-json\/wp\/v2\/product\/25538\/revisions\/43835"}],"wp:featuredmedia":[{"embeddable":true,"href":"https:\/\/staging.belleflamme.ca\/fr\/wp-json\/wp\/v2\/media\/25539"}],"wp:attachment":[{"href":"https:\/\/staging.belleflamme.ca\/fr\/wp-json\/wp\/v2\/media?parent=25538"}],"wp:term":[{"taxonomy":"product_brand","embeddable":true,"href":"https:\/\/staging.belleflamme.ca\/fr\/wp-json\/wp\/v2\/product_brand?post=25538"},{"taxonomy":"product_cat","embeddable":true,"href":"https:\/\/staging.belleflamme.ca\/fr\/wp-json\/wp\/v2\/product_cat?post=25538"},{"taxonomy":"product_tag","embeddable":true,"href":"https:\/\/staging.belleflamme.ca\/fr\/wp-json\/wp\/v2\/product_tag?post=25538"}],"curies":[{"name":"wp","href":"https:\/\/api.w.org\/{rel}","templated":true}]}}