{"id":25494,"date":"2024-01-12T21:01:59","date_gmt":"2024-01-13T02:01:59","guid":{"rendered":"https:\/\/www.belleflamme.ca\/?post_type=product&#038;p=25494"},"modified":"2024-11-21T11:46:18","modified_gmt":"2024-11-21T16:46:18","slug":"foyer-au-bois-encastrable-lumis-32-de-supreme","status":"publish","type":"product","link":"https:\/\/staging.belleflamme.ca\/fr\/produit\/foyer-au-bois-encastrable-lumis-32-de-supreme\/","title":{"rendered":"Foyer au Bois Encastrable LUMIS 32 de Supreme"},"content":{"rendered":"\t\t<div data-elementor-type=\"product-post\" data-elementor-id=\"25494\" class=\"elementor elementor-25494\" data-elementor-post-type=\"product\">\n\t\t\t\t\t\t<section class=\"elementor-section elementor-top-section elementor-element elementor-element-41d1e98a elementor-section-boxed elementor-section-height-default elementor-section-height-default\" data-id=\"41d1e98a\" data-element_type=\"section\">\n\t\t\t\t\t\t<div class=\"elementor-container elementor-column-gap-default\">\n\t\t\t\t\t<div class=\"elementor-column elementor-col-100 elementor-top-column elementor-element elementor-element-6ff823e8\" data-id=\"6ff823e8\" data-element_type=\"column\">\n\t\t\t<div class=\"elementor-widget-wrap elementor-element-populated\">\n\t\t\t\t\t\t<div class=\"elementor-element elementor-element-36241227 elementor-widget elementor-widget-text-editor\" data-id=\"36241227\" data-element_type=\"widget\" data-widget_type=\"text-editor.default\">\n\t\t\t\t<div class=\"elementor-widget-container\">\n\t\t\t\t\t\t\t\t\t<iframe width=\"560\" height=\"315\" src=\"https:\/\/www.youtube.com\/embed\/PX9vDutd-6M?si=f-E9NMULWC4dxSzL\" title=\"YouTube video player\" frameborder=\"0\" allow=\"accelerometer; autoplay; clipboard-write; encrypted-media; gyroscope; picture-in-picture; web-share\" allowfullscreen><\/iframe>\n<h4><\/h4>\n<h4 class=\"sub-heading\">CARACT\u00c9RISTIQUES ET TECHNOLOGIES EXCLUSIVES\u00a0:<\/h4>\n<ol>\n \t<li><a href=\"https:\/\/www.supremem.com\/lumis_32.php#1\" data-toggle=\"modal\" data-target=\"#1\">CONTR\u00d4LE AUTOMATIQUE DE L&#8217;AIR BREVET\u00c9<\/a><\/li>\n \t<li><a href=\"https:\/\/www.supremem.com\/lumis_32.php#2\" data-toggle=\"modal\" data-target=\"#2\">SUPERPOSITION DE FA\u00c7ADE<\/a><\/li>\n \t<li><a href=\"https:\/\/www.supremem.com\/lumis_32.php#4\" data-toggle=\"modal\" data-target=\"#3\">SYST\u00c8ME \u00c0 DOUBLE SOUFFLERIE (110 CFM)<\/a><\/li>\n \t<li><a href=\"https:\/\/www.supremem.com\/lumis_32.php#9\" data-toggle=\"modal\" data-target=\"#4\">PANNEAUX R\u00c9VERSIBLES EN FONTE<\/a><\/li>\n \t<li><a href=\"https:\/\/www.supremem.com\/lumis_32.php#3\" data-toggle=\"modal\" data-target=\"#5\">CHAPEAU DE RAMONEUR DE CHEMIN\u00c9E<\/a><\/li>\n \t<li><a href=\"https:\/\/www.supremem.com\/lumis_32.php#6\" data-toggle=\"modal\" data-target=\"#6\">CONCEPTION DE D\u00c9FLECTEUR INNOVANTE<\/a><\/li>\n<\/ol>\n<table class=\"table-specifications\">\n<tbody>\n<tr>\n<td><b>Capacit\u00e9 thermique:<\/b><\/td>\n<td>500 \u00e0 2 000 pieds carr\u00e9s<\/td>\n<\/tr>\n<tr>\n<td><b>Puissance thermique maximale\u00a0:<\/b><\/td>\n<td>Jusqu&#8217;\u00e0 75 000 BTU<\/td>\n<\/tr>\n<tr>\n<td><b>Temps de chauffe :<\/b><\/td>\n<td>6 \u00e0 12 heures<\/td>\n<\/tr>\n<tr>\n<td><b>Taille du foyer EPA\u00a0:<\/b><\/td>\n<td>2,94 pieds cubes<\/td>\n<\/tr>\n<tr>\n<td><b>Rev\u00eatement de chemin\u00e9e\u00a0:<\/b><\/td>\n<td>6 pouces<\/td>\n<\/tr>\n<tr>\n<td><b>Taille du journal\u00a0:<\/b><\/td>\n<td>Jusqu&#8217;\u00e0 22&#8243;, recommand\u00e9 18&#8243;<\/td>\n<\/tr>\n<tr>\n<td><b>\u00c9missions\u00a0:<\/b><\/td>\n<td>1,54 g\/h Certifi\u00e9 EPA 2020<\/td>\n<\/tr>\n<tr>\n<td><b>Dimensions du verre\u00a0:<\/b><\/td>\n<td>23&#8243; x 12 3\/4&#8243;<\/td>\n<\/tr>\n<\/tbody>\n<\/table>\n<img fetchpriority=\"high\" decoding=\"async\" class=\"alignnone wp-image-25497\" src=\"https:\/\/www.belleflamme.ca\/wp-content\/uploads\/2024\/01\/lumis_32_dimensions.jpg\" alt=\"\" width=\"1180\" height=\"535\" srcset=\"https:\/\/staging.belleflamme.ca\/wp-content\/uploads\/2024\/01\/lumis_32_dimensions.jpg 1500w, https:\/\/staging.belleflamme.ca\/wp-content\/uploads\/2024\/01\/lumis_32_dimensions-300x136.jpg 300w, https:\/\/staging.belleflamme.ca\/wp-content\/uploads\/2024\/01\/lumis_32_dimensions-1024x464.jpg 1024w, https:\/\/staging.belleflamme.ca\/wp-content\/uploads\/2024\/01\/lumis_32_dimensions-768x348.jpg 768w, https:\/\/staging.belleflamme.ca\/wp-content\/uploads\/2024\/01\/lumis_32_dimensions-900x408.jpg 900w\" sizes=\"(max-width: 1180px) 100vw, 1180px\" \/>\t\t\t\t\t\t\t\t<\/div>\n\t\t\t\t<\/div>\n\t\t\t\t\t<\/div>\n\t\t<\/div>\n\t\t\t\t\t<\/div>\n\t\t<\/section>\n\t\t\t\t<section class=\"elementor-section elementor-top-section elementor-element elementor-element-5097404 elementor-section-boxed elementor-section-height-default elementor-section-height-default\" data-id=\"5097404\" data-element_type=\"section\">\n\t\t\t\t\t\t<div class=\"elementor-container elementor-column-gap-default\">\n\t\t\t\t\t<div class=\"elementor-column elementor-col-100 elementor-top-column elementor-element elementor-element-4aac975\" data-id=\"4aac975\" data-element_type=\"column\">\n\t\t\t<div class=\"elementor-widget-wrap elementor-element-populated\">\n\t\t\t\t\t\t<div class=\"elementor-element elementor-element-3d95957 elementor-tabs-view-horizontal elementor-widget elementor-widget-tabs\" data-id=\"3d95957\" data-element_type=\"widget\" data-widget_type=\"tabs.default\">\n\t\t\t\t<div class=\"elementor-widget-container\">\n\t\t\t\t\t\t\t<div class=\"elementor-tabs\">\n\t\t\t<div class=\"elementor-tabs-wrapper\" role=\"tablist\" >\n\t\t\t\t\t\t\t\t\t<div id=\"elementor-tab-title-6451\" class=\"elementor-tab-title elementor-tab-desktop-title\" aria-selected=\"true\" data-tab=\"1\" role=\"tab\" tabindex=\"0\" aria-controls=\"elementor-tab-content-6451\" aria-expanded=\"false\">Fichiers<\/div>\n\t\t\t\t\t\t\t<\/div>\n\t\t\t<div class=\"elementor-tabs-content-wrapper\" role=\"tablist\" aria-orientation=\"vertical\">\n\t\t\t\t\t\t\t\t\t<div class=\"elementor-tab-title elementor-tab-mobile-title\" aria-selected=\"true\" data-tab=\"1\" role=\"tab\" tabindex=\"0\" aria-controls=\"elementor-tab-content-6451\" aria-expanded=\"false\">Fichiers<\/div>\n\t\t\t\t\t<div id=\"elementor-tab-content-6451\" class=\"elementor-tab-content elementor-clearfix\" data-tab=\"1\" role=\"tabpanel\" aria-labelledby=\"elementor-tab-title-6451\" tabindex=\"0\" hidden=\"false\"><i class=\"far fa-file-pdf fa-xl\" style=\"font-size:35px\"><\/i><a href=\"https:\/\/www.belleflamme.ca\/wp-content\/uploads\/2024\/01\/Lumis_brochure_2023_En_web.pdf\"> Brochure<\/a><\/br>\n<i class=\"far fa-file-pdf fa-xl\" style=\"font-size:35px\"><\/i><a href=\"https:\/\/www.belleflamme.ca\/wp-content\/uploads\/2024\/01\/32IN_OM_EN_SEP22.pdf\"> Manuel<\/a><\/br><\/div>\n\t\t\t\t\t\t\t<\/div>\n\t\t<\/div>\n\t\t\t\t\t\t<\/div>\n\t\t\t\t<\/div>\n\t\t\t\t\t<\/div>\n\t\t<\/div>\n\t\t\t\t\t<\/div>\n\t\t<\/section>\n\t\t\t\t<\/div>\n\t\t","protected":false},"excerpt":{"rendered":"<p>CARACT\u00c9RISTIQUES ET TECHNOLOGIES EXCLUSIVES\u00a0: CONTR\u00d4LE AUTOMATIQUE DE L&#8217;AIR BREVET\u00c9 SUPERPOSITION DE FA\u00c7ADE SYST\u00c8ME \u00c0 DOUBLE SOUFFLERIE (110 CFM) PANNEAUX R\u00c9VERSIBLES EN FONTE CHAPEAU DE RAMONEUR DE CHEMIN\u00c9E CONCEPTION DE D\u00c9FLECTEUR INNOVANTE Capacit\u00e9 thermique: 500 \u00e0 2 000 pieds carr\u00e9s Puissance thermique maximale\u00a0: Jusqu&#8217;\u00e0 75 000 BTU Temps de chauffe : 6 \u00e0 12 heures Taille [&hellip;]<\/p>\n","protected":false},"featured_media":25495,"template":"","meta":{"inline_featured_image":false},"product_brand":[224],"product_cat":[33,34,42],"product_tag":[],"class_list":{"0":"post-25494","1":"product","2":"type-product","3":"status-publish","4":"has-post-thumbnail","6":"product_brand-supreme","7":"product_cat-poeles-et-foyers","8":"product_cat-poeles-et-foyers-au-bois","9":"product_cat-encastrables-au-bois","11":"first","12":"instock","13":"taxable","14":"shipping-taxable","15":"purchasable","16":"product-type-simple"},"yoast_head":"<!-- This site is optimized with the Yoast SEO Premium plugin v24.2 (Yoast SEO v24.2) - https:\/\/yoast.com\/wordpress\/plugins\/seo\/ -->\n<title>Foyer au Bois Encastrable LUMIS 32 de Supreme - Groupe BelleFlamme<\/title>\n<meta name=\"description\" content=\"Foyer au Bois Encastrable LUMIS 32 de Supreme\" \/>\n<meta name=\"robots\" content=\"index, follow, max-snippet:-1, max-image-preview:large, max-video-preview:-1\" \/>\n<link rel=\"canonical\" href=\"https:\/\/staging.belleflamme.ca\/fr\/produit\/foyer-au-bois-encastrable-lumis-32-de-supreme\/\" \/>\n<meta property=\"og:locale\" content=\"fr_FR\" \/>\n<meta property=\"og:type\" content=\"article\" \/>\n<meta property=\"og:title\" content=\"Foyer au Bois Encastrable LUMIS 32 de Supreme\" \/>\n<meta property=\"og:description\" content=\"Foyer au Bois Encastrable LUMIS 32 de Supreme\" \/>\n<meta property=\"og:url\" content=\"https:\/\/staging.belleflamme.ca\/fr\/produit\/foyer-au-bois-encastrable-lumis-32-de-supreme\/\" \/>\n<meta property=\"og:site_name\" content=\"Groupe BelleFlamme\" \/>\n<meta property=\"article:publisher\" content=\"https:\/\/www.facebook.com\/belleflamme.ca\/\" \/>\n<meta property=\"article:modified_time\" content=\"2024-11-21T16:46:18+00:00\" \/>\n<meta property=\"og:image\" content=\"https:\/\/www.belleflamme.ca\/wp-content\/uploads\/2024\/01\/foyer-au-bois-encastrable-lumis-32-de-Supreme-scaled.jpg\" \/>\n\t<meta property=\"og:image:width\" content=\"2560\" \/>\n\t<meta property=\"og:image:height\" content=\"1440\" \/>\n\t<meta property=\"og:image:type\" content=\"image\/jpeg\" \/>\n<meta name=\"twitter:card\" content=\"summary_large_image\" \/>\n<meta name=\"twitter:label1\" content=\"Prix\" \/>\n\t<meta name=\"twitter:data1\" content=\"&#036;3,990.00\" \/>\n\t<meta name=\"twitter:label2\" content=\"Disponibilit\u00e9\" \/>\n\t<meta name=\"twitter:data2\" content=\"En stock\" \/>\n<script type=\"application\/ld+json\" class=\"yoast-schema-graph\">{\"@context\":\"https:\/\/schema.org\",\"@graph\":[{\"@type\":[\"WebPage\",\"ItemPage\"],\"@id\":\"https:\/\/staging.belleflamme.ca\/fr\/produit\/foyer-au-bois-encastrable-lumis-32-de-supreme\/\",\"url\":\"https:\/\/staging.belleflamme.ca\/fr\/produit\/foyer-au-bois-encastrable-lumis-32-de-supreme\/\",\"name\":\"Foyer au Bois Encastrable LUMIS 32 de Supreme - Groupe BelleFlamme\",\"isPartOf\":{\"@id\":\"https:\/\/www.belleflamme.ca\/fr\/#website\"},\"primaryImageOfPage\":{\"@id\":\"https:\/\/staging.belleflamme.ca\/fr\/produit\/foyer-au-bois-encastrable-lumis-32-de-supreme\/#primaryimage\"},\"image\":{\"@id\":\"https:\/\/staging.belleflamme.ca\/fr\/produit\/foyer-au-bois-encastrable-lumis-32-de-supreme\/#primaryimage\"},\"thumbnailUrl\":\"https:\/\/staging.belleflamme.ca\/wp-content\/uploads\/2024\/01\/foyer-au-bois-encastrable-lumis-32-de-Supreme-scaled.jpg\",\"datePublished\":\"2024-01-13T02:01:59+00:00\",\"dateModified\":\"2024-11-21T16:46:18+00:00\",\"description\":\"Foyer au Bois Encastrable LUMIS 32 de Supreme\",\"breadcrumb\":{\"@id\":\"https:\/\/staging.belleflamme.ca\/fr\/produit\/foyer-au-bois-encastrable-lumis-32-de-supreme\/#breadcrumb\"},\"inLanguage\":\"fr-FR\",\"potentialAction\":[{\"@type\":\"ReadAction\",\"target\":[\"https:\/\/staging.belleflamme.ca\/fr\/produit\/foyer-au-bois-encastrable-lumis-32-de-supreme\/\"]}]},{\"@type\":\"ImageObject\",\"inLanguage\":\"fr-FR\",\"@id\":\"https:\/\/staging.belleflamme.ca\/fr\/produit\/foyer-au-bois-encastrable-lumis-32-de-supreme\/#primaryimage\",\"url\":\"https:\/\/staging.belleflamme.ca\/wp-content\/uploads\/2024\/01\/foyer-au-bois-encastrable-lumis-32-de-Supreme-scaled.jpg\",\"contentUrl\":\"https:\/\/staging.belleflamme.ca\/wp-content\/uploads\/2024\/01\/foyer-au-bois-encastrable-lumis-32-de-Supreme-scaled.jpg\",\"width\":2560,\"height\":1440,\"caption\":\"foyer au bois encastrable lumis 32 de SupremeWinter scene. 3d rendering.\"},{\"@type\":\"BreadcrumbList\",\"@id\":\"https:\/\/staging.belleflamme.ca\/fr\/produit\/foyer-au-bois-encastrable-lumis-32-de-supreme\/#breadcrumb\",\"itemListElement\":[{\"@type\":\"ListItem\",\"position\":1,\"name\":\"Accueil\",\"item\":\"https:\/\/www.belleflamme.ca\/fr\/\"},{\"@type\":\"ListItem\",\"position\":2,\"name\":\"Boutique\",\"item\":\"https:\/\/www.belleflamme.ca\/fr\/boutique\/\"},{\"@type\":\"ListItem\",\"position\":3,\"name\":\"Po\u00eales &amp; Foyers\",\"item\":\"https:\/\/staging.belleflamme.ca\/fr\/categories\/poeles-et-foyers\/\"},{\"@type\":\"ListItem\",\"position\":4,\"name\":\"Po\u00eales &amp; Foyers au Bois\",\"item\":\"https:\/\/staging.belleflamme.ca\/fr\/categories\/poeles-et-foyers\/poeles-et-foyers-au-bois\/\"},{\"@type\":\"ListItem\",\"position\":5,\"name\":\"Encastrables au Bois\",\"item\":\"https:\/\/staging.belleflamme.ca\/fr\/categories\/poeles-et-foyers\/poeles-et-foyers-au-bois\/encastrables-au-bois\/\"},{\"@type\":\"ListItem\",\"position\":6,\"name\":\"Foyer au Bois Encastrable LUMIS 32 de Supreme\"}]},{\"@type\":\"WebSite\",\"@id\":\"https:\/\/www.belleflamme.ca\/fr\/#website\",\"url\":\"https:\/\/www.belleflamme.ca\/fr\/\",\"name\":\"Groupe Belleflamme\",\"description\":\"La m\u00e9canique du b\u00e2timent dans le sang.\",\"publisher\":{\"@id\":\"https:\/\/www.belleflamme.ca\/fr\/#organization\"},\"potentialAction\":[{\"@type\":\"SearchAction\",\"target\":{\"@type\":\"EntryPoint\",\"urlTemplate\":\"https:\/\/www.belleflamme.ca\/fr\/?s={search_term_string}\"},\"query-input\":{\"@type\":\"PropertyValueSpecification\",\"valueRequired\":true,\"valueName\":\"search_term_string\"}}],\"inLanguage\":\"fr-FR\"},{\"@type\":[\"Organization\",\"Place\"],\"@id\":\"https:\/\/www.belleflamme.ca\/fr\/#organization\",\"name\":\"Groupe Belleflamme\",\"alternateName\":\"Belleflamme\",\"url\":\"https:\/\/www.belleflamme.ca\/fr\/\",\"logo\":{\"@type\":\"ImageObject\",\"inLanguage\":\"fr-FR\",\"@id\":\"https:\/\/www.belleflamme.ca\/fr\/#\/schema\/logo\/image\/\",\"url\":\"https:\/\/staging.belleflamme.ca\/wp-content\/uploads\/2023\/01\/og-image.jpg\",\"contentUrl\":\"https:\/\/staging.belleflamme.ca\/wp-content\/uploads\/2023\/01\/og-image.jpg\",\"width\":1200,\"height\":630,\"caption\":\"Groupe Belleflamme\"},\"image\":{\"@id\":\"https:\/\/www.belleflamme.ca\/fr\/#\/schema\/logo\/image\/\"},\"sameAs\":[\"https:\/\/www.facebook.com\/belleflamme.ca\/\",\"https:\/\/www.linkedin.com\/company\/belleflamme\/\",\"https:\/\/www.pinterest.ca\/groupebelleflamme\/\",\"https:\/\/www.instagram.com\/legroupebelleflamme\/\"],\"mainEntityOfPage\":{\"@id\":\"https:\/\/staging.belleflamme.ca\/fr\/produit\/foyer-au-bois-encastrable-lumis-32-de-supreme\/\"}}]}<\/script>\n<meta property=\"product:brand\" content=\"Supreme\" \/>\n<meta property=\"product:price:amount\" content=\"3990.00\" \/>\n<meta property=\"product:price:currency\" content=\"CAD\" \/>\n<meta property=\"og:availability\" content=\"instock\" \/>\n<meta property=\"product:availability\" content=\"instock\" \/>\n<meta property=\"product:retailer_item_id\" content=\"32LM-01\" \/>\n<meta property=\"product:condition\" content=\"new\" \/>\n<!-- \/ Yoast SEO Premium plugin. -->","yoast_head_json":{"title":"Foyer au Bois Encastrable LUMIS 32 de Supreme - Groupe BelleFlamme","description":"Foyer au Bois Encastrable LUMIS 32 de Supreme","robots":{"index":"index","follow":"follow","max-snippet":"max-snippet:-1","max-image-preview":"max-image-preview:large","max-video-preview":"max-video-preview:-1"},"canonical":"https:\/\/staging.belleflamme.ca\/fr\/produit\/foyer-au-bois-encastrable-lumis-32-de-supreme\/","og_locale":"fr_FR","og_type":"article","og_title":"Foyer au Bois Encastrable LUMIS 32 de Supreme","og_description":"Foyer au Bois Encastrable LUMIS 32 de Supreme","og_url":"https:\/\/staging.belleflamme.ca\/fr\/produit\/foyer-au-bois-encastrable-lumis-32-de-supreme\/","og_site_name":"Groupe BelleFlamme","article_publisher":"https:\/\/www.facebook.com\/belleflamme.ca\/","article_modified_time":"2024-11-21T16:46:18+00:00","og_image":[{"width":2560,"height":1440,"url":"https:\/\/www.belleflamme.ca\/wp-content\/uploads\/2024\/01\/foyer-au-bois-encastrable-lumis-32-de-Supreme-scaled.jpg","type":"image\/jpeg"}],"twitter_card":"summary_large_image","twitter_misc":{"Prix":"&#36;3,990.00","Disponibilit\u00e9":"En stock"},"schema":{"@context":"https:\/\/schema.org","@graph":[{"@type":["WebPage","ItemPage"],"@id":"https:\/\/staging.belleflamme.ca\/fr\/produit\/foyer-au-bois-encastrable-lumis-32-de-supreme\/","url":"https:\/\/staging.belleflamme.ca\/fr\/produit\/foyer-au-bois-encastrable-lumis-32-de-supreme\/","name":"Foyer au Bois Encastrable LUMIS 32 de Supreme - Groupe BelleFlamme","isPartOf":{"@id":"https:\/\/www.belleflamme.ca\/fr\/#website"},"primaryImageOfPage":{"@id":"https:\/\/staging.belleflamme.ca\/fr\/produit\/foyer-au-bois-encastrable-lumis-32-de-supreme\/#primaryimage"},"image":{"@id":"https:\/\/staging.belleflamme.ca\/fr\/produit\/foyer-au-bois-encastrable-lumis-32-de-supreme\/#primaryimage"},"thumbnailUrl":"https:\/\/staging.belleflamme.ca\/wp-content\/uploads\/2024\/01\/foyer-au-bois-encastrable-lumis-32-de-Supreme-scaled.jpg","datePublished":"2024-01-13T02:01:59+00:00","dateModified":"2024-11-21T16:46:18+00:00","description":"Foyer au Bois Encastrable LUMIS 32 de Supreme","breadcrumb":{"@id":"https:\/\/staging.belleflamme.ca\/fr\/produit\/foyer-au-bois-encastrable-lumis-32-de-supreme\/#breadcrumb"},"inLanguage":"fr-FR","potentialAction":[{"@type":"ReadAction","target":["https:\/\/staging.belleflamme.ca\/fr\/produit\/foyer-au-bois-encastrable-lumis-32-de-supreme\/"]}]},{"@type":"ImageObject","inLanguage":"fr-FR","@id":"https:\/\/staging.belleflamme.ca\/fr\/produit\/foyer-au-bois-encastrable-lumis-32-de-supreme\/#primaryimage","url":"https:\/\/staging.belleflamme.ca\/wp-content\/uploads\/2024\/01\/foyer-au-bois-encastrable-lumis-32-de-Supreme-scaled.jpg","contentUrl":"https:\/\/staging.belleflamme.ca\/wp-content\/uploads\/2024\/01\/foyer-au-bois-encastrable-lumis-32-de-Supreme-scaled.jpg","width":2560,"height":1440,"caption":"foyer au bois encastrable lumis 32 de SupremeWinter scene. 3d rendering."},{"@type":"BreadcrumbList","@id":"https:\/\/staging.belleflamme.ca\/fr\/produit\/foyer-au-bois-encastrable-lumis-32-de-supreme\/#breadcrumb","itemListElement":[{"@type":"ListItem","position":1,"name":"Accueil","item":"https:\/\/www.belleflamme.ca\/fr\/"},{"@type":"ListItem","position":2,"name":"Boutique","item":"https:\/\/www.belleflamme.ca\/fr\/boutique\/"},{"@type":"ListItem","position":3,"name":"Po\u00eales &amp; Foyers","item":"https:\/\/staging.belleflamme.ca\/fr\/categories\/poeles-et-foyers\/"},{"@type":"ListItem","position":4,"name":"Po\u00eales &amp; Foyers au Bois","item":"https:\/\/staging.belleflamme.ca\/fr\/categories\/poeles-et-foyers\/poeles-et-foyers-au-bois\/"},{"@type":"ListItem","position":5,"name":"Encastrables au Bois","item":"https:\/\/staging.belleflamme.ca\/fr\/categories\/poeles-et-foyers\/poeles-et-foyers-au-bois\/encastrables-au-bois\/"},{"@type":"ListItem","position":6,"name":"Foyer au Bois Encastrable LUMIS 32 de Supreme"}]},{"@type":"WebSite","@id":"https:\/\/www.belleflamme.ca\/fr\/#website","url":"https:\/\/www.belleflamme.ca\/fr\/","name":"Groupe Belleflamme","description":"La m\u00e9canique du b\u00e2timent dans le sang.","publisher":{"@id":"https:\/\/www.belleflamme.ca\/fr\/#organization"},"potentialAction":[{"@type":"SearchAction","target":{"@type":"EntryPoint","urlTemplate":"https:\/\/www.belleflamme.ca\/fr\/?s={search_term_string}"},"query-input":{"@type":"PropertyValueSpecification","valueRequired":true,"valueName":"search_term_string"}}],"inLanguage":"fr-FR"},{"@type":["Organization","Place"],"@id":"https:\/\/www.belleflamme.ca\/fr\/#organization","name":"Groupe Belleflamme","alternateName":"Belleflamme","url":"https:\/\/www.belleflamme.ca\/fr\/","logo":{"@type":"ImageObject","inLanguage":"fr-FR","@id":"https:\/\/www.belleflamme.ca\/fr\/#\/schema\/logo\/image\/","url":"https:\/\/staging.belleflamme.ca\/wp-content\/uploads\/2023\/01\/og-image.jpg","contentUrl":"https:\/\/staging.belleflamme.ca\/wp-content\/uploads\/2023\/01\/og-image.jpg","width":1200,"height":630,"caption":"Groupe Belleflamme"},"image":{"@id":"https:\/\/www.belleflamme.ca\/fr\/#\/schema\/logo\/image\/"},"sameAs":["https:\/\/www.facebook.com\/belleflamme.ca\/","https:\/\/www.linkedin.com\/company\/belleflamme\/","https:\/\/www.pinterest.ca\/groupebelleflamme\/","https:\/\/www.instagram.com\/legroupebelleflamme\/"],"mainEntityOfPage":{"@id":"https:\/\/staging.belleflamme.ca\/fr\/produit\/foyer-au-bois-encastrable-lumis-32-de-supreme\/"}}]},"product_brand":"Supreme","product_price_amount":"3990.00","product_price_currency":"CAD","og_availability":"instock","product_availability":"instock","product_retailer_item_id":"32LM-01","product_condition":"new"},"_links":{"self":[{"href":"https:\/\/staging.belleflamme.ca\/fr\/wp-json\/wp\/v2\/product\/25494","targetHints":{"allow":["GET"]}}],"collection":[{"href":"https:\/\/staging.belleflamme.ca\/fr\/wp-json\/wp\/v2\/product"}],"about":[{"href":"https:\/\/staging.belleflamme.ca\/fr\/wp-json\/wp\/v2\/types\/product"}],"version-history":[{"count":9,"href":"https:\/\/staging.belleflamme.ca\/fr\/wp-json\/wp\/v2\/product\/25494\/revisions"}],"predecessor-version":[{"id":27254,"href":"https:\/\/staging.belleflamme.ca\/fr\/wp-json\/wp\/v2\/product\/25494\/revisions\/27254"}],"wp:featuredmedia":[{"embeddable":true,"href":"https:\/\/staging.belleflamme.ca\/fr\/wp-json\/wp\/v2\/media\/25495"}],"wp:attachment":[{"href":"https:\/\/staging.belleflamme.ca\/fr\/wp-json\/wp\/v2\/media?parent=25494"}],"wp:term":[{"taxonomy":"product_brand","embeddable":true,"href":"https:\/\/staging.belleflamme.ca\/fr\/wp-json\/wp\/v2\/product_brand?post=25494"},{"taxonomy":"product_cat","embeddable":true,"href":"https:\/\/staging.belleflamme.ca\/fr\/wp-json\/wp\/v2\/product_cat?post=25494"},{"taxonomy":"product_tag","embeddable":true,"href":"https:\/\/staging.belleflamme.ca\/fr\/wp-json\/wp\/v2\/product_tag?post=25494"}],"curies":[{"name":"wp","href":"https:\/\/api.w.org\/{rel}","templated":true}]}}