{"id":25337,"date":"2024-01-12T15:21:09","date_gmt":"2024-01-12T20:21:09","guid":{"rendered":"https:\/\/www.belleflamme.ca\/?post_type=product&#038;p=25337"},"modified":"2024-01-12T15:22:28","modified_gmt":"2024-01-12T20:22:28","slug":"adaptateur-de-cheminee-en-acier-sca-par-enervex","status":"publish","type":"product","link":"https:\/\/staging.belleflamme.ca\/fr\/produit\/adaptateur-de-cheminee-en-acier-sca-par-enervex\/","title":{"rendered":"Adaptateur de chemin\u00e9e en acier SCA par Enervex"},"content":{"rendered":"<div class=\"product-content\">\n<p>L&#8217;adaptateur de chemin\u00e9e en acier SCA est utilis\u00e9 pour fournir un support pour l&#8217;installation d&#8217;un ventilateur de chemin\u00e9e RS ou RSHT sur une chemin\u00e9e ronde en acier.\u00a0Il est mont\u00e9 au point de terminaison de la chemin\u00e9e.<\/p>\n<p>L&#8217;adaptateur se compose d&#8217;une plaque de montage carr\u00e9e pour supporter le ventilateur et d&#8217;un collier rond qui peut glisser dans la chemin\u00e9e pour un ajustement serr\u00e9.\u00a0Le diam\u00e8tre ext\u00e9rieur du collier est 1\/8&#8243; plus petit que le diam\u00e8tre int\u00e9rieur de la chemin\u00e9e.<\/p>\n<h3>Caract\u00e9ristiques<\/h3>\n<ul>\n<li>Peut \u00eatre utilis\u00e9 sur la plupart des chemin\u00e9es rondes<\/li>\n<li>Facile \u00e0 installer sans utiliser d&#8217;outils<\/li>\n<\/ul>\n<\/div>\n<h3>Caract\u00e9ristiques<\/h3>\n<div class=\"specifications\">\n<table>\n<tbody>\n<tr>\n<td class=\"colLeft\">Tailles standards<\/td>\n<td class=\"colRight\">4&#8243; \u00e0 48&#8243; (150 mm \u00e0 1\u00a0200 mm)<\/td>\n<\/tr>\n<tr>\n<td class=\"colLeft\">Mat\u00e9riel<\/td>\n<td class=\"colRight\">Acier inoxydable 316L<\/td>\n<\/tr>\n<tr>\n<td class=\"colLeft\">Taille du collier<\/td>\n<td class=\"colRight\">1\/8&#8243; (3 mm) de moins que le diam\u00e8tre int\u00e9rieur de la chemin\u00e9e<\/td>\n<\/tr>\n<tr>\n<td class=\"colLeft\">garantie<\/td>\n<td class=\"colRight\">Garantie d&#8217;usine de 2 ans<\/td>\n<\/tr>\n<\/tbody>\n<\/table>\n<\/div>\n","protected":false},"excerpt":{"rendered":"<p>L&#8217;adaptateur de chemin\u00e9e en acier SCA est utilis\u00e9 pour fournir un support pour l&#8217;installation d&#8217;un ventilateur de chemin\u00e9e RS ou RSHT sur une chemin\u00e9e ronde en acier.\u00a0Il est mont\u00e9 au point de terminaison de la chemin\u00e9e. L&#8217;adaptateur se compose d&#8217;une plaque de montage carr\u00e9e pour supporter le ventilateur et d&#8217;un collier rond qui peut glisser [&hellip;]<\/p>\n","protected":false},"featured_media":25377,"template":"","meta":{"inline_featured_image":false},"product_brand":[826],"product_cat":[95,828,45],"product_tag":[],"class_list":{"0":"post-25337","1":"product","2":"type-product","3":"status-publish","4":"has-post-thumbnail","6":"product_brand-enervex","7":"product_cat-cheminees","8":"product_cat-enervex","9":"product_cat-cheminees-pieces-accessoires","11":"first","12":"instock","13":"taxable","14":"shipping-taxable","15":"purchasable","16":"product-type-variable"},"yoast_head":"<!-- This site is optimized with the Yoast SEO Premium plugin v24.2 (Yoast SEO v24.2) - https:\/\/yoast.com\/wordpress\/plugins\/seo\/ -->\n<title>Adaptateur de chemin\u00e9e en acier SCA par Enervex - Groupe BelleFlamme<\/title>\n<meta name=\"description\" content=\"Adaptateur de chemin\u00e9e en acier SCA par Enervex\" \/>\n<meta name=\"robots\" content=\"index, follow, max-snippet:-1, max-image-preview:large, max-video-preview:-1\" \/>\n<link rel=\"canonical\" href=\"https:\/\/staging.belleflamme.ca\/fr\/produit\/adaptateur-de-cheminee-en-acier-sca-par-enervex\/\" \/>\n<meta property=\"og:locale\" content=\"fr_FR\" \/>\n<meta property=\"og:type\" content=\"article\" \/>\n<meta property=\"og:title\" content=\"Adaptateur de chemin\u00e9e en acier SCA par Enervex\" \/>\n<meta property=\"og:description\" content=\"Adaptateur de chemin\u00e9e en acier SCA par Enervex\" \/>\n<meta property=\"og:url\" content=\"https:\/\/staging.belleflamme.ca\/fr\/produit\/adaptateur-de-cheminee-en-acier-sca-par-enervex\/\" \/>\n<meta property=\"og:site_name\" content=\"Groupe BelleFlamme\" \/>\n<meta property=\"article:publisher\" content=\"https:\/\/www.facebook.com\/belleflamme.ca\/\" \/>\n<meta property=\"article:modified_time\" content=\"2024-01-12T20:22:28+00:00\" \/>\n<meta property=\"og:image\" content=\"https:\/\/www.belleflamme.ca\/wp-content\/uploads\/2024\/01\/Adaptateur-de-cheminee-en-acier-SCA-par-Enervex.webp\" \/>\n\t<meta property=\"og:image:width\" content=\"600\" \/>\n\t<meta property=\"og:image:height\" content=\"600\" \/>\n\t<meta property=\"og:image:type\" content=\"image\/webp\" \/>\n<meta name=\"twitter:card\" content=\"summary_large_image\" \/>\n<meta name=\"twitter:label1\" content=\"Disponibilit\u00e9\" \/>\n\t<meta name=\"twitter:data1\" content=\"En stock\" \/>\n<script type=\"application\/ld+json\" class=\"yoast-schema-graph\">{\"@context\":\"https:\/\/schema.org\",\"@graph\":[{\"@type\":[\"WebPage\",\"ItemPage\"],\"@id\":\"https:\/\/staging.belleflamme.ca\/fr\/produit\/adaptateur-de-cheminee-en-acier-sca-par-enervex\/\",\"url\":\"https:\/\/staging.belleflamme.ca\/fr\/produit\/adaptateur-de-cheminee-en-acier-sca-par-enervex\/\",\"name\":\"Adaptateur de chemin\u00e9e en acier SCA par Enervex - Groupe BelleFlamme\",\"isPartOf\":{\"@id\":\"https:\/\/www.belleflamme.ca\/fr\/#website\"},\"primaryImageOfPage\":{\"@id\":\"https:\/\/staging.belleflamme.ca\/fr\/produit\/adaptateur-de-cheminee-en-acier-sca-par-enervex\/#primaryimage\"},\"image\":{\"@id\":\"https:\/\/staging.belleflamme.ca\/fr\/produit\/adaptateur-de-cheminee-en-acier-sca-par-enervex\/#primaryimage\"},\"thumbnailUrl\":\"https:\/\/staging.belleflamme.ca\/wp-content\/uploads\/2024\/01\/Adaptateur-de-cheminee-en-acier-SCA-par-Enervex.webp\",\"datePublished\":\"2024-01-12T20:21:09+00:00\",\"dateModified\":\"2024-01-12T20:22:28+00:00\",\"description\":\"Adaptateur de chemin\u00e9e en acier SCA par Enervex\",\"breadcrumb\":{\"@id\":\"https:\/\/staging.belleflamme.ca\/fr\/produit\/adaptateur-de-cheminee-en-acier-sca-par-enervex\/#breadcrumb\"},\"inLanguage\":\"fr-FR\",\"potentialAction\":[{\"@type\":\"ReadAction\",\"target\":[\"https:\/\/staging.belleflamme.ca\/fr\/produit\/adaptateur-de-cheminee-en-acier-sca-par-enervex\/\"]}]},{\"@type\":\"ImageObject\",\"inLanguage\":\"fr-FR\",\"@id\":\"https:\/\/staging.belleflamme.ca\/fr\/produit\/adaptateur-de-cheminee-en-acier-sca-par-enervex\/#primaryimage\",\"url\":\"https:\/\/staging.belleflamme.ca\/wp-content\/uploads\/2024\/01\/Adaptateur-de-cheminee-en-acier-SCA-par-Enervex.webp\",\"contentUrl\":\"https:\/\/staging.belleflamme.ca\/wp-content\/uploads\/2024\/01\/Adaptateur-de-cheminee-en-acier-SCA-par-Enervex.webp\",\"width\":600,\"height\":600,\"caption\":\"Adaptateur de chemin\u00e9e en acier SCA par Enervex\"},{\"@type\":\"BreadcrumbList\",\"@id\":\"https:\/\/staging.belleflamme.ca\/fr\/produit\/adaptateur-de-cheminee-en-acier-sca-par-enervex\/#breadcrumb\",\"itemListElement\":[{\"@type\":\"ListItem\",\"position\":1,\"name\":\"Accueil\",\"item\":\"https:\/\/www.belleflamme.ca\/fr\/\"},{\"@type\":\"ListItem\",\"position\":2,\"name\":\"Boutique\",\"item\":\"https:\/\/www.belleflamme.ca\/fr\/boutique\/\"},{\"@type\":\"ListItem\",\"position\":3,\"name\":\"Chemin\u00e9es, Pi\u00e8ces &amp; Accessoires\",\"item\":\"https:\/\/staging.belleflamme.ca\/fr\/categories\/cheminees-pieces-accessoires\/\"},{\"@type\":\"ListItem\",\"position\":4,\"name\":\"Chemin\u00e9es\",\"item\":\"https:\/\/staging.belleflamme.ca\/fr\/categories\/cheminees-pieces-accessoires\/cheminees\/\"},{\"@type\":\"ListItem\",\"position\":5,\"name\":\"Enervex\",\"item\":\"https:\/\/staging.belleflamme.ca\/fr\/categories\/cheminees-pieces-accessoires\/cheminees\/enervex\/\"},{\"@type\":\"ListItem\",\"position\":6,\"name\":\"Adaptateur de chemin\u00e9e en acier SCA par Enervex\"}]},{\"@type\":\"WebSite\",\"@id\":\"https:\/\/www.belleflamme.ca\/fr\/#website\",\"url\":\"https:\/\/www.belleflamme.ca\/fr\/\",\"name\":\"Groupe Belleflamme\",\"description\":\"La m\u00e9canique du b\u00e2timent dans le sang.\",\"publisher\":{\"@id\":\"https:\/\/www.belleflamme.ca\/fr\/#organization\"},\"potentialAction\":[{\"@type\":\"SearchAction\",\"target\":{\"@type\":\"EntryPoint\",\"urlTemplate\":\"https:\/\/www.belleflamme.ca\/fr\/?s={search_term_string}\"},\"query-input\":{\"@type\":\"PropertyValueSpecification\",\"valueRequired\":true,\"valueName\":\"search_term_string\"}}],\"inLanguage\":\"fr-FR\"},{\"@type\":[\"Organization\",\"Place\"],\"@id\":\"https:\/\/www.belleflamme.ca\/fr\/#organization\",\"name\":\"Groupe Belleflamme\",\"alternateName\":\"Belleflamme\",\"url\":\"https:\/\/www.belleflamme.ca\/fr\/\",\"logo\":{\"@type\":\"ImageObject\",\"inLanguage\":\"fr-FR\",\"@id\":\"https:\/\/www.belleflamme.ca\/fr\/#\/schema\/logo\/image\/\",\"url\":\"https:\/\/staging.belleflamme.ca\/wp-content\/uploads\/2023\/01\/og-image.jpg\",\"contentUrl\":\"https:\/\/staging.belleflamme.ca\/wp-content\/uploads\/2023\/01\/og-image.jpg\",\"width\":1200,\"height\":630,\"caption\":\"Groupe Belleflamme\"},\"image\":{\"@id\":\"https:\/\/www.belleflamme.ca\/fr\/#\/schema\/logo\/image\/\"},\"sameAs\":[\"https:\/\/www.facebook.com\/belleflamme.ca\/\",\"https:\/\/www.linkedin.com\/company\/belleflamme\/\",\"https:\/\/www.pinterest.ca\/groupebelleflamme\/\",\"https:\/\/www.instagram.com\/legroupebelleflamme\/\"],\"mainEntityOfPage\":{\"@id\":\"https:\/\/staging.belleflamme.ca\/fr\/produit\/adaptateur-de-cheminee-en-acier-sca-par-enervex\/\"}}]}<\/script>\n<meta property=\"product:brand\" content=\"Enervex\" \/>\n<meta property=\"og:availability\" content=\"instock\" \/>\n<meta property=\"product:availability\" content=\"instock\" \/>\n<meta property=\"product:retailer_item_id\" content=\"SCA\" \/>\n<meta property=\"product:condition\" content=\"new\" \/>\n<!-- \/ Yoast SEO Premium plugin. -->","yoast_head_json":{"title":"Adaptateur de chemin\u00e9e en acier SCA par Enervex - Groupe BelleFlamme","description":"Adaptateur de chemin\u00e9e en acier SCA par Enervex","robots":{"index":"index","follow":"follow","max-snippet":"max-snippet:-1","max-image-preview":"max-image-preview:large","max-video-preview":"max-video-preview:-1"},"canonical":"https:\/\/staging.belleflamme.ca\/fr\/produit\/adaptateur-de-cheminee-en-acier-sca-par-enervex\/","og_locale":"fr_FR","og_type":"article","og_title":"Adaptateur de chemin\u00e9e en acier SCA par Enervex","og_description":"Adaptateur de chemin\u00e9e en acier SCA par Enervex","og_url":"https:\/\/staging.belleflamme.ca\/fr\/produit\/adaptateur-de-cheminee-en-acier-sca-par-enervex\/","og_site_name":"Groupe BelleFlamme","article_publisher":"https:\/\/www.facebook.com\/belleflamme.ca\/","article_modified_time":"2024-01-12T20:22:28+00:00","og_image":[{"width":600,"height":600,"url":"https:\/\/www.belleflamme.ca\/wp-content\/uploads\/2024\/01\/Adaptateur-de-cheminee-en-acier-SCA-par-Enervex.webp","type":"image\/webp"}],"twitter_card":"summary_large_image","twitter_misc":{"Disponibilit\u00e9":"En stock"},"schema":{"@context":"https:\/\/schema.org","@graph":[{"@type":["WebPage","ItemPage"],"@id":"https:\/\/staging.belleflamme.ca\/fr\/produit\/adaptateur-de-cheminee-en-acier-sca-par-enervex\/","url":"https:\/\/staging.belleflamme.ca\/fr\/produit\/adaptateur-de-cheminee-en-acier-sca-par-enervex\/","name":"Adaptateur de chemin\u00e9e en acier SCA par Enervex - Groupe BelleFlamme","isPartOf":{"@id":"https:\/\/www.belleflamme.ca\/fr\/#website"},"primaryImageOfPage":{"@id":"https:\/\/staging.belleflamme.ca\/fr\/produit\/adaptateur-de-cheminee-en-acier-sca-par-enervex\/#primaryimage"},"image":{"@id":"https:\/\/staging.belleflamme.ca\/fr\/produit\/adaptateur-de-cheminee-en-acier-sca-par-enervex\/#primaryimage"},"thumbnailUrl":"https:\/\/staging.belleflamme.ca\/wp-content\/uploads\/2024\/01\/Adaptateur-de-cheminee-en-acier-SCA-par-Enervex.webp","datePublished":"2024-01-12T20:21:09+00:00","dateModified":"2024-01-12T20:22:28+00:00","description":"Adaptateur de chemin\u00e9e en acier SCA par Enervex","breadcrumb":{"@id":"https:\/\/staging.belleflamme.ca\/fr\/produit\/adaptateur-de-cheminee-en-acier-sca-par-enervex\/#breadcrumb"},"inLanguage":"fr-FR","potentialAction":[{"@type":"ReadAction","target":["https:\/\/staging.belleflamme.ca\/fr\/produit\/adaptateur-de-cheminee-en-acier-sca-par-enervex\/"]}]},{"@type":"ImageObject","inLanguage":"fr-FR","@id":"https:\/\/staging.belleflamme.ca\/fr\/produit\/adaptateur-de-cheminee-en-acier-sca-par-enervex\/#primaryimage","url":"https:\/\/staging.belleflamme.ca\/wp-content\/uploads\/2024\/01\/Adaptateur-de-cheminee-en-acier-SCA-par-Enervex.webp","contentUrl":"https:\/\/staging.belleflamme.ca\/wp-content\/uploads\/2024\/01\/Adaptateur-de-cheminee-en-acier-SCA-par-Enervex.webp","width":600,"height":600,"caption":"Adaptateur de chemin\u00e9e en acier SCA par Enervex"},{"@type":"BreadcrumbList","@id":"https:\/\/staging.belleflamme.ca\/fr\/produit\/adaptateur-de-cheminee-en-acier-sca-par-enervex\/#breadcrumb","itemListElement":[{"@type":"ListItem","position":1,"name":"Accueil","item":"https:\/\/www.belleflamme.ca\/fr\/"},{"@type":"ListItem","position":2,"name":"Boutique","item":"https:\/\/www.belleflamme.ca\/fr\/boutique\/"},{"@type":"ListItem","position":3,"name":"Chemin\u00e9es, Pi\u00e8ces &amp; Accessoires","item":"https:\/\/staging.belleflamme.ca\/fr\/categories\/cheminees-pieces-accessoires\/"},{"@type":"ListItem","position":4,"name":"Chemin\u00e9es","item":"https:\/\/staging.belleflamme.ca\/fr\/categories\/cheminees-pieces-accessoires\/cheminees\/"},{"@type":"ListItem","position":5,"name":"Enervex","item":"https:\/\/staging.belleflamme.ca\/fr\/categories\/cheminees-pieces-accessoires\/cheminees\/enervex\/"},{"@type":"ListItem","position":6,"name":"Adaptateur de chemin\u00e9e en acier SCA par Enervex"}]},{"@type":"WebSite","@id":"https:\/\/www.belleflamme.ca\/fr\/#website","url":"https:\/\/www.belleflamme.ca\/fr\/","name":"Groupe Belleflamme","description":"La m\u00e9canique du b\u00e2timent dans le sang.","publisher":{"@id":"https:\/\/www.belleflamme.ca\/fr\/#organization"},"potentialAction":[{"@type":"SearchAction","target":{"@type":"EntryPoint","urlTemplate":"https:\/\/www.belleflamme.ca\/fr\/?s={search_term_string}"},"query-input":{"@type":"PropertyValueSpecification","valueRequired":true,"valueName":"search_term_string"}}],"inLanguage":"fr-FR"},{"@type":["Organization","Place"],"@id":"https:\/\/www.belleflamme.ca\/fr\/#organization","name":"Groupe Belleflamme","alternateName":"Belleflamme","url":"https:\/\/www.belleflamme.ca\/fr\/","logo":{"@type":"ImageObject","inLanguage":"fr-FR","@id":"https:\/\/www.belleflamme.ca\/fr\/#\/schema\/logo\/image\/","url":"https:\/\/staging.belleflamme.ca\/wp-content\/uploads\/2023\/01\/og-image.jpg","contentUrl":"https:\/\/staging.belleflamme.ca\/wp-content\/uploads\/2023\/01\/og-image.jpg","width":1200,"height":630,"caption":"Groupe Belleflamme"},"image":{"@id":"https:\/\/www.belleflamme.ca\/fr\/#\/schema\/logo\/image\/"},"sameAs":["https:\/\/www.facebook.com\/belleflamme.ca\/","https:\/\/www.linkedin.com\/company\/belleflamme\/","https:\/\/www.pinterest.ca\/groupebelleflamme\/","https:\/\/www.instagram.com\/legroupebelleflamme\/"],"mainEntityOfPage":{"@id":"https:\/\/staging.belleflamme.ca\/fr\/produit\/adaptateur-de-cheminee-en-acier-sca-par-enervex\/"}}]},"product_brand":"Enervex","og_availability":"instock","product_availability":"instock","product_retailer_item_id":"SCA","product_condition":"new"},"_links":{"self":[{"href":"https:\/\/staging.belleflamme.ca\/fr\/wp-json\/wp\/v2\/product\/25337","targetHints":{"allow":["GET"]}}],"collection":[{"href":"https:\/\/staging.belleflamme.ca\/fr\/wp-json\/wp\/v2\/product"}],"about":[{"href":"https:\/\/staging.belleflamme.ca\/fr\/wp-json\/wp\/v2\/types\/product"}],"version-history":[{"count":2,"href":"https:\/\/staging.belleflamme.ca\/fr\/wp-json\/wp\/v2\/product\/25337\/revisions"}],"predecessor-version":[{"id":25379,"href":"https:\/\/staging.belleflamme.ca\/fr\/wp-json\/wp\/v2\/product\/25337\/revisions\/25379"}],"wp:featuredmedia":[{"embeddable":true,"href":"https:\/\/staging.belleflamme.ca\/fr\/wp-json\/wp\/v2\/media\/25377"}],"wp:attachment":[{"href":"https:\/\/staging.belleflamme.ca\/fr\/wp-json\/wp\/v2\/media?parent=25337"}],"wp:term":[{"taxonomy":"product_brand","embeddable":true,"href":"https:\/\/staging.belleflamme.ca\/fr\/wp-json\/wp\/v2\/product_brand?post=25337"},{"taxonomy":"product_cat","embeddable":true,"href":"https:\/\/staging.belleflamme.ca\/fr\/wp-json\/wp\/v2\/product_cat?post=25337"},{"taxonomy":"product_tag","embeddable":true,"href":"https:\/\/staging.belleflamme.ca\/fr\/wp-json\/wp\/v2\/product_tag?post=25337"}],"curies":[{"name":"wp","href":"https:\/\/api.w.org\/{rel}","templated":true}]}}