{"id":25234,"date":"2024-01-12T14:46:51","date_gmt":"2024-01-12T19:46:51","guid":{"rendered":"https:\/\/www.belleflamme.ca\/?post_type=product&#038;p=25234"},"modified":"2024-01-12T14:51:00","modified_gmt":"2024-01-12T19:51:00","slug":"clapet-de-cheminee-mecanique-mfd-par-enervex","status":"publish","type":"product","link":"https:\/\/staging.belleflamme.ca\/fr\/produit\/clapet-de-cheminee-mecanique-mfd-par-enervex\/","title":{"rendered":"Clapet de chemin\u00e9e m\u00e9canique MFD par Enervex"},"content":{"rendered":"\t\t<div data-elementor-type=\"product-post\" data-elementor-id=\"25234\" class=\"elementor elementor-25234\" data-elementor-post-type=\"product\">\n\t\t\t\t\t\t<section class=\"elementor-section elementor-top-section elementor-element elementor-element-33262eaa elementor-section-boxed elementor-section-height-default elementor-section-height-default\" data-id=\"33262eaa\" data-element_type=\"section\">\n\t\t\t\t\t\t<div class=\"elementor-container elementor-column-gap-default\">\n\t\t\t\t\t<div class=\"elementor-column elementor-col-100 elementor-top-column elementor-element elementor-element-60eafaf0\" data-id=\"60eafaf0\" data-element_type=\"column\">\n\t\t\t<div class=\"elementor-widget-wrap elementor-element-populated\">\n\t\t\t\t\t\t<div class=\"elementor-element elementor-element-61a13604 elementor-widget elementor-widget-text-editor\" data-id=\"61a13604\" data-element_type=\"widget\" data-widget_type=\"text-editor.default\">\n\t\t\t\t<div class=\"elementor-widget-container\">\n\t\t\t\t\t\t\t\t\t<div class=\"product-content\">\r\n\r\n<span>Ce clapet de foyer m\u00e9canique MFD emp\u00eache la chaleur de s&#8217;\u00e9chapper par la chemin\u00e9e lorsque le foyer n&#8217;est pas utilis\u00e9 et emp\u00eache le refoulement dans la chemin\u00e9e. Il est con\u00e7u pour les installations au sommet d\u2019une chemin\u00e9e.<\/span>\r\n\r\n<span>Le MFD est utilis\u00e9 comme composant dans un syst\u00e8me combin\u00e9 de ventilateur et de clapet. L&#8217;actionneur du clapet peut \u00eatre verrouill\u00e9 \u00e0 une commande (ADC100 ou ADC150) de sorte qu&#8217;il ne fonctionne que lorsque le foyer est utilis\u00e9 et que le ventilateur est en marche.<\/span>\r\n\r\n<span>Le clapet <\/span><span>est \u00e9quip\u00e9 d&#8217;un syst\u00e8me de s\u00e9curit\u00e9 int\u00e9gr\u00e9 et est \u00e9valu\u00e9 \u00e0 1 400 \u00b0F (760 \u00b0C).<\/span>\r\n<h3><span>Caract\u00e9ristiques<\/span><\/h3>\r\n<ul>\r\n \t<li><span>\u00c9conomise de l&#8217;\u00e9nergie<\/span><\/li>\r\n \t<li><span>R\u00e9pond aux exigences du code de l&#8217;\u00e9nergie<\/span><\/li>\r\n \t<li><span>Syst\u00e8me de s\u00e9curit\u00e9 int\u00e9gr\u00e9<\/span><\/li>\r\n \t<li><span>Profile bas<\/span><\/li>\r\n<\/ul>\r\n<\/div>\r\n<h3><span>Caract\u00e9ristiques<\/span><\/h3>\r\n<div class=\"specifications\">\r\n<table>\r\n<tbody>\r\n<tr>\r\n<td class=\"colLeft\"><span>Tailles disponibles (ID)<\/span><\/td>\r\n<td class=\"colRight\"><span>6&#8243; \u00e0 16&#8243; (150 mm \u00e0 400 mm)<\/span><\/td>\r\n<\/tr>\r\n<tr>\r\n<td class=\"colLeft\"><span>Mat\u00e9riel<\/span><\/td>\r\n<td class=\"colRight\"><span>Acier inoxydable 316L<\/span><\/td>\r\n<\/tr>\r\n<tr>\r\n<td class=\"colLeft\"><span>Actionneur<\/span><\/td>\r\n<td class=\"colRight\"><span>Moteur CC sans balais<\/span><\/td>\r\n<\/tr>\r\n<tr>\r\n<td class=\"colLeft\"><span>Puissance<\/span><\/td>\r\n<td class=\"colRight\"><span>Moteur sans balais 120VAC ou 24VAC\/VDC<\/span><\/td>\r\n<\/tr>\r\n<tr>\r\n<td class=\"colLeft\"><span>Couple<\/span><\/td>\r\n<td class=\"colRight\"><span>54 pouces-livres (6 Nm)<\/span><\/td>\r\n<\/tr>\r\n<tr>\r\n<td class=\"colLeft\"><span>Vitesse<\/span><\/td>\r\n<td class=\"colRight\"><span>90\u00b0 en 15 secondes.<\/span><\/td>\r\n<\/tr>\r\n<tr>\r\n<td class=\"colLeft\"><span>Commutateurs d&#8217;extr\u00e9mit\u00e9<\/span><\/td>\r\n<td class=\"colRight\"><span>2<\/span><\/td>\r\n<\/tr>\r\n<tr>\r\n<td class=\"colLeft\"><span>Temp\u00e9rature nominale<\/span><\/td>\r\n<td class=\"colRight\"><span>1 400 \u00b0F (760 \u00b0C)<\/span><\/td>\r\n<\/tr>\r\n<tr>\r\n<td class=\"colLeft\"><span>garantie<\/span><\/td>\r\n<td class=\"colRight\"><span>Garantie d&#8217;usine de 2 ans<\/span><\/td>\r\n<\/tr>\r\n<\/tbody>\r\n<\/table>\r\n<\/div>\t\t\t\t\t\t\t\t<\/div>\n\t\t\t\t<\/div>\n\t\t\t\t\t<\/div>\n\t\t<\/div>\n\t\t\t\t\t<\/div>\n\t\t<\/section>\n\t\t\t\t<section class=\"elementor-section elementor-top-section elementor-element elementor-element-686be6c elementor-section-boxed elementor-section-height-default elementor-section-height-default\" data-id=\"686be6c\" data-element_type=\"section\">\n\t\t\t\t\t\t<div class=\"elementor-container elementor-column-gap-default\">\n\t\t\t\t\t<div class=\"elementor-column elementor-col-100 elementor-top-column elementor-element elementor-element-c4846b1\" data-id=\"c4846b1\" data-element_type=\"column\">\n\t\t\t<div class=\"elementor-widget-wrap elementor-element-populated\">\n\t\t\t\t\t\t<div class=\"elementor-element elementor-element-d88fa7a elementor-tabs-view-horizontal elementor-widget elementor-widget-tabs\" data-id=\"d88fa7a\" data-element_type=\"widget\" data-widget_type=\"tabs.default\">\n\t\t\t\t<div class=\"elementor-widget-container\">\n\t\t\t\t\t\t\t<div class=\"elementor-tabs\">\n\t\t\t<div class=\"elementor-tabs-wrapper\" role=\"tablist\" >\n\t\t\t\t\t\t\t\t\t<div id=\"elementor-tab-title-2271\" class=\"elementor-tab-title elementor-tab-desktop-title\" aria-selected=\"true\" data-tab=\"1\" role=\"tab\" tabindex=\"0\" aria-controls=\"elementor-tab-content-2271\" aria-expanded=\"false\">Fichiers<\/div>\n\t\t\t\t\t\t\t<\/div>\n\t\t\t<div class=\"elementor-tabs-content-wrapper\" role=\"tablist\" aria-orientation=\"vertical\">\n\t\t\t\t\t\t\t\t\t<div class=\"elementor-tab-title elementor-tab-mobile-title\" aria-selected=\"true\" data-tab=\"1\" role=\"tab\" tabindex=\"0\" aria-controls=\"elementor-tab-content-2271\" aria-expanded=\"false\">Fichiers<\/div>\n\t\t\t\t\t<div id=\"elementor-tab-content-2271\" class=\"elementor-tab-content elementor-clearfix\" data-tab=\"1\" role=\"tabpanel\" aria-labelledby=\"elementor-tab-title-2271\" tabindex=\"0\" hidden=\"false\"><i class=\"far fa-file-pdf fa-xl\" style=\"font-size:35px\"><\/i><a href=\"https:\/\/www.belleflamme.ca\/wp-content\/uploads\/2024\/01\/MFD_07-16-1.pdf\"> Sp\u00e9cifications<\/a><\/br>\n<i class=\"far fa-file-pdf fa-xl\" style=\"font-size:35px\"><\/i><a href=\"https:\/\/www.belleflamme.ca\/wp-content\/uploads\/2024\/01\/MFD-Manual-08-17.pdf\"> Manuel<\/a><\/br>\n<i class=\"far fa-file-pdf fa-xl\" style=\"font-size:35px\"><\/i><a href=\"https:\/\/www.belleflamme.ca\/wp-content\/uploads\/2024\/01\/Warranty-Terms-BBM_ADM_MDF.pdf\"> Garantie<\/a><\/br><\/div>\n\t\t\t\t\t\t\t<\/div>\n\t\t<\/div>\n\t\t\t\t\t\t<\/div>\n\t\t\t\t<\/div>\n\t\t\t\t\t<\/div>\n\t\t<\/div>\n\t\t\t\t\t<\/div>\n\t\t<\/section>\n\t\t\t\t<\/div>\n\t\t","protected":false},"excerpt":{"rendered":"<p>Ce clapet de foyer m\u00e9canique MFD emp\u00eache la chaleur de s&#8217;\u00e9chapper par la chemin\u00e9e lorsque le foyer n&#8217;est pas utilis\u00e9 et emp\u00eache le refoulement dans la chemin\u00e9e. Il est con\u00e7u pour les installations au sommet d\u2019une chemin\u00e9e. Le MFD est utilis\u00e9 comme composant dans un syst\u00e8me combin\u00e9 de ventilateur et de clapet. L&#8217;actionneur du clapet [&hellip;]<\/p>\n","protected":false},"featured_media":25235,"template":"","meta":{"inline_featured_image":false},"product_brand":[826],"product_cat":[95,828,45],"product_tag":[],"class_list":{"0":"post-25234","1":"product","2":"type-product","3":"status-publish","4":"has-post-thumbnail","6":"product_brand-enervex","7":"product_cat-cheminees","8":"product_cat-enervex","9":"product_cat-cheminees-pieces-accessoires","11":"first","12":"instock","13":"taxable","14":"shipping-taxable","15":"purchasable","16":"product-type-variable"},"yoast_head":"<!-- This site is optimized with the Yoast SEO Premium plugin v24.2 (Yoast SEO v24.2) - https:\/\/yoast.com\/wordpress\/plugins\/seo\/ -->\n<title>Clapet de chemin\u00e9e m\u00e9canique MFD par Enervex - Groupe BelleFlamme<\/title>\n<meta name=\"description\" content=\"Clapet de chemin\u00e9e m\u00e9canique MFD par Enervex vendu et install\u00e9 par le Groupe Belleflamme. Laval, Montr\u00e9al, Gatineau, Drummondville et Saint-Sauveur.\" \/>\n<meta name=\"robots\" content=\"index, follow, max-snippet:-1, max-image-preview:large, max-video-preview:-1\" \/>\n<link rel=\"canonical\" href=\"https:\/\/staging.belleflamme.ca\/fr\/produit\/clapet-de-cheminee-mecanique-mfd-par-enervex\/\" \/>\n<meta property=\"og:locale\" content=\"fr_FR\" \/>\n<meta property=\"og:type\" content=\"article\" \/>\n<meta property=\"og:title\" content=\"Clapet de chemin\u00e9e m\u00e9canique MFD par Enervex\" \/>\n<meta property=\"og:description\" content=\"Clapet de chemin\u00e9e m\u00e9canique MFD par Enervex vendu et install\u00e9 par le Groupe Belleflamme. Laval, Montr\u00e9al, Gatineau, Drummondville et Saint-Sauveur.\" \/>\n<meta property=\"og:url\" content=\"https:\/\/staging.belleflamme.ca\/fr\/produit\/clapet-de-cheminee-mecanique-mfd-par-enervex\/\" \/>\n<meta property=\"og:site_name\" content=\"Groupe BelleFlamme\" \/>\n<meta property=\"article:publisher\" content=\"https:\/\/www.facebook.com\/belleflamme.ca\/\" \/>\n<meta property=\"article:modified_time\" content=\"2024-01-12T19:51:00+00:00\" \/>\n<meta property=\"og:image\" content=\"https:\/\/www.belleflamme.ca\/wp-content\/uploads\/2024\/01\/Clapet-de-cheminee-mecanique-MFD-par-Enervex.webp\" \/>\n\t<meta property=\"og:image:width\" content=\"600\" \/>\n\t<meta property=\"og:image:height\" content=\"600\" \/>\n\t<meta property=\"og:image:type\" content=\"image\/webp\" \/>\n<meta name=\"twitter:card\" content=\"summary_large_image\" \/>\n<meta name=\"twitter:label1\" content=\"Disponibilit\u00e9\" \/>\n\t<meta name=\"twitter:data1\" content=\"En stock\" \/>\n<script type=\"application\/ld+json\" class=\"yoast-schema-graph\">{\"@context\":\"https:\/\/schema.org\",\"@graph\":[{\"@type\":[\"WebPage\",\"ItemPage\"],\"@id\":\"https:\/\/staging.belleflamme.ca\/fr\/produit\/clapet-de-cheminee-mecanique-mfd-par-enervex\/\",\"url\":\"https:\/\/staging.belleflamme.ca\/fr\/produit\/clapet-de-cheminee-mecanique-mfd-par-enervex\/\",\"name\":\"Clapet de chemin\u00e9e m\u00e9canique MFD par Enervex - Groupe BelleFlamme\",\"isPartOf\":{\"@id\":\"https:\/\/www.belleflamme.ca\/fr\/#website\"},\"primaryImageOfPage\":{\"@id\":\"https:\/\/staging.belleflamme.ca\/fr\/produit\/clapet-de-cheminee-mecanique-mfd-par-enervex\/#primaryimage\"},\"image\":{\"@id\":\"https:\/\/staging.belleflamme.ca\/fr\/produit\/clapet-de-cheminee-mecanique-mfd-par-enervex\/#primaryimage\"},\"thumbnailUrl\":\"https:\/\/staging.belleflamme.ca\/wp-content\/uploads\/2024\/01\/Clapet-de-cheminee-mecanique-MFD-par-Enervex.webp\",\"datePublished\":\"2024-01-12T19:46:51+00:00\",\"dateModified\":\"2024-01-12T19:51:00+00:00\",\"description\":\"Clapet de chemin\u00e9e m\u00e9canique MFD par Enervex [get_meta_en_fr]\",\"breadcrumb\":{\"@id\":\"https:\/\/staging.belleflamme.ca\/fr\/produit\/clapet-de-cheminee-mecanique-mfd-par-enervex\/#breadcrumb\"},\"inLanguage\":\"fr-FR\",\"potentialAction\":[{\"@type\":\"ReadAction\",\"target\":[\"https:\/\/staging.belleflamme.ca\/fr\/produit\/clapet-de-cheminee-mecanique-mfd-par-enervex\/\"]}]},{\"@type\":\"ImageObject\",\"inLanguage\":\"fr-FR\",\"@id\":\"https:\/\/staging.belleflamme.ca\/fr\/produit\/clapet-de-cheminee-mecanique-mfd-par-enervex\/#primaryimage\",\"url\":\"https:\/\/staging.belleflamme.ca\/wp-content\/uploads\/2024\/01\/Clapet-de-cheminee-mecanique-MFD-par-Enervex.webp\",\"contentUrl\":\"https:\/\/staging.belleflamme.ca\/wp-content\/uploads\/2024\/01\/Clapet-de-cheminee-mecanique-MFD-par-Enervex.webp\",\"width\":600,\"height\":600,\"caption\":\"Clapet de chemin\u00e9e m\u00e9canique MFD par Enervex\"},{\"@type\":\"BreadcrumbList\",\"@id\":\"https:\/\/staging.belleflamme.ca\/fr\/produit\/clapet-de-cheminee-mecanique-mfd-par-enervex\/#breadcrumb\",\"itemListElement\":[{\"@type\":\"ListItem\",\"position\":1,\"name\":\"Accueil\",\"item\":\"https:\/\/www.belleflamme.ca\/fr\/\"},{\"@type\":\"ListItem\",\"position\":2,\"name\":\"Boutique\",\"item\":\"https:\/\/www.belleflamme.ca\/fr\/boutique\/\"},{\"@type\":\"ListItem\",\"position\":3,\"name\":\"Chemin\u00e9es, Pi\u00e8ces &amp; Accessoires\",\"item\":\"https:\/\/staging.belleflamme.ca\/fr\/categories\/cheminees-pieces-accessoires\/\"},{\"@type\":\"ListItem\",\"position\":4,\"name\":\"Chemin\u00e9es\",\"item\":\"https:\/\/staging.belleflamme.ca\/fr\/categories\/cheminees-pieces-accessoires\/cheminees\/\"},{\"@type\":\"ListItem\",\"position\":5,\"name\":\"Enervex\",\"item\":\"https:\/\/staging.belleflamme.ca\/fr\/categories\/cheminees-pieces-accessoires\/cheminees\/enervex\/\"},{\"@type\":\"ListItem\",\"position\":6,\"name\":\"Clapet de chemin\u00e9e m\u00e9canique MFD par Enervex\"}]},{\"@type\":\"WebSite\",\"@id\":\"https:\/\/www.belleflamme.ca\/fr\/#website\",\"url\":\"https:\/\/www.belleflamme.ca\/fr\/\",\"name\":\"Groupe Belleflamme\",\"description\":\"La m\u00e9canique du b\u00e2timent dans le sang.\",\"publisher\":{\"@id\":\"https:\/\/www.belleflamme.ca\/fr\/#organization\"},\"potentialAction\":[{\"@type\":\"SearchAction\",\"target\":{\"@type\":\"EntryPoint\",\"urlTemplate\":\"https:\/\/www.belleflamme.ca\/fr\/?s={search_term_string}\"},\"query-input\":{\"@type\":\"PropertyValueSpecification\",\"valueRequired\":true,\"valueName\":\"search_term_string\"}}],\"inLanguage\":\"fr-FR\"},{\"@type\":[\"Organization\",\"Place\"],\"@id\":\"https:\/\/www.belleflamme.ca\/fr\/#organization\",\"name\":\"Groupe Belleflamme\",\"alternateName\":\"Belleflamme\",\"url\":\"https:\/\/www.belleflamme.ca\/fr\/\",\"logo\":{\"@type\":\"ImageObject\",\"inLanguage\":\"fr-FR\",\"@id\":\"https:\/\/www.belleflamme.ca\/fr\/#\/schema\/logo\/image\/\",\"url\":\"https:\/\/staging.belleflamme.ca\/wp-content\/uploads\/2023\/01\/og-image.jpg\",\"contentUrl\":\"https:\/\/staging.belleflamme.ca\/wp-content\/uploads\/2023\/01\/og-image.jpg\",\"width\":1200,\"height\":630,\"caption\":\"Groupe Belleflamme\"},\"image\":{\"@id\":\"https:\/\/www.belleflamme.ca\/fr\/#\/schema\/logo\/image\/\"},\"sameAs\":[\"https:\/\/www.facebook.com\/belleflamme.ca\/\",\"https:\/\/www.linkedin.com\/company\/belleflamme\/\",\"https:\/\/www.pinterest.ca\/groupebelleflamme\/\",\"https:\/\/www.instagram.com\/legroupebelleflamme\/\"],\"mainEntityOfPage\":{\"@id\":\"https:\/\/staging.belleflamme.ca\/fr\/produit\/clapet-de-cheminee-mecanique-mfd-par-enervex\/\"}}]}<\/script>\n<meta property=\"product:brand\" content=\"Enervex\" \/>\n<meta property=\"og:availability\" content=\"instock\" \/>\n<meta property=\"product:availability\" content=\"instock\" \/>\n<meta property=\"product:condition\" content=\"new\" \/>\n<!-- \/ Yoast SEO Premium plugin. -->","yoast_head_json":{"title":"Clapet de chemin\u00e9e m\u00e9canique MFD par Enervex - Groupe BelleFlamme","description":"Clapet de chemin\u00e9e m\u00e9canique MFD par Enervex vendu et install\u00e9 par le Groupe Belleflamme. Laval, Montr\u00e9al, Gatineau, Drummondville et Saint-Sauveur.","robots":{"index":"index","follow":"follow","max-snippet":"max-snippet:-1","max-image-preview":"max-image-preview:large","max-video-preview":"max-video-preview:-1"},"canonical":"https:\/\/staging.belleflamme.ca\/fr\/produit\/clapet-de-cheminee-mecanique-mfd-par-enervex\/","og_locale":"fr_FR","og_type":"article","og_title":"Clapet de chemin\u00e9e m\u00e9canique MFD par Enervex","og_description":"Clapet de chemin\u00e9e m\u00e9canique MFD par Enervex vendu et install\u00e9 par le Groupe Belleflamme. Laval, Montr\u00e9al, Gatineau, Drummondville et Saint-Sauveur.","og_url":"https:\/\/staging.belleflamme.ca\/fr\/produit\/clapet-de-cheminee-mecanique-mfd-par-enervex\/","og_site_name":"Groupe BelleFlamme","article_publisher":"https:\/\/www.facebook.com\/belleflamme.ca\/","article_modified_time":"2024-01-12T19:51:00+00:00","og_image":[{"width":600,"height":600,"url":"https:\/\/www.belleflamme.ca\/wp-content\/uploads\/2024\/01\/Clapet-de-cheminee-mecanique-MFD-par-Enervex.webp","type":"image\/webp"}],"twitter_card":"summary_large_image","twitter_misc":{"Disponibilit\u00e9":"En stock"},"schema":{"@context":"https:\/\/schema.org","@graph":[{"@type":["WebPage","ItemPage"],"@id":"https:\/\/staging.belleflamme.ca\/fr\/produit\/clapet-de-cheminee-mecanique-mfd-par-enervex\/","url":"https:\/\/staging.belleflamme.ca\/fr\/produit\/clapet-de-cheminee-mecanique-mfd-par-enervex\/","name":"Clapet de chemin\u00e9e m\u00e9canique MFD par Enervex - Groupe BelleFlamme","isPartOf":{"@id":"https:\/\/www.belleflamme.ca\/fr\/#website"},"primaryImageOfPage":{"@id":"https:\/\/staging.belleflamme.ca\/fr\/produit\/clapet-de-cheminee-mecanique-mfd-par-enervex\/#primaryimage"},"image":{"@id":"https:\/\/staging.belleflamme.ca\/fr\/produit\/clapet-de-cheminee-mecanique-mfd-par-enervex\/#primaryimage"},"thumbnailUrl":"https:\/\/staging.belleflamme.ca\/wp-content\/uploads\/2024\/01\/Clapet-de-cheminee-mecanique-MFD-par-Enervex.webp","datePublished":"2024-01-12T19:46:51+00:00","dateModified":"2024-01-12T19:51:00+00:00","description":"Clapet de chemin\u00e9e m\u00e9canique MFD par Enervex [get_meta_en_fr]","breadcrumb":{"@id":"https:\/\/staging.belleflamme.ca\/fr\/produit\/clapet-de-cheminee-mecanique-mfd-par-enervex\/#breadcrumb"},"inLanguage":"fr-FR","potentialAction":[{"@type":"ReadAction","target":["https:\/\/staging.belleflamme.ca\/fr\/produit\/clapet-de-cheminee-mecanique-mfd-par-enervex\/"]}]},{"@type":"ImageObject","inLanguage":"fr-FR","@id":"https:\/\/staging.belleflamme.ca\/fr\/produit\/clapet-de-cheminee-mecanique-mfd-par-enervex\/#primaryimage","url":"https:\/\/staging.belleflamme.ca\/wp-content\/uploads\/2024\/01\/Clapet-de-cheminee-mecanique-MFD-par-Enervex.webp","contentUrl":"https:\/\/staging.belleflamme.ca\/wp-content\/uploads\/2024\/01\/Clapet-de-cheminee-mecanique-MFD-par-Enervex.webp","width":600,"height":600,"caption":"Clapet de chemin\u00e9e m\u00e9canique MFD par Enervex"},{"@type":"BreadcrumbList","@id":"https:\/\/staging.belleflamme.ca\/fr\/produit\/clapet-de-cheminee-mecanique-mfd-par-enervex\/#breadcrumb","itemListElement":[{"@type":"ListItem","position":1,"name":"Accueil","item":"https:\/\/www.belleflamme.ca\/fr\/"},{"@type":"ListItem","position":2,"name":"Boutique","item":"https:\/\/www.belleflamme.ca\/fr\/boutique\/"},{"@type":"ListItem","position":3,"name":"Chemin\u00e9es, Pi\u00e8ces &amp; Accessoires","item":"https:\/\/staging.belleflamme.ca\/fr\/categories\/cheminees-pieces-accessoires\/"},{"@type":"ListItem","position":4,"name":"Chemin\u00e9es","item":"https:\/\/staging.belleflamme.ca\/fr\/categories\/cheminees-pieces-accessoires\/cheminees\/"},{"@type":"ListItem","position":5,"name":"Enervex","item":"https:\/\/staging.belleflamme.ca\/fr\/categories\/cheminees-pieces-accessoires\/cheminees\/enervex\/"},{"@type":"ListItem","position":6,"name":"Clapet de chemin\u00e9e m\u00e9canique MFD par Enervex"}]},{"@type":"WebSite","@id":"https:\/\/www.belleflamme.ca\/fr\/#website","url":"https:\/\/www.belleflamme.ca\/fr\/","name":"Groupe Belleflamme","description":"La m\u00e9canique du b\u00e2timent dans le sang.","publisher":{"@id":"https:\/\/www.belleflamme.ca\/fr\/#organization"},"potentialAction":[{"@type":"SearchAction","target":{"@type":"EntryPoint","urlTemplate":"https:\/\/www.belleflamme.ca\/fr\/?s={search_term_string}"},"query-input":{"@type":"PropertyValueSpecification","valueRequired":true,"valueName":"search_term_string"}}],"inLanguage":"fr-FR"},{"@type":["Organization","Place"],"@id":"https:\/\/www.belleflamme.ca\/fr\/#organization","name":"Groupe Belleflamme","alternateName":"Belleflamme","url":"https:\/\/www.belleflamme.ca\/fr\/","logo":{"@type":"ImageObject","inLanguage":"fr-FR","@id":"https:\/\/www.belleflamme.ca\/fr\/#\/schema\/logo\/image\/","url":"https:\/\/staging.belleflamme.ca\/wp-content\/uploads\/2023\/01\/og-image.jpg","contentUrl":"https:\/\/staging.belleflamme.ca\/wp-content\/uploads\/2023\/01\/og-image.jpg","width":1200,"height":630,"caption":"Groupe Belleflamme"},"image":{"@id":"https:\/\/www.belleflamme.ca\/fr\/#\/schema\/logo\/image\/"},"sameAs":["https:\/\/www.facebook.com\/belleflamme.ca\/","https:\/\/www.linkedin.com\/company\/belleflamme\/","https:\/\/www.pinterest.ca\/groupebelleflamme\/","https:\/\/www.instagram.com\/legroupebelleflamme\/"],"mainEntityOfPage":{"@id":"https:\/\/staging.belleflamme.ca\/fr\/produit\/clapet-de-cheminee-mecanique-mfd-par-enervex\/"}}]},"product_brand":"Enervex","og_availability":"instock","product_availability":"instock","product_condition":"new"},"_links":{"self":[{"href":"https:\/\/staging.belleflamme.ca\/fr\/wp-json\/wp\/v2\/product\/25234","targetHints":{"allow":["GET"]}}],"collection":[{"href":"https:\/\/staging.belleflamme.ca\/fr\/wp-json\/wp\/v2\/product"}],"about":[{"href":"https:\/\/staging.belleflamme.ca\/fr\/wp-json\/wp\/v2\/types\/product"}],"version-history":[{"count":4,"href":"https:\/\/staging.belleflamme.ca\/fr\/wp-json\/wp\/v2\/product\/25234\/revisions"}],"predecessor-version":[{"id":25304,"href":"https:\/\/staging.belleflamme.ca\/fr\/wp-json\/wp\/v2\/product\/25234\/revisions\/25304"}],"wp:featuredmedia":[{"embeddable":true,"href":"https:\/\/staging.belleflamme.ca\/fr\/wp-json\/wp\/v2\/media\/25235"}],"wp:attachment":[{"href":"https:\/\/staging.belleflamme.ca\/fr\/wp-json\/wp\/v2\/media?parent=25234"}],"wp:term":[{"taxonomy":"product_brand","embeddable":true,"href":"https:\/\/staging.belleflamme.ca\/fr\/wp-json\/wp\/v2\/product_brand?post=25234"},{"taxonomy":"product_cat","embeddable":true,"href":"https:\/\/staging.belleflamme.ca\/fr\/wp-json\/wp\/v2\/product_cat?post=25234"},{"taxonomy":"product_tag","embeddable":true,"href":"https:\/\/staging.belleflamme.ca\/fr\/wp-json\/wp\/v2\/product_tag?post=25234"}],"curies":[{"name":"wp","href":"https:\/\/api.w.org\/{rel}","templated":true}]}}