{"id":25218,"date":"2024-01-12T14:05:32","date_gmt":"2024-01-12T19:05:32","guid":{"rendered":"https:\/\/www.belleflamme.ca\/?post_type=product&#038;p=25218"},"modified":"2024-01-18T09:56:17","modified_gmt":"2024-01-18T14:56:17","slug":"commutateur-daspiration-eprouve-pds-de-enervex","status":"publish","type":"product","link":"https:\/\/staging.belleflamme.ca\/fr\/produit\/commutateur-daspiration-eprouve-pds-de-enervex\/","title":{"rendered":"Commutateur d&#8217;aspiration \u00e9prouv\u00e9 PDS de Enervex"},"content":{"rendered":"<div class=\"product-content\">\n<p>Prot\u00e9ger contre un aspiration insuffisant et des conditions de tirage dangereuses caus\u00e9es par une panne m\u00e9canique ou \u00e9lectrique.<\/p>\n<p>Le commutateur de tirage \u00e9prouv\u00e9 (PDS) est un pressostat diff\u00e9rentiel \u00e0 point de consigne fixe qui s&#8217;int\u00e8gre parfaitement aux syst\u00e8mes de tirage m\u00e9canique ENERVEX pour arr\u00eater en toute s\u00e9curit\u00e9 les appareils de chauffage en cas de panne de ventilateur.<\/p>\n<p>Utilis\u00e9 avec des appareils aliment\u00e9s au gaz ou au mazout, le pressostat PDS peut \u00eatre verrouill\u00e9 avec la vanne d&#8217;alimentation en gaz ou le circuit de s\u00e9curit\u00e9 ou de contr\u00f4le de votre appareil.\u00a0La pression diff\u00e9rentielle agit via la membrane contre la force du ressort de r\u00e9glage sur le microrupteur.<\/p>\n<h3>Caract\u00e9ristiques<\/h3>\n<ul>\n<li>Surveillance fiable de la pression<\/li>\n<li>Convient pour l&#8217;air, les fum\u00e9es et les gaz d&#8217;\u00e9chappement<\/li>\n<li>Fonctionne sans aucune alimentation auxiliaire<\/li>\n<\/ul>\n<p>&nbsp;<\/p>\n<\/div>\n<h3>Caract\u00e9ristiques<\/h3>\n<div class=\"specifications\">\n<table>\n<tbody>\n<tr>\n<td class=\"colLeft\">Mat\u00e9riau du diaphragme<\/td>\n<td class=\"colRight\">NBR (Silicone)<\/td>\n<\/tr>\n<tr>\n<td class=\"colLeft\">Charge maximale<\/td>\n<td class=\"colRight\">3 A \u00e0 120 VCA<\/td>\n<\/tr>\n<tr>\n<td class=\"colLeft\">Plage de fonctionnement<\/td>\n<td class=\"colRight\">0,05 50 0,5 poWC (13 \u00e0 135 Pa)<\/td>\n<\/tr>\n<tr>\n<td class=\"colLeft\">Limites de temp\u00e9rature<\/td>\n<td class=\"colRight\">-40\u00b0F \u00e0 +190\u00b0F (-40\u00b0C \u00e0 +88\u00b0C)<\/td>\n<\/tr>\n<tr>\n<td class=\"colLeft\">Pression maximale<\/td>\n<td class=\"colRight\">3 PSI (207 mbar)<\/td>\n<\/tr>\n<tr>\n<td class=\"colLeft\">Connexion du c\u00e2blage<\/td>\n<td class=\"colRight\">Bornes \u00e0 connexion rapide sans soudure 1\/4&#8243;<\/td>\n<\/tr>\n<tr>\n<td class=\"colLeft\">Connexions de pression<\/td>\n<td class=\"colRight\">2 tubes en plastique de 1\/4&#8243; (6 mm) de diam\u00e8tre ext\u00e9rieur<\/td>\n<\/tr>\n<tr>\n<td class=\"colLeft\">Poids<\/td>\n<td class=\"colRight\">9,6 onces (0,275 kg)<\/td>\n<\/tr>\n<tr>\n<td class=\"colLeft\">Classe d&#8217;isolation<\/td>\n<td class=\"colRight\">NEMA 1 (IP20)<\/td>\n<\/tr>\n<tr>\n<td class=\"colLeft\">garantie<\/td>\n<td class=\"colRight\">Garantie d&#8217;usine de 2 ans<\/td>\n<\/tr>\n<tr>\n<td class=\"colLeft\">Certification d&#8217;inscription<\/td>\n<td class=\"colRight\">Norme UL<\/td>\n<\/tr>\n<\/tbody>\n<\/table>\n<\/div>\n","protected":false},"excerpt":{"rendered":"<p>Prot\u00e9ger contre un aspiration insuffisant et des conditions de tirage dangereuses caus\u00e9es par une panne m\u00e9canique ou \u00e9lectrique. Le commutateur de tirage \u00e9prouv\u00e9 (PDS) est un pressostat diff\u00e9rentiel \u00e0 point de consigne fixe qui s&#8217;int\u00e8gre parfaitement aux syst\u00e8mes de tirage m\u00e9canique ENERVEX pour arr\u00eater en toute s\u00e9curit\u00e9 les appareils de chauffage en cas de panne [&hellip;]<\/p>\n","protected":false},"featured_media":25220,"template":"","meta":{"inline_featured_image":false},"product_brand":[826],"product_cat":[1110,45],"product_tag":[],"class_list":{"0":"post-25218","1":"product","2":"type-product","3":"status-publish","4":"has-post-thumbnail","6":"product_brand-enervex","7":"product_cat-controle-et-telecommande","8":"product_cat-cheminees-pieces-accessoires","10":"first","11":"instock","12":"taxable","13":"shipping-taxable","14":"purchasable","15":"product-type-simple"},"yoast_head":"<!-- This site is optimized with the Yoast SEO Premium plugin v24.2 (Yoast SEO v24.2) - https:\/\/yoast.com\/wordpress\/plugins\/seo\/ -->\n<title>Commutateur d&#039;aspiration \u00e9prouv\u00e9 PDS de Enervex - Groupe BelleFlamme<\/title>\n<meta name=\"description\" content=\"Commutateur d&#039;aspiration \u00e9prouv\u00e9 PDS de Enervex\" \/>\n<meta name=\"robots\" content=\"index, follow, max-snippet:-1, max-image-preview:large, max-video-preview:-1\" \/>\n<link rel=\"canonical\" href=\"https:\/\/staging.belleflamme.ca\/fr\/produit\/commutateur-daspiration-eprouve-pds-de-enervex\/\" \/>\n<meta property=\"og:locale\" content=\"fr_FR\" \/>\n<meta property=\"og:type\" content=\"article\" \/>\n<meta property=\"og:title\" content=\"Commutateur d&#039;aspiration \u00e9prouv\u00e9 PDS de Enervex\" \/>\n<meta property=\"og:description\" content=\"Commutateur d&#039;aspiration \u00e9prouv\u00e9 PDS de Enervex\" \/>\n<meta property=\"og:url\" content=\"https:\/\/staging.belleflamme.ca\/fr\/produit\/commutateur-daspiration-eprouve-pds-de-enervex\/\" \/>\n<meta property=\"og:site_name\" content=\"Groupe BelleFlamme\" \/>\n<meta property=\"article:publisher\" content=\"https:\/\/www.facebook.com\/belleflamme.ca\/\" \/>\n<meta property=\"article:modified_time\" content=\"2024-01-18T14:56:17+00:00\" \/>\n<meta property=\"og:image\" content=\"https:\/\/www.belleflamme.ca\/wp-content\/uploads\/2024\/01\/Commutateur-daspiration-eprouve-PDS-de-Enervex.webp\" \/>\n\t<meta property=\"og:image:width\" content=\"600\" \/>\n\t<meta property=\"og:image:height\" content=\"600\" \/>\n\t<meta property=\"og:image:type\" content=\"image\/webp\" \/>\n<meta name=\"twitter:card\" content=\"summary_large_image\" \/>\n<meta name=\"twitter:label1\" content=\"Prix\" \/>\n\t<meta name=\"twitter:data1\" content=\"&#036;476.00\" \/>\n\t<meta name=\"twitter:label2\" content=\"Disponibilit\u00e9\" \/>\n\t<meta name=\"twitter:data2\" content=\"En stock\" \/>\n<script type=\"application\/ld+json\" class=\"yoast-schema-graph\">{\"@context\":\"https:\/\/schema.org\",\"@graph\":[{\"@type\":[\"WebPage\",\"ItemPage\"],\"@id\":\"https:\/\/staging.belleflamme.ca\/fr\/produit\/commutateur-daspiration-eprouve-pds-de-enervex\/\",\"url\":\"https:\/\/staging.belleflamme.ca\/fr\/produit\/commutateur-daspiration-eprouve-pds-de-enervex\/\",\"name\":\"Commutateur d'aspiration \u00e9prouv\u00e9 PDS de Enervex - Groupe BelleFlamme\",\"isPartOf\":{\"@id\":\"https:\/\/www.belleflamme.ca\/fr\/#website\"},\"primaryImageOfPage\":{\"@id\":\"https:\/\/staging.belleflamme.ca\/fr\/produit\/commutateur-daspiration-eprouve-pds-de-enervex\/#primaryimage\"},\"image\":{\"@id\":\"https:\/\/staging.belleflamme.ca\/fr\/produit\/commutateur-daspiration-eprouve-pds-de-enervex\/#primaryimage\"},\"thumbnailUrl\":\"https:\/\/staging.belleflamme.ca\/wp-content\/uploads\/2024\/01\/Commutateur-daspiration-eprouve-PDS-de-Enervex.webp\",\"datePublished\":\"2024-01-12T19:05:32+00:00\",\"dateModified\":\"2024-01-18T14:56:17+00:00\",\"description\":\"Commutateur d'aspiration \u00e9prouv\u00e9 PDS de Enervex\",\"breadcrumb\":{\"@id\":\"https:\/\/staging.belleflamme.ca\/fr\/produit\/commutateur-daspiration-eprouve-pds-de-enervex\/#breadcrumb\"},\"inLanguage\":\"fr-FR\",\"potentialAction\":[{\"@type\":\"ReadAction\",\"target\":[\"https:\/\/staging.belleflamme.ca\/fr\/produit\/commutateur-daspiration-eprouve-pds-de-enervex\/\"]}]},{\"@type\":\"ImageObject\",\"inLanguage\":\"fr-FR\",\"@id\":\"https:\/\/staging.belleflamme.ca\/fr\/produit\/commutateur-daspiration-eprouve-pds-de-enervex\/#primaryimage\",\"url\":\"https:\/\/staging.belleflamme.ca\/wp-content\/uploads\/2024\/01\/Commutateur-daspiration-eprouve-PDS-de-Enervex.webp\",\"contentUrl\":\"https:\/\/staging.belleflamme.ca\/wp-content\/uploads\/2024\/01\/Commutateur-daspiration-eprouve-PDS-de-Enervex.webp\",\"width\":600,\"height\":600,\"caption\":\"Commutateur d'aspiration \u00e9prouv\u00e9 PDS de Enervex\"},{\"@type\":\"BreadcrumbList\",\"@id\":\"https:\/\/staging.belleflamme.ca\/fr\/produit\/commutateur-daspiration-eprouve-pds-de-enervex\/#breadcrumb\",\"itemListElement\":[{\"@type\":\"ListItem\",\"position\":1,\"name\":\"Accueil\",\"item\":\"https:\/\/www.belleflamme.ca\/fr\/\"},{\"@type\":\"ListItem\",\"position\":2,\"name\":\"Boutique\",\"item\":\"https:\/\/www.belleflamme.ca\/fr\/boutique\/\"},{\"@type\":\"ListItem\",\"position\":3,\"name\":\"Chemin\u00e9es, Pi\u00e8ces &amp; Accessoires\",\"item\":\"https:\/\/staging.belleflamme.ca\/fr\/categories\/cheminees-pieces-accessoires\/\"},{\"@type\":\"ListItem\",\"position\":4,\"name\":\"Contr\u00f4le et T\u00e9l\u00e9commande\",\"item\":\"https:\/\/staging.belleflamme.ca\/fr\/categories\/cheminees-pieces-accessoires\/controle-et-telecommande\/\"},{\"@type\":\"ListItem\",\"position\":5,\"name\":\"Commutateur d&#8217;aspiration \u00e9prouv\u00e9 PDS de Enervex\"}]},{\"@type\":\"WebSite\",\"@id\":\"https:\/\/www.belleflamme.ca\/fr\/#website\",\"url\":\"https:\/\/www.belleflamme.ca\/fr\/\",\"name\":\"Groupe Belleflamme\",\"description\":\"La m\u00e9canique du b\u00e2timent dans le sang.\",\"publisher\":{\"@id\":\"https:\/\/www.belleflamme.ca\/fr\/#organization\"},\"potentialAction\":[{\"@type\":\"SearchAction\",\"target\":{\"@type\":\"EntryPoint\",\"urlTemplate\":\"https:\/\/www.belleflamme.ca\/fr\/?s={search_term_string}\"},\"query-input\":{\"@type\":\"PropertyValueSpecification\",\"valueRequired\":true,\"valueName\":\"search_term_string\"}}],\"inLanguage\":\"fr-FR\"},{\"@type\":[\"Organization\",\"Place\"],\"@id\":\"https:\/\/www.belleflamme.ca\/fr\/#organization\",\"name\":\"Groupe Belleflamme\",\"alternateName\":\"Belleflamme\",\"url\":\"https:\/\/www.belleflamme.ca\/fr\/\",\"logo\":{\"@type\":\"ImageObject\",\"inLanguage\":\"fr-FR\",\"@id\":\"https:\/\/www.belleflamme.ca\/fr\/#\/schema\/logo\/image\/\",\"url\":\"https:\/\/staging.belleflamme.ca\/wp-content\/uploads\/2023\/01\/og-image.jpg\",\"contentUrl\":\"https:\/\/staging.belleflamme.ca\/wp-content\/uploads\/2023\/01\/og-image.jpg\",\"width\":1200,\"height\":630,\"caption\":\"Groupe Belleflamme\"},\"image\":{\"@id\":\"https:\/\/www.belleflamme.ca\/fr\/#\/schema\/logo\/image\/\"},\"sameAs\":[\"https:\/\/www.facebook.com\/belleflamme.ca\/\",\"https:\/\/www.linkedin.com\/company\/belleflamme\/\",\"https:\/\/www.pinterest.ca\/groupebelleflamme\/\",\"https:\/\/www.instagram.com\/legroupebelleflamme\/\"],\"mainEntityOfPage\":{\"@id\":\"https:\/\/staging.belleflamme.ca\/fr\/produit\/commutateur-daspiration-eprouve-pds-de-enervex\/\"}}]}<\/script>\n<meta property=\"product:brand\" content=\"Enervex\" \/>\n<meta property=\"product:price:amount\" content=\"476.00\" \/>\n<meta property=\"product:price:currency\" content=\"CAD\" \/>\n<meta property=\"og:availability\" content=\"instock\" \/>\n<meta property=\"product:availability\" content=\"instock\" \/>\n<meta property=\"product:retailer_item_id\" content=\"PDS-1\" \/>\n<meta property=\"product:condition\" content=\"new\" \/>\n<!-- \/ Yoast SEO Premium plugin. -->","yoast_head_json":{"title":"Commutateur d'aspiration \u00e9prouv\u00e9 PDS de Enervex - Groupe BelleFlamme","description":"Commutateur d'aspiration \u00e9prouv\u00e9 PDS de Enervex","robots":{"index":"index","follow":"follow","max-snippet":"max-snippet:-1","max-image-preview":"max-image-preview:large","max-video-preview":"max-video-preview:-1"},"canonical":"https:\/\/staging.belleflamme.ca\/fr\/produit\/commutateur-daspiration-eprouve-pds-de-enervex\/","og_locale":"fr_FR","og_type":"article","og_title":"Commutateur d'aspiration \u00e9prouv\u00e9 PDS de Enervex","og_description":"Commutateur d'aspiration \u00e9prouv\u00e9 PDS de Enervex","og_url":"https:\/\/staging.belleflamme.ca\/fr\/produit\/commutateur-daspiration-eprouve-pds-de-enervex\/","og_site_name":"Groupe BelleFlamme","article_publisher":"https:\/\/www.facebook.com\/belleflamme.ca\/","article_modified_time":"2024-01-18T14:56:17+00:00","og_image":[{"width":600,"height":600,"url":"https:\/\/www.belleflamme.ca\/wp-content\/uploads\/2024\/01\/Commutateur-daspiration-eprouve-PDS-de-Enervex.webp","type":"image\/webp"}],"twitter_card":"summary_large_image","twitter_misc":{"Prix":"&#36;476.00","Disponibilit\u00e9":"En stock"},"schema":{"@context":"https:\/\/schema.org","@graph":[{"@type":["WebPage","ItemPage"],"@id":"https:\/\/staging.belleflamme.ca\/fr\/produit\/commutateur-daspiration-eprouve-pds-de-enervex\/","url":"https:\/\/staging.belleflamme.ca\/fr\/produit\/commutateur-daspiration-eprouve-pds-de-enervex\/","name":"Commutateur d'aspiration \u00e9prouv\u00e9 PDS de Enervex - Groupe BelleFlamme","isPartOf":{"@id":"https:\/\/www.belleflamme.ca\/fr\/#website"},"primaryImageOfPage":{"@id":"https:\/\/staging.belleflamme.ca\/fr\/produit\/commutateur-daspiration-eprouve-pds-de-enervex\/#primaryimage"},"image":{"@id":"https:\/\/staging.belleflamme.ca\/fr\/produit\/commutateur-daspiration-eprouve-pds-de-enervex\/#primaryimage"},"thumbnailUrl":"https:\/\/staging.belleflamme.ca\/wp-content\/uploads\/2024\/01\/Commutateur-daspiration-eprouve-PDS-de-Enervex.webp","datePublished":"2024-01-12T19:05:32+00:00","dateModified":"2024-01-18T14:56:17+00:00","description":"Commutateur d'aspiration \u00e9prouv\u00e9 PDS de Enervex","breadcrumb":{"@id":"https:\/\/staging.belleflamme.ca\/fr\/produit\/commutateur-daspiration-eprouve-pds-de-enervex\/#breadcrumb"},"inLanguage":"fr-FR","potentialAction":[{"@type":"ReadAction","target":["https:\/\/staging.belleflamme.ca\/fr\/produit\/commutateur-daspiration-eprouve-pds-de-enervex\/"]}]},{"@type":"ImageObject","inLanguage":"fr-FR","@id":"https:\/\/staging.belleflamme.ca\/fr\/produit\/commutateur-daspiration-eprouve-pds-de-enervex\/#primaryimage","url":"https:\/\/staging.belleflamme.ca\/wp-content\/uploads\/2024\/01\/Commutateur-daspiration-eprouve-PDS-de-Enervex.webp","contentUrl":"https:\/\/staging.belleflamme.ca\/wp-content\/uploads\/2024\/01\/Commutateur-daspiration-eprouve-PDS-de-Enervex.webp","width":600,"height":600,"caption":"Commutateur d'aspiration \u00e9prouv\u00e9 PDS de Enervex"},{"@type":"BreadcrumbList","@id":"https:\/\/staging.belleflamme.ca\/fr\/produit\/commutateur-daspiration-eprouve-pds-de-enervex\/#breadcrumb","itemListElement":[{"@type":"ListItem","position":1,"name":"Accueil","item":"https:\/\/www.belleflamme.ca\/fr\/"},{"@type":"ListItem","position":2,"name":"Boutique","item":"https:\/\/www.belleflamme.ca\/fr\/boutique\/"},{"@type":"ListItem","position":3,"name":"Chemin\u00e9es, Pi\u00e8ces &amp; Accessoires","item":"https:\/\/staging.belleflamme.ca\/fr\/categories\/cheminees-pieces-accessoires\/"},{"@type":"ListItem","position":4,"name":"Contr\u00f4le et T\u00e9l\u00e9commande","item":"https:\/\/staging.belleflamme.ca\/fr\/categories\/cheminees-pieces-accessoires\/controle-et-telecommande\/"},{"@type":"ListItem","position":5,"name":"Commutateur d&#8217;aspiration \u00e9prouv\u00e9 PDS de Enervex"}]},{"@type":"WebSite","@id":"https:\/\/www.belleflamme.ca\/fr\/#website","url":"https:\/\/www.belleflamme.ca\/fr\/","name":"Groupe Belleflamme","description":"La m\u00e9canique du b\u00e2timent dans le sang.","publisher":{"@id":"https:\/\/www.belleflamme.ca\/fr\/#organization"},"potentialAction":[{"@type":"SearchAction","target":{"@type":"EntryPoint","urlTemplate":"https:\/\/www.belleflamme.ca\/fr\/?s={search_term_string}"},"query-input":{"@type":"PropertyValueSpecification","valueRequired":true,"valueName":"search_term_string"}}],"inLanguage":"fr-FR"},{"@type":["Organization","Place"],"@id":"https:\/\/www.belleflamme.ca\/fr\/#organization","name":"Groupe Belleflamme","alternateName":"Belleflamme","url":"https:\/\/www.belleflamme.ca\/fr\/","logo":{"@type":"ImageObject","inLanguage":"fr-FR","@id":"https:\/\/www.belleflamme.ca\/fr\/#\/schema\/logo\/image\/","url":"https:\/\/staging.belleflamme.ca\/wp-content\/uploads\/2023\/01\/og-image.jpg","contentUrl":"https:\/\/staging.belleflamme.ca\/wp-content\/uploads\/2023\/01\/og-image.jpg","width":1200,"height":630,"caption":"Groupe Belleflamme"},"image":{"@id":"https:\/\/www.belleflamme.ca\/fr\/#\/schema\/logo\/image\/"},"sameAs":["https:\/\/www.facebook.com\/belleflamme.ca\/","https:\/\/www.linkedin.com\/company\/belleflamme\/","https:\/\/www.pinterest.ca\/groupebelleflamme\/","https:\/\/www.instagram.com\/legroupebelleflamme\/"],"mainEntityOfPage":{"@id":"https:\/\/staging.belleflamme.ca\/fr\/produit\/commutateur-daspiration-eprouve-pds-de-enervex\/"}}]},"product_brand":"Enervex","product_price_amount":"476.00","product_price_currency":"CAD","og_availability":"instock","product_availability":"instock","product_retailer_item_id":"PDS-1","product_condition":"new"},"_links":{"self":[{"href":"https:\/\/staging.belleflamme.ca\/fr\/wp-json\/wp\/v2\/product\/25218","targetHints":{"allow":["GET"]}}],"collection":[{"href":"https:\/\/staging.belleflamme.ca\/fr\/wp-json\/wp\/v2\/product"}],"about":[{"href":"https:\/\/staging.belleflamme.ca\/fr\/wp-json\/wp\/v2\/types\/product"}],"version-history":[{"count":2,"href":"https:\/\/staging.belleflamme.ca\/fr\/wp-json\/wp\/v2\/product\/25218\/revisions"}],"predecessor-version":[{"id":27158,"href":"https:\/\/staging.belleflamme.ca\/fr\/wp-json\/wp\/v2\/product\/25218\/revisions\/27158"}],"wp:featuredmedia":[{"embeddable":true,"href":"https:\/\/staging.belleflamme.ca\/fr\/wp-json\/wp\/v2\/media\/25220"}],"wp:attachment":[{"href":"https:\/\/staging.belleflamme.ca\/fr\/wp-json\/wp\/v2\/media?parent=25218"}],"wp:term":[{"taxonomy":"product_brand","embeddable":true,"href":"https:\/\/staging.belleflamme.ca\/fr\/wp-json\/wp\/v2\/product_brand?post=25218"},{"taxonomy":"product_cat","embeddable":true,"href":"https:\/\/staging.belleflamme.ca\/fr\/wp-json\/wp\/v2\/product_cat?post=25218"},{"taxonomy":"product_tag","embeddable":true,"href":"https:\/\/staging.belleflamme.ca\/fr\/wp-json\/wp\/v2\/product_tag?post=25218"}],"curies":[{"name":"wp","href":"https:\/\/api.w.org\/{rel}","templated":true}]}}