{"id":25201,"date":"2024-01-12T13:58:16","date_gmt":"2024-01-12T18:58:16","guid":{"rendered":"https:\/\/www.belleflamme.ca\/?post_type=product&#038;p=25201"},"modified":"2024-01-18T09:56:28","modified_gmt":"2024-01-18T14:56:28","slug":"capteur-de-pression-differentielle-xtp2-de-envervex","status":"publish","type":"product","link":"https:\/\/staging.belleflamme.ca\/fr\/produit\/capteur-de-pression-differentielle-xtp2-de-envervex\/","title":{"rendered":"Capteur de pression diff\u00e9rentielle XTP2 de Enervex"},"content":{"rendered":"\t\t<div data-elementor-type=\"product-post\" data-elementor-id=\"25201\" class=\"elementor elementor-25201\" data-elementor-post-type=\"product\">\n\t\t\t\t\t\t<section class=\"elementor-section elementor-top-section elementor-element elementor-element-75a8a208 elementor-section-boxed elementor-section-height-default elementor-section-height-default\" data-id=\"75a8a208\" data-element_type=\"section\">\n\t\t\t\t\t\t<div class=\"elementor-container elementor-column-gap-default\">\n\t\t\t\t\t<div class=\"elementor-column elementor-col-100 elementor-top-column elementor-element elementor-element-f57cbf6\" data-id=\"f57cbf6\" data-element_type=\"column\">\n\t\t\t<div class=\"elementor-widget-wrap elementor-element-populated\">\n\t\t\t\t\t\t<div class=\"elementor-element elementor-element-11092e2f elementor-widget elementor-widget-text-editor\" data-id=\"11092e2f\" data-element_type=\"widget\" data-widget_type=\"text-editor.default\">\n\t\t\t\t<div class=\"elementor-widget-container\">\n\t\t\t\t\t\t\t\t\t<div class=\"product-content\">\r\n\r\n<span>Le capteur de pression diff\u00e9rentielle XTP est un transducteur de pression externe qui surveille la pression dans l&#8217;\u00e9vent commun vertical.<\/span>\r\n\r\n<span>L&#8217;\u00e9metteur utilise un capteur \u00e0 capacit\u00e9 variable brevet\u00e9 Si-Glas\u2122.\u00a0Ce capteur MEMS offre une sensibilit\u00e9 extraordinaire et une stabilit\u00e9 \u00e0 long terme.\u00a0La nouvelle compensation num\u00e9rique est r\u00e9alis\u00e9e \u00e0 l&#8217;aide d&#8217;un circuit int\u00e9gr\u00e9 sp\u00e9cifique \u00e0 une application (ASIC) hautement fiable.<\/span>\r\n\r\n<span>Le transducteur convertit la pression mesur\u00e9e en une tension correspondante, qui est ensuite relay\u00e9e \u00e0 la commande pour moduler la position du registre et\/ou la vitesse du ventilateur, r\u00e9gulant ainsi la pression au point de consigne.<\/span>\r\n\r\n<span>Caract\u00e9ristiques<\/span>\r\n<ul>\r\n \t<li><span>Extr\u00eamement durable<\/span><\/li>\r\n \t<li><span>Design compact<\/span><\/li>\r\n \t<li><span>Bo\u00eetier NEMA 1 (IP20)<\/span><\/li>\r\n \t<li><span>Marqu\u00e9 CE<\/span><\/li>\r\n \t<li><span>Conforme RoHS<\/span><\/li>\r\n<\/ul>\r\n<\/div>\r\n<h3><span>Caract\u00e9ristiques<\/span><\/h3>\r\n<div class=\"specifications\">\r\n<table>\r\n<tbody>\r\n<tr>\r\n<td class=\"colLeft\"><span>Source de courant<\/span><\/td>\r\n<td class=\"colRight\"><span>12-36 VCC<\/span><\/td>\r\n<\/tr>\r\n<tr>\r\n<td class=\"colLeft\"><span>Intensit\u00e9 de courant<\/span><\/td>\r\n<td class=\"colRight\"><span>Moins de 20 mA<\/span><\/td>\r\n<\/tr>\r\n<tr>\r\n<td class=\"colLeft\"><span>Sortir<\/span><\/td>\r\n<td class=\"colRight\"><span>0-10 VCC<\/span><\/td>\r\n<\/tr>\r\n<tr>\r\n<td class=\"colLeft\"><span>Temp\u00e9rature de fonctionnement<\/span><\/td>\r\n<td class=\"colRight\"><span>0\u00b0F \u00e0 160\u00b0F (-18\u00b0C \u00e0 70\u00b0C)<\/span><\/td>\r\n<\/tr>\r\n<tr>\r\n<td class=\"colLeft\"><span>Pr\u00e9cision<\/span><\/td>\r\n<td class=\"colRight\"><span>+\/-0,08%<\/span><\/td>\r\n<\/tr>\r\n<tr>\r\n<td class=\"colLeft\"><span>Plage de fonctionnement<\/span><\/td>\r\n<td class=\"colRight\"><span>0 \u00e0 0,6&#8243;WC \/ 0-150Pa<\/span><\/td>\r\n<\/tr>\r\n<tr>\r\n<td class=\"colLeft\"><span>garantie<\/span><\/td>\r\n<td class=\"colRight\"><span>Garantie d&#8217;usine de 2 ans<\/span><\/td>\r\n<\/tr>\r\n<\/tbody>\r\n<\/table>\r\n<\/div>\t\t\t\t\t\t\t\t<\/div>\n\t\t\t\t<\/div>\n\t\t\t\t\t<\/div>\n\t\t<\/div>\n\t\t\t\t\t<\/div>\n\t\t<\/section>\n\t\t\t\t<section class=\"elementor-section elementor-top-section elementor-element elementor-element-75ef959 elementor-section-boxed elementor-section-height-default elementor-section-height-default\" data-id=\"75ef959\" data-element_type=\"section\">\n\t\t\t\t\t\t<div class=\"elementor-container elementor-column-gap-default\">\n\t\t\t\t\t<div class=\"elementor-column elementor-col-100 elementor-top-column elementor-element elementor-element-00d5c47\" data-id=\"00d5c47\" data-element_type=\"column\">\n\t\t\t<div class=\"elementor-widget-wrap elementor-element-populated\">\n\t\t\t\t\t\t<div class=\"elementor-element elementor-element-1c80ddf elementor-tabs-view-horizontal elementor-widget elementor-widget-tabs\" data-id=\"1c80ddf\" data-element_type=\"widget\" data-widget_type=\"tabs.default\">\n\t\t\t\t<div class=\"elementor-widget-container\">\n\t\t\t\t\t\t\t<div class=\"elementor-tabs\">\n\t\t\t<div class=\"elementor-tabs-wrapper\" role=\"tablist\" >\n\t\t\t\t\t\t\t\t\t<div id=\"elementor-tab-title-2981\" class=\"elementor-tab-title elementor-tab-desktop-title\" aria-selected=\"true\" data-tab=\"1\" role=\"tab\" tabindex=\"0\" aria-controls=\"elementor-tab-content-2981\" aria-expanded=\"false\">Fichiers<\/div>\n\t\t\t\t\t\t\t<\/div>\n\t\t\t<div class=\"elementor-tabs-content-wrapper\" role=\"tablist\" aria-orientation=\"vertical\">\n\t\t\t\t\t\t\t\t\t<div class=\"elementor-tab-title elementor-tab-mobile-title\" aria-selected=\"true\" data-tab=\"1\" role=\"tab\" tabindex=\"0\" aria-controls=\"elementor-tab-content-2981\" aria-expanded=\"false\">Fichiers<\/div>\n\t\t\t\t\t<div id=\"elementor-tab-content-2981\" class=\"elementor-tab-content elementor-clearfix\" data-tab=\"1\" role=\"tabpanel\" aria-labelledby=\"elementor-tab-title-2981\" tabindex=\"0\" hidden=\"false\"><i class=\"far fa-file-pdf fa-xl\" style=\"font-size:35px\"><\/i><a href=\"https:\/\/www.belleflamme.ca\/wp-content\/uploads\/2024\/01\/XTP_01-17.pdf\"> Sp\u00e9cifications<\/a><\/br><\/div>\n\t\t\t\t\t\t\t<\/div>\n\t\t<\/div>\n\t\t\t\t\t\t<\/div>\n\t\t\t\t<\/div>\n\t\t\t\t\t<\/div>\n\t\t<\/div>\n\t\t\t\t\t<\/div>\n\t\t<\/section>\n\t\t\t\t<\/div>\n\t\t","protected":false},"excerpt":{"rendered":"<p>Le capteur de pression diff\u00e9rentielle XTP est un transducteur de pression externe qui surveille la pression dans l&#8217;\u00e9vent commun vertical. L&#8217;\u00e9metteur utilise un capteur \u00e0 capacit\u00e9 variable brevet\u00e9 Si-Glas\u2122.\u00a0Ce capteur MEMS offre une sensibilit\u00e9 extraordinaire et une stabilit\u00e9 \u00e0 long terme.\u00a0La nouvelle compensation num\u00e9rique est r\u00e9alis\u00e9e \u00e0 l&#8217;aide d&#8217;un circuit int\u00e9gr\u00e9 sp\u00e9cifique \u00e0 une application [&hellip;]<\/p>\n","protected":false},"featured_media":25203,"template":"","meta":{"inline_featured_image":false},"product_brand":[826],"product_cat":[1110,45],"product_tag":[],"class_list":{"0":"post-25201","1":"product","2":"type-product","3":"status-publish","4":"has-post-thumbnail","6":"product_brand-enervex","7":"product_cat-controle-et-telecommande","8":"product_cat-cheminees-pieces-accessoires","10":"first","11":"instock","12":"taxable","13":"shipping-taxable","14":"purchasable","15":"product-type-simple"},"yoast_head":"<!-- This site is optimized with the Yoast SEO Premium plugin v24.2 (Yoast SEO v24.2) - https:\/\/yoast.com\/wordpress\/plugins\/seo\/ -->\n<title>Capteur de pression diff\u00e9rentielle XTP2 de Enervex - Groupe BelleFlamme<\/title>\n<meta name=\"description\" content=\"Capteur de pression diff\u00e9rentielle XTP2 de Envervex\" \/>\n<meta name=\"robots\" content=\"index, follow, max-snippet:-1, max-image-preview:large, max-video-preview:-1\" \/>\n<link rel=\"canonical\" href=\"https:\/\/staging.belleflamme.ca\/fr\/produit\/capteur-de-pression-differentielle-xtp2-de-envervex\/\" \/>\n<meta property=\"og:locale\" content=\"fr_FR\" \/>\n<meta property=\"og:type\" content=\"article\" \/>\n<meta property=\"og:title\" content=\"Capteur de pression diff\u00e9rentielle XTP2 de Enervex\" \/>\n<meta property=\"og:description\" content=\"Capteur de pression diff\u00e9rentielle XTP2 de Envervex\" \/>\n<meta property=\"og:url\" content=\"https:\/\/staging.belleflamme.ca\/fr\/produit\/capteur-de-pression-differentielle-xtp2-de-envervex\/\" \/>\n<meta property=\"og:site_name\" content=\"Groupe BelleFlamme\" \/>\n<meta property=\"article:publisher\" content=\"https:\/\/www.facebook.com\/belleflamme.ca\/\" \/>\n<meta property=\"article:modified_time\" content=\"2024-01-18T14:56:28+00:00\" \/>\n<meta property=\"og:image\" content=\"https:\/\/www.belleflamme.ca\/wp-content\/uploads\/2024\/01\/Capteur-de-pression-differentielle-XTP2-de-Envervex.webp\" \/>\n\t<meta property=\"og:image:width\" content=\"600\" \/>\n\t<meta property=\"og:image:height\" content=\"600\" \/>\n\t<meta property=\"og:image:type\" content=\"image\/webp\" \/>\n<meta name=\"twitter:card\" content=\"summary_large_image\" \/>\n<meta name=\"twitter:label1\" content=\"Prix\" \/>\n\t<meta name=\"twitter:data1\" content=\"&#036;1,426.00\" \/>\n\t<meta name=\"twitter:label2\" content=\"Disponibilit\u00e9\" \/>\n\t<meta name=\"twitter:data2\" content=\"En stock\" \/>\n<script type=\"application\/ld+json\" class=\"yoast-schema-graph\">{\"@context\":\"https:\/\/schema.org\",\"@graph\":[{\"@type\":[\"WebPage\",\"ItemPage\"],\"@id\":\"https:\/\/staging.belleflamme.ca\/fr\/produit\/capteur-de-pression-differentielle-xtp2-de-envervex\/\",\"url\":\"https:\/\/staging.belleflamme.ca\/fr\/produit\/capteur-de-pression-differentielle-xtp2-de-envervex\/\",\"name\":\"Capteur de pression diff\u00e9rentielle XTP2 de Enervex - Groupe BelleFlamme\",\"isPartOf\":{\"@id\":\"https:\/\/www.belleflamme.ca\/fr\/#website\"},\"primaryImageOfPage\":{\"@id\":\"https:\/\/staging.belleflamme.ca\/fr\/produit\/capteur-de-pression-differentielle-xtp2-de-envervex\/#primaryimage\"},\"image\":{\"@id\":\"https:\/\/staging.belleflamme.ca\/fr\/produit\/capteur-de-pression-differentielle-xtp2-de-envervex\/#primaryimage\"},\"thumbnailUrl\":\"https:\/\/staging.belleflamme.ca\/wp-content\/uploads\/2024\/01\/Capteur-de-pression-differentielle-XTP2-de-Envervex.webp\",\"datePublished\":\"2024-01-12T18:58:16+00:00\",\"dateModified\":\"2024-01-18T14:56:28+00:00\",\"description\":\"Capteur de pression diff\u00e9rentielle XTP2 de Envervex\",\"breadcrumb\":{\"@id\":\"https:\/\/staging.belleflamme.ca\/fr\/produit\/capteur-de-pression-differentielle-xtp2-de-envervex\/#breadcrumb\"},\"inLanguage\":\"fr-FR\",\"potentialAction\":[{\"@type\":\"ReadAction\",\"target\":[\"https:\/\/staging.belleflamme.ca\/fr\/produit\/capteur-de-pression-differentielle-xtp2-de-envervex\/\"]}]},{\"@type\":\"ImageObject\",\"inLanguage\":\"fr-FR\",\"@id\":\"https:\/\/staging.belleflamme.ca\/fr\/produit\/capteur-de-pression-differentielle-xtp2-de-envervex\/#primaryimage\",\"url\":\"https:\/\/staging.belleflamme.ca\/wp-content\/uploads\/2024\/01\/Capteur-de-pression-differentielle-XTP2-de-Envervex.webp\",\"contentUrl\":\"https:\/\/staging.belleflamme.ca\/wp-content\/uploads\/2024\/01\/Capteur-de-pression-differentielle-XTP2-de-Envervex.webp\",\"width\":600,\"height\":600,\"caption\":\"Capteur de pression diff\u00e9rentielle XTP2 de Envervex\"},{\"@type\":\"BreadcrumbList\",\"@id\":\"https:\/\/staging.belleflamme.ca\/fr\/produit\/capteur-de-pression-differentielle-xtp2-de-envervex\/#breadcrumb\",\"itemListElement\":[{\"@type\":\"ListItem\",\"position\":1,\"name\":\"Accueil\",\"item\":\"https:\/\/www.belleflamme.ca\/fr\/\"},{\"@type\":\"ListItem\",\"position\":2,\"name\":\"Boutique\",\"item\":\"https:\/\/www.belleflamme.ca\/fr\/boutique\/\"},{\"@type\":\"ListItem\",\"position\":3,\"name\":\"Chemin\u00e9es, Pi\u00e8ces &amp; Accessoires\",\"item\":\"https:\/\/staging.belleflamme.ca\/fr\/categories\/cheminees-pieces-accessoires\/\"},{\"@type\":\"ListItem\",\"position\":4,\"name\":\"Contr\u00f4le et T\u00e9l\u00e9commande\",\"item\":\"https:\/\/staging.belleflamme.ca\/fr\/categories\/cheminees-pieces-accessoires\/controle-et-telecommande\/\"},{\"@type\":\"ListItem\",\"position\":5,\"name\":\"Capteur de pression diff\u00e9rentielle XTP2 de Enervex\"}]},{\"@type\":\"WebSite\",\"@id\":\"https:\/\/www.belleflamme.ca\/fr\/#website\",\"url\":\"https:\/\/www.belleflamme.ca\/fr\/\",\"name\":\"Groupe Belleflamme\",\"description\":\"La m\u00e9canique du b\u00e2timent dans le sang.\",\"publisher\":{\"@id\":\"https:\/\/www.belleflamme.ca\/fr\/#organization\"},\"potentialAction\":[{\"@type\":\"SearchAction\",\"target\":{\"@type\":\"EntryPoint\",\"urlTemplate\":\"https:\/\/www.belleflamme.ca\/fr\/?s={search_term_string}\"},\"query-input\":{\"@type\":\"PropertyValueSpecification\",\"valueRequired\":true,\"valueName\":\"search_term_string\"}}],\"inLanguage\":\"fr-FR\"},{\"@type\":[\"Organization\",\"Place\"],\"@id\":\"https:\/\/www.belleflamme.ca\/fr\/#organization\",\"name\":\"Groupe Belleflamme\",\"alternateName\":\"Belleflamme\",\"url\":\"https:\/\/www.belleflamme.ca\/fr\/\",\"logo\":{\"@type\":\"ImageObject\",\"inLanguage\":\"fr-FR\",\"@id\":\"https:\/\/www.belleflamme.ca\/fr\/#\/schema\/logo\/image\/\",\"url\":\"https:\/\/staging.belleflamme.ca\/wp-content\/uploads\/2023\/01\/og-image.jpg\",\"contentUrl\":\"https:\/\/staging.belleflamme.ca\/wp-content\/uploads\/2023\/01\/og-image.jpg\",\"width\":1200,\"height\":630,\"caption\":\"Groupe Belleflamme\"},\"image\":{\"@id\":\"https:\/\/www.belleflamme.ca\/fr\/#\/schema\/logo\/image\/\"},\"sameAs\":[\"https:\/\/www.facebook.com\/belleflamme.ca\/\",\"https:\/\/www.linkedin.com\/company\/belleflamme\/\",\"https:\/\/www.pinterest.ca\/groupebelleflamme\/\",\"https:\/\/www.instagram.com\/legroupebelleflamme\/\"],\"mainEntityOfPage\":{\"@id\":\"https:\/\/staging.belleflamme.ca\/fr\/produit\/capteur-de-pression-differentielle-xtp2-de-envervex\/\"}}]}<\/script>\n<meta property=\"product:brand\" content=\"Enervex\" \/>\n<meta property=\"product:price:amount\" content=\"1426.00\" \/>\n<meta property=\"product:price:currency\" content=\"CAD\" \/>\n<meta property=\"og:availability\" content=\"instock\" \/>\n<meta property=\"product:availability\" content=\"instock\" \/>\n<meta property=\"product:retailer_item_id\" content=\"XTP2\" \/>\n<meta property=\"product:condition\" content=\"new\" \/>\n<!-- \/ Yoast SEO Premium plugin. -->","yoast_head_json":{"title":"Capteur de pression diff\u00e9rentielle XTP2 de Enervex - Groupe BelleFlamme","description":"Capteur de pression diff\u00e9rentielle XTP2 de Envervex","robots":{"index":"index","follow":"follow","max-snippet":"max-snippet:-1","max-image-preview":"max-image-preview:large","max-video-preview":"max-video-preview:-1"},"canonical":"https:\/\/staging.belleflamme.ca\/fr\/produit\/capteur-de-pression-differentielle-xtp2-de-envervex\/","og_locale":"fr_FR","og_type":"article","og_title":"Capteur de pression diff\u00e9rentielle XTP2 de Enervex","og_description":"Capteur de pression diff\u00e9rentielle XTP2 de Envervex","og_url":"https:\/\/staging.belleflamme.ca\/fr\/produit\/capteur-de-pression-differentielle-xtp2-de-envervex\/","og_site_name":"Groupe BelleFlamme","article_publisher":"https:\/\/www.facebook.com\/belleflamme.ca\/","article_modified_time":"2024-01-18T14:56:28+00:00","og_image":[{"width":600,"height":600,"url":"https:\/\/www.belleflamme.ca\/wp-content\/uploads\/2024\/01\/Capteur-de-pression-differentielle-XTP2-de-Envervex.webp","type":"image\/webp"}],"twitter_card":"summary_large_image","twitter_misc":{"Prix":"&#36;1,426.00","Disponibilit\u00e9":"En stock"},"schema":{"@context":"https:\/\/schema.org","@graph":[{"@type":["WebPage","ItemPage"],"@id":"https:\/\/staging.belleflamme.ca\/fr\/produit\/capteur-de-pression-differentielle-xtp2-de-envervex\/","url":"https:\/\/staging.belleflamme.ca\/fr\/produit\/capteur-de-pression-differentielle-xtp2-de-envervex\/","name":"Capteur de pression diff\u00e9rentielle XTP2 de Enervex - Groupe BelleFlamme","isPartOf":{"@id":"https:\/\/www.belleflamme.ca\/fr\/#website"},"primaryImageOfPage":{"@id":"https:\/\/staging.belleflamme.ca\/fr\/produit\/capteur-de-pression-differentielle-xtp2-de-envervex\/#primaryimage"},"image":{"@id":"https:\/\/staging.belleflamme.ca\/fr\/produit\/capteur-de-pression-differentielle-xtp2-de-envervex\/#primaryimage"},"thumbnailUrl":"https:\/\/staging.belleflamme.ca\/wp-content\/uploads\/2024\/01\/Capteur-de-pression-differentielle-XTP2-de-Envervex.webp","datePublished":"2024-01-12T18:58:16+00:00","dateModified":"2024-01-18T14:56:28+00:00","description":"Capteur de pression diff\u00e9rentielle XTP2 de Envervex","breadcrumb":{"@id":"https:\/\/staging.belleflamme.ca\/fr\/produit\/capteur-de-pression-differentielle-xtp2-de-envervex\/#breadcrumb"},"inLanguage":"fr-FR","potentialAction":[{"@type":"ReadAction","target":["https:\/\/staging.belleflamme.ca\/fr\/produit\/capteur-de-pression-differentielle-xtp2-de-envervex\/"]}]},{"@type":"ImageObject","inLanguage":"fr-FR","@id":"https:\/\/staging.belleflamme.ca\/fr\/produit\/capteur-de-pression-differentielle-xtp2-de-envervex\/#primaryimage","url":"https:\/\/staging.belleflamme.ca\/wp-content\/uploads\/2024\/01\/Capteur-de-pression-differentielle-XTP2-de-Envervex.webp","contentUrl":"https:\/\/staging.belleflamme.ca\/wp-content\/uploads\/2024\/01\/Capteur-de-pression-differentielle-XTP2-de-Envervex.webp","width":600,"height":600,"caption":"Capteur de pression diff\u00e9rentielle XTP2 de Envervex"},{"@type":"BreadcrumbList","@id":"https:\/\/staging.belleflamme.ca\/fr\/produit\/capteur-de-pression-differentielle-xtp2-de-envervex\/#breadcrumb","itemListElement":[{"@type":"ListItem","position":1,"name":"Accueil","item":"https:\/\/www.belleflamme.ca\/fr\/"},{"@type":"ListItem","position":2,"name":"Boutique","item":"https:\/\/www.belleflamme.ca\/fr\/boutique\/"},{"@type":"ListItem","position":3,"name":"Chemin\u00e9es, Pi\u00e8ces &amp; Accessoires","item":"https:\/\/staging.belleflamme.ca\/fr\/categories\/cheminees-pieces-accessoires\/"},{"@type":"ListItem","position":4,"name":"Contr\u00f4le et T\u00e9l\u00e9commande","item":"https:\/\/staging.belleflamme.ca\/fr\/categories\/cheminees-pieces-accessoires\/controle-et-telecommande\/"},{"@type":"ListItem","position":5,"name":"Capteur de pression diff\u00e9rentielle XTP2 de Enervex"}]},{"@type":"WebSite","@id":"https:\/\/www.belleflamme.ca\/fr\/#website","url":"https:\/\/www.belleflamme.ca\/fr\/","name":"Groupe Belleflamme","description":"La m\u00e9canique du b\u00e2timent dans le sang.","publisher":{"@id":"https:\/\/www.belleflamme.ca\/fr\/#organization"},"potentialAction":[{"@type":"SearchAction","target":{"@type":"EntryPoint","urlTemplate":"https:\/\/www.belleflamme.ca\/fr\/?s={search_term_string}"},"query-input":{"@type":"PropertyValueSpecification","valueRequired":true,"valueName":"search_term_string"}}],"inLanguage":"fr-FR"},{"@type":["Organization","Place"],"@id":"https:\/\/www.belleflamme.ca\/fr\/#organization","name":"Groupe Belleflamme","alternateName":"Belleflamme","url":"https:\/\/www.belleflamme.ca\/fr\/","logo":{"@type":"ImageObject","inLanguage":"fr-FR","@id":"https:\/\/www.belleflamme.ca\/fr\/#\/schema\/logo\/image\/","url":"https:\/\/staging.belleflamme.ca\/wp-content\/uploads\/2023\/01\/og-image.jpg","contentUrl":"https:\/\/staging.belleflamme.ca\/wp-content\/uploads\/2023\/01\/og-image.jpg","width":1200,"height":630,"caption":"Groupe Belleflamme"},"image":{"@id":"https:\/\/www.belleflamme.ca\/fr\/#\/schema\/logo\/image\/"},"sameAs":["https:\/\/www.facebook.com\/belleflamme.ca\/","https:\/\/www.linkedin.com\/company\/belleflamme\/","https:\/\/www.pinterest.ca\/groupebelleflamme\/","https:\/\/www.instagram.com\/legroupebelleflamme\/"],"mainEntityOfPage":{"@id":"https:\/\/staging.belleflamme.ca\/fr\/produit\/capteur-de-pression-differentielle-xtp2-de-envervex\/"}}]},"product_brand":"Enervex","product_price_amount":"1426.00","product_price_currency":"CAD","og_availability":"instock","product_availability":"instock","product_retailer_item_id":"XTP2","product_condition":"new"},"_links":{"self":[{"href":"https:\/\/staging.belleflamme.ca\/fr\/wp-json\/wp\/v2\/product\/25201","targetHints":{"allow":["GET"]}}],"collection":[{"href":"https:\/\/staging.belleflamme.ca\/fr\/wp-json\/wp\/v2\/product"}],"about":[{"href":"https:\/\/staging.belleflamme.ca\/fr\/wp-json\/wp\/v2\/types\/product"}],"version-history":[{"count":6,"href":"https:\/\/staging.belleflamme.ca\/fr\/wp-json\/wp\/v2\/product\/25201\/revisions"}],"predecessor-version":[{"id":27159,"href":"https:\/\/staging.belleflamme.ca\/fr\/wp-json\/wp\/v2\/product\/25201\/revisions\/27159"}],"wp:featuredmedia":[{"embeddable":true,"href":"https:\/\/staging.belleflamme.ca\/fr\/wp-json\/wp\/v2\/media\/25203"}],"wp:attachment":[{"href":"https:\/\/staging.belleflamme.ca\/fr\/wp-json\/wp\/v2\/media?parent=25201"}],"wp:term":[{"taxonomy":"product_brand","embeddable":true,"href":"https:\/\/staging.belleflamme.ca\/fr\/wp-json\/wp\/v2\/product_brand?post=25201"},{"taxonomy":"product_cat","embeddable":true,"href":"https:\/\/staging.belleflamme.ca\/fr\/wp-json\/wp\/v2\/product_cat?post=25201"},{"taxonomy":"product_tag","embeddable":true,"href":"https:\/\/staging.belleflamme.ca\/fr\/wp-json\/wp\/v2\/product_tag?post=25201"}],"curies":[{"name":"wp","href":"https:\/\/api.w.org\/{rel}","templated":true}]}}