{"id":25187,"date":"2024-01-12T13:46:45","date_gmt":"2024-01-12T18:46:45","guid":{"rendered":"https:\/\/www.belleflamme.ca\/?post_type=product&#038;p=25187"},"modified":"2024-01-18T09:56:41","modified_gmt":"2024-01-18T14:56:41","slug":"controle-de-vitesse-de-ventilateur-enervex-fsc","status":"publish","type":"product","link":"https:\/\/staging.belleflamme.ca\/fr\/produit\/controle-de-vitesse-de-ventilateur-enervex-fsc\/","title":{"rendered":"Contr\u00f4le de vitesse de ventilateur Enervex FSC"},"content":{"rendered":"<p>Le FSC, contr\u00f4le de vitesse du ventilateur, est utilis\u00e9 pour contr\u00f4ler le moteur monophas\u00e9 \u00e0 vitesse variable d&#8217;un ventilateur Enervex.<\/p>\n<p>Le FSC, Fan Speed \u200b\u200bControl, contr\u00f4le la vitesse des ventilateurs et ventilateurs monophas\u00e9s RS, RSV, GSV, RSHT.\u00a0Le FSC est sp\u00e9cialement con\u00e7u pour permettre \u00e0 un utilisateur de faire varier la vitesse des moteurs \u00e0 condensateur divis\u00e9.\u00a0Le contr\u00f4le fonctionne en r\u00e9duisant la tension de ligne du moteur, permettant au ventilateur d&#8217;utiliser uniquement l&#8217;\u00e9nergie n\u00e9cessaire pour maintenir le volume de flux d&#8217;air souhait\u00e9 (vitesse du ventilateur).<\/p>\n<p>Le contr\u00f4le de vitesse du ventilateur FSC est accompagn\u00e9 d&#8217;une garantie d&#8217;usine de 2 ans.\u00a0Les conditions de garantie compl\u00e8tes sont disponibles aupr\u00e8s d\u2019ENERVEX Inc.<\/p>\n","protected":false},"excerpt":{"rendered":"<p>Le FSC, contr\u00f4le de vitesse du ventilateur, est utilis\u00e9 pour contr\u00f4ler le moteur monophas\u00e9 \u00e0 vitesse variable d&#8217;un ventilateur Enervex. Le FSC, Fan Speed \u200b\u200bControl, contr\u00f4le la vitesse des ventilateurs et ventilateurs monophas\u00e9s RS, RSV, GSV, RSHT.\u00a0Le FSC est sp\u00e9cialement con\u00e7u pour permettre \u00e0 un utilisateur de faire varier la vitesse des moteurs \u00e0 condensateur [&hellip;]<\/p>\n","protected":false},"featured_media":25189,"template":"","meta":{"inline_featured_image":false},"product_brand":[826],"product_cat":[1110,45],"product_tag":[],"class_list":{"0":"post-25187","1":"product","2":"type-product","3":"status-publish","4":"has-post-thumbnail","6":"product_brand-enervex","7":"product_cat-controle-et-telecommande","8":"product_cat-cheminees-pieces-accessoires","10":"first","11":"instock","12":"taxable","13":"shipping-taxable","14":"purchasable","15":"product-type-variable"},"yoast_head":"<!-- This site is optimized with the Yoast SEO Premium plugin v24.2 (Yoast SEO v24.2) - https:\/\/yoast.com\/wordpress\/plugins\/seo\/ -->\n<title>Contr\u00f4le de vitesse de ventilateur Enervex FSC - Groupe BelleFlamme<\/title>\n<meta name=\"description\" content=\"Contr\u00f4le de vitesse de ventilateur Enervex FSC vendu et install\u00e9 par le Groupe Belleflamme. Laval, Montr\u00e9al, Gatineau, Drummondville et Saint-Sauveur.\" \/>\n<meta name=\"robots\" content=\"index, follow, max-snippet:-1, max-image-preview:large, max-video-preview:-1\" \/>\n<link rel=\"canonical\" href=\"https:\/\/staging.belleflamme.ca\/fr\/produit\/controle-de-vitesse-de-ventilateur-enervex-fsc\/\" \/>\n<meta property=\"og:locale\" content=\"fr_FR\" \/>\n<meta property=\"og:type\" content=\"article\" \/>\n<meta property=\"og:title\" content=\"Contr\u00f4le de vitesse de ventilateur Enervex FSC\" \/>\n<meta property=\"og:description\" content=\"Contr\u00f4le de vitesse de ventilateur Enervex FSC vendu et install\u00e9 par le Groupe Belleflamme. Laval, Montr\u00e9al, Gatineau, Drummondville et Saint-Sauveur.\" \/>\n<meta property=\"og:url\" content=\"https:\/\/staging.belleflamme.ca\/fr\/produit\/controle-de-vitesse-de-ventilateur-enervex-fsc\/\" \/>\n<meta property=\"og:site_name\" content=\"Groupe BelleFlamme\" \/>\n<meta property=\"article:publisher\" content=\"https:\/\/www.facebook.com\/belleflamme.ca\/\" \/>\n<meta property=\"article:modified_time\" content=\"2024-01-18T14:56:41+00:00\" \/>\n<meta property=\"og:image\" content=\"https:\/\/www.belleflamme.ca\/wp-content\/uploads\/2024\/01\/Controle-de-vitesse-de-ventilateur-Enervex-FSC.webp\" \/>\n\t<meta property=\"og:image:width\" content=\"600\" \/>\n\t<meta property=\"og:image:height\" content=\"600\" \/>\n\t<meta property=\"og:image:type\" content=\"image\/webp\" \/>\n<meta name=\"twitter:card\" content=\"summary_large_image\" \/>\n<meta name=\"twitter:label1\" content=\"Disponibilit\u00e9\" \/>\n\t<meta name=\"twitter:data1\" content=\"En stock\" \/>\n<script type=\"application\/ld+json\" class=\"yoast-schema-graph\">{\"@context\":\"https:\/\/schema.org\",\"@graph\":[{\"@type\":[\"WebPage\",\"ItemPage\"],\"@id\":\"https:\/\/staging.belleflamme.ca\/fr\/produit\/controle-de-vitesse-de-ventilateur-enervex-fsc\/\",\"url\":\"https:\/\/staging.belleflamme.ca\/fr\/produit\/controle-de-vitesse-de-ventilateur-enervex-fsc\/\",\"name\":\"Contr\u00f4le de vitesse de ventilateur Enervex FSC - Groupe BelleFlamme\",\"isPartOf\":{\"@id\":\"https:\/\/www.belleflamme.ca\/fr\/#website\"},\"primaryImageOfPage\":{\"@id\":\"https:\/\/staging.belleflamme.ca\/fr\/produit\/controle-de-vitesse-de-ventilateur-enervex-fsc\/#primaryimage\"},\"image\":{\"@id\":\"https:\/\/staging.belleflamme.ca\/fr\/produit\/controle-de-vitesse-de-ventilateur-enervex-fsc\/#primaryimage\"},\"thumbnailUrl\":\"https:\/\/staging.belleflamme.ca\/wp-content\/uploads\/2024\/01\/Controle-de-vitesse-de-ventilateur-Enervex-FSC.webp\",\"datePublished\":\"2024-01-12T18:46:45+00:00\",\"dateModified\":\"2024-01-18T14:56:41+00:00\",\"description\":\"Contr\u00f4le de vitesse de ventilateur Enervex FSC [get_meta_en_fr]\",\"breadcrumb\":{\"@id\":\"https:\/\/staging.belleflamme.ca\/fr\/produit\/controle-de-vitesse-de-ventilateur-enervex-fsc\/#breadcrumb\"},\"inLanguage\":\"fr-FR\",\"potentialAction\":[{\"@type\":\"ReadAction\",\"target\":[\"https:\/\/staging.belleflamme.ca\/fr\/produit\/controle-de-vitesse-de-ventilateur-enervex-fsc\/\"]}]},{\"@type\":\"ImageObject\",\"inLanguage\":\"fr-FR\",\"@id\":\"https:\/\/staging.belleflamme.ca\/fr\/produit\/controle-de-vitesse-de-ventilateur-enervex-fsc\/#primaryimage\",\"url\":\"https:\/\/staging.belleflamme.ca\/wp-content\/uploads\/2024\/01\/Controle-de-vitesse-de-ventilateur-Enervex-FSC.webp\",\"contentUrl\":\"https:\/\/staging.belleflamme.ca\/wp-content\/uploads\/2024\/01\/Controle-de-vitesse-de-ventilateur-Enervex-FSC.webp\",\"width\":600,\"height\":600,\"caption\":\"Contr\u00f4le de vitesse de ventilateur Enervex FSC\"},{\"@type\":\"BreadcrumbList\",\"@id\":\"https:\/\/staging.belleflamme.ca\/fr\/produit\/controle-de-vitesse-de-ventilateur-enervex-fsc\/#breadcrumb\",\"itemListElement\":[{\"@type\":\"ListItem\",\"position\":1,\"name\":\"Accueil\",\"item\":\"https:\/\/www.belleflamme.ca\/fr\/\"},{\"@type\":\"ListItem\",\"position\":2,\"name\":\"Boutique\",\"item\":\"https:\/\/www.belleflamme.ca\/fr\/boutique\/\"},{\"@type\":\"ListItem\",\"position\":3,\"name\":\"Chemin\u00e9es, Pi\u00e8ces &amp; Accessoires\",\"item\":\"https:\/\/staging.belleflamme.ca\/fr\/categories\/cheminees-pieces-accessoires\/\"},{\"@type\":\"ListItem\",\"position\":4,\"name\":\"Contr\u00f4le et T\u00e9l\u00e9commande\",\"item\":\"https:\/\/staging.belleflamme.ca\/fr\/categories\/cheminees-pieces-accessoires\/controle-et-telecommande\/\"},{\"@type\":\"ListItem\",\"position\":5,\"name\":\"Contr\u00f4le de vitesse de ventilateur Enervex FSC\"}]},{\"@type\":\"WebSite\",\"@id\":\"https:\/\/www.belleflamme.ca\/fr\/#website\",\"url\":\"https:\/\/www.belleflamme.ca\/fr\/\",\"name\":\"Groupe Belleflamme\",\"description\":\"La m\u00e9canique du b\u00e2timent dans le sang.\",\"publisher\":{\"@id\":\"https:\/\/www.belleflamme.ca\/fr\/#organization\"},\"potentialAction\":[{\"@type\":\"SearchAction\",\"target\":{\"@type\":\"EntryPoint\",\"urlTemplate\":\"https:\/\/www.belleflamme.ca\/fr\/?s={search_term_string}\"},\"query-input\":{\"@type\":\"PropertyValueSpecification\",\"valueRequired\":true,\"valueName\":\"search_term_string\"}}],\"inLanguage\":\"fr-FR\"},{\"@type\":[\"Organization\",\"Place\"],\"@id\":\"https:\/\/www.belleflamme.ca\/fr\/#organization\",\"name\":\"Groupe Belleflamme\",\"alternateName\":\"Belleflamme\",\"url\":\"https:\/\/www.belleflamme.ca\/fr\/\",\"logo\":{\"@type\":\"ImageObject\",\"inLanguage\":\"fr-FR\",\"@id\":\"https:\/\/www.belleflamme.ca\/fr\/#\/schema\/logo\/image\/\",\"url\":\"https:\/\/staging.belleflamme.ca\/wp-content\/uploads\/2023\/01\/og-image.jpg\",\"contentUrl\":\"https:\/\/staging.belleflamme.ca\/wp-content\/uploads\/2023\/01\/og-image.jpg\",\"width\":1200,\"height\":630,\"caption\":\"Groupe Belleflamme\"},\"image\":{\"@id\":\"https:\/\/www.belleflamme.ca\/fr\/#\/schema\/logo\/image\/\"},\"sameAs\":[\"https:\/\/www.facebook.com\/belleflamme.ca\/\",\"https:\/\/www.linkedin.com\/company\/belleflamme\/\",\"https:\/\/www.pinterest.ca\/groupebelleflamme\/\",\"https:\/\/www.instagram.com\/legroupebelleflamme\/\"],\"mainEntityOfPage\":{\"@id\":\"https:\/\/staging.belleflamme.ca\/fr\/produit\/controle-de-vitesse-de-ventilateur-enervex-fsc\/\"}}]}<\/script>\n<meta property=\"product:brand\" content=\"Enervex\" \/>\n<meta property=\"og:availability\" content=\"instock\" \/>\n<meta property=\"product:availability\" content=\"instock\" \/>\n<meta property=\"product:retailer_item_id\" content=\"FSC\" \/>\n<meta property=\"product:condition\" content=\"new\" \/>\n<!-- \/ Yoast SEO Premium plugin. -->","yoast_head_json":{"title":"Contr\u00f4le de vitesse de ventilateur Enervex FSC - Groupe BelleFlamme","description":"Contr\u00f4le de vitesse de ventilateur Enervex FSC vendu et install\u00e9 par le Groupe Belleflamme. Laval, Montr\u00e9al, Gatineau, Drummondville et Saint-Sauveur.","robots":{"index":"index","follow":"follow","max-snippet":"max-snippet:-1","max-image-preview":"max-image-preview:large","max-video-preview":"max-video-preview:-1"},"canonical":"https:\/\/staging.belleflamme.ca\/fr\/produit\/controle-de-vitesse-de-ventilateur-enervex-fsc\/","og_locale":"fr_FR","og_type":"article","og_title":"Contr\u00f4le de vitesse de ventilateur Enervex FSC","og_description":"Contr\u00f4le de vitesse de ventilateur Enervex FSC vendu et install\u00e9 par le Groupe Belleflamme. Laval, Montr\u00e9al, Gatineau, Drummondville et Saint-Sauveur.","og_url":"https:\/\/staging.belleflamme.ca\/fr\/produit\/controle-de-vitesse-de-ventilateur-enervex-fsc\/","og_site_name":"Groupe BelleFlamme","article_publisher":"https:\/\/www.facebook.com\/belleflamme.ca\/","article_modified_time":"2024-01-18T14:56:41+00:00","og_image":[{"width":600,"height":600,"url":"https:\/\/www.belleflamme.ca\/wp-content\/uploads\/2024\/01\/Controle-de-vitesse-de-ventilateur-Enervex-FSC.webp","type":"image\/webp"}],"twitter_card":"summary_large_image","twitter_misc":{"Disponibilit\u00e9":"En stock"},"schema":{"@context":"https:\/\/schema.org","@graph":[{"@type":["WebPage","ItemPage"],"@id":"https:\/\/staging.belleflamme.ca\/fr\/produit\/controle-de-vitesse-de-ventilateur-enervex-fsc\/","url":"https:\/\/staging.belleflamme.ca\/fr\/produit\/controle-de-vitesse-de-ventilateur-enervex-fsc\/","name":"Contr\u00f4le de vitesse de ventilateur Enervex FSC - Groupe BelleFlamme","isPartOf":{"@id":"https:\/\/www.belleflamme.ca\/fr\/#website"},"primaryImageOfPage":{"@id":"https:\/\/staging.belleflamme.ca\/fr\/produit\/controle-de-vitesse-de-ventilateur-enervex-fsc\/#primaryimage"},"image":{"@id":"https:\/\/staging.belleflamme.ca\/fr\/produit\/controle-de-vitesse-de-ventilateur-enervex-fsc\/#primaryimage"},"thumbnailUrl":"https:\/\/staging.belleflamme.ca\/wp-content\/uploads\/2024\/01\/Controle-de-vitesse-de-ventilateur-Enervex-FSC.webp","datePublished":"2024-01-12T18:46:45+00:00","dateModified":"2024-01-18T14:56:41+00:00","description":"Contr\u00f4le de vitesse de ventilateur Enervex FSC [get_meta_en_fr]","breadcrumb":{"@id":"https:\/\/staging.belleflamme.ca\/fr\/produit\/controle-de-vitesse-de-ventilateur-enervex-fsc\/#breadcrumb"},"inLanguage":"fr-FR","potentialAction":[{"@type":"ReadAction","target":["https:\/\/staging.belleflamme.ca\/fr\/produit\/controle-de-vitesse-de-ventilateur-enervex-fsc\/"]}]},{"@type":"ImageObject","inLanguage":"fr-FR","@id":"https:\/\/staging.belleflamme.ca\/fr\/produit\/controle-de-vitesse-de-ventilateur-enervex-fsc\/#primaryimage","url":"https:\/\/staging.belleflamme.ca\/wp-content\/uploads\/2024\/01\/Controle-de-vitesse-de-ventilateur-Enervex-FSC.webp","contentUrl":"https:\/\/staging.belleflamme.ca\/wp-content\/uploads\/2024\/01\/Controle-de-vitesse-de-ventilateur-Enervex-FSC.webp","width":600,"height":600,"caption":"Contr\u00f4le de vitesse de ventilateur Enervex FSC"},{"@type":"BreadcrumbList","@id":"https:\/\/staging.belleflamme.ca\/fr\/produit\/controle-de-vitesse-de-ventilateur-enervex-fsc\/#breadcrumb","itemListElement":[{"@type":"ListItem","position":1,"name":"Accueil","item":"https:\/\/www.belleflamme.ca\/fr\/"},{"@type":"ListItem","position":2,"name":"Boutique","item":"https:\/\/www.belleflamme.ca\/fr\/boutique\/"},{"@type":"ListItem","position":3,"name":"Chemin\u00e9es, Pi\u00e8ces &amp; Accessoires","item":"https:\/\/staging.belleflamme.ca\/fr\/categories\/cheminees-pieces-accessoires\/"},{"@type":"ListItem","position":4,"name":"Contr\u00f4le et T\u00e9l\u00e9commande","item":"https:\/\/staging.belleflamme.ca\/fr\/categories\/cheminees-pieces-accessoires\/controle-et-telecommande\/"},{"@type":"ListItem","position":5,"name":"Contr\u00f4le de vitesse de ventilateur Enervex FSC"}]},{"@type":"WebSite","@id":"https:\/\/www.belleflamme.ca\/fr\/#website","url":"https:\/\/www.belleflamme.ca\/fr\/","name":"Groupe Belleflamme","description":"La m\u00e9canique du b\u00e2timent dans le sang.","publisher":{"@id":"https:\/\/www.belleflamme.ca\/fr\/#organization"},"potentialAction":[{"@type":"SearchAction","target":{"@type":"EntryPoint","urlTemplate":"https:\/\/www.belleflamme.ca\/fr\/?s={search_term_string}"},"query-input":{"@type":"PropertyValueSpecification","valueRequired":true,"valueName":"search_term_string"}}],"inLanguage":"fr-FR"},{"@type":["Organization","Place"],"@id":"https:\/\/www.belleflamme.ca\/fr\/#organization","name":"Groupe Belleflamme","alternateName":"Belleflamme","url":"https:\/\/www.belleflamme.ca\/fr\/","logo":{"@type":"ImageObject","inLanguage":"fr-FR","@id":"https:\/\/www.belleflamme.ca\/fr\/#\/schema\/logo\/image\/","url":"https:\/\/staging.belleflamme.ca\/wp-content\/uploads\/2023\/01\/og-image.jpg","contentUrl":"https:\/\/staging.belleflamme.ca\/wp-content\/uploads\/2023\/01\/og-image.jpg","width":1200,"height":630,"caption":"Groupe Belleflamme"},"image":{"@id":"https:\/\/www.belleflamme.ca\/fr\/#\/schema\/logo\/image\/"},"sameAs":["https:\/\/www.facebook.com\/belleflamme.ca\/","https:\/\/www.linkedin.com\/company\/belleflamme\/","https:\/\/www.pinterest.ca\/groupebelleflamme\/","https:\/\/www.instagram.com\/legroupebelleflamme\/"],"mainEntityOfPage":{"@id":"https:\/\/staging.belleflamme.ca\/fr\/produit\/controle-de-vitesse-de-ventilateur-enervex-fsc\/"}}]},"product_brand":"Enervex","og_availability":"instock","product_availability":"instock","product_retailer_item_id":"FSC","product_condition":"new"},"_links":{"self":[{"href":"https:\/\/staging.belleflamme.ca\/fr\/wp-json\/wp\/v2\/product\/25187","targetHints":{"allow":["GET"]}}],"collection":[{"href":"https:\/\/staging.belleflamme.ca\/fr\/wp-json\/wp\/v2\/product"}],"about":[{"href":"https:\/\/staging.belleflamme.ca\/fr\/wp-json\/wp\/v2\/types\/product"}],"version-history":[{"count":2,"href":"https:\/\/staging.belleflamme.ca\/fr\/wp-json\/wp\/v2\/product\/25187\/revisions"}],"predecessor-version":[{"id":25200,"href":"https:\/\/staging.belleflamme.ca\/fr\/wp-json\/wp\/v2\/product\/25187\/revisions\/25200"}],"wp:featuredmedia":[{"embeddable":true,"href":"https:\/\/staging.belleflamme.ca\/fr\/wp-json\/wp\/v2\/media\/25189"}],"wp:attachment":[{"href":"https:\/\/staging.belleflamme.ca\/fr\/wp-json\/wp\/v2\/media?parent=25187"}],"wp:term":[{"taxonomy":"product_brand","embeddable":true,"href":"https:\/\/staging.belleflamme.ca\/fr\/wp-json\/wp\/v2\/product_brand?post=25187"},{"taxonomy":"product_cat","embeddable":true,"href":"https:\/\/staging.belleflamme.ca\/fr\/wp-json\/wp\/v2\/product_cat?post=25187"},{"taxonomy":"product_tag","embeddable":true,"href":"https:\/\/staging.belleflamme.ca\/fr\/wp-json\/wp\/v2\/product_tag?post=25187"}],"curies":[{"name":"wp","href":"https:\/\/api.w.org\/{rel}","templated":true}]}}