{"id":25178,"date":"2024-01-12T13:28:51","date_gmt":"2024-01-12T18:28:51","guid":{"rendered":"https:\/\/www.belleflamme.ca\/?post_type=product&#038;p=25178"},"modified":"2024-01-18T09:56:55","modified_gmt":"2024-01-18T14:56:55","slug":"controleur-de-ventilateur-a-combustible-solide-cef-211-de-envervex","status":"publish","type":"product","link":"https:\/\/staging.belleflamme.ca\/fr\/produit\/controleur-de-ventilateur-a-combustible-solide-cef-211-de-envervex\/","title":{"rendered":"Contr\u00f4leur de ventilateur \u00e0 combustible solide CEF 211 de Envervex"},"content":{"rendered":"<div class=\"product-content\">\n<p>L&#8217;EFC 211 est un r\u00e9gulateur de tirage utilis\u00e9 avec les appareils \u00e0 bois tels que les chemin\u00e9es, les po\u00eales et les fours \u00e0 pizza.<\/p>\n<p>Il se compose d&#8217;un bo\u00eetier de commande et d&#8217;une unit\u00e9 de contr\u00f4le de vitesse.\u00a0Le bo\u00eetier de commande est g\u00e9n\u00e9ralement install\u00e9 \u00e0 l\u2019ext\u00e9rieur de la chemin\u00e9e ou \u00e0 l\u2019int\u00e9rieur d\u2019un grenier, tandis que le r\u00e9gulateur de vitesse est install\u00e9 dans la pi\u00e8ce o\u00f9 se trouve l\u2019appareil de chauffage.\u00a0Lorsqu&#8217;il est utilis\u00e9 avec un appareil \u00e0 combustible solide, un d\u00e9tecteur de fum\u00e9e et une alarme sonore doivent \u00eatre install\u00e9s conform\u00e9ment \u00e0 la norme NFPA 72, National Fire Alarm Code.<\/p>\n<p>Le contr\u00f4le surveille en permanence le fonctionnement du ventilateur de chemin\u00e9e.\u00a0Il mesure la consommation de courant du moteur pour d\u00e9terminer si le tirage de la chemin\u00e9e est ad\u00e9quat.\u00a0Il est utilis\u00e9 avec les ventilateurs RSHT et GSV et est destin\u00e9 \u00e0 une installation int\u00e9rieure uniquement.\u00a0Les utilisations typiques sont\u00a0:<\/p>\n<ol>\n<li>contr\u00f4ler la vitesse d&#8217;un ventilateur de chemin\u00e9e utilis\u00e9 avec un foyer ou un po\u00eale \u00e0 bois\u00a0;\u00a0ou<\/li>\n<li>contr\u00f4ler la vitesse d&#8217;un ventilateur de chemin\u00e9e utilis\u00e9 avec un four \u00e0 pizza au feu de bois dans la cuisine d&#8217;un restaurant.<\/li>\n<\/ol>\n<h3>Caract\u00e9ristiques<\/h3>\n<ul>\n<li>Contr\u00f4le de s\u00e9curit\u00e9 pour la surveillance des applications de combustibles solides.<\/li>\n<li>\u00c0 utiliser avec les ventilateurs de chemin\u00e9e RS-HT et les ventilateurs GSV Greee.<\/li>\n<li>\u00c9cran de contr\u00f4le facile \u00e0 utiliser<\/li>\n<li>Voyant indiquant le bon fonctionnement<\/li>\n<li>Lumi\u00e8re d&#8217;alarme<\/li>\n<li>Conforme aux codes du b\u00e2timent<\/li>\n<\/ul>\n<\/div>\n<h3>Caract\u00e9ristiques<\/h3>\n<div class=\"specifications\">\n<table>\n<tbody>\n<tr>\n<td class=\"colLeft\">Source de courant<\/td>\n<td class=\"colRight\">1 x 120 VCA<\/td>\n<\/tr>\n<tr>\n<td class=\"colLeft\">Amp\u00e9rage maximum<\/td>\n<td class=\"colRight\">5,8 amp\u00e8res<\/td>\n<\/tr>\n<tr>\n<td class=\"colLeft\">Temp\u00e9ratures de fonctionnement<\/td>\n<td class=\"colRight\">-4\u00b0F \u00e0 122\u00b0F (-20\u00b0C \u00e0 50\u00b0C)<\/td>\n<\/tr>\n<tr>\n<td class=\"colLeft\">Sortie de contr\u00f4le de vitesse<\/td>\n<td class=\"colRight\">10-120 VCA<\/td>\n<\/tr>\n<tr>\n<td class=\"colLeft\">garantie<\/td>\n<td class=\"colRight\">Garantie d&#8217;usine de 2 ans<\/td>\n<\/tr>\n<tr>\n<td class=\"colLeft\">Annonces<\/td>\n<td class=\"colRight\">Norme UL378 pour les \u00e9quipements de tirage<br \/>\nNorme UL508 pour les commandes industrielles<\/td>\n<\/tr>\n<\/tbody>\n<\/table>\n<\/div>\n","protected":false},"excerpt":{"rendered":"<p>L&#8217;EFC 211 est un r\u00e9gulateur de tirage utilis\u00e9 avec les appareils \u00e0 bois tels que les chemin\u00e9es, les po\u00eales et les fours \u00e0 pizza. Il se compose d&#8217;un bo\u00eetier de commande et d&#8217;une unit\u00e9 de contr\u00f4le de vitesse.\u00a0Le bo\u00eetier de commande est g\u00e9n\u00e9ralement install\u00e9 \u00e0 l\u2019ext\u00e9rieur de la chemin\u00e9e ou \u00e0 l\u2019int\u00e9rieur d\u2019un grenier, tandis [&hellip;]<\/p>\n","protected":false},"featured_media":25179,"template":"","meta":{"inline_featured_image":false},"product_brand":[826],"product_cat":[1110,45],"product_tag":[],"class_list":{"0":"post-25178","1":"product","2":"type-product","3":"status-publish","4":"has-post-thumbnail","6":"product_brand-enervex","7":"product_cat-controle-et-telecommande","8":"product_cat-cheminees-pieces-accessoires","10":"first","11":"instock","12":"taxable","13":"shipping-taxable","14":"purchasable","15":"product-type-simple"},"yoast_head":"<!-- This site is optimized with the Yoast SEO Premium plugin v24.2 (Yoast SEO v24.2) - https:\/\/yoast.com\/wordpress\/plugins\/seo\/ -->\n<title>Contr\u00f4leur de ventilateur \u00e0 combustible solide CEF 211 de Envervex - Groupe BelleFlamme<\/title>\n<meta name=\"description\" content=\"Contr\u00f4leur de ventilateur \u00e0 combustible solide CEF 211 de Envervex\" \/>\n<meta name=\"robots\" content=\"index, follow, max-snippet:-1, max-image-preview:large, max-video-preview:-1\" \/>\n<link rel=\"canonical\" href=\"https:\/\/staging.belleflamme.ca\/fr\/produit\/controleur-de-ventilateur-a-combustible-solide-cef-211-de-envervex\/\" \/>\n<meta property=\"og:locale\" content=\"fr_FR\" \/>\n<meta property=\"og:type\" content=\"article\" \/>\n<meta property=\"og:title\" content=\"Contr\u00f4leur de ventilateur \u00e0 combustible solide CEF 211 de Envervex\" \/>\n<meta property=\"og:description\" content=\"Contr\u00f4leur de ventilateur \u00e0 combustible solide CEF 211 de Envervex\" \/>\n<meta property=\"og:url\" content=\"https:\/\/staging.belleflamme.ca\/fr\/produit\/controleur-de-ventilateur-a-combustible-solide-cef-211-de-envervex\/\" \/>\n<meta property=\"og:site_name\" content=\"Groupe BelleFlamme\" \/>\n<meta property=\"article:publisher\" content=\"https:\/\/www.facebook.com\/belleflamme.ca\/\" \/>\n<meta property=\"article:modified_time\" content=\"2024-01-18T14:56:55+00:00\" \/>\n<meta property=\"og:image\" content=\"https:\/\/www.belleflamme.ca\/wp-content\/uploads\/2024\/01\/Controleur-de-ventilateur-a-combustible-solide-CEF-211-de-Envervex.webp\" \/>\n\t<meta property=\"og:image:width\" content=\"600\" \/>\n\t<meta property=\"og:image:height\" content=\"600\" \/>\n\t<meta property=\"og:image:type\" content=\"image\/webp\" \/>\n<meta name=\"twitter:card\" content=\"summary_large_image\" \/>\n<meta name=\"twitter:label1\" content=\"Prix\" \/>\n\t<meta name=\"twitter:data1\" content=\"&#036;1,931.00\" \/>\n\t<meta name=\"twitter:label2\" content=\"Disponibilit\u00e9\" \/>\n\t<meta name=\"twitter:data2\" content=\"En stock\" \/>\n<script type=\"application\/ld+json\" class=\"yoast-schema-graph\">{\"@context\":\"https:\/\/schema.org\",\"@graph\":[{\"@type\":[\"WebPage\",\"ItemPage\"],\"@id\":\"https:\/\/staging.belleflamme.ca\/fr\/produit\/controleur-de-ventilateur-a-combustible-solide-cef-211-de-envervex\/\",\"url\":\"https:\/\/staging.belleflamme.ca\/fr\/produit\/controleur-de-ventilateur-a-combustible-solide-cef-211-de-envervex\/\",\"name\":\"Contr\u00f4leur de ventilateur \u00e0 combustible solide CEF 211 de Envervex - Groupe BelleFlamme\",\"isPartOf\":{\"@id\":\"https:\/\/www.belleflamme.ca\/fr\/#website\"},\"primaryImageOfPage\":{\"@id\":\"https:\/\/staging.belleflamme.ca\/fr\/produit\/controleur-de-ventilateur-a-combustible-solide-cef-211-de-envervex\/#primaryimage\"},\"image\":{\"@id\":\"https:\/\/staging.belleflamme.ca\/fr\/produit\/controleur-de-ventilateur-a-combustible-solide-cef-211-de-envervex\/#primaryimage\"},\"thumbnailUrl\":\"https:\/\/staging.belleflamme.ca\/wp-content\/uploads\/2024\/01\/Controleur-de-ventilateur-a-combustible-solide-CEF-211-de-Envervex.webp\",\"datePublished\":\"2024-01-12T18:28:51+00:00\",\"dateModified\":\"2024-01-18T14:56:55+00:00\",\"description\":\"Contr\u00f4leur de ventilateur \u00e0 combustible solide CEF 211 de Envervex\",\"breadcrumb\":{\"@id\":\"https:\/\/staging.belleflamme.ca\/fr\/produit\/controleur-de-ventilateur-a-combustible-solide-cef-211-de-envervex\/#breadcrumb\"},\"inLanguage\":\"fr-FR\",\"potentialAction\":[{\"@type\":\"ReadAction\",\"target\":[\"https:\/\/staging.belleflamme.ca\/fr\/produit\/controleur-de-ventilateur-a-combustible-solide-cef-211-de-envervex\/\"]}]},{\"@type\":\"ImageObject\",\"inLanguage\":\"fr-FR\",\"@id\":\"https:\/\/staging.belleflamme.ca\/fr\/produit\/controleur-de-ventilateur-a-combustible-solide-cef-211-de-envervex\/#primaryimage\",\"url\":\"https:\/\/staging.belleflamme.ca\/wp-content\/uploads\/2024\/01\/Controleur-de-ventilateur-a-combustible-solide-CEF-211-de-Envervex.webp\",\"contentUrl\":\"https:\/\/staging.belleflamme.ca\/wp-content\/uploads\/2024\/01\/Controleur-de-ventilateur-a-combustible-solide-CEF-211-de-Envervex.webp\",\"width\":600,\"height\":600,\"caption\":\"Contr\u00f4leur de ventilateur \u00e0 combustible solide CEF 211 de Envervex\"},{\"@type\":\"BreadcrumbList\",\"@id\":\"https:\/\/staging.belleflamme.ca\/fr\/produit\/controleur-de-ventilateur-a-combustible-solide-cef-211-de-envervex\/#breadcrumb\",\"itemListElement\":[{\"@type\":\"ListItem\",\"position\":1,\"name\":\"Accueil\",\"item\":\"https:\/\/www.belleflamme.ca\/fr\/\"},{\"@type\":\"ListItem\",\"position\":2,\"name\":\"Boutique\",\"item\":\"https:\/\/www.belleflamme.ca\/fr\/boutique\/\"},{\"@type\":\"ListItem\",\"position\":3,\"name\":\"Chemin\u00e9es, Pi\u00e8ces &amp; Accessoires\",\"item\":\"https:\/\/staging.belleflamme.ca\/fr\/categories\/cheminees-pieces-accessoires\/\"},{\"@type\":\"ListItem\",\"position\":4,\"name\":\"Contr\u00f4le et T\u00e9l\u00e9commande\",\"item\":\"https:\/\/staging.belleflamme.ca\/fr\/categories\/cheminees-pieces-accessoires\/controle-et-telecommande\/\"},{\"@type\":\"ListItem\",\"position\":5,\"name\":\"Contr\u00f4leur de ventilateur \u00e0 combustible solide CEF 211 de Envervex\"}]},{\"@type\":\"WebSite\",\"@id\":\"https:\/\/www.belleflamme.ca\/fr\/#website\",\"url\":\"https:\/\/www.belleflamme.ca\/fr\/\",\"name\":\"Groupe Belleflamme\",\"description\":\"La m\u00e9canique du b\u00e2timent dans le sang.\",\"publisher\":{\"@id\":\"https:\/\/www.belleflamme.ca\/fr\/#organization\"},\"potentialAction\":[{\"@type\":\"SearchAction\",\"target\":{\"@type\":\"EntryPoint\",\"urlTemplate\":\"https:\/\/www.belleflamme.ca\/fr\/?s={search_term_string}\"},\"query-input\":{\"@type\":\"PropertyValueSpecification\",\"valueRequired\":true,\"valueName\":\"search_term_string\"}}],\"inLanguage\":\"fr-FR\"},{\"@type\":[\"Organization\",\"Place\"],\"@id\":\"https:\/\/www.belleflamme.ca\/fr\/#organization\",\"name\":\"Groupe Belleflamme\",\"alternateName\":\"Belleflamme\",\"url\":\"https:\/\/www.belleflamme.ca\/fr\/\",\"logo\":{\"@type\":\"ImageObject\",\"inLanguage\":\"fr-FR\",\"@id\":\"https:\/\/www.belleflamme.ca\/fr\/#\/schema\/logo\/image\/\",\"url\":\"https:\/\/staging.belleflamme.ca\/wp-content\/uploads\/2023\/01\/og-image.jpg\",\"contentUrl\":\"https:\/\/staging.belleflamme.ca\/wp-content\/uploads\/2023\/01\/og-image.jpg\",\"width\":1200,\"height\":630,\"caption\":\"Groupe Belleflamme\"},\"image\":{\"@id\":\"https:\/\/www.belleflamme.ca\/fr\/#\/schema\/logo\/image\/\"},\"sameAs\":[\"https:\/\/www.facebook.com\/belleflamme.ca\/\",\"https:\/\/www.linkedin.com\/company\/belleflamme\/\",\"https:\/\/www.pinterest.ca\/groupebelleflamme\/\",\"https:\/\/www.instagram.com\/legroupebelleflamme\/\"],\"mainEntityOfPage\":{\"@id\":\"https:\/\/staging.belleflamme.ca\/fr\/produit\/controleur-de-ventilateur-a-combustible-solide-cef-211-de-envervex\/\"}}]}<\/script>\n<meta property=\"product:brand\" content=\"Enervex\" \/>\n<meta property=\"product:price:amount\" content=\"1931.00\" \/>\n<meta property=\"product:price:currency\" content=\"CAD\" \/>\n<meta property=\"og:availability\" content=\"instock\" \/>\n<meta property=\"product:availability\" content=\"instock\" \/>\n<meta property=\"product:retailer_item_id\" content=\"EFC211\" \/>\n<meta property=\"product:condition\" content=\"new\" \/>\n<!-- \/ Yoast SEO Premium plugin. -->","yoast_head_json":{"title":"Contr\u00f4leur de ventilateur \u00e0 combustible solide CEF 211 de Envervex - Groupe BelleFlamme","description":"Contr\u00f4leur de ventilateur \u00e0 combustible solide CEF 211 de Envervex","robots":{"index":"index","follow":"follow","max-snippet":"max-snippet:-1","max-image-preview":"max-image-preview:large","max-video-preview":"max-video-preview:-1"},"canonical":"https:\/\/staging.belleflamme.ca\/fr\/produit\/controleur-de-ventilateur-a-combustible-solide-cef-211-de-envervex\/","og_locale":"fr_FR","og_type":"article","og_title":"Contr\u00f4leur de ventilateur \u00e0 combustible solide CEF 211 de Envervex","og_description":"Contr\u00f4leur de ventilateur \u00e0 combustible solide CEF 211 de Envervex","og_url":"https:\/\/staging.belleflamme.ca\/fr\/produit\/controleur-de-ventilateur-a-combustible-solide-cef-211-de-envervex\/","og_site_name":"Groupe BelleFlamme","article_publisher":"https:\/\/www.facebook.com\/belleflamme.ca\/","article_modified_time":"2024-01-18T14:56:55+00:00","og_image":[{"width":600,"height":600,"url":"https:\/\/www.belleflamme.ca\/wp-content\/uploads\/2024\/01\/Controleur-de-ventilateur-a-combustible-solide-CEF-211-de-Envervex.webp","type":"image\/webp"}],"twitter_card":"summary_large_image","twitter_misc":{"Prix":"&#36;1,931.00","Disponibilit\u00e9":"En stock"},"schema":{"@context":"https:\/\/schema.org","@graph":[{"@type":["WebPage","ItemPage"],"@id":"https:\/\/staging.belleflamme.ca\/fr\/produit\/controleur-de-ventilateur-a-combustible-solide-cef-211-de-envervex\/","url":"https:\/\/staging.belleflamme.ca\/fr\/produit\/controleur-de-ventilateur-a-combustible-solide-cef-211-de-envervex\/","name":"Contr\u00f4leur de ventilateur \u00e0 combustible solide CEF 211 de Envervex - Groupe BelleFlamme","isPartOf":{"@id":"https:\/\/www.belleflamme.ca\/fr\/#website"},"primaryImageOfPage":{"@id":"https:\/\/staging.belleflamme.ca\/fr\/produit\/controleur-de-ventilateur-a-combustible-solide-cef-211-de-envervex\/#primaryimage"},"image":{"@id":"https:\/\/staging.belleflamme.ca\/fr\/produit\/controleur-de-ventilateur-a-combustible-solide-cef-211-de-envervex\/#primaryimage"},"thumbnailUrl":"https:\/\/staging.belleflamme.ca\/wp-content\/uploads\/2024\/01\/Controleur-de-ventilateur-a-combustible-solide-CEF-211-de-Envervex.webp","datePublished":"2024-01-12T18:28:51+00:00","dateModified":"2024-01-18T14:56:55+00:00","description":"Contr\u00f4leur de ventilateur \u00e0 combustible solide CEF 211 de Envervex","breadcrumb":{"@id":"https:\/\/staging.belleflamme.ca\/fr\/produit\/controleur-de-ventilateur-a-combustible-solide-cef-211-de-envervex\/#breadcrumb"},"inLanguage":"fr-FR","potentialAction":[{"@type":"ReadAction","target":["https:\/\/staging.belleflamme.ca\/fr\/produit\/controleur-de-ventilateur-a-combustible-solide-cef-211-de-envervex\/"]}]},{"@type":"ImageObject","inLanguage":"fr-FR","@id":"https:\/\/staging.belleflamme.ca\/fr\/produit\/controleur-de-ventilateur-a-combustible-solide-cef-211-de-envervex\/#primaryimage","url":"https:\/\/staging.belleflamme.ca\/wp-content\/uploads\/2024\/01\/Controleur-de-ventilateur-a-combustible-solide-CEF-211-de-Envervex.webp","contentUrl":"https:\/\/staging.belleflamme.ca\/wp-content\/uploads\/2024\/01\/Controleur-de-ventilateur-a-combustible-solide-CEF-211-de-Envervex.webp","width":600,"height":600,"caption":"Contr\u00f4leur de ventilateur \u00e0 combustible solide CEF 211 de Envervex"},{"@type":"BreadcrumbList","@id":"https:\/\/staging.belleflamme.ca\/fr\/produit\/controleur-de-ventilateur-a-combustible-solide-cef-211-de-envervex\/#breadcrumb","itemListElement":[{"@type":"ListItem","position":1,"name":"Accueil","item":"https:\/\/www.belleflamme.ca\/fr\/"},{"@type":"ListItem","position":2,"name":"Boutique","item":"https:\/\/www.belleflamme.ca\/fr\/boutique\/"},{"@type":"ListItem","position":3,"name":"Chemin\u00e9es, Pi\u00e8ces &amp; Accessoires","item":"https:\/\/staging.belleflamme.ca\/fr\/categories\/cheminees-pieces-accessoires\/"},{"@type":"ListItem","position":4,"name":"Contr\u00f4le et T\u00e9l\u00e9commande","item":"https:\/\/staging.belleflamme.ca\/fr\/categories\/cheminees-pieces-accessoires\/controle-et-telecommande\/"},{"@type":"ListItem","position":5,"name":"Contr\u00f4leur de ventilateur \u00e0 combustible solide CEF 211 de Envervex"}]},{"@type":"WebSite","@id":"https:\/\/www.belleflamme.ca\/fr\/#website","url":"https:\/\/www.belleflamme.ca\/fr\/","name":"Groupe Belleflamme","description":"La m\u00e9canique du b\u00e2timent dans le sang.","publisher":{"@id":"https:\/\/www.belleflamme.ca\/fr\/#organization"},"potentialAction":[{"@type":"SearchAction","target":{"@type":"EntryPoint","urlTemplate":"https:\/\/www.belleflamme.ca\/fr\/?s={search_term_string}"},"query-input":{"@type":"PropertyValueSpecification","valueRequired":true,"valueName":"search_term_string"}}],"inLanguage":"fr-FR"},{"@type":["Organization","Place"],"@id":"https:\/\/www.belleflamme.ca\/fr\/#organization","name":"Groupe Belleflamme","alternateName":"Belleflamme","url":"https:\/\/www.belleflamme.ca\/fr\/","logo":{"@type":"ImageObject","inLanguage":"fr-FR","@id":"https:\/\/www.belleflamme.ca\/fr\/#\/schema\/logo\/image\/","url":"https:\/\/staging.belleflamme.ca\/wp-content\/uploads\/2023\/01\/og-image.jpg","contentUrl":"https:\/\/staging.belleflamme.ca\/wp-content\/uploads\/2023\/01\/og-image.jpg","width":1200,"height":630,"caption":"Groupe Belleflamme"},"image":{"@id":"https:\/\/www.belleflamme.ca\/fr\/#\/schema\/logo\/image\/"},"sameAs":["https:\/\/www.facebook.com\/belleflamme.ca\/","https:\/\/www.linkedin.com\/company\/belleflamme\/","https:\/\/www.pinterest.ca\/groupebelleflamme\/","https:\/\/www.instagram.com\/legroupebelleflamme\/"],"mainEntityOfPage":{"@id":"https:\/\/staging.belleflamme.ca\/fr\/produit\/controleur-de-ventilateur-a-combustible-solide-cef-211-de-envervex\/"}}]},"product_brand":"Enervex","product_price_amount":"1931.00","product_price_currency":"CAD","og_availability":"instock","product_availability":"instock","product_retailer_item_id":"EFC211","product_condition":"new"},"_links":{"self":[{"href":"https:\/\/staging.belleflamme.ca\/fr\/wp-json\/wp\/v2\/product\/25178","targetHints":{"allow":["GET"]}}],"collection":[{"href":"https:\/\/staging.belleflamme.ca\/fr\/wp-json\/wp\/v2\/product"}],"about":[{"href":"https:\/\/staging.belleflamme.ca\/fr\/wp-json\/wp\/v2\/types\/product"}],"version-history":[{"count":2,"href":"https:\/\/staging.belleflamme.ca\/fr\/wp-json\/wp\/v2\/product\/25178\/revisions"}],"predecessor-version":[{"id":27160,"href":"https:\/\/staging.belleflamme.ca\/fr\/wp-json\/wp\/v2\/product\/25178\/revisions\/27160"}],"wp:featuredmedia":[{"embeddable":true,"href":"https:\/\/staging.belleflamme.ca\/fr\/wp-json\/wp\/v2\/media\/25179"}],"wp:attachment":[{"href":"https:\/\/staging.belleflamme.ca\/fr\/wp-json\/wp\/v2\/media?parent=25178"}],"wp:term":[{"taxonomy":"product_brand","embeddable":true,"href":"https:\/\/staging.belleflamme.ca\/fr\/wp-json\/wp\/v2\/product_brand?post=25178"},{"taxonomy":"product_cat","embeddable":true,"href":"https:\/\/staging.belleflamme.ca\/fr\/wp-json\/wp\/v2\/product_cat?post=25178"},{"taxonomy":"product_tag","embeddable":true,"href":"https:\/\/staging.belleflamme.ca\/fr\/wp-json\/wp\/v2\/product_tag?post=25178"}],"curies":[{"name":"wp","href":"https:\/\/api.w.org\/{rel}","templated":true}]}}