{"id":25145,"date":"2024-01-12T13:01:03","date_gmt":"2024-01-12T18:01:03","guid":{"rendered":"https:\/\/www.belleflamme.ca\/?post_type=product&#038;p=25145"},"modified":"2024-01-18T09:57:11","modified_gmt":"2024-01-18T14:57:11","slug":"controle-du-ventilateur-et-du-clapet-adc100-de-enervex","status":"publish","type":"product","link":"https:\/\/staging.belleflamme.ca\/fr\/produit\/controle-du-ventilateur-et-du-clapet-adc100-de-enervex\/","title":{"rendered":"Contr\u00f4le du ventilateur et du clapet ADC100 de Enervex"},"content":{"rendered":"\t\t<div data-elementor-type=\"product-post\" data-elementor-id=\"25145\" class=\"elementor elementor-25145\" data-elementor-post-type=\"product\">\n\t\t\t\t\t\t<section class=\"elementor-section elementor-top-section elementor-element elementor-element-67a44baf elementor-section-boxed elementor-section-height-default elementor-section-height-default\" data-id=\"67a44baf\" data-element_type=\"section\">\n\t\t\t\t\t\t<div class=\"elementor-container elementor-column-gap-default\">\n\t\t\t\t\t<div class=\"elementor-column elementor-col-100 elementor-top-column elementor-element elementor-element-4e7aefcf\" data-id=\"4e7aefcf\" data-element_type=\"column\">\n\t\t\t<div class=\"elementor-widget-wrap elementor-element-populated\">\n\t\t\t\t\t\t<div class=\"elementor-element elementor-element-23cf8643 elementor-widget elementor-widget-text-editor\" data-id=\"23cf8643\" data-element_type=\"widget\" data-widget_type=\"text-editor.default\">\n\t\t\t\t<div class=\"elementor-widget-container\">\n\t\t\t\t\t\t\t\t\t<div class=\"product-content\">\r\n\r\n<span>Dans les foyers au gaz, la modulation n&#8217;est pas toujours n\u00e9cessaire.\u00a0Dans ce cas, un contr\u00f4le de ventilateur et de clapet ENERVEX (ADC 100) est un excellent choix.<\/span>\r\n\r\n<span>Ce contr\u00f4leur de ventilateur peut \u00eatre verrouill\u00e9 avec le foyer pour contr\u00f4ler la vitesse du ventilateur et maintenir un tirage ad\u00e9quat dans la chemin\u00e9e.\u00a0Il fournit un signal 10-120 VCA aux ventilateurs monophas\u00e9s et un signal 0-10 VCC qui peut \u00eatre interpr\u00e9t\u00e9 pour contr\u00f4ler les ventilateurs triphas\u00e9s par un EDrive.<\/span>\r\n<h3><span>Caract\u00e9ristiques<\/span><\/h3>\r\n<ul>\r\n \t<li><span>Signal de commande 0-10 VAC et 10-120 VAC pour vitesse variable<\/span><\/li>\r\n \t<li><span>Pour installations int\u00e9rieures uniquement<\/span><\/li>\r\n \t<li><span>\u00c0 utiliser avec les ventilateurs RS<\/span><\/li>\r\n \t<li><span>Comprend un commutateur de tirage externe PDS Proven<\/span><\/li>\r\n \t<li><span>Contr\u00f4le \u00e0 la fois les ventilateurs 1x120V et 3x230V\/460V (les ventilateurs triphas\u00e9s n\u00e9cessitent un EDrive)<\/span><\/li>\r\n<\/ul>\r\n<\/div>\r\n<h3><span>Caract\u00e9ristiques<\/span><\/h3>\r\n<div class=\"specifications\">\r\n<table>\r\n<tbody>\r\n<tr>\r\n<td class=\"colLeft\"><span>Source de courant<\/span><\/td>\r\n<td class=\"colRight\"><span>1 x 120 VCA<\/span><\/td>\r\n<\/tr>\r\n<tr>\r\n<td class=\"colLeft\"><span>Intensit\u00e9 de courant<\/span><\/td>\r\n<td class=\"colRight\"><span>6.3A<\/span><\/td>\r\n<\/tr>\r\n<tr>\r\n<td class=\"colLeft\"><span>Signaux de contr\u00f4le<\/span><\/td>\r\n<td class=\"colRight\"><span>0-10 VAC (pour VFD) et 120\/240 VAC (pour connexion directe)<\/span><\/td>\r\n<\/tr>\r\n<tr>\r\n<td class=\"colLeft\"><span>Sortie<\/span><\/td>\r\n<td class=\"colRight\"><span>10-120 VCA \/ 0-10 VCC<\/span><\/td>\r\n<\/tr>\r\n<tr>\r\n<td class=\"colLeft\"><span>Relais de contr\u00f4le<\/span><\/td>\r\n<td class=\"colRight\"><span>(2) Max 120 V CA\/8 A<\/span><\/td>\r\n<\/tr>\r\n<tr>\r\n<td class=\"colLeft\"><span>Norme CEM<\/span><\/td>\r\n<td class=\"colRight\"><span>\u00c9mission : EN50 081-1, Immunit\u00e9 : EN50 081-2<\/span><\/td>\r\n<\/tr>\r\n<tr>\r\n<td class=\"colLeft\"><span>garantie<\/span><\/td>\r\n<td class=\"colRight\"><span>2 ans<\/span><\/td>\r\n<\/tr>\r\n<tr>\r\n<td class=\"colLeft\"><span>Certification d&#8217;inscription<\/span><\/td>\r\n<td class=\"colRight\"><span>\u00c0 utiliser avec le mod\u00e8le RS r\u00e9pertori\u00e9 selon UL 378, norme pour les \u00e9quipements de tirage<\/span>\r\n<span>UL508\/UL 60947, norme pour les panneaux de commande industriels<\/span>\r\n<span>CSA C22.2 n\u00b0 14-95, norme pour les \u00e9quipements de commande industriels.<\/span><\/td>\r\n<\/tr>\r\n<\/tbody>\r\n<\/table>\r\n<\/div>\t\t\t\t\t\t\t\t<\/div>\n\t\t\t\t<\/div>\n\t\t\t\t\t<\/div>\n\t\t<\/div>\n\t\t\t\t\t<\/div>\n\t\t<\/section>\n\t\t\t\t<section class=\"elementor-section elementor-top-section elementor-element elementor-element-a5479bb elementor-section-boxed elementor-section-height-default elementor-section-height-default\" data-id=\"a5479bb\" data-element_type=\"section\">\n\t\t\t\t\t\t<div class=\"elementor-container elementor-column-gap-default\">\n\t\t\t\t\t<div class=\"elementor-column elementor-col-100 elementor-top-column elementor-element elementor-element-5b2618e\" data-id=\"5b2618e\" data-element_type=\"column\">\n\t\t\t<div class=\"elementor-widget-wrap elementor-element-populated\">\n\t\t\t\t\t\t<div class=\"elementor-element elementor-element-2c4f288 elementor-tabs-view-horizontal elementor-widget elementor-widget-tabs\" data-id=\"2c4f288\" data-element_type=\"widget\" data-widget_type=\"tabs.default\">\n\t\t\t\t<div class=\"elementor-widget-container\">\n\t\t\t\t\t\t\t<div class=\"elementor-tabs\">\n\t\t\t<div class=\"elementor-tabs-wrapper\" role=\"tablist\" >\n\t\t\t\t\t\t\t\t\t<div id=\"elementor-tab-title-4641\" class=\"elementor-tab-title elementor-tab-desktop-title\" aria-selected=\"true\" data-tab=\"1\" role=\"tab\" tabindex=\"0\" aria-controls=\"elementor-tab-content-4641\" aria-expanded=\"false\">Fichiers<\/div>\n\t\t\t\t\t\t\t<\/div>\n\t\t\t<div class=\"elementor-tabs-content-wrapper\" role=\"tablist\" aria-orientation=\"vertical\">\n\t\t\t\t\t\t\t\t\t<div class=\"elementor-tab-title elementor-tab-mobile-title\" aria-selected=\"true\" data-tab=\"1\" role=\"tab\" tabindex=\"0\" aria-controls=\"elementor-tab-content-4641\" aria-expanded=\"false\">Fichiers<\/div>\n\t\t\t\t\t<div id=\"elementor-tab-content-4641\" class=\"elementor-tab-content elementor-clearfix\" data-tab=\"1\" role=\"tabpanel\" aria-labelledby=\"elementor-tab-title-4641\" tabindex=\"0\" hidden=\"false\"><i class=\"far fa-file-pdf fa-xl\" style=\"font-size:35px\"><\/i><a href=\"https:\/\/www.belleflamme.ca\/wp-content\/uploads\/2024\/01\/ADC100_6-17.pdf\"> Sp\u00e9cifications<\/a><\/br>\n<i class=\"far fa-file-pdf fa-xl\" style=\"font-size:35px\"><\/i><a href=\"https:\/\/www.belleflamme.ca\/wp-content\/uploads\/2024\/01\/ADC100-IO-Manual-05-17.pdf\"> Manuel<\/a><\/br><\/div>\n\t\t\t\t\t\t\t<\/div>\n\t\t<\/div>\n\t\t\t\t\t\t<\/div>\n\t\t\t\t<\/div>\n\t\t\t\t\t<\/div>\n\t\t<\/div>\n\t\t\t\t\t<\/div>\n\t\t<\/section>\n\t\t\t\t<\/div>\n\t\t","protected":false},"excerpt":{"rendered":"<p>Dans les foyers au gaz, la modulation n&#8217;est pas toujours n\u00e9cessaire.\u00a0Dans ce cas, un contr\u00f4le de ventilateur et de clapet ENERVEX (ADC 100) est un excellent choix. Ce contr\u00f4leur de ventilateur peut \u00eatre verrouill\u00e9 avec le foyer pour contr\u00f4ler la vitesse du ventilateur et maintenir un tirage ad\u00e9quat dans la chemin\u00e9e.\u00a0Il fournit un signal 10-120 [&hellip;]<\/p>\n","protected":false},"featured_media":25146,"template":"","meta":{"inline_featured_image":false},"product_brand":[826],"product_cat":[1110,45],"product_tag":[],"class_list":{"0":"post-25145","1":"product","2":"type-product","3":"status-publish","4":"has-post-thumbnail","6":"product_brand-enervex","7":"product_cat-controle-et-telecommande","8":"product_cat-cheminees-pieces-accessoires","10":"first","11":"instock","12":"taxable","13":"shipping-taxable","14":"purchasable","15":"product-type-simple"},"yoast_head":"<!-- This site is optimized with the Yoast SEO Premium plugin v24.2 (Yoast SEO v24.2) - https:\/\/yoast.com\/wordpress\/plugins\/seo\/ -->\n<title>Contr\u00f4le du ventilateur et du clapet ADC100 de Enervex - Groupe BelleFlamme<\/title>\n<meta name=\"description\" content=\"Contr\u00f4le du ventilateur et du clapet ADC100 de Enervex\" \/>\n<meta name=\"robots\" content=\"index, follow, max-snippet:-1, max-image-preview:large, max-video-preview:-1\" \/>\n<link rel=\"canonical\" href=\"https:\/\/staging.belleflamme.ca\/fr\/produit\/controle-du-ventilateur-et-du-clapet-adc100-de-enervex\/\" \/>\n<meta property=\"og:locale\" content=\"fr_FR\" \/>\n<meta property=\"og:type\" content=\"article\" \/>\n<meta property=\"og:title\" content=\"Contr\u00f4le du ventilateur et du clapet ADC100 de Enervex\" \/>\n<meta property=\"og:description\" content=\"Contr\u00f4le du ventilateur et du clapet ADC100 de Enervex\" \/>\n<meta property=\"og:url\" content=\"https:\/\/staging.belleflamme.ca\/fr\/produit\/controle-du-ventilateur-et-du-clapet-adc100-de-enervex\/\" \/>\n<meta property=\"og:site_name\" content=\"Groupe BelleFlamme\" \/>\n<meta property=\"article:publisher\" content=\"https:\/\/www.facebook.com\/belleflamme.ca\/\" \/>\n<meta property=\"article:modified_time\" content=\"2024-01-18T14:57:11+00:00\" \/>\n<meta property=\"og:image\" content=\"https:\/\/www.belleflamme.ca\/wp-content\/uploads\/2024\/01\/Controle-du-ventilateur-et-du-clapet-ADC100-de-Enervex.webp\" \/>\n\t<meta property=\"og:image:width\" content=\"600\" \/>\n\t<meta property=\"og:image:height\" content=\"600\" \/>\n\t<meta property=\"og:image:type\" content=\"image\/webp\" \/>\n<meta name=\"twitter:card\" content=\"summary_large_image\" \/>\n<meta name=\"twitter:label1\" content=\"Prix\" \/>\n\t<meta name=\"twitter:data1\" content=\"&#036;1,672.00\" \/>\n\t<meta name=\"twitter:label2\" content=\"Disponibilit\u00e9\" \/>\n\t<meta name=\"twitter:data2\" content=\"En stock\" \/>\n<script type=\"application\/ld+json\" class=\"yoast-schema-graph\">{\"@context\":\"https:\/\/schema.org\",\"@graph\":[{\"@type\":[\"WebPage\",\"ItemPage\"],\"@id\":\"https:\/\/staging.belleflamme.ca\/fr\/produit\/controle-du-ventilateur-et-du-clapet-adc100-de-enervex\/\",\"url\":\"https:\/\/staging.belleflamme.ca\/fr\/produit\/controle-du-ventilateur-et-du-clapet-adc100-de-enervex\/\",\"name\":\"Contr\u00f4le du ventilateur et du clapet ADC100 de Enervex - Groupe BelleFlamme\",\"isPartOf\":{\"@id\":\"https:\/\/www.belleflamme.ca\/fr\/#website\"},\"primaryImageOfPage\":{\"@id\":\"https:\/\/staging.belleflamme.ca\/fr\/produit\/controle-du-ventilateur-et-du-clapet-adc100-de-enervex\/#primaryimage\"},\"image\":{\"@id\":\"https:\/\/staging.belleflamme.ca\/fr\/produit\/controle-du-ventilateur-et-du-clapet-adc100-de-enervex\/#primaryimage\"},\"thumbnailUrl\":\"https:\/\/staging.belleflamme.ca\/wp-content\/uploads\/2024\/01\/Controle-du-ventilateur-et-du-clapet-ADC100-de-Enervex.webp\",\"datePublished\":\"2024-01-12T18:01:03+00:00\",\"dateModified\":\"2024-01-18T14:57:11+00:00\",\"description\":\"Contr\u00f4le du ventilateur et du clapet ADC100 de Enervex\",\"breadcrumb\":{\"@id\":\"https:\/\/staging.belleflamme.ca\/fr\/produit\/controle-du-ventilateur-et-du-clapet-adc100-de-enervex\/#breadcrumb\"},\"inLanguage\":\"fr-FR\",\"potentialAction\":[{\"@type\":\"ReadAction\",\"target\":[\"https:\/\/staging.belleflamme.ca\/fr\/produit\/controle-du-ventilateur-et-du-clapet-adc100-de-enervex\/\"]}]},{\"@type\":\"ImageObject\",\"inLanguage\":\"fr-FR\",\"@id\":\"https:\/\/staging.belleflamme.ca\/fr\/produit\/controle-du-ventilateur-et-du-clapet-adc100-de-enervex\/#primaryimage\",\"url\":\"https:\/\/staging.belleflamme.ca\/wp-content\/uploads\/2024\/01\/Controle-du-ventilateur-et-du-clapet-ADC100-de-Enervex.webp\",\"contentUrl\":\"https:\/\/staging.belleflamme.ca\/wp-content\/uploads\/2024\/01\/Controle-du-ventilateur-et-du-clapet-ADC100-de-Enervex.webp\",\"width\":600,\"height\":600,\"caption\":\"Contr\u00f4le du ventilateur et du clapet ADC100 de Enervex\"},{\"@type\":\"BreadcrumbList\",\"@id\":\"https:\/\/staging.belleflamme.ca\/fr\/produit\/controle-du-ventilateur-et-du-clapet-adc100-de-enervex\/#breadcrumb\",\"itemListElement\":[{\"@type\":\"ListItem\",\"position\":1,\"name\":\"Accueil\",\"item\":\"https:\/\/www.belleflamme.ca\/fr\/\"},{\"@type\":\"ListItem\",\"position\":2,\"name\":\"Boutique\",\"item\":\"https:\/\/www.belleflamme.ca\/fr\/boutique\/\"},{\"@type\":\"ListItem\",\"position\":3,\"name\":\"Chemin\u00e9es, Pi\u00e8ces &amp; Accessoires\",\"item\":\"https:\/\/staging.belleflamme.ca\/fr\/categories\/cheminees-pieces-accessoires\/\"},{\"@type\":\"ListItem\",\"position\":4,\"name\":\"Contr\u00f4le et T\u00e9l\u00e9commande\",\"item\":\"https:\/\/staging.belleflamme.ca\/fr\/categories\/cheminees-pieces-accessoires\/controle-et-telecommande\/\"},{\"@type\":\"ListItem\",\"position\":5,\"name\":\"Contr\u00f4le du ventilateur et du clapet ADC100 de Enervex\"}]},{\"@type\":\"WebSite\",\"@id\":\"https:\/\/www.belleflamme.ca\/fr\/#website\",\"url\":\"https:\/\/www.belleflamme.ca\/fr\/\",\"name\":\"Groupe Belleflamme\",\"description\":\"La m\u00e9canique du b\u00e2timent dans le sang.\",\"publisher\":{\"@id\":\"https:\/\/www.belleflamme.ca\/fr\/#organization\"},\"potentialAction\":[{\"@type\":\"SearchAction\",\"target\":{\"@type\":\"EntryPoint\",\"urlTemplate\":\"https:\/\/www.belleflamme.ca\/fr\/?s={search_term_string}\"},\"query-input\":{\"@type\":\"PropertyValueSpecification\",\"valueRequired\":true,\"valueName\":\"search_term_string\"}}],\"inLanguage\":\"fr-FR\"},{\"@type\":[\"Organization\",\"Place\"],\"@id\":\"https:\/\/www.belleflamme.ca\/fr\/#organization\",\"name\":\"Groupe Belleflamme\",\"alternateName\":\"Belleflamme\",\"url\":\"https:\/\/www.belleflamme.ca\/fr\/\",\"logo\":{\"@type\":\"ImageObject\",\"inLanguage\":\"fr-FR\",\"@id\":\"https:\/\/www.belleflamme.ca\/fr\/#\/schema\/logo\/image\/\",\"url\":\"https:\/\/staging.belleflamme.ca\/wp-content\/uploads\/2023\/01\/og-image.jpg\",\"contentUrl\":\"https:\/\/staging.belleflamme.ca\/wp-content\/uploads\/2023\/01\/og-image.jpg\",\"width\":1200,\"height\":630,\"caption\":\"Groupe Belleflamme\"},\"image\":{\"@id\":\"https:\/\/www.belleflamme.ca\/fr\/#\/schema\/logo\/image\/\"},\"sameAs\":[\"https:\/\/www.facebook.com\/belleflamme.ca\/\",\"https:\/\/www.linkedin.com\/company\/belleflamme\/\",\"https:\/\/www.pinterest.ca\/groupebelleflamme\/\",\"https:\/\/www.instagram.com\/legroupebelleflamme\/\"],\"mainEntityOfPage\":{\"@id\":\"https:\/\/staging.belleflamme.ca\/fr\/produit\/controle-du-ventilateur-et-du-clapet-adc100-de-enervex\/\"}}]}<\/script>\n<meta property=\"product:brand\" content=\"Enervex\" \/>\n<meta property=\"product:price:amount\" content=\"1672.00\" \/>\n<meta property=\"product:price:currency\" content=\"CAD\" \/>\n<meta property=\"og:availability\" content=\"instock\" \/>\n<meta property=\"product:availability\" content=\"instock\" \/>\n<meta property=\"product:retailer_item_id\" content=\"ADC100\" \/>\n<meta property=\"product:condition\" content=\"new\" \/>\n<!-- \/ Yoast SEO Premium plugin. -->","yoast_head_json":{"title":"Contr\u00f4le du ventilateur et du clapet ADC100 de Enervex - Groupe BelleFlamme","description":"Contr\u00f4le du ventilateur et du clapet ADC100 de Enervex","robots":{"index":"index","follow":"follow","max-snippet":"max-snippet:-1","max-image-preview":"max-image-preview:large","max-video-preview":"max-video-preview:-1"},"canonical":"https:\/\/staging.belleflamme.ca\/fr\/produit\/controle-du-ventilateur-et-du-clapet-adc100-de-enervex\/","og_locale":"fr_FR","og_type":"article","og_title":"Contr\u00f4le du ventilateur et du clapet ADC100 de Enervex","og_description":"Contr\u00f4le du ventilateur et du clapet ADC100 de Enervex","og_url":"https:\/\/staging.belleflamme.ca\/fr\/produit\/controle-du-ventilateur-et-du-clapet-adc100-de-enervex\/","og_site_name":"Groupe BelleFlamme","article_publisher":"https:\/\/www.facebook.com\/belleflamme.ca\/","article_modified_time":"2024-01-18T14:57:11+00:00","og_image":[{"width":600,"height":600,"url":"https:\/\/www.belleflamme.ca\/wp-content\/uploads\/2024\/01\/Controle-du-ventilateur-et-du-clapet-ADC100-de-Enervex.webp","type":"image\/webp"}],"twitter_card":"summary_large_image","twitter_misc":{"Prix":"&#36;1,672.00","Disponibilit\u00e9":"En stock"},"schema":{"@context":"https:\/\/schema.org","@graph":[{"@type":["WebPage","ItemPage"],"@id":"https:\/\/staging.belleflamme.ca\/fr\/produit\/controle-du-ventilateur-et-du-clapet-adc100-de-enervex\/","url":"https:\/\/staging.belleflamme.ca\/fr\/produit\/controle-du-ventilateur-et-du-clapet-adc100-de-enervex\/","name":"Contr\u00f4le du ventilateur et du clapet ADC100 de Enervex - Groupe BelleFlamme","isPartOf":{"@id":"https:\/\/www.belleflamme.ca\/fr\/#website"},"primaryImageOfPage":{"@id":"https:\/\/staging.belleflamme.ca\/fr\/produit\/controle-du-ventilateur-et-du-clapet-adc100-de-enervex\/#primaryimage"},"image":{"@id":"https:\/\/staging.belleflamme.ca\/fr\/produit\/controle-du-ventilateur-et-du-clapet-adc100-de-enervex\/#primaryimage"},"thumbnailUrl":"https:\/\/staging.belleflamme.ca\/wp-content\/uploads\/2024\/01\/Controle-du-ventilateur-et-du-clapet-ADC100-de-Enervex.webp","datePublished":"2024-01-12T18:01:03+00:00","dateModified":"2024-01-18T14:57:11+00:00","description":"Contr\u00f4le du ventilateur et du clapet ADC100 de Enervex","breadcrumb":{"@id":"https:\/\/staging.belleflamme.ca\/fr\/produit\/controle-du-ventilateur-et-du-clapet-adc100-de-enervex\/#breadcrumb"},"inLanguage":"fr-FR","potentialAction":[{"@type":"ReadAction","target":["https:\/\/staging.belleflamme.ca\/fr\/produit\/controle-du-ventilateur-et-du-clapet-adc100-de-enervex\/"]}]},{"@type":"ImageObject","inLanguage":"fr-FR","@id":"https:\/\/staging.belleflamme.ca\/fr\/produit\/controle-du-ventilateur-et-du-clapet-adc100-de-enervex\/#primaryimage","url":"https:\/\/staging.belleflamme.ca\/wp-content\/uploads\/2024\/01\/Controle-du-ventilateur-et-du-clapet-ADC100-de-Enervex.webp","contentUrl":"https:\/\/staging.belleflamme.ca\/wp-content\/uploads\/2024\/01\/Controle-du-ventilateur-et-du-clapet-ADC100-de-Enervex.webp","width":600,"height":600,"caption":"Contr\u00f4le du ventilateur et du clapet ADC100 de Enervex"},{"@type":"BreadcrumbList","@id":"https:\/\/staging.belleflamme.ca\/fr\/produit\/controle-du-ventilateur-et-du-clapet-adc100-de-enervex\/#breadcrumb","itemListElement":[{"@type":"ListItem","position":1,"name":"Accueil","item":"https:\/\/www.belleflamme.ca\/fr\/"},{"@type":"ListItem","position":2,"name":"Boutique","item":"https:\/\/www.belleflamme.ca\/fr\/boutique\/"},{"@type":"ListItem","position":3,"name":"Chemin\u00e9es, Pi\u00e8ces &amp; Accessoires","item":"https:\/\/staging.belleflamme.ca\/fr\/categories\/cheminees-pieces-accessoires\/"},{"@type":"ListItem","position":4,"name":"Contr\u00f4le et T\u00e9l\u00e9commande","item":"https:\/\/staging.belleflamme.ca\/fr\/categories\/cheminees-pieces-accessoires\/controle-et-telecommande\/"},{"@type":"ListItem","position":5,"name":"Contr\u00f4le du ventilateur et du clapet ADC100 de Enervex"}]},{"@type":"WebSite","@id":"https:\/\/www.belleflamme.ca\/fr\/#website","url":"https:\/\/www.belleflamme.ca\/fr\/","name":"Groupe Belleflamme","description":"La m\u00e9canique du b\u00e2timent dans le sang.","publisher":{"@id":"https:\/\/www.belleflamme.ca\/fr\/#organization"},"potentialAction":[{"@type":"SearchAction","target":{"@type":"EntryPoint","urlTemplate":"https:\/\/www.belleflamme.ca\/fr\/?s={search_term_string}"},"query-input":{"@type":"PropertyValueSpecification","valueRequired":true,"valueName":"search_term_string"}}],"inLanguage":"fr-FR"},{"@type":["Organization","Place"],"@id":"https:\/\/www.belleflamme.ca\/fr\/#organization","name":"Groupe Belleflamme","alternateName":"Belleflamme","url":"https:\/\/www.belleflamme.ca\/fr\/","logo":{"@type":"ImageObject","inLanguage":"fr-FR","@id":"https:\/\/www.belleflamme.ca\/fr\/#\/schema\/logo\/image\/","url":"https:\/\/staging.belleflamme.ca\/wp-content\/uploads\/2023\/01\/og-image.jpg","contentUrl":"https:\/\/staging.belleflamme.ca\/wp-content\/uploads\/2023\/01\/og-image.jpg","width":1200,"height":630,"caption":"Groupe Belleflamme"},"image":{"@id":"https:\/\/www.belleflamme.ca\/fr\/#\/schema\/logo\/image\/"},"sameAs":["https:\/\/www.facebook.com\/belleflamme.ca\/","https:\/\/www.linkedin.com\/company\/belleflamme\/","https:\/\/www.pinterest.ca\/groupebelleflamme\/","https:\/\/www.instagram.com\/legroupebelleflamme\/"],"mainEntityOfPage":{"@id":"https:\/\/staging.belleflamme.ca\/fr\/produit\/controle-du-ventilateur-et-du-clapet-adc100-de-enervex\/"}}]},"product_brand":"Enervex","product_price_amount":"1672.00","product_price_currency":"CAD","og_availability":"instock","product_availability":"instock","product_retailer_item_id":"ADC100","product_condition":"new"},"_links":{"self":[{"href":"https:\/\/staging.belleflamme.ca\/fr\/wp-json\/wp\/v2\/product\/25145","targetHints":{"allow":["GET"]}}],"collection":[{"href":"https:\/\/staging.belleflamme.ca\/fr\/wp-json\/wp\/v2\/product"}],"about":[{"href":"https:\/\/staging.belleflamme.ca\/fr\/wp-json\/wp\/v2\/types\/product"}],"version-history":[{"count":5,"href":"https:\/\/staging.belleflamme.ca\/fr\/wp-json\/wp\/v2\/product\/25145\/revisions"}],"predecessor-version":[{"id":27161,"href":"https:\/\/staging.belleflamme.ca\/fr\/wp-json\/wp\/v2\/product\/25145\/revisions\/27161"}],"wp:featuredmedia":[{"embeddable":true,"href":"https:\/\/staging.belleflamme.ca\/fr\/wp-json\/wp\/v2\/media\/25146"}],"wp:attachment":[{"href":"https:\/\/staging.belleflamme.ca\/fr\/wp-json\/wp\/v2\/media?parent=25145"}],"wp:term":[{"taxonomy":"product_brand","embeddable":true,"href":"https:\/\/staging.belleflamme.ca\/fr\/wp-json\/wp\/v2\/product_brand?post=25145"},{"taxonomy":"product_cat","embeddable":true,"href":"https:\/\/staging.belleflamme.ca\/fr\/wp-json\/wp\/v2\/product_cat?post=25145"},{"taxonomy":"product_tag","embeddable":true,"href":"https:\/\/staging.belleflamme.ca\/fr\/wp-json\/wp\/v2\/product_tag?post=25145"}],"curies":[{"name":"wp","href":"https:\/\/api.w.org\/{rel}","templated":true}]}}