{"id":25032,"date":"2024-01-12T10:37:25","date_gmt":"2024-01-12T15:37:25","guid":{"rendered":"https:\/\/www.belleflamme.ca\/?post_type=product&#038;p=25032"},"modified":"2024-01-12T12:55:36","modified_gmt":"2024-01-12T17:55:36","slug":"ventilateur-de-cheminee-rs009-de-enervex","status":"publish","type":"product","link":"https:\/\/staging.belleflamme.ca\/fr\/produit\/ventilateur-de-cheminee-rs009-de-enervex\/","title":{"rendered":"Ventilateur de chemin\u00e9e RS de Enervex"},"content":{"rendered":"\t\t<div data-elementor-type=\"product-post\" data-elementor-id=\"25032\" class=\"elementor elementor-25032\" data-elementor-post-type=\"product\">\n\t\t\t\t\t\t<section class=\"elementor-section elementor-top-section elementor-element elementor-element-1bdcc84d elementor-section-boxed elementor-section-height-default elementor-section-height-default\" data-id=\"1bdcc84d\" data-element_type=\"section\">\n\t\t\t\t\t\t<div class=\"elementor-container elementor-column-gap-default\">\n\t\t\t\t\t<div class=\"elementor-column elementor-col-100 elementor-top-column elementor-element elementor-element-e391371\" data-id=\"e391371\" data-element_type=\"column\">\n\t\t\t<div class=\"elementor-widget-wrap elementor-element-populated\">\n\t\t\t\t\t\t<div class=\"elementor-element elementor-element-54f90a3b elementor-widget elementor-widget-text-editor\" data-id=\"54f90a3b\" data-element_type=\"widget\" data-widget_type=\"text-editor.default\">\n\t\t\t\t<div class=\"elementor-widget-container\">\n\t\t\t\t\t\t\t\t\t<div class=\"product-content\">\r\n\r\n<span>Rencontrez-vous des probl\u00e8mes de tirage incurables ?\u00a0Ne cherchez plus une solution.\u00a0Le ventilateur de chemin\u00e9e RS se monte \u00e0 l&#8217;ext\u00e9rieur de la chemin\u00e9e, o\u00f9 il aspire litt\u00e9ralement la fum\u00e9e du conduit de chemin\u00e9e.<\/span>\r\n\r\n<span>Le ventilateur de chemin\u00e9e est con\u00e7u pour disperser la fum\u00e9e lat\u00e9ralement (horizontalement), tout comme un chapeau de chemin\u00e9e standard.\u00a0Le RS est particuli\u00e8rement adapt\u00e9 aux chemin\u00e9es et po\u00eales \u00e0 gaz.<\/span>\r\n\r\n<span>L&#8217;installation est propre et facile \u2013 et la conception compacte du ventilateur est \u00e0 peine visible depuis le niveau du sol.\u00a0Le ventilateur peut \u00eatre encastr\u00e9 ou cach\u00e9 derri\u00e8re l\u2019enceinte sup\u00e9rieure de la chemin\u00e9e.<\/span>\r\n<h3><span>Caract\u00e9ristiques<\/span><\/h3>\r\n<ul>\r\n \t<li><span>Fonctionnement silencieux<\/span><\/li>\r\n \t<li><span>Moteur \u00e0 vitesse variable<\/span><\/li>\r\n \t<li><span>Utiliser avec des appareils \u00e0 gaz<\/span><\/li>\r\n \t<li><span>Existe en 4 tailles<\/span><\/li>\r\n \t<li><span>Ensembles complets de ventilateurs et de commandes disponibles aupr\u00e8s d&#8217;un seul fabricant<\/span><\/li>\r\n \t<li><span>Faibles co\u00fbts d\u2019exploitation<\/span><\/li>\r\n \t<li><span>Garantie de performance de 6 mois<\/span><\/li>\r\n<\/ul>\r\n<\/div>\r\n<h3><span>Caract\u00e9ristiques<\/span><\/h3>\r\n<div class=\"specifications\">\r\n<table>\r\n<tbody>\r\n<tr>\r\n<td class=\"colLeft\"><span>Capacit\u00e9s<\/span><\/td>\r\n<td class=\"colRight\"><span>0-1 800 PCM (0-3 000 m3\/h)<\/span><\/td>\r\n<\/tr>\r\n<tr>\r\n<td class=\"colLeft\"><span>Mat\u00e9riel<\/span><\/td>\r\n<td class=\"colRight\"><span>Bo\u00eetier en fonte d&#8217;aluminium et palette axiale en acier inoxydable<\/span><\/td>\r\n<\/tr>\r\n<tr>\r\n<td class=\"colLeft\"><span>Conduire<\/span><\/td>\r\n<td class=\"colRight\"><span>Palette axiale<\/span><\/td>\r\n<\/tr>\r\n<tr>\r\n<td class=\"colLeft\"><span>Moteur<\/span><\/td>\r\n<td class=\"colRight\"><span>Vitesse variable, TEFC, classe H<\/span><\/td>\r\n<\/tr>\r\n<tr>\r\n<td class=\"colLeft\"><span>Max.\u00a0Temp\u00e9rature<\/span><\/td>\r\n<td class=\"colRight\"><span>575\u00b0F (300\u00b0C)<\/span><\/td>\r\n<\/tr>\r\n<tr>\r\n<td class=\"colLeft\"><span>garantie<\/span><\/td>\r\n<td class=\"colRight\"><span>Garantie d&#8217;usine de 2 ans<\/span>\r\n<span>Garantie de 10 ans contre la perforation par corrosion<\/span><\/td>\r\n<\/tr>\r\n<tr>\r\n<td class=\"colLeft\"><span>Annonces<\/span><\/td>\r\n<td class=\"colRight\"><span>Norme UL 378 pour les \u00e9quipements de tirage<\/span>\r\n<span>Norme UL 705 pour les ventilateurs \u00e9lectriques<\/span>\r\n<span>Norme CSA3-B255-M81 pour les extracteurs de gaz de combustion m\u00e9caniques<\/span><\/td>\r\n<\/tr>\r\n<\/tbody>\r\n<\/table>\r\n<\/div>\t\t\t\t\t\t\t\t<\/div>\n\t\t\t\t<\/div>\n\t\t\t\t\t<\/div>\n\t\t<\/div>\n\t\t\t\t\t<\/div>\n\t\t<\/section>\n\t\t\t\t<section class=\"elementor-section elementor-top-section elementor-element elementor-element-3a4ce01 elementor-section-boxed elementor-section-height-default elementor-section-height-default\" data-id=\"3a4ce01\" data-element_type=\"section\">\n\t\t\t\t\t\t<div class=\"elementor-container elementor-column-gap-default\">\n\t\t\t\t\t<div class=\"elementor-column elementor-col-100 elementor-top-column elementor-element elementor-element-457526a\" data-id=\"457526a\" data-element_type=\"column\">\n\t\t\t<div class=\"elementor-widget-wrap elementor-element-populated\">\n\t\t\t\t\t\t<div class=\"elementor-element elementor-element-881a312 elementor-tabs-view-horizontal elementor-widget elementor-widget-tabs\" data-id=\"881a312\" data-element_type=\"widget\" data-widget_type=\"tabs.default\">\n\t\t\t\t<div class=\"elementor-widget-container\">\n\t\t\t\t\t\t\t<div class=\"elementor-tabs\">\n\t\t\t<div class=\"elementor-tabs-wrapper\" role=\"tablist\" >\n\t\t\t\t\t\t\t\t\t<div id=\"elementor-tab-title-1421\" class=\"elementor-tab-title elementor-tab-desktop-title\" aria-selected=\"true\" data-tab=\"1\" role=\"tab\" tabindex=\"0\" aria-controls=\"elementor-tab-content-1421\" aria-expanded=\"false\">Fichiers<\/div>\n\t\t\t\t\t\t\t<\/div>\n\t\t\t<div class=\"elementor-tabs-content-wrapper\" role=\"tablist\" aria-orientation=\"vertical\">\n\t\t\t\t\t\t\t\t\t<div class=\"elementor-tab-title elementor-tab-mobile-title\" aria-selected=\"true\" data-tab=\"1\" role=\"tab\" tabindex=\"0\" aria-controls=\"elementor-tab-content-1421\" aria-expanded=\"false\">Fichiers<\/div>\n\t\t\t\t\t<div id=\"elementor-tab-content-1421\" class=\"elementor-tab-content elementor-clearfix\" data-tab=\"1\" role=\"tabpanel\" aria-labelledby=\"elementor-tab-title-1421\" tabindex=\"0\" hidden=\"false\"><i class=\"far fa-file-pdf fa-xl\" style=\"font-size:35px\"><\/i><a href=\"https:\/\/www.belleflamme.ca\/wp-content\/uploads\/2024\/01\/ENERVEX_RSFanBrochure_Jul_2016-for-upload.pdf\"> Brochure<\/a><\/br>\n<i class=\"far fa-file-pdf fa-xl\" style=\"font-size:35px\"><\/i><a href=\"https:\/\/www.belleflamme.ca\/wp-content\/uploads\/2024\/01\/RS009-016-ProInfo-02-16-1.pdf\"> Sp\u00e9cifications<\/a><\/br>\n<i class=\"far fa-file-pdf fa-xl\" style=\"font-size:35px\"><\/i><a href=\"https:\/\/www.belleflamme.ca\/wp-content\/uploads\/2024\/01\/RS-Manual-08-17.pdf\"> Manuel<\/a><\/br><\/div>\n\t\t\t\t\t\t\t<\/div>\n\t\t<\/div>\n\t\t\t\t\t\t<\/div>\n\t\t\t\t<\/div>\n\t\t\t\t\t<\/div>\n\t\t<\/div>\n\t\t\t\t\t<\/div>\n\t\t<\/section>\n\t\t\t\t<\/div>\n\t\t","protected":false},"excerpt":{"rendered":"<p>Rencontrez-vous des probl\u00e8mes de tirage incurables ?\u00a0Ne cherchez plus une solution.\u00a0Le ventilateur de chemin\u00e9e RS se monte \u00e0 l&#8217;ext\u00e9rieur de la chemin\u00e9e, o\u00f9 il aspire litt\u00e9ralement la fum\u00e9e du conduit de chemin\u00e9e. Le ventilateur de chemin\u00e9e est con\u00e7u pour disperser la fum\u00e9e lat\u00e9ralement (horizontalement), tout comme un chapeau de chemin\u00e9e standard.\u00a0Le RS est particuli\u00e8rement adapt\u00e9 [&hellip;]<\/p>\n","protected":false},"featured_media":25065,"template":"","meta":{"inline_featured_image":false},"product_brand":[826],"product_cat":[95,828,45],"product_tag":[],"class_list":{"0":"post-25032","1":"product","2":"type-product","3":"status-publish","4":"has-post-thumbnail","6":"product_brand-enervex","7":"product_cat-cheminees","8":"product_cat-enervex","9":"product_cat-cheminees-pieces-accessoires","11":"first","12":"instock","13":"taxable","14":"shipping-taxable","15":"purchasable","16":"product-type-variable"},"yoast_head":"<!-- This site is optimized with the Yoast SEO Premium plugin v24.2 (Yoast SEO v24.2) - https:\/\/yoast.com\/wordpress\/plugins\/seo\/ -->\n<title>Ventilateur de chemin\u00e9e RS de Enervex - Groupe BelleFlamme<\/title>\n<meta name=\"description\" content=\"Ventilateur de chemin\u00e9e RS de Enervex vendu et install\u00e9 par le Groupe Belleflamme. Laval, Montr\u00e9al, Gatineau, Drummondville et Saint-Sauveur.\" \/>\n<meta name=\"robots\" content=\"index, follow, max-snippet:-1, max-image-preview:large, max-video-preview:-1\" \/>\n<link rel=\"canonical\" href=\"https:\/\/staging.belleflamme.ca\/fr\/produit\/ventilateur-de-cheminee-rs009-de-enervex\/\" \/>\n<meta property=\"og:locale\" content=\"fr_FR\" \/>\n<meta property=\"og:type\" content=\"article\" \/>\n<meta property=\"og:title\" content=\"Ventilateur de chemin\u00e9e RS de Enervex\" \/>\n<meta property=\"og:description\" content=\"Ventilateur de chemin\u00e9e RS de Enervex vendu et install\u00e9 par le Groupe Belleflamme. Laval, Montr\u00e9al, Gatineau, Drummondville et Saint-Sauveur.\" \/>\n<meta property=\"og:url\" content=\"https:\/\/staging.belleflamme.ca\/fr\/produit\/ventilateur-de-cheminee-rs009-de-enervex\/\" \/>\n<meta property=\"og:site_name\" content=\"Groupe BelleFlamme\" \/>\n<meta property=\"article:publisher\" content=\"https:\/\/www.facebook.com\/belleflamme.ca\/\" \/>\n<meta property=\"article:modified_time\" content=\"2024-01-12T17:55:36+00:00\" \/>\n<meta property=\"og:image\" content=\"https:\/\/www.belleflamme.ca\/wp-content\/uploads\/2024\/01\/Ventilateur-de-cheminee-RS-de-Enervex.webp\" \/>\n\t<meta property=\"og:image:width\" content=\"600\" \/>\n\t<meta property=\"og:image:height\" content=\"600\" \/>\n\t<meta property=\"og:image:type\" content=\"image\/webp\" \/>\n<meta name=\"twitter:card\" content=\"summary_large_image\" \/>\n<meta name=\"twitter:label1\" content=\"Disponibilit\u00e9\" \/>\n\t<meta name=\"twitter:data1\" content=\"En stock\" \/>\n<script type=\"application\/ld+json\" class=\"yoast-schema-graph\">{\"@context\":\"https:\/\/schema.org\",\"@graph\":[{\"@type\":[\"WebPage\",\"ItemPage\"],\"@id\":\"https:\/\/staging.belleflamme.ca\/fr\/produit\/ventilateur-de-cheminee-rs009-de-enervex\/\",\"url\":\"https:\/\/staging.belleflamme.ca\/fr\/produit\/ventilateur-de-cheminee-rs009-de-enervex\/\",\"name\":\"Ventilateur de chemin\u00e9e RS de Enervex - Groupe BelleFlamme\",\"isPartOf\":{\"@id\":\"https:\/\/www.belleflamme.ca\/fr\/#website\"},\"primaryImageOfPage\":{\"@id\":\"https:\/\/staging.belleflamme.ca\/fr\/produit\/ventilateur-de-cheminee-rs009-de-enervex\/#primaryimage\"},\"image\":{\"@id\":\"https:\/\/staging.belleflamme.ca\/fr\/produit\/ventilateur-de-cheminee-rs009-de-enervex\/#primaryimage\"},\"thumbnailUrl\":\"https:\/\/staging.belleflamme.ca\/wp-content\/uploads\/2024\/01\/Ventilateur-de-cheminee-RS-de-Enervex.webp\",\"datePublished\":\"2024-01-12T15:37:25+00:00\",\"dateModified\":\"2024-01-12T17:55:36+00:00\",\"description\":\"Ventilateur de chemin\u00e9e RS de Enervex [get_meta_en_fr]\",\"breadcrumb\":{\"@id\":\"https:\/\/staging.belleflamme.ca\/fr\/produit\/ventilateur-de-cheminee-rs009-de-enervex\/#breadcrumb\"},\"inLanguage\":\"fr-FR\",\"potentialAction\":[{\"@type\":\"ReadAction\",\"target\":[\"https:\/\/staging.belleflamme.ca\/fr\/produit\/ventilateur-de-cheminee-rs009-de-enervex\/\"]}]},{\"@type\":\"ImageObject\",\"inLanguage\":\"fr-FR\",\"@id\":\"https:\/\/staging.belleflamme.ca\/fr\/produit\/ventilateur-de-cheminee-rs009-de-enervex\/#primaryimage\",\"url\":\"https:\/\/staging.belleflamme.ca\/wp-content\/uploads\/2024\/01\/Ventilateur-de-cheminee-RS-de-Enervex.webp\",\"contentUrl\":\"https:\/\/staging.belleflamme.ca\/wp-content\/uploads\/2024\/01\/Ventilateur-de-cheminee-RS-de-Enervex.webp\",\"width\":600,\"height\":600,\"caption\":\"Ventilateur de chemin\u00e9e RS de Enervex\"},{\"@type\":\"BreadcrumbList\",\"@id\":\"https:\/\/staging.belleflamme.ca\/fr\/produit\/ventilateur-de-cheminee-rs009-de-enervex\/#breadcrumb\",\"itemListElement\":[{\"@type\":\"ListItem\",\"position\":1,\"name\":\"Accueil\",\"item\":\"https:\/\/www.belleflamme.ca\/fr\/\"},{\"@type\":\"ListItem\",\"position\":2,\"name\":\"Boutique\",\"item\":\"https:\/\/www.belleflamme.ca\/fr\/boutique\/\"},{\"@type\":\"ListItem\",\"position\":3,\"name\":\"Chemin\u00e9es, Pi\u00e8ces &amp; Accessoires\",\"item\":\"https:\/\/staging.belleflamme.ca\/fr\/categories\/cheminees-pieces-accessoires\/\"},{\"@type\":\"ListItem\",\"position\":4,\"name\":\"Chemin\u00e9es\",\"item\":\"https:\/\/staging.belleflamme.ca\/fr\/categories\/cheminees-pieces-accessoires\/cheminees\/\"},{\"@type\":\"ListItem\",\"position\":5,\"name\":\"Enervex\",\"item\":\"https:\/\/staging.belleflamme.ca\/fr\/categories\/cheminees-pieces-accessoires\/cheminees\/enervex\/\"},{\"@type\":\"ListItem\",\"position\":6,\"name\":\"Ventilateur de chemin\u00e9e RS de Enervex\"}]},{\"@type\":\"WebSite\",\"@id\":\"https:\/\/www.belleflamme.ca\/fr\/#website\",\"url\":\"https:\/\/www.belleflamme.ca\/fr\/\",\"name\":\"Groupe Belleflamme\",\"description\":\"La m\u00e9canique du b\u00e2timent dans le sang.\",\"publisher\":{\"@id\":\"https:\/\/www.belleflamme.ca\/fr\/#organization\"},\"potentialAction\":[{\"@type\":\"SearchAction\",\"target\":{\"@type\":\"EntryPoint\",\"urlTemplate\":\"https:\/\/www.belleflamme.ca\/fr\/?s={search_term_string}\"},\"query-input\":{\"@type\":\"PropertyValueSpecification\",\"valueRequired\":true,\"valueName\":\"search_term_string\"}}],\"inLanguage\":\"fr-FR\"},{\"@type\":[\"Organization\",\"Place\"],\"@id\":\"https:\/\/www.belleflamme.ca\/fr\/#organization\",\"name\":\"Groupe Belleflamme\",\"alternateName\":\"Belleflamme\",\"url\":\"https:\/\/www.belleflamme.ca\/fr\/\",\"logo\":{\"@type\":\"ImageObject\",\"inLanguage\":\"fr-FR\",\"@id\":\"https:\/\/www.belleflamme.ca\/fr\/#\/schema\/logo\/image\/\",\"url\":\"https:\/\/staging.belleflamme.ca\/wp-content\/uploads\/2023\/01\/og-image.jpg\",\"contentUrl\":\"https:\/\/staging.belleflamme.ca\/wp-content\/uploads\/2023\/01\/og-image.jpg\",\"width\":1200,\"height\":630,\"caption\":\"Groupe Belleflamme\"},\"image\":{\"@id\":\"https:\/\/www.belleflamme.ca\/fr\/#\/schema\/logo\/image\/\"},\"sameAs\":[\"https:\/\/www.facebook.com\/belleflamme.ca\/\",\"https:\/\/www.linkedin.com\/company\/belleflamme\/\",\"https:\/\/www.pinterest.ca\/groupebelleflamme\/\",\"https:\/\/www.instagram.com\/legroupebelleflamme\/\"],\"mainEntityOfPage\":{\"@id\":\"https:\/\/staging.belleflamme.ca\/fr\/produit\/ventilateur-de-cheminee-rs009-de-enervex\/\"}}]}<\/script>\n<meta property=\"product:brand\" content=\"Enervex\" \/>\n<meta property=\"og:availability\" content=\"instock\" \/>\n<meta property=\"product:availability\" content=\"instock\" \/>\n<meta property=\"product:retailer_item_id\" content=\"RS\" \/>\n<meta property=\"product:condition\" content=\"new\" \/>\n<!-- \/ Yoast SEO Premium plugin. -->","yoast_head_json":{"title":"Ventilateur de chemin\u00e9e RS de Enervex - Groupe BelleFlamme","description":"Ventilateur de chemin\u00e9e RS de Enervex vendu et install\u00e9 par le Groupe Belleflamme. Laval, Montr\u00e9al, Gatineau, Drummondville et Saint-Sauveur.","robots":{"index":"index","follow":"follow","max-snippet":"max-snippet:-1","max-image-preview":"max-image-preview:large","max-video-preview":"max-video-preview:-1"},"canonical":"https:\/\/staging.belleflamme.ca\/fr\/produit\/ventilateur-de-cheminee-rs009-de-enervex\/","og_locale":"fr_FR","og_type":"article","og_title":"Ventilateur de chemin\u00e9e RS de Enervex","og_description":"Ventilateur de chemin\u00e9e RS de Enervex vendu et install\u00e9 par le Groupe Belleflamme. Laval, Montr\u00e9al, Gatineau, Drummondville et Saint-Sauveur.","og_url":"https:\/\/staging.belleflamme.ca\/fr\/produit\/ventilateur-de-cheminee-rs009-de-enervex\/","og_site_name":"Groupe BelleFlamme","article_publisher":"https:\/\/www.facebook.com\/belleflamme.ca\/","article_modified_time":"2024-01-12T17:55:36+00:00","og_image":[{"width":600,"height":600,"url":"https:\/\/www.belleflamme.ca\/wp-content\/uploads\/2024\/01\/Ventilateur-de-cheminee-RS-de-Enervex.webp","type":"image\/webp"}],"twitter_card":"summary_large_image","twitter_misc":{"Disponibilit\u00e9":"En stock"},"schema":{"@context":"https:\/\/schema.org","@graph":[{"@type":["WebPage","ItemPage"],"@id":"https:\/\/staging.belleflamme.ca\/fr\/produit\/ventilateur-de-cheminee-rs009-de-enervex\/","url":"https:\/\/staging.belleflamme.ca\/fr\/produit\/ventilateur-de-cheminee-rs009-de-enervex\/","name":"Ventilateur de chemin\u00e9e RS de Enervex - Groupe BelleFlamme","isPartOf":{"@id":"https:\/\/www.belleflamme.ca\/fr\/#website"},"primaryImageOfPage":{"@id":"https:\/\/staging.belleflamme.ca\/fr\/produit\/ventilateur-de-cheminee-rs009-de-enervex\/#primaryimage"},"image":{"@id":"https:\/\/staging.belleflamme.ca\/fr\/produit\/ventilateur-de-cheminee-rs009-de-enervex\/#primaryimage"},"thumbnailUrl":"https:\/\/staging.belleflamme.ca\/wp-content\/uploads\/2024\/01\/Ventilateur-de-cheminee-RS-de-Enervex.webp","datePublished":"2024-01-12T15:37:25+00:00","dateModified":"2024-01-12T17:55:36+00:00","description":"Ventilateur de chemin\u00e9e RS de Enervex [get_meta_en_fr]","breadcrumb":{"@id":"https:\/\/staging.belleflamme.ca\/fr\/produit\/ventilateur-de-cheminee-rs009-de-enervex\/#breadcrumb"},"inLanguage":"fr-FR","potentialAction":[{"@type":"ReadAction","target":["https:\/\/staging.belleflamme.ca\/fr\/produit\/ventilateur-de-cheminee-rs009-de-enervex\/"]}]},{"@type":"ImageObject","inLanguage":"fr-FR","@id":"https:\/\/staging.belleflamme.ca\/fr\/produit\/ventilateur-de-cheminee-rs009-de-enervex\/#primaryimage","url":"https:\/\/staging.belleflamme.ca\/wp-content\/uploads\/2024\/01\/Ventilateur-de-cheminee-RS-de-Enervex.webp","contentUrl":"https:\/\/staging.belleflamme.ca\/wp-content\/uploads\/2024\/01\/Ventilateur-de-cheminee-RS-de-Enervex.webp","width":600,"height":600,"caption":"Ventilateur de chemin\u00e9e RS de Enervex"},{"@type":"BreadcrumbList","@id":"https:\/\/staging.belleflamme.ca\/fr\/produit\/ventilateur-de-cheminee-rs009-de-enervex\/#breadcrumb","itemListElement":[{"@type":"ListItem","position":1,"name":"Accueil","item":"https:\/\/www.belleflamme.ca\/fr\/"},{"@type":"ListItem","position":2,"name":"Boutique","item":"https:\/\/www.belleflamme.ca\/fr\/boutique\/"},{"@type":"ListItem","position":3,"name":"Chemin\u00e9es, Pi\u00e8ces &amp; Accessoires","item":"https:\/\/staging.belleflamme.ca\/fr\/categories\/cheminees-pieces-accessoires\/"},{"@type":"ListItem","position":4,"name":"Chemin\u00e9es","item":"https:\/\/staging.belleflamme.ca\/fr\/categories\/cheminees-pieces-accessoires\/cheminees\/"},{"@type":"ListItem","position":5,"name":"Enervex","item":"https:\/\/staging.belleflamme.ca\/fr\/categories\/cheminees-pieces-accessoires\/cheminees\/enervex\/"},{"@type":"ListItem","position":6,"name":"Ventilateur de chemin\u00e9e RS de Enervex"}]},{"@type":"WebSite","@id":"https:\/\/www.belleflamme.ca\/fr\/#website","url":"https:\/\/www.belleflamme.ca\/fr\/","name":"Groupe Belleflamme","description":"La m\u00e9canique du b\u00e2timent dans le sang.","publisher":{"@id":"https:\/\/www.belleflamme.ca\/fr\/#organization"},"potentialAction":[{"@type":"SearchAction","target":{"@type":"EntryPoint","urlTemplate":"https:\/\/www.belleflamme.ca\/fr\/?s={search_term_string}"},"query-input":{"@type":"PropertyValueSpecification","valueRequired":true,"valueName":"search_term_string"}}],"inLanguage":"fr-FR"},{"@type":["Organization","Place"],"@id":"https:\/\/www.belleflamme.ca\/fr\/#organization","name":"Groupe Belleflamme","alternateName":"Belleflamme","url":"https:\/\/www.belleflamme.ca\/fr\/","logo":{"@type":"ImageObject","inLanguage":"fr-FR","@id":"https:\/\/www.belleflamme.ca\/fr\/#\/schema\/logo\/image\/","url":"https:\/\/staging.belleflamme.ca\/wp-content\/uploads\/2023\/01\/og-image.jpg","contentUrl":"https:\/\/staging.belleflamme.ca\/wp-content\/uploads\/2023\/01\/og-image.jpg","width":1200,"height":630,"caption":"Groupe Belleflamme"},"image":{"@id":"https:\/\/www.belleflamme.ca\/fr\/#\/schema\/logo\/image\/"},"sameAs":["https:\/\/www.facebook.com\/belleflamme.ca\/","https:\/\/www.linkedin.com\/company\/belleflamme\/","https:\/\/www.pinterest.ca\/groupebelleflamme\/","https:\/\/www.instagram.com\/legroupebelleflamme\/"],"mainEntityOfPage":{"@id":"https:\/\/staging.belleflamme.ca\/fr\/produit\/ventilateur-de-cheminee-rs009-de-enervex\/"}}]},"product_brand":"Enervex","og_availability":"instock","product_availability":"instock","product_retailer_item_id":"RS","product_condition":"new"},"_links":{"self":[{"href":"https:\/\/staging.belleflamme.ca\/fr\/wp-json\/wp\/v2\/product\/25032","targetHints":{"allow":["GET"]}}],"collection":[{"href":"https:\/\/staging.belleflamme.ca\/fr\/wp-json\/wp\/v2\/product"}],"about":[{"href":"https:\/\/staging.belleflamme.ca\/fr\/wp-json\/wp\/v2\/types\/product"}],"version-history":[{"count":8,"href":"https:\/\/staging.belleflamme.ca\/fr\/wp-json\/wp\/v2\/product\/25032\/revisions"}],"predecessor-version":[{"id":25142,"href":"https:\/\/staging.belleflamme.ca\/fr\/wp-json\/wp\/v2\/product\/25032\/revisions\/25142"}],"wp:featuredmedia":[{"embeddable":true,"href":"https:\/\/staging.belleflamme.ca\/fr\/wp-json\/wp\/v2\/media\/25065"}],"wp:attachment":[{"href":"https:\/\/staging.belleflamme.ca\/fr\/wp-json\/wp\/v2\/media?parent=25032"}],"wp:term":[{"taxonomy":"product_brand","embeddable":true,"href":"https:\/\/staging.belleflamme.ca\/fr\/wp-json\/wp\/v2\/product_brand?post=25032"},{"taxonomy":"product_cat","embeddable":true,"href":"https:\/\/staging.belleflamme.ca\/fr\/wp-json\/wp\/v2\/product_cat?post=25032"},{"taxonomy":"product_tag","embeddable":true,"href":"https:\/\/staging.belleflamme.ca\/fr\/wp-json\/wp\/v2\/product_tag?post=25032"}],"curies":[{"name":"wp","href":"https:\/\/api.w.org\/{rel}","templated":true}]}}