{"id":24613,"date":"2023-12-11T13:09:55","date_gmt":"2023-12-11T18:09:55","guid":{"rendered":"https:\/\/www.belleflamme.ca\/?post_type=product&#038;p=24613"},"modified":"2024-09-20T11:19:10","modified_gmt":"2024-09-20T15:19:10","slug":"foyer-electrique-amantii-tru-view-xt-xl","status":"publish","type":"product","link":"https:\/\/staging.belleflamme.ca\/fr\/produit\/foyer-electrique-amantii-tru-view-xt-xl\/","title":{"rendered":"Foyer \u00e9lectrique Amantii Tru View XT XL"},"content":{"rendered":"\t\t<div data-elementor-type=\"product-post\" data-elementor-id=\"24613\" class=\"elementor elementor-24613\" data-elementor-post-type=\"product\">\n\t\t\t\t\t\t<section class=\"elementor-section elementor-top-section elementor-element elementor-element-79eb696 elementor-section-boxed elementor-section-height-default elementor-section-height-default\" data-id=\"79eb696\" data-element_type=\"section\">\n\t\t\t\t\t\t<div class=\"elementor-container elementor-column-gap-default\">\n\t\t\t\t\t<div class=\"elementor-column elementor-col-100 elementor-top-column elementor-element elementor-element-5f3b777\" data-id=\"5f3b777\" data-element_type=\"column\">\n\t\t\t<div class=\"elementor-widget-wrap elementor-element-populated\">\n\t\t\t\t\t\t<div class=\"elementor-element elementor-element-349a2012 elementor-widget elementor-widget-text-editor\" data-id=\"349a2012\" data-element_type=\"widget\" data-widget_type=\"text-editor.default\">\n\t\t\t\t<div class=\"elementor-widget-container\">\n\t\t\t\t\t\t\t\t\t<strong><span>Tailles\u00a0: 40-TRV-XT-XL \u2013 True View XT XL Smart 40\u2033, 50-TRV-XT-XL \u2013 True View XT XL Smart 50\u2033, 60-TRV-XT-XL \u2013 True View XT XL Smart 60\u2033, 72-TRV-XT-XL \u2013 True View XT XL intelligent 72\u2033, 88-TRV-XT-XL \u2013 True View XT XL intelligent 88\u2033<\/span><\/strong>\r\n<ul>\r\n \t<li>\u00a0<span dir=\"ltr\" role=\"presentation\"><span>Foyer \u00e9lectrique encastr\u00e9 3 faces<\/span><\/span><\/li>\r\n \t<li><span dir=\"ltr\" role=\"presentation\"><span>Compatible WiFi pour connecter et contr\u00f4ler\u00a0<\/span><\/span><span dir=\"ltr\" role=\"presentation\"><span>la chemin\u00e9e depuis votre smartphone avec\u00a0<\/span><\/span><span dir=\"ltr\" role=\"presentation\"><span>l&#8217;utilisation de notre application.\u00a0Disponible sur le\u00a0<\/span><\/span><span dir=\"ltr\" role=\"presentation\"><span>Google Play Store et l&#8217;App Store d&#8217;Apple<\/span><\/span><\/li>\r\n \t<li><span dir=\"ltr\" role=\"presentation\"><span>Moteur \u00e0 flamme \u00e0 trois vitesses<\/span><\/span><\/li>\r\n \t<li><span dir=\"ltr\" role=\"presentation\"><span>Chauffage ext\u00e9rieur 5 000 BTU<\/span><\/span><\/li>\r\n \t<li><span dir=\"ltr\" role=\"presentation\"><span>Aucune ventilation ni grille disgracieuse n\u2019est visible.\u00a0Un\u00a0<\/span><\/span><span dir=\"ltr\" role=\"presentation\"><span>v\u00e9ritable look propre et sans ventilation<\/span><\/span><\/li>\r\n \t<li><span dir=\"ltr\" role=\"presentation\"><span>La minuterie et le thermostat programmables\u00a0<\/span><\/span><span dir=\"ltr\" role=\"presentation\"><span>vous permettent de d\u00e9cider de la temp\u00e9rature de la\u00a0<\/span><\/span><span dir=\"ltr\" role=\"presentation\"><span>pi\u00e8ce.\u00a0R\u00e9glez votre foyer pour qu&#8217;il s&#8217;allume\u00a0<\/span><\/span><span dir=\"ltr\" role=\"presentation\"><span>avant d&#8217;arriver \u00e0 la maison ou allumez-le automatiquement\u00a0<\/span><\/span><span dir=\"ltr\" role=\"presentation\"><span>lorsqu&#8217;il fait froid.<\/span><\/span><\/li>\r\n \t<li><span dir=\"ltr\" role=\"presentation\"><span>Pav\u00e9 tactile pour un contr\u00f4le pratique des\u00a0<\/span><\/span><span dir=\"ltr\" role=\"presentation\"><span>fonctions et l&#8217;affichage de la temp\u00e9rature depuis le\u00a0<\/span><\/span><span dir=\"ltr\" role=\"presentation\"><span>foyer.<\/span><\/span><\/li>\r\n \t<li><span dir=\"ltr\" role=\"presentation\"><span>Choisissez parmi des combinaisons de\u00a0<\/span><\/span><span dir=\"ltr\" role=\"presentation\"><span>flammes de couleur jaune, orange et rouge<\/span><\/span><\/li>\r\n \t<li><span dir=\"ltr\" role=\"presentation\"><span>Approuv\u00e9 pour les applications int\u00e9rieures ou ext\u00e9rieures.*<\/span><\/span><\/li>\r\n \t<li><span>Choisissez parmi 10 couleurs de lumi\u00e8re ambiante pour \u00e9clairer les supports d\u00e9coratifs par le haut, et 1 r\u00e9glage pour parcourir toutes les couleurs.<\/span><\/li>\r\n \t<li><span dir=\"ltr\" role=\"presentation\"><span>Deux styles de motifs de flammes \u2013 standard et plus\u00a0<\/span><\/span><span dir=\"ltr\" role=\"presentation\"><span>traditionnel<\/span><\/span><\/li>\r\n \t<li><span dir=\"ltr\" role=\"presentation\"><span>La nouvelle t\u00e9l\u00e9commande thermostatique brevet\u00e9e est\u00a0<\/span><\/span><span dir=\"ltr\" role=\"presentation\"><span>incluse<\/span><\/span><\/li>\r\n<\/ul>\r\n<span dir=\"ltr\" role=\"presentation\"><span>Introduire des flammes dans votre espace de vie ne peut pas \u00eatre plus facile avec nos superbes chemin\u00e9es intelligentes extra hautes Tru View XL\u00a0<\/span><\/span><span dir=\"ltr\" role=\"presentation\"><span>.\u00a0Avec la s\u00e9rie Tru View XL Extra Tall, vous trouverez une s\u00e9lection de b\u00fbches, de braises et\u00a0<\/span><\/span><span dir=\"ltr\" role=\"presentation\"><span>de supports en verre pour cr\u00e9er l&#8217;illusion \u00e9tonnante des flammes.<\/span><\/span>\r\n\r\n<span dir=\"ltr\" role=\"presentation\"><span>Cette unit\u00e9 peut \u00eatre int\u00e9gr\u00e9e dans un mur sous forme de baie simple face, coin gauche, coin droit ou baie \u00e0 trois c\u00f4t\u00e9s.\u00a0<\/span><\/span><span dir=\"ltr\" role=\"presentation\"><span>Gr\u00e2ce \u00e0 cette polyvalence, vous pouvez cr\u00e9er des installations vraiment uniques pour des pi\u00e8ces standard ou des pi\u00e8ces aux\u00a0<\/span><\/span><span dir=\"ltr\" role=\"presentation\"><span>configurations inhabituelles.<\/span><\/span>\r\n\r\n<span dir=\"ltr\" role=\"presentation\"><span>Avec une hauteur de visualisation en verre de 22 pouces, vous profiterez d&#8217;une vision d\u00e9gag\u00e9e des effets de flammes LED de haute intensit\u00e9.\u00a0<\/span><\/span><span dir=\"ltr\" role=\"presentation\"><span>Notre Tru View XL Extra Tall Smart est vraiment un incontournable.<\/span><\/span>\r\n<h4><span>ACCESSOIRES INCLUS<\/span><\/h4>\r\n<span dir=\"ltr\" role=\"presentation\"><span>La s\u00e9rie Tru View XL XT Smart comprend votre choix d&#8217;ensembles de b\u00fbches Design Media : 15 pi\u00e8ces en bois flott\u00e9, 14\u00a0<\/span><\/span><span dir=\"ltr\" role=\"presentation\"><span>pi\u00e8ces rustiques.\u00a0Bouleau 15 morceaux, b\u00fbches fendues 16 morceaux, ch\u00eane 18 morceaux et kit de support de glace<\/span><\/span>\r\n\r\n<img fetchpriority=\"high\" decoding=\"async\" class=\"aligncenter wp-image-40573 \" src=\"https:\/\/amantii.com\/wp-content\/uploads\/2022\/03\/Media_TRV-XT-Smart-scaled-1024x1024.jpg\" alt=\"\" width=\"670\" height=\"670\" \/>\r\n<h4><\/h4>\r\n<h4><img decoding=\"async\" class=\"alignnone size-full wp-image-38816\" src=\"https:\/\/amantii.com\/wp-content\/uploads\/2022\/01\/4-install-methods-Tru-View-1100-B-removebg-preview.png\" alt=\"\" width=\"1100\" height=\"196\" \/><\/h4>\r\n<div id=\"tablist1-panel2\" class=\"tabcontent responsive-tabs__panel responsive-tabs__panel--active\">\r\n<div class=\"features\"><strong><span>4 options d&#8217;installation\u00a0:<\/span><\/strong><\/div>\r\n<ul>\r\n \t<li><span>les 3 c\u00f4t\u00e9s du verre sont visibles<\/span><\/li>\r\n \t<li><span>C\u00f4t\u00e9 gauche visible<\/span><\/li>\r\n \t<li><span>Visible \u00e0 droite<\/span><\/li>\r\n \t<li><span>fa\u00e7ade seulement pour un foyer extra profond (14 1\/4\u2033)<\/span><\/li>\r\n<\/ul>\r\n<img decoding=\"async\" class=\"size-full wp-image-38815 aligncenter\" src=\"https:\/\/amantii.com\/wp-content\/uploads\/2022\/01\/corner-fireplaces-40XLSP-660px.jpg\" alt=\"\" width=\"664\" height=\"544\" \/>\r\n\r\n&nbsp;\r\n<h4><strong><span>Cette chemin\u00e9e d&#8217;angle peut s&#8217;ouvrir \u00e0 gauche ou \u00e0 droite ou peut avoir 3 c\u00f4t\u00e9s ouverts.<\/span><\/strong><\/h4>\r\n&nbsp;\r\n\r\n<\/div>\r\n<div>\r\n<div class=\"table-1\"><strong><span>Pr\u00e9sentation Flamme<\/span><\/strong><\/div>\r\n<div>\r\n\r\n<span>Pr\u00e9sentation de flammes vibrantes et multicolores de pointe \u2013 passez du jaune \u00e0 l&#8217;orange en passant par le rouge d&#8217;un simple clic sur la t\u00e9l\u00e9commande.\u00a0Tout peut \u00eatre fait s\u00e9par\u00e9ment et m\u00e9lang\u00e9 pour cr\u00e9er de nombreuses combinaisons.<\/span>\r\n\r\n<img loading=\"lazy\" decoding=\"async\" class=\"size-full wp-image-38818 aligncenter\" src=\"https:\/\/amantii.com\/wp-content\/uploads\/2022\/01\/Tru-View-canopy-500.jpg\" alt=\"\" width=\"500\" height=\"246\" \/>\r\n\r\n<\/div>\r\n<div><\/div>\r\n<div><\/div>\r\n<div><strong><span>\u00c9clairage ambiant de l&#8217;auvent<\/span><\/strong><\/div>\r\n<div><span>L\u2019\u00e9clairage ambiant de la verri\u00e8re illumine les m\u00e9dias comme jamais auparavant.\u00a0Projetez une lueur color\u00e9e sur les supports d\u00e9coratifs fournis dans le plateau ci-dessous.\u00a0Parcourez un arc-en-ciel de 13 couleurs diff\u00e9rentes.\u00a0M\u00e9langez les couleurs des flammes avec un \u00e9clairage contrast\u00e9 de la verri\u00e8re pour une pr\u00e9sentation unique \u2013 les combinaisons sont illimit\u00e9es.<\/span><\/div>\r\n<div><img loading=\"lazy\" decoding=\"async\" class=\"size-full wp-image-38817 aligncenter\" src=\"https:\/\/amantii.com\/wp-content\/uploads\/2022\/01\/Tru-View72-Lighting-LOGS-500.jpg\" alt=\"\" width=\"500\" height=\"181\" \/><\/div>\r\n<\/div>\t\t\t\t\t\t\t\t<\/div>\n\t\t\t\t<\/div>\n\t\t\t\t\t<\/div>\n\t\t<\/div>\n\t\t\t\t\t<\/div>\n\t\t<\/section>\n\t\t\t\t<section class=\"elementor-section elementor-top-section elementor-element elementor-element-59e313e elementor-section-boxed elementor-section-height-default elementor-section-height-default\" data-id=\"59e313e\" data-element_type=\"section\">\n\t\t\t\t\t\t<div class=\"elementor-container elementor-column-gap-default\">\n\t\t\t\t\t<div class=\"elementor-column elementor-col-100 elementor-top-column elementor-element elementor-element-27fd995\" data-id=\"27fd995\" data-element_type=\"column\">\n\t\t\t<div class=\"elementor-widget-wrap elementor-element-populated\">\n\t\t\t\t\t\t<div class=\"elementor-element elementor-element-8ce873d elementor-tabs-view-horizontal elementor-widget elementor-widget-tabs\" data-id=\"8ce873d\" data-element_type=\"widget\" data-widget_type=\"tabs.default\">\n\t\t\t\t<div class=\"elementor-widget-container\">\n\t\t\t\t\t\t\t<div class=\"elementor-tabs\">\n\t\t\t<div class=\"elementor-tabs-wrapper\" role=\"tablist\" >\n\t\t\t\t\t\t\t\t\t<div id=\"elementor-tab-title-1471\" class=\"elementor-tab-title elementor-tab-desktop-title\" aria-selected=\"true\" data-tab=\"1\" role=\"tab\" tabindex=\"0\" aria-controls=\"elementor-tab-content-1471\" aria-expanded=\"false\">Fichiers<\/div>\n\t\t\t\t\t\t\t<\/div>\n\t\t\t<div class=\"elementor-tabs-content-wrapper\" role=\"tablist\" aria-orientation=\"vertical\">\n\t\t\t\t\t\t\t\t\t<div class=\"elementor-tab-title elementor-tab-mobile-title\" aria-selected=\"true\" data-tab=\"1\" role=\"tab\" tabindex=\"0\" aria-controls=\"elementor-tab-content-1471\" aria-expanded=\"false\">Fichiers<\/div>\n\t\t\t\t\t<div id=\"elementor-tab-content-1471\" class=\"elementor-tab-content elementor-clearfix\" data-tab=\"1\" role=\"tabpanel\" aria-labelledby=\"elementor-tab-title-1471\" tabindex=\"0\" hidden=\"false\"><i class=\"far fa-file-pdf fa-xl\" style=\"font-size:35px\"><\/i><a href=\"https:\/\/www.belleflamme.ca\/wp-content\/uploads\/2023\/12\/TRV-XL-XT-WIFI-Manual-202107.pdf\"> Manuel<\/a><\/br>\n<i class=\"far fa-file-pdf fa-xl\" style=\"font-size:35px\"><\/i><a href=\"https:\/\/www.belleflamme.ca\/wp-content\/uploads\/2023\/12\/Tru-View-Book.pdf\"> Brochure<\/a><\/br>\n<i class=\"far fa-file-pdf fa-xl\" style=\"font-size:35px\"><\/i><a href=\"https:\/\/www.belleflamme.ca\/wp-content\/uploads\/2023\/12\/Outdoor-Installation-Rev-10.08.22-1-1.pdf\"> Installation ext\u00e9rieure<\/a><\/br>\n<i class=\"far fa-file-pdf fa-xl\" style=\"font-size:35px\"><\/i><a href=\"https:\/\/www.belleflamme.ca\/wp-content\/uploads\/2023\/12\/TRV-SLIM-TRV-XL-XT.pdf\"> Guide de r\u00e9paration<\/a><\/br>\n<i class=\"far fa-file-pdf fa-xl\" style=\"font-size:35px\"><\/i><a href=\"https:\/\/www.belleflamme.ca\/wp-content\/uploads\/2023\/12\/AM-Parts-Remote-Control-Guide.pdf\"> T\u00e9l\u00e9commande<\/a><\/br>\n<i class=\"far fa-file-pdf fa-xl\" style=\"font-size:35px\"><\/i><a href=\"https:\/\/www.belleflamme.ca\/wp-content\/uploads\/2023\/12\/Bespoke-WIFI-instruction-1.pdf\"> Guide Wifi<\/a><\/br><\/div>\n\t\t\t\t\t\t\t<\/div>\n\t\t<\/div>\n\t\t\t\t\t\t<\/div>\n\t\t\t\t<\/div>\n\t\t\t\t\t<\/div>\n\t\t<\/div>\n\t\t\t\t\t<\/div>\n\t\t<\/section>\n\t\t\t\t<\/div>\n\t\t","protected":false},"excerpt":{"rendered":"<p>Tailles\u00a0: 40-TRV-XT-XL \u2013 True View XT XL Smart 40\u2033, 50-TRV-XT-XL \u2013 True View XT XL Smart 50\u2033, 60-TRV-XT-XL \u2013 True View XT XL Smart 60\u2033, 72-TRV-XT-XL \u2013 True View XT XL intelligent 72\u2033, 88-TRV-XT-XL \u2013 True View XT XL intelligent 88\u2033 \u00a0Foyer \u00e9lectrique encastr\u00e9 3 faces Compatible WiFi pour connecter et contr\u00f4ler\u00a0la chemin\u00e9e depuis votre [&hellip;]<\/p>\n","protected":false},"featured_media":24614,"template":"","meta":{"inline_featured_image":false},"product_brand":[231],"product_cat":[240,241,33],"product_tag":[],"class_list":{"0":"post-24613","1":"product","2":"type-product","3":"status-publish","4":"has-post-thumbnail","6":"product_brand-amantii","7":"product_cat-foyer-electrique","8":"product_cat-poele-foyer-electrique","9":"product_cat-poeles-et-foyers","11":"first","12":"instock","13":"taxable","14":"shipping-taxable","15":"purchasable","16":"product-type-variable"},"yoast_head":"<!-- This site is optimized with the Yoast SEO Premium plugin v24.2 (Yoast SEO v24.2) - https:\/\/yoast.com\/wordpress\/plugins\/seo\/ -->\n<title>Foyer \u00e9lectrique Amantii Tru View XT XL - Groupe BelleFlamme<\/title>\n<meta name=\"description\" content=\"Foyer \u00e9lectrique Amantii Tru View XT XL vendu et install\u00e9 par le Groupe Belleflamme. Laval, Montr\u00e9al, Gatineau, Drummondville et Saint-Sauveur.\" \/>\n<meta name=\"robots\" content=\"index, follow, max-snippet:-1, max-image-preview:large, max-video-preview:-1\" \/>\n<link rel=\"canonical\" href=\"https:\/\/staging.belleflamme.ca\/fr\/produit\/foyer-electrique-amantii-tru-view-xt-xl\/\" \/>\n<meta property=\"og:locale\" content=\"fr_FR\" \/>\n<meta property=\"og:type\" content=\"article\" \/>\n<meta property=\"og:title\" content=\"Foyer \u00e9lectrique Amantii Tru View XT XL\" \/>\n<meta property=\"og:description\" content=\"Foyer \u00e9lectrique Amantii Tru View XT XL vendu et install\u00e9 par le Groupe Belleflamme. Laval, Montr\u00e9al, Gatineau, Drummondville et Saint-Sauveur.\" \/>\n<meta property=\"og:url\" content=\"https:\/\/staging.belleflamme.ca\/fr\/produit\/foyer-electrique-amantii-tru-view-xt-xl\/\" \/>\n<meta property=\"og:site_name\" content=\"Groupe BelleFlamme\" \/>\n<meta property=\"article:publisher\" content=\"https:\/\/www.facebook.com\/belleflamme.ca\/\" \/>\n<meta property=\"article:modified_time\" content=\"2024-09-20T15:19:10+00:00\" \/>\n<meta property=\"og:image\" content=\"https:\/\/www.belleflamme.ca\/wp-content\/uploads\/2023\/12\/Foyer-electrique-Amantii-Tru-View-XT-XL.webp\" \/>\n\t<meta property=\"og:image:width\" content=\"1142\" \/>\n\t<meta property=\"og:image:height\" content=\"936\" \/>\n\t<meta property=\"og:image:type\" content=\"image\/webp\" \/>\n<meta name=\"twitter:card\" content=\"summary_large_image\" \/>\n<meta name=\"twitter:label1\" content=\"Disponibilit\u00e9\" \/>\n\t<meta name=\"twitter:data1\" content=\"En stock\" \/>\n<script type=\"application\/ld+json\" class=\"yoast-schema-graph\">{\"@context\":\"https:\/\/schema.org\",\"@graph\":[{\"@type\":[\"WebPage\",\"ItemPage\"],\"@id\":\"https:\/\/staging.belleflamme.ca\/fr\/produit\/foyer-electrique-amantii-tru-view-xt-xl\/\",\"url\":\"https:\/\/staging.belleflamme.ca\/fr\/produit\/foyer-electrique-amantii-tru-view-xt-xl\/\",\"name\":\"Foyer \u00e9lectrique Amantii Tru View XT XL - Groupe BelleFlamme\",\"isPartOf\":{\"@id\":\"https:\/\/www.belleflamme.ca\/fr\/#website\"},\"primaryImageOfPage\":{\"@id\":\"https:\/\/staging.belleflamme.ca\/fr\/produit\/foyer-electrique-amantii-tru-view-xt-xl\/#primaryimage\"},\"image\":{\"@id\":\"https:\/\/staging.belleflamme.ca\/fr\/produit\/foyer-electrique-amantii-tru-view-xt-xl\/#primaryimage\"},\"thumbnailUrl\":\"https:\/\/staging.belleflamme.ca\/wp-content\/uploads\/2023\/12\/Foyer-electrique-Amantii-Tru-View-XT-XL.webp\",\"datePublished\":\"2023-12-11T18:09:55+00:00\",\"dateModified\":\"2024-09-20T15:19:10+00:00\",\"description\":\"Foyer \u00e9lectrique Amantii Tru View XT XL [get_meta_en_fr]\",\"breadcrumb\":{\"@id\":\"https:\/\/staging.belleflamme.ca\/fr\/produit\/foyer-electrique-amantii-tru-view-xt-xl\/#breadcrumb\"},\"inLanguage\":\"fr-FR\",\"potentialAction\":[{\"@type\":\"ReadAction\",\"target\":[\"https:\/\/staging.belleflamme.ca\/fr\/produit\/foyer-electrique-amantii-tru-view-xt-xl\/\"]}]},{\"@type\":\"ImageObject\",\"inLanguage\":\"fr-FR\",\"@id\":\"https:\/\/staging.belleflamme.ca\/fr\/produit\/foyer-electrique-amantii-tru-view-xt-xl\/#primaryimage\",\"url\":\"https:\/\/staging.belleflamme.ca\/wp-content\/uploads\/2023\/12\/Foyer-electrique-Amantii-Tru-View-XT-XL.webp\",\"contentUrl\":\"https:\/\/staging.belleflamme.ca\/wp-content\/uploads\/2023\/12\/Foyer-electrique-Amantii-Tru-View-XT-XL.webp\",\"width\":1142,\"height\":936,\"caption\":\"Foyer \u00e9lectrique Amantii Tru View XT XL\"},{\"@type\":\"BreadcrumbList\",\"@id\":\"https:\/\/staging.belleflamme.ca\/fr\/produit\/foyer-electrique-amantii-tru-view-xt-xl\/#breadcrumb\",\"itemListElement\":[{\"@type\":\"ListItem\",\"position\":1,\"name\":\"Accueil\",\"item\":\"https:\/\/www.belleflamme.ca\/fr\/\"},{\"@type\":\"ListItem\",\"position\":2,\"name\":\"Boutique\",\"item\":\"https:\/\/www.belleflamme.ca\/fr\/boutique\/\"},{\"@type\":\"ListItem\",\"position\":3,\"name\":\"Po\u00eales &amp; Foyers\",\"item\":\"https:\/\/staging.belleflamme.ca\/fr\/categories\/poeles-et-foyers\/\"},{\"@type\":\"ListItem\",\"position\":4,\"name\":\"Po\u00eale &amp; Foyer \u00c9lectrique\",\"item\":\"https:\/\/staging.belleflamme.ca\/fr\/categories\/poeles-et-foyers\/poele-foyer-electrique\/\"},{\"@type\":\"ListItem\",\"position\":5,\"name\":\"Foyer \u00c9lectrique\",\"item\":\"https:\/\/staging.belleflamme.ca\/fr\/categories\/poeles-et-foyers\/poele-foyer-electrique\/foyer-electrique\/\"},{\"@type\":\"ListItem\",\"position\":6,\"name\":\"Foyer \u00e9lectrique Amantii Tru View XT XL\"}]},{\"@type\":\"WebSite\",\"@id\":\"https:\/\/www.belleflamme.ca\/fr\/#website\",\"url\":\"https:\/\/www.belleflamme.ca\/fr\/\",\"name\":\"Groupe Belleflamme\",\"description\":\"La m\u00e9canique du b\u00e2timent dans le sang.\",\"publisher\":{\"@id\":\"https:\/\/www.belleflamme.ca\/fr\/#organization\"},\"potentialAction\":[{\"@type\":\"SearchAction\",\"target\":{\"@type\":\"EntryPoint\",\"urlTemplate\":\"https:\/\/www.belleflamme.ca\/fr\/?s={search_term_string}\"},\"query-input\":{\"@type\":\"PropertyValueSpecification\",\"valueRequired\":true,\"valueName\":\"search_term_string\"}}],\"inLanguage\":\"fr-FR\"},{\"@type\":[\"Organization\",\"Place\"],\"@id\":\"https:\/\/www.belleflamme.ca\/fr\/#organization\",\"name\":\"Groupe Belleflamme\",\"alternateName\":\"Belleflamme\",\"url\":\"https:\/\/www.belleflamme.ca\/fr\/\",\"logo\":{\"@type\":\"ImageObject\",\"inLanguage\":\"fr-FR\",\"@id\":\"https:\/\/www.belleflamme.ca\/fr\/#\/schema\/logo\/image\/\",\"url\":\"https:\/\/staging.belleflamme.ca\/wp-content\/uploads\/2023\/01\/og-image.jpg\",\"contentUrl\":\"https:\/\/staging.belleflamme.ca\/wp-content\/uploads\/2023\/01\/og-image.jpg\",\"width\":1200,\"height\":630,\"caption\":\"Groupe Belleflamme\"},\"image\":{\"@id\":\"https:\/\/www.belleflamme.ca\/fr\/#\/schema\/logo\/image\/\"},\"sameAs\":[\"https:\/\/www.facebook.com\/belleflamme.ca\/\",\"https:\/\/www.linkedin.com\/company\/belleflamme\/\",\"https:\/\/www.pinterest.ca\/groupebelleflamme\/\",\"https:\/\/www.instagram.com\/legroupebelleflamme\/\"],\"mainEntityOfPage\":{\"@id\":\"https:\/\/staging.belleflamme.ca\/fr\/produit\/foyer-electrique-amantii-tru-view-xt-xl\/\"}}]}<\/script>\n<meta property=\"product:brand\" content=\"Amantii\" \/>\n<meta property=\"og:availability\" content=\"instock\" \/>\n<meta property=\"product:availability\" content=\"instock\" \/>\n<meta property=\"product:condition\" content=\"new\" \/>\n<!-- \/ Yoast SEO Premium plugin. -->","yoast_head_json":{"title":"Foyer \u00e9lectrique Amantii Tru View XT XL - Groupe BelleFlamme","description":"Foyer \u00e9lectrique Amantii Tru View XT XL vendu et install\u00e9 par le Groupe Belleflamme. Laval, Montr\u00e9al, Gatineau, Drummondville et Saint-Sauveur.","robots":{"index":"index","follow":"follow","max-snippet":"max-snippet:-1","max-image-preview":"max-image-preview:large","max-video-preview":"max-video-preview:-1"},"canonical":"https:\/\/staging.belleflamme.ca\/fr\/produit\/foyer-electrique-amantii-tru-view-xt-xl\/","og_locale":"fr_FR","og_type":"article","og_title":"Foyer \u00e9lectrique Amantii Tru View XT XL","og_description":"Foyer \u00e9lectrique Amantii Tru View XT XL vendu et install\u00e9 par le Groupe Belleflamme. Laval, Montr\u00e9al, Gatineau, Drummondville et Saint-Sauveur.","og_url":"https:\/\/staging.belleflamme.ca\/fr\/produit\/foyer-electrique-amantii-tru-view-xt-xl\/","og_site_name":"Groupe BelleFlamme","article_publisher":"https:\/\/www.facebook.com\/belleflamme.ca\/","article_modified_time":"2024-09-20T15:19:10+00:00","og_image":[{"width":1142,"height":936,"url":"https:\/\/www.belleflamme.ca\/wp-content\/uploads\/2023\/12\/Foyer-electrique-Amantii-Tru-View-XT-XL.webp","type":"image\/webp"}],"twitter_card":"summary_large_image","twitter_misc":{"Disponibilit\u00e9":"En stock"},"schema":{"@context":"https:\/\/schema.org","@graph":[{"@type":["WebPage","ItemPage"],"@id":"https:\/\/staging.belleflamme.ca\/fr\/produit\/foyer-electrique-amantii-tru-view-xt-xl\/","url":"https:\/\/staging.belleflamme.ca\/fr\/produit\/foyer-electrique-amantii-tru-view-xt-xl\/","name":"Foyer \u00e9lectrique Amantii Tru View XT XL - Groupe BelleFlamme","isPartOf":{"@id":"https:\/\/www.belleflamme.ca\/fr\/#website"},"primaryImageOfPage":{"@id":"https:\/\/staging.belleflamme.ca\/fr\/produit\/foyer-electrique-amantii-tru-view-xt-xl\/#primaryimage"},"image":{"@id":"https:\/\/staging.belleflamme.ca\/fr\/produit\/foyer-electrique-amantii-tru-view-xt-xl\/#primaryimage"},"thumbnailUrl":"https:\/\/staging.belleflamme.ca\/wp-content\/uploads\/2023\/12\/Foyer-electrique-Amantii-Tru-View-XT-XL.webp","datePublished":"2023-12-11T18:09:55+00:00","dateModified":"2024-09-20T15:19:10+00:00","description":"Foyer \u00e9lectrique Amantii Tru View XT XL [get_meta_en_fr]","breadcrumb":{"@id":"https:\/\/staging.belleflamme.ca\/fr\/produit\/foyer-electrique-amantii-tru-view-xt-xl\/#breadcrumb"},"inLanguage":"fr-FR","potentialAction":[{"@type":"ReadAction","target":["https:\/\/staging.belleflamme.ca\/fr\/produit\/foyer-electrique-amantii-tru-view-xt-xl\/"]}]},{"@type":"ImageObject","inLanguage":"fr-FR","@id":"https:\/\/staging.belleflamme.ca\/fr\/produit\/foyer-electrique-amantii-tru-view-xt-xl\/#primaryimage","url":"https:\/\/staging.belleflamme.ca\/wp-content\/uploads\/2023\/12\/Foyer-electrique-Amantii-Tru-View-XT-XL.webp","contentUrl":"https:\/\/staging.belleflamme.ca\/wp-content\/uploads\/2023\/12\/Foyer-electrique-Amantii-Tru-View-XT-XL.webp","width":1142,"height":936,"caption":"Foyer \u00e9lectrique Amantii Tru View XT XL"},{"@type":"BreadcrumbList","@id":"https:\/\/staging.belleflamme.ca\/fr\/produit\/foyer-electrique-amantii-tru-view-xt-xl\/#breadcrumb","itemListElement":[{"@type":"ListItem","position":1,"name":"Accueil","item":"https:\/\/www.belleflamme.ca\/fr\/"},{"@type":"ListItem","position":2,"name":"Boutique","item":"https:\/\/www.belleflamme.ca\/fr\/boutique\/"},{"@type":"ListItem","position":3,"name":"Po\u00eales &amp; Foyers","item":"https:\/\/staging.belleflamme.ca\/fr\/categories\/poeles-et-foyers\/"},{"@type":"ListItem","position":4,"name":"Po\u00eale &amp; Foyer \u00c9lectrique","item":"https:\/\/staging.belleflamme.ca\/fr\/categories\/poeles-et-foyers\/poele-foyer-electrique\/"},{"@type":"ListItem","position":5,"name":"Foyer \u00c9lectrique","item":"https:\/\/staging.belleflamme.ca\/fr\/categories\/poeles-et-foyers\/poele-foyer-electrique\/foyer-electrique\/"},{"@type":"ListItem","position":6,"name":"Foyer \u00e9lectrique Amantii Tru View XT XL"}]},{"@type":"WebSite","@id":"https:\/\/www.belleflamme.ca\/fr\/#website","url":"https:\/\/www.belleflamme.ca\/fr\/","name":"Groupe Belleflamme","description":"La m\u00e9canique du b\u00e2timent dans le sang.","publisher":{"@id":"https:\/\/www.belleflamme.ca\/fr\/#organization"},"potentialAction":[{"@type":"SearchAction","target":{"@type":"EntryPoint","urlTemplate":"https:\/\/www.belleflamme.ca\/fr\/?s={search_term_string}"},"query-input":{"@type":"PropertyValueSpecification","valueRequired":true,"valueName":"search_term_string"}}],"inLanguage":"fr-FR"},{"@type":["Organization","Place"],"@id":"https:\/\/www.belleflamme.ca\/fr\/#organization","name":"Groupe Belleflamme","alternateName":"Belleflamme","url":"https:\/\/www.belleflamme.ca\/fr\/","logo":{"@type":"ImageObject","inLanguage":"fr-FR","@id":"https:\/\/www.belleflamme.ca\/fr\/#\/schema\/logo\/image\/","url":"https:\/\/staging.belleflamme.ca\/wp-content\/uploads\/2023\/01\/og-image.jpg","contentUrl":"https:\/\/staging.belleflamme.ca\/wp-content\/uploads\/2023\/01\/og-image.jpg","width":1200,"height":630,"caption":"Groupe Belleflamme"},"image":{"@id":"https:\/\/www.belleflamme.ca\/fr\/#\/schema\/logo\/image\/"},"sameAs":["https:\/\/www.facebook.com\/belleflamme.ca\/","https:\/\/www.linkedin.com\/company\/belleflamme\/","https:\/\/www.pinterest.ca\/groupebelleflamme\/","https:\/\/www.instagram.com\/legroupebelleflamme\/"],"mainEntityOfPage":{"@id":"https:\/\/staging.belleflamme.ca\/fr\/produit\/foyer-electrique-amantii-tru-view-xt-xl\/"}}]},"product_brand":"Amantii","og_availability":"instock","product_availability":"instock","product_condition":"new"},"_links":{"self":[{"href":"https:\/\/staging.belleflamme.ca\/fr\/wp-json\/wp\/v2\/product\/24613","targetHints":{"allow":["GET"]}}],"collection":[{"href":"https:\/\/staging.belleflamme.ca\/fr\/wp-json\/wp\/v2\/product"}],"about":[{"href":"https:\/\/staging.belleflamme.ca\/fr\/wp-json\/wp\/v2\/types\/product"}],"version-history":[{"count":5,"href":"https:\/\/staging.belleflamme.ca\/fr\/wp-json\/wp\/v2\/product\/24613\/revisions"}],"predecessor-version":[{"id":43121,"href":"https:\/\/staging.belleflamme.ca\/fr\/wp-json\/wp\/v2\/product\/24613\/revisions\/43121"}],"wp:featuredmedia":[{"embeddable":true,"href":"https:\/\/staging.belleflamme.ca\/fr\/wp-json\/wp\/v2\/media\/24614"}],"wp:attachment":[{"href":"https:\/\/staging.belleflamme.ca\/fr\/wp-json\/wp\/v2\/media?parent=24613"}],"wp:term":[{"taxonomy":"product_brand","embeddable":true,"href":"https:\/\/staging.belleflamme.ca\/fr\/wp-json\/wp\/v2\/product_brand?post=24613"},{"taxonomy":"product_cat","embeddable":true,"href":"https:\/\/staging.belleflamme.ca\/fr\/wp-json\/wp\/v2\/product_cat?post=24613"},{"taxonomy":"product_tag","embeddable":true,"href":"https:\/\/staging.belleflamme.ca\/fr\/wp-json\/wp\/v2\/product_tag?post=24613"}],"curies":[{"name":"wp","href":"https:\/\/api.w.org\/{rel}","templated":true}]}}