{"id":24581,"date":"2023-12-11T12:54:14","date_gmt":"2023-12-11T17:54:14","guid":{"rendered":"https:\/\/www.belleflamme.ca\/?post_type=product&#038;p=24581"},"modified":"2024-09-20T12:30:55","modified_gmt":"2024-09-20T16:30:55","slug":"foyer-electrique-tru-view-xl-deep-de-amantii","status":"publish","type":"product","link":"https:\/\/staging.belleflamme.ca\/fr\/produit\/foyer-electrique-tru-view-xl-deep-de-amantii\/","title":{"rendered":"Foyer \u00c9lectrique Tru View XL Deep de Amantii"},"content":{"rendered":"\t\t<div data-elementor-type=\"product-post\" data-elementor-id=\"24581\" class=\"elementor elementor-24581\" data-elementor-post-type=\"product\">\n\t\t\t\t\t\t<section class=\"elementor-section elementor-top-section elementor-element elementor-element-2ce64bd1 elementor-section-boxed elementor-section-height-default elementor-section-height-default\" data-id=\"2ce64bd1\" data-element_type=\"section\">\n\t\t\t\t\t\t<div class=\"elementor-container elementor-column-gap-default\">\n\t\t\t\t\t<div class=\"elementor-column elementor-col-100 elementor-top-column elementor-element elementor-element-3732cdb1\" data-id=\"3732cdb1\" data-element_type=\"column\">\n\t\t\t<div class=\"elementor-widget-wrap elementor-element-populated\">\n\t\t\t\t\t\t<div class=\"elementor-element elementor-element-6d39c979 elementor-widget elementor-widget-text-editor\" data-id=\"6d39c979\" data-element_type=\"widget\" data-widget_type=\"text-editor.default\">\n\t\t\t\t<div class=\"elementor-widget-container\">\n\t\t\t\t\t\t\t\t\t<strong>Tailles\u00a0: 40-TRU-VIEW-XL \u2013 True View XL Deep Smart 40\u2033, 50-TRU-VIEW-XL \u2013 True View XL Deep Smart 50\u2033, 60-TRU-VIEW-XL \u2013 True View XL Deep Smart 60\u2033, 72-TRU-VIEW-XL True View XL Deep Smart 72\u2033<\/strong>\n<ul>\n \t<li>Foyer \u00e9lectrique encastr\u00e9 3 faces<\/li>\n \t<li>Compatible WiFi pour connecter et contr\u00f4ler la chemin\u00e9e depuis votre smartphone avec l&#8217;utilisation de notre application.\u00a0Disponible sur le Google Play Store et l&#8217;App Store d&#8217;Apple<\/li>\n \t<li>Moteur \u00e0 flamme \u00e0 trois vitesses<\/li>\n \t<li>Chauffage ext\u00e9rieur 5 000 BTU<\/li>\n \t<li>Aucune ventilation ni grille disgracieuse n\u2019est visible.\u00a0Un v\u00e9ritable look propre et sans ventilation<\/li>\n \t<li>La minuterie et le thermostat programmables vous permettent de d\u00e9cider de la temp\u00e9rature de la pi\u00e8ce.\u00a0R\u00e9glez votre foyer pour qu&#8217;il s&#8217;allume avant votre arriv\u00e9e \u00e0 la maison ou allumez-le automatiquement lorsqu&#8217;il fait froid.<\/li>\n \t<li>Pav\u00e9 tactile pour un contr\u00f4le pratique des fonctions et l&#8217;affichage de la temp\u00e9rature depuis le foyer.<\/li>\n \t<li>Choisissez parmi des combinaisons de flammes de couleur jaune, orange et rouge<\/li>\n \t<li>Approuv\u00e9 pour les applications int\u00e9rieures ou ext\u00e9rieures.*<\/li>\n \t<li>Choisissez parmi 10 couleurs d&#8217;\u00e9clairage de l&#8217;auvent et du lit de braises pour \u00e9clairer les supports d\u00e9coratifs par le bas et par le haut avec 1 r\u00e9glage de couleur de cycle.<\/li>\n \t<li>Deux styles de motifs de flammes \u2013 standard et plus traditionnel<\/li>\n \t<li>La nouvelle t\u00e9l\u00e9commande thermostatique brevet\u00e9e est incluse<\/li>\n<\/ul>\n<h3>Amantii TRU VIEW XL Deep Smart \u2013 foyer \u00e9lectrique encastr\u00e9 Chemin\u00e9e \u00e9lectrique en verre \u00e0 3 faces<\/h3>\nImpr\u00e9gn\u00e9 de la beaut\u00e9 intemporelle des chemin\u00e9es, le Tru View XL Deep Smart l&#8217;am\u00e8ne \u00e0 l&#8217;\u00e8re moderne.\n\nUne installation sur trois c\u00f4t\u00e9s, sur deux c\u00f4t\u00e9s ou face \u00e0 l&#8217;avant est possible avec les panneaux d&#8217;extr\u00e9mit\u00e9 inclus et le verre bord \u00e0 bord \u00e0 3 c\u00f4t\u00e9s.\n\nCe foyer visuellement \u00e9poustouflant est disponible en 4 tailles, 40&#8243;, 50&#8243;, 60&#8243; et 72&#8243;, et fera tourner les t\u00eates tout en ajoutant de la chaleur, de l&#8217;ambiance et du style \u00e0 n&#8217;importe quelle pi\u00e8ce.\n\nCon\u00e7u pour que le mat\u00e9riau de finition soit construit au ras du rebord pour une finition vraiment propre, bord \u00e0 bord.\u00a0Aucune garniture ou contour n\u2019est inclus.\n\n<strong>Envie de chaleur suppl\u00e9mentaire ?\u00a0<\/strong>Notre foyer \u00e9lectrique Tru-View XL Deep Smart 50\u2033, 60\u2033, 72\u2033 et 88\u2033 peut produire une puissance de chaleur suppl\u00e9mentaire lorsqu&#8217;il est branch\u00e9 \u00e0 240 V.\n<h4>ACCESSOIRES INCLUS<\/h4>\n<span dir=\"ltr\" role=\"presentation\">La s\u00e9rie Tru View XL Deep Smart comprend votre choix d&#8217;ensembles de b\u00fbches Design Media : 15 pi\u00e8ces en bois flott\u00e9, 14\u00a0<\/span><span dir=\"ltr\" role=\"presentation\">pi\u00e8ces rustiques.\u00a0Bouleau 15 morceaux, b\u00fbches fendues 16 morceaux, ch\u00eane 18 morceaux et kit de support de glace<\/span>\n\n<img fetchpriority=\"high\" decoding=\"async\" class=\"aligncenter wp-image-40573 \" src=\"https:\/\/amantii.com\/wp-content\/uploads\/2022\/03\/Media_TRV-XT-Smart-scaled-1024x1024.jpg\" alt=\"\" width=\"706\" height=\"706\" \/>\n\n&nbsp;\n<div id=\"tablist1-panel2\" class=\"tabcontent responsive-tabs__panel responsive-tabs__panel--active\">\n<div class=\"features\"><strong>4 options d&#8217;installation\u00a0:<\/strong><\/div>\n<ul>\n \t<li>les 3 c\u00f4t\u00e9s du verre sont visibles<\/li>\n \t<li>C\u00f4t\u00e9 gauche visible<\/li>\n \t<li>Visible \u00e0 droite<\/li>\n \t<li>fa\u00e7ade seulement pour un foyer extra profond (14 1\/4\u2033)<\/li>\n<\/ul>\n<img decoding=\"async\" class=\"wp-image-38816 aligncenter\" src=\"https:\/\/amantii.com\/wp-content\/uploads\/2022\/01\/4-install-methods-Tru-View-1100-B-removebg-preview.png\" alt=\"\" width=\"1081\" height=\"191\" \/>\n\n&nbsp;\n<h4><strong>Cette chemin\u00e9e d&#8217;angle peut s&#8217;ouvrir \u00e0 gauche ou \u00e0 droite ou peut avoir 3 c\u00f4t\u00e9s ouverts.<\/strong><\/h4>\n<img decoding=\"async\" class=\"size-full wp-image-38815 aligncenter\" src=\"https:\/\/amantii.com\/wp-content\/uploads\/2022\/01\/corner-fireplaces-40XLSP-660px.jpg\" alt=\"\" width=\"664\" height=\"544\" \/>\n\n&nbsp;\n\n<\/div>\n<div class=\"table-1\"><strong>Pr\u00e9sentation Flamme<\/strong><\/div>\n<div>\n\nPr\u00e9sentation de flammes vibrantes et multicolores de pointe \u2013 passez du jaune \u00e0 l&#8217;orange en passant par le rouge d&#8217;un simple clic sur la t\u00e9l\u00e9commande.\u00a0Tout peut \u00eatre fait s\u00e9par\u00e9ment et m\u00e9lang\u00e9 pour cr\u00e9er de nombreuses combinaisons.\n\n<img loading=\"lazy\" decoding=\"async\" class=\"size-full wp-image-38818 aligncenter\" src=\"https:\/\/amantii.com\/wp-content\/uploads\/2022\/01\/Tru-View-canopy-500.jpg\" alt=\"\" width=\"500\" height=\"246\" \/>\n\n<\/div>\n<div><\/div>\n<div><\/div>\n<div><strong>\u00c9clairage ambiant de l&#8217;auvent<\/strong><\/div>\n<div>L\u2019\u00e9clairage ambiant de la verri\u00e8re illumine les m\u00e9dias comme jamais auparavant.\u00a0Projetez une lueur color\u00e9e sur les supports d\u00e9coratifs fournis dans le plateau ci-dessous.\u00a0Parcourez un arc-en-ciel de 13 couleurs diff\u00e9rentes.\u00a0M\u00e9langez les couleurs des flammes avec un \u00e9clairage contrast\u00e9 de la verri\u00e8re pour une pr\u00e9sentation unique \u2013 les combinaisons sont illimit\u00e9es.<\/div>\n<div><\/div>\n<div id=\"tablist1-panel2\" class=\"tabcontent responsive-tabs__panel responsive-tabs__panel--active\">\n\n<img loading=\"lazy\" decoding=\"async\" class=\"size-full wp-image-38817 aligncenter\" src=\"https:\/\/amantii.com\/wp-content\/uploads\/2022\/01\/Tru-View72-Lighting-LOGS-500.jpg\" alt=\"\" width=\"500\" height=\"181\" \/>\n\n<\/div>\t\t\t\t\t\t\t\t<\/div>\n\t\t\t\t<\/div>\n\t\t\t\t\t<\/div>\n\t\t<\/div>\n\t\t\t\t\t<\/div>\n\t\t<\/section>\n\t\t\t\t<section class=\"elementor-section elementor-top-section elementor-element elementor-element-a96cebf elementor-section-boxed elementor-section-height-default elementor-section-height-default\" data-id=\"a96cebf\" data-element_type=\"section\">\n\t\t\t\t\t\t<div class=\"elementor-container elementor-column-gap-default\">\n\t\t\t\t\t<div class=\"elementor-column elementor-col-100 elementor-top-column elementor-element elementor-element-3ffbf52\" data-id=\"3ffbf52\" data-element_type=\"column\">\n\t\t\t<div class=\"elementor-widget-wrap elementor-element-populated\">\n\t\t\t\t\t\t<div class=\"elementor-element elementor-element-65da5d4 elementor-tabs-view-horizontal elementor-widget elementor-widget-tabs\" data-id=\"65da5d4\" data-element_type=\"widget\" data-widget_type=\"tabs.default\">\n\t\t\t\t<div class=\"elementor-widget-container\">\n\t\t\t\t\t\t\t<div class=\"elementor-tabs\">\n\t\t\t<div class=\"elementor-tabs-wrapper\" role=\"tablist\" >\n\t\t\t\t\t\t\t\t\t<div id=\"elementor-tab-title-1061\" class=\"elementor-tab-title elementor-tab-desktop-title\" aria-selected=\"true\" data-tab=\"1\" role=\"tab\" tabindex=\"0\" aria-controls=\"elementor-tab-content-1061\" aria-expanded=\"false\">Fichiers<\/div>\n\t\t\t\t\t\t\t<\/div>\n\t\t\t<div class=\"elementor-tabs-content-wrapper\" role=\"tablist\" aria-orientation=\"vertical\">\n\t\t\t\t\t\t\t\t\t<div class=\"elementor-tab-title elementor-tab-mobile-title\" aria-selected=\"true\" data-tab=\"1\" role=\"tab\" tabindex=\"0\" aria-controls=\"elementor-tab-content-1061\" aria-expanded=\"false\">Fichiers<\/div>\n\t\t\t\t\t<div id=\"elementor-tab-content-1061\" class=\"elementor-tab-content elementor-clearfix\" data-tab=\"1\" role=\"tabpanel\" aria-labelledby=\"elementor-tab-title-1061\" tabindex=\"0\" hidden=\"false\"><i class=\"far fa-file-pdf fa-xl\" style=\"font-size:35px\"><\/i><a href=\"https:\/\/www.belleflamme.ca\/wp-content\/uploads\/2023\/12\/TRU-VIEW-XL-WIFI-202107.pdf\"> Manuel<\/a><\/br>\n<i class=\"far fa-file-pdf fa-xl\" style=\"font-size:35px\"><\/i><a href=\"https:\/\/www.belleflamme.ca\/wp-content\/uploads\/2023\/12\/Tru-View-Book.pdf\"> Brochure<\/a><\/br>\n<i class=\"far fa-file-pdf fa-xl\" style=\"font-size:35px\"><\/i><a href=\"https:\/\/www.belleflamme.ca\/wp-content\/uploads\/2023\/12\/TRV-SLIM-TRV-XL-XT.pdf\"> Guide de r\u00e9paration<\/a><\/br>\n<i class=\"far fa-file-pdf fa-xl\" style=\"font-size:35px\"><\/i><a href=\"https:\/\/www.belleflamme.ca\/wp-content\/uploads\/2023\/12\/Outdoor-Installation-Rev-10.08.22-1-2.pdf\"> Installation ext\u00e9rieur<\/a><\/br>\n<i class=\"far fa-file-pdf fa-xl\" style=\"font-size:35px\"><\/i><a href=\"https:\/\/www.belleflamme.ca\/wp-content\/uploads\/2023\/12\/AM-Parts-Remote-Control-Guide.pdf\"> T\u00e9l\u00e9commande<\/a><\/br>\n<i class=\"far fa-file-pdf fa-xl\" style=\"font-size:35px\"><\/i><a href=\"https:\/\/www.belleflamme.ca\/wp-content\/uploads\/2023\/12\/Bespoke-WIFI-instruction-1.pdf\"> Guide Wifi<\/a><\/br><\/div>\n\t\t\t\t\t\t\t<\/div>\n\t\t<\/div>\n\t\t\t\t\t\t<\/div>\n\t\t\t\t<\/div>\n\t\t\t\t\t<\/div>\n\t\t<\/div>\n\t\t\t\t\t<\/div>\n\t\t<\/section>\n\t\t\t\t<\/div>\n\t\t","protected":false},"excerpt":{"rendered":"<p>Tailles\u00a0: 40-TRU-VIEW-XL \u2013 True View XL Deep Smart 40\u2033, 50-TRU-VIEW-XL \u2013 True View XL Deep Smart 50\u2033, 60-TRU-VIEW-XL \u2013 True View XL Deep Smart 60\u2033, 72-TRU-VIEW-XL True View XL Deep Smart 72\u2033 Foyer \u00e9lectrique encastr\u00e9 3 faces Compatible WiFi pour connecter et contr\u00f4ler la chemin\u00e9e depuis votre smartphone avec l&#8217;utilisation de notre application.\u00a0Disponible sur le [&hellip;]<\/p>\n","protected":false},"featured_media":24582,"template":"","meta":{"inline_featured_image":false},"product_brand":[231],"product_cat":[240,241,33],"product_tag":[],"class_list":{"0":"post-24581","1":"product","2":"type-product","3":"status-publish","4":"has-post-thumbnail","6":"product_brand-amantii","7":"product_cat-foyer-electrique","8":"product_cat-poele-foyer-electrique","9":"product_cat-poeles-et-foyers","11":"first","12":"instock","13":"taxable","14":"shipping-taxable","15":"purchasable","16":"product-type-variable"},"yoast_head":"<!-- This site is optimized with the Yoast SEO Premium plugin v24.2 (Yoast SEO v24.2) - https:\/\/yoast.com\/wordpress\/plugins\/seo\/ -->\n<title>Foyer \u00c9lectrique Tru View XL Deep de Amantii - Groupe BelleFlamme<\/title>\n<meta name=\"description\" content=\"Foyer \u00c9lectrique Tru View XL Deep de Amantii vendu et install\u00e9 par le Groupe Belleflamme. Laval, Montr\u00e9al, Gatineau, Drummondville et Saint-Sauveur.\" \/>\n<meta name=\"robots\" content=\"index, follow, max-snippet:-1, max-image-preview:large, max-video-preview:-1\" \/>\n<link rel=\"canonical\" href=\"https:\/\/staging.belleflamme.ca\/fr\/produit\/foyer-electrique-tru-view-xl-deep-de-amantii\/\" \/>\n<meta property=\"og:locale\" content=\"fr_FR\" \/>\n<meta property=\"og:type\" content=\"article\" \/>\n<meta property=\"og:title\" content=\"Foyer \u00c9lectrique Tru View XL Deep de Amantii\" \/>\n<meta property=\"og:description\" content=\"Foyer \u00c9lectrique Tru View XL Deep de Amantii vendu et install\u00e9 par le Groupe Belleflamme. Laval, Montr\u00e9al, Gatineau, Drummondville et Saint-Sauveur.\" \/>\n<meta property=\"og:url\" content=\"https:\/\/staging.belleflamme.ca\/fr\/produit\/foyer-electrique-tru-view-xl-deep-de-amantii\/\" \/>\n<meta property=\"og:site_name\" content=\"Groupe BelleFlamme\" \/>\n<meta property=\"article:publisher\" content=\"https:\/\/www.facebook.com\/belleflamme.ca\/\" \/>\n<meta property=\"article:modified_time\" content=\"2024-09-20T16:30:55+00:00\" \/>\n<meta property=\"og:image\" content=\"https:\/\/www.belleflamme.ca\/wp-content\/uploads\/2023\/12\/Foyer-Electrique-Tru-View-XL-Deep-de-Amantii.webp\" \/>\n\t<meta property=\"og:image:width\" content=\"2131\" \/>\n\t<meta property=\"og:image:height\" content=\"1424\" \/>\n\t<meta property=\"og:image:type\" content=\"image\/webp\" \/>\n<meta name=\"twitter:card\" content=\"summary_large_image\" \/>\n<meta name=\"twitter:label1\" content=\"Disponibilit\u00e9\" \/>\n\t<meta name=\"twitter:data1\" content=\"En stock\" \/>\n<script type=\"application\/ld+json\" class=\"yoast-schema-graph\">{\"@context\":\"https:\/\/schema.org\",\"@graph\":[{\"@type\":[\"WebPage\",\"ItemPage\"],\"@id\":\"https:\/\/staging.belleflamme.ca\/fr\/produit\/foyer-electrique-tru-view-xl-deep-de-amantii\/\",\"url\":\"https:\/\/staging.belleflamme.ca\/fr\/produit\/foyer-electrique-tru-view-xl-deep-de-amantii\/\",\"name\":\"Foyer \u00c9lectrique Tru View XL Deep de Amantii - Groupe BelleFlamme\",\"isPartOf\":{\"@id\":\"https:\/\/www.belleflamme.ca\/fr\/#website\"},\"primaryImageOfPage\":{\"@id\":\"https:\/\/staging.belleflamme.ca\/fr\/produit\/foyer-electrique-tru-view-xl-deep-de-amantii\/#primaryimage\"},\"image\":{\"@id\":\"https:\/\/staging.belleflamme.ca\/fr\/produit\/foyer-electrique-tru-view-xl-deep-de-amantii\/#primaryimage\"},\"thumbnailUrl\":\"https:\/\/staging.belleflamme.ca\/wp-content\/uploads\/2023\/12\/Foyer-Electrique-Tru-View-XL-Deep-de-Amantii.webp\",\"datePublished\":\"2023-12-11T17:54:14+00:00\",\"dateModified\":\"2024-09-20T16:30:55+00:00\",\"description\":\"Foyer \u00c9lectrique Tru View XL Deep de Amantii [get_meta_en_fr]\",\"breadcrumb\":{\"@id\":\"https:\/\/staging.belleflamme.ca\/fr\/produit\/foyer-electrique-tru-view-xl-deep-de-amantii\/#breadcrumb\"},\"inLanguage\":\"fr-FR\",\"potentialAction\":[{\"@type\":\"ReadAction\",\"target\":[\"https:\/\/staging.belleflamme.ca\/fr\/produit\/foyer-electrique-tru-view-xl-deep-de-amantii\/\"]}]},{\"@type\":\"ImageObject\",\"inLanguage\":\"fr-FR\",\"@id\":\"https:\/\/staging.belleflamme.ca\/fr\/produit\/foyer-electrique-tru-view-xl-deep-de-amantii\/#primaryimage\",\"url\":\"https:\/\/staging.belleflamme.ca\/wp-content\/uploads\/2023\/12\/Foyer-Electrique-Tru-View-XL-Deep-de-Amantii.webp\",\"contentUrl\":\"https:\/\/staging.belleflamme.ca\/wp-content\/uploads\/2023\/12\/Foyer-Electrique-Tru-View-XL-Deep-de-Amantii.webp\",\"width\":2131,\"height\":1424,\"caption\":\"Foyer \u00c9lectrique Tru View XL Deep de Amantii\"},{\"@type\":\"BreadcrumbList\",\"@id\":\"https:\/\/staging.belleflamme.ca\/fr\/produit\/foyer-electrique-tru-view-xl-deep-de-amantii\/#breadcrumb\",\"itemListElement\":[{\"@type\":\"ListItem\",\"position\":1,\"name\":\"Accueil\",\"item\":\"https:\/\/www.belleflamme.ca\/fr\/\"},{\"@type\":\"ListItem\",\"position\":2,\"name\":\"Boutique\",\"item\":\"https:\/\/www.belleflamme.ca\/fr\/boutique\/\"},{\"@type\":\"ListItem\",\"position\":3,\"name\":\"Po\u00eales &amp; Foyers\",\"item\":\"https:\/\/staging.belleflamme.ca\/fr\/categories\/poeles-et-foyers\/\"},{\"@type\":\"ListItem\",\"position\":4,\"name\":\"Po\u00eale &amp; Foyer \u00c9lectrique\",\"item\":\"https:\/\/staging.belleflamme.ca\/fr\/categories\/poeles-et-foyers\/poele-foyer-electrique\/\"},{\"@type\":\"ListItem\",\"position\":5,\"name\":\"Foyer \u00c9lectrique\",\"item\":\"https:\/\/staging.belleflamme.ca\/fr\/categories\/poeles-et-foyers\/poele-foyer-electrique\/foyer-electrique\/\"},{\"@type\":\"ListItem\",\"position\":6,\"name\":\"Foyer \u00c9lectrique Tru View XL Deep de Amantii\"}]},{\"@type\":\"WebSite\",\"@id\":\"https:\/\/www.belleflamme.ca\/fr\/#website\",\"url\":\"https:\/\/www.belleflamme.ca\/fr\/\",\"name\":\"Groupe Belleflamme\",\"description\":\"La m\u00e9canique du b\u00e2timent dans le sang.\",\"publisher\":{\"@id\":\"https:\/\/www.belleflamme.ca\/fr\/#organization\"},\"potentialAction\":[{\"@type\":\"SearchAction\",\"target\":{\"@type\":\"EntryPoint\",\"urlTemplate\":\"https:\/\/www.belleflamme.ca\/fr\/?s={search_term_string}\"},\"query-input\":{\"@type\":\"PropertyValueSpecification\",\"valueRequired\":true,\"valueName\":\"search_term_string\"}}],\"inLanguage\":\"fr-FR\"},{\"@type\":[\"Organization\",\"Place\"],\"@id\":\"https:\/\/www.belleflamme.ca\/fr\/#organization\",\"name\":\"Groupe Belleflamme\",\"alternateName\":\"Belleflamme\",\"url\":\"https:\/\/www.belleflamme.ca\/fr\/\",\"logo\":{\"@type\":\"ImageObject\",\"inLanguage\":\"fr-FR\",\"@id\":\"https:\/\/www.belleflamme.ca\/fr\/#\/schema\/logo\/image\/\",\"url\":\"https:\/\/staging.belleflamme.ca\/wp-content\/uploads\/2023\/01\/og-image.jpg\",\"contentUrl\":\"https:\/\/staging.belleflamme.ca\/wp-content\/uploads\/2023\/01\/og-image.jpg\",\"width\":1200,\"height\":630,\"caption\":\"Groupe Belleflamme\"},\"image\":{\"@id\":\"https:\/\/www.belleflamme.ca\/fr\/#\/schema\/logo\/image\/\"},\"sameAs\":[\"https:\/\/www.facebook.com\/belleflamme.ca\/\",\"https:\/\/www.linkedin.com\/company\/belleflamme\/\",\"https:\/\/www.pinterest.ca\/groupebelleflamme\/\",\"https:\/\/www.instagram.com\/legroupebelleflamme\/\"],\"mainEntityOfPage\":{\"@id\":\"https:\/\/staging.belleflamme.ca\/fr\/produit\/foyer-electrique-tru-view-xl-deep-de-amantii\/\"}}]}<\/script>\n<meta property=\"product:brand\" content=\"Amantii\" \/>\n<meta property=\"og:availability\" content=\"instock\" \/>\n<meta property=\"product:availability\" content=\"instock\" \/>\n<meta property=\"product:condition\" content=\"new\" \/>\n<!-- \/ Yoast SEO Premium plugin. -->","yoast_head_json":{"title":"Foyer \u00c9lectrique Tru View XL Deep de Amantii - Groupe BelleFlamme","description":"Foyer \u00c9lectrique Tru View XL Deep de Amantii vendu et install\u00e9 par le Groupe Belleflamme. Laval, Montr\u00e9al, Gatineau, Drummondville et Saint-Sauveur.","robots":{"index":"index","follow":"follow","max-snippet":"max-snippet:-1","max-image-preview":"max-image-preview:large","max-video-preview":"max-video-preview:-1"},"canonical":"https:\/\/staging.belleflamme.ca\/fr\/produit\/foyer-electrique-tru-view-xl-deep-de-amantii\/","og_locale":"fr_FR","og_type":"article","og_title":"Foyer \u00c9lectrique Tru View XL Deep de Amantii","og_description":"Foyer \u00c9lectrique Tru View XL Deep de Amantii vendu et install\u00e9 par le Groupe Belleflamme. Laval, Montr\u00e9al, Gatineau, Drummondville et Saint-Sauveur.","og_url":"https:\/\/staging.belleflamme.ca\/fr\/produit\/foyer-electrique-tru-view-xl-deep-de-amantii\/","og_site_name":"Groupe BelleFlamme","article_publisher":"https:\/\/www.facebook.com\/belleflamme.ca\/","article_modified_time":"2024-09-20T16:30:55+00:00","og_image":[{"width":2131,"height":1424,"url":"https:\/\/www.belleflamme.ca\/wp-content\/uploads\/2023\/12\/Foyer-Electrique-Tru-View-XL-Deep-de-Amantii.webp","type":"image\/webp"}],"twitter_card":"summary_large_image","twitter_misc":{"Disponibilit\u00e9":"En stock"},"schema":{"@context":"https:\/\/schema.org","@graph":[{"@type":["WebPage","ItemPage"],"@id":"https:\/\/staging.belleflamme.ca\/fr\/produit\/foyer-electrique-tru-view-xl-deep-de-amantii\/","url":"https:\/\/staging.belleflamme.ca\/fr\/produit\/foyer-electrique-tru-view-xl-deep-de-amantii\/","name":"Foyer \u00c9lectrique Tru View XL Deep de Amantii - Groupe BelleFlamme","isPartOf":{"@id":"https:\/\/www.belleflamme.ca\/fr\/#website"},"primaryImageOfPage":{"@id":"https:\/\/staging.belleflamme.ca\/fr\/produit\/foyer-electrique-tru-view-xl-deep-de-amantii\/#primaryimage"},"image":{"@id":"https:\/\/staging.belleflamme.ca\/fr\/produit\/foyer-electrique-tru-view-xl-deep-de-amantii\/#primaryimage"},"thumbnailUrl":"https:\/\/staging.belleflamme.ca\/wp-content\/uploads\/2023\/12\/Foyer-Electrique-Tru-View-XL-Deep-de-Amantii.webp","datePublished":"2023-12-11T17:54:14+00:00","dateModified":"2024-09-20T16:30:55+00:00","description":"Foyer \u00c9lectrique Tru View XL Deep de Amantii [get_meta_en_fr]","breadcrumb":{"@id":"https:\/\/staging.belleflamme.ca\/fr\/produit\/foyer-electrique-tru-view-xl-deep-de-amantii\/#breadcrumb"},"inLanguage":"fr-FR","potentialAction":[{"@type":"ReadAction","target":["https:\/\/staging.belleflamme.ca\/fr\/produit\/foyer-electrique-tru-view-xl-deep-de-amantii\/"]}]},{"@type":"ImageObject","inLanguage":"fr-FR","@id":"https:\/\/staging.belleflamme.ca\/fr\/produit\/foyer-electrique-tru-view-xl-deep-de-amantii\/#primaryimage","url":"https:\/\/staging.belleflamme.ca\/wp-content\/uploads\/2023\/12\/Foyer-Electrique-Tru-View-XL-Deep-de-Amantii.webp","contentUrl":"https:\/\/staging.belleflamme.ca\/wp-content\/uploads\/2023\/12\/Foyer-Electrique-Tru-View-XL-Deep-de-Amantii.webp","width":2131,"height":1424,"caption":"Foyer \u00c9lectrique Tru View XL Deep de Amantii"},{"@type":"BreadcrumbList","@id":"https:\/\/staging.belleflamme.ca\/fr\/produit\/foyer-electrique-tru-view-xl-deep-de-amantii\/#breadcrumb","itemListElement":[{"@type":"ListItem","position":1,"name":"Accueil","item":"https:\/\/www.belleflamme.ca\/fr\/"},{"@type":"ListItem","position":2,"name":"Boutique","item":"https:\/\/www.belleflamme.ca\/fr\/boutique\/"},{"@type":"ListItem","position":3,"name":"Po\u00eales &amp; Foyers","item":"https:\/\/staging.belleflamme.ca\/fr\/categories\/poeles-et-foyers\/"},{"@type":"ListItem","position":4,"name":"Po\u00eale &amp; Foyer \u00c9lectrique","item":"https:\/\/staging.belleflamme.ca\/fr\/categories\/poeles-et-foyers\/poele-foyer-electrique\/"},{"@type":"ListItem","position":5,"name":"Foyer \u00c9lectrique","item":"https:\/\/staging.belleflamme.ca\/fr\/categories\/poeles-et-foyers\/poele-foyer-electrique\/foyer-electrique\/"},{"@type":"ListItem","position":6,"name":"Foyer \u00c9lectrique Tru View XL Deep de Amantii"}]},{"@type":"WebSite","@id":"https:\/\/www.belleflamme.ca\/fr\/#website","url":"https:\/\/www.belleflamme.ca\/fr\/","name":"Groupe Belleflamme","description":"La m\u00e9canique du b\u00e2timent dans le sang.","publisher":{"@id":"https:\/\/www.belleflamme.ca\/fr\/#organization"},"potentialAction":[{"@type":"SearchAction","target":{"@type":"EntryPoint","urlTemplate":"https:\/\/www.belleflamme.ca\/fr\/?s={search_term_string}"},"query-input":{"@type":"PropertyValueSpecification","valueRequired":true,"valueName":"search_term_string"}}],"inLanguage":"fr-FR"},{"@type":["Organization","Place"],"@id":"https:\/\/www.belleflamme.ca\/fr\/#organization","name":"Groupe Belleflamme","alternateName":"Belleflamme","url":"https:\/\/www.belleflamme.ca\/fr\/","logo":{"@type":"ImageObject","inLanguage":"fr-FR","@id":"https:\/\/www.belleflamme.ca\/fr\/#\/schema\/logo\/image\/","url":"https:\/\/staging.belleflamme.ca\/wp-content\/uploads\/2023\/01\/og-image.jpg","contentUrl":"https:\/\/staging.belleflamme.ca\/wp-content\/uploads\/2023\/01\/og-image.jpg","width":1200,"height":630,"caption":"Groupe Belleflamme"},"image":{"@id":"https:\/\/www.belleflamme.ca\/fr\/#\/schema\/logo\/image\/"},"sameAs":["https:\/\/www.facebook.com\/belleflamme.ca\/","https:\/\/www.linkedin.com\/company\/belleflamme\/","https:\/\/www.pinterest.ca\/groupebelleflamme\/","https:\/\/www.instagram.com\/legroupebelleflamme\/"],"mainEntityOfPage":{"@id":"https:\/\/staging.belleflamme.ca\/fr\/produit\/foyer-electrique-tru-view-xl-deep-de-amantii\/"}}]},"product_brand":"Amantii","og_availability":"instock","product_availability":"instock","product_condition":"new"},"_links":{"self":[{"href":"https:\/\/staging.belleflamme.ca\/fr\/wp-json\/wp\/v2\/product\/24581","targetHints":{"allow":["GET"]}}],"collection":[{"href":"https:\/\/staging.belleflamme.ca\/fr\/wp-json\/wp\/v2\/product"}],"about":[{"href":"https:\/\/staging.belleflamme.ca\/fr\/wp-json\/wp\/v2\/types\/product"}],"version-history":[{"count":5,"href":"https:\/\/staging.belleflamme.ca\/fr\/wp-json\/wp\/v2\/product\/24581\/revisions"}],"predecessor-version":[{"id":43155,"href":"https:\/\/staging.belleflamme.ca\/fr\/wp-json\/wp\/v2\/product\/24581\/revisions\/43155"}],"wp:featuredmedia":[{"embeddable":true,"href":"https:\/\/staging.belleflamme.ca\/fr\/wp-json\/wp\/v2\/media\/24582"}],"wp:attachment":[{"href":"https:\/\/staging.belleflamme.ca\/fr\/wp-json\/wp\/v2\/media?parent=24581"}],"wp:term":[{"taxonomy":"product_brand","embeddable":true,"href":"https:\/\/staging.belleflamme.ca\/fr\/wp-json\/wp\/v2\/product_brand?post=24581"},{"taxonomy":"product_cat","embeddable":true,"href":"https:\/\/staging.belleflamme.ca\/fr\/wp-json\/wp\/v2\/product_cat?post=24581"},{"taxonomy":"product_tag","embeddable":true,"href":"https:\/\/staging.belleflamme.ca\/fr\/wp-json\/wp\/v2\/product_tag?post=24581"}],"curies":[{"name":"wp","href":"https:\/\/api.w.org\/{rel}","templated":true}]}}