{"id":24548,"date":"2023-12-11T12:35:10","date_gmt":"2023-12-11T17:35:10","guid":{"rendered":"https:\/\/www.belleflamme.ca\/?post_type=product&#038;p=24548"},"modified":"2024-09-20T10:58:36","modified_gmt":"2024-09-20T14:58:36","slug":"foyer-electrique-3-faces-true-view-slim-par-amantii","status":"publish","type":"product","link":"https:\/\/staging.belleflamme.ca\/fr\/produit\/foyer-electrique-3-faces-true-view-slim-par-amantii\/","title":{"rendered":"Foyer \u00c9lectrique 3 faces True View Slim par Amantii"},"content":{"rendered":"\t\t<div data-elementor-type=\"product-post\" data-elementor-id=\"24548\" class=\"elementor elementor-24548\" data-elementor-post-type=\"product\">\n\t\t\t\t\t\t<section class=\"elementor-section elementor-top-section elementor-element elementor-element-78b69b0d elementor-section-boxed elementor-section-height-default elementor-section-height-default\" data-id=\"78b69b0d\" data-element_type=\"section\">\n\t\t\t\t\t\t<div class=\"elementor-container elementor-column-gap-default\">\n\t\t\t\t\t<div class=\"elementor-column elementor-col-100 elementor-top-column elementor-element elementor-element-59e137b1\" data-id=\"59e137b1\" data-element_type=\"column\">\n\t\t\t<div class=\"elementor-widget-wrap elementor-element-populated\">\n\t\t\t\t\t\t<div class=\"elementor-element elementor-element-70ed77ae elementor-widget elementor-widget-text-editor\" data-id=\"70ed77ae\" data-element_type=\"widget\" data-widget_type=\"text-editor.default\">\n\t\t\t\t<div class=\"elementor-widget-container\">\n\t\t\t\t\t\t\t\t\t<iframe title=\"YouTube video player\" src=\"https:\/\/www.youtube.com\/embed\/mII4IM-XJ2k?si=HfQuVeM34FvTmE4m\" width=\"560\" height=\"315\" frameborder=\"0\" allowfullscreen=\"allowfullscreen\"><\/iframe>\r\n\r\n<strong>Tailles\u00a0: 30-TRV-SLIM \u2013 True View Slim Smart 30\u2033, 40-TRV-SLIM \u2013 True View Slim Smart 40\u2033, 50-TRV-SLIM \u2013 True View Slim Smart 50\u2033, 60-TRV-SLIM \u2013 True View Slim Smart 60\u2033, 72-TRV-SLIM True View Slim Smart 72\u2033<\/strong>\r\n<ul>\r\n \t<li>Foyer \u00e9lectrique encastr\u00e9 3 faces<\/li>\r\n \t<li>Compatible WiFi pour connecter et contr\u00f4ler la chemin\u00e9e depuis votre smartphone avec l&#8217;utilisation de notre application.\u00a0Disponible sur le Google Play Store et l&#8217;App Store d&#8217;Apple<\/li>\r\n \t<li>Moteur \u00e0 flamme \u00e0 trois vitesses<\/li>\r\n \t<li>Chauffage ext\u00e9rieur 5 000 BTU<\/li>\r\n \t<li>Aucune ventilation ni grille disgracieuse n\u2019est visible.\u00a0Un v\u00e9ritable look propre et sans ventilation<\/li>\r\n \t<li>La minuterie et le thermostat programmables vous permettent de d\u00e9cider de la temp\u00e9rature de la pi\u00e8ce.\u00a0R\u00e9glez votre foyer pour qu&#8217;il s&#8217;allume avant votre arriv\u00e9e \u00e0 la maison ou allumez-le automatiquement lorsqu&#8217;il fait froid.<\/li>\r\n \t<li>Pav\u00e9 tactile pour un contr\u00f4le pratique des fonctions et l&#8217;affichage de la temp\u00e9rature depuis le foyer.<\/li>\r\n \t<li>Choisissez parmi des combinaisons de flammes de couleur jaune, orange et rouge<\/li>\r\n \t<li>Approuv\u00e9 pour les applications int\u00e9rieures ou ext\u00e9rieures.*<\/li>\r\n \t<li>Deux styles de motifs de flammes \u2013 standard et plus traditionnel<\/li>\r\n \t<li>La nouvelle t\u00e9l\u00e9commande thermostatique brevet\u00e9e est incluse<\/li>\r\n \t<li><span dir=\"ltr\" role=\"presentation\">Choisissez parmi 10 couleurs d&#8217;\u00e9clairage de braises, 1 r\u00e9glage pour faire pivoter les couleurs<\/span><\/li>\r\n<\/ul>\r\n<h3>Amantii TRU VIEW SLIM Chemin\u00e9e \u00e9lectrique 3 faces en verre<\/h3>\r\nNotre famille de s\u00e9ries Tru-View s&#8217;est encore am\u00e9lior\u00e9e avec l&#8217;ajout de la s\u00e9rie Slim\u00a0!\u00a0Avec une profondeur incroyable de 3-7\/8&#8243; et disponible en cinq tailles, vous trouverez un foyer \u00e9lectrique parfait pour n&#8217;importe quel espace de votre maison, de votre entreprise ou de votre espace commercial.\u00a0Avec seulement 4 pouces de profondeur, le Slim est parfaitement adapt\u00e9 aux installations dans les zones o\u00f9 la profondeur des murs est primordiale.\u00a0La s\u00e9rie de foyers \u00e9lectriques Tru-View-Slim est con\u00e7ue pour \u00eatre install\u00e9e dans un mur de 2 x 4\u2033.\r\n\r\nLe TRV-SLIM s&#8217;int\u00e8gre parfaitement comme chemin\u00e9e d&#8217;angle !\r\n\r\nLe mod\u00e8le TRV-Slim est livr\u00e9 en standard avec un ensemble de b\u00fbches de 10 pi\u00e8ces et un verre \u00e0 feu gris anthracite, de la vermiculite, un verre \u00e0 feu noir et une t\u00e9l\u00e9commande.\r\n\r\nPersonnalisez davantage l&#8217;apparence du TRV-SLIM en utilisant le\u00a0<strong>kit multim\u00e9dia Designer<\/strong>\u00a0inclus qui comprend un ensemble de b\u00fbches de style bouleau de 10 pi\u00e8ces, 2 couleurs de fibre de verre v\u00e9ritable et 2 couleurs de vermiculite.\r\nD\u2019autres options multim\u00e9dias sont disponibles pour un achat suppl\u00e9mentaire.\r\n<h4>ACCESSOIRES INCLUS<\/h4>\r\nLe foyer \u00e9lectrique TRV-SLIM est livr\u00e9 avec un ensemble de 10 b\u00fbches et un verre \u00e0 feu gris anthracite, de la vermiculite, un verre \u00e0 feu noir et une t\u00e9l\u00e9commande.\r\n\r\n<img fetchpriority=\"high\" decoding=\"async\" class=\"wp-image-36220 aligncenter\" src=\"https:\/\/amantii.com\/wp-content\/uploads\/2022\/08\/DESIGN-MEDIA-BIRCH-10PCE-800-removebg-300x200.png\" sizes=\"(max-width: 354px) 100vw, 354px\" srcset=\"https:\/\/amantii.com\/wp-content\/uploads\/2022\/08\/DESIGN-MEDIA-BIRCH-10PCE-800-removebg-300x200.png 300w, https:\/\/amantii.com\/wp-content\/uploads\/2022\/08\/DESIGN-MEDIA-BIRCH-10PCE-800-removebg-768x511.png 768w, https:\/\/amantii.com\/wp-content\/uploads\/2022\/08\/DESIGN-MEDIA-BIRCH-10PCE-800-removebg-500x333.png 500w, https:\/\/amantii.com\/wp-content\/uploads\/2022\/08\/DESIGN-MEDIA-BIRCH-10PCE-800-removebg-700x466.png 700w, https:\/\/amantii.com\/wp-content\/uploads\/2022\/08\/DESIGN-MEDIA-BIRCH-10PCE-800-removebg.png 800w\" alt=\"\" width=\"354\" height=\"236\" \/>\r\n<h4><\/h4>\r\n<h4><img decoding=\"async\" class=\"alignnone size-full wp-image-38816\" src=\"https:\/\/amantii.com\/wp-content\/uploads\/2022\/01\/4-install-methods-Tru-View-1100-B-removebg-preview.png\" alt=\"\" width=\"1100\" height=\"196\" \/><\/h4>\r\n<div id=\"tablist1-panel2\" class=\"tabcontent responsive-tabs__panel responsive-tabs__panel--active\">\r\n<div class=\"features\"><strong>4 options d&#8217;installation\u00a0:<\/strong><\/div>\r\n<ul>\r\n \t<li>les 3 c\u00f4t\u00e9s du verre sont visibles<\/li>\r\n \t<li>C\u00f4t\u00e9 gauche visible<\/li>\r\n \t<li>Visible \u00e0 droite<\/li>\r\n \t<li>fa\u00e7ade seulement pour un foyer extra profond (14 1\/4\u2033)<\/li>\r\n<\/ul>\r\n<img decoding=\"async\" class=\"size-full wp-image-38815 aligncenter\" src=\"https:\/\/amantii.com\/wp-content\/uploads\/2022\/01\/corner-fireplaces-40XLSP-660px.jpg\" alt=\"\" width=\"664\" height=\"544\" \/>\r\n\r\n&nbsp;\r\n<h4><strong>Cette chemin\u00e9e d&#8217;angle peut s&#8217;ouvrir \u00e0 gauche ou \u00e0 droite ou peut avoir 3 c\u00f4t\u00e9s ouverts.<\/strong><\/h4>\r\n&nbsp;\r\n\r\n<\/div>\r\n<div>\r\n<div class=\"table-1\"><strong>Pr\u00e9sentation Flamme<\/strong><\/div>\r\n<div>\r\n\r\nPr\u00e9sentation de flammes vibrantes et multicolores de pointe \u2013 passez du jaune \u00e0 l&#8217;orange en passant par le rouge d&#8217;un simple clic sur la t\u00e9l\u00e9commande.\u00a0Tout peut \u00eatre fait s\u00e9par\u00e9ment et m\u00e9lang\u00e9 pour cr\u00e9er de nombreuses combinaisons.\r\n\r\n<img loading=\"lazy\" decoding=\"async\" class=\"size-full wp-image-38818 aligncenter\" src=\"https:\/\/amantii.com\/wp-content\/uploads\/2022\/01\/Tru-View-canopy-500.jpg\" alt=\"\" width=\"500\" height=\"246\" \/>\r\n\r\n<\/div>\r\n<div><\/div>\r\n<div><\/div>\r\n<div><strong>\u00c9clairage ambiant de l&#8217;auvent<\/strong><\/div>\r\n<div>L\u2019\u00e9clairage ambiant de la verri\u00e8re illumine les m\u00e9dias comme jamais auparavant.\u00a0Projetez une lueur color\u00e9e sur les supports d\u00e9coratifs fournis dans le plateau ci-dessous.\u00a0Parcourez un arc-en-ciel de 13 couleurs diff\u00e9rentes.\u00a0M\u00e9langez les couleurs des flammes avec un \u00e9clairage contrast\u00e9 de la verri\u00e8re pour une pr\u00e9sentation unique \u2013 les combinaisons sont illimit\u00e9es.<\/div>\r\n<div><img loading=\"lazy\" decoding=\"async\" class=\"size-full wp-image-38817 aligncenter\" src=\"https:\/\/amantii.com\/wp-content\/uploads\/2022\/01\/Tru-View72-Lighting-LOGS-500.jpg\" alt=\"\" width=\"500\" height=\"181\" \/><\/div>\r\n<\/div>\t\t\t\t\t\t\t\t<\/div>\n\t\t\t\t<\/div>\n\t\t\t\t\t<\/div>\n\t\t<\/div>\n\t\t\t\t\t<\/div>\n\t\t<\/section>\n\t\t\t\t<section class=\"elementor-section elementor-top-section elementor-element elementor-element-3a22c0a elementor-section-boxed elementor-section-height-default elementor-section-height-default\" data-id=\"3a22c0a\" data-element_type=\"section\">\n\t\t\t\t\t\t<div class=\"elementor-container elementor-column-gap-default\">\n\t\t\t\t\t<div class=\"elementor-column elementor-col-100 elementor-top-column elementor-element elementor-element-5bee5e3\" data-id=\"5bee5e3\" data-element_type=\"column\">\n\t\t\t<div class=\"elementor-widget-wrap elementor-element-populated\">\n\t\t\t\t\t\t<div class=\"elementor-element elementor-element-c2f9a5b elementor-tabs-view-horizontal elementor-widget elementor-widget-tabs\" data-id=\"c2f9a5b\" data-element_type=\"widget\" data-widget_type=\"tabs.default\">\n\t\t\t\t<div class=\"elementor-widget-container\">\n\t\t\t\t\t\t\t<div class=\"elementor-tabs\">\n\t\t\t<div class=\"elementor-tabs-wrapper\" role=\"tablist\" >\n\t\t\t\t\t\t\t\t\t<div id=\"elementor-tab-title-2041\" class=\"elementor-tab-title elementor-tab-desktop-title\" aria-selected=\"true\" data-tab=\"1\" role=\"tab\" tabindex=\"0\" aria-controls=\"elementor-tab-content-2041\" aria-expanded=\"false\">Fichiers<\/div>\n\t\t\t\t\t\t\t<\/div>\n\t\t\t<div class=\"elementor-tabs-content-wrapper\" role=\"tablist\" aria-orientation=\"vertical\">\n\t\t\t\t\t\t\t\t\t<div class=\"elementor-tab-title elementor-tab-mobile-title\" aria-selected=\"true\" data-tab=\"1\" role=\"tab\" tabindex=\"0\" aria-controls=\"elementor-tab-content-2041\" aria-expanded=\"false\">Fichiers<\/div>\n\t\t\t\t\t<div id=\"elementor-tab-content-2041\" class=\"elementor-tab-content elementor-clearfix\" data-tab=\"1\" role=\"tabpanel\" aria-labelledby=\"elementor-tab-title-2041\" tabindex=\"0\" hidden=\"false\"><i class=\"far fa-file-pdf fa-xl\" style=\"font-size:35px\"><\/i><a href=\"https:\/\/www.belleflamme.ca\/wp-content\/uploads\/2023\/12\/manual-for-TRV-SLIM-CSA-202108.pdf\"> Manuel<\/a><\/br>\n<i class=\"far fa-file-pdf fa-xl\" style=\"font-size:35px\"><\/i><a href=\"https:\/\/www.belleflamme.ca\/wp-content\/uploads\/2023\/12\/Tru-View-Book.pdf\"> Brochure<\/a><\/br>\n<i class=\"far fa-file-pdf fa-xl\" style=\"font-size:35px\"><\/i><a href=\"https:\/\/www.belleflamme.ca\/wp-content\/uploads\/2023\/12\/TRV-SLIM-TRV-XL-XT.pdf\"> Guide de r\u00e9paration<\/a><\/br>\n<i class=\"far fa-file-pdf fa-xl\" style=\"font-size:35px\"><\/i><a href=\"https:\/\/www.belleflamme.ca\/wp-content\/uploads\/2023\/12\/AM-Parts-Remote-Control-Guide.pdf\"> T\u00e9l\u00e9commande<\/a><\/br>\n<i class=\"far fa-file-pdf fa-xl\" style=\"font-size:35px\"><\/i><a href=\"https:\/\/www.belleflamme.ca\/wp-content\/uploads\/2023\/12\/Bespoke-WIFI-instruction-1.pdf\"> Guide Wifi<\/a><\/br>\n<i class=\"far fa-file-pdf fa-xl\" style=\"font-size:35px\"><\/i><a href=\"https:\/\/www.belleflamme.ca\/wp-content\/uploads\/2023\/12\/Outdoor-Installation-Rev-10.08.22-1-2.pdf\"> Installation ext\u00e9rieur<\/a><\/br>\n<\/div>\n\t\t\t\t\t\t\t<\/div>\n\t\t<\/div>\n\t\t\t\t\t\t<\/div>\n\t\t\t\t<\/div>\n\t\t\t\t\t<\/div>\n\t\t<\/div>\n\t\t\t\t\t<\/div>\n\t\t<\/section>\n\t\t\t\t<\/div>\n\t\t","protected":false},"excerpt":{"rendered":"<p>Tailles\u00a0: 30-TRV-SLIM \u2013 True View Slim Smart 30\u2033, 40-TRV-SLIM \u2013 True View Slim Smart 40\u2033, 50-TRV-SLIM \u2013 True View Slim Smart 50\u2033, 60-TRV-SLIM \u2013 True View Slim Smart 60\u2033, 72-TRV-SLIM True View Slim Smart 72\u2033 Foyer \u00e9lectrique encastr\u00e9 3 faces Compatible WiFi pour connecter et contr\u00f4ler la chemin\u00e9e depuis votre smartphone avec l&#8217;utilisation de notre [&hellip;]<\/p>\n","protected":false},"featured_media":24551,"template":"","meta":{"inline_featured_image":false},"product_brand":[231],"product_cat":[240,241,33],"product_tag":[],"class_list":{"0":"post-24548","1":"product","2":"type-product","3":"status-publish","4":"has-post-thumbnail","6":"product_brand-amantii","7":"product_cat-foyer-electrique","8":"product_cat-poele-foyer-electrique","9":"product_cat-poeles-et-foyers","11":"first","12":"instock","13":"taxable","14":"shipping-taxable","15":"purchasable","16":"product-type-variable"},"yoast_head":"<!-- This site is optimized with the Yoast SEO Premium plugin v24.2 (Yoast SEO v24.2) - https:\/\/yoast.com\/wordpress\/plugins\/seo\/ -->\n<title>Foyer \u00c9lectrique 3 faces True View Slim par Amantii - Groupe BelleFlamme<\/title>\n<meta name=\"description\" content=\"Foyer \u00c9lectrique 3 faces True View Slim par Amantii vendu et install\u00e9 par le Groupe Belleflamme. Laval, Montr\u00e9al, Gatineau, Drummondville et Saint-Sauveur.\" \/>\n<meta name=\"robots\" content=\"index, follow, max-snippet:-1, max-image-preview:large, max-video-preview:-1\" \/>\n<link rel=\"canonical\" href=\"https:\/\/staging.belleflamme.ca\/fr\/produit\/foyer-electrique-3-faces-true-view-slim-par-amantii\/\" \/>\n<meta property=\"og:locale\" content=\"fr_FR\" \/>\n<meta property=\"og:type\" content=\"article\" \/>\n<meta property=\"og:title\" content=\"Foyer \u00c9lectrique 3 faces True View Slim par Amantii\" \/>\n<meta property=\"og:description\" content=\"Foyer \u00c9lectrique 3 faces True View Slim par Amantii vendu et install\u00e9 par le Groupe Belleflamme. Laval, Montr\u00e9al, Gatineau, Drummondville et Saint-Sauveur.\" \/>\n<meta property=\"og:url\" content=\"https:\/\/staging.belleflamme.ca\/fr\/produit\/foyer-electrique-3-faces-true-view-slim-par-amantii\/\" \/>\n<meta property=\"og:site_name\" content=\"Groupe BelleFlamme\" \/>\n<meta property=\"article:publisher\" content=\"https:\/\/www.facebook.com\/belleflamme.ca\/\" \/>\n<meta property=\"article:modified_time\" content=\"2024-09-20T14:58:36+00:00\" \/>\n<meta property=\"og:image\" content=\"https:\/\/www.belleflamme.ca\/wp-content\/uploads\/2023\/12\/Foyer-Electrique-3-faces-True-View-Slim-par-Amantii-scaled.webp\" \/>\n\t<meta property=\"og:image:width\" content=\"2560\" \/>\n\t<meta property=\"og:image:height\" content=\"1947\" \/>\n\t<meta property=\"og:image:type\" content=\"image\/webp\" \/>\n<meta name=\"twitter:card\" content=\"summary_large_image\" \/>\n<meta name=\"twitter:label1\" content=\"Disponibilit\u00e9\" \/>\n\t<meta name=\"twitter:data1\" content=\"En stock\" \/>\n<script type=\"application\/ld+json\" class=\"yoast-schema-graph\">{\"@context\":\"https:\/\/schema.org\",\"@graph\":[{\"@type\":[\"WebPage\",\"ItemPage\"],\"@id\":\"https:\/\/staging.belleflamme.ca\/fr\/produit\/foyer-electrique-3-faces-true-view-slim-par-amantii\/\",\"url\":\"https:\/\/staging.belleflamme.ca\/fr\/produit\/foyer-electrique-3-faces-true-view-slim-par-amantii\/\",\"name\":\"Foyer \u00c9lectrique 3 faces True View Slim par Amantii - Groupe BelleFlamme\",\"isPartOf\":{\"@id\":\"https:\/\/www.belleflamme.ca\/fr\/#website\"},\"primaryImageOfPage\":{\"@id\":\"https:\/\/staging.belleflamme.ca\/fr\/produit\/foyer-electrique-3-faces-true-view-slim-par-amantii\/#primaryimage\"},\"image\":{\"@id\":\"https:\/\/staging.belleflamme.ca\/fr\/produit\/foyer-electrique-3-faces-true-view-slim-par-amantii\/#primaryimage\"},\"thumbnailUrl\":\"https:\/\/staging.belleflamme.ca\/wp-content\/uploads\/2023\/12\/Foyer-Electrique-3-faces-True-View-Slim-par-Amantii-scaled.webp\",\"datePublished\":\"2023-12-11T17:35:10+00:00\",\"dateModified\":\"2024-09-20T14:58:36+00:00\",\"description\":\"Foyer \u00c9lectrique 3 faces True View Slim par Amantii [get_meta_en_fr]\",\"breadcrumb\":{\"@id\":\"https:\/\/staging.belleflamme.ca\/fr\/produit\/foyer-electrique-3-faces-true-view-slim-par-amantii\/#breadcrumb\"},\"inLanguage\":\"fr-FR\",\"potentialAction\":[{\"@type\":\"ReadAction\",\"target\":[\"https:\/\/staging.belleflamme.ca\/fr\/produit\/foyer-electrique-3-faces-true-view-slim-par-amantii\/\"]}]},{\"@type\":\"ImageObject\",\"inLanguage\":\"fr-FR\",\"@id\":\"https:\/\/staging.belleflamme.ca\/fr\/produit\/foyer-electrique-3-faces-true-view-slim-par-amantii\/#primaryimage\",\"url\":\"https:\/\/staging.belleflamme.ca\/wp-content\/uploads\/2023\/12\/Foyer-Electrique-3-faces-True-View-Slim-par-Amantii-scaled.webp\",\"contentUrl\":\"https:\/\/staging.belleflamme.ca\/wp-content\/uploads\/2023\/12\/Foyer-Electrique-3-faces-True-View-Slim-par-Amantii-scaled.webp\",\"width\":2560,\"height\":1947,\"caption\":\"Foyer \u00c9lectrique 3 faces True View Slim par Amantii\"},{\"@type\":\"BreadcrumbList\",\"@id\":\"https:\/\/staging.belleflamme.ca\/fr\/produit\/foyer-electrique-3-faces-true-view-slim-par-amantii\/#breadcrumb\",\"itemListElement\":[{\"@type\":\"ListItem\",\"position\":1,\"name\":\"Accueil\",\"item\":\"https:\/\/www.belleflamme.ca\/fr\/\"},{\"@type\":\"ListItem\",\"position\":2,\"name\":\"Boutique\",\"item\":\"https:\/\/www.belleflamme.ca\/fr\/boutique\/\"},{\"@type\":\"ListItem\",\"position\":3,\"name\":\"Po\u00eales &amp; Foyers\",\"item\":\"https:\/\/staging.belleflamme.ca\/fr\/categories\/poeles-et-foyers\/\"},{\"@type\":\"ListItem\",\"position\":4,\"name\":\"Po\u00eale &amp; Foyer \u00c9lectrique\",\"item\":\"https:\/\/staging.belleflamme.ca\/fr\/categories\/poeles-et-foyers\/poele-foyer-electrique\/\"},{\"@type\":\"ListItem\",\"position\":5,\"name\":\"Foyer \u00c9lectrique\",\"item\":\"https:\/\/staging.belleflamme.ca\/fr\/categories\/poeles-et-foyers\/poele-foyer-electrique\/foyer-electrique\/\"},{\"@type\":\"ListItem\",\"position\":6,\"name\":\"Foyer \u00c9lectrique 3 faces True View Slim par Amantii\"}]},{\"@type\":\"WebSite\",\"@id\":\"https:\/\/www.belleflamme.ca\/fr\/#website\",\"url\":\"https:\/\/www.belleflamme.ca\/fr\/\",\"name\":\"Groupe Belleflamme\",\"description\":\"La m\u00e9canique du b\u00e2timent dans le sang.\",\"publisher\":{\"@id\":\"https:\/\/www.belleflamme.ca\/fr\/#organization\"},\"potentialAction\":[{\"@type\":\"SearchAction\",\"target\":{\"@type\":\"EntryPoint\",\"urlTemplate\":\"https:\/\/www.belleflamme.ca\/fr\/?s={search_term_string}\"},\"query-input\":{\"@type\":\"PropertyValueSpecification\",\"valueRequired\":true,\"valueName\":\"search_term_string\"}}],\"inLanguage\":\"fr-FR\"},{\"@type\":[\"Organization\",\"Place\"],\"@id\":\"https:\/\/www.belleflamme.ca\/fr\/#organization\",\"name\":\"Groupe Belleflamme\",\"alternateName\":\"Belleflamme\",\"url\":\"https:\/\/www.belleflamme.ca\/fr\/\",\"logo\":{\"@type\":\"ImageObject\",\"inLanguage\":\"fr-FR\",\"@id\":\"https:\/\/www.belleflamme.ca\/fr\/#\/schema\/logo\/image\/\",\"url\":\"https:\/\/staging.belleflamme.ca\/wp-content\/uploads\/2023\/01\/og-image.jpg\",\"contentUrl\":\"https:\/\/staging.belleflamme.ca\/wp-content\/uploads\/2023\/01\/og-image.jpg\",\"width\":1200,\"height\":630,\"caption\":\"Groupe Belleflamme\"},\"image\":{\"@id\":\"https:\/\/www.belleflamme.ca\/fr\/#\/schema\/logo\/image\/\"},\"sameAs\":[\"https:\/\/www.facebook.com\/belleflamme.ca\/\",\"https:\/\/www.linkedin.com\/company\/belleflamme\/\",\"https:\/\/www.pinterest.ca\/groupebelleflamme\/\",\"https:\/\/www.instagram.com\/legroupebelleflamme\/\"],\"mainEntityOfPage\":{\"@id\":\"https:\/\/staging.belleflamme.ca\/fr\/produit\/foyer-electrique-3-faces-true-view-slim-par-amantii\/\"}}]}<\/script>\n<meta property=\"product:brand\" content=\"Amantii\" \/>\n<meta property=\"og:availability\" content=\"instock\" \/>\n<meta property=\"product:availability\" content=\"instock\" \/>\n<meta property=\"product:condition\" content=\"new\" \/>\n<!-- \/ Yoast SEO Premium plugin. -->","yoast_head_json":{"title":"Foyer \u00c9lectrique 3 faces True View Slim par Amantii - Groupe BelleFlamme","description":"Foyer \u00c9lectrique 3 faces True View Slim par Amantii vendu et install\u00e9 par le Groupe Belleflamme. Laval, Montr\u00e9al, Gatineau, Drummondville et Saint-Sauveur.","robots":{"index":"index","follow":"follow","max-snippet":"max-snippet:-1","max-image-preview":"max-image-preview:large","max-video-preview":"max-video-preview:-1"},"canonical":"https:\/\/staging.belleflamme.ca\/fr\/produit\/foyer-electrique-3-faces-true-view-slim-par-amantii\/","og_locale":"fr_FR","og_type":"article","og_title":"Foyer \u00c9lectrique 3 faces True View Slim par Amantii","og_description":"Foyer \u00c9lectrique 3 faces True View Slim par Amantii vendu et install\u00e9 par le Groupe Belleflamme. Laval, Montr\u00e9al, Gatineau, Drummondville et Saint-Sauveur.","og_url":"https:\/\/staging.belleflamme.ca\/fr\/produit\/foyer-electrique-3-faces-true-view-slim-par-amantii\/","og_site_name":"Groupe BelleFlamme","article_publisher":"https:\/\/www.facebook.com\/belleflamme.ca\/","article_modified_time":"2024-09-20T14:58:36+00:00","og_image":[{"width":2560,"height":1947,"url":"https:\/\/www.belleflamme.ca\/wp-content\/uploads\/2023\/12\/Foyer-Electrique-3-faces-True-View-Slim-par-Amantii-scaled.webp","type":"image\/webp"}],"twitter_card":"summary_large_image","twitter_misc":{"Disponibilit\u00e9":"En stock"},"schema":{"@context":"https:\/\/schema.org","@graph":[{"@type":["WebPage","ItemPage"],"@id":"https:\/\/staging.belleflamme.ca\/fr\/produit\/foyer-electrique-3-faces-true-view-slim-par-amantii\/","url":"https:\/\/staging.belleflamme.ca\/fr\/produit\/foyer-electrique-3-faces-true-view-slim-par-amantii\/","name":"Foyer \u00c9lectrique 3 faces True View Slim par Amantii - Groupe BelleFlamme","isPartOf":{"@id":"https:\/\/www.belleflamme.ca\/fr\/#website"},"primaryImageOfPage":{"@id":"https:\/\/staging.belleflamme.ca\/fr\/produit\/foyer-electrique-3-faces-true-view-slim-par-amantii\/#primaryimage"},"image":{"@id":"https:\/\/staging.belleflamme.ca\/fr\/produit\/foyer-electrique-3-faces-true-view-slim-par-amantii\/#primaryimage"},"thumbnailUrl":"https:\/\/staging.belleflamme.ca\/wp-content\/uploads\/2023\/12\/Foyer-Electrique-3-faces-True-View-Slim-par-Amantii-scaled.webp","datePublished":"2023-12-11T17:35:10+00:00","dateModified":"2024-09-20T14:58:36+00:00","description":"Foyer \u00c9lectrique 3 faces True View Slim par Amantii [get_meta_en_fr]","breadcrumb":{"@id":"https:\/\/staging.belleflamme.ca\/fr\/produit\/foyer-electrique-3-faces-true-view-slim-par-amantii\/#breadcrumb"},"inLanguage":"fr-FR","potentialAction":[{"@type":"ReadAction","target":["https:\/\/staging.belleflamme.ca\/fr\/produit\/foyer-electrique-3-faces-true-view-slim-par-amantii\/"]}]},{"@type":"ImageObject","inLanguage":"fr-FR","@id":"https:\/\/staging.belleflamme.ca\/fr\/produit\/foyer-electrique-3-faces-true-view-slim-par-amantii\/#primaryimage","url":"https:\/\/staging.belleflamme.ca\/wp-content\/uploads\/2023\/12\/Foyer-Electrique-3-faces-True-View-Slim-par-Amantii-scaled.webp","contentUrl":"https:\/\/staging.belleflamme.ca\/wp-content\/uploads\/2023\/12\/Foyer-Electrique-3-faces-True-View-Slim-par-Amantii-scaled.webp","width":2560,"height":1947,"caption":"Foyer \u00c9lectrique 3 faces True View Slim par Amantii"},{"@type":"BreadcrumbList","@id":"https:\/\/staging.belleflamme.ca\/fr\/produit\/foyer-electrique-3-faces-true-view-slim-par-amantii\/#breadcrumb","itemListElement":[{"@type":"ListItem","position":1,"name":"Accueil","item":"https:\/\/www.belleflamme.ca\/fr\/"},{"@type":"ListItem","position":2,"name":"Boutique","item":"https:\/\/www.belleflamme.ca\/fr\/boutique\/"},{"@type":"ListItem","position":3,"name":"Po\u00eales &amp; Foyers","item":"https:\/\/staging.belleflamme.ca\/fr\/categories\/poeles-et-foyers\/"},{"@type":"ListItem","position":4,"name":"Po\u00eale &amp; Foyer \u00c9lectrique","item":"https:\/\/staging.belleflamme.ca\/fr\/categories\/poeles-et-foyers\/poele-foyer-electrique\/"},{"@type":"ListItem","position":5,"name":"Foyer \u00c9lectrique","item":"https:\/\/staging.belleflamme.ca\/fr\/categories\/poeles-et-foyers\/poele-foyer-electrique\/foyer-electrique\/"},{"@type":"ListItem","position":6,"name":"Foyer \u00c9lectrique 3 faces True View Slim par Amantii"}]},{"@type":"WebSite","@id":"https:\/\/www.belleflamme.ca\/fr\/#website","url":"https:\/\/www.belleflamme.ca\/fr\/","name":"Groupe Belleflamme","description":"La m\u00e9canique du b\u00e2timent dans le sang.","publisher":{"@id":"https:\/\/www.belleflamme.ca\/fr\/#organization"},"potentialAction":[{"@type":"SearchAction","target":{"@type":"EntryPoint","urlTemplate":"https:\/\/www.belleflamme.ca\/fr\/?s={search_term_string}"},"query-input":{"@type":"PropertyValueSpecification","valueRequired":true,"valueName":"search_term_string"}}],"inLanguage":"fr-FR"},{"@type":["Organization","Place"],"@id":"https:\/\/www.belleflamme.ca\/fr\/#organization","name":"Groupe Belleflamme","alternateName":"Belleflamme","url":"https:\/\/www.belleflamme.ca\/fr\/","logo":{"@type":"ImageObject","inLanguage":"fr-FR","@id":"https:\/\/www.belleflamme.ca\/fr\/#\/schema\/logo\/image\/","url":"https:\/\/staging.belleflamme.ca\/wp-content\/uploads\/2023\/01\/og-image.jpg","contentUrl":"https:\/\/staging.belleflamme.ca\/wp-content\/uploads\/2023\/01\/og-image.jpg","width":1200,"height":630,"caption":"Groupe Belleflamme"},"image":{"@id":"https:\/\/www.belleflamme.ca\/fr\/#\/schema\/logo\/image\/"},"sameAs":["https:\/\/www.facebook.com\/belleflamme.ca\/","https:\/\/www.linkedin.com\/company\/belleflamme\/","https:\/\/www.pinterest.ca\/groupebelleflamme\/","https:\/\/www.instagram.com\/legroupebelleflamme\/"],"mainEntityOfPage":{"@id":"https:\/\/staging.belleflamme.ca\/fr\/produit\/foyer-electrique-3-faces-true-view-slim-par-amantii\/"}}]},"product_brand":"Amantii","og_availability":"instock","product_availability":"instock","product_condition":"new"},"_links":{"self":[{"href":"https:\/\/staging.belleflamme.ca\/fr\/wp-json\/wp\/v2\/product\/24548","targetHints":{"allow":["GET"]}}],"collection":[{"href":"https:\/\/staging.belleflamme.ca\/fr\/wp-json\/wp\/v2\/product"}],"about":[{"href":"https:\/\/staging.belleflamme.ca\/fr\/wp-json\/wp\/v2\/types\/product"}],"version-history":[{"count":5,"href":"https:\/\/staging.belleflamme.ca\/fr\/wp-json\/wp\/v2\/product\/24548\/revisions"}],"predecessor-version":[{"id":43116,"href":"https:\/\/staging.belleflamme.ca\/fr\/wp-json\/wp\/v2\/product\/24548\/revisions\/43116"}],"wp:featuredmedia":[{"embeddable":true,"href":"https:\/\/staging.belleflamme.ca\/fr\/wp-json\/wp\/v2\/media\/24551"}],"wp:attachment":[{"href":"https:\/\/staging.belleflamme.ca\/fr\/wp-json\/wp\/v2\/media?parent=24548"}],"wp:term":[{"taxonomy":"product_brand","embeddable":true,"href":"https:\/\/staging.belleflamme.ca\/fr\/wp-json\/wp\/v2\/product_brand?post=24548"},{"taxonomy":"product_cat","embeddable":true,"href":"https:\/\/staging.belleflamme.ca\/fr\/wp-json\/wp\/v2\/product_cat?post=24548"},{"taxonomy":"product_tag","embeddable":true,"href":"https:\/\/staging.belleflamme.ca\/fr\/wp-json\/wp\/v2\/product_tag?post=24548"}],"curies":[{"name":"wp","href":"https:\/\/api.w.org\/{rel}","templated":true}]}}