{"id":24520,"date":"2023-12-11T12:06:17","date_gmt":"2023-12-11T17:06:17","guid":{"rendered":"https:\/\/www.belleflamme.ca\/?post_type=product&#038;p=24520"},"modified":"2024-09-20T12:28:25","modified_gmt":"2024-09-20T16:28:25","slug":"foyer-electrique-sur-pied-cube-2025wm","status":"publish","type":"product","link":"https:\/\/staging.belleflamme.ca\/fr\/produit\/foyer-electrique-sur-pied-cube-2025wm\/","title":{"rendered":"Foyer \u00e9lectrique sur pied Cube 2025WM"},"content":{"rendered":"\t\t<div data-elementor-type=\"product-post\" data-elementor-id=\"24520\" class=\"elementor elementor-24520\" data-elementor-post-type=\"product\">\n\t\t\t\t\t\t<section class=\"elementor-section elementor-top-section elementor-element elementor-element-3782523a elementor-section-boxed elementor-section-height-default elementor-section-height-default\" data-id=\"3782523a\" data-element_type=\"section\">\n\t\t\t\t\t\t<div class=\"elementor-container elementor-column-gap-default\">\n\t\t\t\t\t<div class=\"elementor-column elementor-col-100 elementor-top-column elementor-element elementor-element-707f727\" data-id=\"707f727\" data-element_type=\"column\">\n\t\t\t<div class=\"elementor-widget-wrap elementor-element-populated\">\n\t\t\t\t\t\t<div class=\"elementor-element elementor-element-402117e3 elementor-widget elementor-widget-text-editor\" data-id=\"402117e3\" data-element_type=\"widget\" data-widget_type=\"text-editor.default\">\n\t\t\t\t<div class=\"elementor-widget-container\">\n\t\t\t\t\t\t\t\t\t<strong><span>Taille : Cube 2025WM\u00a0<\/span><\/strong>\r\n<ul>\r\n \t<li><span>Foyer \u00e9lectrique encastr\u00e9 3 faces<\/span><\/li>\r\n \t<li><span>Compatible WiFi pour connecter et contr\u00f4ler la chemin\u00e9e depuis votre smartphone avec l&#8217;utilisation de notre application.\u00a0Disponible sur le Google Play Store et l&#8217;App Store d&#8217;Apple<\/span><\/li>\r\n \t<li><span>Moteur \u00e0 flamme \u00e0 trois vitesses<\/span><\/li>\r\n \t<li><span>Chauffage ext\u00e9rieur 5 000 BTU<\/span><\/li>\r\n \t<li><span>Aucune ventilation ni grille disgracieuse n\u2019est visible.\u00a0Un v\u00e9ritable look propre et sans ventilation<\/span><\/li>\r\n \t<li><span>La minuterie et le thermostat programmables vous permettent de d\u00e9cider de la temp\u00e9rature de la pi\u00e8ce.\u00a0R\u00e9glez votre foyer pour qu&#8217;il s&#8217;allume avant votre arriv\u00e9e \u00e0 la maison ou allumez-le automatiquement lorsqu&#8217;il fait froid.<\/span><\/li>\r\n \t<li><span>Pav\u00e9 tactile pour un contr\u00f4le pratique des fonctions et l&#8217;affichage de la temp\u00e9rature depuis le foyer.<\/span><\/li>\r\n \t<li><span>Choisissez parmi des combinaisons de flammes de couleur jaune, orange et rouge<\/span><\/li>\r\n \t<li><span>Approuv\u00e9 pour les applications int\u00e9rieures ou ext\u00e9rieures.*<\/span><\/li>\r\n \t<li><span>Choisissez parmi 11 couleurs d&#8217;\u00e9clairage de baldaquin et de lit de braises pour \u00e9clairer les supports d\u00e9coratifs du bas et du dessus.<\/span><\/li>\r\n \t<li><span>Deux styles de motifs de flammes \u2013 standard et plus traditionnel<\/span><\/li>\r\n \t<li><span>La nouvelle t\u00e9l\u00e9commande thermostatique brevet\u00e9e est incluse<\/span><\/li>\r\n<\/ul>\r\n<strong><span>Foyer en verre 3 faces (unit\u00e9 20\u2033 largeur x 25\u2033 hauteur \u2013 11 3\/4\u2033 profondeur)<\/span><\/strong>\r\n\r\n<span>L&#8217;\u00e9l\u00e9gant Cube-2025WM est un foyer \u00e9lectrique \u00e0 3 faces vraiment innovant !\u00a0La superbe pr\u00e9sentation des flammes et les options multim\u00e9dias uniques peuvent d\u00e9sormais \u00eatre visualis\u00e9es sous presque tous les angles gr\u00e2ce aux 3 c\u00f4t\u00e9s de la zone de visualisation en verre.<\/span>\r\n\r\n<span>Le Cube comprend deux jeux de flammes, un \u00e9clairage d&#8217;ambiance en 13 couleurs pour \u00e9clairer les supports d\u00e9coratifs comme jamais auparavant, et notre pr\u00e9sentation de flammes exclusive qui permet aux utilisateurs de choisir parmi des flammes de couleur rouge, jaune ou orange d&#8217;un simple clic de t\u00e9l\u00e9commande.<\/span>\r\n\r\n<span>Personnalisez davantage l&#8217;apparence du Cube en utilisant l&#8217;ensemble de b\u00fbches de 6 pi\u00e8ces inclus et le support en verre Sable.\u00a0D\u2019autres options multim\u00e9dias sont disponibles pour un achat suppl\u00e9mentaire.<\/span>\r\n\r\n<span>Avec trois styles distincts parmi lesquels choisir, le Cube est parfait pour n\u2019importe quel espace, int\u00e9rieur ou ext\u00e9rieur, y compris les salles de bains.<\/span>\r\n\r\n<span>Le Cube dispose \u00e9galement d&#8217;une base de haut-parleur en option et d&#8217;une base de pied en option disponibles \u00e0 l&#8217;achat.<\/span>\r\n\r\n<strong><span>Ensemble de flammes exclusif<\/span><\/strong>\r\n<span>La flamme multicolore vibrante de pointe se change facilement de l&#8217;orange au jaune d&#8217;un simple clic sur la t\u00e9l\u00e9commande.\u00a0Trois bandes de couleurs g\u00e9n\u00e8rent plus d&#8217;options de flammes que jamais.<\/span>\r\n\r\n<strong><span>Pr\u00e9sentation unique<\/span><\/strong>\r\n<span>Projetez une lueur color\u00e9e sur les supports d\u00e9coratifs fournis dans le plateau ci-dessous.\u00a0Parcourez un arc-en-ciel de 13 couleurs diff\u00e9rentes.\u00a0M\u00e9langez les couleurs des flammes avec un \u00e9clairage contrast\u00e9 de la verri\u00e8re pour une pr\u00e9sentation unique \u2013 les combinaisons sont illimit\u00e9es.<\/span>\r\n<h3 class=\"features\"><span>Accessoires inclus<\/span><\/h3>\r\n<span>Le Cube-2025WM est livr\u00e9 avec un ensemble de b\u00fbches de bouleau de 10 pi\u00e8ces, 2 couleurs de verre v\u00e9ritable et 2 couleurs de vermiculite.<\/span>\r\n\r\n&nbsp;\r\n\r\n<img fetchpriority=\"high\" decoding=\"async\" class=\"size-medium wp-image-36220 aligncenter\" src=\"https:\/\/amantii.com\/wp-content\/uploads\/2022\/08\/DESIGN-MEDIA-BIRCH-10PCE-800-removebg-300x200.png\" sizes=\"(max-width: 300px) 100vw, 300px\" srcset=\"https:\/\/amantii.com\/wp-content\/uploads\/2022\/08\/DESIGN-MEDIA-BIRCH-10PCE-800-removebg-300x200.png 300w, https:\/\/amantii.com\/wp-content\/uploads\/2022\/08\/DESIGN-MEDIA-BIRCH-10PCE-800-removebg-768x511.png 768w, https:\/\/amantii.com\/wp-content\/uploads\/2022\/08\/DESIGN-MEDIA-BIRCH-10PCE-800-removebg-500x333.png 500w, https:\/\/amantii.com\/wp-content\/uploads\/2022\/08\/DESIGN-MEDIA-BIRCH-10PCE-800-removebg-700x466.png 700w, https:\/\/amantii.com\/wp-content\/uploads\/2022\/08\/DESIGN-MEDIA-BIRCH-10PCE-800-removebg.png 800w\" alt=\"\" width=\"300\" height=\"200\" \/>\r\n<div class=\"awac-wrapper\">\r\n<div class=\"awac widget text-9\">\r\n<div class=\"textwidget\">\r\n<div class=\"table-1\"><strong><span>Pr\u00e9sentation Flamme<\/span><\/strong><\/div>\r\n<div>\r\n\r\n<span>Pr\u00e9sentation de flammes vibrantes et multicolores de pointe \u2013 passez du jaune \u00e0 l&#8217;orange en passant par le rouge d&#8217;un simple clic sur la t\u00e9l\u00e9commande.\u00a0Tout peut \u00eatre fait s\u00e9par\u00e9ment et m\u00e9lang\u00e9 pour cr\u00e9er de nombreuses combinaisons.<\/span>\r\n\r\n<\/div>\r\n<div><img decoding=\"async\" class=\"size-full wp-image-38818 aligncenter\" src=\"https:\/\/amantii.com\/wp-content\/uploads\/2022\/01\/Tru-View-canopy-500.jpg\" alt=\"\" width=\"500\" height=\"246\" \/><\/div>\r\n<div><\/div>\r\n<div><strong><span>\u00c9clairage ambiant de l&#8217;auvent<\/span><\/strong><\/div>\r\n<div><span>L\u2019\u00e9clairage ambiant de la verri\u00e8re illumine les m\u00e9dias comme jamais auparavant.\u00a0Projetez une lueur color\u00e9e sur les supports d\u00e9coratifs fournis dans le plateau ci-dessous.\u00a0Parcourez un arc-en-ciel de 13 couleurs diff\u00e9rentes.\u00a0M\u00e9langez les couleurs des flammes avec un \u00e9clairage contrast\u00e9 pour une pr\u00e9sentation unique \u2013 les combinaisons sont illimit\u00e9es.<\/span><\/div>\r\n<\/div>\r\n<div><img decoding=\"async\" class=\"size-full wp-image-38817 aligncenter\" src=\"https:\/\/amantii.com\/wp-content\/uploads\/2022\/01\/Tru-View72-Lighting-LOGS-500.jpg\" alt=\"\" width=\"500\" height=\"181\" \/><\/div>\r\n<\/div>\r\n<\/div>\t\t\t\t\t\t\t\t<\/div>\n\t\t\t\t<\/div>\n\t\t\t\t\t<\/div>\n\t\t<\/div>\n\t\t\t\t\t<\/div>\n\t\t<\/section>\n\t\t\t\t<section class=\"elementor-section elementor-top-section elementor-element elementor-element-2ee9955 elementor-section-boxed elementor-section-height-default elementor-section-height-default\" data-id=\"2ee9955\" data-element_type=\"section\">\n\t\t\t\t\t\t<div class=\"elementor-container elementor-column-gap-default\">\n\t\t\t\t\t<div class=\"elementor-column elementor-col-100 elementor-top-column elementor-element elementor-element-3e92d7e\" data-id=\"3e92d7e\" data-element_type=\"column\">\n\t\t\t<div class=\"elementor-widget-wrap elementor-element-populated\">\n\t\t\t\t\t\t<div class=\"elementor-element elementor-element-fad7757 elementor-tabs-view-horizontal elementor-widget elementor-widget-tabs\" data-id=\"fad7757\" data-element_type=\"widget\" data-widget_type=\"tabs.default\">\n\t\t\t\t<div class=\"elementor-widget-container\">\n\t\t\t\t\t\t\t<div class=\"elementor-tabs\">\n\t\t\t<div class=\"elementor-tabs-wrapper\" role=\"tablist\" >\n\t\t\t\t\t\t\t\t\t<div id=\"elementor-tab-title-2631\" class=\"elementor-tab-title elementor-tab-desktop-title\" aria-selected=\"true\" data-tab=\"1\" role=\"tab\" tabindex=\"0\" aria-controls=\"elementor-tab-content-2631\" aria-expanded=\"false\">Fichiers<\/div>\n\t\t\t\t\t\t\t<\/div>\n\t\t\t<div class=\"elementor-tabs-content-wrapper\" role=\"tablist\" aria-orientation=\"vertical\">\n\t\t\t\t\t\t\t\t\t<div class=\"elementor-tab-title elementor-tab-mobile-title\" aria-selected=\"true\" data-tab=\"1\" role=\"tab\" tabindex=\"0\" aria-controls=\"elementor-tab-content-2631\" aria-expanded=\"false\">Fichiers<\/div>\n\t\t\t\t\t<div id=\"elementor-tab-content-2631\" class=\"elementor-tab-content elementor-clearfix\" data-tab=\"1\" role=\"tabpanel\" aria-labelledby=\"elementor-tab-title-2631\" tabindex=\"0\" hidden=\"false\"><i class=\"far fa-file-pdf fa-xl\" style=\"font-size:35px\"><\/i><a href=\"https:\/\/www.belleflamme.ca\/wp-content\/uploads\/2023\/12\/Tru-View-Book.pdf\"> Brochure<\/a><\/br>\n<i class=\"far fa-file-pdf fa-xl\" style=\"font-size:35px\"><\/i><a href=\"https:\/\/www.belleflamme.ca\/wp-content\/uploads\/2023\/12\/CUBE-2025WM-repair-guide.pdf\"> Guide de r\u00e9paration<\/a><\/br>\n<i class=\"far fa-file-pdf fa-xl\" style=\"font-size:35px\"><\/i><a href=\"https:\/\/www.belleflamme.ca\/wp-content\/uploads\/2023\/12\/CUBE-WIFI-Manual-202107-1.pdf\"> Manuel<\/a><\/br>\n<i class=\"far fa-file-pdf fa-xl\" style=\"font-size:35px\"><\/i><a href=\"https:\/\/www.belleflamme.ca\/wp-content\/uploads\/2023\/12\/Bespoke-WIFI-instruction-1.pdf\"> Guide Wifi<\/a><\/br>\n<i class=\"far fa-file-pdf fa-xl\" style=\"font-size:35px\"><\/i><a href=\"https:\/\/www.belleflamme.ca\/wp-content\/uploads\/2023\/12\/AM-Parts-Remote-Control-Guide.pdf\"> T\u00e9l\u00e9commande<\/a><\/br>\n<i class=\"far fa-file-pdf fa-xl\" style=\"font-size:35px\"><\/i><a href=\"https:\/\/www.belleflamme.ca\/wp-content\/uploads\/2023\/12\/Outdoor-Installation-Rev-10.08.22-1-1.pdf\"> Installation ext\u00e9rieure<\/a><\/br><\/div>\n\t\t\t\t\t\t\t<\/div>\n\t\t<\/div>\n\t\t\t\t\t\t<\/div>\n\t\t\t\t<\/div>\n\t\t\t\t\t<\/div>\n\t\t<\/div>\n\t\t\t\t\t<\/div>\n\t\t<\/section>\n\t\t\t\t<\/div>\n\t\t","protected":false},"excerpt":{"rendered":"<p>Taille : Cube 2025WM\u00a0 Foyer \u00e9lectrique encastr\u00e9 3 faces Compatible WiFi pour connecter et contr\u00f4ler la chemin\u00e9e depuis votre smartphone avec l&#8217;utilisation de notre application.\u00a0Disponible sur le Google Play Store et l&#8217;App Store d&#8217;Apple Moteur \u00e0 flamme \u00e0 trois vitesses Chauffage ext\u00e9rieur 5 000 BTU Aucune ventilation ni grille disgracieuse n\u2019est visible.\u00a0Un v\u00e9ritable look propre [&hellip;]<\/p>\n","protected":false},"featured_media":24523,"template":"","meta":{"inline_featured_image":false},"product_brand":[231],"product_cat":[240,241,33],"product_tag":[],"class_list":{"0":"post-24520","1":"product","2":"type-product","3":"status-publish","4":"has-post-thumbnail","6":"product_brand-amantii","7":"product_cat-foyer-electrique","8":"product_cat-poele-foyer-electrique","9":"product_cat-poeles-et-foyers","11":"first","12":"instock","13":"taxable","14":"shipping-taxable","15":"purchasable","16":"product-type-simple"},"yoast_head":"<!-- This site is optimized with the Yoast SEO Premium plugin v24.2 (Yoast SEO v24.2) - https:\/\/yoast.com\/wordpress\/plugins\/seo\/ -->\n<title>Foyer \u00e9lectrique sur pied Cube 2025WM - Groupe BelleFlamme<\/title>\n<meta name=\"description\" content=\"Foyer \u00e9lectrique sur pied Cube 2025WM vendu et install\u00e9 par le Groupe Belleflamme. Laval, Montr\u00e9al, Gatineau, Drummondville et Saint-Sauveur.\" \/>\n<meta name=\"robots\" content=\"index, follow, max-snippet:-1, max-image-preview:large, max-video-preview:-1\" \/>\n<link rel=\"canonical\" href=\"https:\/\/staging.belleflamme.ca\/fr\/produit\/foyer-electrique-sur-pied-cube-2025wm\/\" \/>\n<meta property=\"og:locale\" content=\"fr_FR\" \/>\n<meta property=\"og:type\" content=\"article\" \/>\n<meta property=\"og:title\" content=\"Foyer \u00e9lectrique sur pied Cube 2025WM\" \/>\n<meta property=\"og:description\" content=\"Foyer \u00e9lectrique sur pied Cube 2025WM vendu et install\u00e9 par le Groupe Belleflamme. Laval, Montr\u00e9al, Gatineau, Drummondville et Saint-Sauveur.\" \/>\n<meta property=\"og:url\" content=\"https:\/\/staging.belleflamme.ca\/fr\/produit\/foyer-electrique-sur-pied-cube-2025wm\/\" \/>\n<meta property=\"og:site_name\" content=\"Groupe BelleFlamme\" \/>\n<meta property=\"article:publisher\" content=\"https:\/\/www.facebook.com\/belleflamme.ca\/\" \/>\n<meta property=\"article:modified_time\" content=\"2024-09-20T16:28:25+00:00\" \/>\n<meta property=\"og:image\" content=\"https:\/\/www.belleflamme.ca\/wp-content\/uploads\/2023\/12\/Foyer-electrique-sur-pied-Cube-2025WM-1.webp\" \/>\n\t<meta property=\"og:image:width\" content=\"700\" \/>\n\t<meta property=\"og:image:height\" content=\"700\" \/>\n\t<meta property=\"og:image:type\" content=\"image\/webp\" \/>\n<meta name=\"twitter:card\" content=\"summary_large_image\" \/>\n<meta name=\"twitter:label1\" content=\"Prix\" \/>\n\t<meta name=\"twitter:data1\" content=\"&#036;1,799.00\" \/>\n\t<meta name=\"twitter:label2\" content=\"Disponibilit\u00e9\" \/>\n\t<meta name=\"twitter:data2\" content=\"En stock\" \/>\n<script type=\"application\/ld+json\" class=\"yoast-schema-graph\">{\"@context\":\"https:\/\/schema.org\",\"@graph\":[{\"@type\":[\"WebPage\",\"ItemPage\"],\"@id\":\"https:\/\/staging.belleflamme.ca\/fr\/produit\/foyer-electrique-sur-pied-cube-2025wm\/\",\"url\":\"https:\/\/staging.belleflamme.ca\/fr\/produit\/foyer-electrique-sur-pied-cube-2025wm\/\",\"name\":\"Foyer \u00e9lectrique sur pied Cube 2025WM - Groupe BelleFlamme\",\"isPartOf\":{\"@id\":\"https:\/\/www.belleflamme.ca\/fr\/#website\"},\"primaryImageOfPage\":{\"@id\":\"https:\/\/staging.belleflamme.ca\/fr\/produit\/foyer-electrique-sur-pied-cube-2025wm\/#primaryimage\"},\"image\":{\"@id\":\"https:\/\/staging.belleflamme.ca\/fr\/produit\/foyer-electrique-sur-pied-cube-2025wm\/#primaryimage\"},\"thumbnailUrl\":\"https:\/\/staging.belleflamme.ca\/wp-content\/uploads\/2023\/12\/Foyer-electrique-sur-pied-Cube-2025WM-1.webp\",\"datePublished\":\"2023-12-11T17:06:17+00:00\",\"dateModified\":\"2024-09-20T16:28:25+00:00\",\"description\":\"Foyer \u00e9lectrique sur pied Cube 2025WM [get_meta_en_fr]\",\"breadcrumb\":{\"@id\":\"https:\/\/staging.belleflamme.ca\/fr\/produit\/foyer-electrique-sur-pied-cube-2025wm\/#breadcrumb\"},\"inLanguage\":\"fr-FR\",\"potentialAction\":[{\"@type\":\"ReadAction\",\"target\":[\"https:\/\/staging.belleflamme.ca\/fr\/produit\/foyer-electrique-sur-pied-cube-2025wm\/\"]}]},{\"@type\":\"ImageObject\",\"inLanguage\":\"fr-FR\",\"@id\":\"https:\/\/staging.belleflamme.ca\/fr\/produit\/foyer-electrique-sur-pied-cube-2025wm\/#primaryimage\",\"url\":\"https:\/\/staging.belleflamme.ca\/wp-content\/uploads\/2023\/12\/Foyer-electrique-sur-pied-Cube-2025WM-1.webp\",\"contentUrl\":\"https:\/\/staging.belleflamme.ca\/wp-content\/uploads\/2023\/12\/Foyer-electrique-sur-pied-Cube-2025WM-1.webp\",\"width\":700,\"height\":700,\"caption\":\"Foyer \u00e9lectrique sur pied Cube 2025WM\"},{\"@type\":\"BreadcrumbList\",\"@id\":\"https:\/\/staging.belleflamme.ca\/fr\/produit\/foyer-electrique-sur-pied-cube-2025wm\/#breadcrumb\",\"itemListElement\":[{\"@type\":\"ListItem\",\"position\":1,\"name\":\"Accueil\",\"item\":\"https:\/\/www.belleflamme.ca\/fr\/\"},{\"@type\":\"ListItem\",\"position\":2,\"name\":\"Boutique\",\"item\":\"https:\/\/www.belleflamme.ca\/fr\/boutique\/\"},{\"@type\":\"ListItem\",\"position\":3,\"name\":\"Po\u00eales &amp; Foyers\",\"item\":\"https:\/\/staging.belleflamme.ca\/fr\/categories\/poeles-et-foyers\/\"},{\"@type\":\"ListItem\",\"position\":4,\"name\":\"Foyer \u00e9lectrique sur pied Cube 2025WM\"}]},{\"@type\":\"WebSite\",\"@id\":\"https:\/\/www.belleflamme.ca\/fr\/#website\",\"url\":\"https:\/\/www.belleflamme.ca\/fr\/\",\"name\":\"Groupe Belleflamme\",\"description\":\"La m\u00e9canique du b\u00e2timent dans le sang.\",\"publisher\":{\"@id\":\"https:\/\/www.belleflamme.ca\/fr\/#organization\"},\"potentialAction\":[{\"@type\":\"SearchAction\",\"target\":{\"@type\":\"EntryPoint\",\"urlTemplate\":\"https:\/\/www.belleflamme.ca\/fr\/?s={search_term_string}\"},\"query-input\":{\"@type\":\"PropertyValueSpecification\",\"valueRequired\":true,\"valueName\":\"search_term_string\"}}],\"inLanguage\":\"fr-FR\"},{\"@type\":[\"Organization\",\"Place\"],\"@id\":\"https:\/\/www.belleflamme.ca\/fr\/#organization\",\"name\":\"Groupe Belleflamme\",\"alternateName\":\"Belleflamme\",\"url\":\"https:\/\/www.belleflamme.ca\/fr\/\",\"logo\":{\"@type\":\"ImageObject\",\"inLanguage\":\"fr-FR\",\"@id\":\"https:\/\/www.belleflamme.ca\/fr\/#\/schema\/logo\/image\/\",\"url\":\"https:\/\/staging.belleflamme.ca\/wp-content\/uploads\/2023\/01\/og-image.jpg\",\"contentUrl\":\"https:\/\/staging.belleflamme.ca\/wp-content\/uploads\/2023\/01\/og-image.jpg\",\"width\":1200,\"height\":630,\"caption\":\"Groupe Belleflamme\"},\"image\":{\"@id\":\"https:\/\/www.belleflamme.ca\/fr\/#\/schema\/logo\/image\/\"},\"sameAs\":[\"https:\/\/www.facebook.com\/belleflamme.ca\/\",\"https:\/\/www.linkedin.com\/company\/belleflamme\/\",\"https:\/\/www.pinterest.ca\/groupebelleflamme\/\",\"https:\/\/www.instagram.com\/legroupebelleflamme\/\"],\"mainEntityOfPage\":{\"@id\":\"https:\/\/staging.belleflamme.ca\/fr\/produit\/foyer-electrique-sur-pied-cube-2025wm\/\"}}]}<\/script>\n<meta property=\"product:brand\" content=\"Amantii\" \/>\n<meta property=\"product:price:amount\" content=\"1799.00\" \/>\n<meta property=\"product:price:currency\" content=\"CAD\" \/>\n<meta property=\"og:availability\" content=\"instock\" \/>\n<meta property=\"product:availability\" content=\"instock\" \/>\n<meta property=\"product:retailer_item_id\" content=\"CUBE-2025WM\" \/>\n<meta property=\"product:condition\" content=\"new\" \/>\n<!-- \/ Yoast SEO Premium plugin. -->","yoast_head_json":{"title":"Foyer \u00e9lectrique sur pied Cube 2025WM - Groupe BelleFlamme","description":"Foyer \u00e9lectrique sur pied Cube 2025WM vendu et install\u00e9 par le Groupe Belleflamme. Laval, Montr\u00e9al, Gatineau, Drummondville et Saint-Sauveur.","robots":{"index":"index","follow":"follow","max-snippet":"max-snippet:-1","max-image-preview":"max-image-preview:large","max-video-preview":"max-video-preview:-1"},"canonical":"https:\/\/staging.belleflamme.ca\/fr\/produit\/foyer-electrique-sur-pied-cube-2025wm\/","og_locale":"fr_FR","og_type":"article","og_title":"Foyer \u00e9lectrique sur pied Cube 2025WM","og_description":"Foyer \u00e9lectrique sur pied Cube 2025WM vendu et install\u00e9 par le Groupe Belleflamme. Laval, Montr\u00e9al, Gatineau, Drummondville et Saint-Sauveur.","og_url":"https:\/\/staging.belleflamme.ca\/fr\/produit\/foyer-electrique-sur-pied-cube-2025wm\/","og_site_name":"Groupe BelleFlamme","article_publisher":"https:\/\/www.facebook.com\/belleflamme.ca\/","article_modified_time":"2024-09-20T16:28:25+00:00","og_image":[{"width":700,"height":700,"url":"https:\/\/www.belleflamme.ca\/wp-content\/uploads\/2023\/12\/Foyer-electrique-sur-pied-Cube-2025WM-1.webp","type":"image\/webp"}],"twitter_card":"summary_large_image","twitter_misc":{"Prix":"&#36;1,799.00","Disponibilit\u00e9":"En stock"},"schema":{"@context":"https:\/\/schema.org","@graph":[{"@type":["WebPage","ItemPage"],"@id":"https:\/\/staging.belleflamme.ca\/fr\/produit\/foyer-electrique-sur-pied-cube-2025wm\/","url":"https:\/\/staging.belleflamme.ca\/fr\/produit\/foyer-electrique-sur-pied-cube-2025wm\/","name":"Foyer \u00e9lectrique sur pied Cube 2025WM - Groupe BelleFlamme","isPartOf":{"@id":"https:\/\/www.belleflamme.ca\/fr\/#website"},"primaryImageOfPage":{"@id":"https:\/\/staging.belleflamme.ca\/fr\/produit\/foyer-electrique-sur-pied-cube-2025wm\/#primaryimage"},"image":{"@id":"https:\/\/staging.belleflamme.ca\/fr\/produit\/foyer-electrique-sur-pied-cube-2025wm\/#primaryimage"},"thumbnailUrl":"https:\/\/staging.belleflamme.ca\/wp-content\/uploads\/2023\/12\/Foyer-electrique-sur-pied-Cube-2025WM-1.webp","datePublished":"2023-12-11T17:06:17+00:00","dateModified":"2024-09-20T16:28:25+00:00","description":"Foyer \u00e9lectrique sur pied Cube 2025WM [get_meta_en_fr]","breadcrumb":{"@id":"https:\/\/staging.belleflamme.ca\/fr\/produit\/foyer-electrique-sur-pied-cube-2025wm\/#breadcrumb"},"inLanguage":"fr-FR","potentialAction":[{"@type":"ReadAction","target":["https:\/\/staging.belleflamme.ca\/fr\/produit\/foyer-electrique-sur-pied-cube-2025wm\/"]}]},{"@type":"ImageObject","inLanguage":"fr-FR","@id":"https:\/\/staging.belleflamme.ca\/fr\/produit\/foyer-electrique-sur-pied-cube-2025wm\/#primaryimage","url":"https:\/\/staging.belleflamme.ca\/wp-content\/uploads\/2023\/12\/Foyer-electrique-sur-pied-Cube-2025WM-1.webp","contentUrl":"https:\/\/staging.belleflamme.ca\/wp-content\/uploads\/2023\/12\/Foyer-electrique-sur-pied-Cube-2025WM-1.webp","width":700,"height":700,"caption":"Foyer \u00e9lectrique sur pied Cube 2025WM"},{"@type":"BreadcrumbList","@id":"https:\/\/staging.belleflamme.ca\/fr\/produit\/foyer-electrique-sur-pied-cube-2025wm\/#breadcrumb","itemListElement":[{"@type":"ListItem","position":1,"name":"Accueil","item":"https:\/\/www.belleflamme.ca\/fr\/"},{"@type":"ListItem","position":2,"name":"Boutique","item":"https:\/\/www.belleflamme.ca\/fr\/boutique\/"},{"@type":"ListItem","position":3,"name":"Po\u00eales &amp; Foyers","item":"https:\/\/staging.belleflamme.ca\/fr\/categories\/poeles-et-foyers\/"},{"@type":"ListItem","position":4,"name":"Foyer \u00e9lectrique sur pied Cube 2025WM"}]},{"@type":"WebSite","@id":"https:\/\/www.belleflamme.ca\/fr\/#website","url":"https:\/\/www.belleflamme.ca\/fr\/","name":"Groupe Belleflamme","description":"La m\u00e9canique du b\u00e2timent dans le sang.","publisher":{"@id":"https:\/\/www.belleflamme.ca\/fr\/#organization"},"potentialAction":[{"@type":"SearchAction","target":{"@type":"EntryPoint","urlTemplate":"https:\/\/www.belleflamme.ca\/fr\/?s={search_term_string}"},"query-input":{"@type":"PropertyValueSpecification","valueRequired":true,"valueName":"search_term_string"}}],"inLanguage":"fr-FR"},{"@type":["Organization","Place"],"@id":"https:\/\/www.belleflamme.ca\/fr\/#organization","name":"Groupe Belleflamme","alternateName":"Belleflamme","url":"https:\/\/www.belleflamme.ca\/fr\/","logo":{"@type":"ImageObject","inLanguage":"fr-FR","@id":"https:\/\/www.belleflamme.ca\/fr\/#\/schema\/logo\/image\/","url":"https:\/\/staging.belleflamme.ca\/wp-content\/uploads\/2023\/01\/og-image.jpg","contentUrl":"https:\/\/staging.belleflamme.ca\/wp-content\/uploads\/2023\/01\/og-image.jpg","width":1200,"height":630,"caption":"Groupe Belleflamme"},"image":{"@id":"https:\/\/www.belleflamme.ca\/fr\/#\/schema\/logo\/image\/"},"sameAs":["https:\/\/www.facebook.com\/belleflamme.ca\/","https:\/\/www.linkedin.com\/company\/belleflamme\/","https:\/\/www.pinterest.ca\/groupebelleflamme\/","https:\/\/www.instagram.com\/legroupebelleflamme\/"],"mainEntityOfPage":{"@id":"https:\/\/staging.belleflamme.ca\/fr\/produit\/foyer-electrique-sur-pied-cube-2025wm\/"}}]},"product_brand":"Amantii","product_price_amount":"1799.00","product_price_currency":"CAD","og_availability":"instock","product_availability":"instock","product_retailer_item_id":"CUBE-2025WM","product_condition":"new"},"_links":{"self":[{"href":"https:\/\/staging.belleflamme.ca\/fr\/wp-json\/wp\/v2\/product\/24520","targetHints":{"allow":["GET"]}}],"collection":[{"href":"https:\/\/staging.belleflamme.ca\/fr\/wp-json\/wp\/v2\/product"}],"about":[{"href":"https:\/\/staging.belleflamme.ca\/fr\/wp-json\/wp\/v2\/types\/product"}],"version-history":[{"count":5,"href":"https:\/\/staging.belleflamme.ca\/fr\/wp-json\/wp\/v2\/product\/24520\/revisions"}],"predecessor-version":[{"id":43154,"href":"https:\/\/staging.belleflamme.ca\/fr\/wp-json\/wp\/v2\/product\/24520\/revisions\/43154"}],"wp:featuredmedia":[{"embeddable":true,"href":"https:\/\/staging.belleflamme.ca\/fr\/wp-json\/wp\/v2\/media\/24523"}],"wp:attachment":[{"href":"https:\/\/staging.belleflamme.ca\/fr\/wp-json\/wp\/v2\/media?parent=24520"}],"wp:term":[{"taxonomy":"product_brand","embeddable":true,"href":"https:\/\/staging.belleflamme.ca\/fr\/wp-json\/wp\/v2\/product_brand?post=24520"},{"taxonomy":"product_cat","embeddable":true,"href":"https:\/\/staging.belleflamme.ca\/fr\/wp-json\/wp\/v2\/product_cat?post=24520"},{"taxonomy":"product_tag","embeddable":true,"href":"https:\/\/staging.belleflamme.ca\/fr\/wp-json\/wp\/v2\/product_tag?post=24520"}],"curies":[{"name":"wp","href":"https:\/\/api.w.org\/{rel}","templated":true}]}}