{"id":24353,"date":"2023-12-04T11:19:32","date_gmt":"2023-12-04T16:19:32","guid":{"rendered":"https:\/\/www.belleflamme.ca\/?post_type=product&#038;p=24353"},"modified":"2024-09-24T16:08:46","modified_gmt":"2024-09-24T20:08:46","slug":"poele-encastrable-a-granules-tn40-de-true-north","status":"publish","type":"product","link":"https:\/\/staging.belleflamme.ca\/fr\/produit\/poele-encastrable-a-granules-tn40-de-true-north\/","title":{"rendered":"Po\u00eale Encastrable \u00e0 Granules TN40 de True North"},"content":{"rendered":"\t\t<div data-elementor-type=\"product-post\" data-elementor-id=\"24353\" class=\"elementor elementor-24353\" data-elementor-post-type=\"product\">\n\t\t\t\t\t\t<section class=\"elementor-section elementor-top-section elementor-element elementor-element-76ec2b46 elementor-section-boxed elementor-section-height-default elementor-section-height-default\" data-id=\"76ec2b46\" data-element_type=\"section\">\n\t\t\t\t\t\t<div class=\"elementor-container elementor-column-gap-default\">\n\t\t\t\t\t<div class=\"elementor-column elementor-col-100 elementor-top-column elementor-element elementor-element-2f6110ad\" data-id=\"2f6110ad\" data-element_type=\"column\">\n\t\t\t<div class=\"elementor-widget-wrap elementor-element-populated\">\n\t\t\t\t\t\t<div class=\"elementor-element elementor-element-56a6937e elementor-widget elementor-widget-text-editor\" data-id=\"56a6937e\" data-element_type=\"widget\" data-widget_type=\"text-editor.default\">\n\t\t\t\t<div class=\"elementor-widget-container\">\n\t\t\t\t\t\t\t\t\t<p>Simples \u00e0 utiliser et faciles \u00e0 entretenir, les encastrables \u00e0 granul\u00e9s True North constituent une alternative de chauffage au biocarburant \u00e0 combustion propre et \u00e0 faibles \u00e9missions pour votre foyer existant.&nbsp;Con\u00e7u pour des performances et une durabilit\u00e9 sup\u00e9rieures, l&#8217;insert \u00e0 granul\u00e9s TN40 est construit en acier \u00e9pais et dispose d&#8217;un large pot de feu pour produire des flammes riches et pleines.<\/p>\n<div data-id=\"bb70352\" data-element_type=\"column\">\n<div>\n<div data-id=\"5a5d564a\" data-element_type=\"widget\" data-widget_type=\"heading.default\">\n<div>\n<h3>Donn\u00e9es techniques<\/h3>\n<\/div>\n<\/div>\n<div data-id=\"11b41ad\" data-element_type=\"widget\" data-widget_type=\"text-editor.default\">\n<div>\n<p>BTU \u00e9lev\u00e9 36 000<\/p>\n<p>BTU faible 8 000<\/p>\n<p>Capacit\u00e9 de la tr\u00e9mie jusqu&#8217;\u00e0 60 lb.<\/p>\n<p>Efficacit\u00e9 73 %<\/p>\n<p>\u00c9missions 0,69 g\/h.<\/p>\n<\/div>\n<\/div>\n<\/div>\n<\/div>\n<div data-id=\"7977b9af\" data-element_type=\"column\">\n<div>\n<div data-id=\"1e362fb2\" data-element_type=\"widget\" data-widget_type=\"heading.default\">\n<div>\n<h3>Caract\u00e9ristiques standards<\/h3>\n<\/div>\n<\/div>\n<div data-id=\"4a78ab95\" data-element_type=\"widget\" data-widget_type=\"text-editor.default\">\n<div>\n<p>Approuv\u00e9 pour les maisons mobiles<\/p>\n<p>Commandes num\u00e9riques d&#8217;acc\u00e8s facile<\/p>\n<p>Couvercle de tr\u00e9mie \u00e0 ouverture facile pour le ravitaillement avec interrupteur d&#8217;arr\u00eat de s\u00e9curit\u00e9<\/p>\n<p>Technologie de lavage \u00e0 l&#8217;air en verre propre<\/p>\n<p>Rev\u00eatement de pot de combustion en acier inoxydable<\/p>\n<p>autonettoyant Certifi\u00e9 EPA<\/p>\n<p>Fonctionnement simple \u00e0 3 modes : manuel (automatique, haut\/bas \u2013 lorsque \u00e9quip\u00e9 d&#8217;un thermostat)<\/p>\n<p>Contr\u00f4le pratique de la chaleur \u00e0 5 niveaux<\/p>\n<p>Fonctionnement compatible avec un thermostat mural en option<\/p>\n<p>Allumeur automatique<\/p>\n<p>Garantie limit\u00e9e<\/p>\n<\/div>\n<\/div>\n<div data-id=\"289f6212\" data-element_type=\"widget\" data-widget_type=\"heading.default\">\n<div>\n<h3>Options de conception<\/h3>\n<\/div>\n<\/div>\n<div data-id=\"5289fd17\" data-element_type=\"widget\" data-widget_type=\"text-editor.default\">\n<div>\n<p>Entourage surdimensionn\u00e9<\/p>\n<\/div>\n<\/div>\n<div data-id=\"2b72975d\" data-element_type=\"widget\" data-widget_type=\"heading.default\">\n<div>\n<h3>Options de performances<\/h3>\n<\/div>\n<\/div>\n<div data-id=\"22f7e8ae\" data-element_type=\"widget\" data-widget_type=\"text-editor.default\">\n<div>\n<p>Utilisez des granul\u00e9s de bois de qualit\u00e9 sup\u00e9rieure PFI<\/p>\n<\/div>\n<\/div>\n<\/div>\n<\/div>\t\t\t\t\t\t\t\t<\/div>\n\t\t\t\t<\/div>\n\t\t\t\t\t<\/div>\n\t\t<\/div>\n\t\t\t\t\t<\/div>\n\t\t<\/section>\n\t\t\t\t<section class=\"elementor-section elementor-top-section elementor-element elementor-element-54c5d28 elementor-section-boxed elementor-section-height-default elementor-section-height-default\" data-id=\"54c5d28\" data-element_type=\"section\">\n\t\t\t\t\t\t<div class=\"elementor-container elementor-column-gap-default\">\n\t\t\t\t\t<div class=\"elementor-column elementor-col-100 elementor-top-column elementor-element elementor-element-9da9007\" data-id=\"9da9007\" data-element_type=\"column\">\n\t\t\t<div class=\"elementor-widget-wrap elementor-element-populated\">\n\t\t\t\t\t\t<div class=\"elementor-element elementor-element-ea384ec elementor-tabs-view-horizontal elementor-widget elementor-widget-tabs\" data-id=\"ea384ec\" data-element_type=\"widget\" data-widget_type=\"tabs.default\">\n\t\t\t\t<div class=\"elementor-widget-container\">\n\t\t\t\t\t\t\t<div class=\"elementor-tabs\">\n\t\t\t<div class=\"elementor-tabs-wrapper\" role=\"tablist\" >\n\t\t\t\t\t\t\t\t\t<div id=\"elementor-tab-title-2451\" class=\"elementor-tab-title elementor-tab-desktop-title\" aria-selected=\"true\" data-tab=\"1\" role=\"tab\" tabindex=\"0\" aria-controls=\"elementor-tab-content-2451\" aria-expanded=\"false\">Fichiers<\/div>\n\t\t\t\t\t\t\t<\/div>\n\t\t\t<div class=\"elementor-tabs-content-wrapper\" role=\"tablist\" aria-orientation=\"vertical\">\n\t\t\t\t\t\t\t\t\t<div class=\"elementor-tab-title elementor-tab-mobile-title\" aria-selected=\"true\" data-tab=\"1\" role=\"tab\" tabindex=\"0\" aria-controls=\"elementor-tab-content-2451\" aria-expanded=\"false\">Fichiers<\/div>\n\t\t\t\t\t<div id=\"elementor-tab-content-2451\" class=\"elementor-tab-content elementor-clearfix\" data-tab=\"1\" role=\"tabpanel\" aria-labelledby=\"elementor-tab-title-2451\" tabindex=\"0\" hidden=\"false\"><i class=\"far fa-file-pdf fa-xl\" style=\"font-size:35px\"><\/i><a href=\"https:\/\/www.belleflamme.ca\/wp-content\/uploads\/2023\/12\/100004050_manualtn40_insertenglish021123-32.pdf\"> Manuel<\/a><\/br>\n<i class=\"far fa-file-pdf fa-xl\" style=\"font-size:35px\"><\/i><a href=\"https:\/\/www.belleflamme.ca\/wp-content\/uploads\/2023\/12\/tn40pelletinsertbrochure.pdf\"> Brochure<\/a><\/br><\/div>\n\t\t\t\t\t\t\t<\/div>\n\t\t<\/div>\n\t\t\t\t\t\t<\/div>\n\t\t\t\t<\/div>\n\t\t\t\t\t<\/div>\n\t\t<\/div>\n\t\t\t\t\t<\/div>\n\t\t<\/section>\n\t\t\t\t<\/div>\n\t\t","protected":false},"excerpt":{"rendered":"<p>Simples \u00e0 utiliser et faciles \u00e0 entretenir, les encastrables \u00e0 granul\u00e9s True North constituent une alternative de chauffage au biocarburant \u00e0 combustion propre et \u00e0 faibles \u00e9missions pour votre foyer existant.\u00a0Con\u00e7u pour des performances et une durabilit\u00e9 sup\u00e9rieures, l&#8217;insert \u00e0 granul\u00e9s TN40 est construit en acier \u00e9pais et dispose d&#8217;un large pot de feu pour [&hellip;]<\/p>\n","protected":false},"featured_media":24354,"template":"","meta":{"inline_featured_image":false},"product_brand":[234],"product_cat":[94,92,33],"product_tag":[],"class_list":{"0":"post-24353","1":"product","2":"type-product","3":"status-publish","4":"has-post-thumbnail","6":"product_brand-true-north","7":"product_cat-encastrables-a-granules","8":"product_cat-poeles-foyers-a-granules","9":"product_cat-poeles-et-foyers","11":"first","12":"instock","13":"taxable","14":"shipping-taxable","15":"purchasable","16":"product-type-simple"},"yoast_head":"<!-- This site is optimized with the Yoast SEO Premium plugin v24.2 (Yoast SEO v24.2) - https:\/\/yoast.com\/wordpress\/plugins\/seo\/ -->\n<title>Po\u00eale Encastrable \u00e0 Granules TN40 de True North - Groupe BelleFlamme<\/title>\n<meta name=\"description\" content=\"Po\u00eale Encastrable \u00e0 Granules TN40 de True North vendu et install\u00e9 par le Groupe Belleflamme. Laval, Montr\u00e9al, Gatineau, Drummondville et Saint-Sauveur.\" \/>\n<meta name=\"robots\" content=\"index, follow, max-snippet:-1, max-image-preview:large, max-video-preview:-1\" \/>\n<link rel=\"canonical\" href=\"https:\/\/staging.belleflamme.ca\/fr\/produit\/poele-encastrable-a-granules-tn40-de-true-north\/\" \/>\n<meta property=\"og:locale\" content=\"fr_FR\" \/>\n<meta property=\"og:type\" content=\"article\" \/>\n<meta property=\"og:title\" content=\"Po\u00eale Encastrable \u00e0 Granules TN40 de True North\" \/>\n<meta property=\"og:description\" content=\"Po\u00eale Encastrable \u00e0 Granules TN40 de True North vendu et install\u00e9 par le Groupe Belleflamme. Laval, Montr\u00e9al, Gatineau, Drummondville et Saint-Sauveur.\" \/>\n<meta property=\"og:url\" content=\"https:\/\/staging.belleflamme.ca\/fr\/produit\/poele-encastrable-a-granules-tn40-de-true-north\/\" \/>\n<meta property=\"og:site_name\" content=\"Groupe BelleFlamme\" \/>\n<meta property=\"article:publisher\" content=\"https:\/\/www.facebook.com\/belleflamme.ca\/\" \/>\n<meta property=\"article:modified_time\" content=\"2024-09-24T20:08:46+00:00\" \/>\n<meta property=\"og:image\" content=\"https:\/\/www.belleflamme.ca\/wp-content\/uploads\/2023\/12\/Poele-Encastrable-a-Granules-TN40-de-True-North.webp\" \/>\n\t<meta property=\"og:image:width\" content=\"600\" \/>\n\t<meta property=\"og:image:height\" content=\"600\" \/>\n\t<meta property=\"og:image:type\" content=\"image\/webp\" \/>\n<meta name=\"twitter:card\" content=\"summary_large_image\" \/>\n<meta name=\"twitter:label1\" content=\"Prix\" \/>\n\t<meta name=\"twitter:data1\" content=\"&#036;4,171.00\" \/>\n\t<meta name=\"twitter:label2\" content=\"Disponibilit\u00e9\" \/>\n\t<meta name=\"twitter:data2\" content=\"En stock\" \/>\n<script type=\"application\/ld+json\" class=\"yoast-schema-graph\">{\"@context\":\"https:\/\/schema.org\",\"@graph\":[{\"@type\":[\"WebPage\",\"ItemPage\"],\"@id\":\"https:\/\/staging.belleflamme.ca\/fr\/produit\/poele-encastrable-a-granules-tn40-de-true-north\/\",\"url\":\"https:\/\/staging.belleflamme.ca\/fr\/produit\/poele-encastrable-a-granules-tn40-de-true-north\/\",\"name\":\"Po\u00eale Encastrable \u00e0 Granules TN40 de True North - Groupe BelleFlamme\",\"isPartOf\":{\"@id\":\"https:\/\/www.belleflamme.ca\/fr\/#website\"},\"primaryImageOfPage\":{\"@id\":\"https:\/\/staging.belleflamme.ca\/fr\/produit\/poele-encastrable-a-granules-tn40-de-true-north\/#primaryimage\"},\"image\":{\"@id\":\"https:\/\/staging.belleflamme.ca\/fr\/produit\/poele-encastrable-a-granules-tn40-de-true-north\/#primaryimage\"},\"thumbnailUrl\":\"https:\/\/staging.belleflamme.ca\/wp-content\/uploads\/2023\/12\/Poele-Encastrable-a-Granules-TN40-de-True-North.webp\",\"datePublished\":\"2023-12-04T16:19:32+00:00\",\"dateModified\":\"2024-09-24T20:08:46+00:00\",\"description\":\"Po\u00eale Encastrable \u00e0 Granules TN40 de True North [get_meta_en_fr]\",\"breadcrumb\":{\"@id\":\"https:\/\/staging.belleflamme.ca\/fr\/produit\/poele-encastrable-a-granules-tn40-de-true-north\/#breadcrumb\"},\"inLanguage\":\"fr-FR\",\"potentialAction\":[{\"@type\":\"ReadAction\",\"target\":[\"https:\/\/staging.belleflamme.ca\/fr\/produit\/poele-encastrable-a-granules-tn40-de-true-north\/\"]}]},{\"@type\":\"ImageObject\",\"inLanguage\":\"fr-FR\",\"@id\":\"https:\/\/staging.belleflamme.ca\/fr\/produit\/poele-encastrable-a-granules-tn40-de-true-north\/#primaryimage\",\"url\":\"https:\/\/staging.belleflamme.ca\/wp-content\/uploads\/2023\/12\/Poele-Encastrable-a-Granules-TN40-de-True-North.webp\",\"contentUrl\":\"https:\/\/staging.belleflamme.ca\/wp-content\/uploads\/2023\/12\/Poele-Encastrable-a-Granules-TN40-de-True-North.webp\",\"width\":600,\"height\":600,\"caption\":\"Po\u00eale Encastrable \u00e0 Granules TN40 de True North\"},{\"@type\":\"BreadcrumbList\",\"@id\":\"https:\/\/staging.belleflamme.ca\/fr\/produit\/poele-encastrable-a-granules-tn40-de-true-north\/#breadcrumb\",\"itemListElement\":[{\"@type\":\"ListItem\",\"position\":1,\"name\":\"Accueil\",\"item\":\"https:\/\/www.belleflamme.ca\/fr\/\"},{\"@type\":\"ListItem\",\"position\":2,\"name\":\"Boutique\",\"item\":\"https:\/\/www.belleflamme.ca\/fr\/boutique\/\"},{\"@type\":\"ListItem\",\"position\":3,\"name\":\"Po\u00eales &amp; Foyers\",\"item\":\"https:\/\/staging.belleflamme.ca\/fr\/categories\/poeles-et-foyers\/\"},{\"@type\":\"ListItem\",\"position\":4,\"name\":\"Po\u00eales &amp; Foyers \u00e0 Granules\",\"item\":\"https:\/\/staging.belleflamme.ca\/fr\/categories\/poeles-et-foyers\/poeles-foyers-a-granules\/\"},{\"@type\":\"ListItem\",\"position\":5,\"name\":\"Encastrables \u00e0 Granules\",\"item\":\"https:\/\/staging.belleflamme.ca\/fr\/categories\/poeles-et-foyers\/poeles-foyers-a-granules\/encastrables-a-granules\/\"},{\"@type\":\"ListItem\",\"position\":6,\"name\":\"Po\u00eale Encastrable \u00e0 Granules TN40 de True North\"}]},{\"@type\":\"WebSite\",\"@id\":\"https:\/\/www.belleflamme.ca\/fr\/#website\",\"url\":\"https:\/\/www.belleflamme.ca\/fr\/\",\"name\":\"Groupe Belleflamme\",\"description\":\"La m\u00e9canique du b\u00e2timent dans le sang.\",\"publisher\":{\"@id\":\"https:\/\/www.belleflamme.ca\/fr\/#organization\"},\"potentialAction\":[{\"@type\":\"SearchAction\",\"target\":{\"@type\":\"EntryPoint\",\"urlTemplate\":\"https:\/\/www.belleflamme.ca\/fr\/?s={search_term_string}\"},\"query-input\":{\"@type\":\"PropertyValueSpecification\",\"valueRequired\":true,\"valueName\":\"search_term_string\"}}],\"inLanguage\":\"fr-FR\"},{\"@type\":[\"Organization\",\"Place\"],\"@id\":\"https:\/\/www.belleflamme.ca\/fr\/#organization\",\"name\":\"Groupe Belleflamme\",\"alternateName\":\"Belleflamme\",\"url\":\"https:\/\/www.belleflamme.ca\/fr\/\",\"logo\":{\"@type\":\"ImageObject\",\"inLanguage\":\"fr-FR\",\"@id\":\"https:\/\/www.belleflamme.ca\/fr\/#\/schema\/logo\/image\/\",\"url\":\"https:\/\/staging.belleflamme.ca\/wp-content\/uploads\/2023\/01\/og-image.jpg\",\"contentUrl\":\"https:\/\/staging.belleflamme.ca\/wp-content\/uploads\/2023\/01\/og-image.jpg\",\"width\":1200,\"height\":630,\"caption\":\"Groupe Belleflamme\"},\"image\":{\"@id\":\"https:\/\/www.belleflamme.ca\/fr\/#\/schema\/logo\/image\/\"},\"sameAs\":[\"https:\/\/www.facebook.com\/belleflamme.ca\/\",\"https:\/\/www.linkedin.com\/company\/belleflamme\/\",\"https:\/\/www.pinterest.ca\/groupebelleflamme\/\",\"https:\/\/www.instagram.com\/legroupebelleflamme\/\"],\"mainEntityOfPage\":{\"@id\":\"https:\/\/staging.belleflamme.ca\/fr\/produit\/poele-encastrable-a-granules-tn40-de-true-north\/\"}}]}<\/script>\n<meta property=\"product:brand\" content=\"True North\" \/>\n<meta property=\"product:price:amount\" content=\"4171.00\" \/>\n<meta property=\"product:price:currency\" content=\"CAD\" \/>\n<meta property=\"og:availability\" content=\"instock\" \/>\n<meta property=\"product:availability\" content=\"instock\" \/>\n<meta property=\"product:retailer_item_id\" content=\"33040001\" \/>\n<meta property=\"product:condition\" content=\"new\" \/>\n<!-- \/ Yoast SEO Premium plugin. -->","yoast_head_json":{"title":"Po\u00eale Encastrable \u00e0 Granules TN40 de True North - Groupe BelleFlamme","description":"Po\u00eale Encastrable \u00e0 Granules TN40 de True North vendu et install\u00e9 par le Groupe Belleflamme. Laval, Montr\u00e9al, Gatineau, Drummondville et Saint-Sauveur.","robots":{"index":"index","follow":"follow","max-snippet":"max-snippet:-1","max-image-preview":"max-image-preview:large","max-video-preview":"max-video-preview:-1"},"canonical":"https:\/\/staging.belleflamme.ca\/fr\/produit\/poele-encastrable-a-granules-tn40-de-true-north\/","og_locale":"fr_FR","og_type":"article","og_title":"Po\u00eale Encastrable \u00e0 Granules TN40 de True North","og_description":"Po\u00eale Encastrable \u00e0 Granules TN40 de True North vendu et install\u00e9 par le Groupe Belleflamme. Laval, Montr\u00e9al, Gatineau, Drummondville et Saint-Sauveur.","og_url":"https:\/\/staging.belleflamme.ca\/fr\/produit\/poele-encastrable-a-granules-tn40-de-true-north\/","og_site_name":"Groupe BelleFlamme","article_publisher":"https:\/\/www.facebook.com\/belleflamme.ca\/","article_modified_time":"2024-09-24T20:08:46+00:00","og_image":[{"width":600,"height":600,"url":"https:\/\/www.belleflamme.ca\/wp-content\/uploads\/2023\/12\/Poele-Encastrable-a-Granules-TN40-de-True-North.webp","type":"image\/webp"}],"twitter_card":"summary_large_image","twitter_misc":{"Prix":"&#36;4,171.00","Disponibilit\u00e9":"En stock"},"schema":{"@context":"https:\/\/schema.org","@graph":[{"@type":["WebPage","ItemPage"],"@id":"https:\/\/staging.belleflamme.ca\/fr\/produit\/poele-encastrable-a-granules-tn40-de-true-north\/","url":"https:\/\/staging.belleflamme.ca\/fr\/produit\/poele-encastrable-a-granules-tn40-de-true-north\/","name":"Po\u00eale Encastrable \u00e0 Granules TN40 de True North - Groupe BelleFlamme","isPartOf":{"@id":"https:\/\/www.belleflamme.ca\/fr\/#website"},"primaryImageOfPage":{"@id":"https:\/\/staging.belleflamme.ca\/fr\/produit\/poele-encastrable-a-granules-tn40-de-true-north\/#primaryimage"},"image":{"@id":"https:\/\/staging.belleflamme.ca\/fr\/produit\/poele-encastrable-a-granules-tn40-de-true-north\/#primaryimage"},"thumbnailUrl":"https:\/\/staging.belleflamme.ca\/wp-content\/uploads\/2023\/12\/Poele-Encastrable-a-Granules-TN40-de-True-North.webp","datePublished":"2023-12-04T16:19:32+00:00","dateModified":"2024-09-24T20:08:46+00:00","description":"Po\u00eale Encastrable \u00e0 Granules TN40 de True North [get_meta_en_fr]","breadcrumb":{"@id":"https:\/\/staging.belleflamme.ca\/fr\/produit\/poele-encastrable-a-granules-tn40-de-true-north\/#breadcrumb"},"inLanguage":"fr-FR","potentialAction":[{"@type":"ReadAction","target":["https:\/\/staging.belleflamme.ca\/fr\/produit\/poele-encastrable-a-granules-tn40-de-true-north\/"]}]},{"@type":"ImageObject","inLanguage":"fr-FR","@id":"https:\/\/staging.belleflamme.ca\/fr\/produit\/poele-encastrable-a-granules-tn40-de-true-north\/#primaryimage","url":"https:\/\/staging.belleflamme.ca\/wp-content\/uploads\/2023\/12\/Poele-Encastrable-a-Granules-TN40-de-True-North.webp","contentUrl":"https:\/\/staging.belleflamme.ca\/wp-content\/uploads\/2023\/12\/Poele-Encastrable-a-Granules-TN40-de-True-North.webp","width":600,"height":600,"caption":"Po\u00eale Encastrable \u00e0 Granules TN40 de True North"},{"@type":"BreadcrumbList","@id":"https:\/\/staging.belleflamme.ca\/fr\/produit\/poele-encastrable-a-granules-tn40-de-true-north\/#breadcrumb","itemListElement":[{"@type":"ListItem","position":1,"name":"Accueil","item":"https:\/\/www.belleflamme.ca\/fr\/"},{"@type":"ListItem","position":2,"name":"Boutique","item":"https:\/\/www.belleflamme.ca\/fr\/boutique\/"},{"@type":"ListItem","position":3,"name":"Po\u00eales &amp; Foyers","item":"https:\/\/staging.belleflamme.ca\/fr\/categories\/poeles-et-foyers\/"},{"@type":"ListItem","position":4,"name":"Po\u00eales &amp; Foyers \u00e0 Granules","item":"https:\/\/staging.belleflamme.ca\/fr\/categories\/poeles-et-foyers\/poeles-foyers-a-granules\/"},{"@type":"ListItem","position":5,"name":"Encastrables \u00e0 Granules","item":"https:\/\/staging.belleflamme.ca\/fr\/categories\/poeles-et-foyers\/poeles-foyers-a-granules\/encastrables-a-granules\/"},{"@type":"ListItem","position":6,"name":"Po\u00eale Encastrable \u00e0 Granules TN40 de True North"}]},{"@type":"WebSite","@id":"https:\/\/www.belleflamme.ca\/fr\/#website","url":"https:\/\/www.belleflamme.ca\/fr\/","name":"Groupe Belleflamme","description":"La m\u00e9canique du b\u00e2timent dans le sang.","publisher":{"@id":"https:\/\/www.belleflamme.ca\/fr\/#organization"},"potentialAction":[{"@type":"SearchAction","target":{"@type":"EntryPoint","urlTemplate":"https:\/\/www.belleflamme.ca\/fr\/?s={search_term_string}"},"query-input":{"@type":"PropertyValueSpecification","valueRequired":true,"valueName":"search_term_string"}}],"inLanguage":"fr-FR"},{"@type":["Organization","Place"],"@id":"https:\/\/www.belleflamme.ca\/fr\/#organization","name":"Groupe Belleflamme","alternateName":"Belleflamme","url":"https:\/\/www.belleflamme.ca\/fr\/","logo":{"@type":"ImageObject","inLanguage":"fr-FR","@id":"https:\/\/www.belleflamme.ca\/fr\/#\/schema\/logo\/image\/","url":"https:\/\/staging.belleflamme.ca\/wp-content\/uploads\/2023\/01\/og-image.jpg","contentUrl":"https:\/\/staging.belleflamme.ca\/wp-content\/uploads\/2023\/01\/og-image.jpg","width":1200,"height":630,"caption":"Groupe Belleflamme"},"image":{"@id":"https:\/\/www.belleflamme.ca\/fr\/#\/schema\/logo\/image\/"},"sameAs":["https:\/\/www.facebook.com\/belleflamme.ca\/","https:\/\/www.linkedin.com\/company\/belleflamme\/","https:\/\/www.pinterest.ca\/groupebelleflamme\/","https:\/\/www.instagram.com\/legroupebelleflamme\/"],"mainEntityOfPage":{"@id":"https:\/\/staging.belleflamme.ca\/fr\/produit\/poele-encastrable-a-granules-tn40-de-true-north\/"}}]},"product_brand":"True North","product_price_amount":"4171.00","product_price_currency":"CAD","og_availability":"instock","product_availability":"instock","product_retailer_item_id":"33040001","product_condition":"new"},"_links":{"self":[{"href":"https:\/\/staging.belleflamme.ca\/fr\/wp-json\/wp\/v2\/product\/24353","targetHints":{"allow":["GET"]}}],"collection":[{"href":"https:\/\/staging.belleflamme.ca\/fr\/wp-json\/wp\/v2\/product"}],"about":[{"href":"https:\/\/staging.belleflamme.ca\/fr\/wp-json\/wp\/v2\/types\/product"}],"version-history":[{"count":9,"href":"https:\/\/staging.belleflamme.ca\/fr\/wp-json\/wp\/v2\/product\/24353\/revisions"}],"predecessor-version":[{"id":43272,"href":"https:\/\/staging.belleflamme.ca\/fr\/wp-json\/wp\/v2\/product\/24353\/revisions\/43272"}],"wp:featuredmedia":[{"embeddable":true,"href":"https:\/\/staging.belleflamme.ca\/fr\/wp-json\/wp\/v2\/media\/24354"}],"wp:attachment":[{"href":"https:\/\/staging.belleflamme.ca\/fr\/wp-json\/wp\/v2\/media?parent=24353"}],"wp:term":[{"taxonomy":"product_brand","embeddable":true,"href":"https:\/\/staging.belleflamme.ca\/fr\/wp-json\/wp\/v2\/product_brand?post=24353"},{"taxonomy":"product_cat","embeddable":true,"href":"https:\/\/staging.belleflamme.ca\/fr\/wp-json\/wp\/v2\/product_cat?post=24353"},{"taxonomy":"product_tag","embeddable":true,"href":"https:\/\/staging.belleflamme.ca\/fr\/wp-json\/wp\/v2\/product_tag?post=24353"}],"curies":[{"name":"wp","href":"https:\/\/api.w.org\/{rel}","templated":true}]}}