{"id":24330,"date":"2023-12-04T11:10:09","date_gmt":"2023-12-04T16:10:09","guid":{"rendered":"https:\/\/www.belleflamme.ca\/?post_type=product&#038;p=24330"},"modified":"2024-09-24T16:07:56","modified_gmt":"2024-09-24T20:07:56","slug":"poele-a-granules-tn40-de-true-north","status":"publish","type":"product","link":"https:\/\/staging.belleflamme.ca\/fr\/produit\/poele-a-granules-tn40-de-true-north\/","title":{"rendered":"Po\u00eale \u00e0 Granules TN40 de True North"},"content":{"rendered":"\t\t<div data-elementor-type=\"product-post\" data-elementor-id=\"24330\" class=\"elementor elementor-24330\" data-elementor-post-type=\"product\">\n\t\t\t\t\t\t<section class=\"elementor-section elementor-top-section elementor-element elementor-element-40d8edc0 elementor-section-boxed elementor-section-height-default elementor-section-height-default\" data-id=\"40d8edc0\" data-element_type=\"section\">\n\t\t\t\t\t\t<div class=\"elementor-container elementor-column-gap-default\">\n\t\t\t\t\t<div class=\"elementor-column elementor-col-100 elementor-top-column elementor-element elementor-element-72216888\" data-id=\"72216888\" data-element_type=\"column\">\n\t\t\t<div class=\"elementor-widget-wrap elementor-element-populated\">\n\t\t\t\t\t\t<div class=\"elementor-element elementor-element-38a06723 elementor-widget elementor-widget-text-editor\" data-id=\"38a06723\" data-element_type=\"widget\" data-widget_type=\"text-editor.default\">\n\t\t\t\t<div class=\"elementor-widget-container\">\n\t\t\t\t\t\t\t\t\t<p>Simples \u00e0 utiliser et faciles \u00e0 entretenir, les po\u00eales \u00e0 granul\u00e9s True North constituent une alternative de chauffage au biocarburant \u00e0 combustion propre et \u00e0 faibles \u00e9missions pour votre maison.\u00a0Con\u00e7u pour des performances et une durabilit\u00e9 sup\u00e9rieures, le TN40 est construit en acier \u00e9pais et dispose d&#8217;un large pot \u00e0 feu pour produire des flammes riches et pleines.<\/p><div data-id=\"bb70352\" data-element_type=\"column\"><div><div data-id=\"5a5d564a\" data-element_type=\"widget\" data-widget_type=\"heading.default\"><div><h3>donn\u00e9es techniques<\/h3><\/div><\/div><div data-id=\"11b41ad\" data-element_type=\"widget\" data-widget_type=\"text-editor.default\"><div><p>BTU \u00e9lev\u00e9 40 000<\/p><p><span style=\"color: var( --e-global-color-text ); font-family: var( --e-global-typography-text-font-family ), Sans-serif; font-size: var( --e-global-typography-text-font-size ); font-style: var( --e-global-typography-text-font-style ); font-weight: var( --e-global-typography-text-font-weight ); letter-spacing: var( --e-global-typography-text-letter-spacing ); text-transform: var( --e-global-typography-text-text-transform ); background-color: rgba(255, 255, 255, 0);\">BTU faible 28 200<\/span><\/p><p>Capacit\u00e9 de la tr\u00e9mie jusqu&#8217;\u00e0 80 lb.<\/p><p>Efficacit\u00e9 78,9 %<\/p><p>\u00c9missions 1,36 g\/h.<\/p><\/div><\/div><\/div><\/div><div data-id=\"7977b9af\" data-element_type=\"column\"><div><div data-id=\"1e362fb2\" data-element_type=\"widget\" data-widget_type=\"heading.default\"><div><h3>Caract\u00e9ristiques standards<\/h3><\/div><\/div><div data-id=\"4a78ab95\" data-element_type=\"widget\" data-widget_type=\"text-editor.default\"><div><p>Certifi\u00e9 EPA2020<\/p><p>Approuv\u00e9 pour les maisons mobiles<\/p><p>Commandes num\u00e9riques d&#8217;acc\u00e8s facile<\/p><p>Couvercle de tr\u00e9mie \u00e0 ouverture facile pour le ravitaillement avec interrupteur d&#8217;arr\u00eat de s\u00e9curit\u00e9<\/p><p>Technologie de lavage \u00e0 l&#8217;air en verre propre Rev\u00eatement du pot de combustion en acier inoxydable autonettoyant<\/p><p>Fonctionnement simple \u00e0 3 modes : manuel (automatique, \u00e9lev\u00e9\/faible &#8211; lorsque \u00e9quip\u00e9 d&#8217;un thermostat)<\/p><p>Contr\u00f4le pratique de la chaleur \u00e0 5 niveaux<\/p><p>Fonctionnement compatible avec un thermostat mural en option<\/p><p>Allumeur automatique<\/p><p>Garantie limit\u00e9e<\/p><\/div><\/div><div data-id=\"289f6212\" data-element_type=\"widget\" data-widget_type=\"heading.default\"><div><h3>Options de conception<\/h3><\/div><\/div><div data-id=\"5289fd17\" data-element_type=\"widget\" data-widget_type=\"text-editor.default\"><div><p>Choix de pieds ou de socles noirs m\u00e9tallis\u00e9s<\/p><\/div><\/div><div data-id=\"2b72975d\" data-element_type=\"widget\" data-widget_type=\"heading.default\"><div><h3>Options de performances<\/h3><\/div><\/div><div data-id=\"22f7e8ae\" data-element_type=\"widget\" data-widget_type=\"text-editor.default\"><div><p>Utilisez des granul\u00e9s de bois de qualit\u00e9 sup\u00e9rieure PFI<\/p><\/div><\/div><\/div><\/div>\t\t\t\t\t\t\t\t<\/div>\n\t\t\t\t<\/div>\n\t\t\t\t\t<\/div>\n\t\t<\/div>\n\t\t\t\t\t<\/div>\n\t\t<\/section>\n\t\t\t\t<section class=\"elementor-section elementor-top-section elementor-element elementor-element-c6e50f4 elementor-section-boxed elementor-section-height-default elementor-section-height-default\" data-id=\"c6e50f4\" data-element_type=\"section\">\n\t\t\t\t\t\t<div class=\"elementor-container elementor-column-gap-default\">\n\t\t\t\t\t<div class=\"elementor-column elementor-col-100 elementor-top-column elementor-element elementor-element-c4d0a28\" data-id=\"c4d0a28\" data-element_type=\"column\">\n\t\t\t<div class=\"elementor-widget-wrap elementor-element-populated\">\n\t\t\t\t\t\t<div class=\"elementor-element elementor-element-d586d91 elementor-tabs-view-horizontal elementor-widget elementor-widget-tabs\" data-id=\"d586d91\" data-element_type=\"widget\" data-widget_type=\"tabs.default\">\n\t\t\t\t<div class=\"elementor-widget-container\">\n\t\t\t\t\t\t\t<div class=\"elementor-tabs\">\n\t\t\t<div class=\"elementor-tabs-wrapper\" role=\"tablist\" >\n\t\t\t\t\t\t\t\t\t<div id=\"elementor-tab-title-2231\" class=\"elementor-tab-title elementor-tab-desktop-title\" aria-selected=\"true\" data-tab=\"1\" role=\"tab\" tabindex=\"0\" aria-controls=\"elementor-tab-content-2231\" aria-expanded=\"false\">Fichiers<\/div>\n\t\t\t\t\t\t\t<\/div>\n\t\t\t<div class=\"elementor-tabs-content-wrapper\" role=\"tablist\" aria-orientation=\"vertical\">\n\t\t\t\t\t\t\t\t\t<div class=\"elementor-tab-title elementor-tab-mobile-title\" aria-selected=\"true\" data-tab=\"1\" role=\"tab\" tabindex=\"0\" aria-controls=\"elementor-tab-content-2231\" aria-expanded=\"false\">Fichiers<\/div>\n\t\t\t\t\t<div id=\"elementor-tab-content-2231\" class=\"elementor-tab-content elementor-clearfix\" data-tab=\"1\" role=\"tabpanel\" aria-labelledby=\"elementor-tab-title-2231\" tabindex=\"0\" hidden=\"false\"><i class=\"far fa-file-pdf fa-xl\" style=\"font-size:35px\"><\/i><a href=\"https:\/\/www.belleflamme.ca\/wp-content\/uploads\/2023\/12\/tn40-stove-brochure.pdf\"> Brochure<\/a><\/br>\n<i class=\"far fa-file-pdf fa-xl\" style=\"font-size:35px\"><\/i><a href=\"https:\/\/www.belleflamme.ca\/wp-content\/uploads\/2023\/12\/100001041_tn40_010323-36.pdf\"> Manuel<\/a><\/br><\/div>\n\t\t\t\t\t\t\t<\/div>\n\t\t<\/div>\n\t\t\t\t\t\t<\/div>\n\t\t\t\t<\/div>\n\t\t\t\t\t<\/div>\n\t\t<\/div>\n\t\t\t\t\t<\/div>\n\t\t<\/section>\n\t\t\t\t<\/div>\n\t\t","protected":false},"excerpt":{"rendered":"<p>Simples \u00e0 utiliser et faciles \u00e0 entretenir, les po\u00eales \u00e0 granul\u00e9s True North constituent une alternative de chauffage au biocarburant \u00e0 combustion propre et \u00e0 faibles \u00e9missions pour votre maison.\u00a0Con\u00e7u pour des performances et une durabilit\u00e9 sup\u00e9rieures, le TN40 est construit en acier \u00e9pais et dispose d&#8217;un large pot \u00e0 feu pour produire des flammes [&hellip;]<\/p>\n","protected":false},"featured_media":24331,"template":"","meta":{"inline_featured_image":false},"product_brand":[234],"product_cat":[92,93,33],"product_tag":[],"class_list":{"0":"post-24330","1":"product","2":"type-product","3":"status-publish","4":"has-post-thumbnail","6":"product_brand-true-north","7":"product_cat-poeles-foyers-a-granules","8":"product_cat-poeles-a-granules","9":"product_cat-poeles-et-foyers","11":"first","12":"instock","13":"taxable","14":"shipping-taxable","15":"purchasable","16":"product-type-simple"},"yoast_head":"<!-- This site is optimized with the Yoast SEO Premium plugin v24.2 (Yoast SEO v24.2) - https:\/\/yoast.com\/wordpress\/plugins\/seo\/ -->\n<title>Po\u00eale \u00e0 Granules TN40 de True North - Groupe BelleFlamme<\/title>\n<meta name=\"description\" content=\"Po\u00eale \u00e0 Granules TN40 de True North vendu et install\u00e9 par le Groupe Belleflamme. Laval, Montr\u00e9al, Gatineau, Drummondville et Saint-Sauveur.\" \/>\n<meta name=\"robots\" content=\"index, follow, max-snippet:-1, max-image-preview:large, max-video-preview:-1\" \/>\n<link rel=\"canonical\" href=\"https:\/\/staging.belleflamme.ca\/fr\/produit\/poele-a-granules-tn40-de-true-north\/\" \/>\n<meta property=\"og:locale\" content=\"fr_FR\" \/>\n<meta property=\"og:type\" content=\"article\" \/>\n<meta property=\"og:title\" content=\"Po\u00eale \u00e0 Granules TN40 de True North\" \/>\n<meta property=\"og:description\" content=\"Po\u00eale \u00e0 Granules TN40 de True North vendu et install\u00e9 par le Groupe Belleflamme. Laval, Montr\u00e9al, Gatineau, Drummondville et Saint-Sauveur.\" \/>\n<meta property=\"og:url\" content=\"https:\/\/staging.belleflamme.ca\/fr\/produit\/poele-a-granules-tn40-de-true-north\/\" \/>\n<meta property=\"og:site_name\" content=\"Groupe BelleFlamme\" \/>\n<meta property=\"article:publisher\" content=\"https:\/\/www.facebook.com\/belleflamme.ca\/\" \/>\n<meta property=\"article:modified_time\" content=\"2024-09-24T20:07:56+00:00\" \/>\n<meta property=\"og:image\" content=\"https:\/\/www.belleflamme.ca\/wp-content\/uploads\/2023\/12\/Poele-a-Granules-TN40-de-True-North.webp\" \/>\n\t<meta property=\"og:image:width\" content=\"600\" \/>\n\t<meta property=\"og:image:height\" content=\"600\" \/>\n\t<meta property=\"og:image:type\" content=\"image\/webp\" \/>\n<meta name=\"twitter:card\" content=\"summary_large_image\" \/>\n<meta name=\"twitter:label1\" content=\"Prix\" \/>\n\t<meta name=\"twitter:data1\" content=\"&#036;3,789.00\" \/>\n\t<meta name=\"twitter:label2\" content=\"Disponibilit\u00e9\" \/>\n\t<meta name=\"twitter:data2\" content=\"En stock\" \/>\n<script type=\"application\/ld+json\" class=\"yoast-schema-graph\">{\"@context\":\"https:\/\/schema.org\",\"@graph\":[{\"@type\":[\"WebPage\",\"ItemPage\"],\"@id\":\"https:\/\/staging.belleflamme.ca\/fr\/produit\/poele-a-granules-tn40-de-true-north\/\",\"url\":\"https:\/\/staging.belleflamme.ca\/fr\/produit\/poele-a-granules-tn40-de-true-north\/\",\"name\":\"Po\u00eale \u00e0 Granules TN40 de True North - Groupe BelleFlamme\",\"isPartOf\":{\"@id\":\"https:\/\/www.belleflamme.ca\/fr\/#website\"},\"primaryImageOfPage\":{\"@id\":\"https:\/\/staging.belleflamme.ca\/fr\/produit\/poele-a-granules-tn40-de-true-north\/#primaryimage\"},\"image\":{\"@id\":\"https:\/\/staging.belleflamme.ca\/fr\/produit\/poele-a-granules-tn40-de-true-north\/#primaryimage\"},\"thumbnailUrl\":\"https:\/\/staging.belleflamme.ca\/wp-content\/uploads\/2023\/12\/Poele-a-Granules-TN40-de-True-North.webp\",\"datePublished\":\"2023-12-04T16:10:09+00:00\",\"dateModified\":\"2024-09-24T20:07:56+00:00\",\"description\":\"Po\u00eale \u00e0 Granules TN40 de True North [get_meta_en_fr]\",\"breadcrumb\":{\"@id\":\"https:\/\/staging.belleflamme.ca\/fr\/produit\/poele-a-granules-tn40-de-true-north\/#breadcrumb\"},\"inLanguage\":\"fr-FR\",\"potentialAction\":[{\"@type\":\"ReadAction\",\"target\":[\"https:\/\/staging.belleflamme.ca\/fr\/produit\/poele-a-granules-tn40-de-true-north\/\"]}]},{\"@type\":\"ImageObject\",\"inLanguage\":\"fr-FR\",\"@id\":\"https:\/\/staging.belleflamme.ca\/fr\/produit\/poele-a-granules-tn40-de-true-north\/#primaryimage\",\"url\":\"https:\/\/staging.belleflamme.ca\/wp-content\/uploads\/2023\/12\/Poele-a-Granules-TN40-de-True-North.webp\",\"contentUrl\":\"https:\/\/staging.belleflamme.ca\/wp-content\/uploads\/2023\/12\/Poele-a-Granules-TN40-de-True-North.webp\",\"width\":600,\"height\":600,\"caption\":\"Po\u00eale \u00e0 Granules TN40 de True North\"},{\"@type\":\"BreadcrumbList\",\"@id\":\"https:\/\/staging.belleflamme.ca\/fr\/produit\/poele-a-granules-tn40-de-true-north\/#breadcrumb\",\"itemListElement\":[{\"@type\":\"ListItem\",\"position\":1,\"name\":\"Accueil\",\"item\":\"https:\/\/www.belleflamme.ca\/fr\/\"},{\"@type\":\"ListItem\",\"position\":2,\"name\":\"Boutique\",\"item\":\"https:\/\/www.belleflamme.ca\/fr\/boutique\/\"},{\"@type\":\"ListItem\",\"position\":3,\"name\":\"Po\u00eales &amp; Foyers\",\"item\":\"https:\/\/staging.belleflamme.ca\/fr\/categories\/poeles-et-foyers\/\"},{\"@type\":\"ListItem\",\"position\":4,\"name\":\"Po\u00eales &amp; Foyers \u00e0 Granules\",\"item\":\"https:\/\/staging.belleflamme.ca\/fr\/categories\/poeles-et-foyers\/poeles-foyers-a-granules\/\"},{\"@type\":\"ListItem\",\"position\":5,\"name\":\"Po\u00eales \u00e0 Granules\",\"item\":\"https:\/\/staging.belleflamme.ca\/fr\/categories\/poeles-et-foyers\/poeles-foyers-a-granules\/poeles-a-granules\/\"},{\"@type\":\"ListItem\",\"position\":6,\"name\":\"Po\u00eale \u00e0 Granules TN40 de True North\"}]},{\"@type\":\"WebSite\",\"@id\":\"https:\/\/www.belleflamme.ca\/fr\/#website\",\"url\":\"https:\/\/www.belleflamme.ca\/fr\/\",\"name\":\"Groupe Belleflamme\",\"description\":\"La m\u00e9canique du b\u00e2timent dans le sang.\",\"publisher\":{\"@id\":\"https:\/\/www.belleflamme.ca\/fr\/#organization\"},\"potentialAction\":[{\"@type\":\"SearchAction\",\"target\":{\"@type\":\"EntryPoint\",\"urlTemplate\":\"https:\/\/www.belleflamme.ca\/fr\/?s={search_term_string}\"},\"query-input\":{\"@type\":\"PropertyValueSpecification\",\"valueRequired\":true,\"valueName\":\"search_term_string\"}}],\"inLanguage\":\"fr-FR\"},{\"@type\":[\"Organization\",\"Place\"],\"@id\":\"https:\/\/www.belleflamme.ca\/fr\/#organization\",\"name\":\"Groupe Belleflamme\",\"alternateName\":\"Belleflamme\",\"url\":\"https:\/\/www.belleflamme.ca\/fr\/\",\"logo\":{\"@type\":\"ImageObject\",\"inLanguage\":\"fr-FR\",\"@id\":\"https:\/\/www.belleflamme.ca\/fr\/#\/schema\/logo\/image\/\",\"url\":\"https:\/\/staging.belleflamme.ca\/wp-content\/uploads\/2023\/01\/og-image.jpg\",\"contentUrl\":\"https:\/\/staging.belleflamme.ca\/wp-content\/uploads\/2023\/01\/og-image.jpg\",\"width\":1200,\"height\":630,\"caption\":\"Groupe Belleflamme\"},\"image\":{\"@id\":\"https:\/\/www.belleflamme.ca\/fr\/#\/schema\/logo\/image\/\"},\"sameAs\":[\"https:\/\/www.facebook.com\/belleflamme.ca\/\",\"https:\/\/www.linkedin.com\/company\/belleflamme\/\",\"https:\/\/www.pinterest.ca\/groupebelleflamme\/\",\"https:\/\/www.instagram.com\/legroupebelleflamme\/\"],\"mainEntityOfPage\":{\"@id\":\"https:\/\/staging.belleflamme.ca\/fr\/produit\/poele-a-granules-tn40-de-true-north\/\"}}]}<\/script>\n<meta property=\"product:brand\" content=\"True North\" \/>\n<meta property=\"product:price:amount\" content=\"3789.00\" \/>\n<meta property=\"product:price:currency\" content=\"CAD\" \/>\n<meta property=\"og:availability\" content=\"instock\" \/>\n<meta property=\"product:availability\" content=\"instock\" \/>\n<meta property=\"product:retailer_item_id\" content=\"33010001\" \/>\n<meta property=\"product:condition\" content=\"new\" \/>\n<!-- \/ Yoast SEO Premium plugin. -->","yoast_head_json":{"title":"Po\u00eale \u00e0 Granules TN40 de True North - Groupe BelleFlamme","description":"Po\u00eale \u00e0 Granules TN40 de True North vendu et install\u00e9 par le Groupe Belleflamme. Laval, Montr\u00e9al, Gatineau, Drummondville et Saint-Sauveur.","robots":{"index":"index","follow":"follow","max-snippet":"max-snippet:-1","max-image-preview":"max-image-preview:large","max-video-preview":"max-video-preview:-1"},"canonical":"https:\/\/staging.belleflamme.ca\/fr\/produit\/poele-a-granules-tn40-de-true-north\/","og_locale":"fr_FR","og_type":"article","og_title":"Po\u00eale \u00e0 Granules TN40 de True North","og_description":"Po\u00eale \u00e0 Granules TN40 de True North vendu et install\u00e9 par le Groupe Belleflamme. Laval, Montr\u00e9al, Gatineau, Drummondville et Saint-Sauveur.","og_url":"https:\/\/staging.belleflamme.ca\/fr\/produit\/poele-a-granules-tn40-de-true-north\/","og_site_name":"Groupe BelleFlamme","article_publisher":"https:\/\/www.facebook.com\/belleflamme.ca\/","article_modified_time":"2024-09-24T20:07:56+00:00","og_image":[{"width":600,"height":600,"url":"https:\/\/www.belleflamme.ca\/wp-content\/uploads\/2023\/12\/Poele-a-Granules-TN40-de-True-North.webp","type":"image\/webp"}],"twitter_card":"summary_large_image","twitter_misc":{"Prix":"&#36;3,789.00","Disponibilit\u00e9":"En stock"},"schema":{"@context":"https:\/\/schema.org","@graph":[{"@type":["WebPage","ItemPage"],"@id":"https:\/\/staging.belleflamme.ca\/fr\/produit\/poele-a-granules-tn40-de-true-north\/","url":"https:\/\/staging.belleflamme.ca\/fr\/produit\/poele-a-granules-tn40-de-true-north\/","name":"Po\u00eale \u00e0 Granules TN40 de True North - Groupe BelleFlamme","isPartOf":{"@id":"https:\/\/www.belleflamme.ca\/fr\/#website"},"primaryImageOfPage":{"@id":"https:\/\/staging.belleflamme.ca\/fr\/produit\/poele-a-granules-tn40-de-true-north\/#primaryimage"},"image":{"@id":"https:\/\/staging.belleflamme.ca\/fr\/produit\/poele-a-granules-tn40-de-true-north\/#primaryimage"},"thumbnailUrl":"https:\/\/staging.belleflamme.ca\/wp-content\/uploads\/2023\/12\/Poele-a-Granules-TN40-de-True-North.webp","datePublished":"2023-12-04T16:10:09+00:00","dateModified":"2024-09-24T20:07:56+00:00","description":"Po\u00eale \u00e0 Granules TN40 de True North [get_meta_en_fr]","breadcrumb":{"@id":"https:\/\/staging.belleflamme.ca\/fr\/produit\/poele-a-granules-tn40-de-true-north\/#breadcrumb"},"inLanguage":"fr-FR","potentialAction":[{"@type":"ReadAction","target":["https:\/\/staging.belleflamme.ca\/fr\/produit\/poele-a-granules-tn40-de-true-north\/"]}]},{"@type":"ImageObject","inLanguage":"fr-FR","@id":"https:\/\/staging.belleflamme.ca\/fr\/produit\/poele-a-granules-tn40-de-true-north\/#primaryimage","url":"https:\/\/staging.belleflamme.ca\/wp-content\/uploads\/2023\/12\/Poele-a-Granules-TN40-de-True-North.webp","contentUrl":"https:\/\/staging.belleflamme.ca\/wp-content\/uploads\/2023\/12\/Poele-a-Granules-TN40-de-True-North.webp","width":600,"height":600,"caption":"Po\u00eale \u00e0 Granules TN40 de True North"},{"@type":"BreadcrumbList","@id":"https:\/\/staging.belleflamme.ca\/fr\/produit\/poele-a-granules-tn40-de-true-north\/#breadcrumb","itemListElement":[{"@type":"ListItem","position":1,"name":"Accueil","item":"https:\/\/www.belleflamme.ca\/fr\/"},{"@type":"ListItem","position":2,"name":"Boutique","item":"https:\/\/www.belleflamme.ca\/fr\/boutique\/"},{"@type":"ListItem","position":3,"name":"Po\u00eales &amp; Foyers","item":"https:\/\/staging.belleflamme.ca\/fr\/categories\/poeles-et-foyers\/"},{"@type":"ListItem","position":4,"name":"Po\u00eales &amp; Foyers \u00e0 Granules","item":"https:\/\/staging.belleflamme.ca\/fr\/categories\/poeles-et-foyers\/poeles-foyers-a-granules\/"},{"@type":"ListItem","position":5,"name":"Po\u00eales \u00e0 Granules","item":"https:\/\/staging.belleflamme.ca\/fr\/categories\/poeles-et-foyers\/poeles-foyers-a-granules\/poeles-a-granules\/"},{"@type":"ListItem","position":6,"name":"Po\u00eale \u00e0 Granules TN40 de True North"}]},{"@type":"WebSite","@id":"https:\/\/www.belleflamme.ca\/fr\/#website","url":"https:\/\/www.belleflamme.ca\/fr\/","name":"Groupe Belleflamme","description":"La m\u00e9canique du b\u00e2timent dans le sang.","publisher":{"@id":"https:\/\/www.belleflamme.ca\/fr\/#organization"},"potentialAction":[{"@type":"SearchAction","target":{"@type":"EntryPoint","urlTemplate":"https:\/\/www.belleflamme.ca\/fr\/?s={search_term_string}"},"query-input":{"@type":"PropertyValueSpecification","valueRequired":true,"valueName":"search_term_string"}}],"inLanguage":"fr-FR"},{"@type":["Organization","Place"],"@id":"https:\/\/www.belleflamme.ca\/fr\/#organization","name":"Groupe Belleflamme","alternateName":"Belleflamme","url":"https:\/\/www.belleflamme.ca\/fr\/","logo":{"@type":"ImageObject","inLanguage":"fr-FR","@id":"https:\/\/www.belleflamme.ca\/fr\/#\/schema\/logo\/image\/","url":"https:\/\/staging.belleflamme.ca\/wp-content\/uploads\/2023\/01\/og-image.jpg","contentUrl":"https:\/\/staging.belleflamme.ca\/wp-content\/uploads\/2023\/01\/og-image.jpg","width":1200,"height":630,"caption":"Groupe Belleflamme"},"image":{"@id":"https:\/\/www.belleflamme.ca\/fr\/#\/schema\/logo\/image\/"},"sameAs":["https:\/\/www.facebook.com\/belleflamme.ca\/","https:\/\/www.linkedin.com\/company\/belleflamme\/","https:\/\/www.pinterest.ca\/groupebelleflamme\/","https:\/\/www.instagram.com\/legroupebelleflamme\/"],"mainEntityOfPage":{"@id":"https:\/\/staging.belleflamme.ca\/fr\/produit\/poele-a-granules-tn40-de-true-north\/"}}]},"product_brand":"True North","product_price_amount":"3789.00","product_price_currency":"CAD","og_availability":"instock","product_availability":"instock","product_retailer_item_id":"33010001","product_condition":"new"},"_links":{"self":[{"href":"https:\/\/staging.belleflamme.ca\/fr\/wp-json\/wp\/v2\/product\/24330","targetHints":{"allow":["GET"]}}],"collection":[{"href":"https:\/\/staging.belleflamme.ca\/fr\/wp-json\/wp\/v2\/product"}],"about":[{"href":"https:\/\/staging.belleflamme.ca\/fr\/wp-json\/wp\/v2\/types\/product"}],"version-history":[{"count":8,"href":"https:\/\/staging.belleflamme.ca\/fr\/wp-json\/wp\/v2\/product\/24330\/revisions"}],"predecessor-version":[{"id":43271,"href":"https:\/\/staging.belleflamme.ca\/fr\/wp-json\/wp\/v2\/product\/24330\/revisions\/43271"}],"wp:featuredmedia":[{"embeddable":true,"href":"https:\/\/staging.belleflamme.ca\/fr\/wp-json\/wp\/v2\/media\/24331"}],"wp:attachment":[{"href":"https:\/\/staging.belleflamme.ca\/fr\/wp-json\/wp\/v2\/media?parent=24330"}],"wp:term":[{"taxonomy":"product_brand","embeddable":true,"href":"https:\/\/staging.belleflamme.ca\/fr\/wp-json\/wp\/v2\/product_brand?post=24330"},{"taxonomy":"product_cat","embeddable":true,"href":"https:\/\/staging.belleflamme.ca\/fr\/wp-json\/wp\/v2\/product_cat?post=24330"},{"taxonomy":"product_tag","embeddable":true,"href":"https:\/\/staging.belleflamme.ca\/fr\/wp-json\/wp\/v2\/product_tag?post=24330"}],"curies":[{"name":"wp","href":"https:\/\/api.w.org\/{rel}","templated":true}]}}