{"id":24297,"date":"2023-12-04T10:50:11","date_gmt":"2023-12-04T15:50:11","guid":{"rendered":"https:\/\/www.belleflamme.ca\/?post_type=product&#038;p=24297"},"modified":"2024-10-31T16:40:34","modified_gmt":"2024-10-31T20:40:34","slug":"poele-a-bois-tn20-de-true-north","status":"publish","type":"product","link":"https:\/\/staging.belleflamme.ca\/fr\/produit\/poele-a-bois-tn20-de-true-north\/","title":{"rendered":"Po\u00eale \u00e0 bois TN20 de True North"},"content":{"rendered":"\t\t<div data-elementor-type=\"product-post\" data-elementor-id=\"24297\" class=\"elementor elementor-24297\" data-elementor-post-type=\"product\">\n\t\t\t\t\t\t<section class=\"elementor-section elementor-top-section elementor-element elementor-element-41c88b70 elementor-section-boxed elementor-section-height-default elementor-section-height-default\" data-id=\"41c88b70\" data-element_type=\"section\">\n\t\t\t\t\t\t<div class=\"elementor-container elementor-column-gap-default\">\n\t\t\t\t\t<div class=\"elementor-column elementor-col-100 elementor-top-column elementor-element elementor-element-47c13f79\" data-id=\"47c13f79\" data-element_type=\"column\">\n\t\t\t<div class=\"elementor-widget-wrap elementor-element-populated\">\n\t\t\t\t\t\t<div class=\"elementor-element elementor-element-68257f6 elementor-widget elementor-widget-text-editor\" data-id=\"68257f6\" data-element_type=\"widget\" data-widget_type=\"text-editor.default\">\n\t\t\t\t<div class=\"elementor-widget-container\">\n\t\t\t\t\t\t\t\t\t<span>Le TN20 est \u00e9quip\u00e9 de tubes d&#8217;entr\u00e9e de gamme faisant partie du syst\u00e8me de combustion, offrant une solution rentable pour le po\u00eale \u00e0 bois soucieux du prix.\u00a0<\/span><span>Construit en acier standard de calibre 10, le TN20 est dot\u00e9 d&#8217;une porte en fonte avec joint d&#8217;\u00e9tanch\u00e9it\u00e9, d&#8217;un lavage \u00e0 l&#8217;air en verre propre et d&#8217;un rendement \u00e9lev\u00e9.\u00a0<\/span><span>Disponible avec pieds ou sur socle, le TN20 offre un rapport co\u00fbt\/performance exceptionnel.<\/span>\r\n<div data-id=\"bb70352\" data-element_type=\"column\">\r\n<div>\r\n<div data-id=\"5a5d564a\" data-element_type=\"widget\" data-widget_type=\"heading.default\">\r\n<div>\r\n<h3>donn\u00e9es techniques<\/h3>\r\n<\/div>\r\n<\/div>\r\n<div data-id=\"11b41ad\" data-element_type=\"widget\" data-widget_type=\"text-editor.default\">\r\n<div>\r\n\r\nPuissance thermique Cordon Bois (BTU) 60 000 BTU\r\nPuissance thermique EPA (BTU) 13 900-29 200 BTU\r\nEfficacit\u00e9 72,7 % (HHV)\r\n\u00c9missions 1,6 g\/h.\r\nTaille de la chambre de combustion 2,0 pi.cu.\u00a0Taille des b\u00fbches (max.) 18 po.\r\n\r\n<\/div>\r\n<\/div>\r\n<\/div>\r\n<\/div>\r\n<div data-id=\"7977b9af\" data-element_type=\"column\">\r\n<div>\r\n<div data-id=\"1e362fb2\" data-element_type=\"widget\" data-widget_type=\"heading.default\">\r\n<div>\r\n<h3>Caract\u00e9ristiques standards<\/h3>\r\n<\/div>\r\n<\/div>\r\n<div data-id=\"4a78ab95\" data-element_type=\"widget\" data-widget_type=\"text-editor.default\">\r\n<div>\r\n\r\nTechnologie fiable et durable sans catalytique Syst\u00e8me de lavage d&#8217;air\r\ncertifi\u00e9 EPA2020\r\npour une vitre en c\u00e9ramique ultra propre\r\nCompatible avec l&#8217;air de combustion int\u00e9rieur et ext\u00e9rieur\r\nDessus en t\u00f4le d&#8217;acier \u00e9paisse\r\nApprouv\u00e9 pour les maisons mobiles\r\nCommande d&#8217;air \u00e0 levier unique\r\nPorte en fonte\r\n\r\n<\/div>\r\n<\/div>\r\n<div data-id=\"289f6212\" data-element_type=\"widget\" data-widget_type=\"heading.default\">\r\n<div>\r\n<h3>Options de conception<\/h3>\r\n<\/div>\r\n<\/div>\r\n<div data-id=\"5289fd17\" data-element_type=\"widget\" data-widget_type=\"text-editor.default\">\r\n<div>\r\n\r\nChoix de pieds ou de socles noirs m\u00e9tallis\u00e9s\r\n\r\n<\/div>\r\n<\/div>\r\n<div data-id=\"2b72975d\" data-element_type=\"widget\" data-widget_type=\"heading.default\">\r\n<div>\r\n<h3>Options de performances<\/h3>\r\n<\/div>\r\n<\/div>\r\n<div data-id=\"22f7e8ae\" data-element_type=\"widget\" data-widget_type=\"text-editor.default\">\r\n<div>\r\n\r\nSouffleur \u00e0 convection de 80 cfm\r\n\r\n<\/div>\r\n<\/div>\r\n<\/div>\r\n<\/div>\t\t\t\t\t\t\t\t<\/div>\n\t\t\t\t<\/div>\n\t\t\t\t<div class=\"elementor-element elementor-element-e2a5851 elementor-tabs-view-horizontal elementor-widget elementor-widget-tabs\" data-id=\"e2a5851\" data-element_type=\"widget\" data-widget_type=\"tabs.default\">\n\t\t\t\t<div class=\"elementor-widget-container\">\n\t\t\t\t\t\t\t<div class=\"elementor-tabs\">\n\t\t\t<div class=\"elementor-tabs-wrapper\" role=\"tablist\" >\n\t\t\t\t\t\t\t\t\t<div id=\"elementor-tab-title-2371\" class=\"elementor-tab-title elementor-tab-desktop-title\" aria-selected=\"true\" data-tab=\"1\" role=\"tab\" tabindex=\"0\" aria-controls=\"elementor-tab-content-2371\" aria-expanded=\"false\">Fichiers<\/div>\n\t\t\t\t\t\t\t<\/div>\n\t\t\t<div class=\"elementor-tabs-content-wrapper\" role=\"tablist\" aria-orientation=\"vertical\">\n\t\t\t\t\t\t\t\t\t<div class=\"elementor-tab-title elementor-tab-mobile-title\" aria-selected=\"true\" data-tab=\"1\" role=\"tab\" tabindex=\"0\" aria-controls=\"elementor-tab-content-2371\" aria-expanded=\"false\">Fichiers<\/div>\n\t\t\t\t\t<div id=\"elementor-tab-content-2371\" class=\"elementor-tab-content elementor-clearfix\" data-tab=\"1\" role=\"tabpanel\" aria-labelledby=\"elementor-tab-title-2371\" tabindex=\"0\" hidden=\"false\"><i class=\"far fa-file-pdf fa-xl\" style=\"font-size:35px\"><\/i><a href=\"https:\/\/www.belleflamme.ca\/wp-content\/uploads\/2023\/12\/100000064_tn20-b_050523-28.pdf\"> Manuel<\/a><\/br>\n<i class=\"far fa-file-pdf fa-xl\" style=\"font-size:35px\"><\/i><a href=\"https:\/\/www.belleflamme.ca\/wp-content\/uploads\/2023\/12\/2019_tn_wood_brochure.pdf\"> Brochure<\/a><\/br><\/div>\n\t\t\t\t\t\t\t<\/div>\n\t\t<\/div>\n\t\t\t\t\t\t<\/div>\n\t\t\t\t<\/div>\n\t\t\t\t\t<\/div>\n\t\t<\/div>\n\t\t\t\t\t<\/div>\n\t\t<\/section>\n\t\t\t\t<\/div>\n\t\t","protected":false},"excerpt":{"rendered":"<p>Le TN20 est \u00e9quip\u00e9 de tubes d&#8217;entr\u00e9e de gamme faisant partie du syst\u00e8me de combustion, offrant une solution rentable pour le po\u00eale \u00e0 bois soucieux du prix.\u00a0Construit en acier standard de calibre 10, le TN20 est dot\u00e9 d&#8217;une porte en fonte avec joint d&#8217;\u00e9tanch\u00e9it\u00e9, d&#8217;un lavage \u00e0 l&#8217;air en verre propre et d&#8217;un rendement \u00e9lev\u00e9.\u00a0Disponible [&hellip;]<\/p>\n","protected":false},"featured_media":24298,"template":"","meta":{"inline_featured_image":false},"product_brand":[234],"product_cat":[197,33,34],"product_tag":[],"class_list":{"0":"post-24297","1":"product","2":"type-product","3":"status-publish","4":"has-post-thumbnail","6":"product_brand-true-north","7":"product_cat-poele-au-bois","8":"product_cat-poeles-et-foyers","9":"product_cat-poeles-et-foyers-au-bois","11":"first","12":"instock","13":"taxable","14":"shipping-taxable","15":"purchasable","16":"product-type-simple"},"yoast_head":"<!-- This site is optimized with the Yoast SEO Premium plugin v24.2 (Yoast SEO v24.2) - https:\/\/yoast.com\/wordpress\/plugins\/seo\/ -->\n<title>Po\u00eale \u00e0 bois TN20 de True North - Groupe BelleFlamme<\/title>\n<meta name=\"description\" content=\"Po\u00eale \u00e0 bois TN20 de True North vendu et install\u00e9 par le Groupe Belleflamme. Laval, Montr\u00e9al, Gatineau, Drummondville et Saint-Sauveur.\" \/>\n<meta name=\"robots\" content=\"index, follow, max-snippet:-1, max-image-preview:large, max-video-preview:-1\" \/>\n<link rel=\"canonical\" href=\"https:\/\/staging.belleflamme.ca\/fr\/produit\/poele-a-bois-tn20-de-true-north\/\" \/>\n<meta property=\"og:locale\" content=\"fr_FR\" \/>\n<meta property=\"og:type\" content=\"article\" \/>\n<meta property=\"og:title\" content=\"Po\u00eale \u00e0 bois TN20 de True North\" \/>\n<meta property=\"og:description\" content=\"Po\u00eale \u00e0 bois TN20 de True North vendu et install\u00e9 par le Groupe Belleflamme. Laval, Montr\u00e9al, Gatineau, Drummondville et Saint-Sauveur.\" \/>\n<meta property=\"og:url\" content=\"https:\/\/staging.belleflamme.ca\/fr\/produit\/poele-a-bois-tn20-de-true-north\/\" \/>\n<meta property=\"og:site_name\" content=\"Groupe BelleFlamme\" \/>\n<meta property=\"article:publisher\" content=\"https:\/\/www.facebook.com\/belleflamme.ca\/\" \/>\n<meta property=\"article:modified_time\" content=\"2024-10-31T20:40:34+00:00\" \/>\n<meta property=\"og:image\" content=\"https:\/\/www.belleflamme.ca\/wp-content\/uploads\/2023\/12\/Poele-a-bois-TN20-de-True-North.webp\" \/>\n\t<meta property=\"og:image:width\" content=\"600\" \/>\n\t<meta property=\"og:image:height\" content=\"600\" \/>\n\t<meta property=\"og:image:type\" content=\"image\/webp\" \/>\n<meta name=\"twitter:card\" content=\"summary_large_image\" \/>\n<meta name=\"twitter:label1\" content=\"Prix\" \/>\n\t<meta name=\"twitter:data1\" content=\"&#036;1,999.00\" \/>\n\t<meta name=\"twitter:label2\" content=\"Disponibilit\u00e9\" \/>\n\t<meta name=\"twitter:data2\" content=\"En stock\" \/>\n<script type=\"application\/ld+json\" class=\"yoast-schema-graph\">{\"@context\":\"https:\/\/schema.org\",\"@graph\":[{\"@type\":[\"WebPage\",\"ItemPage\"],\"@id\":\"https:\/\/staging.belleflamme.ca\/fr\/produit\/poele-a-bois-tn20-de-true-north\/\",\"url\":\"https:\/\/staging.belleflamme.ca\/fr\/produit\/poele-a-bois-tn20-de-true-north\/\",\"name\":\"Po\u00eale \u00e0 bois TN20 de True North - Groupe BelleFlamme\",\"isPartOf\":{\"@id\":\"https:\/\/www.belleflamme.ca\/fr\/#website\"},\"primaryImageOfPage\":{\"@id\":\"https:\/\/staging.belleflamme.ca\/fr\/produit\/poele-a-bois-tn20-de-true-north\/#primaryimage\"},\"image\":{\"@id\":\"https:\/\/staging.belleflamme.ca\/fr\/produit\/poele-a-bois-tn20-de-true-north\/#primaryimage\"},\"thumbnailUrl\":\"https:\/\/staging.belleflamme.ca\/wp-content\/uploads\/2023\/12\/Poele-a-bois-TN20-de-True-North.webp\",\"datePublished\":\"2023-12-04T15:50:11+00:00\",\"dateModified\":\"2024-10-31T20:40:34+00:00\",\"description\":\"Po\u00eale \u00e0 bois TN20 de True North [get_meta_en_fr]\",\"breadcrumb\":{\"@id\":\"https:\/\/staging.belleflamme.ca\/fr\/produit\/poele-a-bois-tn20-de-true-north\/#breadcrumb\"},\"inLanguage\":\"fr-FR\",\"potentialAction\":[{\"@type\":\"ReadAction\",\"target\":[\"https:\/\/staging.belleflamme.ca\/fr\/produit\/poele-a-bois-tn20-de-true-north\/\"]}]},{\"@type\":\"ImageObject\",\"inLanguage\":\"fr-FR\",\"@id\":\"https:\/\/staging.belleflamme.ca\/fr\/produit\/poele-a-bois-tn20-de-true-north\/#primaryimage\",\"url\":\"https:\/\/staging.belleflamme.ca\/wp-content\/uploads\/2023\/12\/Poele-a-bois-TN20-de-True-North.webp\",\"contentUrl\":\"https:\/\/staging.belleflamme.ca\/wp-content\/uploads\/2023\/12\/Poele-a-bois-TN20-de-True-North.webp\",\"width\":600,\"height\":600,\"caption\":\"Po\u00eale \u00e0 bois TN20 de True North\"},{\"@type\":\"BreadcrumbList\",\"@id\":\"https:\/\/staging.belleflamme.ca\/fr\/produit\/poele-a-bois-tn20-de-true-north\/#breadcrumb\",\"itemListElement\":[{\"@type\":\"ListItem\",\"position\":1,\"name\":\"Accueil\",\"item\":\"https:\/\/www.belleflamme.ca\/fr\/\"},{\"@type\":\"ListItem\",\"position\":2,\"name\":\"Boutique\",\"item\":\"https:\/\/www.belleflamme.ca\/fr\/boutique\/\"},{\"@type\":\"ListItem\",\"position\":3,\"name\":\"Po\u00eales &amp; Foyers\",\"item\":\"https:\/\/staging.belleflamme.ca\/fr\/categories\/poeles-et-foyers\/\"},{\"@type\":\"ListItem\",\"position\":4,\"name\":\"Po\u00eales &amp; Foyers au Bois\",\"item\":\"https:\/\/staging.belleflamme.ca\/fr\/categories\/poeles-et-foyers\/poeles-et-foyers-au-bois\/\"},{\"@type\":\"ListItem\",\"position\":5,\"name\":\"Po\u00eale au Bois\",\"item\":\"https:\/\/staging.belleflamme.ca\/fr\/categories\/poeles-et-foyers\/poeles-et-foyers-au-bois\/poele-au-bois\/\"},{\"@type\":\"ListItem\",\"position\":6,\"name\":\"Po\u00eale \u00e0 bois TN20 de True North\"}]},{\"@type\":\"WebSite\",\"@id\":\"https:\/\/www.belleflamme.ca\/fr\/#website\",\"url\":\"https:\/\/www.belleflamme.ca\/fr\/\",\"name\":\"Groupe Belleflamme\",\"description\":\"La m\u00e9canique du b\u00e2timent dans le sang.\",\"publisher\":{\"@id\":\"https:\/\/www.belleflamme.ca\/fr\/#organization\"},\"potentialAction\":[{\"@type\":\"SearchAction\",\"target\":{\"@type\":\"EntryPoint\",\"urlTemplate\":\"https:\/\/www.belleflamme.ca\/fr\/?s={search_term_string}\"},\"query-input\":{\"@type\":\"PropertyValueSpecification\",\"valueRequired\":true,\"valueName\":\"search_term_string\"}}],\"inLanguage\":\"fr-FR\"},{\"@type\":[\"Organization\",\"Place\"],\"@id\":\"https:\/\/www.belleflamme.ca\/fr\/#organization\",\"name\":\"Groupe Belleflamme\",\"alternateName\":\"Belleflamme\",\"url\":\"https:\/\/www.belleflamme.ca\/fr\/\",\"logo\":{\"@type\":\"ImageObject\",\"inLanguage\":\"fr-FR\",\"@id\":\"https:\/\/www.belleflamme.ca\/fr\/#\/schema\/logo\/image\/\",\"url\":\"https:\/\/staging.belleflamme.ca\/wp-content\/uploads\/2023\/01\/og-image.jpg\",\"contentUrl\":\"https:\/\/staging.belleflamme.ca\/wp-content\/uploads\/2023\/01\/og-image.jpg\",\"width\":1200,\"height\":630,\"caption\":\"Groupe Belleflamme\"},\"image\":{\"@id\":\"https:\/\/www.belleflamme.ca\/fr\/#\/schema\/logo\/image\/\"},\"sameAs\":[\"https:\/\/www.facebook.com\/belleflamme.ca\/\",\"https:\/\/www.linkedin.com\/company\/belleflamme\/\",\"https:\/\/www.pinterest.ca\/groupebelleflamme\/\",\"https:\/\/www.instagram.com\/legroupebelleflamme\/\"],\"mainEntityOfPage\":{\"@id\":\"https:\/\/staging.belleflamme.ca\/fr\/produit\/poele-a-bois-tn20-de-true-north\/\"}}]}<\/script>\n<meta property=\"product:brand\" content=\"True North\" \/>\n<meta property=\"product:price:amount\" content=\"1999.00\" \/>\n<meta property=\"product:price:currency\" content=\"CAD\" \/>\n<meta property=\"og:availability\" content=\"instock\" \/>\n<meta property=\"product:availability\" content=\"instock\" \/>\n<meta property=\"product:retailer_item_id\" content=\"31010009\" \/>\n<meta property=\"product:condition\" content=\"new\" \/>\n<!-- \/ Yoast SEO Premium plugin. -->","yoast_head_json":{"title":"Po\u00eale \u00e0 bois TN20 de True North - Groupe BelleFlamme","description":"Po\u00eale \u00e0 bois TN20 de True North vendu et install\u00e9 par le Groupe Belleflamme. Laval, Montr\u00e9al, Gatineau, Drummondville et Saint-Sauveur.","robots":{"index":"index","follow":"follow","max-snippet":"max-snippet:-1","max-image-preview":"max-image-preview:large","max-video-preview":"max-video-preview:-1"},"canonical":"https:\/\/staging.belleflamme.ca\/fr\/produit\/poele-a-bois-tn20-de-true-north\/","og_locale":"fr_FR","og_type":"article","og_title":"Po\u00eale \u00e0 bois TN20 de True North","og_description":"Po\u00eale \u00e0 bois TN20 de True North vendu et install\u00e9 par le Groupe Belleflamme. Laval, Montr\u00e9al, Gatineau, Drummondville et Saint-Sauveur.","og_url":"https:\/\/staging.belleflamme.ca\/fr\/produit\/poele-a-bois-tn20-de-true-north\/","og_site_name":"Groupe BelleFlamme","article_publisher":"https:\/\/www.facebook.com\/belleflamme.ca\/","article_modified_time":"2024-10-31T20:40:34+00:00","og_image":[{"width":600,"height":600,"url":"https:\/\/www.belleflamme.ca\/wp-content\/uploads\/2023\/12\/Poele-a-bois-TN20-de-True-North.webp","type":"image\/webp"}],"twitter_card":"summary_large_image","twitter_misc":{"Prix":"&#36;1,999.00","Disponibilit\u00e9":"En stock"},"schema":{"@context":"https:\/\/schema.org","@graph":[{"@type":["WebPage","ItemPage"],"@id":"https:\/\/staging.belleflamme.ca\/fr\/produit\/poele-a-bois-tn20-de-true-north\/","url":"https:\/\/staging.belleflamme.ca\/fr\/produit\/poele-a-bois-tn20-de-true-north\/","name":"Po\u00eale \u00e0 bois TN20 de True North - Groupe BelleFlamme","isPartOf":{"@id":"https:\/\/www.belleflamme.ca\/fr\/#website"},"primaryImageOfPage":{"@id":"https:\/\/staging.belleflamme.ca\/fr\/produit\/poele-a-bois-tn20-de-true-north\/#primaryimage"},"image":{"@id":"https:\/\/staging.belleflamme.ca\/fr\/produit\/poele-a-bois-tn20-de-true-north\/#primaryimage"},"thumbnailUrl":"https:\/\/staging.belleflamme.ca\/wp-content\/uploads\/2023\/12\/Poele-a-bois-TN20-de-True-North.webp","datePublished":"2023-12-04T15:50:11+00:00","dateModified":"2024-10-31T20:40:34+00:00","description":"Po\u00eale \u00e0 bois TN20 de True North [get_meta_en_fr]","breadcrumb":{"@id":"https:\/\/staging.belleflamme.ca\/fr\/produit\/poele-a-bois-tn20-de-true-north\/#breadcrumb"},"inLanguage":"fr-FR","potentialAction":[{"@type":"ReadAction","target":["https:\/\/staging.belleflamme.ca\/fr\/produit\/poele-a-bois-tn20-de-true-north\/"]}]},{"@type":"ImageObject","inLanguage":"fr-FR","@id":"https:\/\/staging.belleflamme.ca\/fr\/produit\/poele-a-bois-tn20-de-true-north\/#primaryimage","url":"https:\/\/staging.belleflamme.ca\/wp-content\/uploads\/2023\/12\/Poele-a-bois-TN20-de-True-North.webp","contentUrl":"https:\/\/staging.belleflamme.ca\/wp-content\/uploads\/2023\/12\/Poele-a-bois-TN20-de-True-North.webp","width":600,"height":600,"caption":"Po\u00eale \u00e0 bois TN20 de True North"},{"@type":"BreadcrumbList","@id":"https:\/\/staging.belleflamme.ca\/fr\/produit\/poele-a-bois-tn20-de-true-north\/#breadcrumb","itemListElement":[{"@type":"ListItem","position":1,"name":"Accueil","item":"https:\/\/www.belleflamme.ca\/fr\/"},{"@type":"ListItem","position":2,"name":"Boutique","item":"https:\/\/www.belleflamme.ca\/fr\/boutique\/"},{"@type":"ListItem","position":3,"name":"Po\u00eales &amp; Foyers","item":"https:\/\/staging.belleflamme.ca\/fr\/categories\/poeles-et-foyers\/"},{"@type":"ListItem","position":4,"name":"Po\u00eales &amp; Foyers au Bois","item":"https:\/\/staging.belleflamme.ca\/fr\/categories\/poeles-et-foyers\/poeles-et-foyers-au-bois\/"},{"@type":"ListItem","position":5,"name":"Po\u00eale au Bois","item":"https:\/\/staging.belleflamme.ca\/fr\/categories\/poeles-et-foyers\/poeles-et-foyers-au-bois\/poele-au-bois\/"},{"@type":"ListItem","position":6,"name":"Po\u00eale \u00e0 bois TN20 de True North"}]},{"@type":"WebSite","@id":"https:\/\/www.belleflamme.ca\/fr\/#website","url":"https:\/\/www.belleflamme.ca\/fr\/","name":"Groupe Belleflamme","description":"La m\u00e9canique du b\u00e2timent dans le sang.","publisher":{"@id":"https:\/\/www.belleflamme.ca\/fr\/#organization"},"potentialAction":[{"@type":"SearchAction","target":{"@type":"EntryPoint","urlTemplate":"https:\/\/www.belleflamme.ca\/fr\/?s={search_term_string}"},"query-input":{"@type":"PropertyValueSpecification","valueRequired":true,"valueName":"search_term_string"}}],"inLanguage":"fr-FR"},{"@type":["Organization","Place"],"@id":"https:\/\/www.belleflamme.ca\/fr\/#organization","name":"Groupe Belleflamme","alternateName":"Belleflamme","url":"https:\/\/www.belleflamme.ca\/fr\/","logo":{"@type":"ImageObject","inLanguage":"fr-FR","@id":"https:\/\/www.belleflamme.ca\/fr\/#\/schema\/logo\/image\/","url":"https:\/\/staging.belleflamme.ca\/wp-content\/uploads\/2023\/01\/og-image.jpg","contentUrl":"https:\/\/staging.belleflamme.ca\/wp-content\/uploads\/2023\/01\/og-image.jpg","width":1200,"height":630,"caption":"Groupe Belleflamme"},"image":{"@id":"https:\/\/www.belleflamme.ca\/fr\/#\/schema\/logo\/image\/"},"sameAs":["https:\/\/www.facebook.com\/belleflamme.ca\/","https:\/\/www.linkedin.com\/company\/belleflamme\/","https:\/\/www.pinterest.ca\/groupebelleflamme\/","https:\/\/www.instagram.com\/legroupebelleflamme\/"],"mainEntityOfPage":{"@id":"https:\/\/staging.belleflamme.ca\/fr\/produit\/poele-a-bois-tn20-de-true-north\/"}}]},"product_brand":"True North","product_price_amount":"1999.00","product_price_currency":"CAD","og_availability":"instock","product_availability":"instock","product_retailer_item_id":"31010009","product_condition":"new"},"_links":{"self":[{"href":"https:\/\/staging.belleflamme.ca\/fr\/wp-json\/wp\/v2\/product\/24297","targetHints":{"allow":["GET"]}}],"collection":[{"href":"https:\/\/staging.belleflamme.ca\/fr\/wp-json\/wp\/v2\/product"}],"about":[{"href":"https:\/\/staging.belleflamme.ca\/fr\/wp-json\/wp\/v2\/types\/product"}],"version-history":[{"count":6,"href":"https:\/\/staging.belleflamme.ca\/fr\/wp-json\/wp\/v2\/product\/24297\/revisions"}],"predecessor-version":[{"id":43270,"href":"https:\/\/staging.belleflamme.ca\/fr\/wp-json\/wp\/v2\/product\/24297\/revisions\/43270"}],"wp:featuredmedia":[{"embeddable":true,"href":"https:\/\/staging.belleflamme.ca\/fr\/wp-json\/wp\/v2\/media\/24298"}],"wp:attachment":[{"href":"https:\/\/staging.belleflamme.ca\/fr\/wp-json\/wp\/v2\/media?parent=24297"}],"wp:term":[{"taxonomy":"product_brand","embeddable":true,"href":"https:\/\/staging.belleflamme.ca\/fr\/wp-json\/wp\/v2\/product_brand?post=24297"},{"taxonomy":"product_cat","embeddable":true,"href":"https:\/\/staging.belleflamme.ca\/fr\/wp-json\/wp\/v2\/product_cat?post=24297"},{"taxonomy":"product_tag","embeddable":true,"href":"https:\/\/staging.belleflamme.ca\/fr\/wp-json\/wp\/v2\/product_tag?post=24297"}],"curies":[{"name":"wp","href":"https:\/\/api.w.org\/{rel}","templated":true}]}}