{"id":24259,"date":"2023-12-01T14:24:38","date_gmt":"2023-12-01T19:24:38","guid":{"rendered":"https:\/\/www.belleflamme.ca\/?post_type=product&#038;p=24259"},"modified":"2025-05-16T11:27:35","modified_gmt":"2025-05-16T15:27:35","slug":"poele-au-bois-gateway-3500-de-empire","status":"publish","type":"product","link":"https:\/\/staging.belleflamme.ca\/fr\/produit\/poele-au-bois-gateway-3500-de-empire\/","title":{"rendered":"Po\u00eale au Bois GATEWAY 3500 de Empire"},"content":{"rendered":"\t\t<div data-elementor-type=\"product-post\" data-elementor-id=\"24259\" class=\"elementor elementor-24259\" data-elementor-post-type=\"product\">\n\t\t\t\t\t\t<section class=\"elementor-section elementor-top-section elementor-element elementor-element-56d7e2f6 elementor-section-boxed elementor-section-height-default elementor-section-height-default\" data-id=\"56d7e2f6\" data-element_type=\"section\">\n\t\t\t\t\t\t<div class=\"elementor-container elementor-column-gap-default\">\n\t\t\t\t\t<div class=\"elementor-column elementor-col-100 elementor-top-column elementor-element elementor-element-44292a47\" data-id=\"44292a47\" data-element_type=\"column\">\n\t\t\t<div class=\"elementor-widget-wrap elementor-element-populated\">\n\t\t\t\t\t\t<div class=\"elementor-element elementor-element-6b82aed6 elementor-widget elementor-widget-text-editor\" data-id=\"6b82aed6\" data-element_type=\"widget\" data-widget_type=\"text-editor.default\">\n\t\t\t\t<div class=\"elementor-widget-container\">\n\t\t\t\t\t\t\t\t\t<iframe title=\"Gateway Wood Stoves\" src=\"https:\/\/www.youtube.com\/embed\/4OnRhgb3aXQ\" width=\"800\" height=\"500\" frameborder=\"0\" allowfullscreen=\"allowfullscreen\"><\/iframe>\r\nLe Gateway 3500 est parfait pour les maisons ou les pi\u00e8ces spacieuses. Le bac \u00e0 cendres standard sans g\u00e2chis, la commande simple \u00e0 un levier et le syst\u00e8me de lavage \u00e0 l&#8217;air permettent une utilisation et un entretien faciles. Plusieurs options de style sont disponibles pour garantir que le Gateway 3500 compl\u00e8te n&#8217;importe quelle pi\u00e8ce.\r\n<div class=\"faux-dropdown__trigger\"><span class=\"faux-dropdown__trigger__text\">CARACT\u00c9RISTIQUES<\/span><span class=\"faux-dropdown__trigger__label\">Conforme \u00e0 la norme EPA 2020<\/span><\/div>\r\n<div class=\"faux-dropdown__drawer\">\r\n<div class=\"faux-dropdown__content\">\r\n<ul class=\"product__specs\">\r\n \t<li class=\"product__specs__item\">\r\n<div class=\"product__spec\"><img decoding=\"async\" class=\"product__spec__icon\" src=\"https:\/\/www.empirestove.com\/images\/icon-spec-number.svg\" alt=\"Ic\u00f4ne de zone de chauffage du po\u00eale \u00e0 bois Gateway 3500\" \/><span class=\"product__spec__name\">Zone de chauffage\u00a0:<\/span><span class=\"product__spec__value\">1 000 \u00e0 2 700\u00a0<sup>pi2<\/sup><\/span><\/div><\/li>\r\n \t<li class=\"product__specs__item\">\r\n<div class=\"product__spec\"><img decoding=\"async\" class=\"product__spec__icon\" src=\"https:\/\/www.empirestove.com\/images\/icon-spec-time.svg\" alt=\"Ic\u00f4ne de dur\u00e9e de combustion du po\u00eale \u00e0 bois Gateway 3500\" \/><span class=\"product__spec__name\">Temps de combustion\u00a0:<\/span><span class=\"product__spec__value\">10 heures<\/span><\/div><\/li>\r\n \t<li class=\"product__specs__item\">\r\n<div class=\"product__spec\"><img decoding=\"async\" class=\"product__spec__icon\" src=\"https:\/\/www.empirestove.com\/images\/icon-spec-burn.svg\" alt=\"Ic\u00f4ne de puissance calorifique maximale du po\u00eale \u00e0 bois Gateway 3500\" \/><span class=\"product__spec__name\">Puissance thermique maximale\u00a0:<\/span><span class=\"product__spec__value\">110 000 BTU\/h<\/span><\/div><\/li>\r\n \t<li class=\"product__specs__item\">\r\n<div class=\"product__spec\"><img decoding=\"async\" class=\"product__spec__icon\" src=\"https:\/\/www.empirestove.com\/images\/icon-spec-log.svg\" alt=\"Ic\u00f4ne de longueur maximale de b\u00fbche du po\u00eale \u00e0 bois Gateway 3500\" \/><span class=\"product__spec__name\">Longueur maximale du journal\u00a0:<\/span><span class=\"product__spec__value\">22&#8243;<\/span><\/div><\/li>\r\n \t<li class=\"product__specs__item\">\r\n<div class=\"product__spec\"><img decoding=\"async\" class=\"product__spec__icon\" src=\"https:\/\/www.empirestove.com\/images\/icon-spec-cube.svg\" alt=\"Ic\u00f4ne de bo\u00eete \u00e0 feu pour po\u00eale \u00e0 bois Gateway 3500\" \/><span class=\"product__spec__name\">Bo\u00eete \u00e0 feu\u00a0:<\/span><span class=\"product__spec__value\">3,5 pieds\u00a0<sup>3<\/sup><\/span><\/div><\/li>\r\n \t<li class=\"product__specs__item\">\r\n<div class=\"product__spec\"><img decoding=\"async\" class=\"product__spec__icon\" src=\"https:\/\/www.empirestove.com\/images\/icon-spec-height.svg\" alt=\"Ic\u00f4ne de hauteur du po\u00eale \u00e0 bois Gateway 3500\" \/><span class=\"product__spec__name\">Hauteur:<\/span><span class=\"product__spec__value\">34&#8243;<\/span><\/div><\/li>\r\n \t<li class=\"product__specs__item\">\r\n<div class=\"product__spec\"><img decoding=\"async\" class=\"product__spec__icon\" src=\"https:\/\/www.empirestove.com\/images\/icon-spec-width.svg\" alt=\"Ic\u00f4ne de largeur du po\u00eale \u00e0 bois Gateway 3500\" \/><span class=\"product__spec__name\">Largeur:<\/span><span class=\"product__spec__value\">28-1\/8&#8243;<\/span><\/div><\/li>\r\n \t<li class=\"product__specs__item\">\r\n<div class=\"product__spec\"><img decoding=\"async\" class=\"product__spec__icon\" src=\"https:\/\/www.empirestove.com\/images\/icon-spec-depth.svg\" alt=\"Ic\u00f4ne de profondeur du po\u00eale \u00e0 bois Gateway 3500\" \/><span class=\"product__spec__name\">Profondeur:<\/span><span class=\"product__spec__value\">24-5\/8&#8243;<\/span><\/div><\/li>\r\n<\/ul>\r\n<\/div>\r\n<\/div>\t\t\t\t\t\t\t\t<\/div>\n\t\t\t\t<\/div>\n\t\t\t\t\t<\/div>\n\t\t<\/div>\n\t\t\t\t\t<\/div>\n\t\t<\/section>\n\t\t\t\t<section class=\"elementor-section elementor-top-section elementor-element elementor-element-8bb173e elementor-section-boxed elementor-section-height-default elementor-section-height-default\" data-id=\"8bb173e\" data-element_type=\"section\">\n\t\t\t\t\t\t<div class=\"elementor-container elementor-column-gap-default\">\n\t\t\t\t\t<div class=\"elementor-column elementor-col-100 elementor-top-column elementor-element elementor-element-bbe583b\" data-id=\"bbe583b\" data-element_type=\"column\">\n\t\t\t<div class=\"elementor-widget-wrap elementor-element-populated\">\n\t\t\t\t\t\t<div class=\"elementor-element elementor-element-cbd900b elementor-tabs-view-horizontal elementor-widget elementor-widget-tabs\" data-id=\"cbd900b\" data-element_type=\"widget\" data-widget_type=\"tabs.default\">\n\t\t\t\t<div class=\"elementor-widget-container\">\n\t\t\t\t\t\t\t<div class=\"elementor-tabs\">\n\t\t\t<div class=\"elementor-tabs-wrapper\" role=\"tablist\" >\n\t\t\t\t\t\t\t\t\t<div id=\"elementor-tab-title-2131\" class=\"elementor-tab-title elementor-tab-desktop-title\" aria-selected=\"true\" data-tab=\"1\" role=\"tab\" tabindex=\"0\" aria-controls=\"elementor-tab-content-2131\" aria-expanded=\"false\">Fichiers<\/div>\n\t\t\t\t\t\t\t<\/div>\n\t\t\t<div class=\"elementor-tabs-content-wrapper\" role=\"tablist\" aria-orientation=\"vertical\">\n\t\t\t\t\t\t\t\t\t<div class=\"elementor-tab-title elementor-tab-mobile-title\" aria-selected=\"true\" data-tab=\"1\" role=\"tab\" tabindex=\"0\" aria-controls=\"elementor-tab-content-2131\" aria-expanded=\"false\">Fichiers<\/div>\n\t\t\t\t\t<div id=\"elementor-tab-content-2131\" class=\"elementor-tab-content elementor-clearfix\" data-tab=\"1\" role=\"tabpanel\" aria-labelledby=\"elementor-tab-title-2131\" tabindex=\"0\" hidden=\"false\"><i class=\"far fa-file-pdf fa-xl\" style=\"font-size:35px\"><\/i><a href=\"https:\/\/www.belleflamme.ca\/wp-content\/uploads\/2023\/12\/gateway-series-brochure-a-2.pdf\"> Brochure<\/a><\/br>\n<i class=\"far fa-file-pdf fa-xl\" style=\"font-size:35px\"><\/i><a href=\"https:\/\/www.belleflamme.ca\/wp-content\/uploads\/2023\/12\/gateway-3500-specs.pdf\"> Sp\u00e9cifications<\/a><\/br>\n<i class=\"far fa-file-pdf fa-xl\" style=\"font-size:35px\"><\/i><a href=\"https:\/\/www.belleflamme.ca\/wp-content\/uploads\/2023\/12\/gateway-3500-manual-a-2.pdf\"> Manuel<\/a><\/br><\/div>\n\t\t\t\t\t\t\t<\/div>\n\t\t<\/div>\n\t\t\t\t\t\t<\/div>\n\t\t\t\t<\/div>\n\t\t\t\t\t<\/div>\n\t\t<\/div>\n\t\t\t\t\t<\/div>\n\t\t<\/section>\n\t\t\t\t<\/div>\n\t\t","protected":false},"excerpt":{"rendered":"<p>Le Gateway 3500 est parfait pour les maisons ou les pi\u00e8ces spacieuses. Le bac \u00e0 cendres standard sans g\u00e2chis, la commande simple \u00e0 un levier et le syst\u00e8me de lavage \u00e0 l&#8217;air permettent une utilisation et un entretien faciles. Plusieurs options de style sont disponibles pour garantir que le Gateway 3500 compl\u00e8te n&#8217;importe quelle pi\u00e8ce. [&hellip;]<\/p>\n","protected":false},"featured_media":24261,"template":"","meta":{"inline_featured_image":false},"product_brand":[233],"product_cat":[197,33,34],"product_tag":[],"class_list":{"0":"post-24259","1":"product","2":"type-product","3":"status-publish","4":"has-post-thumbnail","6":"product_brand-empire","7":"product_cat-poele-au-bois","8":"product_cat-poeles-et-foyers","9":"product_cat-poeles-et-foyers-au-bois","11":"first","12":"instock","13":"taxable","14":"shipping-taxable","15":"purchasable","16":"product-type-simple"},"yoast_head":"<!-- This site is optimized with the Yoast SEO Premium plugin v24.2 (Yoast SEO v24.2) - https:\/\/yoast.com\/wordpress\/plugins\/seo\/ -->\n<title>Po\u00eale au Bois GATEWAY 3500 de Empire - Groupe BelleFlamme<\/title>\n<meta name=\"description\" content=\"Po\u00eale au Bois GATEWAY 3500 de Empire vendu et install\u00e9 par le Groupe Belleflamme. Laval, Montr\u00e9al, Gatineau, Drummondville et Saint-Sauveur.\" \/>\n<meta name=\"robots\" content=\"index, follow, max-snippet:-1, max-image-preview:large, max-video-preview:-1\" \/>\n<link rel=\"canonical\" href=\"https:\/\/staging.belleflamme.ca\/fr\/produit\/poele-au-bois-gateway-3500-de-empire\/\" \/>\n<meta property=\"og:locale\" content=\"fr_FR\" \/>\n<meta property=\"og:type\" content=\"article\" \/>\n<meta property=\"og:title\" content=\"Po\u00eale au Bois GATEWAY 3500 de Empire\" \/>\n<meta property=\"og:description\" content=\"Po\u00eale au Bois GATEWAY 3500 de Empire vendu et install\u00e9 par le Groupe Belleflamme. Laval, Montr\u00e9al, Gatineau, Drummondville et Saint-Sauveur.\" \/>\n<meta property=\"og:url\" content=\"https:\/\/staging.belleflamme.ca\/fr\/produit\/poele-au-bois-gateway-3500-de-empire\/\" \/>\n<meta property=\"og:site_name\" content=\"Groupe BelleFlamme\" \/>\n<meta property=\"article:publisher\" content=\"https:\/\/www.facebook.com\/belleflamme.ca\/\" \/>\n<meta property=\"article:modified_time\" content=\"2025-05-16T15:27:35+00:00\" \/>\n<meta property=\"og:image\" content=\"https:\/\/www.belleflamme.ca\/wp-content\/uploads\/2023\/12\/Poele-au-Bois-GATEWAY-3500-de-Empire.webp\" \/>\n\t<meta property=\"og:image:width\" content=\"600\" \/>\n\t<meta property=\"og:image:height\" content=\"600\" \/>\n\t<meta property=\"og:image:type\" content=\"image\/webp\" \/>\n<meta name=\"twitter:card\" content=\"summary_large_image\" \/>\n<meta name=\"twitter:label1\" content=\"Prix\" \/>\n\t<meta name=\"twitter:data1\" content=\"&#036;3,499.00\" \/>\n\t<meta name=\"twitter:label2\" content=\"Disponibilit\u00e9\" \/>\n\t<meta name=\"twitter:data2\" content=\"En stock\" \/>\n<script type=\"application\/ld+json\" class=\"yoast-schema-graph\">{\"@context\":\"https:\/\/schema.org\",\"@graph\":[{\"@type\":[\"WebPage\",\"ItemPage\"],\"@id\":\"https:\/\/staging.belleflamme.ca\/fr\/produit\/poele-au-bois-gateway-3500-de-empire\/\",\"url\":\"https:\/\/staging.belleflamme.ca\/fr\/produit\/poele-au-bois-gateway-3500-de-empire\/\",\"name\":\"Po\u00eale au Bois GATEWAY 3500 de Empire - Groupe BelleFlamme\",\"isPartOf\":{\"@id\":\"https:\/\/www.belleflamme.ca\/fr\/#website\"},\"primaryImageOfPage\":{\"@id\":\"https:\/\/staging.belleflamme.ca\/fr\/produit\/poele-au-bois-gateway-3500-de-empire\/#primaryimage\"},\"image\":{\"@id\":\"https:\/\/staging.belleflamme.ca\/fr\/produit\/poele-au-bois-gateway-3500-de-empire\/#primaryimage\"},\"thumbnailUrl\":\"https:\/\/staging.belleflamme.ca\/wp-content\/uploads\/2023\/12\/Poele-au-Bois-GATEWAY-3500-de-Empire.webp\",\"datePublished\":\"2023-12-01T19:24:38+00:00\",\"dateModified\":\"2025-05-16T15:27:35+00:00\",\"description\":\"Po\u00eale au Bois GATEWAY 3500 de Empire [get_meta_en_fr]\",\"breadcrumb\":{\"@id\":\"https:\/\/staging.belleflamme.ca\/fr\/produit\/poele-au-bois-gateway-3500-de-empire\/#breadcrumb\"},\"inLanguage\":\"fr-FR\",\"potentialAction\":[{\"@type\":\"ReadAction\",\"target\":[\"https:\/\/staging.belleflamme.ca\/fr\/produit\/poele-au-bois-gateway-3500-de-empire\/\"]}]},{\"@type\":\"ImageObject\",\"inLanguage\":\"fr-FR\",\"@id\":\"https:\/\/staging.belleflamme.ca\/fr\/produit\/poele-au-bois-gateway-3500-de-empire\/#primaryimage\",\"url\":\"https:\/\/staging.belleflamme.ca\/wp-content\/uploads\/2023\/12\/Poele-au-Bois-GATEWAY-3500-de-Empire.webp\",\"contentUrl\":\"https:\/\/staging.belleflamme.ca\/wp-content\/uploads\/2023\/12\/Poele-au-Bois-GATEWAY-3500-de-Empire.webp\",\"width\":600,\"height\":600,\"caption\":\"Po\u00eale au Bois GATEWAY 3500 de Empire\"},{\"@type\":\"BreadcrumbList\",\"@id\":\"https:\/\/staging.belleflamme.ca\/fr\/produit\/poele-au-bois-gateway-3500-de-empire\/#breadcrumb\",\"itemListElement\":[{\"@type\":\"ListItem\",\"position\":1,\"name\":\"Accueil\",\"item\":\"https:\/\/www.belleflamme.ca\/fr\/\"},{\"@type\":\"ListItem\",\"position\":2,\"name\":\"Boutique\",\"item\":\"https:\/\/www.belleflamme.ca\/fr\/boutique\/\"},{\"@type\":\"ListItem\",\"position\":3,\"name\":\"Po\u00eales &amp; Foyers\",\"item\":\"https:\/\/staging.belleflamme.ca\/fr\/categories\/poeles-et-foyers\/\"},{\"@type\":\"ListItem\",\"position\":4,\"name\":\"Po\u00eales &amp; Foyers au Bois\",\"item\":\"https:\/\/staging.belleflamme.ca\/fr\/categories\/poeles-et-foyers\/poeles-et-foyers-au-bois\/\"},{\"@type\":\"ListItem\",\"position\":5,\"name\":\"Po\u00eale au Bois\",\"item\":\"https:\/\/staging.belleflamme.ca\/fr\/categories\/poeles-et-foyers\/poeles-et-foyers-au-bois\/poele-au-bois\/\"},{\"@type\":\"ListItem\",\"position\":6,\"name\":\"Po\u00eale au Bois GATEWAY 3500 de Empire\"}]},{\"@type\":\"WebSite\",\"@id\":\"https:\/\/www.belleflamme.ca\/fr\/#website\",\"url\":\"https:\/\/www.belleflamme.ca\/fr\/\",\"name\":\"Groupe Belleflamme\",\"description\":\"La m\u00e9canique du b\u00e2timent dans le sang.\",\"publisher\":{\"@id\":\"https:\/\/www.belleflamme.ca\/fr\/#organization\"},\"potentialAction\":[{\"@type\":\"SearchAction\",\"target\":{\"@type\":\"EntryPoint\",\"urlTemplate\":\"https:\/\/www.belleflamme.ca\/fr\/?s={search_term_string}\"},\"query-input\":{\"@type\":\"PropertyValueSpecification\",\"valueRequired\":true,\"valueName\":\"search_term_string\"}}],\"inLanguage\":\"fr-FR\"},{\"@type\":[\"Organization\",\"Place\"],\"@id\":\"https:\/\/www.belleflamme.ca\/fr\/#organization\",\"name\":\"Groupe Belleflamme\",\"alternateName\":\"Belleflamme\",\"url\":\"https:\/\/www.belleflamme.ca\/fr\/\",\"logo\":{\"@type\":\"ImageObject\",\"inLanguage\":\"fr-FR\",\"@id\":\"https:\/\/www.belleflamme.ca\/fr\/#\/schema\/logo\/image\/\",\"url\":\"https:\/\/staging.belleflamme.ca\/wp-content\/uploads\/2023\/01\/og-image.jpg\",\"contentUrl\":\"https:\/\/staging.belleflamme.ca\/wp-content\/uploads\/2023\/01\/og-image.jpg\",\"width\":1200,\"height\":630,\"caption\":\"Groupe Belleflamme\"},\"image\":{\"@id\":\"https:\/\/www.belleflamme.ca\/fr\/#\/schema\/logo\/image\/\"},\"sameAs\":[\"https:\/\/www.facebook.com\/belleflamme.ca\/\",\"https:\/\/www.linkedin.com\/company\/belleflamme\/\",\"https:\/\/www.pinterest.ca\/groupebelleflamme\/\",\"https:\/\/www.instagram.com\/legroupebelleflamme\/\"],\"mainEntityOfPage\":{\"@id\":\"https:\/\/staging.belleflamme.ca\/fr\/produit\/poele-au-bois-gateway-3500-de-empire\/\"}}]}<\/script>\n<meta property=\"product:brand\" content=\"Empire\" \/>\n<meta property=\"product:price:amount\" content=\"3499.00\" \/>\n<meta property=\"product:price:currency\" content=\"CAD\" \/>\n<meta property=\"og:availability\" content=\"instock\" \/>\n<meta property=\"product:availability\" content=\"instock\" \/>\n<meta property=\"product:retailer_item_id\" content=\"SF00615\" \/>\n<meta property=\"product:condition\" content=\"new\" \/>\n<!-- \/ Yoast SEO Premium plugin. -->","yoast_head_json":{"title":"Po\u00eale au Bois GATEWAY 3500 de Empire - Groupe BelleFlamme","description":"Po\u00eale au Bois GATEWAY 3500 de Empire vendu et install\u00e9 par le Groupe Belleflamme. Laval, Montr\u00e9al, Gatineau, Drummondville et Saint-Sauveur.","robots":{"index":"index","follow":"follow","max-snippet":"max-snippet:-1","max-image-preview":"max-image-preview:large","max-video-preview":"max-video-preview:-1"},"canonical":"https:\/\/staging.belleflamme.ca\/fr\/produit\/poele-au-bois-gateway-3500-de-empire\/","og_locale":"fr_FR","og_type":"article","og_title":"Po\u00eale au Bois GATEWAY 3500 de Empire","og_description":"Po\u00eale au Bois GATEWAY 3500 de Empire vendu et install\u00e9 par le Groupe Belleflamme. Laval, Montr\u00e9al, Gatineau, Drummondville et Saint-Sauveur.","og_url":"https:\/\/staging.belleflamme.ca\/fr\/produit\/poele-au-bois-gateway-3500-de-empire\/","og_site_name":"Groupe BelleFlamme","article_publisher":"https:\/\/www.facebook.com\/belleflamme.ca\/","article_modified_time":"2025-05-16T15:27:35+00:00","og_image":[{"width":600,"height":600,"url":"https:\/\/www.belleflamme.ca\/wp-content\/uploads\/2023\/12\/Poele-au-Bois-GATEWAY-3500-de-Empire.webp","type":"image\/webp"}],"twitter_card":"summary_large_image","twitter_misc":{"Prix":"&#36;3,499.00","Disponibilit\u00e9":"En stock"},"schema":{"@context":"https:\/\/schema.org","@graph":[{"@type":["WebPage","ItemPage"],"@id":"https:\/\/staging.belleflamme.ca\/fr\/produit\/poele-au-bois-gateway-3500-de-empire\/","url":"https:\/\/staging.belleflamme.ca\/fr\/produit\/poele-au-bois-gateway-3500-de-empire\/","name":"Po\u00eale au Bois GATEWAY 3500 de Empire - Groupe BelleFlamme","isPartOf":{"@id":"https:\/\/www.belleflamme.ca\/fr\/#website"},"primaryImageOfPage":{"@id":"https:\/\/staging.belleflamme.ca\/fr\/produit\/poele-au-bois-gateway-3500-de-empire\/#primaryimage"},"image":{"@id":"https:\/\/staging.belleflamme.ca\/fr\/produit\/poele-au-bois-gateway-3500-de-empire\/#primaryimage"},"thumbnailUrl":"https:\/\/staging.belleflamme.ca\/wp-content\/uploads\/2023\/12\/Poele-au-Bois-GATEWAY-3500-de-Empire.webp","datePublished":"2023-12-01T19:24:38+00:00","dateModified":"2025-05-16T15:27:35+00:00","description":"Po\u00eale au Bois GATEWAY 3500 de Empire [get_meta_en_fr]","breadcrumb":{"@id":"https:\/\/staging.belleflamme.ca\/fr\/produit\/poele-au-bois-gateway-3500-de-empire\/#breadcrumb"},"inLanguage":"fr-FR","potentialAction":[{"@type":"ReadAction","target":["https:\/\/staging.belleflamme.ca\/fr\/produit\/poele-au-bois-gateway-3500-de-empire\/"]}]},{"@type":"ImageObject","inLanguage":"fr-FR","@id":"https:\/\/staging.belleflamme.ca\/fr\/produit\/poele-au-bois-gateway-3500-de-empire\/#primaryimage","url":"https:\/\/staging.belleflamme.ca\/wp-content\/uploads\/2023\/12\/Poele-au-Bois-GATEWAY-3500-de-Empire.webp","contentUrl":"https:\/\/staging.belleflamme.ca\/wp-content\/uploads\/2023\/12\/Poele-au-Bois-GATEWAY-3500-de-Empire.webp","width":600,"height":600,"caption":"Po\u00eale au Bois GATEWAY 3500 de Empire"},{"@type":"BreadcrumbList","@id":"https:\/\/staging.belleflamme.ca\/fr\/produit\/poele-au-bois-gateway-3500-de-empire\/#breadcrumb","itemListElement":[{"@type":"ListItem","position":1,"name":"Accueil","item":"https:\/\/www.belleflamme.ca\/fr\/"},{"@type":"ListItem","position":2,"name":"Boutique","item":"https:\/\/www.belleflamme.ca\/fr\/boutique\/"},{"@type":"ListItem","position":3,"name":"Po\u00eales &amp; Foyers","item":"https:\/\/staging.belleflamme.ca\/fr\/categories\/poeles-et-foyers\/"},{"@type":"ListItem","position":4,"name":"Po\u00eales &amp; Foyers au Bois","item":"https:\/\/staging.belleflamme.ca\/fr\/categories\/poeles-et-foyers\/poeles-et-foyers-au-bois\/"},{"@type":"ListItem","position":5,"name":"Po\u00eale au Bois","item":"https:\/\/staging.belleflamme.ca\/fr\/categories\/poeles-et-foyers\/poeles-et-foyers-au-bois\/poele-au-bois\/"},{"@type":"ListItem","position":6,"name":"Po\u00eale au Bois GATEWAY 3500 de Empire"}]},{"@type":"WebSite","@id":"https:\/\/www.belleflamme.ca\/fr\/#website","url":"https:\/\/www.belleflamme.ca\/fr\/","name":"Groupe Belleflamme","description":"La m\u00e9canique du b\u00e2timent dans le sang.","publisher":{"@id":"https:\/\/www.belleflamme.ca\/fr\/#organization"},"potentialAction":[{"@type":"SearchAction","target":{"@type":"EntryPoint","urlTemplate":"https:\/\/www.belleflamme.ca\/fr\/?s={search_term_string}"},"query-input":{"@type":"PropertyValueSpecification","valueRequired":true,"valueName":"search_term_string"}}],"inLanguage":"fr-FR"},{"@type":["Organization","Place"],"@id":"https:\/\/www.belleflamme.ca\/fr\/#organization","name":"Groupe Belleflamme","alternateName":"Belleflamme","url":"https:\/\/www.belleflamme.ca\/fr\/","logo":{"@type":"ImageObject","inLanguage":"fr-FR","@id":"https:\/\/www.belleflamme.ca\/fr\/#\/schema\/logo\/image\/","url":"https:\/\/staging.belleflamme.ca\/wp-content\/uploads\/2023\/01\/og-image.jpg","contentUrl":"https:\/\/staging.belleflamme.ca\/wp-content\/uploads\/2023\/01\/og-image.jpg","width":1200,"height":630,"caption":"Groupe Belleflamme"},"image":{"@id":"https:\/\/www.belleflamme.ca\/fr\/#\/schema\/logo\/image\/"},"sameAs":["https:\/\/www.facebook.com\/belleflamme.ca\/","https:\/\/www.linkedin.com\/company\/belleflamme\/","https:\/\/www.pinterest.ca\/groupebelleflamme\/","https:\/\/www.instagram.com\/legroupebelleflamme\/"],"mainEntityOfPage":{"@id":"https:\/\/staging.belleflamme.ca\/fr\/produit\/poele-au-bois-gateway-3500-de-empire\/"}}]},"product_brand":"Empire","product_price_amount":"3499.00","product_price_currency":"CAD","og_availability":"instock","product_availability":"instock","product_retailer_item_id":"SF00615","product_condition":"new"},"_links":{"self":[{"href":"https:\/\/staging.belleflamme.ca\/fr\/wp-json\/wp\/v2\/product\/24259","targetHints":{"allow":["GET"]}}],"collection":[{"href":"https:\/\/staging.belleflamme.ca\/fr\/wp-json\/wp\/v2\/product"}],"about":[{"href":"https:\/\/staging.belleflamme.ca\/fr\/wp-json\/wp\/v2\/types\/product"}],"version-history":[{"count":6,"href":"https:\/\/staging.belleflamme.ca\/fr\/wp-json\/wp\/v2\/product\/24259\/revisions"}],"predecessor-version":[{"id":43319,"href":"https:\/\/staging.belleflamme.ca\/fr\/wp-json\/wp\/v2\/product\/24259\/revisions\/43319"}],"wp:featuredmedia":[{"embeddable":true,"href":"https:\/\/staging.belleflamme.ca\/fr\/wp-json\/wp\/v2\/media\/24261"}],"wp:attachment":[{"href":"https:\/\/staging.belleflamme.ca\/fr\/wp-json\/wp\/v2\/media?parent=24259"}],"wp:term":[{"taxonomy":"product_brand","embeddable":true,"href":"https:\/\/staging.belleflamme.ca\/fr\/wp-json\/wp\/v2\/product_brand?post=24259"},{"taxonomy":"product_cat","embeddable":true,"href":"https:\/\/staging.belleflamme.ca\/fr\/wp-json\/wp\/v2\/product_cat?post=24259"},{"taxonomy":"product_tag","embeddable":true,"href":"https:\/\/staging.belleflamme.ca\/fr\/wp-json\/wp\/v2\/product_tag?post=24259"}],"curies":[{"name":"wp","href":"https:\/\/api.w.org\/{rel}","templated":true}]}}