{"id":24181,"date":"2023-12-01T13:29:49","date_gmt":"2023-12-01T18:29:49","guid":{"rendered":"https:\/\/www.belleflamme.ca\/?post_type=product&#038;p=24181"},"modified":"2025-02-27T15:59:04","modified_gmt":"2025-02-27T20:59:04","slug":"foyer-auto-portant-75-ts-de-lyric","status":"publish","type":"product","link":"https:\/\/staging.belleflamme.ca\/fr\/produit\/foyer-auto-portant-75-ts-de-lyric\/","title":{"rendered":"Foyer Auto Portant 75 TS de Lyric"},"content":{"rendered":"\t\t<div data-elementor-type=\"product-post\" data-elementor-id=\"24181\" class=\"elementor elementor-24181\" data-elementor-post-type=\"product\">\n\t\t\t\t\t\t<section class=\"elementor-section elementor-top-section elementor-element elementor-element-39920a20 elementor-section-boxed elementor-section-height-default elementor-section-height-default\" data-id=\"39920a20\" data-element_type=\"section\">\n\t\t\t\t\t\t<div class=\"elementor-container elementor-column-gap-default\">\n\t\t\t\t\t<div class=\"elementor-column elementor-col-100 elementor-top-column elementor-element elementor-element-38cb6603\" data-id=\"38cb6603\" data-element_type=\"column\">\n\t\t\t<div class=\"elementor-widget-wrap elementor-element-populated\">\n\t\t\t\t\t\t<div class=\"elementor-element elementor-element-7d069467 elementor-widget elementor-widget-text-editor\" data-id=\"7d069467\" data-element_type=\"widget\" data-widget_type=\"text-editor.default\">\n\t\t\t\t<div class=\"elementor-widget-container\">\n\t\t\t\t\t\t\t\t\t<span>Dot\u00e9s de lignes simples et de formes g\u00e9om\u00e9triques, les foyers autonomes de Lyric allient charme discret et \u00e9l\u00e9gance moderne.\u00a0<\/span><span>Magnifiquement encadr\u00e9 dans un corps carr\u00e9 ou rectangulaire, le foyer int\u00e8gre \u00e9galement un \u00e9vent ascendant dans la conception.\u00a0<\/span><span>Les foyers autonomes sont par ailleurs faciles \u00e0 installer et ne n\u00e9cessitent aucune construction majeure. <\/span><span>Tournez-vous vers ces foyers \u00e0 gaz modernes lorsque vous souhaitez am\u00e9liorer un espace sans les tracas d&#8217;une r\u00e9novation majeure.<\/span>\r\n<ul class=\"fireplace-list\">\r\n \t<li><span class=\"fireplace-list-title\"><span>ZONE DE VISION EN VERRE\u00a0:<\/span><\/span><span>\u00a027-9\/16&#8221; de largeur et 18-1\/2&#8221; de hauteur<\/span><\/li>\r\n \t<li><span class=\"fireplace-list-title\"><span>BTU MAX (NG)\u00a0:<\/span><\/span><span>\u00a037\u00a0100<\/span><\/li>\r\n \t<li><span class=\"fireplace-list-title\"><span>BTU MAX (LP)\u00a0:<\/span><\/span><span>\u00a022\u00a0118<\/span><\/li>\r\n \t<li><span class=\"fireplace-list-title\"><span>EFFICACIT\u00c9\u00a0:<\/span><\/span><span>\u00a0NG 77,8\u00a0%, LP 74,3\u00a0%<\/span><\/li>\r\n \t<li><span class=\"fireplace-list-title\"><span>VENTILATION :<\/span><\/span><span>\u00a0Tuyau d&#8217;\u00e9vacuation directe coaxial 4X6 (int\u00e9rieur de 4 pouces, ext\u00e9rieur de 6 pouces) Syst\u00e8me d&#8217;\u00e9vacuation forc\u00e9e Ortal 35CVS en option (en ligne et affleurant) utilisant un tuyau CVS d&#8217;\u00e9vacuation directe coaxial 3X5 (int\u00e9rieur de 3 pouces, ext\u00e9rieur de 5 pouces) ).<\/span><\/li>\r\n \t<li><span class=\"fireplace-list-title\"><span>BARRI\u00c8RE THERMIQUE\u00a0:<\/span><\/span><span>\u00a0Barri\u00e8re d&#8217;\u00e9cran de s\u00e9curit\u00e9<\/span><\/li>\r\n \t<li><span class=\"fireplace-list-title\"><span>SUPPORTS D\u00c9CORATIFS\u00a0:<\/span><\/span><span>\u00a0Obsidienne polie<\/span><\/li>\r\n \t<li><span class=\"fireplace-list-title\"><span>INT\u00c9RIEURS\u00a0:<\/span><\/span><span>\u00a0Int\u00e9rieur noir mat standard<\/span><\/li>\r\n \t<li><span class=\"fireplace-list-title\"><span>COMMANDES\u00a0:<\/span><\/span><span>\u00a0T\u00e9l\u00e9commande Mertik Maxitrol (standard), interrupteur mural (en option)<\/span><\/li>\r\n \t<li><span class=\"fireplace-list-title\"><span>ACCESSOIRES OPTIONNELS\u00a0:<\/span><\/span><span>\u00a0Base d\u00e9corative<\/span><\/li>\r\n<\/ul>\t\t\t\t\t\t\t\t<\/div>\n\t\t\t\t<\/div>\n\t\t\t\t\t<\/div>\n\t\t<\/div>\n\t\t\t\t\t<\/div>\n\t\t<\/section>\n\t\t\t\t<section class=\"elementor-section elementor-top-section elementor-element elementor-element-6e9bd00 elementor-section-boxed elementor-section-height-default elementor-section-height-default\" data-id=\"6e9bd00\" data-element_type=\"section\">\n\t\t\t\t\t\t<div class=\"elementor-container elementor-column-gap-default\">\n\t\t\t\t\t<div class=\"elementor-column elementor-col-100 elementor-top-column elementor-element elementor-element-e149f41\" data-id=\"e149f41\" data-element_type=\"column\">\n\t\t\t<div class=\"elementor-widget-wrap elementor-element-populated\">\n\t\t\t\t\t\t<div class=\"elementor-element elementor-element-9983fcf elementor-tabs-view-horizontal elementor-widget elementor-widget-tabs\" data-id=\"9983fcf\" data-element_type=\"widget\" data-widget_type=\"tabs.default\">\n\t\t\t\t<div class=\"elementor-widget-container\">\n\t\t\t\t\t\t\t<div class=\"elementor-tabs\">\n\t\t\t<div class=\"elementor-tabs-wrapper\" role=\"tablist\" >\n\t\t\t\t\t\t\t\t\t<div id=\"elementor-tab-title-1601\" class=\"elementor-tab-title elementor-tab-desktop-title\" aria-selected=\"true\" data-tab=\"1\" role=\"tab\" tabindex=\"0\" aria-controls=\"elementor-tab-content-1601\" aria-expanded=\"false\">Fichiers<\/div>\n\t\t\t\t\t\t\t<\/div>\n\t\t\t<div class=\"elementor-tabs-content-wrapper\" role=\"tablist\" aria-orientation=\"vertical\">\n\t\t\t\t\t\t\t\t\t<div class=\"elementor-tab-title elementor-tab-mobile-title\" aria-selected=\"true\" data-tab=\"1\" role=\"tab\" tabindex=\"0\" aria-controls=\"elementor-tab-content-1601\" aria-expanded=\"false\">Fichiers<\/div>\n\t\t\t\t\t<div id=\"elementor-tab-content-1601\" class=\"elementor-tab-content elementor-clearfix\" data-tab=\"1\" role=\"tabpanel\" aria-labelledby=\"elementor-tab-title-1601\" tabindex=\"0\" hidden=\"false\"><i class=\"far fa-file-pdf fa-xl\" style=\"font-size:35px\"><\/i><a href=\"https:\/\/www.belleflamme.ca\/wp-content\/uploads\/2023\/12\/75TS-SA-lyric-2.pdf\"> Dimensions<\/a><\/br>\n<i class=\"far fa-file-pdf fa-xl\" style=\"font-size:35px\"><\/i><a href=\"https:\/\/www.belleflamme.ca\/wp-content\/uploads\/2023\/12\/Lyric_Installation_Manual_version1.0-1.pdf\"> Installation<\/a><\/br>\n<i class=\"far fa-file-pdf fa-xl\" style=\"font-size:35px\"><\/i><a href=\"https:\/\/www.belleflamme.ca\/wp-content\/uploads\/2023\/12\/75TS-Decorative-base.pdf\"> Base d\u00e9corative<\/a><\/br>\n<i class=\"far fa-file-pdf fa-xl\" style=\"font-size:35px\"><\/i><a href=\"https:\/\/www.belleflamme.ca\/wp-content\/uploads\/2023\/12\/Catalouge-Lyric-2019-inside-digitallr.pdf\"> Catalogue<\/a><\/br><\/div>\n\t\t\t\t\t\t\t<\/div>\n\t\t<\/div>\n\t\t\t\t\t\t<\/div>\n\t\t\t\t<\/div>\n\t\t\t\t\t<\/div>\n\t\t<\/div>\n\t\t\t\t\t<\/div>\n\t\t<\/section>\n\t\t\t\t<\/div>\n\t\t","protected":false},"excerpt":{"rendered":"<p>Dot\u00e9s de lignes simples et de formes g\u00e9om\u00e9triques, les foyers autonomes de Lyric allient charme discret et \u00e9l\u00e9gance moderne.\u00a0Magnifiquement encadr\u00e9 dans un corps carr\u00e9 ou rectangulaire, le foyer int\u00e8gre \u00e9galement un \u00e9vent ascendant dans la conception.\u00a0Les foyers autonomes sont par ailleurs faciles \u00e0 installer et ne n\u00e9cessitent aucune construction majeure. Tournez-vous vers ces foyers \u00e0 [&hellip;]<\/p>\n","protected":false},"featured_media":24182,"template":"","meta":{"inline_featured_image":false},"product_brand":[219],"product_cat":[33,35,37],"product_tag":[],"class_list":{"0":"post-24181","1":"product","2":"type-product","3":"status-publish","4":"has-post-thumbnail","6":"product_brand-lyric","7":"product_cat-poeles-et-foyers","8":"product_cat-poeles-foyer-au-gaz","9":"product_cat-foyer-au-gaz","11":"first","12":"instock","13":"sale","14":"taxable","15":"shipping-taxable","16":"purchasable","17":"product-type-simple"},"yoast_head":"<!-- This site is optimized with the Yoast SEO Premium plugin v24.2 (Yoast SEO v24.2) - https:\/\/yoast.com\/wordpress\/plugins\/seo\/ -->\n<title>Foyer Auto Portant 75 TS de Lyric - Groupe BelleFlamme<\/title>\n<meta name=\"description\" content=\"Foyer Auto Portant 75 TS de Lyric vendu et install\u00e9 par le Groupe Belleflamme. Laval, Montr\u00e9al, Gatineau, Drummondville et Saint-Sauveur.\" \/>\n<meta name=\"robots\" content=\"index, follow, max-snippet:-1, max-image-preview:large, max-video-preview:-1\" \/>\n<link rel=\"canonical\" href=\"https:\/\/staging.belleflamme.ca\/fr\/produit\/foyer-auto-portant-75-ts-de-lyric\/\" \/>\n<meta property=\"og:locale\" content=\"fr_FR\" \/>\n<meta property=\"og:type\" content=\"article\" \/>\n<meta property=\"og:title\" content=\"Foyer Auto Portant 75 TS de Lyric\" \/>\n<meta property=\"og:description\" content=\"Foyer Auto Portant 75 TS de Lyric vendu et install\u00e9 par le Groupe Belleflamme. Laval, Montr\u00e9al, Gatineau, Drummondville et Saint-Sauveur.\" \/>\n<meta property=\"og:url\" content=\"https:\/\/staging.belleflamme.ca\/fr\/produit\/foyer-auto-portant-75-ts-de-lyric\/\" \/>\n<meta property=\"og:site_name\" content=\"Groupe BelleFlamme\" \/>\n<meta property=\"article:publisher\" content=\"https:\/\/www.facebook.com\/belleflamme.ca\/\" \/>\n<meta property=\"article:modified_time\" content=\"2025-02-27T20:59:04+00:00\" \/>\n<meta property=\"og:image\" content=\"https:\/\/www.belleflamme.ca\/wp-content\/uploads\/2023\/12\/Foyer-Auto-Portant-75-TS-de-Lyric.webp\" \/>\n\t<meta property=\"og:image:width\" content=\"1853\" \/>\n\t<meta property=\"og:image:height\" content=\"764\" \/>\n\t<meta property=\"og:image:type\" content=\"image\/webp\" \/>\n<meta name=\"twitter:card\" content=\"summary_large_image\" \/>\n<meta name=\"twitter:label1\" content=\"Prix\" \/>\n\t<meta name=\"twitter:data1\" content=\"&#036;5,995.00\" \/>\n\t<meta name=\"twitter:label2\" content=\"Disponibilit\u00e9\" \/>\n\t<meta name=\"twitter:data2\" content=\"En stock\" \/>\n<script type=\"application\/ld+json\" class=\"yoast-schema-graph\">{\"@context\":\"https:\/\/schema.org\",\"@graph\":[{\"@type\":[\"WebPage\",\"ItemPage\"],\"@id\":\"https:\/\/staging.belleflamme.ca\/fr\/produit\/foyer-auto-portant-75-ts-de-lyric\/\",\"url\":\"https:\/\/staging.belleflamme.ca\/fr\/produit\/foyer-auto-portant-75-ts-de-lyric\/\",\"name\":\"Foyer Auto Portant 75 TS de Lyric - Groupe BelleFlamme\",\"isPartOf\":{\"@id\":\"https:\/\/www.belleflamme.ca\/fr\/#website\"},\"primaryImageOfPage\":{\"@id\":\"https:\/\/staging.belleflamme.ca\/fr\/produit\/foyer-auto-portant-75-ts-de-lyric\/#primaryimage\"},\"image\":{\"@id\":\"https:\/\/staging.belleflamme.ca\/fr\/produit\/foyer-auto-portant-75-ts-de-lyric\/#primaryimage\"},\"thumbnailUrl\":\"https:\/\/staging.belleflamme.ca\/wp-content\/uploads\/2023\/12\/Foyer-Auto-Portant-75-TS-de-Lyric.webp\",\"datePublished\":\"2023-12-01T18:29:49+00:00\",\"dateModified\":\"2025-02-27T20:59:04+00:00\",\"description\":\"Foyer Auto Portant 75 TS de Lyric [get_meta_en_fr]\",\"breadcrumb\":{\"@id\":\"https:\/\/staging.belleflamme.ca\/fr\/produit\/foyer-auto-portant-75-ts-de-lyric\/#breadcrumb\"},\"inLanguage\":\"fr-FR\",\"potentialAction\":[{\"@type\":\"ReadAction\",\"target\":[\"https:\/\/staging.belleflamme.ca\/fr\/produit\/foyer-auto-portant-75-ts-de-lyric\/\"]}]},{\"@type\":\"ImageObject\",\"inLanguage\":\"fr-FR\",\"@id\":\"https:\/\/staging.belleflamme.ca\/fr\/produit\/foyer-auto-portant-75-ts-de-lyric\/#primaryimage\",\"url\":\"https:\/\/staging.belleflamme.ca\/wp-content\/uploads\/2023\/12\/Foyer-Auto-Portant-75-TS-de-Lyric.webp\",\"contentUrl\":\"https:\/\/staging.belleflamme.ca\/wp-content\/uploads\/2023\/12\/Foyer-Auto-Portant-75-TS-de-Lyric.webp\",\"width\":1853,\"height\":764,\"caption\":\"Foyer Auto Portant 75 TS de Lyric\"},{\"@type\":\"BreadcrumbList\",\"@id\":\"https:\/\/staging.belleflamme.ca\/fr\/produit\/foyer-auto-portant-75-ts-de-lyric\/#breadcrumb\",\"itemListElement\":[{\"@type\":\"ListItem\",\"position\":1,\"name\":\"Accueil\",\"item\":\"https:\/\/www.belleflamme.ca\/fr\/\"},{\"@type\":\"ListItem\",\"position\":2,\"name\":\"Boutique\",\"item\":\"https:\/\/www.belleflamme.ca\/fr\/boutique\/\"},{\"@type\":\"ListItem\",\"position\":3,\"name\":\"Po\u00eales &amp; Foyers\",\"item\":\"https:\/\/staging.belleflamme.ca\/fr\/categories\/poeles-et-foyers\/\"},{\"@type\":\"ListItem\",\"position\":4,\"name\":\"Po\u00eale &amp; Foyer au Gaz\",\"item\":\"https:\/\/staging.belleflamme.ca\/fr\/categories\/poeles-et-foyers\/poeles-foyer-au-gaz\/\"},{\"@type\":\"ListItem\",\"position\":5,\"name\":\"Foyer au Gaz\",\"item\":\"https:\/\/staging.belleflamme.ca\/fr\/categories\/poeles-et-foyers\/poeles-foyer-au-gaz\/foyer-au-gaz\/\"},{\"@type\":\"ListItem\",\"position\":6,\"name\":\"Foyer Auto Portant 75 TS de Lyric\"}]},{\"@type\":\"WebSite\",\"@id\":\"https:\/\/www.belleflamme.ca\/fr\/#website\",\"url\":\"https:\/\/www.belleflamme.ca\/fr\/\",\"name\":\"Groupe Belleflamme\",\"description\":\"La m\u00e9canique du b\u00e2timent dans le sang.\",\"publisher\":{\"@id\":\"https:\/\/www.belleflamme.ca\/fr\/#organization\"},\"potentialAction\":[{\"@type\":\"SearchAction\",\"target\":{\"@type\":\"EntryPoint\",\"urlTemplate\":\"https:\/\/www.belleflamme.ca\/fr\/?s={search_term_string}\"},\"query-input\":{\"@type\":\"PropertyValueSpecification\",\"valueRequired\":true,\"valueName\":\"search_term_string\"}}],\"inLanguage\":\"fr-FR\"},{\"@type\":[\"Organization\",\"Place\"],\"@id\":\"https:\/\/www.belleflamme.ca\/fr\/#organization\",\"name\":\"Groupe Belleflamme\",\"alternateName\":\"Belleflamme\",\"url\":\"https:\/\/www.belleflamme.ca\/fr\/\",\"logo\":{\"@type\":\"ImageObject\",\"inLanguage\":\"fr-FR\",\"@id\":\"https:\/\/www.belleflamme.ca\/fr\/#\/schema\/logo\/image\/\",\"url\":\"https:\/\/staging.belleflamme.ca\/wp-content\/uploads\/2023\/01\/og-image.jpg\",\"contentUrl\":\"https:\/\/staging.belleflamme.ca\/wp-content\/uploads\/2023\/01\/og-image.jpg\",\"width\":1200,\"height\":630,\"caption\":\"Groupe Belleflamme\"},\"image\":{\"@id\":\"https:\/\/www.belleflamme.ca\/fr\/#\/schema\/logo\/image\/\"},\"sameAs\":[\"https:\/\/www.facebook.com\/belleflamme.ca\/\",\"https:\/\/www.linkedin.com\/company\/belleflamme\/\",\"https:\/\/www.pinterest.ca\/groupebelleflamme\/\",\"https:\/\/www.instagram.com\/legroupebelleflamme\/\"],\"mainEntityOfPage\":{\"@id\":\"https:\/\/staging.belleflamme.ca\/fr\/produit\/foyer-auto-portant-75-ts-de-lyric\/\"}}]}<\/script>\n<meta property=\"product:brand\" content=\"Lyric\" \/>\n<meta property=\"product:price:amount\" content=\"5995.00\" \/>\n<meta property=\"product:price:currency\" content=\"CAD\" \/>\n<meta property=\"og:availability\" content=\"instock\" \/>\n<meta property=\"product:availability\" content=\"instock\" \/>\n<meta property=\"product:retailer_item_id\" content=\"US75TSSAQ1RN\" \/>\n<meta property=\"product:condition\" content=\"new\" \/>\n<!-- \/ Yoast SEO Premium plugin. -->","yoast_head_json":{"title":"Foyer Auto Portant 75 TS de Lyric - Groupe BelleFlamme","description":"Foyer Auto Portant 75 TS de Lyric vendu et install\u00e9 par le Groupe Belleflamme. Laval, Montr\u00e9al, Gatineau, Drummondville et Saint-Sauveur.","robots":{"index":"index","follow":"follow","max-snippet":"max-snippet:-1","max-image-preview":"max-image-preview:large","max-video-preview":"max-video-preview:-1"},"canonical":"https:\/\/staging.belleflamme.ca\/fr\/produit\/foyer-auto-portant-75-ts-de-lyric\/","og_locale":"fr_FR","og_type":"article","og_title":"Foyer Auto Portant 75 TS de Lyric","og_description":"Foyer Auto Portant 75 TS de Lyric vendu et install\u00e9 par le Groupe Belleflamme. Laval, Montr\u00e9al, Gatineau, Drummondville et Saint-Sauveur.","og_url":"https:\/\/staging.belleflamme.ca\/fr\/produit\/foyer-auto-portant-75-ts-de-lyric\/","og_site_name":"Groupe BelleFlamme","article_publisher":"https:\/\/www.facebook.com\/belleflamme.ca\/","article_modified_time":"2025-02-27T20:59:04+00:00","og_image":[{"width":1853,"height":764,"url":"https:\/\/www.belleflamme.ca\/wp-content\/uploads\/2023\/12\/Foyer-Auto-Portant-75-TS-de-Lyric.webp","type":"image\/webp"}],"twitter_card":"summary_large_image","twitter_misc":{"Prix":"&#36;5,995.00","Disponibilit\u00e9":"En stock"},"schema":{"@context":"https:\/\/schema.org","@graph":[{"@type":["WebPage","ItemPage"],"@id":"https:\/\/staging.belleflamme.ca\/fr\/produit\/foyer-auto-portant-75-ts-de-lyric\/","url":"https:\/\/staging.belleflamme.ca\/fr\/produit\/foyer-auto-portant-75-ts-de-lyric\/","name":"Foyer Auto Portant 75 TS de Lyric - Groupe BelleFlamme","isPartOf":{"@id":"https:\/\/www.belleflamme.ca\/fr\/#website"},"primaryImageOfPage":{"@id":"https:\/\/staging.belleflamme.ca\/fr\/produit\/foyer-auto-portant-75-ts-de-lyric\/#primaryimage"},"image":{"@id":"https:\/\/staging.belleflamme.ca\/fr\/produit\/foyer-auto-portant-75-ts-de-lyric\/#primaryimage"},"thumbnailUrl":"https:\/\/staging.belleflamme.ca\/wp-content\/uploads\/2023\/12\/Foyer-Auto-Portant-75-TS-de-Lyric.webp","datePublished":"2023-12-01T18:29:49+00:00","dateModified":"2025-02-27T20:59:04+00:00","description":"Foyer Auto Portant 75 TS de Lyric [get_meta_en_fr]","breadcrumb":{"@id":"https:\/\/staging.belleflamme.ca\/fr\/produit\/foyer-auto-portant-75-ts-de-lyric\/#breadcrumb"},"inLanguage":"fr-FR","potentialAction":[{"@type":"ReadAction","target":["https:\/\/staging.belleflamme.ca\/fr\/produit\/foyer-auto-portant-75-ts-de-lyric\/"]}]},{"@type":"ImageObject","inLanguage":"fr-FR","@id":"https:\/\/staging.belleflamme.ca\/fr\/produit\/foyer-auto-portant-75-ts-de-lyric\/#primaryimage","url":"https:\/\/staging.belleflamme.ca\/wp-content\/uploads\/2023\/12\/Foyer-Auto-Portant-75-TS-de-Lyric.webp","contentUrl":"https:\/\/staging.belleflamme.ca\/wp-content\/uploads\/2023\/12\/Foyer-Auto-Portant-75-TS-de-Lyric.webp","width":1853,"height":764,"caption":"Foyer Auto Portant 75 TS de Lyric"},{"@type":"BreadcrumbList","@id":"https:\/\/staging.belleflamme.ca\/fr\/produit\/foyer-auto-portant-75-ts-de-lyric\/#breadcrumb","itemListElement":[{"@type":"ListItem","position":1,"name":"Accueil","item":"https:\/\/www.belleflamme.ca\/fr\/"},{"@type":"ListItem","position":2,"name":"Boutique","item":"https:\/\/www.belleflamme.ca\/fr\/boutique\/"},{"@type":"ListItem","position":3,"name":"Po\u00eales &amp; Foyers","item":"https:\/\/staging.belleflamme.ca\/fr\/categories\/poeles-et-foyers\/"},{"@type":"ListItem","position":4,"name":"Po\u00eale &amp; Foyer au Gaz","item":"https:\/\/staging.belleflamme.ca\/fr\/categories\/poeles-et-foyers\/poeles-foyer-au-gaz\/"},{"@type":"ListItem","position":5,"name":"Foyer au Gaz","item":"https:\/\/staging.belleflamme.ca\/fr\/categories\/poeles-et-foyers\/poeles-foyer-au-gaz\/foyer-au-gaz\/"},{"@type":"ListItem","position":6,"name":"Foyer Auto Portant 75 TS de Lyric"}]},{"@type":"WebSite","@id":"https:\/\/www.belleflamme.ca\/fr\/#website","url":"https:\/\/www.belleflamme.ca\/fr\/","name":"Groupe Belleflamme","description":"La m\u00e9canique du b\u00e2timent dans le sang.","publisher":{"@id":"https:\/\/www.belleflamme.ca\/fr\/#organization"},"potentialAction":[{"@type":"SearchAction","target":{"@type":"EntryPoint","urlTemplate":"https:\/\/www.belleflamme.ca\/fr\/?s={search_term_string}"},"query-input":{"@type":"PropertyValueSpecification","valueRequired":true,"valueName":"search_term_string"}}],"inLanguage":"fr-FR"},{"@type":["Organization","Place"],"@id":"https:\/\/www.belleflamme.ca\/fr\/#organization","name":"Groupe Belleflamme","alternateName":"Belleflamme","url":"https:\/\/www.belleflamme.ca\/fr\/","logo":{"@type":"ImageObject","inLanguage":"fr-FR","@id":"https:\/\/www.belleflamme.ca\/fr\/#\/schema\/logo\/image\/","url":"https:\/\/staging.belleflamme.ca\/wp-content\/uploads\/2023\/01\/og-image.jpg","contentUrl":"https:\/\/staging.belleflamme.ca\/wp-content\/uploads\/2023\/01\/og-image.jpg","width":1200,"height":630,"caption":"Groupe Belleflamme"},"image":{"@id":"https:\/\/www.belleflamme.ca\/fr\/#\/schema\/logo\/image\/"},"sameAs":["https:\/\/www.facebook.com\/belleflamme.ca\/","https:\/\/www.linkedin.com\/company\/belleflamme\/","https:\/\/www.pinterest.ca\/groupebelleflamme\/","https:\/\/www.instagram.com\/legroupebelleflamme\/"],"mainEntityOfPage":{"@id":"https:\/\/staging.belleflamme.ca\/fr\/produit\/foyer-auto-portant-75-ts-de-lyric\/"}}]},"product_brand":"Lyric","product_price_amount":"5995.00","product_price_currency":"CAD","og_availability":"instock","product_availability":"instock","product_retailer_item_id":"US75TSSAQ1RN","product_condition":"new"},"_links":{"self":[{"href":"https:\/\/staging.belleflamme.ca\/fr\/wp-json\/wp\/v2\/product\/24181","targetHints":{"allow":["GET"]}}],"collection":[{"href":"https:\/\/staging.belleflamme.ca\/fr\/wp-json\/wp\/v2\/product"}],"about":[{"href":"https:\/\/staging.belleflamme.ca\/fr\/wp-json\/wp\/v2\/types\/product"}],"version-history":[{"count":8,"href":"https:\/\/staging.belleflamme.ca\/fr\/wp-json\/wp\/v2\/product\/24181\/revisions"}],"predecessor-version":[{"id":43670,"href":"https:\/\/staging.belleflamme.ca\/fr\/wp-json\/wp\/v2\/product\/24181\/revisions\/43670"}],"wp:featuredmedia":[{"embeddable":true,"href":"https:\/\/staging.belleflamme.ca\/fr\/wp-json\/wp\/v2\/media\/24182"}],"wp:attachment":[{"href":"https:\/\/staging.belleflamme.ca\/fr\/wp-json\/wp\/v2\/media?parent=24181"}],"wp:term":[{"taxonomy":"product_brand","embeddable":true,"href":"https:\/\/staging.belleflamme.ca\/fr\/wp-json\/wp\/v2\/product_brand?post=24181"},{"taxonomy":"product_cat","embeddable":true,"href":"https:\/\/staging.belleflamme.ca\/fr\/wp-json\/wp\/v2\/product_cat?post=24181"},{"taxonomy":"product_tag","embeddable":true,"href":"https:\/\/staging.belleflamme.ca\/fr\/wp-json\/wp\/v2\/product_tag?post=24181"}],"curies":[{"name":"wp","href":"https:\/\/api.w.org\/{rel}","templated":true}]}}