{"id":24047,"date":"2023-12-01T12:18:04","date_gmt":"2023-12-01T17:18:04","guid":{"rendered":"https:\/\/www.belleflamme.ca\/?post_type=product&#038;p=24047"},"modified":"2024-09-24T15:20:08","modified_gmt":"2024-09-24T19:20:08","slug":"foyer-au-gaz-interieur-exterieur-helifire-360-de-town-and-country","status":"publish","type":"product","link":"https:\/\/staging.belleflamme.ca\/fr\/produit\/foyer-au-gaz-interieur-exterieur-helifire-360-de-town-and-country\/","title":{"rendered":"Foyer au Gaz Int\u00e9rieur\/Ext\u00e9rieur HELIFIRE 360 de Town and Country"},"content":{"rendered":"\t\t<div data-elementor-type=\"product-post\" data-elementor-id=\"24047\" class=\"elementor elementor-24047\" data-elementor-post-type=\"product\">\n\t\t\t\t\t\t<section class=\"elementor-section elementor-top-section elementor-element elementor-element-1089b87d elementor-section-boxed elementor-section-height-default elementor-section-height-default\" data-id=\"1089b87d\" data-element_type=\"section\">\n\t\t\t\t\t\t<div class=\"elementor-container elementor-column-gap-default\">\n\t\t\t\t\t<div class=\"elementor-column elementor-col-100 elementor-top-column elementor-element elementor-element-7d1cbe15\" data-id=\"7d1cbe15\" data-element_type=\"column\">\n\t\t\t<div class=\"elementor-widget-wrap elementor-element-populated\">\n\t\t\t\t\t\t<div class=\"elementor-element elementor-element-7c59e7d2 elementor-widget elementor-widget-text-editor\" data-id=\"7c59e7d2\" data-element_type=\"widget\" data-widget_type=\"text-editor.default\">\n\t\t\t\t<div class=\"elementor-widget-container\">\n\t\t\t\t\t\t\t\t\tAjoutant un feu spectaculaire et accrocheur \u00e0 n&#8217;importe quel espace, la longue et luxueuse flamme de l&#8217;HeliFire 360 \u200b\u200bprojette une lueur s\u00e9duisante, faisant une d\u00e9claration de design audacieuse partout o\u00f9 elle est install\u00e9e.\u00a0Avec des possibilit\u00e9s d&#8217;installation infinies, de l&#8217;horizontale \u00e0 la verticale, d&#8217;un c\u00f4t\u00e9 au transparent, de l&#8217;int\u00e9rieur \u00e0 l&#8217;ext\u00e9rieur.\r\n<h2 class=\"header\">CARACT\u00c9RISTIQUES DE L&#8217;H\u00c9LIFIRE 360<\/h2>\r\n<ul class=\"list-wrap\">\r\n \t<li class=\"list-item col-1\"><span class=\"content\">Gaz naturel ou propane<\/span><\/li>\r\n \t<li class=\"list-item col-1\"><span class=\"content\">Entr\u00e9e de 22 000 Btu\/h<\/span><\/li>\r\n \t<li class=\"list-item col-1\"><span class=\"content\">Construction enti\u00e8rement en acier inoxydable 304<\/span><\/li>\r\n \t<li class=\"list-item col-1\"><span class=\"content\">Simple face et transparent<\/span><\/li>\r\n \t<li class=\"list-item col-1\"><span class=\"content\">Int\u00e9rieur, ext\u00e9rieur, int\u00e9rieur-ext\u00e9rieur<\/span><\/li>\r\n \t<li class=\"list-item col-1\"><span class=\"content\">Technologie du verre froid<\/span><\/li>\r\n \t<li class=\"list-item col-1\"><span class=\"content\">Vitre thermique pour usage ext\u00e9rieur<\/span><\/li>\r\n \t<li class=\"list-item col-1\"><span class=\"content\">Des possibilit\u00e9s infinies avec une capacit\u00e9 d&#8217;installation \u00e0 360\u00b0<\/span><\/li>\r\n \t<li class=\"list-item col-1\"><span class=\"content\">La longueur de la flamme peut varier jusqu&#8217;\u00e0 30\u00a0% selon la longueur de l&#8217;\u00e9vent, le type de combustible et l&#8217;orientation.<\/span><\/li>\r\n \t<li class=\"list-item col-1\"><span class=\"content\">Efficacit\u00e9 16,8\u00a0% (GN) \/ 5,5\u00a0% (LP) (Bas\u00e9 sur CPSA P.4.1-15)<\/span><\/li>\r\n<\/ul>\t\t\t\t\t\t\t\t<\/div>\n\t\t\t\t<\/div>\n\t\t\t\t\t<\/div>\n\t\t<\/div>\n\t\t\t\t\t<\/div>\n\t\t<\/section>\n\t\t\t\t<section class=\"elementor-section elementor-top-section elementor-element elementor-element-d80494b elementor-section-boxed elementor-section-height-default elementor-section-height-default\" data-id=\"d80494b\" data-element_type=\"section\">\n\t\t\t\t\t\t<div class=\"elementor-container elementor-column-gap-default\">\n\t\t\t\t\t<div class=\"elementor-column elementor-col-100 elementor-top-column elementor-element elementor-element-283df3a\" data-id=\"283df3a\" data-element_type=\"column\">\n\t\t\t<div class=\"elementor-widget-wrap elementor-element-populated\">\n\t\t\t\t\t\t<div class=\"elementor-element elementor-element-32f89f0 elementor-tabs-view-horizontal elementor-widget elementor-widget-tabs\" data-id=\"32f89f0\" data-element_type=\"widget\" data-widget_type=\"tabs.default\">\n\t\t\t\t<div class=\"elementor-widget-container\">\n\t\t\t\t\t\t\t<div class=\"elementor-tabs\">\n\t\t\t<div class=\"elementor-tabs-wrapper\" role=\"tablist\" >\n\t\t\t\t\t\t\t\t\t<div id=\"elementor-tab-title-5341\" class=\"elementor-tab-title elementor-tab-desktop-title\" aria-selected=\"true\" data-tab=\"1\" role=\"tab\" tabindex=\"0\" aria-controls=\"elementor-tab-content-5341\" aria-expanded=\"false\">Fichiers<\/div>\n\t\t\t\t\t\t\t<\/div>\n\t\t\t<div class=\"elementor-tabs-content-wrapper\" role=\"tablist\" aria-orientation=\"vertical\">\n\t\t\t\t\t\t\t\t\t<div class=\"elementor-tab-title elementor-tab-mobile-title\" aria-selected=\"true\" data-tab=\"1\" role=\"tab\" tabindex=\"0\" aria-controls=\"elementor-tab-content-5341\" aria-expanded=\"false\">Fichiers<\/div>\n\t\t\t\t\t<div id=\"elementor-tab-content-5341\" class=\"elementor-tab-content elementor-clearfix\" data-tab=\"1\" role=\"tabpanel\" aria-labelledby=\"elementor-tab-title-5341\" tabindex=\"0\" hidden=\"false\"><i class=\"far fa-file-pdf fa-xl\" style=\"font-size:35px\"><\/i><a href=\"https:\/\/www.belleflamme.ca\/wp-content\/uploads\/2023\/12\/2018-HeliFire-Spec.pdf\"> Sp\u00e9cifications<\/a><\/br>\n<i class=\"far fa-file-pdf fa-xl\" style=\"font-size:35px\"><\/i><a href=\"https:\/\/www.belleflamme.ca\/wp-content\/uploads\/2023\/12\/100005054_HeliFire-360_Install_171123-40-1.pdf\"> Installation<\/a><\/br><\/div>\n\t\t\t\t\t\t\t<\/div>\n\t\t<\/div>\n\t\t\t\t\t\t<\/div>\n\t\t\t\t<\/div>\n\t\t\t\t\t<\/div>\n\t\t<\/div>\n\t\t\t\t\t<\/div>\n\t\t<\/section>\n\t\t\t\t<\/div>\n\t\t","protected":false},"excerpt":{"rendered":"<p>Ajoutant un feu spectaculaire et accrocheur \u00e0 n&#8217;importe quel espace, la longue et luxueuse flamme de l&#8217;HeliFire 360 \u200b\u200bprojette une lueur s\u00e9duisante, faisant une d\u00e9claration de design audacieuse partout o\u00f9 elle est install\u00e9e.\u00a0Avec des possibilit\u00e9s d&#8217;installation infinies, de l&#8217;horizontale \u00e0 la verticale, d&#8217;un c\u00f4t\u00e9 au transparent, de l&#8217;int\u00e9rieur \u00e0 l&#8217;ext\u00e9rieur. CARACT\u00c9RISTIQUES DE L&#8217;H\u00c9LIFIRE 360 Gaz [&hellip;]<\/p>\n","protected":false},"featured_media":24048,"template":"","meta":{"inline_featured_image":false},"product_brand":[220],"product_cat":[113,119,33,35,37],"product_tag":[],"class_list":{"0":"post-24047","1":"product","2":"type-product","3":"status-publish","4":"has-post-thumbnail","6":"product_brand-town-and-country","7":"product_cat-bbq-produits-exterieurs","8":"product_cat-foyers-exterieurs","9":"product_cat-poeles-et-foyers","10":"product_cat-poeles-foyer-au-gaz","11":"product_cat-foyer-au-gaz","13":"first","14":"instock","15":"taxable","16":"shipping-taxable","17":"purchasable","18":"product-type-variable"},"yoast_head":"<!-- This site is optimized with the Yoast SEO Premium plugin v24.2 (Yoast SEO v24.2) - https:\/\/yoast.com\/wordpress\/plugins\/seo\/ -->\n<title>Foyer au Gaz Int\u00e9rieur\/Ext\u00e9rieur HELIFIRE 360 de Town and Country - Groupe BelleFlamme<\/title>\n<meta name=\"description\" content=\"Foyer au Gaz Int\u00e9rieur\/Ext\u00e9rieur HELIFIRE 360 de Town and Country vendu et install\u00e9 par le Groupe Belleflamme. Laval, Montr\u00e9al, Gatineau, Drummondville et Saint-Sauveur.\" \/>\n<meta name=\"robots\" content=\"index, follow, max-snippet:-1, max-image-preview:large, max-video-preview:-1\" \/>\n<link rel=\"canonical\" href=\"https:\/\/staging.belleflamme.ca\/fr\/produit\/foyer-au-gaz-interieur-exterieur-helifire-360-de-town-and-country\/\" \/>\n<meta property=\"og:locale\" content=\"fr_FR\" \/>\n<meta property=\"og:type\" content=\"article\" \/>\n<meta property=\"og:title\" content=\"Foyer au Gaz Int\u00e9rieur\/Ext\u00e9rieur HELIFIRE 360 de Town and Country\" \/>\n<meta property=\"og:description\" content=\"Foyer au Gaz Int\u00e9rieur\/Ext\u00e9rieur HELIFIRE 360 de Town and Country vendu et install\u00e9 par le Groupe Belleflamme. Laval, Montr\u00e9al, Gatineau, Drummondville et Saint-Sauveur.\" \/>\n<meta property=\"og:url\" content=\"https:\/\/staging.belleflamme.ca\/fr\/produit\/foyer-au-gaz-interieur-exterieur-helifire-360-de-town-and-country\/\" \/>\n<meta property=\"og:site_name\" content=\"Groupe BelleFlamme\" \/>\n<meta property=\"article:publisher\" content=\"https:\/\/www.facebook.com\/belleflamme.ca\/\" \/>\n<meta property=\"article:modified_time\" content=\"2024-09-24T19:20:08+00:00\" \/>\n<meta property=\"og:image\" content=\"https:\/\/www.belleflamme.ca\/wp-content\/uploads\/2023\/12\/Foyer-au-Gaz-HELIFIRE-360-de-Town-and-Country.jpg\" \/>\n\t<meta property=\"og:image:width\" content=\"1000\" \/>\n\t<meta property=\"og:image:height\" content=\"987\" \/>\n\t<meta property=\"og:image:type\" content=\"image\/jpeg\" \/>\n<meta name=\"twitter:card\" content=\"summary_large_image\" \/>\n<meta name=\"twitter:label1\" content=\"Disponibilit\u00e9\" \/>\n\t<meta name=\"twitter:data1\" content=\"En stock\" \/>\n<script type=\"application\/ld+json\" class=\"yoast-schema-graph\">{\"@context\":\"https:\/\/schema.org\",\"@graph\":[{\"@type\":[\"WebPage\",\"ItemPage\"],\"@id\":\"https:\/\/staging.belleflamme.ca\/fr\/produit\/foyer-au-gaz-interieur-exterieur-helifire-360-de-town-and-country\/\",\"url\":\"https:\/\/staging.belleflamme.ca\/fr\/produit\/foyer-au-gaz-interieur-exterieur-helifire-360-de-town-and-country\/\",\"name\":\"Foyer au Gaz Int\u00e9rieur\/Ext\u00e9rieur HELIFIRE 360 de Town and Country - Groupe BelleFlamme\",\"isPartOf\":{\"@id\":\"https:\/\/www.belleflamme.ca\/fr\/#website\"},\"primaryImageOfPage\":{\"@id\":\"https:\/\/staging.belleflamme.ca\/fr\/produit\/foyer-au-gaz-interieur-exterieur-helifire-360-de-town-and-country\/#primaryimage\"},\"image\":{\"@id\":\"https:\/\/staging.belleflamme.ca\/fr\/produit\/foyer-au-gaz-interieur-exterieur-helifire-360-de-town-and-country\/#primaryimage\"},\"thumbnailUrl\":\"https:\/\/staging.belleflamme.ca\/wp-content\/uploads\/2023\/12\/Foyer-au-Gaz-HELIFIRE-360-de-Town-and-Country.jpg\",\"datePublished\":\"2023-12-01T17:18:04+00:00\",\"dateModified\":\"2024-09-24T19:20:08+00:00\",\"description\":\"Foyer au Gaz Int\u00e9rieur\/Ext\u00e9rieur HELIFIRE 360 de Town and Country [get_meta_en_fr]\",\"breadcrumb\":{\"@id\":\"https:\/\/staging.belleflamme.ca\/fr\/produit\/foyer-au-gaz-interieur-exterieur-helifire-360-de-town-and-country\/#breadcrumb\"},\"inLanguage\":\"fr-FR\",\"potentialAction\":[{\"@type\":\"ReadAction\",\"target\":[\"https:\/\/staging.belleflamme.ca\/fr\/produit\/foyer-au-gaz-interieur-exterieur-helifire-360-de-town-and-country\/\"]}]},{\"@type\":\"ImageObject\",\"inLanguage\":\"fr-FR\",\"@id\":\"https:\/\/staging.belleflamme.ca\/fr\/produit\/foyer-au-gaz-interieur-exterieur-helifire-360-de-town-and-country\/#primaryimage\",\"url\":\"https:\/\/staging.belleflamme.ca\/wp-content\/uploads\/2023\/12\/Foyer-au-Gaz-HELIFIRE-360-de-Town-and-Country.jpg\",\"contentUrl\":\"https:\/\/staging.belleflamme.ca\/wp-content\/uploads\/2023\/12\/Foyer-au-Gaz-HELIFIRE-360-de-Town-and-Country.jpg\",\"width\":1000,\"height\":987,\"caption\":\"Foyer au Gaz HELIFIRE 360 de Town and Country\"},{\"@type\":\"BreadcrumbList\",\"@id\":\"https:\/\/staging.belleflamme.ca\/fr\/produit\/foyer-au-gaz-interieur-exterieur-helifire-360-de-town-and-country\/#breadcrumb\",\"itemListElement\":[{\"@type\":\"ListItem\",\"position\":1,\"name\":\"Accueil\",\"item\":\"https:\/\/www.belleflamme.ca\/fr\/\"},{\"@type\":\"ListItem\",\"position\":2,\"name\":\"Boutique\",\"item\":\"https:\/\/www.belleflamme.ca\/fr\/boutique\/\"},{\"@type\":\"ListItem\",\"position\":3,\"name\":\"Po\u00eales &amp; Foyers\",\"item\":\"https:\/\/staging.belleflamme.ca\/fr\/categories\/poeles-et-foyers\/\"},{\"@type\":\"ListItem\",\"position\":4,\"name\":\"Po\u00eale &amp; Foyer au Gaz\",\"item\":\"https:\/\/staging.belleflamme.ca\/fr\/categories\/poeles-et-foyers\/poeles-foyer-au-gaz\/\"},{\"@type\":\"ListItem\",\"position\":5,\"name\":\"Foyer au Gaz\",\"item\":\"https:\/\/staging.belleflamme.ca\/fr\/categories\/poeles-et-foyers\/poeles-foyer-au-gaz\/foyer-au-gaz\/\"},{\"@type\":\"ListItem\",\"position\":6,\"name\":\"Foyer au Gaz Int\u00e9rieur\/Ext\u00e9rieur HELIFIRE 360 de Town and Country\"}]},{\"@type\":\"WebSite\",\"@id\":\"https:\/\/www.belleflamme.ca\/fr\/#website\",\"url\":\"https:\/\/www.belleflamme.ca\/fr\/\",\"name\":\"Groupe Belleflamme\",\"description\":\"La m\u00e9canique du b\u00e2timent dans le sang.\",\"publisher\":{\"@id\":\"https:\/\/www.belleflamme.ca\/fr\/#organization\"},\"potentialAction\":[{\"@type\":\"SearchAction\",\"target\":{\"@type\":\"EntryPoint\",\"urlTemplate\":\"https:\/\/www.belleflamme.ca\/fr\/?s={search_term_string}\"},\"query-input\":{\"@type\":\"PropertyValueSpecification\",\"valueRequired\":true,\"valueName\":\"search_term_string\"}}],\"inLanguage\":\"fr-FR\"},{\"@type\":[\"Organization\",\"Place\"],\"@id\":\"https:\/\/www.belleflamme.ca\/fr\/#organization\",\"name\":\"Groupe Belleflamme\",\"alternateName\":\"Belleflamme\",\"url\":\"https:\/\/www.belleflamme.ca\/fr\/\",\"logo\":{\"@type\":\"ImageObject\",\"inLanguage\":\"fr-FR\",\"@id\":\"https:\/\/www.belleflamme.ca\/fr\/#\/schema\/logo\/image\/\",\"url\":\"https:\/\/staging.belleflamme.ca\/wp-content\/uploads\/2023\/01\/og-image.jpg\",\"contentUrl\":\"https:\/\/staging.belleflamme.ca\/wp-content\/uploads\/2023\/01\/og-image.jpg\",\"width\":1200,\"height\":630,\"caption\":\"Groupe Belleflamme\"},\"image\":{\"@id\":\"https:\/\/www.belleflamme.ca\/fr\/#\/schema\/logo\/image\/\"},\"sameAs\":[\"https:\/\/www.facebook.com\/belleflamme.ca\/\",\"https:\/\/www.linkedin.com\/company\/belleflamme\/\",\"https:\/\/www.pinterest.ca\/groupebelleflamme\/\",\"https:\/\/www.instagram.com\/legroupebelleflamme\/\"],\"mainEntityOfPage\":{\"@id\":\"https:\/\/staging.belleflamme.ca\/fr\/produit\/foyer-au-gaz-interieur-exterieur-helifire-360-de-town-and-country\/\"}}]}<\/script>\n<meta property=\"product:brand\" content=\"Town &amp; Country\" \/>\n<meta property=\"og:availability\" content=\"instock\" \/>\n<meta property=\"product:availability\" content=\"instock\" \/>\n<meta property=\"product:condition\" content=\"new\" \/>\n<!-- \/ Yoast SEO Premium plugin. -->","yoast_head_json":{"title":"Foyer au Gaz Int\u00e9rieur\/Ext\u00e9rieur HELIFIRE 360 de Town and Country - Groupe BelleFlamme","description":"Foyer au Gaz Int\u00e9rieur\/Ext\u00e9rieur HELIFIRE 360 de Town and Country vendu et install\u00e9 par le Groupe Belleflamme. Laval, Montr\u00e9al, Gatineau, Drummondville et Saint-Sauveur.","robots":{"index":"index","follow":"follow","max-snippet":"max-snippet:-1","max-image-preview":"max-image-preview:large","max-video-preview":"max-video-preview:-1"},"canonical":"https:\/\/staging.belleflamme.ca\/fr\/produit\/foyer-au-gaz-interieur-exterieur-helifire-360-de-town-and-country\/","og_locale":"fr_FR","og_type":"article","og_title":"Foyer au Gaz Int\u00e9rieur\/Ext\u00e9rieur HELIFIRE 360 de Town and Country","og_description":"Foyer au Gaz Int\u00e9rieur\/Ext\u00e9rieur HELIFIRE 360 de Town and Country vendu et install\u00e9 par le Groupe Belleflamme. Laval, Montr\u00e9al, Gatineau, Drummondville et Saint-Sauveur.","og_url":"https:\/\/staging.belleflamme.ca\/fr\/produit\/foyer-au-gaz-interieur-exterieur-helifire-360-de-town-and-country\/","og_site_name":"Groupe BelleFlamme","article_publisher":"https:\/\/www.facebook.com\/belleflamme.ca\/","article_modified_time":"2024-09-24T19:20:08+00:00","og_image":[{"width":1000,"height":987,"url":"https:\/\/www.belleflamme.ca\/wp-content\/uploads\/2023\/12\/Foyer-au-Gaz-HELIFIRE-360-de-Town-and-Country.jpg","type":"image\/jpeg"}],"twitter_card":"summary_large_image","twitter_misc":{"Disponibilit\u00e9":"En stock"},"schema":{"@context":"https:\/\/schema.org","@graph":[{"@type":["WebPage","ItemPage"],"@id":"https:\/\/staging.belleflamme.ca\/fr\/produit\/foyer-au-gaz-interieur-exterieur-helifire-360-de-town-and-country\/","url":"https:\/\/staging.belleflamme.ca\/fr\/produit\/foyer-au-gaz-interieur-exterieur-helifire-360-de-town-and-country\/","name":"Foyer au Gaz Int\u00e9rieur\/Ext\u00e9rieur HELIFIRE 360 de Town and Country - Groupe BelleFlamme","isPartOf":{"@id":"https:\/\/www.belleflamme.ca\/fr\/#website"},"primaryImageOfPage":{"@id":"https:\/\/staging.belleflamme.ca\/fr\/produit\/foyer-au-gaz-interieur-exterieur-helifire-360-de-town-and-country\/#primaryimage"},"image":{"@id":"https:\/\/staging.belleflamme.ca\/fr\/produit\/foyer-au-gaz-interieur-exterieur-helifire-360-de-town-and-country\/#primaryimage"},"thumbnailUrl":"https:\/\/staging.belleflamme.ca\/wp-content\/uploads\/2023\/12\/Foyer-au-Gaz-HELIFIRE-360-de-Town-and-Country.jpg","datePublished":"2023-12-01T17:18:04+00:00","dateModified":"2024-09-24T19:20:08+00:00","description":"Foyer au Gaz Int\u00e9rieur\/Ext\u00e9rieur HELIFIRE 360 de Town and Country [get_meta_en_fr]","breadcrumb":{"@id":"https:\/\/staging.belleflamme.ca\/fr\/produit\/foyer-au-gaz-interieur-exterieur-helifire-360-de-town-and-country\/#breadcrumb"},"inLanguage":"fr-FR","potentialAction":[{"@type":"ReadAction","target":["https:\/\/staging.belleflamme.ca\/fr\/produit\/foyer-au-gaz-interieur-exterieur-helifire-360-de-town-and-country\/"]}]},{"@type":"ImageObject","inLanguage":"fr-FR","@id":"https:\/\/staging.belleflamme.ca\/fr\/produit\/foyer-au-gaz-interieur-exterieur-helifire-360-de-town-and-country\/#primaryimage","url":"https:\/\/staging.belleflamme.ca\/wp-content\/uploads\/2023\/12\/Foyer-au-Gaz-HELIFIRE-360-de-Town-and-Country.jpg","contentUrl":"https:\/\/staging.belleflamme.ca\/wp-content\/uploads\/2023\/12\/Foyer-au-Gaz-HELIFIRE-360-de-Town-and-Country.jpg","width":1000,"height":987,"caption":"Foyer au Gaz HELIFIRE 360 de Town and Country"},{"@type":"BreadcrumbList","@id":"https:\/\/staging.belleflamme.ca\/fr\/produit\/foyer-au-gaz-interieur-exterieur-helifire-360-de-town-and-country\/#breadcrumb","itemListElement":[{"@type":"ListItem","position":1,"name":"Accueil","item":"https:\/\/www.belleflamme.ca\/fr\/"},{"@type":"ListItem","position":2,"name":"Boutique","item":"https:\/\/www.belleflamme.ca\/fr\/boutique\/"},{"@type":"ListItem","position":3,"name":"Po\u00eales &amp; Foyers","item":"https:\/\/staging.belleflamme.ca\/fr\/categories\/poeles-et-foyers\/"},{"@type":"ListItem","position":4,"name":"Po\u00eale &amp; Foyer au Gaz","item":"https:\/\/staging.belleflamme.ca\/fr\/categories\/poeles-et-foyers\/poeles-foyer-au-gaz\/"},{"@type":"ListItem","position":5,"name":"Foyer au Gaz","item":"https:\/\/staging.belleflamme.ca\/fr\/categories\/poeles-et-foyers\/poeles-foyer-au-gaz\/foyer-au-gaz\/"},{"@type":"ListItem","position":6,"name":"Foyer au Gaz Int\u00e9rieur\/Ext\u00e9rieur HELIFIRE 360 de Town and Country"}]},{"@type":"WebSite","@id":"https:\/\/www.belleflamme.ca\/fr\/#website","url":"https:\/\/www.belleflamme.ca\/fr\/","name":"Groupe Belleflamme","description":"La m\u00e9canique du b\u00e2timent dans le sang.","publisher":{"@id":"https:\/\/www.belleflamme.ca\/fr\/#organization"},"potentialAction":[{"@type":"SearchAction","target":{"@type":"EntryPoint","urlTemplate":"https:\/\/www.belleflamme.ca\/fr\/?s={search_term_string}"},"query-input":{"@type":"PropertyValueSpecification","valueRequired":true,"valueName":"search_term_string"}}],"inLanguage":"fr-FR"},{"@type":["Organization","Place"],"@id":"https:\/\/www.belleflamme.ca\/fr\/#organization","name":"Groupe Belleflamme","alternateName":"Belleflamme","url":"https:\/\/www.belleflamme.ca\/fr\/","logo":{"@type":"ImageObject","inLanguage":"fr-FR","@id":"https:\/\/www.belleflamme.ca\/fr\/#\/schema\/logo\/image\/","url":"https:\/\/staging.belleflamme.ca\/wp-content\/uploads\/2023\/01\/og-image.jpg","contentUrl":"https:\/\/staging.belleflamme.ca\/wp-content\/uploads\/2023\/01\/og-image.jpg","width":1200,"height":630,"caption":"Groupe Belleflamme"},"image":{"@id":"https:\/\/www.belleflamme.ca\/fr\/#\/schema\/logo\/image\/"},"sameAs":["https:\/\/www.facebook.com\/belleflamme.ca\/","https:\/\/www.linkedin.com\/company\/belleflamme\/","https:\/\/www.pinterest.ca\/groupebelleflamme\/","https:\/\/www.instagram.com\/legroupebelleflamme\/"],"mainEntityOfPage":{"@id":"https:\/\/staging.belleflamme.ca\/fr\/produit\/foyer-au-gaz-interieur-exterieur-helifire-360-de-town-and-country\/"}}]},"product_brand":"Town &amp; Country","og_availability":"instock","product_availability":"instock","product_condition":"new"},"_links":{"self":[{"href":"https:\/\/staging.belleflamme.ca\/fr\/wp-json\/wp\/v2\/product\/24047","targetHints":{"allow":["GET"]}}],"collection":[{"href":"https:\/\/staging.belleflamme.ca\/fr\/wp-json\/wp\/v2\/product"}],"about":[{"href":"https:\/\/staging.belleflamme.ca\/fr\/wp-json\/wp\/v2\/types\/product"}],"version-history":[{"count":7,"href":"https:\/\/staging.belleflamme.ca\/fr\/wp-json\/wp\/v2\/product\/24047\/revisions"}],"predecessor-version":[{"id":43256,"href":"https:\/\/staging.belleflamme.ca\/fr\/wp-json\/wp\/v2\/product\/24047\/revisions\/43256"}],"wp:featuredmedia":[{"embeddable":true,"href":"https:\/\/staging.belleflamme.ca\/fr\/wp-json\/wp\/v2\/media\/24048"}],"wp:attachment":[{"href":"https:\/\/staging.belleflamme.ca\/fr\/wp-json\/wp\/v2\/media?parent=24047"}],"wp:term":[{"taxonomy":"product_brand","embeddable":true,"href":"https:\/\/staging.belleflamme.ca\/fr\/wp-json\/wp\/v2\/product_brand?post=24047"},{"taxonomy":"product_cat","embeddable":true,"href":"https:\/\/staging.belleflamme.ca\/fr\/wp-json\/wp\/v2\/product_cat?post=24047"},{"taxonomy":"product_tag","embeddable":true,"href":"https:\/\/staging.belleflamme.ca\/fr\/wp-json\/wp\/v2\/product_tag?post=24047"}],"curies":[{"name":"wp","href":"https:\/\/api.w.org\/{rel}","templated":true}]}}