{"id":24010,"date":"2023-12-01T11:51:42","date_gmt":"2023-12-01T16:51:42","guid":{"rendered":"https:\/\/www.belleflamme.ca\/?post_type=product&#038;p=24010"},"modified":"2024-10-30T07:27:00","modified_gmt":"2024-10-30T11:27:00","slug":"foyer-au-gaz-90-front-de-lyric","status":"publish","type":"product","link":"https:\/\/staging.belleflamme.ca\/fr\/produit\/foyer-au-gaz-90-front-de-lyric\/","title":{"rendered":"Foyer au Gaz 90 FRONT de Lyric"},"content":{"rendered":"\t\t<div data-elementor-type=\"product-post\" data-elementor-id=\"24010\" class=\"elementor elementor-24010\" data-elementor-post-type=\"product\">\n\t\t\t\t\t\t<section class=\"elementor-section elementor-top-section elementor-element elementor-element-601ffc0f elementor-section-boxed elementor-section-height-default elementor-section-height-default\" data-id=\"601ffc0f\" data-element_type=\"section\">\n\t\t\t\t\t\t<div class=\"elementor-container elementor-column-gap-default\">\n\t\t\t\t\t<div class=\"elementor-column elementor-col-100 elementor-top-column elementor-element elementor-element-817d4cb\" data-id=\"817d4cb\" data-element_type=\"column\">\n\t\t\t<div class=\"elementor-widget-wrap elementor-element-populated\">\n\t\t\t\t\t\t<div class=\"elementor-element elementor-element-22a147f elementor-widget elementor-widget-text-editor\" data-id=\"22a147f\" data-element_type=\"widget\" data-widget_type=\"text-editor.default\">\n\t\t\t\t<div class=\"elementor-widget-container\">\n\t\t\t\t\t\t\t\t\t<span>Le design intemporel rencontre la technologie moderne avec la gamme Lyric de foyers frontaux d&#8217;Ortal.\u00a0Marqu\u00e9s par une \u00e9l\u00e9gance s\u00e9culaire, une construction de premi\u00e8re classe et des finitions de haute qualit\u00e9, ces foyers \u00e0 gaz classiques s&#8217;int\u00e8grent parfaitement et harmonieusement dans les murs et autres \u00e9l\u00e9ments architecturaux.<\/span>\r\n\r\n<span>Profitez de la tranquillit\u00e9 d&#8217;esprit gr\u00e2ce \u00e0 nos \u00e9crans de s\u00e9curit\u00e9 presque invisibles, fournis en standard avec chaque unit\u00e9.\u00a0Et gr\u00e2ce \u00e0 la technologie Cool Wall de Lyric, vous n&#8217;aurez plus jamais \u00e0 vous soucier des dommages caus\u00e9s par la chaleur.<\/span>\r\n\r\n<span>Les foyers avant modernes de Lyric, o\u00f9 la performance r\u00e9volutionnaire rencontre la beaut\u00e9 classique.<\/span>\r\n<ul class=\"fireplace-list\">\r\n \t<li><span class=\"fireplace-list-title\"><span>ZONE DE VISION EN VERRE\u00a0:<\/span><\/span><span>\u00a036-9\/16&#8221; de largeur et 13-3\/4&#8221; de hauteur<\/span><\/li>\r\n \t<li><span class=\"fireplace-list-title\"><span>BTU MAX (NG)\u00a0:<\/span><\/span><span>\u00a037\u00a0100<\/span><\/li>\r\n \t<li><span class=\"fireplace-list-title\"><span>BTU MAX (LP)\u00a0:<\/span><\/span><span>\u00a028\u00a0500<\/span><\/li>\r\n \t<li><span class=\"fireplace-list-title\"><span>EFFICACIT\u00c9:<\/span><\/span><\/li>\r\n \t<li><span class=\"fireplace-list-title\"><span>VENTILATION :<\/span><\/span><span>\u00a0Tuyau d&#8217;\u00e9vacuation directe coaxial 5X8 (int\u00e9rieur de 5 pouces, ext\u00e9rieur de 8 pouces) Syst\u00e8me d&#8217;\u00e9vacuation forc\u00e9e Ortal 35CVS en option (en ligne et affleurant) utilisant un tuyau CVS d&#8217;\u00e9vacuation directe coaxial 3X5 (int\u00e9rieur de 3 pouces, ext\u00e9rieur de 5 pouces) ).<\/span><\/li>\r\n \t<li><span class=\"fireplace-list-title\"><span>BARRI\u00c8RE THERMIQUE\u00a0:<\/span><\/span><span>\u00a0Barri\u00e8re d&#8217;\u00e9cran de s\u00e9curit\u00e9<\/span><\/li>\r\n \t<li><span class=\"fireplace-list-title\"><span>SUPPORTS D\u00c9CORATIFS\u00a0:<\/span><\/span><span>\u00a0Obsidienne polie<\/span><\/li>\r\n \t<li><span class=\"fireplace-list-title\"><span>INT\u00c9RIEURS\u00a0:<\/span><\/span><span>\u00a0Int\u00e9rieur noir mat standard Verre r\u00e9fl\u00e9chissant en c\u00e9ramique noire en option<\/span><\/li>\r\n \t<li><span class=\"fireplace-list-title\"><span>COMMANDES\u00a0:<\/span><\/span><span>\u00a0T\u00e9l\u00e9commande Mertik Maxitrol (standard), interrupteur mural (en option)<\/span><\/li>\r\n<\/ul>\t\t\t\t\t\t\t\t<\/div>\n\t\t\t\t<\/div>\n\t\t\t\t\t<\/div>\n\t\t<\/div>\n\t\t\t\t\t<\/div>\n\t\t<\/section>\n\t\t\t\t<section class=\"elementor-section elementor-top-section elementor-element elementor-element-01b67bf elementor-section-boxed elementor-section-height-default elementor-section-height-default\" data-id=\"01b67bf\" data-element_type=\"section\">\n\t\t\t\t\t\t<div class=\"elementor-container elementor-column-gap-default\">\n\t\t\t\t\t<div class=\"elementor-column elementor-col-100 elementor-top-column elementor-element elementor-element-85917f4\" data-id=\"85917f4\" data-element_type=\"column\">\n\t\t\t<div class=\"elementor-widget-wrap elementor-element-populated\">\n\t\t\t\t\t\t<div class=\"elementor-element elementor-element-e944656 elementor-tabs-view-horizontal elementor-widget elementor-widget-tabs\" data-id=\"e944656\" data-element_type=\"widget\" data-widget_type=\"tabs.default\">\n\t\t\t\t<div class=\"elementor-widget-container\">\n\t\t\t\t\t\t\t<div class=\"elementor-tabs\">\n\t\t\t<div class=\"elementor-tabs-wrapper\" role=\"tablist\" >\n\t\t\t\t\t\t\t\t\t<div id=\"elementor-tab-title-2441\" class=\"elementor-tab-title elementor-tab-desktop-title\" aria-selected=\"true\" data-tab=\"1\" role=\"tab\" tabindex=\"0\" aria-controls=\"elementor-tab-content-2441\" aria-expanded=\"false\">Fichiers<\/div>\n\t\t\t\t\t\t\t<\/div>\n\t\t\t<div class=\"elementor-tabs-content-wrapper\" role=\"tablist\" aria-orientation=\"vertical\">\n\t\t\t\t\t\t\t\t\t<div class=\"elementor-tab-title elementor-tab-mobile-title\" aria-selected=\"true\" data-tab=\"1\" role=\"tab\" tabindex=\"0\" aria-controls=\"elementor-tab-content-2441\" aria-expanded=\"false\">Fichiers<\/div>\n\t\t\t\t\t<div id=\"elementor-tab-content-2441\" class=\"elementor-tab-content elementor-clearfix\" data-tab=\"1\" role=\"tabpanel\" aria-labelledby=\"elementor-tab-title-2441\" tabindex=\"0\" hidden=\"false\"><i class=\"far fa-file-pdf fa-xl\" style=\"font-size: 35px;\"><\/i><a href=\"https:\/\/www.belleflamme.ca\/wp-content\/uploads\/2023\/12\/F90-LYRIC-ZC.pdf\"> Dimenssions<\/a><\/br>\n<i class=\"far fa-file-pdf fa-xl\" style=\"font-size: 35px;\"><\/i><a href=\"https:\/\/www.belleflamme.ca\/wp-content\/uploads\/2023\/12\/Lyric-Installation-Manual-2.0-Built-In-Models-final-web.pdf\"> Installation<\/a><\/br>\n<i class=\"far fa-file-pdf fa-xl\" style=\"font-size: 35px;\"><\/i><a href=\"https:\/\/www.belleflamme.ca\/wp-content\/uploads\/2023\/12\/Catalouge-Lyric-2019-inside-digitallr.pdf\"> Catalogue<\/a><\/br><\/div>\n\t\t\t\t\t\t\t<\/div>\n\t\t<\/div>\n\t\t\t\t\t\t<\/div>\n\t\t\t\t<\/div>\n\t\t\t\t\t<\/div>\n\t\t<\/div>\n\t\t\t\t\t<\/div>\n\t\t<\/section>\n\t\t\t\t<\/div>\n\t\t","protected":false},"excerpt":{"rendered":"<p>Le design intemporel rencontre la technologie moderne avec la gamme Lyric de foyers frontaux d&#8217;Ortal.\u00a0Marqu\u00e9s par une \u00e9l\u00e9gance s\u00e9culaire, une construction de premi\u00e8re classe et des finitions de haute qualit\u00e9, ces foyers \u00e0 gaz classiques s&#8217;int\u00e8grent parfaitement et harmonieusement dans les murs et autres \u00e9l\u00e9ments architecturaux. Profitez de la tranquillit\u00e9 d&#8217;esprit gr\u00e2ce \u00e0 nos \u00e9crans [&hellip;]<\/p>\n","protected":false},"featured_media":24011,"template":"","meta":{"inline_featured_image":false},"product_brand":[219],"product_cat":[33,35,37],"product_tag":[],"class_list":{"0":"post-24010","1":"product","2":"type-product","3":"status-publish","4":"has-post-thumbnail","6":"product_brand-lyric","7":"product_cat-poeles-et-foyers","8":"product_cat-poeles-foyer-au-gaz","9":"product_cat-foyer-au-gaz","11":"first","12":"instock","13":"taxable","14":"shipping-taxable","15":"product-type-simple"},"yoast_head":"<!-- This site is optimized with the Yoast SEO Premium plugin v24.2 (Yoast SEO v24.2) - https:\/\/yoast.com\/wordpress\/plugins\/seo\/ -->\n<title>Foyer au Gaz 90 FRONT de Lyric - Groupe BelleFlamme<\/title>\n<meta name=\"description\" content=\"Foyer au Gaz 90 FRONT de Lyric vendu et install\u00e9 par le Groupe Belleflamme. Laval, Montr\u00e9al, Gatineau, Drummondville et Saint-Sauveur.\" \/>\n<meta name=\"robots\" content=\"index, follow, max-snippet:-1, max-image-preview:large, max-video-preview:-1\" \/>\n<link rel=\"canonical\" href=\"https:\/\/staging.belleflamme.ca\/fr\/produit\/foyer-au-gaz-90-front-de-lyric\/\" \/>\n<meta property=\"og:locale\" content=\"fr_FR\" \/>\n<meta property=\"og:type\" content=\"article\" \/>\n<meta property=\"og:title\" content=\"Foyer au Gaz 90 FRONT de Lyric\" \/>\n<meta property=\"og:description\" content=\"Foyer au Gaz 90 FRONT de Lyric vendu et install\u00e9 par le Groupe Belleflamme. Laval, Montr\u00e9al, Gatineau, Drummondville et Saint-Sauveur.\" \/>\n<meta property=\"og:url\" content=\"https:\/\/staging.belleflamme.ca\/fr\/produit\/foyer-au-gaz-90-front-de-lyric\/\" \/>\n<meta property=\"og:site_name\" content=\"Groupe BelleFlamme\" \/>\n<meta property=\"article:publisher\" content=\"https:\/\/www.facebook.com\/belleflamme.ca\/\" \/>\n<meta property=\"article:modified_time\" content=\"2024-10-30T11:27:00+00:00\" \/>\n<meta property=\"og:image\" content=\"https:\/\/www.belleflamme.ca\/wp-content\/uploads\/2023\/12\/Foyer-au-Gaz-90-FRONT-de-Lyric.webp\" \/>\n\t<meta property=\"og:image:width\" content=\"1920\" \/>\n\t<meta property=\"og:image:height\" content=\"601\" \/>\n\t<meta property=\"og:image:type\" content=\"image\/webp\" \/>\n<meta name=\"twitter:card\" content=\"summary_large_image\" \/>\n<meta name=\"twitter:label1\" content=\"Prix\" \/>\n\t<meta name=\"twitter:data1\" content=\"\" \/>\n\t<meta name=\"twitter:label2\" content=\"Disponibilit\u00e9\" \/>\n\t<meta name=\"twitter:data2\" content=\"En stock\" \/>\n<script type=\"application\/ld+json\" class=\"yoast-schema-graph\">{\"@context\":\"https:\/\/schema.org\",\"@graph\":[{\"@type\":[\"WebPage\",\"ItemPage\"],\"@id\":\"https:\/\/staging.belleflamme.ca\/fr\/produit\/foyer-au-gaz-90-front-de-lyric\/\",\"url\":\"https:\/\/staging.belleflamme.ca\/fr\/produit\/foyer-au-gaz-90-front-de-lyric\/\",\"name\":\"Foyer au Gaz 90 FRONT de Lyric - Groupe BelleFlamme\",\"isPartOf\":{\"@id\":\"https:\/\/www.belleflamme.ca\/fr\/#website\"},\"primaryImageOfPage\":{\"@id\":\"https:\/\/staging.belleflamme.ca\/fr\/produit\/foyer-au-gaz-90-front-de-lyric\/#primaryimage\"},\"image\":{\"@id\":\"https:\/\/staging.belleflamme.ca\/fr\/produit\/foyer-au-gaz-90-front-de-lyric\/#primaryimage\"},\"thumbnailUrl\":\"https:\/\/staging.belleflamme.ca\/wp-content\/uploads\/2023\/12\/Foyer-au-Gaz-90-FRONT-de-Lyric.webp\",\"datePublished\":\"2023-12-01T16:51:42+00:00\",\"dateModified\":\"2024-10-30T11:27:00+00:00\",\"description\":\"Foyer au Gaz 90 FRONT de Lyric [get_meta_en_fr]\",\"breadcrumb\":{\"@id\":\"https:\/\/staging.belleflamme.ca\/fr\/produit\/foyer-au-gaz-90-front-de-lyric\/#breadcrumb\"},\"inLanguage\":\"fr-FR\",\"potentialAction\":[{\"@type\":\"ReadAction\",\"target\":[\"https:\/\/staging.belleflamme.ca\/fr\/produit\/foyer-au-gaz-90-front-de-lyric\/\"]}]},{\"@type\":\"ImageObject\",\"inLanguage\":\"fr-FR\",\"@id\":\"https:\/\/staging.belleflamme.ca\/fr\/produit\/foyer-au-gaz-90-front-de-lyric\/#primaryimage\",\"url\":\"https:\/\/staging.belleflamme.ca\/wp-content\/uploads\/2023\/12\/Foyer-au-Gaz-90-FRONT-de-Lyric.webp\",\"contentUrl\":\"https:\/\/staging.belleflamme.ca\/wp-content\/uploads\/2023\/12\/Foyer-au-Gaz-90-FRONT-de-Lyric.webp\",\"width\":1920,\"height\":601,\"caption\":\"Foyer au Gaz 90 FRONT de Lyric\"},{\"@type\":\"BreadcrumbList\",\"@id\":\"https:\/\/staging.belleflamme.ca\/fr\/produit\/foyer-au-gaz-90-front-de-lyric\/#breadcrumb\",\"itemListElement\":[{\"@type\":\"ListItem\",\"position\":1,\"name\":\"Accueil\",\"item\":\"https:\/\/www.belleflamme.ca\/fr\/\"},{\"@type\":\"ListItem\",\"position\":2,\"name\":\"Boutique\",\"item\":\"https:\/\/www.belleflamme.ca\/fr\/boutique\/\"},{\"@type\":\"ListItem\",\"position\":3,\"name\":\"Po\u00eales &amp; Foyers\",\"item\":\"https:\/\/staging.belleflamme.ca\/fr\/categories\/poeles-et-foyers\/\"},{\"@type\":\"ListItem\",\"position\":4,\"name\":\"Po\u00eale &amp; Foyer au Gaz\",\"item\":\"https:\/\/staging.belleflamme.ca\/fr\/categories\/poeles-et-foyers\/poeles-foyer-au-gaz\/\"},{\"@type\":\"ListItem\",\"position\":5,\"name\":\"Foyer au Gaz\",\"item\":\"https:\/\/staging.belleflamme.ca\/fr\/categories\/poeles-et-foyers\/poeles-foyer-au-gaz\/foyer-au-gaz\/\"},{\"@type\":\"ListItem\",\"position\":6,\"name\":\"Foyer au Gaz 90 FRONT de Lyric\"}]},{\"@type\":\"WebSite\",\"@id\":\"https:\/\/www.belleflamme.ca\/fr\/#website\",\"url\":\"https:\/\/www.belleflamme.ca\/fr\/\",\"name\":\"Groupe Belleflamme\",\"description\":\"La m\u00e9canique du b\u00e2timent dans le sang.\",\"publisher\":{\"@id\":\"https:\/\/www.belleflamme.ca\/fr\/#organization\"},\"potentialAction\":[{\"@type\":\"SearchAction\",\"target\":{\"@type\":\"EntryPoint\",\"urlTemplate\":\"https:\/\/www.belleflamme.ca\/fr\/?s={search_term_string}\"},\"query-input\":{\"@type\":\"PropertyValueSpecification\",\"valueRequired\":true,\"valueName\":\"search_term_string\"}}],\"inLanguage\":\"fr-FR\"},{\"@type\":[\"Organization\",\"Place\"],\"@id\":\"https:\/\/www.belleflamme.ca\/fr\/#organization\",\"name\":\"Groupe Belleflamme\",\"alternateName\":\"Belleflamme\",\"url\":\"https:\/\/www.belleflamme.ca\/fr\/\",\"logo\":{\"@type\":\"ImageObject\",\"inLanguage\":\"fr-FR\",\"@id\":\"https:\/\/www.belleflamme.ca\/fr\/#\/schema\/logo\/image\/\",\"url\":\"https:\/\/staging.belleflamme.ca\/wp-content\/uploads\/2023\/01\/og-image.jpg\",\"contentUrl\":\"https:\/\/staging.belleflamme.ca\/wp-content\/uploads\/2023\/01\/og-image.jpg\",\"width\":1200,\"height\":630,\"caption\":\"Groupe Belleflamme\"},\"image\":{\"@id\":\"https:\/\/www.belleflamme.ca\/fr\/#\/schema\/logo\/image\/\"},\"sameAs\":[\"https:\/\/www.facebook.com\/belleflamme.ca\/\",\"https:\/\/www.linkedin.com\/company\/belleflamme\/\",\"https:\/\/www.pinterest.ca\/groupebelleflamme\/\",\"https:\/\/www.instagram.com\/legroupebelleflamme\/\"],\"mainEntityOfPage\":{\"@id\":\"https:\/\/staging.belleflamme.ca\/fr\/produit\/foyer-au-gaz-90-front-de-lyric\/\"}}]}<\/script>\n<meta property=\"product:brand\" content=\"Lyric\" \/>\n<meta property=\"product:price:amount\" content=\"0.00\" \/>\n<meta property=\"product:price:currency\" content=\"CAD\" \/>\n<meta property=\"og:availability\" content=\"instock\" \/>\n<meta property=\"product:availability\" content=\"instock\" \/>\n<meta property=\"product:retailer_item_id\" content=\"US90XXFRQ1RN\" \/>\n<meta property=\"product:condition\" content=\"new\" \/>\n<!-- \/ Yoast SEO Premium plugin. -->","yoast_head_json":{"title":"Foyer au Gaz 90 FRONT de Lyric - Groupe BelleFlamme","description":"Foyer au Gaz 90 FRONT de Lyric vendu et install\u00e9 par le Groupe Belleflamme. Laval, Montr\u00e9al, Gatineau, Drummondville et Saint-Sauveur.","robots":{"index":"index","follow":"follow","max-snippet":"max-snippet:-1","max-image-preview":"max-image-preview:large","max-video-preview":"max-video-preview:-1"},"canonical":"https:\/\/staging.belleflamme.ca\/fr\/produit\/foyer-au-gaz-90-front-de-lyric\/","og_locale":"fr_FR","og_type":"article","og_title":"Foyer au Gaz 90 FRONT de Lyric","og_description":"Foyer au Gaz 90 FRONT de Lyric vendu et install\u00e9 par le Groupe Belleflamme. Laval, Montr\u00e9al, Gatineau, Drummondville et Saint-Sauveur.","og_url":"https:\/\/staging.belleflamme.ca\/fr\/produit\/foyer-au-gaz-90-front-de-lyric\/","og_site_name":"Groupe BelleFlamme","article_publisher":"https:\/\/www.facebook.com\/belleflamme.ca\/","article_modified_time":"2024-10-30T11:27:00+00:00","og_image":[{"width":1920,"height":601,"url":"https:\/\/www.belleflamme.ca\/wp-content\/uploads\/2023\/12\/Foyer-au-Gaz-90-FRONT-de-Lyric.webp","type":"image\/webp"}],"twitter_card":"summary_large_image","twitter_misc":{"Prix":"","Disponibilit\u00e9":"En stock"},"schema":{"@context":"https:\/\/schema.org","@graph":[{"@type":["WebPage","ItemPage"],"@id":"https:\/\/staging.belleflamme.ca\/fr\/produit\/foyer-au-gaz-90-front-de-lyric\/","url":"https:\/\/staging.belleflamme.ca\/fr\/produit\/foyer-au-gaz-90-front-de-lyric\/","name":"Foyer au Gaz 90 FRONT de Lyric - Groupe BelleFlamme","isPartOf":{"@id":"https:\/\/www.belleflamme.ca\/fr\/#website"},"primaryImageOfPage":{"@id":"https:\/\/staging.belleflamme.ca\/fr\/produit\/foyer-au-gaz-90-front-de-lyric\/#primaryimage"},"image":{"@id":"https:\/\/staging.belleflamme.ca\/fr\/produit\/foyer-au-gaz-90-front-de-lyric\/#primaryimage"},"thumbnailUrl":"https:\/\/staging.belleflamme.ca\/wp-content\/uploads\/2023\/12\/Foyer-au-Gaz-90-FRONT-de-Lyric.webp","datePublished":"2023-12-01T16:51:42+00:00","dateModified":"2024-10-30T11:27:00+00:00","description":"Foyer au Gaz 90 FRONT de Lyric [get_meta_en_fr]","breadcrumb":{"@id":"https:\/\/staging.belleflamme.ca\/fr\/produit\/foyer-au-gaz-90-front-de-lyric\/#breadcrumb"},"inLanguage":"fr-FR","potentialAction":[{"@type":"ReadAction","target":["https:\/\/staging.belleflamme.ca\/fr\/produit\/foyer-au-gaz-90-front-de-lyric\/"]}]},{"@type":"ImageObject","inLanguage":"fr-FR","@id":"https:\/\/staging.belleflamme.ca\/fr\/produit\/foyer-au-gaz-90-front-de-lyric\/#primaryimage","url":"https:\/\/staging.belleflamme.ca\/wp-content\/uploads\/2023\/12\/Foyer-au-Gaz-90-FRONT-de-Lyric.webp","contentUrl":"https:\/\/staging.belleflamme.ca\/wp-content\/uploads\/2023\/12\/Foyer-au-Gaz-90-FRONT-de-Lyric.webp","width":1920,"height":601,"caption":"Foyer au Gaz 90 FRONT de Lyric"},{"@type":"BreadcrumbList","@id":"https:\/\/staging.belleflamme.ca\/fr\/produit\/foyer-au-gaz-90-front-de-lyric\/#breadcrumb","itemListElement":[{"@type":"ListItem","position":1,"name":"Accueil","item":"https:\/\/www.belleflamme.ca\/fr\/"},{"@type":"ListItem","position":2,"name":"Boutique","item":"https:\/\/www.belleflamme.ca\/fr\/boutique\/"},{"@type":"ListItem","position":3,"name":"Po\u00eales &amp; Foyers","item":"https:\/\/staging.belleflamme.ca\/fr\/categories\/poeles-et-foyers\/"},{"@type":"ListItem","position":4,"name":"Po\u00eale &amp; Foyer au Gaz","item":"https:\/\/staging.belleflamme.ca\/fr\/categories\/poeles-et-foyers\/poeles-foyer-au-gaz\/"},{"@type":"ListItem","position":5,"name":"Foyer au Gaz","item":"https:\/\/staging.belleflamme.ca\/fr\/categories\/poeles-et-foyers\/poeles-foyer-au-gaz\/foyer-au-gaz\/"},{"@type":"ListItem","position":6,"name":"Foyer au Gaz 90 FRONT de Lyric"}]},{"@type":"WebSite","@id":"https:\/\/www.belleflamme.ca\/fr\/#website","url":"https:\/\/www.belleflamme.ca\/fr\/","name":"Groupe Belleflamme","description":"La m\u00e9canique du b\u00e2timent dans le sang.","publisher":{"@id":"https:\/\/www.belleflamme.ca\/fr\/#organization"},"potentialAction":[{"@type":"SearchAction","target":{"@type":"EntryPoint","urlTemplate":"https:\/\/www.belleflamme.ca\/fr\/?s={search_term_string}"},"query-input":{"@type":"PropertyValueSpecification","valueRequired":true,"valueName":"search_term_string"}}],"inLanguage":"fr-FR"},{"@type":["Organization","Place"],"@id":"https:\/\/www.belleflamme.ca\/fr\/#organization","name":"Groupe Belleflamme","alternateName":"Belleflamme","url":"https:\/\/www.belleflamme.ca\/fr\/","logo":{"@type":"ImageObject","inLanguage":"fr-FR","@id":"https:\/\/www.belleflamme.ca\/fr\/#\/schema\/logo\/image\/","url":"https:\/\/staging.belleflamme.ca\/wp-content\/uploads\/2023\/01\/og-image.jpg","contentUrl":"https:\/\/staging.belleflamme.ca\/wp-content\/uploads\/2023\/01\/og-image.jpg","width":1200,"height":630,"caption":"Groupe Belleflamme"},"image":{"@id":"https:\/\/www.belleflamme.ca\/fr\/#\/schema\/logo\/image\/"},"sameAs":["https:\/\/www.facebook.com\/belleflamme.ca\/","https:\/\/www.linkedin.com\/company\/belleflamme\/","https:\/\/www.pinterest.ca\/groupebelleflamme\/","https:\/\/www.instagram.com\/legroupebelleflamme\/"],"mainEntityOfPage":{"@id":"https:\/\/staging.belleflamme.ca\/fr\/produit\/foyer-au-gaz-90-front-de-lyric\/"}}]},"product_brand":"Lyric","product_price_amount":"0.00","product_price_currency":"CAD","og_availability":"instock","product_availability":"instock","product_retailer_item_id":"US90XXFRQ1RN","product_condition":"new"},"_links":{"self":[{"href":"https:\/\/staging.belleflamme.ca\/fr\/wp-json\/wp\/v2\/product\/24010","targetHints":{"allow":["GET"]}}],"collection":[{"href":"https:\/\/staging.belleflamme.ca\/fr\/wp-json\/wp\/v2\/product"}],"about":[{"href":"https:\/\/staging.belleflamme.ca\/fr\/wp-json\/wp\/v2\/types\/product"}],"version-history":[{"count":8,"href":"https:\/\/staging.belleflamme.ca\/fr\/wp-json\/wp\/v2\/product\/24010\/revisions"}],"predecessor-version":[{"id":43665,"href":"https:\/\/staging.belleflamme.ca\/fr\/wp-json\/wp\/v2\/product\/24010\/revisions\/43665"}],"wp:featuredmedia":[{"embeddable":true,"href":"https:\/\/staging.belleflamme.ca\/fr\/wp-json\/wp\/v2\/media\/24011"}],"wp:attachment":[{"href":"https:\/\/staging.belleflamme.ca\/fr\/wp-json\/wp\/v2\/media?parent=24010"}],"wp:term":[{"taxonomy":"product_brand","embeddable":true,"href":"https:\/\/staging.belleflamme.ca\/fr\/wp-json\/wp\/v2\/product_brand?post=24010"},{"taxonomy":"product_cat","embeddable":true,"href":"https:\/\/staging.belleflamme.ca\/fr\/wp-json\/wp\/v2\/product_cat?post=24010"},{"taxonomy":"product_tag","embeddable":true,"href":"https:\/\/staging.belleflamme.ca\/fr\/wp-json\/wp\/v2\/product_tag?post=24010"}],"curies":[{"name":"wp","href":"https:\/\/api.w.org\/{rel}","templated":true}]}}