{"id":23875,"date":"2023-11-30T10:38:27","date_gmt":"2023-11-30T15:38:27","guid":{"rendered":"https:\/\/www.belleflamme.ca\/?post_type=product&#038;p=23875"},"modified":"2024-09-24T15:30:15","modified_gmt":"2024-09-24T19:30:15","slug":"foyer-exterieur-au-gaz-tc36-de-town-and-country","status":"publish","type":"product","link":"https:\/\/staging.belleflamme.ca\/fr\/produit\/foyer-exterieur-au-gaz-tc36-de-town-and-country\/","title":{"rendered":"Foyer ext\u00e9rieur au Gaz TC36 de Town and Country"},"content":{"rendered":"\t\t<div data-elementor-type=\"product-post\" data-elementor-id=\"23875\" class=\"elementor elementor-23875\" data-elementor-post-type=\"product\">\n\t\t\t\t\t\t<section class=\"elementor-section elementor-top-section elementor-element elementor-element-5f739f05 elementor-section-boxed elementor-section-height-default elementor-section-height-default\" data-id=\"5f739f05\" data-element_type=\"section\">\n\t\t\t\t\t\t<div class=\"elementor-container elementor-column-gap-default\">\n\t\t\t\t\t<div class=\"elementor-column elementor-col-100 elementor-top-column elementor-element elementor-element-2efecc96\" data-id=\"2efecc96\" data-element_type=\"column\">\n\t\t\t<div class=\"elementor-widget-wrap elementor-element-populated\">\n\t\t\t\t\t\t<div class=\"elementor-element elementor-element-413e183a elementor-widget elementor-widget-text-editor\" data-id=\"413e183a\" data-element_type=\"widget\" data-widget_type=\"text-editor.default\">\n\t\t\t\t<div class=\"elementor-widget-container\">\n\t\t\t\t\t\t\t\t\t<h2>LE LUXE N&#8217;A PAS DE LIMITES<\/h2>\r\n\u00c9gayez votre espace de vie ext\u00e9rieur avec notre foyer ext\u00e9rieur TC36.\u00a0Reproduisant l&#8217;aspect authentique d&#8217;un foyer \u00e0 bois \u00e0 pleine flamme, comme un foyer \u00e0 gaz, le TC36 Outdoor int\u00e8gre de l&#8217;acier inoxydable et du verre c\u00e9ramique pour se prot\u00e9ger des \u00e9l\u00e9ments.\r\n<h2 class=\"header\">CARACT\u00c9RISTIQUES DU TC36 EXT\u00c9RIEUR<\/h2>\r\n<ul class=\"list-wrap\">\r\n \t<li class=\"list-item col-1\"><span class=\"content\">Flammes audacieuses embl\u00e9matiques de Town &amp; Country<\/span><\/li>\r\n \t<li class=\"list-item col-1\"><span class=\"content\">Foyer affleurant pour l&#8217;aspect authentique d&#8217;un feu de bois<\/span><\/li>\r\n \t<li class=\"list-item col-1\"><span class=\"content\">Cr\u00e9ez votre feu parfait \u00e0 l&#8217;int\u00e9rieur de la chambre de combustion avec Design-A-Fire<\/span><\/li>\r\n \t<li class=\"list-item col-1\"><span class=\"content\">Cadre en acier inoxydable autour du verre c\u00e9ramique qui dispara\u00eet<\/span><\/li>\r\n \t<li class=\"list-item col-1\"><span class=\"content\">Ventilation directe seulement<\/span><\/li>\r\n \t<li class=\"list-item col-1\"><span class=\"content\">Commande par interrupteur mural uniquement<\/span><\/li>\r\n \t<li class=\"list-item col-1\"><span class=\"content\">Fonctionnement simple de la flamme marche\/arr\u00eat<\/span><\/li>\r\n \t<li class=\"list-item col-1\"><span class=\"content\">Minimum 24&#8243; de ventilation verticale requis<\/span><\/li>\r\n \t<li class=\"list-item col-1\"><span class=\"content\">Syst\u00e8me de valve robuste con\u00e7u pour les climats froids (jusqu&#8217;\u00e0 -40F)<\/span><\/li>\r\n \t<li class=\"list-item col-1\"><span class=\"content\">Mat\u00e9riaux et construction sup\u00e9rieurs<\/span><\/li>\r\n \t<li class=\"list-item col-1\"><span class=\"content\">Gaz naturel ou propane<\/span><\/li>\r\n \t<li class=\"list-item col-1\"><span class=\"content\">Les mod\u00e8les ext\u00e9rieurs n\u00e9cessitent des kits de br\u00fbleurs de la s\u00e9rie C<\/span><\/li>\r\n \t<li class=\"list-item col-1\"><span class=\"content\">Surface de visualisation totale en pouces carr\u00e9s\u00a0: 983<\/span><\/li>\r\n \t<li class=\"list-item col-1\"><span class=\"content\">Entr\u00e9e BTU NG\/LP\u00a0: 47\u00a0000 haut, 35\u00a0000 bas<\/span><\/li>\r\n \t<li class=\"list-item col-1\"><span class=\"content\">Efficacit\u00e9 26,8\u00a0% (bas\u00e9 sur CPSA P.4.1-15)<\/span><\/li>\r\n<\/ul>\t\t\t\t\t\t\t\t<\/div>\n\t\t\t\t<\/div>\n\t\t\t\t\t<\/div>\n\t\t<\/div>\n\t\t\t\t\t<\/div>\n\t\t<\/section>\n\t\t\t\t<section class=\"elementor-section elementor-top-section elementor-element elementor-element-3e184a6 elementor-section-boxed elementor-section-height-default elementor-section-height-default\" data-id=\"3e184a6\" data-element_type=\"section\">\n\t\t\t\t\t\t<div class=\"elementor-container elementor-column-gap-default\">\n\t\t\t\t\t<div class=\"elementor-column elementor-col-100 elementor-top-column elementor-element elementor-element-1881896\" data-id=\"1881896\" data-element_type=\"column\">\n\t\t\t<div class=\"elementor-widget-wrap elementor-element-populated\">\n\t\t\t\t\t\t<div class=\"elementor-element elementor-element-2498758 elementor-tabs-view-horizontal elementor-widget elementor-widget-tabs\" data-id=\"2498758\" data-element_type=\"widget\" data-widget_type=\"tabs.default\">\n\t\t\t\t<div class=\"elementor-widget-container\">\n\t\t\t\t\t\t\t<div class=\"elementor-tabs\">\n\t\t\t<div class=\"elementor-tabs-wrapper\" role=\"tablist\" >\n\t\t\t\t\t\t\t\t\t<div id=\"elementor-tab-title-3831\" class=\"elementor-tab-title elementor-tab-desktop-title\" aria-selected=\"true\" data-tab=\"1\" role=\"tab\" tabindex=\"0\" aria-controls=\"elementor-tab-content-3831\" aria-expanded=\"false\">Fichiers<\/div>\n\t\t\t\t\t\t\t<\/div>\n\t\t\t<div class=\"elementor-tabs-content-wrapper\" role=\"tablist\" aria-orientation=\"vertical\">\n\t\t\t\t\t\t\t\t\t<div class=\"elementor-tab-title elementor-tab-mobile-title\" aria-selected=\"true\" data-tab=\"1\" role=\"tab\" tabindex=\"0\" aria-controls=\"elementor-tab-content-3831\" aria-expanded=\"false\">Fichiers<\/div>\n\t\t\t\t\t<div id=\"elementor-tab-content-3831\" class=\"elementor-tab-content elementor-clearfix\" data-tab=\"1\" role=\"tabpanel\" aria-labelledby=\"elementor-tab-title-3831\" tabindex=\"0\" hidden=\"false\"><i class=\"far fa-file-pdf fa-xl\" style=\"font-size:35px\"><\/i><a href=\"https:\/\/www.belleflamme.ca\/wp-content\/uploads\/2023\/11\/TC36-Outdoor-Spec-Sheet.pdf\"> Sp\u00e9cifications<\/a><\/br>\n<i class=\"far fa-file-pdf fa-xl\" style=\"font-size:35px\"><\/i><a href=\"https:\/\/www.belleflamme.ca\/wp-content\/uploads\/2023\/11\/100004579-Manual-TC36.Code-w_screen-Installation-081123-44.pdf\"> Manuel<\/a><\/br><\/div>\n\t\t\t\t\t\t\t<\/div>\n\t\t<\/div>\n\t\t\t\t\t\t<\/div>\n\t\t\t\t<\/div>\n\t\t\t\t\t<\/div>\n\t\t<\/div>\n\t\t\t\t\t<\/div>\n\t\t<\/section>\n\t\t\t\t<\/div>\n\t\t","protected":false},"excerpt":{"rendered":"<p>LE LUXE N&#8217;A PAS DE LIMITES \u00c9gayez votre espace de vie ext\u00e9rieur avec notre foyer ext\u00e9rieur TC36.\u00a0Reproduisant l&#8217;aspect authentique d&#8217;un foyer \u00e0 bois \u00e0 pleine flamme, comme un foyer \u00e0 gaz, le TC36 Outdoor int\u00e8gre de l&#8217;acier inoxydable et du verre c\u00e9ramique pour se prot\u00e9ger des \u00e9l\u00e9ments. CARACT\u00c9RISTIQUES DU TC36 EXT\u00c9RIEUR Flammes audacieuses embl\u00e9matiques de [&hellip;]<\/p>\n","protected":false},"featured_media":23878,"template":"","meta":{"inline_featured_image":false},"product_brand":[220],"product_cat":[113,119],"product_tag":[],"class_list":{"0":"post-23875","1":"product","2":"type-product","3":"status-publish","4":"has-post-thumbnail","6":"product_brand-town-and-country","7":"product_cat-bbq-produits-exterieurs","8":"product_cat-foyers-exterieurs","10":"first","11":"instock","12":"taxable","13":"shipping-taxable","14":"purchasable","15":"product-type-simple"},"yoast_head":"<!-- This site is optimized with the Yoast SEO Premium plugin v24.2 (Yoast SEO v24.2) - https:\/\/yoast.com\/wordpress\/plugins\/seo\/ -->\n<title>Foyer ext\u00e9rieur au Gaz TC36 de Town and Country - Groupe BelleFlamme<\/title>\n<meta name=\"description\" content=\"Foyer ext\u00e9rieur au Gaz TC36 de Town and Country vendu et install\u00e9 par le Groupe Belleflamme. Laval, Montr\u00e9al, Gatineau, Drummondville et Saint-Sauveur.\" \/>\n<meta name=\"robots\" content=\"index, follow, max-snippet:-1, max-image-preview:large, max-video-preview:-1\" \/>\n<link rel=\"canonical\" href=\"https:\/\/staging.belleflamme.ca\/fr\/produit\/foyer-exterieur-au-gaz-tc36-de-town-and-country\/\" \/>\n<meta property=\"og:locale\" content=\"fr_FR\" \/>\n<meta property=\"og:type\" content=\"article\" \/>\n<meta property=\"og:title\" content=\"Foyer ext\u00e9rieur au Gaz TC36 de Town and Country\" \/>\n<meta property=\"og:description\" content=\"Foyer ext\u00e9rieur au Gaz TC36 de Town and Country vendu et install\u00e9 par le Groupe Belleflamme. Laval, Montr\u00e9al, Gatineau, Drummondville et Saint-Sauveur.\" \/>\n<meta property=\"og:url\" content=\"https:\/\/staging.belleflamme.ca\/fr\/produit\/foyer-exterieur-au-gaz-tc36-de-town-and-country\/\" \/>\n<meta property=\"og:site_name\" content=\"Groupe BelleFlamme\" \/>\n<meta property=\"article:publisher\" content=\"https:\/\/www.facebook.com\/belleflamme.ca\/\" \/>\n<meta property=\"article:modified_time\" content=\"2024-09-24T19:30:15+00:00\" \/>\n<meta property=\"og:image\" content=\"https:\/\/www.belleflamme.ca\/wp-content\/uploads\/2023\/11\/Foyer-exterieur-au-Gaz-TC36-de-Town-and-Country.jpg\" \/>\n\t<meta property=\"og:image:width\" content=\"1920\" \/>\n\t<meta property=\"og:image:height\" content=\"1344\" \/>\n\t<meta property=\"og:image:type\" content=\"image\/jpeg\" \/>\n<meta name=\"twitter:card\" content=\"summary_large_image\" \/>\n<meta name=\"twitter:label1\" content=\"Prix\" \/>\n\t<meta name=\"twitter:data1\" content=\"&#036;7,180.00\" \/>\n\t<meta name=\"twitter:label2\" content=\"Disponibilit\u00e9\" \/>\n\t<meta name=\"twitter:data2\" content=\"En stock\" \/>\n<script type=\"application\/ld+json\" class=\"yoast-schema-graph\">{\"@context\":\"https:\/\/schema.org\",\"@graph\":[{\"@type\":[\"WebPage\",\"ItemPage\"],\"@id\":\"https:\/\/staging.belleflamme.ca\/fr\/produit\/foyer-exterieur-au-gaz-tc36-de-town-and-country\/\",\"url\":\"https:\/\/staging.belleflamme.ca\/fr\/produit\/foyer-exterieur-au-gaz-tc36-de-town-and-country\/\",\"name\":\"Foyer ext\u00e9rieur au Gaz TC36 de Town and Country - Groupe BelleFlamme\",\"isPartOf\":{\"@id\":\"https:\/\/www.belleflamme.ca\/fr\/#website\"},\"primaryImageOfPage\":{\"@id\":\"https:\/\/staging.belleflamme.ca\/fr\/produit\/foyer-exterieur-au-gaz-tc36-de-town-and-country\/#primaryimage\"},\"image\":{\"@id\":\"https:\/\/staging.belleflamme.ca\/fr\/produit\/foyer-exterieur-au-gaz-tc36-de-town-and-country\/#primaryimage\"},\"thumbnailUrl\":\"https:\/\/staging.belleflamme.ca\/wp-content\/uploads\/2023\/11\/Foyer-exterieur-au-Gaz-TC36-de-Town-and-Country.jpg\",\"datePublished\":\"2023-11-30T15:38:27+00:00\",\"dateModified\":\"2024-09-24T19:30:15+00:00\",\"description\":\"Foyer ext\u00e9rieur au Gaz TC36 de Town and Country [get_meta_en_fr]\",\"breadcrumb\":{\"@id\":\"https:\/\/staging.belleflamme.ca\/fr\/produit\/foyer-exterieur-au-gaz-tc36-de-town-and-country\/#breadcrumb\"},\"inLanguage\":\"fr-FR\",\"potentialAction\":[{\"@type\":\"ReadAction\",\"target\":[\"https:\/\/staging.belleflamme.ca\/fr\/produit\/foyer-exterieur-au-gaz-tc36-de-town-and-country\/\"]}]},{\"@type\":\"ImageObject\",\"inLanguage\":\"fr-FR\",\"@id\":\"https:\/\/staging.belleflamme.ca\/fr\/produit\/foyer-exterieur-au-gaz-tc36-de-town-and-country\/#primaryimage\",\"url\":\"https:\/\/staging.belleflamme.ca\/wp-content\/uploads\/2023\/11\/Foyer-exterieur-au-Gaz-TC36-de-Town-and-Country.jpg\",\"contentUrl\":\"https:\/\/staging.belleflamme.ca\/wp-content\/uploads\/2023\/11\/Foyer-exterieur-au-Gaz-TC36-de-Town-and-Country.jpg\",\"width\":1920,\"height\":1344,\"caption\":\"Foyer ext\u00e9rieur au Gaz TC36 de Town and Country\"},{\"@type\":\"BreadcrumbList\",\"@id\":\"https:\/\/staging.belleflamme.ca\/fr\/produit\/foyer-exterieur-au-gaz-tc36-de-town-and-country\/#breadcrumb\",\"itemListElement\":[{\"@type\":\"ListItem\",\"position\":1,\"name\":\"Accueil\",\"item\":\"https:\/\/www.belleflamme.ca\/fr\/\"},{\"@type\":\"ListItem\",\"position\":2,\"name\":\"Boutique\",\"item\":\"https:\/\/www.belleflamme.ca\/fr\/boutique\/\"},{\"@type\":\"ListItem\",\"position\":3,\"name\":\"BBQ &amp; Produits Ext\u00e9rieurs\",\"item\":\"https:\/\/staging.belleflamme.ca\/fr\/categories\/bbq-produits-exterieurs\/\"},{\"@type\":\"ListItem\",\"position\":4,\"name\":\"Foyers Ext\u00e9rieurs\",\"item\":\"https:\/\/staging.belleflamme.ca\/fr\/categories\/bbq-produits-exterieurs\/foyers-exterieurs\/\"},{\"@type\":\"ListItem\",\"position\":5,\"name\":\"Foyer ext\u00e9rieur au Gaz TC36 de Town and Country\"}]},{\"@type\":\"WebSite\",\"@id\":\"https:\/\/www.belleflamme.ca\/fr\/#website\",\"url\":\"https:\/\/www.belleflamme.ca\/fr\/\",\"name\":\"Groupe Belleflamme\",\"description\":\"La m\u00e9canique du b\u00e2timent dans le sang.\",\"publisher\":{\"@id\":\"https:\/\/www.belleflamme.ca\/fr\/#organization\"},\"potentialAction\":[{\"@type\":\"SearchAction\",\"target\":{\"@type\":\"EntryPoint\",\"urlTemplate\":\"https:\/\/www.belleflamme.ca\/fr\/?s={search_term_string}\"},\"query-input\":{\"@type\":\"PropertyValueSpecification\",\"valueRequired\":true,\"valueName\":\"search_term_string\"}}],\"inLanguage\":\"fr-FR\"},{\"@type\":[\"Organization\",\"Place\"],\"@id\":\"https:\/\/www.belleflamme.ca\/fr\/#organization\",\"name\":\"Groupe Belleflamme\",\"alternateName\":\"Belleflamme\",\"url\":\"https:\/\/www.belleflamme.ca\/fr\/\",\"logo\":{\"@type\":\"ImageObject\",\"inLanguage\":\"fr-FR\",\"@id\":\"https:\/\/www.belleflamme.ca\/fr\/#\/schema\/logo\/image\/\",\"url\":\"https:\/\/staging.belleflamme.ca\/wp-content\/uploads\/2023\/01\/og-image.jpg\",\"contentUrl\":\"https:\/\/staging.belleflamme.ca\/wp-content\/uploads\/2023\/01\/og-image.jpg\",\"width\":1200,\"height\":630,\"caption\":\"Groupe Belleflamme\"},\"image\":{\"@id\":\"https:\/\/www.belleflamme.ca\/fr\/#\/schema\/logo\/image\/\"},\"sameAs\":[\"https:\/\/www.facebook.com\/belleflamme.ca\/\",\"https:\/\/www.linkedin.com\/company\/belleflamme\/\",\"https:\/\/www.pinterest.ca\/groupebelleflamme\/\",\"https:\/\/www.instagram.com\/legroupebelleflamme\/\"],\"mainEntityOfPage\":{\"@id\":\"https:\/\/staging.belleflamme.ca\/fr\/produit\/foyer-exterieur-au-gaz-tc36-de-town-and-country\/\"}}]}<\/script>\n<meta property=\"product:brand\" content=\"Town &amp; Country\" \/>\n<meta property=\"product:price:amount\" content=\"7180.00\" \/>\n<meta property=\"product:price:currency\" content=\"CAD\" \/>\n<meta property=\"og:availability\" content=\"instock\" \/>\n<meta property=\"product:availability\" content=\"instock\" \/>\n<meta property=\"product:retailer_item_id\" content=\"22030029\" \/>\n<meta property=\"product:condition\" content=\"new\" \/>\n<!-- \/ Yoast SEO Premium plugin. -->","yoast_head_json":{"title":"Foyer ext\u00e9rieur au Gaz TC36 de Town and Country - Groupe BelleFlamme","description":"Foyer ext\u00e9rieur au Gaz TC36 de Town and Country vendu et install\u00e9 par le Groupe Belleflamme. Laval, Montr\u00e9al, Gatineau, Drummondville et Saint-Sauveur.","robots":{"index":"index","follow":"follow","max-snippet":"max-snippet:-1","max-image-preview":"max-image-preview:large","max-video-preview":"max-video-preview:-1"},"canonical":"https:\/\/staging.belleflamme.ca\/fr\/produit\/foyer-exterieur-au-gaz-tc36-de-town-and-country\/","og_locale":"fr_FR","og_type":"article","og_title":"Foyer ext\u00e9rieur au Gaz TC36 de Town and Country","og_description":"Foyer ext\u00e9rieur au Gaz TC36 de Town and Country vendu et install\u00e9 par le Groupe Belleflamme. Laval, Montr\u00e9al, Gatineau, Drummondville et Saint-Sauveur.","og_url":"https:\/\/staging.belleflamme.ca\/fr\/produit\/foyer-exterieur-au-gaz-tc36-de-town-and-country\/","og_site_name":"Groupe BelleFlamme","article_publisher":"https:\/\/www.facebook.com\/belleflamme.ca\/","article_modified_time":"2024-09-24T19:30:15+00:00","og_image":[{"width":1920,"height":1344,"url":"https:\/\/www.belleflamme.ca\/wp-content\/uploads\/2023\/11\/Foyer-exterieur-au-Gaz-TC36-de-Town-and-Country.jpg","type":"image\/jpeg"}],"twitter_card":"summary_large_image","twitter_misc":{"Prix":"&#36;7,180.00","Disponibilit\u00e9":"En stock"},"schema":{"@context":"https:\/\/schema.org","@graph":[{"@type":["WebPage","ItemPage"],"@id":"https:\/\/staging.belleflamme.ca\/fr\/produit\/foyer-exterieur-au-gaz-tc36-de-town-and-country\/","url":"https:\/\/staging.belleflamme.ca\/fr\/produit\/foyer-exterieur-au-gaz-tc36-de-town-and-country\/","name":"Foyer ext\u00e9rieur au Gaz TC36 de Town and Country - Groupe BelleFlamme","isPartOf":{"@id":"https:\/\/www.belleflamme.ca\/fr\/#website"},"primaryImageOfPage":{"@id":"https:\/\/staging.belleflamme.ca\/fr\/produit\/foyer-exterieur-au-gaz-tc36-de-town-and-country\/#primaryimage"},"image":{"@id":"https:\/\/staging.belleflamme.ca\/fr\/produit\/foyer-exterieur-au-gaz-tc36-de-town-and-country\/#primaryimage"},"thumbnailUrl":"https:\/\/staging.belleflamme.ca\/wp-content\/uploads\/2023\/11\/Foyer-exterieur-au-Gaz-TC36-de-Town-and-Country.jpg","datePublished":"2023-11-30T15:38:27+00:00","dateModified":"2024-09-24T19:30:15+00:00","description":"Foyer ext\u00e9rieur au Gaz TC36 de Town and Country [get_meta_en_fr]","breadcrumb":{"@id":"https:\/\/staging.belleflamme.ca\/fr\/produit\/foyer-exterieur-au-gaz-tc36-de-town-and-country\/#breadcrumb"},"inLanguage":"fr-FR","potentialAction":[{"@type":"ReadAction","target":["https:\/\/staging.belleflamme.ca\/fr\/produit\/foyer-exterieur-au-gaz-tc36-de-town-and-country\/"]}]},{"@type":"ImageObject","inLanguage":"fr-FR","@id":"https:\/\/staging.belleflamme.ca\/fr\/produit\/foyer-exterieur-au-gaz-tc36-de-town-and-country\/#primaryimage","url":"https:\/\/staging.belleflamme.ca\/wp-content\/uploads\/2023\/11\/Foyer-exterieur-au-Gaz-TC36-de-Town-and-Country.jpg","contentUrl":"https:\/\/staging.belleflamme.ca\/wp-content\/uploads\/2023\/11\/Foyer-exterieur-au-Gaz-TC36-de-Town-and-Country.jpg","width":1920,"height":1344,"caption":"Foyer ext\u00e9rieur au Gaz TC36 de Town and Country"},{"@type":"BreadcrumbList","@id":"https:\/\/staging.belleflamme.ca\/fr\/produit\/foyer-exterieur-au-gaz-tc36-de-town-and-country\/#breadcrumb","itemListElement":[{"@type":"ListItem","position":1,"name":"Accueil","item":"https:\/\/www.belleflamme.ca\/fr\/"},{"@type":"ListItem","position":2,"name":"Boutique","item":"https:\/\/www.belleflamme.ca\/fr\/boutique\/"},{"@type":"ListItem","position":3,"name":"BBQ &amp; Produits Ext\u00e9rieurs","item":"https:\/\/staging.belleflamme.ca\/fr\/categories\/bbq-produits-exterieurs\/"},{"@type":"ListItem","position":4,"name":"Foyers Ext\u00e9rieurs","item":"https:\/\/staging.belleflamme.ca\/fr\/categories\/bbq-produits-exterieurs\/foyers-exterieurs\/"},{"@type":"ListItem","position":5,"name":"Foyer ext\u00e9rieur au Gaz TC36 de Town and Country"}]},{"@type":"WebSite","@id":"https:\/\/www.belleflamme.ca\/fr\/#website","url":"https:\/\/www.belleflamme.ca\/fr\/","name":"Groupe Belleflamme","description":"La m\u00e9canique du b\u00e2timent dans le sang.","publisher":{"@id":"https:\/\/www.belleflamme.ca\/fr\/#organization"},"potentialAction":[{"@type":"SearchAction","target":{"@type":"EntryPoint","urlTemplate":"https:\/\/www.belleflamme.ca\/fr\/?s={search_term_string}"},"query-input":{"@type":"PropertyValueSpecification","valueRequired":true,"valueName":"search_term_string"}}],"inLanguage":"fr-FR"},{"@type":["Organization","Place"],"@id":"https:\/\/www.belleflamme.ca\/fr\/#organization","name":"Groupe Belleflamme","alternateName":"Belleflamme","url":"https:\/\/www.belleflamme.ca\/fr\/","logo":{"@type":"ImageObject","inLanguage":"fr-FR","@id":"https:\/\/www.belleflamme.ca\/fr\/#\/schema\/logo\/image\/","url":"https:\/\/staging.belleflamme.ca\/wp-content\/uploads\/2023\/01\/og-image.jpg","contentUrl":"https:\/\/staging.belleflamme.ca\/wp-content\/uploads\/2023\/01\/og-image.jpg","width":1200,"height":630,"caption":"Groupe Belleflamme"},"image":{"@id":"https:\/\/www.belleflamme.ca\/fr\/#\/schema\/logo\/image\/"},"sameAs":["https:\/\/www.facebook.com\/belleflamme.ca\/","https:\/\/www.linkedin.com\/company\/belleflamme\/","https:\/\/www.pinterest.ca\/groupebelleflamme\/","https:\/\/www.instagram.com\/legroupebelleflamme\/"],"mainEntityOfPage":{"@id":"https:\/\/staging.belleflamme.ca\/fr\/produit\/foyer-exterieur-au-gaz-tc36-de-town-and-country\/"}}]},"product_brand":"Town &amp; Country","product_price_amount":"7180.00","product_price_currency":"CAD","og_availability":"instock","product_availability":"instock","product_retailer_item_id":"22030029","product_condition":"new"},"_links":{"self":[{"href":"https:\/\/staging.belleflamme.ca\/fr\/wp-json\/wp\/v2\/product\/23875","targetHints":{"allow":["GET"]}}],"collection":[{"href":"https:\/\/staging.belleflamme.ca\/fr\/wp-json\/wp\/v2\/product"}],"about":[{"href":"https:\/\/staging.belleflamme.ca\/fr\/wp-json\/wp\/v2\/types\/product"}],"version-history":[{"count":5,"href":"https:\/\/staging.belleflamme.ca\/fr\/wp-json\/wp\/v2\/product\/23875\/revisions"}],"predecessor-version":[{"id":43261,"href":"https:\/\/staging.belleflamme.ca\/fr\/wp-json\/wp\/v2\/product\/23875\/revisions\/43261"}],"wp:featuredmedia":[{"embeddable":true,"href":"https:\/\/staging.belleflamme.ca\/fr\/wp-json\/wp\/v2\/media\/23878"}],"wp:attachment":[{"href":"https:\/\/staging.belleflamme.ca\/fr\/wp-json\/wp\/v2\/media?parent=23875"}],"wp:term":[{"taxonomy":"product_brand","embeddable":true,"href":"https:\/\/staging.belleflamme.ca\/fr\/wp-json\/wp\/v2\/product_brand?post=23875"},{"taxonomy":"product_cat","embeddable":true,"href":"https:\/\/staging.belleflamme.ca\/fr\/wp-json\/wp\/v2\/product_cat?post=23875"},{"taxonomy":"product_tag","embeddable":true,"href":"https:\/\/staging.belleflamme.ca\/fr\/wp-json\/wp\/v2\/product_tag?post=23875"}],"curies":[{"name":"wp","href":"https:\/\/api.w.org\/{rel}","templated":true}]}}