{"id":23858,"date":"2023-11-30T10:26:32","date_gmt":"2023-11-30T15:26:32","guid":{"rendered":"https:\/\/www.belleflamme.ca\/?post_type=product&#038;p=23858"},"modified":"2024-09-24T15:38:05","modified_gmt":"2024-09-24T19:38:05","slug":"foyer-transparent-interieur-exterieur-au-gaz-ws54st-de-town-and-country","status":"publish","type":"product","link":"https:\/\/staging.belleflamme.ca\/fr\/produit\/foyer-transparent-interieur-exterieur-au-gaz-ws54st-de-town-and-country\/","title":{"rendered":"Foyer Transparent Int\u00e9rieur\/Ext\u00e9rieur au Gaz WS54ST de Town and Country"},"content":{"rendered":"\t\t<div data-elementor-type=\"product-post\" data-elementor-id=\"23858\" class=\"elementor elementor-23858\" data-elementor-post-type=\"product\">\n\t\t\t\t\t\t<section class=\"elementor-section elementor-top-section elementor-element elementor-element-4cd0dc8f elementor-section-boxed elementor-section-height-default elementor-section-height-default\" data-id=\"4cd0dc8f\" data-element_type=\"section\">\n\t\t\t\t\t\t<div class=\"elementor-container elementor-column-gap-default\">\n\t\t\t\t\t<div class=\"elementor-column elementor-col-100 elementor-top-column elementor-element elementor-element-15015a2a\" data-id=\"15015a2a\" data-element_type=\"column\">\n\t\t\t<div class=\"elementor-widget-wrap elementor-element-populated\">\n\t\t\t\t\t\t<div class=\"elementor-element elementor-element-7a38f24a elementor-widget elementor-widget-text-editor\" data-id=\"7a38f24a\" data-element_type=\"widget\" data-widget_type=\"text-editor.default\">\n\t\t\t\t<div class=\"elementor-widget-container\">\n\t\t\t\t\t\t\t\t\t<h2><span>PERFORMANCE ULTIME, \u00c0 L&#8217;INT\u00c9RIEUR COMME \u00c0 L&#8217;EXT\u00c9RIEUR<\/span><\/h2>\r\n<span>Une d\u00e9claration architecturale saisissante, notre foyer int\u00e9rieur-ext\u00e9rieur WS54 See-Thru \u00e9l\u00e8ve la vie en plein air \u00e0 un nouveau niveau luxueux.\u00a0La face transparente agrandit votre espace de vie, invitant l&#8217;ext\u00e9rieur \u00e0 l&#8217;int\u00e9rieur et permettant d&#8217;en profiter en toute saison. De g\u00e9n\u00e9reuses flammes pleines\u00a0sont prot\u00e9g\u00e9es par une vitre en c\u00e9ramique qui dispara\u00eet, insensible aux \u00e9l\u00e9ments.<\/span>\r\n<h2 class=\"header\"><span>CARACT\u00c9RISTIQUES DU WS54ST INT\u00c9RIEUR-EXT\u00c9RIEUR<\/span><\/h2>\r\n<ul class=\"list-wrap\">\r\n \t<li class=\"list-item col-1\"><span class=\"content\"><span>Format grand \u00e9cran \u00e9tendu avec un \u00e9norme verre en c\u00e9ramique qui dispara\u00eet<\/span><\/span><\/li>\r\n \t<li class=\"list-item col-1\"><span class=\"content\"><span>Technologie de verre froid, ext\u00e9rieur<\/span><\/span><\/li>\r\n \t<li class=\"list-item col-1\"><span class=\"content\"><span>Encadrement ext\u00e9rieur en acier inoxydable 316 de qualit\u00e9 marine<\/span><\/span><\/li>\r\n \t<li class=\"list-item col-1\"><span class=\"content\"><span>\u00c9cran de s\u00e9curit\u00e9 en micro-maille int\u00e9gr\u00e9, int\u00e9rieur<\/span><\/span><\/li>\r\n \t<li class=\"list-item col-1\"><span class=\"content\"><span>Panneaux en porcelaine r\u00e9fl\u00e9chissante noire, marron grain de caf\u00e9, cuivre ou titane<\/span><\/span><\/li>\r\n \t<li class=\"list-item col-1\"><span class=\"content\"><span>\u00c9clairage int\u00e9rieur a\u00e9rien \u00e0 LED<\/span><\/span><\/li>\r\n \t<li class=\"list-item col-1\"><span class=\"content\"><span>Gaz naturel ou propane<\/span><\/span><\/li>\r\n \t<li class=\"list-item col-1\"><span class=\"content\"><span>Mat\u00e9riaux et construction sup\u00e9rieurs<\/span><\/span><\/li>\r\n \t<li class=\"list-item col-1\"><span class=\"content\"><span>Compatible avec le syst\u00e8me de contr\u00f4le de maison intelligente<\/span><\/span><\/li>\r\n \t<li class=\"list-item col-1\"><span class=\"content\"><span>Le syst\u00e8me de mur pr\u00e9fabriqu\u00e9 comprend un mur ext\u00e9rieur \u00e0 colombages en acier isol\u00e9 avec un panneau mural pr\u00e9-mont\u00e9 et un solin install\u00e9 en usine.<\/span><\/span><\/li>\r\n \t<li class=\"list-item col-1\"><span class=\"content\"><span>Surface de visualisation totale en pouces carr\u00e9s\u00a0: 748<\/span><\/span><\/li>\r\n \t<li class=\"list-item col-1\"><span class=\"content\"><span>Entr\u00e9e BTU NG\/LP\u00a0: 61\u00a0000 haut, 39\u00a0000 bas<\/span><\/span><\/li>\r\n \t<li class=\"list-item col-1\"><span class=\"content\"><span>Efficacit\u00e9 30,7\u00a0% (bas\u00e9 sur CPSA P.4.1-15)<\/span><\/span><\/li>\r\n<\/ul>\t\t\t\t\t\t\t\t<\/div>\n\t\t\t\t<\/div>\n\t\t\t\t\t<\/div>\n\t\t<\/div>\n\t\t\t\t\t<\/div>\n\t\t<\/section>\n\t\t\t\t<section class=\"elementor-section elementor-top-section elementor-element elementor-element-8131bd8 elementor-section-boxed elementor-section-height-default elementor-section-height-default\" data-id=\"8131bd8\" data-element_type=\"section\">\n\t\t\t\t\t\t<div class=\"elementor-container elementor-column-gap-default\">\n\t\t\t\t\t<div class=\"elementor-column elementor-col-100 elementor-top-column elementor-element elementor-element-e61907d\" data-id=\"e61907d\" data-element_type=\"column\">\n\t\t\t<div class=\"elementor-widget-wrap elementor-element-populated\">\n\t\t\t\t\t\t<div class=\"elementor-element elementor-element-7d93804 elementor-tabs-view-horizontal elementor-widget elementor-widget-tabs\" data-id=\"7d93804\" data-element_type=\"widget\" data-widget_type=\"tabs.default\">\n\t\t\t\t<div class=\"elementor-widget-container\">\n\t\t\t\t\t\t\t<div class=\"elementor-tabs\">\n\t\t\t<div class=\"elementor-tabs-wrapper\" role=\"tablist\" >\n\t\t\t\t\t\t\t\t\t<div id=\"elementor-tab-title-1311\" class=\"elementor-tab-title elementor-tab-desktop-title\" aria-selected=\"true\" data-tab=\"1\" role=\"tab\" tabindex=\"0\" aria-controls=\"elementor-tab-content-1311\" aria-expanded=\"false\">Fichiers<\/div>\n\t\t\t\t\t\t\t<\/div>\n\t\t\t<div class=\"elementor-tabs-content-wrapper\" role=\"tablist\" aria-orientation=\"vertical\">\n\t\t\t\t\t\t\t\t\t<div class=\"elementor-tab-title elementor-tab-mobile-title\" aria-selected=\"true\" data-tab=\"1\" role=\"tab\" tabindex=\"0\" aria-controls=\"elementor-tab-content-1311\" aria-expanded=\"false\">Fichiers<\/div>\n\t\t\t\t\t<div id=\"elementor-tab-content-1311\" class=\"elementor-tab-content elementor-clearfix\" data-tab=\"1\" role=\"tabpanel\" aria-labelledby=\"elementor-tab-title-1311\" tabindex=\"0\" hidden=\"false\"><i class=\"far fa-file-pdf fa-xl\" style=\"font-size:35px\"><\/i><a href=\"https:\/\/www.belleflamme.ca\/wp-content\/uploads\/2023\/11\/2018-WS54STIO-Spec-Sheet.pdf\"> Sp\u00e9cifications<\/a><\/br>\n<i class=\"far fa-file-pdf fa-xl\" style=\"font-size:35px\"><\/i><a href=\"https:\/\/www.belleflamme.ca\/wp-content\/uploads\/2023\/11\/100005203_Installation_TCWS54STOK-D_080923-56.pdf\"> Installation<\/a><\/br>\n<\/div>\n\t\t\t\t\t\t\t<\/div>\n\t\t<\/div>\n\t\t\t\t\t\t<\/div>\n\t\t\t\t<\/div>\n\t\t\t\t\t<\/div>\n\t\t<\/div>\n\t\t\t\t\t<\/div>\n\t\t<\/section>\n\t\t\t\t<\/div>\n\t\t","protected":false},"excerpt":{"rendered":"<p>PERFORMANCE ULTIME, \u00c0 L&#8217;INT\u00c9RIEUR COMME \u00c0 L&#8217;EXT\u00c9RIEUR Une d\u00e9claration architecturale saisissante, notre foyer int\u00e9rieur-ext\u00e9rieur WS54 See-Thru \u00e9l\u00e8ve la vie en plein air \u00e0 un nouveau niveau luxueux.\u00a0La face transparente agrandit votre espace de vie, invitant l&#8217;ext\u00e9rieur \u00e0 l&#8217;int\u00e9rieur et permettant d&#8217;en profiter en toute saison. De g\u00e9n\u00e9reuses flammes pleines\u00a0sont prot\u00e9g\u00e9es par une vitre en c\u00e9ramique [&hellip;]<\/p>\n","protected":false},"featured_media":23859,"template":"","meta":{"inline_featured_image":false},"product_brand":[220],"product_cat":[113,119,33,35,37],"product_tag":[],"class_list":{"0":"post-23858","1":"product","2":"type-product","3":"status-publish","4":"has-post-thumbnail","6":"product_brand-town-and-country","7":"product_cat-bbq-produits-exterieurs","8":"product_cat-foyers-exterieurs","9":"product_cat-poeles-et-foyers","10":"product_cat-poeles-foyer-au-gaz","11":"product_cat-foyer-au-gaz","13":"first","14":"instock","15":"taxable","16":"shipping-taxable","17":"purchasable","18":"product-type-simple"},"yoast_head":"<!-- This site is optimized with the Yoast SEO Premium plugin v24.2 (Yoast SEO v24.2) - https:\/\/yoast.com\/wordpress\/plugins\/seo\/ -->\n<title>Foyer Transparent Int\u00e9rieur\/Ext\u00e9rieur au Gaz WS54ST de Town and Country - Groupe BelleFlamme<\/title>\n<meta name=\"description\" content=\"Foyer Transparent Int\u00e9rieur\/Ext\u00e9rieur au Gaz WS54ST de Town and Country vendu et install\u00e9 par le Groupe Belleflamme. Laval, Montr\u00e9al, Gatineau, Drummondville et Saint-Sauveur.\" \/>\n<meta name=\"robots\" content=\"index, follow, max-snippet:-1, max-image-preview:large, max-video-preview:-1\" \/>\n<link rel=\"canonical\" href=\"https:\/\/staging.belleflamme.ca\/fr\/produit\/foyer-transparent-interieur-exterieur-au-gaz-ws54st-de-town-and-country\/\" \/>\n<meta property=\"og:locale\" content=\"fr_FR\" \/>\n<meta property=\"og:type\" content=\"article\" \/>\n<meta property=\"og:title\" content=\"Foyer Transparent Int\u00e9rieur\/Ext\u00e9rieur au Gaz WS54ST de Town and Country\" \/>\n<meta property=\"og:description\" content=\"Foyer Transparent Int\u00e9rieur\/Ext\u00e9rieur au Gaz WS54ST de Town and Country vendu et install\u00e9 par le Groupe Belleflamme. Laval, Montr\u00e9al, Gatineau, Drummondville et Saint-Sauveur.\" \/>\n<meta property=\"og:url\" content=\"https:\/\/staging.belleflamme.ca\/fr\/produit\/foyer-transparent-interieur-exterieur-au-gaz-ws54st-de-town-and-country\/\" \/>\n<meta property=\"og:site_name\" content=\"Groupe BelleFlamme\" \/>\n<meta property=\"article:publisher\" content=\"https:\/\/www.facebook.com\/belleflamme.ca\/\" \/>\n<meta property=\"article:modified_time\" content=\"2024-09-24T19:38:05+00:00\" \/>\n<meta property=\"og:image\" content=\"https:\/\/www.belleflamme.ca\/wp-content\/uploads\/2023\/11\/Foyer-Transparent-Interieur-Exterieur-au-Gaz-WS54ST-de-Town-and-Country.jpg\" \/>\n\t<meta property=\"og:image:width\" content=\"1920\" \/>\n\t<meta property=\"og:image:height\" content=\"1279\" \/>\n\t<meta property=\"og:image:type\" content=\"image\/jpeg\" \/>\n<meta name=\"twitter:card\" content=\"summary_large_image\" \/>\n<meta name=\"twitter:label1\" content=\"Prix\" \/>\n\t<meta name=\"twitter:data1\" content=\"&#036;15,650.00\" \/>\n\t<meta name=\"twitter:label2\" content=\"Disponibilit\u00e9\" \/>\n\t<meta name=\"twitter:data2\" content=\"En stock\" \/>\n<script type=\"application\/ld+json\" class=\"yoast-schema-graph\">{\"@context\":\"https:\/\/schema.org\",\"@graph\":[{\"@type\":[\"WebPage\",\"ItemPage\"],\"@id\":\"https:\/\/staging.belleflamme.ca\/fr\/produit\/foyer-transparent-interieur-exterieur-au-gaz-ws54st-de-town-and-country\/\",\"url\":\"https:\/\/staging.belleflamme.ca\/fr\/produit\/foyer-transparent-interieur-exterieur-au-gaz-ws54st-de-town-and-country\/\",\"name\":\"Foyer Transparent Int\u00e9rieur\/Ext\u00e9rieur au Gaz WS54ST de Town and Country - Groupe BelleFlamme\",\"isPartOf\":{\"@id\":\"https:\/\/www.belleflamme.ca\/fr\/#website\"},\"primaryImageOfPage\":{\"@id\":\"https:\/\/staging.belleflamme.ca\/fr\/produit\/foyer-transparent-interieur-exterieur-au-gaz-ws54st-de-town-and-country\/#primaryimage\"},\"image\":{\"@id\":\"https:\/\/staging.belleflamme.ca\/fr\/produit\/foyer-transparent-interieur-exterieur-au-gaz-ws54st-de-town-and-country\/#primaryimage\"},\"thumbnailUrl\":\"https:\/\/staging.belleflamme.ca\/wp-content\/uploads\/2023\/11\/Foyer-Transparent-Interieur-Exterieur-au-Gaz-WS54ST-de-Town-and-Country.jpg\",\"datePublished\":\"2023-11-30T15:26:32+00:00\",\"dateModified\":\"2024-09-24T19:38:05+00:00\",\"description\":\"Foyer Transparent Int\u00e9rieur\/Ext\u00e9rieur au Gaz WS54ST de Town and Country [get_meta_en_fr]\",\"breadcrumb\":{\"@id\":\"https:\/\/staging.belleflamme.ca\/fr\/produit\/foyer-transparent-interieur-exterieur-au-gaz-ws54st-de-town-and-country\/#breadcrumb\"},\"inLanguage\":\"fr-FR\",\"potentialAction\":[{\"@type\":\"ReadAction\",\"target\":[\"https:\/\/staging.belleflamme.ca\/fr\/produit\/foyer-transparent-interieur-exterieur-au-gaz-ws54st-de-town-and-country\/\"]}]},{\"@type\":\"ImageObject\",\"inLanguage\":\"fr-FR\",\"@id\":\"https:\/\/staging.belleflamme.ca\/fr\/produit\/foyer-transparent-interieur-exterieur-au-gaz-ws54st-de-town-and-country\/#primaryimage\",\"url\":\"https:\/\/staging.belleflamme.ca\/wp-content\/uploads\/2023\/11\/Foyer-Transparent-Interieur-Exterieur-au-Gaz-WS54ST-de-Town-and-Country.jpg\",\"contentUrl\":\"https:\/\/staging.belleflamme.ca\/wp-content\/uploads\/2023\/11\/Foyer-Transparent-Interieur-Exterieur-au-Gaz-WS54ST-de-Town-and-Country.jpg\",\"width\":1920,\"height\":1279,\"caption\":\"Foyer Transparent Int\u00e9rieur\/Ext\u00e9rieur au Gaz WS54ST de Town and Country\"},{\"@type\":\"BreadcrumbList\",\"@id\":\"https:\/\/staging.belleflamme.ca\/fr\/produit\/foyer-transparent-interieur-exterieur-au-gaz-ws54st-de-town-and-country\/#breadcrumb\",\"itemListElement\":[{\"@type\":\"ListItem\",\"position\":1,\"name\":\"Accueil\",\"item\":\"https:\/\/www.belleflamme.ca\/fr\/\"},{\"@type\":\"ListItem\",\"position\":2,\"name\":\"Boutique\",\"item\":\"https:\/\/www.belleflamme.ca\/fr\/boutique\/\"},{\"@type\":\"ListItem\",\"position\":3,\"name\":\"Po\u00eales &amp; Foyers\",\"item\":\"https:\/\/staging.belleflamme.ca\/fr\/categories\/poeles-et-foyers\/\"},{\"@type\":\"ListItem\",\"position\":4,\"name\":\"Po\u00eale &amp; Foyer au Gaz\",\"item\":\"https:\/\/staging.belleflamme.ca\/fr\/categories\/poeles-et-foyers\/poeles-foyer-au-gaz\/\"},{\"@type\":\"ListItem\",\"position\":5,\"name\":\"Foyer au Gaz\",\"item\":\"https:\/\/staging.belleflamme.ca\/fr\/categories\/poeles-et-foyers\/poeles-foyer-au-gaz\/foyer-au-gaz\/\"},{\"@type\":\"ListItem\",\"position\":6,\"name\":\"Foyer Transparent Int\u00e9rieur\/Ext\u00e9rieur au Gaz WS54ST de Town and Country\"}]},{\"@type\":\"WebSite\",\"@id\":\"https:\/\/www.belleflamme.ca\/fr\/#website\",\"url\":\"https:\/\/www.belleflamme.ca\/fr\/\",\"name\":\"Groupe Belleflamme\",\"description\":\"La m\u00e9canique du b\u00e2timent dans le sang.\",\"publisher\":{\"@id\":\"https:\/\/www.belleflamme.ca\/fr\/#organization\"},\"potentialAction\":[{\"@type\":\"SearchAction\",\"target\":{\"@type\":\"EntryPoint\",\"urlTemplate\":\"https:\/\/www.belleflamme.ca\/fr\/?s={search_term_string}\"},\"query-input\":{\"@type\":\"PropertyValueSpecification\",\"valueRequired\":true,\"valueName\":\"search_term_string\"}}],\"inLanguage\":\"fr-FR\"},{\"@type\":[\"Organization\",\"Place\"],\"@id\":\"https:\/\/www.belleflamme.ca\/fr\/#organization\",\"name\":\"Groupe Belleflamme\",\"alternateName\":\"Belleflamme\",\"url\":\"https:\/\/www.belleflamme.ca\/fr\/\",\"logo\":{\"@type\":\"ImageObject\",\"inLanguage\":\"fr-FR\",\"@id\":\"https:\/\/www.belleflamme.ca\/fr\/#\/schema\/logo\/image\/\",\"url\":\"https:\/\/staging.belleflamme.ca\/wp-content\/uploads\/2023\/01\/og-image.jpg\",\"contentUrl\":\"https:\/\/staging.belleflamme.ca\/wp-content\/uploads\/2023\/01\/og-image.jpg\",\"width\":1200,\"height\":630,\"caption\":\"Groupe Belleflamme\"},\"image\":{\"@id\":\"https:\/\/www.belleflamme.ca\/fr\/#\/schema\/logo\/image\/\"},\"sameAs\":[\"https:\/\/www.facebook.com\/belleflamme.ca\/\",\"https:\/\/www.linkedin.com\/company\/belleflamme\/\",\"https:\/\/www.pinterest.ca\/groupebelleflamme\/\",\"https:\/\/www.instagram.com\/legroupebelleflamme\/\"],\"mainEntityOfPage\":{\"@id\":\"https:\/\/staging.belleflamme.ca\/fr\/produit\/foyer-transparent-interieur-exterieur-au-gaz-ws54st-de-town-and-country\/\"}}]}<\/script>\n<meta property=\"product:brand\" content=\"Town &amp; Country\" \/>\n<meta property=\"product:price:amount\" content=\"15650.00\" \/>\n<meta property=\"product:price:currency\" content=\"CAD\" \/>\n<meta property=\"og:availability\" content=\"instock\" \/>\n<meta property=\"product:availability\" content=\"instock\" \/>\n<meta property=\"product:retailer_item_id\" content=\"22030013\" \/>\n<meta property=\"product:condition\" content=\"new\" \/>\n<!-- \/ Yoast SEO Premium plugin. -->","yoast_head_json":{"title":"Foyer Transparent Int\u00e9rieur\/Ext\u00e9rieur au Gaz WS54ST de Town and Country - Groupe BelleFlamme","description":"Foyer Transparent Int\u00e9rieur\/Ext\u00e9rieur au Gaz WS54ST de Town and Country vendu et install\u00e9 par le Groupe Belleflamme. Laval, Montr\u00e9al, Gatineau, Drummondville et Saint-Sauveur.","robots":{"index":"index","follow":"follow","max-snippet":"max-snippet:-1","max-image-preview":"max-image-preview:large","max-video-preview":"max-video-preview:-1"},"canonical":"https:\/\/staging.belleflamme.ca\/fr\/produit\/foyer-transparent-interieur-exterieur-au-gaz-ws54st-de-town-and-country\/","og_locale":"fr_FR","og_type":"article","og_title":"Foyer Transparent Int\u00e9rieur\/Ext\u00e9rieur au Gaz WS54ST de Town and Country","og_description":"Foyer Transparent Int\u00e9rieur\/Ext\u00e9rieur au Gaz WS54ST de Town and Country vendu et install\u00e9 par le Groupe Belleflamme. Laval, Montr\u00e9al, Gatineau, Drummondville et Saint-Sauveur.","og_url":"https:\/\/staging.belleflamme.ca\/fr\/produit\/foyer-transparent-interieur-exterieur-au-gaz-ws54st-de-town-and-country\/","og_site_name":"Groupe BelleFlamme","article_publisher":"https:\/\/www.facebook.com\/belleflamme.ca\/","article_modified_time":"2024-09-24T19:38:05+00:00","og_image":[{"width":1920,"height":1279,"url":"https:\/\/www.belleflamme.ca\/wp-content\/uploads\/2023\/11\/Foyer-Transparent-Interieur-Exterieur-au-Gaz-WS54ST-de-Town-and-Country.jpg","type":"image\/jpeg"}],"twitter_card":"summary_large_image","twitter_misc":{"Prix":"&#36;15,650.00","Disponibilit\u00e9":"En stock"},"schema":{"@context":"https:\/\/schema.org","@graph":[{"@type":["WebPage","ItemPage"],"@id":"https:\/\/staging.belleflamme.ca\/fr\/produit\/foyer-transparent-interieur-exterieur-au-gaz-ws54st-de-town-and-country\/","url":"https:\/\/staging.belleflamme.ca\/fr\/produit\/foyer-transparent-interieur-exterieur-au-gaz-ws54st-de-town-and-country\/","name":"Foyer Transparent Int\u00e9rieur\/Ext\u00e9rieur au Gaz WS54ST de Town and Country - Groupe BelleFlamme","isPartOf":{"@id":"https:\/\/www.belleflamme.ca\/fr\/#website"},"primaryImageOfPage":{"@id":"https:\/\/staging.belleflamme.ca\/fr\/produit\/foyer-transparent-interieur-exterieur-au-gaz-ws54st-de-town-and-country\/#primaryimage"},"image":{"@id":"https:\/\/staging.belleflamme.ca\/fr\/produit\/foyer-transparent-interieur-exterieur-au-gaz-ws54st-de-town-and-country\/#primaryimage"},"thumbnailUrl":"https:\/\/staging.belleflamme.ca\/wp-content\/uploads\/2023\/11\/Foyer-Transparent-Interieur-Exterieur-au-Gaz-WS54ST-de-Town-and-Country.jpg","datePublished":"2023-11-30T15:26:32+00:00","dateModified":"2024-09-24T19:38:05+00:00","description":"Foyer Transparent Int\u00e9rieur\/Ext\u00e9rieur au Gaz WS54ST de Town and Country [get_meta_en_fr]","breadcrumb":{"@id":"https:\/\/staging.belleflamme.ca\/fr\/produit\/foyer-transparent-interieur-exterieur-au-gaz-ws54st-de-town-and-country\/#breadcrumb"},"inLanguage":"fr-FR","potentialAction":[{"@type":"ReadAction","target":["https:\/\/staging.belleflamme.ca\/fr\/produit\/foyer-transparent-interieur-exterieur-au-gaz-ws54st-de-town-and-country\/"]}]},{"@type":"ImageObject","inLanguage":"fr-FR","@id":"https:\/\/staging.belleflamme.ca\/fr\/produit\/foyer-transparent-interieur-exterieur-au-gaz-ws54st-de-town-and-country\/#primaryimage","url":"https:\/\/staging.belleflamme.ca\/wp-content\/uploads\/2023\/11\/Foyer-Transparent-Interieur-Exterieur-au-Gaz-WS54ST-de-Town-and-Country.jpg","contentUrl":"https:\/\/staging.belleflamme.ca\/wp-content\/uploads\/2023\/11\/Foyer-Transparent-Interieur-Exterieur-au-Gaz-WS54ST-de-Town-and-Country.jpg","width":1920,"height":1279,"caption":"Foyer Transparent Int\u00e9rieur\/Ext\u00e9rieur au Gaz WS54ST de Town and Country"},{"@type":"BreadcrumbList","@id":"https:\/\/staging.belleflamme.ca\/fr\/produit\/foyer-transparent-interieur-exterieur-au-gaz-ws54st-de-town-and-country\/#breadcrumb","itemListElement":[{"@type":"ListItem","position":1,"name":"Accueil","item":"https:\/\/www.belleflamme.ca\/fr\/"},{"@type":"ListItem","position":2,"name":"Boutique","item":"https:\/\/www.belleflamme.ca\/fr\/boutique\/"},{"@type":"ListItem","position":3,"name":"Po\u00eales &amp; Foyers","item":"https:\/\/staging.belleflamme.ca\/fr\/categories\/poeles-et-foyers\/"},{"@type":"ListItem","position":4,"name":"Po\u00eale &amp; Foyer au Gaz","item":"https:\/\/staging.belleflamme.ca\/fr\/categories\/poeles-et-foyers\/poeles-foyer-au-gaz\/"},{"@type":"ListItem","position":5,"name":"Foyer au Gaz","item":"https:\/\/staging.belleflamme.ca\/fr\/categories\/poeles-et-foyers\/poeles-foyer-au-gaz\/foyer-au-gaz\/"},{"@type":"ListItem","position":6,"name":"Foyer Transparent Int\u00e9rieur\/Ext\u00e9rieur au Gaz WS54ST de Town and Country"}]},{"@type":"WebSite","@id":"https:\/\/www.belleflamme.ca\/fr\/#website","url":"https:\/\/www.belleflamme.ca\/fr\/","name":"Groupe Belleflamme","description":"La m\u00e9canique du b\u00e2timent dans le sang.","publisher":{"@id":"https:\/\/www.belleflamme.ca\/fr\/#organization"},"potentialAction":[{"@type":"SearchAction","target":{"@type":"EntryPoint","urlTemplate":"https:\/\/www.belleflamme.ca\/fr\/?s={search_term_string}"},"query-input":{"@type":"PropertyValueSpecification","valueRequired":true,"valueName":"search_term_string"}}],"inLanguage":"fr-FR"},{"@type":["Organization","Place"],"@id":"https:\/\/www.belleflamme.ca\/fr\/#organization","name":"Groupe Belleflamme","alternateName":"Belleflamme","url":"https:\/\/www.belleflamme.ca\/fr\/","logo":{"@type":"ImageObject","inLanguage":"fr-FR","@id":"https:\/\/www.belleflamme.ca\/fr\/#\/schema\/logo\/image\/","url":"https:\/\/staging.belleflamme.ca\/wp-content\/uploads\/2023\/01\/og-image.jpg","contentUrl":"https:\/\/staging.belleflamme.ca\/wp-content\/uploads\/2023\/01\/og-image.jpg","width":1200,"height":630,"caption":"Groupe Belleflamme"},"image":{"@id":"https:\/\/www.belleflamme.ca\/fr\/#\/schema\/logo\/image\/"},"sameAs":["https:\/\/www.facebook.com\/belleflamme.ca\/","https:\/\/www.linkedin.com\/company\/belleflamme\/","https:\/\/www.pinterest.ca\/groupebelleflamme\/","https:\/\/www.instagram.com\/legroupebelleflamme\/"],"mainEntityOfPage":{"@id":"https:\/\/staging.belleflamme.ca\/fr\/produit\/foyer-transparent-interieur-exterieur-au-gaz-ws54st-de-town-and-country\/"}}]},"product_brand":"Town &amp; Country","product_price_amount":"15650.00","product_price_currency":"CAD","og_availability":"instock","product_availability":"instock","product_retailer_item_id":"22030013","product_condition":"new"},"_links":{"self":[{"href":"https:\/\/staging.belleflamme.ca\/fr\/wp-json\/wp\/v2\/product\/23858","targetHints":{"allow":["GET"]}}],"collection":[{"href":"https:\/\/staging.belleflamme.ca\/fr\/wp-json\/wp\/v2\/product"}],"about":[{"href":"https:\/\/staging.belleflamme.ca\/fr\/wp-json\/wp\/v2\/types\/product"}],"version-history":[{"count":5,"href":"https:\/\/staging.belleflamme.ca\/fr\/wp-json\/wp\/v2\/product\/23858\/revisions"}],"predecessor-version":[{"id":43267,"href":"https:\/\/staging.belleflamme.ca\/fr\/wp-json\/wp\/v2\/product\/23858\/revisions\/43267"}],"wp:featuredmedia":[{"embeddable":true,"href":"https:\/\/staging.belleflamme.ca\/fr\/wp-json\/wp\/v2\/media\/23859"}],"wp:attachment":[{"href":"https:\/\/staging.belleflamme.ca\/fr\/wp-json\/wp\/v2\/media?parent=23858"}],"wp:term":[{"taxonomy":"product_brand","embeddable":true,"href":"https:\/\/staging.belleflamme.ca\/fr\/wp-json\/wp\/v2\/product_brand?post=23858"},{"taxonomy":"product_cat","embeddable":true,"href":"https:\/\/staging.belleflamme.ca\/fr\/wp-json\/wp\/v2\/product_cat?post=23858"},{"taxonomy":"product_tag","embeddable":true,"href":"https:\/\/staging.belleflamme.ca\/fr\/wp-json\/wp\/v2\/product_tag?post=23858"}],"curies":[{"name":"wp","href":"https:\/\/api.w.org\/{rel}","templated":true}]}}